{"id":398718,"date":"2024-05-27T14:54:48","date_gmt":"2024-05-27T13:54:48","guid":{"rendered":"https:\/\/www.purejewels.com\/?post_type=product&#038;p=398718"},"modified":"2026-04-28T13:15:33","modified_gmt":"2026-04-28T12:15:33","slug":"kugel-ohrstecker-aus-22-karat-gold-mit-sicherem-druckknopf","status":"publish","type":"product","link":"https:\/\/www.purejewels.com\/de\/product\/22ct-gold-ball-stud-earring-with-secure-push-back\/","title":{"rendered":"22ct Gold Runde Ohrstecker - Push Back"},"content":{"rendered":"<p>Werten Sie Ihre Schmuckkollektion mit unseren zeitlosen Kugelohrsteckern aus 22 Karat Gold auf. Jeder Ohrring ist aus luxuri\u00f6sem Hochglanzgold gefertigt und verf\u00fcgt \u00fcber eine glatte, perfekt kugelf\u00f6rmige Perle, die Schlichtheit und Raffinesse verk\u00f6rpert. Die Ohrringe sind mit einem zuverl\u00e4ssigen Schraubverschluss ausgestattet, der f\u00fcr Komfort und Sicherheit sorgt und einen sicheren Sitz im Alltag oder bei besonderen Anl\u00e4ssen gew\u00e4hrleistet. In sorgf\u00e4ltiger Handarbeit von erfahrenen Kunsthandwerkern gefertigt, strahlen sie Eleganz aus und zelebrieren gleichzeitig traditionelle Handwerkskunst. Diese vielseitigen Ohrringe sind ideal zum Verschenken oder f\u00fcr sich selbst. Sie sind ein modernes Essential, das sowohl moderne als auch traditionelle Stile nahtlos erg\u00e4nzt.<\/p>","protected":false},"excerpt":{"rendered":"<p>Kugelohrstecker aus 22 Karat Gold, sicherer Schraubverschluss, handgefertigte Goldohrringe, luxuri\u00f6ser Goldschmuck, schlichte Goldohrringe, klassische Goldohrstecker, traditionelle Handwerkskunst.<\/p>\n<ul>\n<li><strong>Material:<\/strong> 22ct Gold (91,6% reines Gold)<\/li>\n<li><strong>Wahrzeichen: <\/strong>Britisches G\u00fctesiegel<\/li>\n<li><strong>Bruttogewicht: <\/strong>1,6 Gramm<\/li>\n<li><strong>SKU: <\/strong>51950<\/li>\n<li><strong>Durchmesser:<\/strong> 5 mm<\/li>\n<\/ul>\n<p><strong><br \/>\nPreis und Lieferung: <\/strong>Inklusive Mehrwertsteuer und Lieferkosten<br \/>\n<strong><a href=\"https:\/\/www.purejewels.com\/de\/ruckgabepolitik\/\">R\u00fcckgabepolitik<\/a><\/strong><\/p>","protected":false},"featured_media":404364,"comment_status":"closed","ping_status":"closed","template":"","meta":{"_eb_attr":"","_crsspst_to_jayantr4sg-hostcom":true},"product_brand":[],"product_cat":[1559,1793,1792,1790,1254,1229,5343,1577,1575,1574,5349],"product_tag":[5933,5922,66],"class_list":{"0":"post-398718","1":"product","2":"type-product","3":"status-publish","4":"has-post-thumbnail","6":"product_cat-birthday-gifts","7":"product_cat-diwali-gifts","8":"product_cat-festival-gifts","9":"product_cat-for-whom-when","10":"product_cat-gold-earrings","11":"product_cat-22ct-gold-jewellery","12":"product_cat-jewellery-under-550","13":"product_cat-stud-earrings","14":"product_cat-teenage-jewellery","15":"product_cat-womens-jewellery","16":"product_cat-yellow-gold-jewellery","17":"product_tag-22ct-gold","18":"product_tag-22ct-gold-earrings","19":"product_tag-earrings","21":"first","22":"instock","23":"taxable","24":"shipping-taxable","25":"purchasable","26":"product-type-simple","27":"add-to-wishlist-before_image"},"yoast_head":"<!-- This site is optimized with the Yoast SEO plugin v27.6 - https:\/\/yoast.com\/product\/yoast-seo-wordpress\/ -->\n<title>22ct Gold Ball Stud Earrings | Secure Screw Back | PureJewels UK<\/title>\n<meta name=\"description\" content=\"Classic and secure\u2014our 22ct Gold Ball Stud Earrings feature a screw back for everyday comfort and elegance. A timeless essential from PureJewels.\" \/>\n<meta name=\"robots\" content=\"index, follow, max-snippet:-1, max-image-preview:large, max-video-preview:-1\" \/>\n<link rel=\"canonical\" href=\"https:\/\/www.purejewels.com\/de\/produkt-2\/kugel-ohrstecker-aus-22-karat-gold-mit-sicherem-druckknopf\/\" \/>\n<meta property=\"og:locale\" content=\"de_DE\" \/>\n<meta property=\"og:type\" content=\"article\" \/>\n<meta property=\"og:title\" content=\"22ct Gold Ball Stud Earrings | Secure Screw Back | PureJewels UK\" \/>\n<meta property=\"og:description\" content=\"Classic and secure\u2014our 22ct Gold Ball Stud Earrings feature a screw back for everyday comfort and elegance. A timeless essential from PureJewels.\" \/>\n<meta property=\"og:url\" content=\"https:\/\/www.purejewels.com\/de\/produkt-2\/kugel-ohrstecker-aus-22-karat-gold-mit-sicherem-druckknopf\/\" \/>\n<meta property=\"og:site_name\" content=\"PureJewels UK\" \/>\n<meta property=\"article:modified_time\" content=\"2026-04-28T12:15:33+00:00\" \/>\n<meta property=\"og:image\" content=\"https:\/\/static.purejewels.com\/wp-content\/uploads\/2024\/05\/SKU-51266.jpg\" \/>\n\t<meta property=\"og:image:width\" content=\"1000\" \/>\n\t<meta property=\"og:image:height\" content=\"1000\" \/>\n\t<meta property=\"og:image:type\" content=\"image\/jpeg\" \/>\n<meta name=\"twitter:card\" content=\"summary_large_image\" \/>\n<meta name=\"twitter:label1\" content=\"Gesch\u00e4tzte Lesezeit\" \/>\n\t<meta name=\"twitter:data1\" content=\"1\u00a0Minute\" \/>\n<script type=\"application\/ld+json\" class=\"yoast-schema-graph\">{\"@context\":\"https:\\\/\\\/schema.org\",\"@graph\":[{\"@type\":[\"WebPage\",\"ItemPage\"],\"@id\":\"https:\\\/\\\/www.purejewels.com\\\/product\\\/22ct-gold-ball-stud-earring-with-secure-push-back\\\/\",\"url\":\"https:\\\/\\\/www.purejewels.com\\\/product\\\/22ct-gold-ball-stud-earring-with-secure-push-back\\\/\",\"name\":\"22ct Gold Ball Stud Earrings | Secure Screw Back | PureJewels UK\",\"isPartOf\":{\"@id\":\"https:\\\/\\\/www.purejewels.com\\\/#website\"},\"primaryImageOfPage\":{\"@id\":\"https:\\\/\\\/www.purejewels.com\\\/product\\\/22ct-gold-ball-stud-earring-with-secure-push-back\\\/#primaryimage\"},\"image\":{\"@id\":\"https:\\\/\\\/www.purejewels.com\\\/product\\\/22ct-gold-ball-stud-earring-with-secure-push-back\\\/#primaryimage\"},\"thumbnailUrl\":\"https:\\\/\\\/static.purejewels.com\\\/wp-content\\\/uploads\\\/2024\\\/05\\\/SKU-51266.jpg\",\"datePublished\":\"2024-05-27T13:54:48+00:00\",\"dateModified\":\"2026-04-28T12:15:33+00:00\",\"description\":\"Classic and secure\u2014our 22ct Gold Ball Stud Earrings feature a screw back for everyday comfort and elegance. A timeless essential from PureJewels.\",\"breadcrumb\":{\"@id\":\"https:\\\/\\\/www.purejewels.com\\\/product\\\/22ct-gold-ball-stud-earring-with-secure-push-back\\\/#breadcrumb\"},\"inLanguage\":\"de\",\"potentialAction\":[{\"@type\":\"ReadAction\",\"target\":[\"https:\\\/\\\/www.purejewels.com\\\/product\\\/22ct-gold-ball-stud-earring-with-secure-push-back\\\/\"]}]},{\"@type\":\"ImageObject\",\"inLanguage\":\"de\",\"@id\":\"https:\\\/\\\/www.purejewels.com\\\/product\\\/22ct-gold-ball-stud-earring-with-secure-push-back\\\/#primaryimage\",\"url\":\"https:\\\/\\\/static.purejewels.com\\\/wp-content\\\/uploads\\\/2024\\\/05\\\/SKU-51266.jpg\",\"contentUrl\":\"https:\\\/\\\/static.purejewels.com\\\/wp-content\\\/uploads\\\/2024\\\/05\\\/SKU-51266.jpg\",\"width\":1000,\"height\":1000,\"caption\":\"51812\"},{\"@type\":\"BreadcrumbList\",\"@id\":\"https:\\\/\\\/www.purejewels.com\\\/product\\\/22ct-gold-ball-stud-earring-with-secure-push-back\\\/#breadcrumb\",\"itemListElement\":[{\"@type\":\"ListItem\",\"position\":1,\"name\":\"Home\",\"item\":\"https:\\\/\\\/www.purejewels.com\\\/\"},{\"@type\":\"ListItem\",\"position\":2,\"name\":\"Shop\",\"item\":\"https:\\\/\\\/www.purejewels.com\\\/shop\\\/\"},{\"@type\":\"ListItem\",\"position\":3,\"name\":\"22ct Gold Round Stud Earrings \u2013 Push Back\"}]},{\"@type\":\"WebSite\",\"@id\":\"https:\\\/\\\/www.purejewels.com\\\/#website\",\"url\":\"https:\\\/\\\/www.purejewels.com\\\/\",\"name\":\"PureJewels UK\",\"description\":\"Share the Love\",\"publisher\":{\"@id\":\"https:\\\/\\\/www.purejewels.com\\\/#organization\"},\"potentialAction\":[{\"@type\":\"SearchAction\",\"target\":{\"@type\":\"EntryPoint\",\"urlTemplate\":\"https:\\\/\\\/www.purejewels.com\\\/?s={search_term_string}\"},\"query-input\":{\"@type\":\"PropertyValueSpecification\",\"valueRequired\":true,\"valueName\":\"search_term_string\"}}],\"inLanguage\":\"de\"},{\"@type\":\"Organization\",\"@id\":\"https:\\\/\\\/www.purejewels.com\\\/#organization\",\"name\":\"PureJewels UK\",\"url\":\"https:\\\/\\\/www.purejewels.com\\\/\",\"logo\":{\"@type\":\"ImageObject\",\"inLanguage\":\"de\",\"@id\":\"https:\\\/\\\/www.purejewels.com\\\/#\\\/schema\\\/logo\\\/image\\\/\",\"url\":\"https:\\\/\\\/static.purejewels.com\\\/wp-content\\\/uploads\\\/2020\\\/11\\\/Logo-PJ-New-1.png\",\"contentUrl\":\"https:\\\/\\\/static.purejewels.com\\\/wp-content\\\/uploads\\\/2020\\\/11\\\/Logo-PJ-New-1.png\",\"width\":150,\"height\":80,\"caption\":\"PureJewels UK\"},\"image\":{\"@id\":\"https:\\\/\\\/www.purejewels.com\\\/#\\\/schema\\\/logo\\\/image\\\/\"}}]}<\/script>\n<!-- \/ Yoast SEO plugin. -->","yoast_head_json":{"title":"22ct Gold Kugel-Ohrstecker | sichere Schraube zur\u00fcck | PureJewels UK","description":"Klassisch und sicher - unsere 22-kar\u00e4tigen Goldkugel-Ohrstecker verf\u00fcgen \u00fcber einen Schraubverschluss f\u00fcr t\u00e4glichen Komfort und Eleganz. Ein zeitloses Essential von PureJewels.","robots":{"index":"index","follow":"follow","max-snippet":"max-snippet:-1","max-image-preview":"max-image-preview:large","max-video-preview":"max-video-preview:-1"},"canonical":"https:\/\/www.purejewels.com\/de\/produkt-2\/kugel-ohrstecker-aus-22-karat-gold-mit-sicherem-druckknopf\/","og_locale":"de_DE","og_type":"article","og_title":"22ct Gold Ball Stud Earrings | Secure Screw Back | PureJewels UK","og_description":"Classic and secure\u2014our 22ct Gold Ball Stud Earrings feature a screw back for everyday comfort and elegance. A timeless essential from PureJewels.","og_url":"https:\/\/www.purejewels.com\/de\/produkt-2\/kugel-ohrstecker-aus-22-karat-gold-mit-sicherem-druckknopf\/","og_site_name":"PureJewels UK","article_modified_time":"2026-04-28T12:15:33+00:00","og_image":[{"width":1000,"height":1000,"url":"https:\/\/static.purejewels.com\/wp-content\/uploads\/2024\/05\/SKU-51266.jpg","type":"image\/jpeg"}],"twitter_card":"summary_large_image","twitter_misc":{"Gesch\u00e4tzte Lesezeit":"1\u00a0Minute"},"schema":{"@context":"https:\/\/schema.org","@graph":[{"@type":["WebPage","ItemPage"],"@id":"https:\/\/www.purejewels.com\/product\/22ct-gold-ball-stud-earring-with-secure-push-back\/","url":"https:\/\/www.purejewels.com\/product\/22ct-gold-ball-stud-earring-with-secure-push-back\/","name":"22ct Gold Kugel-Ohrstecker | sichere Schraube zur\u00fcck | PureJewels UK","isPartOf":{"@id":"https:\/\/www.purejewels.com\/#website"},"primaryImageOfPage":{"@id":"https:\/\/www.purejewels.com\/product\/22ct-gold-ball-stud-earring-with-secure-push-back\/#primaryimage"},"image":{"@id":"https:\/\/www.purejewels.com\/product\/22ct-gold-ball-stud-earring-with-secure-push-back\/#primaryimage"},"thumbnailUrl":"https:\/\/static.purejewels.com\/wp-content\/uploads\/2024\/05\/SKU-51266.jpg","datePublished":"2024-05-27T13:54:48+00:00","dateModified":"2026-04-28T12:15:33+00:00","description":"Klassisch und sicher - unsere 22-kar\u00e4tigen Goldkugel-Ohrstecker verf\u00fcgen \u00fcber einen Schraubverschluss f\u00fcr t\u00e4glichen Komfort und Eleganz. Ein zeitloses Essential von PureJewels.","breadcrumb":{"@id":"https:\/\/www.purejewels.com\/product\/22ct-gold-ball-stud-earring-with-secure-push-back\/#breadcrumb"},"inLanguage":"de","potentialAction":[{"@type":"ReadAction","target":["https:\/\/www.purejewels.com\/product\/22ct-gold-ball-stud-earring-with-secure-push-back\/"]}]},{"@type":"ImageObject","inLanguage":"de","@id":"https:\/\/www.purejewels.com\/product\/22ct-gold-ball-stud-earring-with-secure-push-back\/#primaryimage","url":"https:\/\/static.purejewels.com\/wp-content\/uploads\/2024\/05\/SKU-51266.jpg","contentUrl":"https:\/\/static.purejewels.com\/wp-content\/uploads\/2024\/05\/SKU-51266.jpg","width":1000,"height":1000,"caption":"51812"},{"@type":"BreadcrumbList","@id":"https:\/\/www.purejewels.com\/product\/22ct-gold-ball-stud-earring-with-secure-push-back\/#breadcrumb","itemListElement":[{"@type":"ListItem","position":1,"name":"Home","item":"https:\/\/www.purejewels.com\/"},{"@type":"ListItem","position":2,"name":"Shop","item":"https:\/\/www.purejewels.com\/shop\/"},{"@type":"ListItem","position":3,"name":"22ct Gold Round Stud Earrings \u2013 Push Back"}]},{"@type":"WebSite","@id":"https:\/\/www.purejewels.com\/#website","url":"https:\/\/www.purejewels.com\/","name":"PureJewels UK","description":"Teile die Liebe","publisher":{"@id":"https:\/\/www.purejewels.com\/#organization"},"potentialAction":[{"@type":"SearchAction","target":{"@type":"EntryPoint","urlTemplate":"https:\/\/www.purejewels.com\/?s={search_term_string}"},"query-input":{"@type":"PropertyValueSpecification","valueRequired":true,"valueName":"search_term_string"}}],"inLanguage":"de"},{"@type":"Organization","@id":"https:\/\/www.purejewels.com\/#organization","name":"PureJewels UK","url":"https:\/\/www.purejewels.com\/","logo":{"@type":"ImageObject","inLanguage":"de","@id":"https:\/\/www.purejewels.com\/#\/schema\/logo\/image\/","url":"https:\/\/static.purejewels.com\/wp-content\/uploads\/2020\/11\/Logo-PJ-New-1.png","contentUrl":"https:\/\/static.purejewels.com\/wp-content\/uploads\/2020\/11\/Logo-PJ-New-1.png","width":150,"height":80,"caption":"PureJewels UK"},"image":{"@id":"https:\/\/www.purejewels.com\/#\/schema\/logo\/image\/"}}]}},"_links":{"self":[{"href":"https:\/\/www.purejewels.com\/de\/wp-json\/wp\/v2\/product\/398718","targetHints":{"allow":["GET"]}}],"collection":[{"href":"https:\/\/www.purejewels.com\/de\/wp-json\/wp\/v2\/product"}],"about":[{"href":"https:\/\/www.purejewels.com\/de\/wp-json\/wp\/v2\/types\/product"}],"replies":[{"embeddable":true,"href":"https:\/\/www.purejewels.com\/de\/wp-json\/wp\/v2\/comments?post=398718"}],"version-history":[{"count":6,"href":"https:\/\/www.purejewels.com\/de\/wp-json\/wp\/v2\/product\/398718\/revisions"}],"predecessor-version":[{"id":417750,"href":"https:\/\/www.purejewels.com\/de\/wp-json\/wp\/v2\/product\/398718\/revisions\/417750"}],"wp:featuredmedia":[{"embeddable":true,"href":"https:\/\/www.purejewels.com\/de\/wp-json\/wp\/v2\/media\/404364"}],"wp:attachment":[{"href":"https:\/\/www.purejewels.com\/de\/wp-json\/wp\/v2\/media?parent=398718"}],"wp:term":[{"taxonomy":"product_brand","embeddable":true,"href":"https:\/\/www.purejewels.com\/de\/wp-json\/wp\/v2\/product_brand?post=398718"},{"taxonomy":"product_cat","embeddable":true,"href":"https:\/\/www.purejewels.com\/de\/wp-json\/wp\/v2\/product_cat?post=398718"},{"taxonomy":"product_tag","embeddable":true,"href":"https:\/\/www.purejewels.com\/de\/wp-json\/wp\/v2\/product_tag?post=398718"}],"curies":[{"name":"wp","href":"https:\/\/api.w.org\/{rel}","templated":true}]}}