{"id":4010,"date":"2017-07-19T13:23:26","date_gmt":"2017-07-19T12:23:26","guid":{"rendered":"http:\/\/new.purejewels.com\/product\/swirl-diamond-ring\/"},"modified":"2026-01-06T11:03:42","modified_gmt":"2026-01-06T11:03:42","slug":"wirbel-diamantring","status":"publish","type":"product","link":"https:\/\/www.purejewels.com\/de\/product\/swirl-diamond-ring\/","title":{"rendered":"Swirl Diamant Ring"},"content":{"rendered":"<p>Ein Verlobungsring ist im Wesentlichen das wichtigste Schmuckst\u00fcck, das eine Frau besitzt, schm\u00fcckt, bewahrt und ein Leben lang sch\u00e4tzt. Er ist die Verk\u00f6rperung Ihrer Liebe und markiert die Sch\u00f6nheit der wahren Verbindung, die Sie mit Ihrer besseren H\u00e4lfte teilen, weshalb ein Verlobungsring nichts weniger als perfekt sein sollte.<\/p>\n<p>Dieser Wirbel-Verlobungsring ist so gestaltet, dass er einen Hauch von Weiblichkeit mit einem Hauch von K\u00fchnheit verbindet. Das Design und die Handwerkskunst dieses Wirbel-Diamantrings sind flie\u00dfend und er wurde aus 18 K Wei\u00dfgold und Ros\u00e9gold gefertigt. Das Design beginnt mit einem funkelnden Brillanten in einer Wei\u00dfgoldfassung, die in ein Wei\u00dfgoldband \u00fcbergeht, das mit relativ kleinen, \u00fcppigen Diamanten besetzt ist. Das Wei\u00dfgoldband wird von einem gewirbelten, mit luxuri\u00f6sen, feinen Diamanten besetzten Ros\u00e9goldband \u00fcberlagert und schmiegt sich wundersch\u00f6n um Ihren Finger.<\/p>\n<p>Strudel <a href=\"https:\/\/www.purejewels.com\/de\/product-category\/22ct-gold-jewellery\/gold-rings\/\">Ringe<\/a> sind einmalig und unterscheiden sich von anderen <a href=\"https:\/\/www.purejewels.com\/de\/product-category\/wedding-rings-bands\/engagement-rings\/\">Verlobungsringe<\/a> wegen des gestalterischen Elements, das sie haben.<\/p>\n<p>Dieser Verlobungsring von Purejewels hat ein elegantes Finish und wurde mit einem klassischen und immergr\u00fcnen Touch versehen. Sobald er verziert ist, wird er die Sch\u00f6nheit ihrer zarten H\u00e4nde unterstreichen und Ihr reines Band der wahren und ewigen Liebe symbolisieren.<\/p>","protected":false},"excerpt":{"rendered":"<ul>\n<li>Swirl Diamantring<\/li>\n<li>Metall: 18 Karat Wei\u00df-\/Rosegold<\/li>\n<li>Gr\u00f6\u00dfe: K<\/li>\n<li>Seitliche Diamanten: 0,48ct<\/li>\n<li>Qualit\u00e4t der Diamanten: G-H Farbe und VS Reinheit<\/li>\n<li>Alle Preise inklusive Mehrwertsteuer<\/li>\n<li>18ct Gold gestempelt von London Assay Office<\/li>\n<li>Mit Pr\u00e4sentationsbox<\/li>\n<li>Lieferung inbegriffen<\/li>\n<li>Live-Chat mit uns f\u00fcr die Verf\u00fcgbarkeit und mehr Bilder von \u00e4hnlichen Designs derzeit auf Lager<\/li>\n<\/ul>","protected":false},"featured_media":4011,"comment_status":"closed","ping_status":"closed","template":"","meta":{"_eb_attr":"","_crsspst_to_jayantr4sg-hostcom":true},"product_brand":[],"product_cat":[5679,6085,5457,5460,231,1786,246,5354,6042,1569,226,1574],"product_tag":[],"class_list":{"0":"post-4010","1":"product","2":"type-product","3":"status-publish","4":"has-post-thumbnail","6":"product_cat-18ct-gold-jewellery","7":"product_cat-18ct-gold-ring","8":"product_cat-diamond-jewellery","9":"product_cat-diamond-ring","10":"product_cat-engagement-rings","11":"product_cat-occasional-wear-rings","12":"product_cat-rose-gold-collections","13":"product_cat-rose-gold-jewellery","14":"product_cat-solitaire-ring","15":"product_cat-valentine-day-gifts","16":"product_cat-wedding-rings-bands","17":"product_cat-womens-jewellery","19":"first","20":"instock","21":"taxable","22":"shipping-taxable","23":"purchasable","24":"product-type-simple","25":"add-to-wishlist-before_image"},"yoast_head":"<!-- This site is optimized with the Yoast SEO plugin v27.6 - https:\/\/yoast.com\/product\/yoast-seo-wordpress\/ -->\n<title>Swirl Diamond Ring | Designer Diamond Jewellery London<\/title>\n<meta name=\"description\" content=\"Discover the Swirl Diamond Ring, a modern statement of elegance. Crafted in gold and diamonds, this designer ring captures graceful movement with timeless luxury.\" \/>\n<meta name=\"robots\" content=\"index, follow, max-snippet:-1, max-image-preview:large, max-video-preview:-1\" \/>\n<link rel=\"canonical\" href=\"https:\/\/www.purejewels.com\/de\/produkt-2\/wirbel-diamantring\/\" \/>\n<meta property=\"og:locale\" content=\"de_DE\" \/>\n<meta property=\"og:type\" content=\"article\" \/>\n<meta property=\"og:title\" content=\"Swirl Diamond Ring | Designer Diamond Jewellery London\" \/>\n<meta property=\"og:description\" content=\"Discover the Swirl Diamond Ring, a modern statement of elegance. Crafted in gold and diamonds, this designer ring captures graceful movement with timeless luxury.\" \/>\n<meta property=\"og:url\" content=\"https:\/\/www.purejewels.com\/de\/produkt-2\/wirbel-diamantring\/\" \/>\n<meta property=\"og:site_name\" content=\"PureJewels UK\" \/>\n<meta property=\"article:modified_time\" content=\"2026-01-06T11:03:42+00:00\" \/>\n<meta property=\"og:image\" content=\"https:\/\/www.purejewels.com\/wp-content\/uploads\/2017\/07\/wm0121_xl_1-2.jpg\" \/>\n\t<meta property=\"og:image:width\" content=\"960\" \/>\n\t<meta property=\"og:image:height\" content=\"960\" \/>\n\t<meta property=\"og:image:type\" content=\"image\/jpeg\" \/>\n<meta name=\"twitter:card\" content=\"summary_large_image\" \/>\n<meta name=\"twitter:label1\" content=\"Gesch\u00e4tzte Lesezeit\" \/>\n\t<meta name=\"twitter:data1\" content=\"1\u00a0Minute\" \/>\n<script type=\"application\/ld+json\" class=\"yoast-schema-graph\">{\"@context\":\"https:\\\/\\\/schema.org\",\"@graph\":[{\"@type\":[\"WebPage\",\"ItemPage\"],\"@id\":\"https:\\\/\\\/www.purejewels.com\\\/product\\\/swirl-diamond-ring\\\/\",\"url\":\"https:\\\/\\\/www.purejewels.com\\\/product\\\/swirl-diamond-ring\\\/\",\"name\":\"Swirl Diamond Ring | Designer Diamond Jewellery London\",\"isPartOf\":{\"@id\":\"https:\\\/\\\/www.purejewels.com\\\/#website\"},\"primaryImageOfPage\":{\"@id\":\"https:\\\/\\\/www.purejewels.com\\\/product\\\/swirl-diamond-ring\\\/#primaryimage\"},\"image\":{\"@id\":\"https:\\\/\\\/www.purejewels.com\\\/product\\\/swirl-diamond-ring\\\/#primaryimage\"},\"thumbnailUrl\":\"https:\\\/\\\/static.purejewels.com\\\/wp-content\\\/uploads\\\/2017\\\/07\\\/wm0121_xl_1-2.jpg\",\"datePublished\":\"2017-07-19T12:23:26+00:00\",\"dateModified\":\"2026-01-06T11:03:42+00:00\",\"description\":\"Discover the Swirl Diamond Ring, a modern statement of elegance. Crafted in gold and diamonds, this designer ring captures graceful movement with timeless luxury.\",\"breadcrumb\":{\"@id\":\"https:\\\/\\\/www.purejewels.com\\\/product\\\/swirl-diamond-ring\\\/#breadcrumb\"},\"inLanguage\":\"de\",\"potentialAction\":[{\"@type\":\"ReadAction\",\"target\":[\"https:\\\/\\\/www.purejewels.com\\\/product\\\/swirl-diamond-ring\\\/\"]}]},{\"@type\":\"ImageObject\",\"inLanguage\":\"de\",\"@id\":\"https:\\\/\\\/www.purejewels.com\\\/product\\\/swirl-diamond-ring\\\/#primaryimage\",\"url\":\"https:\\\/\\\/static.purejewels.com\\\/wp-content\\\/uploads\\\/2017\\\/07\\\/wm0121_xl_1-2.jpg\",\"contentUrl\":\"https:\\\/\\\/static.purejewels.com\\\/wp-content\\\/uploads\\\/2017\\\/07\\\/wm0121_xl_1-2.jpg\",\"width\":960,\"height\":960,\"caption\":\"wm0121_xl_1.jpg\"},{\"@type\":\"BreadcrumbList\",\"@id\":\"https:\\\/\\\/www.purejewels.com\\\/product\\\/swirl-diamond-ring\\\/#breadcrumb\",\"itemListElement\":[{\"@type\":\"ListItem\",\"position\":1,\"name\":\"Home\",\"item\":\"https:\\\/\\\/www.purejewels.com\\\/\"},{\"@type\":\"ListItem\",\"position\":2,\"name\":\"Shop\",\"item\":\"https:\\\/\\\/www.purejewels.com\\\/shop\\\/\"},{\"@type\":\"ListItem\",\"position\":3,\"name\":\"Swirl Diamond Ring\"}]},{\"@type\":\"WebSite\",\"@id\":\"https:\\\/\\\/www.purejewels.com\\\/#website\",\"url\":\"https:\\\/\\\/www.purejewels.com\\\/\",\"name\":\"PureJewels UK\",\"description\":\"Share the Love\",\"publisher\":{\"@id\":\"https:\\\/\\\/www.purejewels.com\\\/#organization\"},\"potentialAction\":[{\"@type\":\"SearchAction\",\"target\":{\"@type\":\"EntryPoint\",\"urlTemplate\":\"https:\\\/\\\/www.purejewels.com\\\/?s={search_term_string}\"},\"query-input\":{\"@type\":\"PropertyValueSpecification\",\"valueRequired\":true,\"valueName\":\"search_term_string\"}}],\"inLanguage\":\"de\"},{\"@type\":\"Organization\",\"@id\":\"https:\\\/\\\/www.purejewels.com\\\/#organization\",\"name\":\"PureJewels UK\",\"url\":\"https:\\\/\\\/www.purejewels.com\\\/\",\"logo\":{\"@type\":\"ImageObject\",\"inLanguage\":\"de\",\"@id\":\"https:\\\/\\\/www.purejewels.com\\\/#\\\/schema\\\/logo\\\/image\\\/\",\"url\":\"https:\\\/\\\/static.purejewels.com\\\/wp-content\\\/uploads\\\/2020\\\/11\\\/Logo-PJ-New-1.png\",\"contentUrl\":\"https:\\\/\\\/static.purejewels.com\\\/wp-content\\\/uploads\\\/2020\\\/11\\\/Logo-PJ-New-1.png\",\"width\":150,\"height\":80,\"caption\":\"PureJewels UK\"},\"image\":{\"@id\":\"https:\\\/\\\/www.purejewels.com\\\/#\\\/schema\\\/logo\\\/image\\\/\"}}]}<\/script>\n<!-- \/ Yoast SEO plugin. -->","yoast_head_json":{"title":"Swirl Diamantring | Designer Diamantschmuck London","description":"Entdecken Sie den Swirl Diamond Ring, ein modernes Statement der Eleganz. Dieser aus Gold und Diamanten gefertigte Designer-Ring f\u00e4ngt anmutige Bewegung mit zeitlosem Luxus ein.","robots":{"index":"index","follow":"follow","max-snippet":"max-snippet:-1","max-image-preview":"max-image-preview:large","max-video-preview":"max-video-preview:-1"},"canonical":"https:\/\/www.purejewels.com\/de\/produkt-2\/wirbel-diamantring\/","og_locale":"de_DE","og_type":"article","og_title":"Swirl Diamond Ring | Designer Diamond Jewellery London","og_description":"Discover the Swirl Diamond Ring, a modern statement of elegance. Crafted in gold and diamonds, this designer ring captures graceful movement with timeless luxury.","og_url":"https:\/\/www.purejewels.com\/de\/produkt-2\/wirbel-diamantring\/","og_site_name":"PureJewels UK","article_modified_time":"2026-01-06T11:03:42+00:00","og_image":[{"width":960,"height":960,"url":"https:\/\/www.purejewels.com\/wp-content\/uploads\/2017\/07\/wm0121_xl_1-2.jpg","type":"image\/jpeg"}],"twitter_card":"summary_large_image","twitter_misc":{"Gesch\u00e4tzte Lesezeit":"1\u00a0Minute"},"schema":{"@context":"https:\/\/schema.org","@graph":[{"@type":["WebPage","ItemPage"],"@id":"https:\/\/www.purejewels.com\/product\/swirl-diamond-ring\/","url":"https:\/\/www.purejewels.com\/product\/swirl-diamond-ring\/","name":"Swirl Diamantring | Designer Diamantschmuck London","isPartOf":{"@id":"https:\/\/www.purejewels.com\/#website"},"primaryImageOfPage":{"@id":"https:\/\/www.purejewels.com\/product\/swirl-diamond-ring\/#primaryimage"},"image":{"@id":"https:\/\/www.purejewels.com\/product\/swirl-diamond-ring\/#primaryimage"},"thumbnailUrl":"https:\/\/static.purejewels.com\/wp-content\/uploads\/2017\/07\/wm0121_xl_1-2.jpg","datePublished":"2017-07-19T12:23:26+00:00","dateModified":"2026-01-06T11:03:42+00:00","description":"Entdecken Sie den Swirl Diamond Ring, ein modernes Statement der Eleganz. Dieser aus Gold und Diamanten gefertigte Designer-Ring f\u00e4ngt anmutige Bewegung mit zeitlosem Luxus ein.","breadcrumb":{"@id":"https:\/\/www.purejewels.com\/product\/swirl-diamond-ring\/#breadcrumb"},"inLanguage":"de","potentialAction":[{"@type":"ReadAction","target":["https:\/\/www.purejewels.com\/product\/swirl-diamond-ring\/"]}]},{"@type":"ImageObject","inLanguage":"de","@id":"https:\/\/www.purejewels.com\/product\/swirl-diamond-ring\/#primaryimage","url":"https:\/\/static.purejewels.com\/wp-content\/uploads\/2017\/07\/wm0121_xl_1-2.jpg","contentUrl":"https:\/\/static.purejewels.com\/wp-content\/uploads\/2017\/07\/wm0121_xl_1-2.jpg","width":960,"height":960,"caption":"wm0121_xl_1.jpg"},{"@type":"BreadcrumbList","@id":"https:\/\/www.purejewels.com\/product\/swirl-diamond-ring\/#breadcrumb","itemListElement":[{"@type":"ListItem","position":1,"name":"Home","item":"https:\/\/www.purejewels.com\/"},{"@type":"ListItem","position":2,"name":"Shop","item":"https:\/\/www.purejewels.com\/shop\/"},{"@type":"ListItem","position":3,"name":"Swirl Diamond Ring"}]},{"@type":"WebSite","@id":"https:\/\/www.purejewels.com\/#website","url":"https:\/\/www.purejewels.com\/","name":"PureJewels UK","description":"Teile die Liebe","publisher":{"@id":"https:\/\/www.purejewels.com\/#organization"},"potentialAction":[{"@type":"SearchAction","target":{"@type":"EntryPoint","urlTemplate":"https:\/\/www.purejewels.com\/?s={search_term_string}"},"query-input":{"@type":"PropertyValueSpecification","valueRequired":true,"valueName":"search_term_string"}}],"inLanguage":"de"},{"@type":"Organization","@id":"https:\/\/www.purejewels.com\/#organization","name":"PureJewels UK","url":"https:\/\/www.purejewels.com\/","logo":{"@type":"ImageObject","inLanguage":"de","@id":"https:\/\/www.purejewels.com\/#\/schema\/logo\/image\/","url":"https:\/\/static.purejewels.com\/wp-content\/uploads\/2020\/11\/Logo-PJ-New-1.png","contentUrl":"https:\/\/static.purejewels.com\/wp-content\/uploads\/2020\/11\/Logo-PJ-New-1.png","width":150,"height":80,"caption":"PureJewels UK"},"image":{"@id":"https:\/\/www.purejewels.com\/#\/schema\/logo\/image\/"}}]}},"_links":{"self":[{"href":"https:\/\/www.purejewels.com\/de\/wp-json\/wp\/v2\/product\/4010","targetHints":{"allow":["GET"]}}],"collection":[{"href":"https:\/\/www.purejewels.com\/de\/wp-json\/wp\/v2\/product"}],"about":[{"href":"https:\/\/www.purejewels.com\/de\/wp-json\/wp\/v2\/types\/product"}],"replies":[{"embeddable":true,"href":"https:\/\/www.purejewels.com\/de\/wp-json\/wp\/v2\/comments?post=4010"}],"version-history":[{"count":2,"href":"https:\/\/www.purejewels.com\/de\/wp-json\/wp\/v2\/product\/4010\/revisions"}],"predecessor-version":[{"id":371804,"href":"https:\/\/www.purejewels.com\/de\/wp-json\/wp\/v2\/product\/4010\/revisions\/371804"}],"wp:featuredmedia":[{"embeddable":true,"href":"https:\/\/www.purejewels.com\/de\/wp-json\/wp\/v2\/media\/4011"}],"wp:attachment":[{"href":"https:\/\/www.purejewels.com\/de\/wp-json\/wp\/v2\/media?parent=4010"}],"wp:term":[{"taxonomy":"product_brand","embeddable":true,"href":"https:\/\/www.purejewels.com\/de\/wp-json\/wp\/v2\/product_brand?post=4010"},{"taxonomy":"product_cat","embeddable":true,"href":"https:\/\/www.purejewels.com\/de\/wp-json\/wp\/v2\/product_cat?post=4010"},{"taxonomy":"product_tag","embeddable":true,"href":"https:\/\/www.purejewels.com\/de\/wp-json\/wp\/v2\/product_tag?post=4010"}],"curies":[{"name":"wp","href":"https:\/\/api.w.org\/{rel}","templated":true}]}}