{"id":4014,"date":"2017-07-19T13:23:28","date_gmt":"2017-07-19T12:23:28","guid":{"rendered":"http:\/\/new.purejewels.com\/product\/christian-bauer-wedding-ring-273648\/"},"modified":"2023-07-06T12:34:33","modified_gmt":"2023-07-06T11:34:33","slug":"christian-bauer-trauring-273648","status":"publish","type":"product","link":"https:\/\/www.purejewels.com\/de\/product\/christian-bauer-wedding-ring-273648\/","title":{"rendered":"Christian Bauer Ehering Ring"},"content":{"rendered":"<p>Wenn ein <a href=\"https:\/\/www.purejewels.com\/de\/product-category\/wedding-rings-bands\/wedding-bands\/christian-bauer-brands\/\">Christian Bauer<\/a> Ring ins Auge gefallen ist, aber der Preis Sie abschreckt, sollten Sie sich den abgeschr\u00e4gten Trauring aus Palladium ansehen.  Christian Bauer stellt jetzt eine kleine Anzahl von Trau <a href=\"https:\/\/www.purejewels.com\/de\/product-category\/22ct-gold-jewellery\/gold-rings\/\">Ringe<\/a> aus Palladium, das \u00e4hnlich wie Platin ist, aber weicher, gl\u00e4nzender und erschwinglicher.  Wir finden, dass dieser Ehering f\u00fcr M\u00e4nner sch\u00f6n und gut verarbeitet ist, mit einer raffinierten matten Oberfl\u00e4che und einer abgeschr\u00e4gten Rille.  Er wird in der Christian Bauer Werkstatt von Hand gefertigt und mit der deutschen Tanne gestempelt, um seine Echtheit zu zeigen.    *Bitte beachten Sie, dass Ihr Christian Bauer Ring bestellt wird, es sei denn, wir haben Ihre Gr\u00f6\u00dfe auf Lager, so verwenden Sie Live Chat zu erkundigen.<\/p>\n<p>&nbsp;<\/p>\n<ul>\n<li style=\"list-style-type: none;\">\n<ul>\n<li>Autorisierter Fachh\u00e4ndler f\u00fcr Christian Bauer Ringe in London<\/li>\n<\/ul>\n<\/li>\n<\/ul>\n<p>&nbsp;<\/p>\n<ul>\n<li style=\"list-style-type: none;\">\n<ul>\n<li>Christian Bauer Ehering - 273648<\/li>\n<\/ul>\n<\/li>\n<\/ul>\n<p>&nbsp;<\/p>\n<ul>\n<li style=\"list-style-type: none;\">\n<ul>\n<li>Ausf\u00fchrung: Matte Oberfl\u00e4che mit poliertem Rand<\/li>\n<\/ul>\n<\/li>\n<\/ul>\n<p>&nbsp;<\/p>\n<ul>\n<li style=\"list-style-type: none;\">\n<ul>\n<li>Metall: Palladium<\/li>\n<\/ul>\n<\/li>\n<\/ul>\n<p>&nbsp;<\/p>\n<ul>\n<li style=\"list-style-type: none;\">\n<ul>\n<li>Abgebildete Fingergr\u00f6\u00dfe: S<\/li>\n<\/ul>\n<\/li>\n<\/ul>\n<p>&nbsp;<\/p>\n<ul>\n<li style=\"list-style-type: none;\">\n<ul>\n<li>Breite: 6,5 mm<\/li>\n<\/ul>\n<\/li>\n<\/ul>\n<p>&nbsp;<\/p>\n<ul>\n<li style=\"list-style-type: none;\">\n<ul>\n<li>*Ihr Ring wird individuell angefertigt, bitte erkundigen Sie sich bei uns nach den Lieferzeiten.<\/li>\n<\/ul>\n<\/li>\n<\/ul>\n<p>&nbsp;<\/p>\n<p>&nbsp;<\/p>\n<h2><strong>Ihr Christian Bauer Ehering<br \/>\n<\/strong><\/h2>\n<p>&nbsp;<\/p>\n<p>Palladium ist ein hervorragendes seltenes Metall mit einer gl\u00e4nzenden Oberfl\u00e4che.   Es geh\u00f6rt zur Familie der Platinmetalle und hat eine hohe Dichte und eine weichere Beschaffenheit als Gold.  Es ist ein aufstrebendes Metall auf den Anlagem\u00e4rkten und eine ungew\u00f6hnliche Wahl f\u00fcr einen modernen und interessanten Ehering.  Es ist erw\u00e4hnenswert, dass Christian Bauer nur zuvor abgebaute Metalle verwendet.  Das bedeutet, dass sie nicht zu den anhaltenden Umweltauswirkungen des Bergbaus beitragen, sondern einen Teil der reichlich vorhandenen Metallreserven wiederverwenden und recyceln.<\/p>\n<p>&nbsp;<\/p>\n<p>&nbsp;<\/p>\n<p>&nbsp;<\/p>","protected":false},"excerpt":{"rendered":"<ul>\n<li>Autorisierter Fachh\u00e4ndler f\u00fcr Christian Bauer Ringe in London<\/li>\n<li>Christian Bauer Ehering - 273648<\/li>\n<li>Ausf\u00fchrung: Matte Oberfl\u00e4che mit poliertem Rand<\/li>\n<li>Metall: Palladium<\/li>\n<li>Abgebildete Fingergr\u00f6\u00dfe: S<\/li>\n<li>Breite: 6,5 mm<\/li>\n<li>*Ihr Ring wird individuell angefertigt, bitte erkundigen Sie sich bei uns nach den Lieferzeiten.<\/li>\n<\/ul>","protected":false},"featured_media":315595,"comment_status":"closed","ping_status":"closed","template":"","meta":{"_eb_attr":"","_crsspst_to_jayantr4sg-hostcom":false},"product_brand":[],"product_cat":[238,1571,1572,1569,229,226],"product_tag":[],"class_list":{"0":"post-4014","1":"product","2":"type-product","3":"status-publish","4":"has-post-thumbnail","6":"product_cat-christian-bauer-brands","7":"product_cat-fathers-day-gifts","8":"product_cat-mens-jewellery","9":"product_cat-valentine-day-gifts","10":"product_cat-wedding-bands","11":"product_cat-wedding-rings-bands","13":"first","14":"outofstock","15":"taxable","16":"shipping-taxable","17":"product-type-simple","18":"add-to-wishlist-before_image"},"yoast_head":"<!-- This site is optimized with the Yoast SEO plugin v27.5 - https:\/\/yoast.com\/product\/yoast-seo-wordpress\/ -->\n<title>Christian Bauer Wedding Band Ring - \u00a31700.00.00 (SKU:273648-9200)<\/title>\n<meta name=\"robots\" content=\"index, follow, max-snippet:-1, max-image-preview:large, max-video-preview:-1\" \/>\n<link rel=\"canonical\" href=\"https:\/\/www.purejewels.com\/de\/produkt-2\/christian-bauer-trauring-273648\/\" \/>\n<meta property=\"og:locale\" content=\"de_DE\" \/>\n<meta property=\"og:type\" content=\"article\" \/>\n<meta property=\"og:title\" content=\"Christian Bauer Wedding Band Ring - \u00a31700.00.00 (SKU:273648-9200)\" \/>\n<meta property=\"og:description\" content=\"Authorised stockist of Christian Bauer rings in London  Christian Bauer Wedding Ring \u2013 273648  Finish: Matte finish with polished edge  Metal: Palladium  Finger size pictured: S  Width: 6.5mm  *Your ring is individually made, so contact us to find out about lead times.\" \/>\n<meta property=\"og:url\" content=\"https:\/\/www.purejewels.com\/de\/produkt-2\/christian-bauer-trauring-273648\/\" \/>\n<meta property=\"og:site_name\" content=\"PureJewels UK\" \/>\n<meta property=\"article:modified_time\" content=\"2023-07-06T11:34:33+00:00\" \/>\n<meta property=\"og:image\" content=\"https:\/\/www.purejewels.com\/wp-content\/uploads\/2020\/07\/137217201.jpg\" \/>\n\t<meta property=\"og:image:width\" content=\"960\" \/>\n\t<meta property=\"og:image:height\" content=\"960\" \/>\n\t<meta property=\"og:image:type\" content=\"image\/jpeg\" \/>\n<meta name=\"twitter:card\" content=\"summary_large_image\" \/>\n<meta name=\"twitter:label1\" content=\"Gesch\u00e4tzte Lesezeit\" \/>\n\t<meta name=\"twitter:data1\" content=\"1\u00a0Minute\" \/>\n<script type=\"application\/ld+json\" class=\"yoast-schema-graph\">{\"@context\":\"https:\\\/\\\/schema.org\",\"@graph\":[{\"@type\":[\"WebPage\",\"ItemPage\"],\"@id\":\"https:\\\/\\\/www.purejewels.com\\\/product\\\/christian-bauer-wedding-ring-273648\\\/\",\"url\":\"https:\\\/\\\/www.purejewels.com\\\/product\\\/christian-bauer-wedding-ring-273648\\\/\",\"name\":\"Christian Bauer Wedding Band Ring - \u00a31700.00.00 (SKU:273648-9200)\",\"isPartOf\":{\"@id\":\"https:\\\/\\\/www.purejewels.com\\\/#website\"},\"primaryImageOfPage\":{\"@id\":\"https:\\\/\\\/www.purejewels.com\\\/product\\\/christian-bauer-wedding-ring-273648\\\/#primaryimage\"},\"image\":{\"@id\":\"https:\\\/\\\/www.purejewels.com\\\/product\\\/christian-bauer-wedding-ring-273648\\\/#primaryimage\"},\"thumbnailUrl\":\"https:\\\/\\\/static.purejewels.com\\\/wp-content\\\/uploads\\\/2020\\\/07\\\/137217201.jpg\",\"datePublished\":\"2017-07-19T12:23:28+00:00\",\"dateModified\":\"2023-07-06T11:34:33+00:00\",\"breadcrumb\":{\"@id\":\"https:\\\/\\\/www.purejewels.com\\\/product\\\/christian-bauer-wedding-ring-273648\\\/#breadcrumb\"},\"inLanguage\":\"de\",\"potentialAction\":[{\"@type\":\"ReadAction\",\"target\":[\"https:\\\/\\\/www.purejewels.com\\\/product\\\/christian-bauer-wedding-ring-273648\\\/\"]}]},{\"@type\":\"ImageObject\",\"inLanguage\":\"de\",\"@id\":\"https:\\\/\\\/www.purejewels.com\\\/product\\\/christian-bauer-wedding-ring-273648\\\/#primaryimage\",\"url\":\"https:\\\/\\\/static.purejewels.com\\\/wp-content\\\/uploads\\\/2020\\\/07\\\/137217201.jpg\",\"contentUrl\":\"https:\\\/\\\/static.purejewels.com\\\/wp-content\\\/uploads\\\/2020\\\/07\\\/137217201.jpg\",\"width\":960,\"height\":960,\"caption\":\"If a Christian Bauer ring has caught your eye, but the price is concerning you, take a look at the Palladium bevelled wedding ring.\u00a0 Christian Bauer now makes a small number of wedding rings in palladium, which is similar to platinum, but softer, more lustrous, and more affordable.\u00a0 We have found this men\u2019s wedding ring to be handsome and well-made, with a sophisticated matte finish and bevelled groove.\u00a0 It\u2019s crafted by hand in the Christian Bauer workshop and stamped with the German Fir to show authenticity.\u00a0\u00a0 \u00a0*Please note that your Christian Bauer ring will be ordered, unless we have your size in stock, so use Live Chat to enquire.*Authorised stockist of Christian Bauer rings in LondonChristian Bauer Wedding Ring \u2013 273648Finish: Matte finish with polished edgeMetal: PalladiumFinger size pictured: SWidth: 6.5mm*Your ring is individually made, so contact us to find out about lead times.Your Christian Bauer wedding ringPalladium is an excellent rare metal with a gleaming finish.\u00a0\u00a0 It is in the platinum family with a high density and a softer nature, like gold.\u00a0 It is an up-and-coming metal in the investment markets and an unusual choice for a wedding ring that is contemporary and interesting.\u00a0 It is worth noting that Christian Bauer only uses previously-mined metals.\u00a0 This means they do not contribute to the ongoing environmental impact of mining: instead reusing and recycling some of the plentiful metal reserves that we already have.&nbsp;\"},{\"@type\":\"BreadcrumbList\",\"@id\":\"https:\\\/\\\/www.purejewels.com\\\/product\\\/christian-bauer-wedding-ring-273648\\\/#breadcrumb\",\"itemListElement\":[{\"@type\":\"ListItem\",\"position\":1,\"name\":\"Home\",\"item\":\"https:\\\/\\\/www.purejewels.com\\\/\"},{\"@type\":\"ListItem\",\"position\":2,\"name\":\"Shop\",\"item\":\"https:\\\/\\\/www.purejewels.com\\\/shop\\\/\"},{\"@type\":\"ListItem\",\"position\":3,\"name\":\"Christian Bauer Wedding Band Ring\"}]},{\"@type\":\"WebSite\",\"@id\":\"https:\\\/\\\/www.purejewels.com\\\/#website\",\"url\":\"https:\\\/\\\/www.purejewels.com\\\/\",\"name\":\"PureJewels UK\",\"description\":\"Share the Love\",\"publisher\":{\"@id\":\"https:\\\/\\\/www.purejewels.com\\\/#organization\"},\"potentialAction\":[{\"@type\":\"SearchAction\",\"target\":{\"@type\":\"EntryPoint\",\"urlTemplate\":\"https:\\\/\\\/www.purejewels.com\\\/?s={search_term_string}\"},\"query-input\":{\"@type\":\"PropertyValueSpecification\",\"valueRequired\":true,\"valueName\":\"search_term_string\"}}],\"inLanguage\":\"de\"},{\"@type\":\"Organization\",\"@id\":\"https:\\\/\\\/www.purejewels.com\\\/#organization\",\"name\":\"PureJewels UK\",\"url\":\"https:\\\/\\\/www.purejewels.com\\\/\",\"logo\":{\"@type\":\"ImageObject\",\"inLanguage\":\"de\",\"@id\":\"https:\\\/\\\/www.purejewels.com\\\/#\\\/schema\\\/logo\\\/image\\\/\",\"url\":\"https:\\\/\\\/static.purejewels.com\\\/wp-content\\\/uploads\\\/2020\\\/11\\\/Logo-PJ-New-1.png\",\"contentUrl\":\"https:\\\/\\\/static.purejewels.com\\\/wp-content\\\/uploads\\\/2020\\\/11\\\/Logo-PJ-New-1.png\",\"width\":150,\"height\":80,\"caption\":\"PureJewels UK\"},\"image\":{\"@id\":\"https:\\\/\\\/www.purejewels.com\\\/#\\\/schema\\\/logo\\\/image\\\/\"}}]}<\/script>\n<!-- \/ Yoast SEO plugin. -->","yoast_head_json":{"title":"Christian Bauer Ehering - \u00a31700.00.00 (SKU:273648-9200)","robots":{"index":"index","follow":"follow","max-snippet":"max-snippet:-1","max-image-preview":"max-image-preview:large","max-video-preview":"max-video-preview:-1"},"canonical":"https:\/\/www.purejewels.com\/de\/produkt-2\/christian-bauer-trauring-273648\/","og_locale":"de_DE","og_type":"article","og_title":"Christian Bauer Wedding Band Ring - \u00a31700.00.00 (SKU:273648-9200)","og_description":"Authorised stockist of Christian Bauer rings in London  Christian Bauer Wedding Ring \u2013 273648  Finish: Matte finish with polished edge  Metal: Palladium  Finger size pictured: S  Width: 6.5mm  *Your ring is individually made, so contact us to find out about lead times.","og_url":"https:\/\/www.purejewels.com\/de\/produkt-2\/christian-bauer-trauring-273648\/","og_site_name":"PureJewels UK","article_modified_time":"2023-07-06T11:34:33+00:00","og_image":[{"width":960,"height":960,"url":"https:\/\/www.purejewels.com\/wp-content\/uploads\/2020\/07\/137217201.jpg","type":"image\/jpeg"}],"twitter_card":"summary_large_image","twitter_misc":{"Gesch\u00e4tzte Lesezeit":"1\u00a0Minute"},"schema":{"@context":"https:\/\/schema.org","@graph":[{"@type":["WebPage","ItemPage"],"@id":"https:\/\/www.purejewels.com\/product\/christian-bauer-wedding-ring-273648\/","url":"https:\/\/www.purejewels.com\/product\/christian-bauer-wedding-ring-273648\/","name":"Christian Bauer Ehering - \u00a31700.00.00 (SKU:273648-9200)","isPartOf":{"@id":"https:\/\/www.purejewels.com\/#website"},"primaryImageOfPage":{"@id":"https:\/\/www.purejewels.com\/product\/christian-bauer-wedding-ring-273648\/#primaryimage"},"image":{"@id":"https:\/\/www.purejewels.com\/product\/christian-bauer-wedding-ring-273648\/#primaryimage"},"thumbnailUrl":"https:\/\/static.purejewels.com\/wp-content\/uploads\/2020\/07\/137217201.jpg","datePublished":"2017-07-19T12:23:28+00:00","dateModified":"2023-07-06T11:34:33+00:00","breadcrumb":{"@id":"https:\/\/www.purejewels.com\/product\/christian-bauer-wedding-ring-273648\/#breadcrumb"},"inLanguage":"de","potentialAction":[{"@type":"ReadAction","target":["https:\/\/www.purejewels.com\/product\/christian-bauer-wedding-ring-273648\/"]}]},{"@type":"ImageObject","inLanguage":"de","@id":"https:\/\/www.purejewels.com\/product\/christian-bauer-wedding-ring-273648\/#primaryimage","url":"https:\/\/static.purejewels.com\/wp-content\/uploads\/2020\/07\/137217201.jpg","contentUrl":"https:\/\/static.purejewels.com\/wp-content\/uploads\/2020\/07\/137217201.jpg","width":960,"height":960,"caption":"If a Christian Bauer ring has caught your eye, but the price is concerning you, take a look at the Palladium bevelled wedding ring.\u00a0 Christian Bauer now makes a small number of wedding rings in palladium, which is similar to platinum, but softer, more lustrous, and more affordable.\u00a0 We have found this men\u2019s wedding ring to be handsome and well-made, with a sophisticated matte finish and bevelled groove.\u00a0 It\u2019s crafted by hand in the Christian Bauer workshop and stamped with the German Fir to show authenticity.\u00a0\u00a0 \u00a0*Please note that your Christian Bauer ring will be ordered, unless we have your size in stock, so use Live Chat to enquire.*Authorised stockist of Christian Bauer rings in LondonChristian Bauer Wedding Ring \u2013 273648Finish: Matte finish with polished edgeMetal: PalladiumFinger size pictured: SWidth: 6.5mm*Your ring is individually made, so contact us to find out about lead times.Your Christian Bauer wedding ringPalladium is an excellent rare metal with a gleaming finish.\u00a0\u00a0 It is in the platinum family with a high density and a softer nature, like gold.\u00a0 It is an up-and-coming metal in the investment markets and an unusual choice for a wedding ring that is contemporary and interesting.\u00a0 It is worth noting that Christian Bauer only uses previously-mined metals.\u00a0 This means they do not contribute to the ongoing environmental impact of mining: instead reusing and recycling some of the plentiful metal reserves that we already have.&nbsp;"},{"@type":"BreadcrumbList","@id":"https:\/\/www.purejewels.com\/product\/christian-bauer-wedding-ring-273648\/#breadcrumb","itemListElement":[{"@type":"ListItem","position":1,"name":"Home","item":"https:\/\/www.purejewels.com\/"},{"@type":"ListItem","position":2,"name":"Shop","item":"https:\/\/www.purejewels.com\/shop\/"},{"@type":"ListItem","position":3,"name":"Christian Bauer Wedding Band Ring"}]},{"@type":"WebSite","@id":"https:\/\/www.purejewels.com\/#website","url":"https:\/\/www.purejewels.com\/","name":"PureJewels UK","description":"Teile die Liebe","publisher":{"@id":"https:\/\/www.purejewels.com\/#organization"},"potentialAction":[{"@type":"SearchAction","target":{"@type":"EntryPoint","urlTemplate":"https:\/\/www.purejewels.com\/?s={search_term_string}"},"query-input":{"@type":"PropertyValueSpecification","valueRequired":true,"valueName":"search_term_string"}}],"inLanguage":"de"},{"@type":"Organization","@id":"https:\/\/www.purejewels.com\/#organization","name":"PureJewels UK","url":"https:\/\/www.purejewels.com\/","logo":{"@type":"ImageObject","inLanguage":"de","@id":"https:\/\/www.purejewels.com\/#\/schema\/logo\/image\/","url":"https:\/\/static.purejewels.com\/wp-content\/uploads\/2020\/11\/Logo-PJ-New-1.png","contentUrl":"https:\/\/static.purejewels.com\/wp-content\/uploads\/2020\/11\/Logo-PJ-New-1.png","width":150,"height":80,"caption":"PureJewels UK"},"image":{"@id":"https:\/\/www.purejewels.com\/#\/schema\/logo\/image\/"}}]}},"_links":{"self":[{"href":"https:\/\/www.purejewels.com\/de\/wp-json\/wp\/v2\/product\/4014","targetHints":{"allow":["GET"]}}],"collection":[{"href":"https:\/\/www.purejewels.com\/de\/wp-json\/wp\/v2\/product"}],"about":[{"href":"https:\/\/www.purejewels.com\/de\/wp-json\/wp\/v2\/types\/product"}],"replies":[{"embeddable":true,"href":"https:\/\/www.purejewels.com\/de\/wp-json\/wp\/v2\/comments?post=4014"}],"version-history":[{"count":0,"href":"https:\/\/www.purejewels.com\/de\/wp-json\/wp\/v2\/product\/4014\/revisions"}],"wp:featuredmedia":[{"embeddable":true,"href":"https:\/\/www.purejewels.com\/de\/wp-json\/wp\/v2\/media\/315595"}],"wp:attachment":[{"href":"https:\/\/www.purejewels.com\/de\/wp-json\/wp\/v2\/media?parent=4014"}],"wp:term":[{"taxonomy":"product_brand","embeddable":true,"href":"https:\/\/www.purejewels.com\/de\/wp-json\/wp\/v2\/product_brand?post=4014"},{"taxonomy":"product_cat","embeddable":true,"href":"https:\/\/www.purejewels.com\/de\/wp-json\/wp\/v2\/product_cat?post=4014"},{"taxonomy":"product_tag","embeddable":true,"href":"https:\/\/www.purejewels.com\/de\/wp-json\/wp\/v2\/product_tag?post=4014"}],"curies":[{"name":"wp","href":"https:\/\/api.w.org\/{rel}","templated":true}]}}