{"id":402124,"date":"2026-01-07T11:16:44","date_gmt":"2026-01-07T11:16:44","guid":{"rendered":"https:\/\/www.purejewels.com\/?post_type=product&#038;p=402124"},"modified":"2026-02-09T06:40:41","modified_gmt":"2026-02-09T06:40:41","slug":"steinbock-der-bergpfad-halskette-52272","status":"publish","type":"product","link":"https:\/\/www.purejewels.com\/de\/product\/capricorn-the-mountain-path-necklace-52272\/","title":{"rendered":"Capricorn - Der Bergpfad Halskette"},"content":{"rendered":"<p><span class=\"TextRun SCXW206953367 BCX8\" lang=\"EN-US\" xml:lang=\"EN-US\" data-contrast=\"none\"><span class=\"NormalTextRun SCXW206953367 BCX8\" data-ccp-parastyle=\"Body\" data-ccp-parastyle-defn=\"{&quot;ObjectId&quot;:&quot;b669530d-9cee-5fd4-8da3-4cdbed7bfaa2|1&quot;,&quot;ClassId&quot;:1073872969,&quot;Properties&quot;:[469775450,&quot;Body&quot;,201340122,&quot;2&quot;,134233614,&quot;true&quot;,469778129,&quot;Body&quot;,335572020,&quot;1&quot;,469777841,&quot;Calibri&quot;,469777842,&quot;Calibri&quot;,469777843,&quot;Calibri&quot;,469777844,&quot;Calibri&quot;,469769226,&quot;Calibri&quot;,335551500,&quot;0&quot;,268442635,&quot;22&quot;,335559740,&quot;259&quot;,201341983,&quot;0&quot;,335559739,&quot;160&quot;]}\">Explore the <\/span><\/span><span class=\"TextRun SCXW206953367 BCX8\" lang=\"EN-US\" xml:lang=\"EN-US\" data-contrast=\"none\"><span class=\"NormalTextRun SCXW206953367 BCX8\" data-ccp-parastyle=\"Body\">Mountain Path<\/span><\/span><span class=\"TextRun SCXW206953367 BCX8\" lang=\"FR-FR\" xml:lang=\"FR-FR\" data-contrast=\"none\"><span class=\"NormalTextRun SCXW206953367 BCX8\" data-ccp-parastyle=\"Body\"> Necklace<\/span><\/span><span class=\"TextRun SCXW206953367 BCX8\" lang=\"EN-US\" xml:lang=\"EN-US\" data-contrast=\"none\"><span class=\"NormalTextRun SCXW206953367 BCX8\" data-ccp-parastyle=\"Body\">, a Capricorn zodiac necklace from <\/span><span class=\"NormalTextRun SpellingErrorV2Themed SCXW206953367 BCX8\" data-ccp-parastyle=\"Body\">PureJewels<\/span><\/span><span class=\"TextRun SCXW206953367 BCX8\" lang=\"EN-IN\" xml:lang=\"EN-IN\" data-contrast=\"none\"><span class=\"NormalTextRun SCXW206953367 BCX8\" data-ccp-parastyle=\"Body\">\u2019 <\/span><\/span><span class=\"TextRun SCXW206953367 BCX8\" lang=\"FR-FR\" xml:lang=\"FR-FR\" data-contrast=\"none\"><span class=\"NormalTextRun SpellingErrorV2Themed SCXW206953367 BCX8\" data-ccp-parastyle=\"Body\">Virtues<\/span><span class=\"NormalTextRun SCXW206953367 BCX8\" data-ccp-parastyle=\"Body\"> Collection<\/span><\/span><span class=\"TextRun SCXW206953367 BCX8\" lang=\"EN-US\" xml:lang=\"EN-US\" data-contrast=\"none\"><span class=\"NormalTextRun SCXW206953367 BCX8\" data-ccp-parastyle=\"Body\">. Handcrafted in London <\/span><span class=\"NormalTextRun ContextualSpellingAndGrammarErrorV2Themed SCXW206953367 BCX8\" data-ccp-parastyle=\"Body\">in<\/span><span class=\"NormalTextRun SCXW206953367 BCX8\" data-ccp-parastyle=\"Body\"> 22ct Sunrise Gold, this elegant necklace celebrates Capricorn<\/span><\/span><span class=\"TextRun SCXW206953367 BCX8\" lang=\"EN-IN\" xml:lang=\"EN-IN\" data-contrast=\"none\"><span class=\"NormalTextRun SCXW206953367 BCX8\" data-ccp-parastyle=\"Body\">\u2019<\/span><\/span><span class=\"TextRun SCXW206953367 BCX8\" lang=\"EN-US\" xml:lang=\"EN-US\" data-contrast=\"none\"><span class=\"NormalTextRun SCXW206953367 BCX8\" data-ccp-parastyle=\"Body\">s traits of wisdom, ambition, and enduring strength\u2014a perfect gift or personal talisman in fine zodiac <\/span><span class=\"NormalTextRun SpellingErrorV2Themed SCXW206953367 BCX8\" data-ccp-parastyle=\"Body\">jewellery<\/span><span class=\"NormalTextRun SCXW206953367 BCX8\" data-ccp-parastyle=\"Body\">.<\/span><\/span><span class=\"EOP SCXW206953367 BCX8\" data-ccp-props=\"{&quot;201341983&quot;:0,&quot;335559739&quot;:160,&quot;335559740&quot;:259}\">\u00a0<\/span><\/p>\n","protected":false},"excerpt":{"rendered":"<div class=\"woocommerce-product-details__short-description\">\n<p data-ccp-border-bottom=\"0px none #000000\" data-ccp-padding-bottom=\"0px\" data-ccp-border-between=\"0px none #000000\" data-ccp-padding-between=\"0px\"><b><span data-contrast=\"none\">Termine: 22. Dezember<\/span><\/b><b><span data-contrast=\"none\"> - <\/span><\/b><b><span data-contrast=\"none\">19. Januar<\/span><\/b><span data-ccp-props=\"{&quot;201341983&quot;:0,&quot;335559739&quot;:200,&quot;335559740&quot;:276}\">\u00a0<\/span><\/p>\n<p data-ccp-border-bottom=\"0px none #000000\" data-ccp-padding-bottom=\"0px\" data-ccp-border-between=\"0px none #000000\" data-ccp-padding-between=\"0px\"><b><span data-contrast=\"none\">Tugenden: Weisheit - <\/span><\/b><b><span data-contrast=\"none\">Ehrgeiz <\/span><\/b><b><span data-contrast=\"none\">- <\/span><\/b><b><span data-contrast=\"none\">Widerstandsf\u00e4higkeit<\/span><\/b><span data-ccp-props=\"{&quot;201341983&quot;:0,&quot;335559739&quot;:200,&quot;335559740&quot;:276}\">\u00a0<\/span><\/p>\n<p data-ccp-border-bottom=\"0px none #000000\" data-ccp-padding-bottom=\"0px\" data-ccp-border-between=\"0px none #000000\" data-ccp-padding-between=\"0px\"><i><span data-contrast=\"none\">Von Weisheit getrieben, unaufhaltsam aufsteigend<\/span><\/i><i><span data-contrast=\"none\">.<\/span><\/i><span data-ccp-props=\"{&quot;201341983&quot;:0,&quot;335559739&quot;:200,&quot;335559740&quot;:276}\">\u00a0<\/span><\/p>\n<p data-ccp-border-bottom=\"0px none #000000\" data-ccp-padding-bottom=\"0px\" data-ccp-border-between=\"0px none #000000\" data-ccp-padding-between=\"0px\"><span data-contrast=\"none\">Die raffinierte Silhouette des<\/span><span data-contrast=\"none\"> Die Capricorn-Halskette erhebt sich in skulpturaler Eleganz. <\/span><span data-contrast=\"none\">Die gewundene Form erhebt sich mit gelassener Absicht. Dieser Entwurf ist eine Hommage an den von Weisheit gepr\u00e4gten Ehrgeiz, an eine ruhige, in dauerhafte Form gegossene Unverw\u00fcstlichkeit.<\/span><span data-ccp-props=\"{&quot;201341983&quot;:0,&quot;335559739&quot;:200,&quot;335559740&quot;:276}\">\u00a0<\/span><\/p>\n<p><strong>Material:<\/strong> 22ct Gold<strong><br \/>\nWahrzeichen:\u00a0<\/strong>Britisches G\u00fctesiegel<strong><br \/>\n<\/strong><strong>Bruttogewicht: <\/strong>4,80 Gramm<strong><br \/>\nSKU: <\/strong>52272<\/p>\n<p><strong>Preis und Lieferung: <\/strong>Inklusive Mehrwertsteuer und Lieferkosten<strong><br \/>\n<a href=\"https:\/\/www.purejewels.com\/de\/ruckgabepolitik\/\">R\u00fcckgabepolitik<\/a><\/strong><\/p>\n<\/div>\n<div class=\"btn-atc atc-slide\"><\/div>\n<div class=\"product_meta\"><\/div>","protected":false},"featured_media":402125,"comment_status":"closed","ping_status":"closed","template":"","meta":{"_eb_attr":"","_crsspst_to_jayantr4sg-hostcom":false},"product_brand":[],"product_cat":[1790,1229,1253,1255,1778,1575,1574,6019],"product_tag":[],"class_list":{"0":"post-402124","1":"product","2":"type-product","3":"status-publish","4":"has-post-thumbnail","6":"product_cat-for-whom-when","7":"product_cat-22ct-gold-jewellery","8":"product_cat-gold-necklaces","9":"product_cat-gold-pendants","10":"product_cat-short-necklaces","11":"product_cat-teenage-jewellery","12":"product_cat-womens-jewellery","13":"product_cat-zodiac-sign-pendant","15":"first","16":"instock","17":"taxable","18":"shipping-taxable","19":"purchasable","20":"product-type-simple","21":"add-to-wishlist-before_image"},"yoast_head":"<!-- This site is optimized with the Yoast SEO plugin v27.5 - https:\/\/yoast.com\/product\/yoast-seo-wordpress\/ -->\n<title>Capricorn Mountain Path Pendant Necklace | Zodiac Jewellery<\/title>\n<meta name=\"description\" content=\"Celebrate resilience and ambition with the Capricorn Mountain Path Necklace. A finely crafted symbol of growth and determination, made in luxurious Sunrise Gold.\" \/>\n<meta name=\"robots\" content=\"index, follow, max-snippet:-1, max-image-preview:large, max-video-preview:-1\" \/>\n<link rel=\"canonical\" href=\"https:\/\/www.purejewels.com\/de\/produkt-2\/steinbock-der-bergpfad-halskette-52272\/\" \/>\n<meta property=\"og:locale\" content=\"de_DE\" \/>\n<meta property=\"og:type\" content=\"article\" \/>\n<meta property=\"og:title\" content=\"Capricorn Mountain Path Pendant Necklace | Zodiac Jewellery\" \/>\n<meta property=\"og:description\" content=\"Celebrate resilience and ambition with the Capricorn Mountain Path Necklace. A finely crafted symbol of growth and determination, made in luxurious Sunrise Gold.\" \/>\n<meta property=\"og:url\" content=\"https:\/\/www.purejewels.com\/de\/produkt-2\/steinbock-der-bergpfad-halskette-52272\/\" \/>\n<meta property=\"og:site_name\" content=\"PureJewels UK\" \/>\n<meta property=\"article:modified_time\" content=\"2026-02-09T06:40:41+00:00\" \/>\n<meta property=\"og:image\" content=\"https:\/\/static.purejewels.com\/wp-content\/uploads\/2025\/06\/CAPRICORN.png\" \/>\n\t<meta property=\"og:image:width\" content=\"1000\" \/>\n\t<meta property=\"og:image:height\" content=\"1000\" \/>\n\t<meta property=\"og:image:type\" content=\"image\/png\" \/>\n<meta name=\"twitter:card\" content=\"summary_large_image\" \/>\n<meta name=\"twitter:label1\" content=\"Gesch\u00e4tzte Lesezeit\" \/>\n\t<meta name=\"twitter:data1\" content=\"1\u00a0Minute\" \/>\n<script type=\"application\/ld+json\" class=\"yoast-schema-graph\">{\"@context\":\"https:\\\/\\\/schema.org\",\"@graph\":[{\"@type\":[\"WebPage\",\"ItemPage\"],\"@id\":\"https:\\\/\\\/www.purejewels.com\\\/product\\\/capricorn-the-mountain-path-necklace-52272\\\/\",\"url\":\"https:\\\/\\\/www.purejewels.com\\\/product\\\/capricorn-the-mountain-path-necklace-52272\\\/\",\"name\":\"Capricorn Mountain Path Pendant Necklace | Zodiac Jewellery\",\"isPartOf\":{\"@id\":\"https:\\\/\\\/www.purejewels.com\\\/#website\"},\"primaryImageOfPage\":{\"@id\":\"https:\\\/\\\/www.purejewels.com\\\/product\\\/capricorn-the-mountain-path-necklace-52272\\\/#primaryimage\"},\"image\":{\"@id\":\"https:\\\/\\\/www.purejewels.com\\\/product\\\/capricorn-the-mountain-path-necklace-52272\\\/#primaryimage\"},\"thumbnailUrl\":\"https:\\\/\\\/static.purejewels.com\\\/wp-content\\\/uploads\\\/2025\\\/06\\\/CAPRICORN.png\",\"datePublished\":\"2026-01-07T11:16:44+00:00\",\"dateModified\":\"2026-02-09T06:40:41+00:00\",\"description\":\"Celebrate resilience and ambition with the Capricorn Mountain Path Necklace. A finely crafted symbol of growth and determination, made in luxurious Sunrise Gold.\",\"breadcrumb\":{\"@id\":\"https:\\\/\\\/www.purejewels.com\\\/product\\\/capricorn-the-mountain-path-necklace-52272\\\/#breadcrumb\"},\"inLanguage\":\"de\",\"potentialAction\":[{\"@type\":\"ReadAction\",\"target\":[\"https:\\\/\\\/www.purejewels.com\\\/product\\\/capricorn-the-mountain-path-necklace-52272\\\/\"]}]},{\"@type\":\"ImageObject\",\"inLanguage\":\"de\",\"@id\":\"https:\\\/\\\/www.purejewels.com\\\/product\\\/capricorn-the-mountain-path-necklace-52272\\\/#primaryimage\",\"url\":\"https:\\\/\\\/static.purejewels.com\\\/wp-content\\\/uploads\\\/2025\\\/06\\\/CAPRICORN.png\",\"contentUrl\":\"https:\\\/\\\/static.purejewels.com\\\/wp-content\\\/uploads\\\/2025\\\/06\\\/CAPRICORN.png\",\"width\":1000,\"height\":1000,\"caption\":\"Capricorn \u2013 The Mountain Path Pendant\"},{\"@type\":\"BreadcrumbList\",\"@id\":\"https:\\\/\\\/www.purejewels.com\\\/product\\\/capricorn-the-mountain-path-necklace-52272\\\/#breadcrumb\",\"itemListElement\":[{\"@type\":\"ListItem\",\"position\":1,\"name\":\"Home\",\"item\":\"https:\\\/\\\/www.purejewels.com\\\/\"},{\"@type\":\"ListItem\",\"position\":2,\"name\":\"Shop\",\"item\":\"https:\\\/\\\/www.purejewels.com\\\/shop\\\/\"},{\"@type\":\"ListItem\",\"position\":3,\"name\":\"Capricorn \u2013 The Mountain Path Necklace\"}]},{\"@type\":\"WebSite\",\"@id\":\"https:\\\/\\\/www.purejewels.com\\\/#website\",\"url\":\"https:\\\/\\\/www.purejewels.com\\\/\",\"name\":\"PureJewels UK\",\"description\":\"Share the Love\",\"publisher\":{\"@id\":\"https:\\\/\\\/www.purejewels.com\\\/#organization\"},\"potentialAction\":[{\"@type\":\"SearchAction\",\"target\":{\"@type\":\"EntryPoint\",\"urlTemplate\":\"https:\\\/\\\/www.purejewels.com\\\/?s={search_term_string}\"},\"query-input\":{\"@type\":\"PropertyValueSpecification\",\"valueRequired\":true,\"valueName\":\"search_term_string\"}}],\"inLanguage\":\"de\"},{\"@type\":\"Organization\",\"@id\":\"https:\\\/\\\/www.purejewels.com\\\/#organization\",\"name\":\"PureJewels UK\",\"url\":\"https:\\\/\\\/www.purejewels.com\\\/\",\"logo\":{\"@type\":\"ImageObject\",\"inLanguage\":\"de\",\"@id\":\"https:\\\/\\\/www.purejewels.com\\\/#\\\/schema\\\/logo\\\/image\\\/\",\"url\":\"https:\\\/\\\/static.purejewels.com\\\/wp-content\\\/uploads\\\/2020\\\/11\\\/Logo-PJ-New-1.png\",\"contentUrl\":\"https:\\\/\\\/static.purejewels.com\\\/wp-content\\\/uploads\\\/2020\\\/11\\\/Logo-PJ-New-1.png\",\"width\":150,\"height\":80,\"caption\":\"PureJewels UK\"},\"image\":{\"@id\":\"https:\\\/\\\/www.purejewels.com\\\/#\\\/schema\\\/logo\\\/image\\\/\"}}]}<\/script>\n<!-- \/ Yoast SEO plugin. -->","yoast_head_json":{"title":"Steinbock Bergpfad Anh\u00e4nger Halskette | Zodiac-Schmuck","description":"Zelebrieren Sie Widerstandsf\u00e4higkeit und Ehrgeiz mit der Capricorn Mountain Path Halskette. Ein fein gearbeitetes Symbol f\u00fcr Wachstum und Entschlossenheit, gefertigt aus luxuri\u00f6sem Sunrise Gold.","robots":{"index":"index","follow":"follow","max-snippet":"max-snippet:-1","max-image-preview":"max-image-preview:large","max-video-preview":"max-video-preview:-1"},"canonical":"https:\/\/www.purejewels.com\/de\/produkt-2\/steinbock-der-bergpfad-halskette-52272\/","og_locale":"de_DE","og_type":"article","og_title":"Capricorn Mountain Path Pendant Necklace | Zodiac Jewellery","og_description":"Celebrate resilience and ambition with the Capricorn Mountain Path Necklace. A finely crafted symbol of growth and determination, made in luxurious Sunrise Gold.","og_url":"https:\/\/www.purejewels.com\/de\/produkt-2\/steinbock-der-bergpfad-halskette-52272\/","og_site_name":"PureJewels UK","article_modified_time":"2026-02-09T06:40:41+00:00","og_image":[{"width":1000,"height":1000,"url":"https:\/\/static.purejewels.com\/wp-content\/uploads\/2025\/06\/CAPRICORN.png","type":"image\/png"}],"twitter_card":"summary_large_image","twitter_misc":{"Gesch\u00e4tzte Lesezeit":"1\u00a0Minute"},"schema":{"@context":"https:\/\/schema.org","@graph":[{"@type":["WebPage","ItemPage"],"@id":"https:\/\/www.purejewels.com\/product\/capricorn-the-mountain-path-necklace-52272\/","url":"https:\/\/www.purejewels.com\/product\/capricorn-the-mountain-path-necklace-52272\/","name":"Steinbock Bergpfad Anh\u00e4nger Halskette | Zodiac-Schmuck","isPartOf":{"@id":"https:\/\/www.purejewels.com\/#website"},"primaryImageOfPage":{"@id":"https:\/\/www.purejewels.com\/product\/capricorn-the-mountain-path-necklace-52272\/#primaryimage"},"image":{"@id":"https:\/\/www.purejewels.com\/product\/capricorn-the-mountain-path-necklace-52272\/#primaryimage"},"thumbnailUrl":"https:\/\/static.purejewels.com\/wp-content\/uploads\/2025\/06\/CAPRICORN.png","datePublished":"2026-01-07T11:16:44+00:00","dateModified":"2026-02-09T06:40:41+00:00","description":"Zelebrieren Sie Widerstandsf\u00e4higkeit und Ehrgeiz mit der Capricorn Mountain Path Halskette. Ein fein gearbeitetes Symbol f\u00fcr Wachstum und Entschlossenheit, gefertigt aus luxuri\u00f6sem Sunrise Gold.","breadcrumb":{"@id":"https:\/\/www.purejewels.com\/product\/capricorn-the-mountain-path-necklace-52272\/#breadcrumb"},"inLanguage":"de","potentialAction":[{"@type":"ReadAction","target":["https:\/\/www.purejewels.com\/product\/capricorn-the-mountain-path-necklace-52272\/"]}]},{"@type":"ImageObject","inLanguage":"de","@id":"https:\/\/www.purejewels.com\/product\/capricorn-the-mountain-path-necklace-52272\/#primaryimage","url":"https:\/\/static.purejewels.com\/wp-content\/uploads\/2025\/06\/CAPRICORN.png","contentUrl":"https:\/\/static.purejewels.com\/wp-content\/uploads\/2025\/06\/CAPRICORN.png","width":1000,"height":1000,"caption":"Capricorn \u2013 The Mountain Path Pendant"},{"@type":"BreadcrumbList","@id":"https:\/\/www.purejewels.com\/product\/capricorn-the-mountain-path-necklace-52272\/#breadcrumb","itemListElement":[{"@type":"ListItem","position":1,"name":"Home","item":"https:\/\/www.purejewels.com\/"},{"@type":"ListItem","position":2,"name":"Shop","item":"https:\/\/www.purejewels.com\/shop\/"},{"@type":"ListItem","position":3,"name":"Capricorn \u2013 The Mountain Path Necklace"}]},{"@type":"WebSite","@id":"https:\/\/www.purejewels.com\/#website","url":"https:\/\/www.purejewels.com\/","name":"PureJewels UK","description":"Teile die Liebe","publisher":{"@id":"https:\/\/www.purejewels.com\/#organization"},"potentialAction":[{"@type":"SearchAction","target":{"@type":"EntryPoint","urlTemplate":"https:\/\/www.purejewels.com\/?s={search_term_string}"},"query-input":{"@type":"PropertyValueSpecification","valueRequired":true,"valueName":"search_term_string"}}],"inLanguage":"de"},{"@type":"Organization","@id":"https:\/\/www.purejewels.com\/#organization","name":"PureJewels UK","url":"https:\/\/www.purejewels.com\/","logo":{"@type":"ImageObject","inLanguage":"de","@id":"https:\/\/www.purejewels.com\/#\/schema\/logo\/image\/","url":"https:\/\/static.purejewels.com\/wp-content\/uploads\/2020\/11\/Logo-PJ-New-1.png","contentUrl":"https:\/\/static.purejewels.com\/wp-content\/uploads\/2020\/11\/Logo-PJ-New-1.png","width":150,"height":80,"caption":"PureJewels UK"},"image":{"@id":"https:\/\/www.purejewels.com\/#\/schema\/logo\/image\/"}}]}},"_links":{"self":[{"href":"https:\/\/www.purejewels.com\/de\/wp-json\/wp\/v2\/product\/402124","targetHints":{"allow":["GET"]}}],"collection":[{"href":"https:\/\/www.purejewels.com\/de\/wp-json\/wp\/v2\/product"}],"about":[{"href":"https:\/\/www.purejewels.com\/de\/wp-json\/wp\/v2\/types\/product"}],"replies":[{"embeddable":true,"href":"https:\/\/www.purejewels.com\/de\/wp-json\/wp\/v2\/comments?post=402124"}],"version-history":[{"count":5,"href":"https:\/\/www.purejewels.com\/de\/wp-json\/wp\/v2\/product\/402124\/revisions"}],"predecessor-version":[{"id":424813,"href":"https:\/\/www.purejewels.com\/de\/wp-json\/wp\/v2\/product\/402124\/revisions\/424813"}],"wp:featuredmedia":[{"embeddable":true,"href":"https:\/\/www.purejewels.com\/de\/wp-json\/wp\/v2\/media\/402125"}],"wp:attachment":[{"href":"https:\/\/www.purejewels.com\/de\/wp-json\/wp\/v2\/media?parent=402124"}],"wp:term":[{"taxonomy":"product_brand","embeddable":true,"href":"https:\/\/www.purejewels.com\/de\/wp-json\/wp\/v2\/product_brand?post=402124"},{"taxonomy":"product_cat","embeddable":true,"href":"https:\/\/www.purejewels.com\/de\/wp-json\/wp\/v2\/product_cat?post=402124"},{"taxonomy":"product_tag","embeddable":true,"href":"https:\/\/www.purejewels.com\/de\/wp-json\/wp\/v2\/product_tag?post=402124"}],"curies":[{"name":"wp","href":"https:\/\/api.w.org\/{rel}","templated":true}]}}