{"id":402709,"date":"2025-04-27T05:59:49","date_gmt":"2025-04-27T04:59:49","guid":{"rendered":"https:\/\/www.purejewels.com\/?post_type=product&#038;p=402709"},"modified":"2025-08-20T07:34:15","modified_gmt":"2025-08-20T06:34:15","slug":"elegante-ohrstecker-aus-18-karat-gold-fur-frauen-51502","status":"publish","type":"product","link":"https:\/\/www.purejewels.com\/de\/product\/elegant-18ct-gold-studs-for-women-51502\/","title":{"rendered":"Elegante Ohrstecker aus 18 Karat Gold f\u00fcr Frauen"},"content":{"rendered":"<p data-start=\"658\" data-end=\"1050\">Erh\u00f6hen Sie Ihre allt\u00e4gliche Eleganz mit diesen exquisit gearbeiteten Ohrsteckern aus 18 Karat Gold. Jeder Ohrring ist in einem raffinierten floralen Motiv gestaltet und besticht durch ein Arrangement von Diamanten im Brillantschliff, die in leuchtendem Wei\u00df- und Gelbgold gefasst sind. Die V-f\u00f6rmige Silhouette, die mit einer Reihe sorgf\u00e4ltig gefasster Diamanten geschm\u00fcckt ist, verleiht einen Hauch von moderner Raffinesse und ist gleichzeitig eine Hommage an zeitlose Kunstfertigkeit.<\/p>\n<p data-start=\"1052\" data-end=\"1428\">Diese Ohrringe sind leicht, vielseitig und eignen sich sowohl f\u00fcr den t\u00e4glichen Gebrauch als auch f\u00fcr besondere Anl\u00e4sse. Egal, ob Sie sich f\u00fcr eine Hochzeit oder ein formelles Abendessen kleiden oder Ihrer Arbeitskleidung subtilen Glamour verleihen, diese Ohrstecker setzen ein anmutiges Statement.<\/p>","protected":false},"excerpt":{"rendered":"<p>Diese diamantenen Ohrstecker aus 18 Karat Gold sind eine perfekte Harmonie aus Eleganz und Raffinesse und wurden f\u00fcr die moderne Frau entworfen. Mit einem anmutigen Blumenmotiv und einem funkelnden Diamantenarrangement verbinden sie nahtlos Tradition mit zeitgen\u00f6ssischer Finesse.<\/p>\n<p><strong>Material:<\/strong> 18ct Gold<br \/>\n<strong>Wahrzeichen:\u00a0<\/strong>Britisches G\u00fctesiegel<strong><br \/>\n<\/strong><strong>Stein:\u00a0<\/strong>Nat\u00fcrliche Diamanten<strong><br \/>\nGewicht der Diamanten: <\/strong>0,29ct (insgesamt)<br \/>\n<strong>Bruttogewicht:<\/strong> 3.30 Gms<strong><br \/>\n<\/strong><strong>SKU:<\/strong>51502<\/p>\n<p><strong>Preis und Lieferung:\u00a0<\/strong>Inklusive Mehrwertsteuer und Lieferkosten<strong><br \/>\n<a href=\"https:\/\/www.purejewels.com\/de\/ruckgabepolitik\/\">R\u00fcckgabepolitik<\/a><\/strong><\/p>","protected":false},"featured_media":402710,"comment_status":"closed","ping_status":"closed","template":"","meta":{"_eb_attr":"","_crsspst_to_jayantr4sg-hostcom":true},"product_brand":[],"product_cat":[6086,5679,1791,1559,1794,5458,5457,1254,1579,1569,1574],"product_tag":[66],"class_list":{"0":"post-402709","1":"product","2":"type-product","3":"status-publish","4":"has-post-thumbnail","6":"product_cat-18ct-gold-earring","7":"product_cat-18ct-gold-jewellery","8":"product_cat-anniversary-gifts","9":"product_cat-birthday-gifts","10":"product_cat-christmas-gifts","11":"product_cat-diamond-earring","12":"product_cat-diamond-jewellery","13":"product_cat-gold-earrings","14":"product_cat-hoop-earrings","15":"product_cat-valentine-day-gifts","16":"product_cat-womens-jewellery","17":"product_tag-earrings","19":"first","20":"outofstock","21":"taxable","22":"shipping-taxable","23":"product-type-simple","24":"add-to-wishlist-before_image"},"yoast_head":"<!-- This site is optimized with the Yoast SEO plugin v27.5 - https:\/\/yoast.com\/product\/yoast-seo-wordpress\/ -->\n<title>Elegant 18ct Gold Diamond Stud Earrings | PureJewels London<\/title>\n<meta name=\"description\" content=\"Discover timeless elegance with these 18ct gold stud earrings for women. Perfect for every occasion. Shop luxury with PureJewels.\" \/>\n<meta name=\"robots\" content=\"index, follow, max-snippet:-1, max-image-preview:large, max-video-preview:-1\" \/>\n<link rel=\"canonical\" href=\"https:\/\/www.purejewels.com\/de\/produkt-2\/elegante-ohrstecker-aus-18-karat-gold-fur-frauen-51502\/\" \/>\n<meta property=\"og:locale\" content=\"de_DE\" \/>\n<meta property=\"og:type\" content=\"article\" \/>\n<meta property=\"og:title\" content=\"Elegant 18ct Gold Diamond Stud Earrings | PureJewels London\" \/>\n<meta property=\"og:description\" content=\"Discover timeless elegance with these 18ct gold stud earrings for women. Perfect for every occasion. Shop luxury with PureJewels.\" \/>\n<meta property=\"og:url\" content=\"https:\/\/www.purejewels.com\/de\/produkt-2\/elegante-ohrstecker-aus-18-karat-gold-fur-frauen-51502\/\" \/>\n<meta property=\"og:site_name\" content=\"PureJewels UK\" \/>\n<meta property=\"article:modified_time\" content=\"2025-08-20T06:34:15+00:00\" \/>\n<meta property=\"og:image\" content=\"https:\/\/www.purejewels.com\/wp-content\/uploads\/2025\/06\/SKU-51502-yellow-gold.png\" \/>\n\t<meta property=\"og:image:width\" content=\"1000\" \/>\n\t<meta property=\"og:image:height\" content=\"1000\" \/>\n\t<meta property=\"og:image:type\" content=\"image\/png\" \/>\n<meta name=\"twitter:card\" content=\"summary_large_image\" \/>\n<script type=\"application\/ld+json\" class=\"yoast-schema-graph\">{\"@context\":\"https:\\\/\\\/schema.org\",\"@graph\":[{\"@type\":[\"WebPage\",\"ItemPage\"],\"@id\":\"https:\\\/\\\/www.purejewels.com\\\/product\\\/elegant-18ct-gold-studs-for-women-51502\\\/\",\"url\":\"https:\\\/\\\/www.purejewels.com\\\/product\\\/elegant-18ct-gold-studs-for-women-51502\\\/\",\"name\":\"Elegant 18ct Gold Diamond Stud Earrings | PureJewels London\",\"isPartOf\":{\"@id\":\"https:\\\/\\\/www.purejewels.com\\\/#website\"},\"primaryImageOfPage\":{\"@id\":\"https:\\\/\\\/www.purejewels.com\\\/product\\\/elegant-18ct-gold-studs-for-women-51502\\\/#primaryimage\"},\"image\":{\"@id\":\"https:\\\/\\\/www.purejewels.com\\\/product\\\/elegant-18ct-gold-studs-for-women-51502\\\/#primaryimage\"},\"thumbnailUrl\":\"https:\\\/\\\/static.purejewels.com\\\/wp-content\\\/uploads\\\/2025\\\/06\\\/SKU-51502-yellow-gold.png\",\"datePublished\":\"2025-04-27T04:59:49+00:00\",\"dateModified\":\"2025-08-20T06:34:15+00:00\",\"description\":\"Discover timeless elegance with these 18ct gold stud earrings for women. Perfect for every occasion. Shop luxury with PureJewels.\",\"breadcrumb\":{\"@id\":\"https:\\\/\\\/www.purejewels.com\\\/product\\\/elegant-18ct-gold-studs-for-women-51502\\\/#breadcrumb\"},\"inLanguage\":\"de\",\"potentialAction\":[{\"@type\":\"ReadAction\",\"target\":[\"https:\\\/\\\/www.purejewels.com\\\/product\\\/elegant-18ct-gold-studs-for-women-51502\\\/\"]}]},{\"@type\":\"ImageObject\",\"inLanguage\":\"de\",\"@id\":\"https:\\\/\\\/www.purejewels.com\\\/product\\\/elegant-18ct-gold-studs-for-women-51502\\\/#primaryimage\",\"url\":\"https:\\\/\\\/static.purejewels.com\\\/wp-content\\\/uploads\\\/2025\\\/06\\\/SKU-51502-yellow-gold.png\",\"contentUrl\":\"https:\\\/\\\/static.purejewels.com\\\/wp-content\\\/uploads\\\/2025\\\/06\\\/SKU-51502-yellow-gold.png\",\"width\":1000,\"height\":1000,\"caption\":\"Elegant 18ct Gold Studs For Women\"},{\"@type\":\"BreadcrumbList\",\"@id\":\"https:\\\/\\\/www.purejewels.com\\\/product\\\/elegant-18ct-gold-studs-for-women-51502\\\/#breadcrumb\",\"itemListElement\":[{\"@type\":\"ListItem\",\"position\":1,\"name\":\"Home\",\"item\":\"https:\\\/\\\/www.purejewels.com\\\/\"},{\"@type\":\"ListItem\",\"position\":2,\"name\":\"Shop\",\"item\":\"https:\\\/\\\/www.purejewels.com\\\/shop\\\/\"},{\"@type\":\"ListItem\",\"position\":3,\"name\":\"Elegant 18ct Gold Studs For Women\"}]},{\"@type\":\"WebSite\",\"@id\":\"https:\\\/\\\/www.purejewels.com\\\/#website\",\"url\":\"https:\\\/\\\/www.purejewels.com\\\/\",\"name\":\"PureJewels UK\",\"description\":\"Share the Love\",\"publisher\":{\"@id\":\"https:\\\/\\\/www.purejewels.com\\\/#organization\"},\"potentialAction\":[{\"@type\":\"SearchAction\",\"target\":{\"@type\":\"EntryPoint\",\"urlTemplate\":\"https:\\\/\\\/www.purejewels.com\\\/?s={search_term_string}\"},\"query-input\":{\"@type\":\"PropertyValueSpecification\",\"valueRequired\":true,\"valueName\":\"search_term_string\"}}],\"inLanguage\":\"de\"},{\"@type\":\"Organization\",\"@id\":\"https:\\\/\\\/www.purejewels.com\\\/#organization\",\"name\":\"PureJewels UK\",\"url\":\"https:\\\/\\\/www.purejewels.com\\\/\",\"logo\":{\"@type\":\"ImageObject\",\"inLanguage\":\"de\",\"@id\":\"https:\\\/\\\/www.purejewels.com\\\/#\\\/schema\\\/logo\\\/image\\\/\",\"url\":\"https:\\\/\\\/static.purejewels.com\\\/wp-content\\\/uploads\\\/2020\\\/11\\\/Logo-PJ-New-1.png\",\"contentUrl\":\"https:\\\/\\\/static.purejewels.com\\\/wp-content\\\/uploads\\\/2020\\\/11\\\/Logo-PJ-New-1.png\",\"width\":150,\"height\":80,\"caption\":\"PureJewels UK\"},\"image\":{\"@id\":\"https:\\\/\\\/www.purejewels.com\\\/#\\\/schema\\\/logo\\\/image\\\/\"}}]}<\/script>\n<!-- \/ Yoast SEO plugin. -->","yoast_head_json":{"title":"Elegante 18ct Gold Diamant-Ohrstecker | PureJewels London","description":"Entdecken Sie zeitlose Eleganz mit diesen Ohrsteckern aus 18 Karat Gold f\u00fcr Damen. Perfekt f\u00fcr jeden Anlass. Kaufen Sie Luxus mit PureJewels.","robots":{"index":"index","follow":"follow","max-snippet":"max-snippet:-1","max-image-preview":"max-image-preview:large","max-video-preview":"max-video-preview:-1"},"canonical":"https:\/\/www.purejewels.com\/de\/produkt-2\/elegante-ohrstecker-aus-18-karat-gold-fur-frauen-51502\/","og_locale":"de_DE","og_type":"article","og_title":"Elegant 18ct Gold Diamond Stud Earrings | PureJewels London","og_description":"Discover timeless elegance with these 18ct gold stud earrings for women. Perfect for every occasion. Shop luxury with PureJewels.","og_url":"https:\/\/www.purejewels.com\/de\/produkt-2\/elegante-ohrstecker-aus-18-karat-gold-fur-frauen-51502\/","og_site_name":"PureJewels UK","article_modified_time":"2025-08-20T06:34:15+00:00","og_image":[{"width":1000,"height":1000,"url":"https:\/\/www.purejewels.com\/wp-content\/uploads\/2025\/06\/SKU-51502-yellow-gold.png","type":"image\/png"}],"twitter_card":"summary_large_image","schema":{"@context":"https:\/\/schema.org","@graph":[{"@type":["WebPage","ItemPage"],"@id":"https:\/\/www.purejewels.com\/product\/elegant-18ct-gold-studs-for-women-51502\/","url":"https:\/\/www.purejewels.com\/product\/elegant-18ct-gold-studs-for-women-51502\/","name":"Elegante 18ct Gold Diamant-Ohrstecker | PureJewels London","isPartOf":{"@id":"https:\/\/www.purejewels.com\/#website"},"primaryImageOfPage":{"@id":"https:\/\/www.purejewels.com\/product\/elegant-18ct-gold-studs-for-women-51502\/#primaryimage"},"image":{"@id":"https:\/\/www.purejewels.com\/product\/elegant-18ct-gold-studs-for-women-51502\/#primaryimage"},"thumbnailUrl":"https:\/\/static.purejewels.com\/wp-content\/uploads\/2025\/06\/SKU-51502-yellow-gold.png","datePublished":"2025-04-27T04:59:49+00:00","dateModified":"2025-08-20T06:34:15+00:00","description":"Entdecken Sie zeitlose Eleganz mit diesen Ohrsteckern aus 18 Karat Gold f\u00fcr Damen. Perfekt f\u00fcr jeden Anlass. Kaufen Sie Luxus mit PureJewels.","breadcrumb":{"@id":"https:\/\/www.purejewels.com\/product\/elegant-18ct-gold-studs-for-women-51502\/#breadcrumb"},"inLanguage":"de","potentialAction":[{"@type":"ReadAction","target":["https:\/\/www.purejewels.com\/product\/elegant-18ct-gold-studs-for-women-51502\/"]}]},{"@type":"ImageObject","inLanguage":"de","@id":"https:\/\/www.purejewels.com\/product\/elegant-18ct-gold-studs-for-women-51502\/#primaryimage","url":"https:\/\/static.purejewels.com\/wp-content\/uploads\/2025\/06\/SKU-51502-yellow-gold.png","contentUrl":"https:\/\/static.purejewels.com\/wp-content\/uploads\/2025\/06\/SKU-51502-yellow-gold.png","width":1000,"height":1000,"caption":"Elegant 18ct Gold Studs For Women"},{"@type":"BreadcrumbList","@id":"https:\/\/www.purejewels.com\/product\/elegant-18ct-gold-studs-for-women-51502\/#breadcrumb","itemListElement":[{"@type":"ListItem","position":1,"name":"Home","item":"https:\/\/www.purejewels.com\/"},{"@type":"ListItem","position":2,"name":"Shop","item":"https:\/\/www.purejewels.com\/shop\/"},{"@type":"ListItem","position":3,"name":"Elegant 18ct Gold Studs For Women"}]},{"@type":"WebSite","@id":"https:\/\/www.purejewels.com\/#website","url":"https:\/\/www.purejewels.com\/","name":"PureJewels UK","description":"Teile die Liebe","publisher":{"@id":"https:\/\/www.purejewels.com\/#organization"},"potentialAction":[{"@type":"SearchAction","target":{"@type":"EntryPoint","urlTemplate":"https:\/\/www.purejewels.com\/?s={search_term_string}"},"query-input":{"@type":"PropertyValueSpecification","valueRequired":true,"valueName":"search_term_string"}}],"inLanguage":"de"},{"@type":"Organization","@id":"https:\/\/www.purejewels.com\/#organization","name":"PureJewels UK","url":"https:\/\/www.purejewels.com\/","logo":{"@type":"ImageObject","inLanguage":"de","@id":"https:\/\/www.purejewels.com\/#\/schema\/logo\/image\/","url":"https:\/\/static.purejewels.com\/wp-content\/uploads\/2020\/11\/Logo-PJ-New-1.png","contentUrl":"https:\/\/static.purejewels.com\/wp-content\/uploads\/2020\/11\/Logo-PJ-New-1.png","width":150,"height":80,"caption":"PureJewels UK"},"image":{"@id":"https:\/\/www.purejewels.com\/#\/schema\/logo\/image\/"}}]}},"_links":{"self":[{"href":"https:\/\/www.purejewels.com\/de\/wp-json\/wp\/v2\/product\/402709","targetHints":{"allow":["GET"]}}],"collection":[{"href":"https:\/\/www.purejewels.com\/de\/wp-json\/wp\/v2\/product"}],"about":[{"href":"https:\/\/www.purejewels.com\/de\/wp-json\/wp\/v2\/types\/product"}],"replies":[{"embeddable":true,"href":"https:\/\/www.purejewels.com\/de\/wp-json\/wp\/v2\/comments?post=402709"}],"version-history":[{"count":1,"href":"https:\/\/www.purejewels.com\/de\/wp-json\/wp\/v2\/product\/402709\/revisions"}],"predecessor-version":[{"id":402712,"href":"https:\/\/www.purejewels.com\/de\/wp-json\/wp\/v2\/product\/402709\/revisions\/402712"}],"wp:featuredmedia":[{"embeddable":true,"href":"https:\/\/www.purejewels.com\/de\/wp-json\/wp\/v2\/media\/402710"}],"wp:attachment":[{"href":"https:\/\/www.purejewels.com\/de\/wp-json\/wp\/v2\/media?parent=402709"}],"wp:term":[{"taxonomy":"product_brand","embeddable":true,"href":"https:\/\/www.purejewels.com\/de\/wp-json\/wp\/v2\/product_brand?post=402709"},{"taxonomy":"product_cat","embeddable":true,"href":"https:\/\/www.purejewels.com\/de\/wp-json\/wp\/v2\/product_cat?post=402709"},{"taxonomy":"product_tag","embeddable":true,"href":"https:\/\/www.purejewels.com\/de\/wp-json\/wp\/v2\/product_tag?post=402709"}],"curies":[{"name":"wp","href":"https:\/\/api.w.org\/{rel}","templated":true}]}}