{"id":402759,"date":"2025-03-27T08:40:55","date_gmt":"2025-03-27T08:40:55","guid":{"rendered":"https:\/\/www.purejewels.com\/?post_type=product&#038;p=402759"},"modified":"2026-03-11T09:11:10","modified_gmt":"2026-03-11T09:11:10","slug":"18-karat-gold-diamant-bluten-ohrstecker-51507","status":"publish","type":"product","link":"https:\/\/www.purejewels.com\/de\/product\/18ct-gold-diamond-blossom-stud-earrings-51507\/","title":{"rendered":"18ct Gold Diamant-Bl\u00fcten-Ohrstecker"},"content":{"rendered":"<p data-start=\"210\" data-end=\"580\">Genie\u00dfen Sie die Sch\u00f6nheit zeitloser Eleganz mit diesen <strong data-start=\"261\" data-end=\"304\">18ct Gold Diamant-Bl\u00fcten-Ohrstecker<\/strong>Das filigrane Design dieses Schmuckst\u00fccks spiegelt den zarten Charme einer bl\u00fchenden Blume wider. Das aus 18-kar\u00e4tigem Gelbgold gefertigte Design zeigt ein strahlendes Bl\u00fctenmotiv mit einem Cluster aus funkelnden Diamanten im Rundschliff in der Mitte, umgeben von Diamanten in Pav\u00e9-Fassung, die die Brillanz verst\u00e4rken.<\/p>\n<p data-start=\"582\" data-end=\"851\">Diese Ohrringe sind ein raffinierter Ausdruck von Weiblichkeit und bieten leichten Komfort mit dauerhafter Raffinesse. Mit einem Gesamtgewicht der Diamanten von <strong data-start=\"727\" data-end=\"737\">0,39ct<\/strong>Sie bieten genau die richtige Menge an Glanz, um nahtlos von der Eleganz des Tages zum Glamour des Abends \u00fcberzugehen.<\/p>\n<p data-start=\"853\" data-end=\"970\">Jedes Paar wird in sorgf\u00e4ltiger Handarbeit hergestellt und verk\u00f6rpert das Engagement von PureJewels f\u00fcr traditionelle Handwerkskunst und modernen Luxus.<\/p>\n<ul>\n<li data-start=\"1006\" data-end=\"1037\">\n<p data-start=\"1008\" data-end=\"1037\"><strong data-start=\"1008\" data-end=\"1018\">Metall:<\/strong> 18ct Gelbgold<\/p>\n<\/li>\n<li data-start=\"1038\" data-end=\"1078\">\n<p data-start=\"1040\" data-end=\"1078\"><strong data-start=\"1040\" data-end=\"1059\">Gewicht der Diamanten:<\/strong> 0,39 Karat insgesamt<\/p>\n<\/li>\n<li data-start=\"1079\" data-end=\"1123\">\n<p data-start=\"1081\" data-end=\"1123\"><strong data-start=\"1081\" data-end=\"1092\">Entwurf:<\/strong> Elegantes Blumen-\/Bl\u00fctenmotiv<\/p>\n<\/li>\n<li data-start=\"1124\" data-end=\"1177\">\n<p data-start=\"1126\" data-end=\"1177\"><strong data-start=\"1126\" data-end=\"1137\">Beenden:<\/strong> Hochglanzpoliert mit Diamantpav\u00e9-Fassung<\/p>\n<\/li>\n<li data-start=\"1178\" data-end=\"1227\">\n<p data-start=\"1180\" data-end=\"1227\"><strong data-start=\"1180\" data-end=\"1194\">Verschluss:<\/strong> Sicherer Schraubverschluss<\/p>\n<\/li>\n<li data-start=\"1228\" data-end=\"1287\">\n<p data-start=\"1230\" data-end=\"1287\"><strong data-start=\"1230\" data-end=\"1248\">Handwerkliches K\u00f6nnen:<\/strong> Handgefertigt mit Pr\u00e4zision in London<\/p>\n<\/li>\n<li data-start=\"1288\" data-end=\"1350\">\n<p data-start=\"1290\" data-end=\"1350\"><strong data-start=\"1290\" data-end=\"1303\">Anlass:<\/strong> Perfekt f\u00fcr den t\u00e4glichen Gebrauch, Hochzeiten oder als Geschenk<\/p>\n<\/li>\n<li data-start=\"1351\" data-end=\"1424\">\n<p data-start=\"1353\" data-end=\"1424\"><strong data-start=\"1353\" data-end=\"1368\">Gepunzt:<\/strong> Vom London Assay Office auf Echtheit zertifiziert<\/p>\n<\/li>\n<\/ul>\n<p data-start=\"853\" data-end=\"970\">","protected":false},"excerpt":{"rendered":"<p>Zelebrieren Sie zeitlose Eleganz mit diesen <strong data-start=\"600\" data-end=\"643\">Diamantbl\u00fcten-Ohrstecker aus 18 Karat Gold<\/strong>Mit schimmernden Diamanten verziert, die in einem anmutigen Blumendesign angeordnet sind. Ein Symbol f\u00fcr Sch\u00f6nheit und Raffinesse, perfekt f\u00fcr jeden Anlass.<\/p>\n<p><strong>Material:<\/strong> 18ct Gold<br \/>\n<strong>Wahrzeichen:\u00a0<\/strong>Britisches G\u00fctesiegel<strong><br \/>\n<\/strong><strong>Stein:\u00a0<\/strong>Nat\u00fcrliche Diamanten<strong><br \/>\nGewicht der Diamanten: <\/strong>0,39ct (insgesamt)<br \/>\n<strong>Bruttogewicht:<\/strong> 4,40 Gramm<strong><br \/>\n<\/strong><strong>SKU: <\/strong>51507<\/p>\n<p><strong>Preis und Lieferung:\u00a0<\/strong>Inklusive Mehrwertsteuer und Lieferkosten<strong><br \/>\n<a href=\"https:\/\/www.purejewels.com\/de\/ruckgabepolitik\/\">R\u00fcckgabepolitik<\/a><\/strong><\/p>","protected":false},"featured_media":402761,"comment_status":"closed","ping_status":"closed","template":"","meta":{"_eb_attr":"","_crsspst_to_jayantr4sg-hostcom":true},"product_brand":[],"product_cat":[6086,5679,1791,1559,1794,5458,5457,6190,1790,1254,1570,1577,1569,1574],"product_tag":[66],"class_list":{"0":"post-402759","1":"product","2":"type-product","3":"status-publish","4":"has-post-thumbnail","6":"product_cat-18ct-gold-earring","7":"product_cat-18ct-gold-jewellery","8":"product_cat-anniversary-gifts","9":"product_cat-birthday-gifts","10":"product_cat-christmas-gifts","11":"product_cat-diamond-earring","12":"product_cat-diamond-jewellery","13":"product_cat-easter-jewellery","14":"product_cat-for-whom-when","15":"product_cat-gold-earrings","16":"product_cat-mothers-day-gifts","17":"product_cat-stud-earrings","18":"product_cat-valentine-day-gifts","19":"product_cat-womens-jewellery","20":"product_tag-earrings","22":"first","23":"instock","24":"taxable","25":"shipping-taxable","26":"purchasable","27":"product-type-simple","28":"add-to-wishlist-before_image"},"yoast_head":"<!-- This site is optimized with the Yoast SEO plugin v27.3 - https:\/\/yoast.com\/product\/yoast-seo-wordpress\/ -->\n<title>18ct Gold Diamond Blossom Stud Earrings | Elegant Floral Design<\/title>\n<meta name=\"description\" content=\"Discover 18ct gold diamond blossom stud earrings featuring delicate floral design and sparkling diamonds. Perfect for everyday elegance or special occasions.\" \/>\n<meta name=\"robots\" content=\"index, follow, max-snippet:-1, max-image-preview:large, max-video-preview:-1\" \/>\n<link rel=\"canonical\" href=\"https:\/\/www.purejewels.com\/de\/produkt-2\/18-karat-gold-diamant-bluten-ohrstecker-51507\/\" \/>\n<meta property=\"og:locale\" content=\"de_DE\" \/>\n<meta property=\"og:type\" content=\"article\" \/>\n<meta property=\"og:title\" content=\"18ct Gold Diamond Blossom Stud Earrings | Elegant Floral Design\" \/>\n<meta property=\"og:description\" content=\"Discover 18ct gold diamond blossom stud earrings featuring delicate floral design and sparkling diamonds. Perfect for everyday elegance or special occasions.\" \/>\n<meta property=\"og:url\" content=\"https:\/\/www.purejewels.com\/de\/produkt-2\/18-karat-gold-diamant-bluten-ohrstecker-51507\/\" \/>\n<meta property=\"og:site_name\" content=\"PureJewels UK\" \/>\n<meta property=\"article:modified_time\" content=\"2026-03-11T09:11:10+00:00\" \/>\n<meta property=\"og:image\" content=\"https:\/\/static.purejewels.com\/wp-content\/uploads\/2025\/06\/SKU-51507-yellow-gold.png\" \/>\n\t<meta property=\"og:image:width\" content=\"1000\" \/>\n\t<meta property=\"og:image:height\" content=\"1000\" \/>\n\t<meta property=\"og:image:type\" content=\"image\/png\" \/>\n<meta name=\"twitter:card\" content=\"summary_large_image\" \/>\n<meta name=\"twitter:label1\" content=\"Gesch\u00e4tzte Lesezeit\" \/>\n\t<meta name=\"twitter:data1\" content=\"1\u00a0Minute\" \/>\n<script type=\"application\/ld+json\" class=\"yoast-schema-graph\">{\"@context\":\"https:\\\/\\\/schema.org\",\"@graph\":[{\"@type\":[\"WebPage\",\"ItemPage\"],\"@id\":\"https:\\\/\\\/www.purejewels.com\\\/product\\\/18ct-gold-diamond-blossom-stud-earrings-51507\\\/\",\"url\":\"https:\\\/\\\/www.purejewels.com\\\/product\\\/18ct-gold-diamond-blossom-stud-earrings-51507\\\/\",\"name\":\"18ct Gold Diamond Blossom Stud Earrings | Elegant Floral Design\",\"isPartOf\":{\"@id\":\"https:\\\/\\\/www.purejewels.com\\\/#website\"},\"primaryImageOfPage\":{\"@id\":\"https:\\\/\\\/www.purejewels.com\\\/product\\\/18ct-gold-diamond-blossom-stud-earrings-51507\\\/#primaryimage\"},\"image\":{\"@id\":\"https:\\\/\\\/www.purejewels.com\\\/product\\\/18ct-gold-diamond-blossom-stud-earrings-51507\\\/#primaryimage\"},\"thumbnailUrl\":\"https:\\\/\\\/static.purejewels.com\\\/wp-content\\\/uploads\\\/2025\\\/06\\\/SKU-51507-yellow-gold.png\",\"datePublished\":\"2025-03-27T08:40:55+00:00\",\"dateModified\":\"2026-03-11T09:11:10+00:00\",\"description\":\"Discover 18ct gold diamond blossom stud earrings featuring delicate floral design and sparkling diamonds. Perfect for everyday elegance or special occasions.\",\"breadcrumb\":{\"@id\":\"https:\\\/\\\/www.purejewels.com\\\/product\\\/18ct-gold-diamond-blossom-stud-earrings-51507\\\/#breadcrumb\"},\"inLanguage\":\"de\",\"potentialAction\":[{\"@type\":\"ReadAction\",\"target\":[\"https:\\\/\\\/www.purejewels.com\\\/product\\\/18ct-gold-diamond-blossom-stud-earrings-51507\\\/\"]}]},{\"@type\":\"ImageObject\",\"inLanguage\":\"de\",\"@id\":\"https:\\\/\\\/www.purejewels.com\\\/product\\\/18ct-gold-diamond-blossom-stud-earrings-51507\\\/#primaryimage\",\"url\":\"https:\\\/\\\/static.purejewels.com\\\/wp-content\\\/uploads\\\/2025\\\/06\\\/SKU-51507-yellow-gold.png\",\"contentUrl\":\"https:\\\/\\\/static.purejewels.com\\\/wp-content\\\/uploads\\\/2025\\\/06\\\/SKU-51507-yellow-gold.png\",\"width\":1000,\"height\":1000,\"caption\":\"18ct Gold Diamond Blossom Stud Earrings\"},{\"@type\":\"BreadcrumbList\",\"@id\":\"https:\\\/\\\/www.purejewels.com\\\/product\\\/18ct-gold-diamond-blossom-stud-earrings-51507\\\/#breadcrumb\",\"itemListElement\":[{\"@type\":\"ListItem\",\"position\":1,\"name\":\"Home\",\"item\":\"https:\\\/\\\/www.purejewels.com\\\/\"},{\"@type\":\"ListItem\",\"position\":2,\"name\":\"Shop\",\"item\":\"https:\\\/\\\/www.purejewels.com\\\/shop\\\/\"},{\"@type\":\"ListItem\",\"position\":3,\"name\":\"18ct Gold Diamond Blossom Stud Earrings\"}]},{\"@type\":\"WebSite\",\"@id\":\"https:\\\/\\\/www.purejewels.com\\\/#website\",\"url\":\"https:\\\/\\\/www.purejewels.com\\\/\",\"name\":\"PureJewels UK\",\"description\":\"Share the Love\",\"publisher\":{\"@id\":\"https:\\\/\\\/www.purejewels.com\\\/#organization\"},\"potentialAction\":[{\"@type\":\"SearchAction\",\"target\":{\"@type\":\"EntryPoint\",\"urlTemplate\":\"https:\\\/\\\/www.purejewels.com\\\/?s={search_term_string}\"},\"query-input\":{\"@type\":\"PropertyValueSpecification\",\"valueRequired\":true,\"valueName\":\"search_term_string\"}}],\"inLanguage\":\"de\"},{\"@type\":\"Organization\",\"@id\":\"https:\\\/\\\/www.purejewels.com\\\/#organization\",\"name\":\"PureJewels UK\",\"url\":\"https:\\\/\\\/www.purejewels.com\\\/\",\"logo\":{\"@type\":\"ImageObject\",\"inLanguage\":\"de\",\"@id\":\"https:\\\/\\\/www.purejewels.com\\\/#\\\/schema\\\/logo\\\/image\\\/\",\"url\":\"https:\\\/\\\/static.purejewels.com\\\/wp-content\\\/uploads\\\/2020\\\/11\\\/Logo-PJ-New-1.png\",\"contentUrl\":\"https:\\\/\\\/static.purejewels.com\\\/wp-content\\\/uploads\\\/2020\\\/11\\\/Logo-PJ-New-1.png\",\"width\":150,\"height\":80,\"caption\":\"PureJewels UK\"},\"image\":{\"@id\":\"https:\\\/\\\/www.purejewels.com\\\/#\\\/schema\\\/logo\\\/image\\\/\"}}]}<\/script>\n<!-- \/ Yoast SEO plugin. -->","yoast_head_json":{"title":"18ct Gold Diamond Blossom Ohrstecker | Elegantes florales Design","description":"Entdecken Sie die diamantenen Bl\u00fcten-Ohrstecker aus 18 Karat Gold mit zartem Blumendesign und funkelnden Diamanten. Perfekt f\u00fcr die Eleganz des Alltags oder besondere Anl\u00e4sse.","robots":{"index":"index","follow":"follow","max-snippet":"max-snippet:-1","max-image-preview":"max-image-preview:large","max-video-preview":"max-video-preview:-1"},"canonical":"https:\/\/www.purejewels.com\/de\/produkt-2\/18-karat-gold-diamant-bluten-ohrstecker-51507\/","og_locale":"de_DE","og_type":"article","og_title":"18ct Gold Diamond Blossom Stud Earrings | Elegant Floral Design","og_description":"Discover 18ct gold diamond blossom stud earrings featuring delicate floral design and sparkling diamonds. Perfect for everyday elegance or special occasions.","og_url":"https:\/\/www.purejewels.com\/de\/produkt-2\/18-karat-gold-diamant-bluten-ohrstecker-51507\/","og_site_name":"PureJewels UK","article_modified_time":"2026-03-11T09:11:10+00:00","og_image":[{"width":1000,"height":1000,"url":"https:\/\/static.purejewels.com\/wp-content\/uploads\/2025\/06\/SKU-51507-yellow-gold.png","type":"image\/png"}],"twitter_card":"summary_large_image","twitter_misc":{"Gesch\u00e4tzte Lesezeit":"1\u00a0Minute"},"schema":{"@context":"https:\/\/schema.org","@graph":[{"@type":["WebPage","ItemPage"],"@id":"https:\/\/www.purejewels.com\/product\/18ct-gold-diamond-blossom-stud-earrings-51507\/","url":"https:\/\/www.purejewels.com\/product\/18ct-gold-diamond-blossom-stud-earrings-51507\/","name":"18ct Gold Diamond Blossom Ohrstecker | Elegantes florales Design","isPartOf":{"@id":"https:\/\/www.purejewels.com\/#website"},"primaryImageOfPage":{"@id":"https:\/\/www.purejewels.com\/product\/18ct-gold-diamond-blossom-stud-earrings-51507\/#primaryimage"},"image":{"@id":"https:\/\/www.purejewels.com\/product\/18ct-gold-diamond-blossom-stud-earrings-51507\/#primaryimage"},"thumbnailUrl":"https:\/\/static.purejewels.com\/wp-content\/uploads\/2025\/06\/SKU-51507-yellow-gold.png","datePublished":"2025-03-27T08:40:55+00:00","dateModified":"2026-03-11T09:11:10+00:00","description":"Entdecken Sie die diamantenen Bl\u00fcten-Ohrstecker aus 18 Karat Gold mit zartem Blumendesign und funkelnden Diamanten. Perfekt f\u00fcr die Eleganz des Alltags oder besondere Anl\u00e4sse.","breadcrumb":{"@id":"https:\/\/www.purejewels.com\/product\/18ct-gold-diamond-blossom-stud-earrings-51507\/#breadcrumb"},"inLanguage":"de","potentialAction":[{"@type":"ReadAction","target":["https:\/\/www.purejewels.com\/product\/18ct-gold-diamond-blossom-stud-earrings-51507\/"]}]},{"@type":"ImageObject","inLanguage":"de","@id":"https:\/\/www.purejewels.com\/product\/18ct-gold-diamond-blossom-stud-earrings-51507\/#primaryimage","url":"https:\/\/static.purejewels.com\/wp-content\/uploads\/2025\/06\/SKU-51507-yellow-gold.png","contentUrl":"https:\/\/static.purejewels.com\/wp-content\/uploads\/2025\/06\/SKU-51507-yellow-gold.png","width":1000,"height":1000,"caption":"18ct Gold Diamond Blossom Stud Earrings"},{"@type":"BreadcrumbList","@id":"https:\/\/www.purejewels.com\/product\/18ct-gold-diamond-blossom-stud-earrings-51507\/#breadcrumb","itemListElement":[{"@type":"ListItem","position":1,"name":"Home","item":"https:\/\/www.purejewels.com\/"},{"@type":"ListItem","position":2,"name":"Shop","item":"https:\/\/www.purejewels.com\/shop\/"},{"@type":"ListItem","position":3,"name":"18ct Gold Diamond Blossom Stud Earrings"}]},{"@type":"WebSite","@id":"https:\/\/www.purejewels.com\/#website","url":"https:\/\/www.purejewels.com\/","name":"PureJewels UK","description":"Teile die Liebe","publisher":{"@id":"https:\/\/www.purejewels.com\/#organization"},"potentialAction":[{"@type":"SearchAction","target":{"@type":"EntryPoint","urlTemplate":"https:\/\/www.purejewels.com\/?s={search_term_string}"},"query-input":{"@type":"PropertyValueSpecification","valueRequired":true,"valueName":"search_term_string"}}],"inLanguage":"de"},{"@type":"Organization","@id":"https:\/\/www.purejewels.com\/#organization","name":"PureJewels UK","url":"https:\/\/www.purejewels.com\/","logo":{"@type":"ImageObject","inLanguage":"de","@id":"https:\/\/www.purejewels.com\/#\/schema\/logo\/image\/","url":"https:\/\/static.purejewels.com\/wp-content\/uploads\/2020\/11\/Logo-PJ-New-1.png","contentUrl":"https:\/\/static.purejewels.com\/wp-content\/uploads\/2020\/11\/Logo-PJ-New-1.png","width":150,"height":80,"caption":"PureJewels UK"},"image":{"@id":"https:\/\/www.purejewels.com\/#\/schema\/logo\/image\/"}}]}},"_links":{"self":[{"href":"https:\/\/www.purejewels.com\/de\/wp-json\/wp\/v2\/product\/402759","targetHints":{"allow":["GET"]}}],"collection":[{"href":"https:\/\/www.purejewels.com\/de\/wp-json\/wp\/v2\/product"}],"about":[{"href":"https:\/\/www.purejewels.com\/de\/wp-json\/wp\/v2\/types\/product"}],"replies":[{"embeddable":true,"href":"https:\/\/www.purejewels.com\/de\/wp-json\/wp\/v2\/comments?post=402759"}],"version-history":[{"count":1,"href":"https:\/\/www.purejewels.com\/de\/wp-json\/wp\/v2\/product\/402759\/revisions"}],"predecessor-version":[{"id":402763,"href":"https:\/\/www.purejewels.com\/de\/wp-json\/wp\/v2\/product\/402759\/revisions\/402763"}],"wp:featuredmedia":[{"embeddable":true,"href":"https:\/\/www.purejewels.com\/de\/wp-json\/wp\/v2\/media\/402761"}],"wp:attachment":[{"href":"https:\/\/www.purejewels.com\/de\/wp-json\/wp\/v2\/media?parent=402759"}],"wp:term":[{"taxonomy":"product_brand","embeddable":true,"href":"https:\/\/www.purejewels.com\/de\/wp-json\/wp\/v2\/product_brand?post=402759"},{"taxonomy":"product_cat","embeddable":true,"href":"https:\/\/www.purejewels.com\/de\/wp-json\/wp\/v2\/product_cat?post=402759"},{"taxonomy":"product_tag","embeddable":true,"href":"https:\/\/www.purejewels.com\/de\/wp-json\/wp\/v2\/product_tag?post=402759"}],"curies":[{"name":"wp","href":"https:\/\/api.w.org\/{rel}","templated":true}]}}