{"id":403246,"date":"2025-08-22T06:31:15","date_gmt":"2025-08-22T05:31:15","guid":{"rendered":"https:\/\/www.purejewels.com\/?post_type=product&#038;p=403246"},"modified":"2026-01-06T10:12:53","modified_gmt":"2026-01-06T10:12:53","slug":"22ct-gold-buroklammer-gliederkette-armband-51231","status":"publish","type":"product","link":"https:\/\/www.purejewels.com\/de\/product\/22ct-gold-paperclip-link-chain-bracelet-51231\/","title":{"rendered":"22ct Gold B\u00fcroklammer Link Kette Armband"},"content":{"rendered":"<h3 data-start=\"128\" data-end=\"144\"><strong data-start=\"132\" data-end=\"142\">Gestaltung<\/strong><\/h3>\n<p data-start=\"145\" data-end=\"338\">Das 22ct Gold Paperclip Link Bracelet besteht aus l\u00e4nglichen, rechteckigen Gliedern mit abwechselnd flachen und abgerundeten Kanten, wodurch eine flie\u00dfende Struktur entsteht, die das Licht aus jedem Winkel sch\u00f6n einf\u00e4ngt.<\/p>\n<h3 data-start=\"340\" data-end=\"363\"><strong data-start=\"344\" data-end=\"361\">Handwerkliches K\u00f6nnen<\/strong><\/h3>\n<p data-start=\"364\" data-end=\"580\">Fachm\u00e4nnisch gegossen und handgefertigt aus reinem 22-kar\u00e4tigem Gold, wird jedes Glied mit Pr\u00e4zision poliert und verl\u00f6tet, um eine reibungslose Bewegung und St\u00e4rke zu gew\u00e4hrleisten. Mit einem sicheren Karabinerverschluss versehen und f\u00fcr die Echtheit in London gepunzt.<\/p>\n<h3 data-start=\"582\" data-end=\"599\"><strong data-start=\"586\" data-end=\"597\">Styling<\/strong><\/h3>\n<p data-start=\"600\" data-end=\"797\">Er ist m\u00fchelos vielseitig - tragen Sie ihn allein f\u00fcr einen klaren, modernen Look oder kombinieren Sie ihn mit Armreifen und Ketten f\u00fcr einen ausdrucksstarken Stil. Perfekt f\u00fcr M\u00e4nner und Frauen, die im Alltag einen raffinierten Goldakzent setzen m\u00f6chten.<\/p>\n<p data-start=\"1040\" data-end=\"1175\">","protected":false},"excerpt":{"rendered":"<p>Dieses B\u00fcroklammer-Gliederarmband aus 22-kar\u00e4tigem Gold ist ein k\u00fchnes Statement moderner Raffinesse mit l\u00e4nglichen Gliedern und einer glatten, polierten Oberfl\u00e4che. Perfekt f\u00fcr zeitgen\u00f6ssische Eleganz und den t\u00e4glichen Gebrauch.<\/p>\n<p><strong>Material:<\/strong>\u00a022ct Gold<strong><br \/>\nWahrzeichen:\u00a0<\/strong>Britisches G\u00fctesiegel<strong><br \/>\n<\/strong><strong>Bruttogewicht: <\/strong>4.14 Gms<br \/>\n<strong>L\u00e4nge:<\/strong> 7 Zoll<br \/>\n<strong>SKU:<\/strong> 51231, 52960<\/p>\n<p><strong>Preis und Lieferung<\/strong>: Inklusive Mehrwertsteuer und Lieferkosten<br \/>\n<a href=\"https:\/\/www.purejewels.com\/de\/ruckgabepolitik\/\">R\u00fcckgabepolitik<\/a><\/p>","protected":false},"featured_media":403248,"comment_status":"closed","ping_status":"closed","template":"","meta":{"_eb_attr":"","_crsspst_to_jayantr4sg-hostcom":true},"product_brand":[],"product_cat":[1559,6057,5676,1794,1793,1790,1324,1627,1229,5344,1575,1569,1574,5349],"product_tag":[],"class_list":{"0":"post-403246","1":"product","2":"type-product","3":"status-publish","4":"has-post-thumbnail","6":"product_cat-birthday-gifts","7":"product_cat-chain-bracelet","8":"product_cat-chain-bracelets-for-ladies","9":"product_cat-christmas-gifts","10":"product_cat-diwali-gifts","11":"product_cat-for-whom-when","12":"product_cat-gold-bracelet","13":"product_cat-ladies-bracelet","14":"product_cat-22ct-gold-jewellery","15":"product_cat-jewellery-under-750","16":"product_cat-teenage-jewellery","17":"product_cat-valentine-day-gifts","18":"product_cat-womens-jewellery","19":"product_cat-yellow-gold-jewellery","21":"first","22":"outofstock","23":"sale","24":"taxable","25":"shipping-taxable","26":"product-type-simple","27":"add-to-wishlist-before_image"},"yoast_head":"<!-- This site is optimized with the Yoast SEO plugin v27.6 - https:\/\/yoast.com\/product\/yoast-seo-wordpress\/ -->\n<title>22ct Gold Paperclip Link Bracelet | Gold Chain Bracelet UK<\/title>\n<meta name=\"description\" content=\"Shop this bold and elegant 22ct Gold Paperclip Link Bracelet. Handcrafted in pure gold with sleek elongated links. Perfect for modern style. Free UK delivery.\" \/>\n<meta name=\"robots\" content=\"index, follow, max-snippet:-1, max-image-preview:large, max-video-preview:-1\" \/>\n<link rel=\"canonical\" href=\"https:\/\/www.purejewels.com\/de\/produkt-2\/22ct-gold-buroklammer-gliederkette-armband-51231\/\" \/>\n<meta property=\"og:locale\" content=\"de_DE\" \/>\n<meta property=\"og:type\" content=\"article\" \/>\n<meta property=\"og:title\" content=\"22ct Gold Paperclip Link Bracelet | Gold Chain Bracelet UK\" \/>\n<meta property=\"og:description\" content=\"Shop this bold and elegant 22ct Gold Paperclip Link Bracelet. Handcrafted in pure gold with sleek elongated links. Perfect for modern style. Free UK delivery.\" \/>\n<meta property=\"og:url\" content=\"https:\/\/www.purejewels.com\/de\/produkt-2\/22ct-gold-buroklammer-gliederkette-armband-51231\/\" \/>\n<meta property=\"og:site_name\" content=\"PureJewels UK\" \/>\n<meta property=\"article:modified_time\" content=\"2026-01-06T10:12:53+00:00\" \/>\n<meta property=\"og:image\" content=\"https:\/\/www.purejewels.com\/wp-content\/uploads\/2025\/07\/SKU-51231.jpg\" \/>\n\t<meta property=\"og:image:width\" content=\"1000\" \/>\n\t<meta property=\"og:image:height\" content=\"1000\" \/>\n\t<meta property=\"og:image:type\" content=\"image\/jpeg\" \/>\n<meta name=\"twitter:card\" content=\"summary_large_image\" \/>\n<meta name=\"twitter:label1\" content=\"Gesch\u00e4tzte Lesezeit\" \/>\n\t<meta name=\"twitter:data1\" content=\"1\u00a0Minute\" \/>\n<script type=\"application\/ld+json\" class=\"yoast-schema-graph\">{\"@context\":\"https:\\\/\\\/schema.org\",\"@graph\":[{\"@type\":[\"WebPage\",\"ItemPage\"],\"@id\":\"https:\\\/\\\/www.purejewels.com\\\/product\\\/22ct-gold-paperclip-link-chain-bracelet-51231\\\/\",\"url\":\"https:\\\/\\\/www.purejewels.com\\\/product\\\/22ct-gold-paperclip-link-chain-bracelet-51231\\\/\",\"name\":\"22ct Gold Paperclip Link Bracelet | Gold Chain Bracelet UK\",\"isPartOf\":{\"@id\":\"https:\\\/\\\/www.purejewels.com\\\/#website\"},\"primaryImageOfPage\":{\"@id\":\"https:\\\/\\\/www.purejewels.com\\\/product\\\/22ct-gold-paperclip-link-chain-bracelet-51231\\\/#primaryimage\"},\"image\":{\"@id\":\"https:\\\/\\\/www.purejewels.com\\\/product\\\/22ct-gold-paperclip-link-chain-bracelet-51231\\\/#primaryimage\"},\"thumbnailUrl\":\"https:\\\/\\\/static.purejewels.com\\\/wp-content\\\/uploads\\\/2025\\\/07\\\/SKU-51231.jpg\",\"datePublished\":\"2025-08-22T05:31:15+00:00\",\"dateModified\":\"2026-01-06T10:12:53+00:00\",\"description\":\"Shop this bold and elegant 22ct Gold Paperclip Link Bracelet. Handcrafted in pure gold with sleek elongated links. Perfect for modern style. Free UK delivery.\",\"breadcrumb\":{\"@id\":\"https:\\\/\\\/www.purejewels.com\\\/product\\\/22ct-gold-paperclip-link-chain-bracelet-51231\\\/#breadcrumb\"},\"inLanguage\":\"de\",\"potentialAction\":[{\"@type\":\"ReadAction\",\"target\":[\"https:\\\/\\\/www.purejewels.com\\\/product\\\/22ct-gold-paperclip-link-chain-bracelet-51231\\\/\"]}]},{\"@type\":\"ImageObject\",\"inLanguage\":\"de\",\"@id\":\"https:\\\/\\\/www.purejewels.com\\\/product\\\/22ct-gold-paperclip-link-chain-bracelet-51231\\\/#primaryimage\",\"url\":\"https:\\\/\\\/static.purejewels.com\\\/wp-content\\\/uploads\\\/2025\\\/07\\\/SKU-51231.jpg\",\"contentUrl\":\"https:\\\/\\\/static.purejewels.com\\\/wp-content\\\/uploads\\\/2025\\\/07\\\/SKU-51231.jpg\",\"width\":1000,\"height\":1000,\"caption\":\"Men\u2019s 22ct Gold Paperclip Link Chain Bracelet\"},{\"@type\":\"BreadcrumbList\",\"@id\":\"https:\\\/\\\/www.purejewels.com\\\/product\\\/22ct-gold-paperclip-link-chain-bracelet-51231\\\/#breadcrumb\",\"itemListElement\":[{\"@type\":\"ListItem\",\"position\":1,\"name\":\"Home\",\"item\":\"https:\\\/\\\/www.purejewels.com\\\/\"},{\"@type\":\"ListItem\",\"position\":2,\"name\":\"Shop\",\"item\":\"https:\\\/\\\/www.purejewels.com\\\/shop\\\/\"},{\"@type\":\"ListItem\",\"position\":3,\"name\":\"22ct Gold Paperclip Link Chain Bracelet\"}]},{\"@type\":\"WebSite\",\"@id\":\"https:\\\/\\\/www.purejewels.com\\\/#website\",\"url\":\"https:\\\/\\\/www.purejewels.com\\\/\",\"name\":\"PureJewels UK\",\"description\":\"Share the Love\",\"publisher\":{\"@id\":\"https:\\\/\\\/www.purejewels.com\\\/#organization\"},\"potentialAction\":[{\"@type\":\"SearchAction\",\"target\":{\"@type\":\"EntryPoint\",\"urlTemplate\":\"https:\\\/\\\/www.purejewels.com\\\/?s={search_term_string}\"},\"query-input\":{\"@type\":\"PropertyValueSpecification\",\"valueRequired\":true,\"valueName\":\"search_term_string\"}}],\"inLanguage\":\"de\"},{\"@type\":\"Organization\",\"@id\":\"https:\\\/\\\/www.purejewels.com\\\/#organization\",\"name\":\"PureJewels UK\",\"url\":\"https:\\\/\\\/www.purejewels.com\\\/\",\"logo\":{\"@type\":\"ImageObject\",\"inLanguage\":\"de\",\"@id\":\"https:\\\/\\\/www.purejewels.com\\\/#\\\/schema\\\/logo\\\/image\\\/\",\"url\":\"https:\\\/\\\/static.purejewels.com\\\/wp-content\\\/uploads\\\/2020\\\/11\\\/Logo-PJ-New-1.png\",\"contentUrl\":\"https:\\\/\\\/static.purejewels.com\\\/wp-content\\\/uploads\\\/2020\\\/11\\\/Logo-PJ-New-1.png\",\"width\":150,\"height\":80,\"caption\":\"PureJewels UK\"},\"image\":{\"@id\":\"https:\\\/\\\/www.purejewels.com\\\/#\\\/schema\\\/logo\\\/image\\\/\"}}]}<\/script>\n<!-- \/ Yoast SEO plugin. -->","yoast_head_json":{"title":"22ct Gold B\u00fcroklammer Gliederarmband | Goldkette Armband UK","description":"Kaufen Sie dieses k\u00fchne und elegante B\u00fcroklammer-Gliederarmband aus 22 Karat Gold. Handgefertigt aus reinem Gold mit schlanken, l\u00e4nglichen Gliedern. Perfekt f\u00fcr den modernen Stil. Kostenlose Lieferung nach Gro\u00dfbritannien.","robots":{"index":"index","follow":"follow","max-snippet":"max-snippet:-1","max-image-preview":"max-image-preview:large","max-video-preview":"max-video-preview:-1"},"canonical":"https:\/\/www.purejewels.com\/de\/produkt-2\/22ct-gold-buroklammer-gliederkette-armband-51231\/","og_locale":"de_DE","og_type":"article","og_title":"22ct Gold Paperclip Link Bracelet | Gold Chain Bracelet UK","og_description":"Shop this bold and elegant 22ct Gold Paperclip Link Bracelet. Handcrafted in pure gold with sleek elongated links. Perfect for modern style. Free UK delivery.","og_url":"https:\/\/www.purejewels.com\/de\/produkt-2\/22ct-gold-buroklammer-gliederkette-armband-51231\/","og_site_name":"PureJewels UK","article_modified_time":"2026-01-06T10:12:53+00:00","og_image":[{"width":1000,"height":1000,"url":"https:\/\/www.purejewels.com\/wp-content\/uploads\/2025\/07\/SKU-51231.jpg","type":"image\/jpeg"}],"twitter_card":"summary_large_image","twitter_misc":{"Gesch\u00e4tzte Lesezeit":"1\u00a0Minute"},"schema":{"@context":"https:\/\/schema.org","@graph":[{"@type":["WebPage","ItemPage"],"@id":"https:\/\/www.purejewels.com\/product\/22ct-gold-paperclip-link-chain-bracelet-51231\/","url":"https:\/\/www.purejewels.com\/product\/22ct-gold-paperclip-link-chain-bracelet-51231\/","name":"22ct Gold B\u00fcroklammer Gliederarmband | Goldkette Armband UK","isPartOf":{"@id":"https:\/\/www.purejewels.com\/#website"},"primaryImageOfPage":{"@id":"https:\/\/www.purejewels.com\/product\/22ct-gold-paperclip-link-chain-bracelet-51231\/#primaryimage"},"image":{"@id":"https:\/\/www.purejewels.com\/product\/22ct-gold-paperclip-link-chain-bracelet-51231\/#primaryimage"},"thumbnailUrl":"https:\/\/static.purejewels.com\/wp-content\/uploads\/2025\/07\/SKU-51231.jpg","datePublished":"2025-08-22T05:31:15+00:00","dateModified":"2026-01-06T10:12:53+00:00","description":"Kaufen Sie dieses k\u00fchne und elegante B\u00fcroklammer-Gliederarmband aus 22 Karat Gold. Handgefertigt aus reinem Gold mit schlanken, l\u00e4nglichen Gliedern. Perfekt f\u00fcr den modernen Stil. Kostenlose Lieferung nach Gro\u00dfbritannien.","breadcrumb":{"@id":"https:\/\/www.purejewels.com\/product\/22ct-gold-paperclip-link-chain-bracelet-51231\/#breadcrumb"},"inLanguage":"de","potentialAction":[{"@type":"ReadAction","target":["https:\/\/www.purejewels.com\/product\/22ct-gold-paperclip-link-chain-bracelet-51231\/"]}]},{"@type":"ImageObject","inLanguage":"de","@id":"https:\/\/www.purejewels.com\/product\/22ct-gold-paperclip-link-chain-bracelet-51231\/#primaryimage","url":"https:\/\/static.purejewels.com\/wp-content\/uploads\/2025\/07\/SKU-51231.jpg","contentUrl":"https:\/\/static.purejewels.com\/wp-content\/uploads\/2025\/07\/SKU-51231.jpg","width":1000,"height":1000,"caption":"Men\u2019s 22ct Gold Paperclip Link Chain Bracelet"},{"@type":"BreadcrumbList","@id":"https:\/\/www.purejewels.com\/product\/22ct-gold-paperclip-link-chain-bracelet-51231\/#breadcrumb","itemListElement":[{"@type":"ListItem","position":1,"name":"Home","item":"https:\/\/www.purejewels.com\/"},{"@type":"ListItem","position":2,"name":"Shop","item":"https:\/\/www.purejewels.com\/shop\/"},{"@type":"ListItem","position":3,"name":"22ct Gold Paperclip Link Chain Bracelet"}]},{"@type":"WebSite","@id":"https:\/\/www.purejewels.com\/#website","url":"https:\/\/www.purejewels.com\/","name":"PureJewels UK","description":"Teile die Liebe","publisher":{"@id":"https:\/\/www.purejewels.com\/#organization"},"potentialAction":[{"@type":"SearchAction","target":{"@type":"EntryPoint","urlTemplate":"https:\/\/www.purejewels.com\/?s={search_term_string}"},"query-input":{"@type":"PropertyValueSpecification","valueRequired":true,"valueName":"search_term_string"}}],"inLanguage":"de"},{"@type":"Organization","@id":"https:\/\/www.purejewels.com\/#organization","name":"PureJewels UK","url":"https:\/\/www.purejewels.com\/","logo":{"@type":"ImageObject","inLanguage":"de","@id":"https:\/\/www.purejewels.com\/#\/schema\/logo\/image\/","url":"https:\/\/static.purejewels.com\/wp-content\/uploads\/2020\/11\/Logo-PJ-New-1.png","contentUrl":"https:\/\/static.purejewels.com\/wp-content\/uploads\/2020\/11\/Logo-PJ-New-1.png","width":150,"height":80,"caption":"PureJewels UK"},"image":{"@id":"https:\/\/www.purejewels.com\/#\/schema\/logo\/image\/"}}]}},"_links":{"self":[{"href":"https:\/\/www.purejewels.com\/de\/wp-json\/wp\/v2\/product\/403246","targetHints":{"allow":["GET"]}}],"collection":[{"href":"https:\/\/www.purejewels.com\/de\/wp-json\/wp\/v2\/product"}],"about":[{"href":"https:\/\/www.purejewels.com\/de\/wp-json\/wp\/v2\/types\/product"}],"replies":[{"embeddable":true,"href":"https:\/\/www.purejewels.com\/de\/wp-json\/wp\/v2\/comments?post=403246"}],"version-history":[{"count":4,"href":"https:\/\/www.purejewels.com\/de\/wp-json\/wp\/v2\/product\/403246\/revisions"}],"predecessor-version":[{"id":418505,"href":"https:\/\/www.purejewels.com\/de\/wp-json\/wp\/v2\/product\/403246\/revisions\/418505"}],"wp:featuredmedia":[{"embeddable":true,"href":"https:\/\/www.purejewels.com\/de\/wp-json\/wp\/v2\/media\/403248"}],"wp:attachment":[{"href":"https:\/\/www.purejewels.com\/de\/wp-json\/wp\/v2\/media?parent=403246"}],"wp:term":[{"taxonomy":"product_brand","embeddable":true,"href":"https:\/\/www.purejewels.com\/de\/wp-json\/wp\/v2\/product_brand?post=403246"},{"taxonomy":"product_cat","embeddable":true,"href":"https:\/\/www.purejewels.com\/de\/wp-json\/wp\/v2\/product_cat?post=403246"},{"taxonomy":"product_tag","embeddable":true,"href":"https:\/\/www.purejewels.com\/de\/wp-json\/wp\/v2\/product_tag?post=403246"}],"curies":[{"name":"wp","href":"https:\/\/api.w.org\/{rel}","templated":true}]}}