{"id":403387,"date":"2025-07-21T11:29:11","date_gmt":"2025-07-21T10:29:11","guid":{"rendered":"https:\/\/www.purejewels.com\/?post_type=product&#038;p=403387"},"modified":"2026-04-28T04:35:08","modified_gmt":"2026-04-28T03:35:08","slug":"22ct-gelbgold-quadrat-cz-ring-grose-o-51237","status":"publish","type":"product","link":"https:\/\/www.purejewels.com\/de\/product\/22ct-yellow-gold-square-cz-ring-size-o-51237\/","title":{"rendered":"22ct Gelbgold Quadratischer CZ Ring"},"content":{"rendered":"<h3>Gestaltung<\/h3>\n<p>Dieser elegante und raffinierte Ring aus 22-kar\u00e4tigem Gold zelebriert Schlichtheit mit einem modernen Touch. Sein Herzst\u00fcck ist eine zierliche quadratische Fassung, die mit funkelnden <strong>Kubischer Zirkoniumdioxid<\/strong> Steine und bietet einen diamant\u00e4hnlichen Glanz in einer anmutigen, minimalen Silhouette. Seine zarten Proportionen und sein geometrischer Charme machen ihn zu einem eleganten Accessoire f\u00fcr den Alltag.<\/p>\n<h3>Handwerkliches K\u00f6nnen<\/h3>\n<p>Wundersch\u00f6n gefertigt aus hochreinem <strong data-start=\"663\" data-end=\"676\">22 Karat Gold<\/strong>Dieser Ring ist leicht und dennoch widerstandsf\u00e4hig - er ist auf Komfort und Langlebigkeit ausgelegt. Die CZ-Steine sind pr\u00e4zise gefasst und fangen das Licht ein, w\u00e4hrend das schmale Band f\u00fcr einen eleganten Sitz sorgt. Gepunzt von der <strong data-start=\"869\" data-end=\"892\">Londoner Bescheinigungsamt<\/strong>ist dieses St\u00fcck ein Zeichen f\u00fcr Qualit\u00e4t und best\u00e4ndige Handwerkskunst.<\/p>\n<h3>Styling<\/h3>\n<p>Dieser Ring eignet sich perfekt zum Tragen in mehreren Schichten oder als dezentes Statement, denn er ist eine m\u00fchelose Erg\u00e4nzung Ihres t\u00e4glichen Repertoires. Sein zierliches Profil macht ihn ideal zum Stapeln mit anderen Ringen oder zum Kombinieren mit einem Statement-St\u00fcck. Erh\u00e4ltlich auf Bestellung in <strong data-start=\"1223\" data-end=\"1235\">jede Gr\u00f6\u00dfe<\/strong>Sie ist ein vielseitiges Schmuckst\u00fcck, das Ihren sich entwickelnden Stil erg\u00e4nzt.<\/p>","protected":false},"excerpt":{"rendered":"<p>Ein zarter Ring aus 22-kar\u00e4tigem Gold mit einem feinen Band und einem quadratisch gefassten Zirkonia-Cluster. Raffiniert, minimalistisch und zeitlos in seiner Schlichtheit.<\/p>\n<p><strong>Material:<\/strong>\u00a022ct Gold<strong><br \/>\nWahrzeichen:\u00a0<\/strong>Britisches G\u00fctesiegel<strong><br \/>\n<\/strong><strong>Gewichtsbereich: <\/strong>0,85 Gramm - 0,92 Gramm<br \/>\n<b>Gr\u00f6\u00dfe: <\/b>Erh\u00e4ltlich in verschiedenen Gr\u00f6\u00dfen<br \/>\n<strong>SKU<\/strong>: 51237, 51234, 51236, 52549, 52550, 53044, 53045, 53097, 53099<\/p>\n<p><strong>Preis und Lieferung<\/strong>: Inklusive Mehrwertsteuer und Lieferkosten<br \/>\n<a href=\"https:\/\/www.purejewels.com\/de\/ruckgabepolitik\/\">R\u00fcckgabepolitik<\/a><\/p>","protected":false},"featured_media":408444,"comment_status":"closed","ping_status":"closed","template":"","meta":{"_eb_attr":"","_crsspst_to_jayantr4sg-hostcom":true},"product_brand":[],"product_cat":[1791,1559,6152,1785,1790,1229,1235,5342,1783,1569,5349],"product_tag":[],"class_list":{"0":"post-403387","1":"product","2":"type-product","3":"status-publish","4":"has-post-thumbnail","6":"product_cat-anniversary-gifts","7":"product_cat-birthday-gifts","8":"product_cat-cubic-zirconia-rings","9":"product_cat-daily-wear-rings","10":"product_cat-for-whom-when","11":"product_cat-22ct-gold-jewellery","12":"product_cat-gold-rings","13":"product_cat-jewellery-under-250","14":"product_cat-ladies-rings","15":"product_cat-valentine-day-gifts","16":"product_cat-yellow-gold-jewellery","18":"first","19":"instock","20":"taxable","21":"shipping-taxable","22":"purchasable","23":"product-type-variable","24":"add-to-wishlist-before_image"},"yoast_head":"<!-- This site is optimized with the Yoast SEO plugin v27.5 - https:\/\/yoast.com\/product\/yoast-seo-wordpress\/ -->\n<title>22ct Yellow Gold CZ Ring | PureJewels London online at UK<\/title>\n<meta name=\"description\" content=\"Radiate brilliance with this 22ct yellow gold CZ ring\u2014crafted with precision and PureJewels\u2019 signature heritage touch. Perfect for minimalist style.\" \/>\n<meta name=\"robots\" content=\"index, follow, max-snippet:-1, max-image-preview:large, max-video-preview:-1\" \/>\n<link rel=\"canonical\" href=\"https:\/\/www.purejewels.com\/de\/produkt-2\/22ct-gelbgold-quadrat-cz-ring-grose-o-51237\/\" \/>\n<meta property=\"og:locale\" content=\"de_DE\" \/>\n<meta property=\"og:type\" content=\"article\" \/>\n<meta property=\"og:title\" content=\"22ct Yellow Gold CZ Ring | PureJewels London online at UK\" \/>\n<meta property=\"og:description\" content=\"Radiate brilliance with this 22ct yellow gold CZ ring\u2014crafted with precision and PureJewels\u2019 signature heritage touch. Perfect for minimalist style.\" \/>\n<meta property=\"og:url\" content=\"https:\/\/www.purejewels.com\/de\/produkt-2\/22ct-gelbgold-quadrat-cz-ring-grose-o-51237\/\" \/>\n<meta property=\"og:site_name\" content=\"PureJewels UK\" \/>\n<meta property=\"article:modified_time\" content=\"2026-04-28T03:35:08+00:00\" \/>\n<meta property=\"og:image\" content=\"https:\/\/static.purejewels.com\/wp-content\/uploads\/2025\/02\/SKU-51237.jpg\" \/>\n\t<meta property=\"og:image:width\" content=\"1000\" \/>\n\t<meta property=\"og:image:height\" content=\"1000\" \/>\n\t<meta property=\"og:image:type\" content=\"image\/jpeg\" \/>\n<meta name=\"twitter:card\" content=\"summary_large_image\" \/>\n<meta name=\"twitter:label1\" content=\"Gesch\u00e4tzte Lesezeit\" \/>\n\t<meta name=\"twitter:data1\" content=\"1\u00a0Minute\" \/>\n<script type=\"application\/ld+json\" class=\"yoast-schema-graph\">{\"@context\":\"https:\\\/\\\/schema.org\",\"@graph\":[{\"@type\":[\"WebPage\",\"ItemPage\"],\"@id\":\"https:\\\/\\\/www.purejewels.com\\\/product\\\/22ct-yellow-gold-square-cz-ring-size-o-51237\\\/\",\"url\":\"https:\\\/\\\/www.purejewels.com\\\/product\\\/22ct-yellow-gold-square-cz-ring-size-o-51237\\\/\",\"name\":\"22ct Yellow Gold CZ Ring | PureJewels London online at UK\",\"isPartOf\":{\"@id\":\"https:\\\/\\\/www.purejewels.com\\\/#website\"},\"primaryImageOfPage\":{\"@id\":\"https:\\\/\\\/www.purejewels.com\\\/product\\\/22ct-yellow-gold-square-cz-ring-size-o-51237\\\/#primaryimage\"},\"image\":{\"@id\":\"https:\\\/\\\/www.purejewels.com\\\/product\\\/22ct-yellow-gold-square-cz-ring-size-o-51237\\\/#primaryimage\"},\"thumbnailUrl\":\"https:\\\/\\\/static.purejewels.com\\\/wp-content\\\/uploads\\\/2025\\\/02\\\/SKU-51237.jpg\",\"datePublished\":\"2025-07-21T10:29:11+00:00\",\"dateModified\":\"2026-04-28T03:35:08+00:00\",\"description\":\"Radiate brilliance with this 22ct yellow gold CZ ring\u2014crafted with precision and PureJewels\u2019 signature heritage touch. Perfect for minimalist style.\",\"breadcrumb\":{\"@id\":\"https:\\\/\\\/www.purejewels.com\\\/product\\\/22ct-yellow-gold-square-cz-ring-size-o-51237\\\/#breadcrumb\"},\"inLanguage\":\"de\",\"potentialAction\":[{\"@type\":\"ReadAction\",\"target\":[\"https:\\\/\\\/www.purejewels.com\\\/product\\\/22ct-yellow-gold-square-cz-ring-size-o-51237\\\/\"]}]},{\"@type\":\"ImageObject\",\"inLanguage\":\"de\",\"@id\":\"https:\\\/\\\/www.purejewels.com\\\/product\\\/22ct-yellow-gold-square-cz-ring-size-o-51237\\\/#primaryimage\",\"url\":\"https:\\\/\\\/static.purejewels.com\\\/wp-content\\\/uploads\\\/2025\\\/02\\\/SKU-51237.jpg\",\"contentUrl\":\"https:\\\/\\\/static.purejewels.com\\\/wp-content\\\/uploads\\\/2025\\\/02\\\/SKU-51237.jpg\",\"width\":1000,\"height\":1000,\"caption\":\"Stacked from 11 images. Method=B (R=8,S=4)\"},{\"@type\":\"BreadcrumbList\",\"@id\":\"https:\\\/\\\/www.purejewels.com\\\/product\\\/22ct-yellow-gold-square-cz-ring-size-o-51237\\\/#breadcrumb\",\"itemListElement\":[{\"@type\":\"ListItem\",\"position\":1,\"name\":\"Home\",\"item\":\"https:\\\/\\\/www.purejewels.com\\\/\"},{\"@type\":\"ListItem\",\"position\":2,\"name\":\"Shop\",\"item\":\"https:\\\/\\\/www.purejewels.com\\\/shop\\\/\"},{\"@type\":\"ListItem\",\"position\":3,\"name\":\"22ct Yellow Gold Square CZ Ring\"}]},{\"@type\":\"WebSite\",\"@id\":\"https:\\\/\\\/www.purejewels.com\\\/#website\",\"url\":\"https:\\\/\\\/www.purejewels.com\\\/\",\"name\":\"PureJewels UK\",\"description\":\"Share the Love\",\"publisher\":{\"@id\":\"https:\\\/\\\/www.purejewels.com\\\/#organization\"},\"potentialAction\":[{\"@type\":\"SearchAction\",\"target\":{\"@type\":\"EntryPoint\",\"urlTemplate\":\"https:\\\/\\\/www.purejewels.com\\\/?s={search_term_string}\"},\"query-input\":{\"@type\":\"PropertyValueSpecification\",\"valueRequired\":true,\"valueName\":\"search_term_string\"}}],\"inLanguage\":\"de\"},{\"@type\":\"Organization\",\"@id\":\"https:\\\/\\\/www.purejewels.com\\\/#organization\",\"name\":\"PureJewels UK\",\"url\":\"https:\\\/\\\/www.purejewels.com\\\/\",\"logo\":{\"@type\":\"ImageObject\",\"inLanguage\":\"de\",\"@id\":\"https:\\\/\\\/www.purejewels.com\\\/#\\\/schema\\\/logo\\\/image\\\/\",\"url\":\"https:\\\/\\\/static.purejewels.com\\\/wp-content\\\/uploads\\\/2020\\\/11\\\/Logo-PJ-New-1.png\",\"contentUrl\":\"https:\\\/\\\/static.purejewels.com\\\/wp-content\\\/uploads\\\/2020\\\/11\\\/Logo-PJ-New-1.png\",\"width\":150,\"height\":80,\"caption\":\"PureJewels UK\"},\"image\":{\"@id\":\"https:\\\/\\\/www.purejewels.com\\\/#\\\/schema\\\/logo\\\/image\\\/\"}}]}<\/script>\n<!-- \/ Yoast SEO plugin. -->","yoast_head_json":{"title":"22ct Gelbgold CZ Ring | PureJewels London online bei UK","description":"Dieser CZ-Ring aus 22-kar\u00e4tigem Gelbgold wird mit Pr\u00e4zision und dem f\u00fcr PureJewels typischen Heritage-Touch gefertigt und erstrahlt in neuem Glanz. Perfekt f\u00fcr den minimalistischen Stil.","robots":{"index":"index","follow":"follow","max-snippet":"max-snippet:-1","max-image-preview":"max-image-preview:large","max-video-preview":"max-video-preview:-1"},"canonical":"https:\/\/www.purejewels.com\/de\/produkt-2\/22ct-gelbgold-quadrat-cz-ring-grose-o-51237\/","og_locale":"de_DE","og_type":"article","og_title":"22ct Yellow Gold CZ Ring | PureJewels London online at UK","og_description":"Radiate brilliance with this 22ct yellow gold CZ ring\u2014crafted with precision and PureJewels\u2019 signature heritage touch. Perfect for minimalist style.","og_url":"https:\/\/www.purejewels.com\/de\/produkt-2\/22ct-gelbgold-quadrat-cz-ring-grose-o-51237\/","og_site_name":"PureJewels UK","article_modified_time":"2026-04-28T03:35:08+00:00","og_image":[{"width":1000,"height":1000,"url":"https:\/\/static.purejewels.com\/wp-content\/uploads\/2025\/02\/SKU-51237.jpg","type":"image\/jpeg"}],"twitter_card":"summary_large_image","twitter_misc":{"Gesch\u00e4tzte Lesezeit":"1\u00a0Minute"},"schema":{"@context":"https:\/\/schema.org","@graph":[{"@type":["WebPage","ItemPage"],"@id":"https:\/\/www.purejewels.com\/product\/22ct-yellow-gold-square-cz-ring-size-o-51237\/","url":"https:\/\/www.purejewels.com\/product\/22ct-yellow-gold-square-cz-ring-size-o-51237\/","name":"22ct Gelbgold CZ Ring | PureJewels London online bei UK","isPartOf":{"@id":"https:\/\/www.purejewels.com\/#website"},"primaryImageOfPage":{"@id":"https:\/\/www.purejewels.com\/product\/22ct-yellow-gold-square-cz-ring-size-o-51237\/#primaryimage"},"image":{"@id":"https:\/\/www.purejewels.com\/product\/22ct-yellow-gold-square-cz-ring-size-o-51237\/#primaryimage"},"thumbnailUrl":"https:\/\/static.purejewels.com\/wp-content\/uploads\/2025\/02\/SKU-51237.jpg","datePublished":"2025-07-21T10:29:11+00:00","dateModified":"2026-04-28T03:35:08+00:00","description":"Dieser CZ-Ring aus 22-kar\u00e4tigem Gelbgold wird mit Pr\u00e4zision und dem f\u00fcr PureJewels typischen Heritage-Touch gefertigt und erstrahlt in neuem Glanz. Perfekt f\u00fcr den minimalistischen Stil.","breadcrumb":{"@id":"https:\/\/www.purejewels.com\/product\/22ct-yellow-gold-square-cz-ring-size-o-51237\/#breadcrumb"},"inLanguage":"de","potentialAction":[{"@type":"ReadAction","target":["https:\/\/www.purejewels.com\/product\/22ct-yellow-gold-square-cz-ring-size-o-51237\/"]}]},{"@type":"ImageObject","inLanguage":"de","@id":"https:\/\/www.purejewels.com\/product\/22ct-yellow-gold-square-cz-ring-size-o-51237\/#primaryimage","url":"https:\/\/static.purejewels.com\/wp-content\/uploads\/2025\/02\/SKU-51237.jpg","contentUrl":"https:\/\/static.purejewels.com\/wp-content\/uploads\/2025\/02\/SKU-51237.jpg","width":1000,"height":1000,"caption":"Stacked from 11 images. Method=B (R=8,S=4)"},{"@type":"BreadcrumbList","@id":"https:\/\/www.purejewels.com\/product\/22ct-yellow-gold-square-cz-ring-size-o-51237\/#breadcrumb","itemListElement":[{"@type":"ListItem","position":1,"name":"Home","item":"https:\/\/www.purejewels.com\/"},{"@type":"ListItem","position":2,"name":"Shop","item":"https:\/\/www.purejewels.com\/shop\/"},{"@type":"ListItem","position":3,"name":"22ct Yellow Gold Square CZ Ring"}]},{"@type":"WebSite","@id":"https:\/\/www.purejewels.com\/#website","url":"https:\/\/www.purejewels.com\/","name":"PureJewels UK","description":"Teile die Liebe","publisher":{"@id":"https:\/\/www.purejewels.com\/#organization"},"potentialAction":[{"@type":"SearchAction","target":{"@type":"EntryPoint","urlTemplate":"https:\/\/www.purejewels.com\/?s={search_term_string}"},"query-input":{"@type":"PropertyValueSpecification","valueRequired":true,"valueName":"search_term_string"}}],"inLanguage":"de"},{"@type":"Organization","@id":"https:\/\/www.purejewels.com\/#organization","name":"PureJewels UK","url":"https:\/\/www.purejewels.com\/","logo":{"@type":"ImageObject","inLanguage":"de","@id":"https:\/\/www.purejewels.com\/#\/schema\/logo\/image\/","url":"https:\/\/static.purejewels.com\/wp-content\/uploads\/2020\/11\/Logo-PJ-New-1.png","contentUrl":"https:\/\/static.purejewels.com\/wp-content\/uploads\/2020\/11\/Logo-PJ-New-1.png","width":150,"height":80,"caption":"PureJewels UK"},"image":{"@id":"https:\/\/www.purejewels.com\/#\/schema\/logo\/image\/"}}]}},"_links":{"self":[{"href":"https:\/\/www.purejewels.com\/de\/wp-json\/wp\/v2\/product\/403387","targetHints":{"allow":["GET"]}}],"collection":[{"href":"https:\/\/www.purejewels.com\/de\/wp-json\/wp\/v2\/product"}],"about":[{"href":"https:\/\/www.purejewels.com\/de\/wp-json\/wp\/v2\/types\/product"}],"replies":[{"embeddable":true,"href":"https:\/\/www.purejewels.com\/de\/wp-json\/wp\/v2\/comments?post=403387"}],"version-history":[{"count":7,"href":"https:\/\/www.purejewels.com\/de\/wp-json\/wp\/v2\/product\/403387\/revisions"}],"predecessor-version":[{"id":425038,"href":"https:\/\/www.purejewels.com\/de\/wp-json\/wp\/v2\/product\/403387\/revisions\/425038"}],"wp:featuredmedia":[{"embeddable":true,"href":"https:\/\/www.purejewels.com\/de\/wp-json\/wp\/v2\/media\/408444"}],"wp:attachment":[{"href":"https:\/\/www.purejewels.com\/de\/wp-json\/wp\/v2\/media?parent=403387"}],"wp:term":[{"taxonomy":"product_brand","embeddable":true,"href":"https:\/\/www.purejewels.com\/de\/wp-json\/wp\/v2\/product_brand?post=403387"},{"taxonomy":"product_cat","embeddable":true,"href":"https:\/\/www.purejewels.com\/de\/wp-json\/wp\/v2\/product_cat?post=403387"},{"taxonomy":"product_tag","embeddable":true,"href":"https:\/\/www.purejewels.com\/de\/wp-json\/wp\/v2\/product_tag?post=403387"}],"curies":[{"name":"wp","href":"https:\/\/api.w.org\/{rel}","templated":true}]}}