{"id":403567,"date":"2025-11-29T10:34:55","date_gmt":"2025-11-29T10:34:55","guid":{"rendered":"https:\/\/www.purejewels.com\/?post_type=product&#038;p=403567"},"modified":"2026-01-30T07:16:33","modified_gmt":"2026-01-30T07:16:33","slug":"22ct-gold-elchi-armband-51785","status":"publish","type":"product","link":"https:\/\/www.purejewels.com\/de\/product\/22ct-gold-elchi-bracelet-51785\/","title":{"rendered":"Elchi-Armband aus 22 Karat Gold"},"content":{"rendered":"<p data-start=\"0\" data-end=\"403\"><strong data-start=\"0\" data-end=\"10\">Gestaltung<\/strong><br data-start=\"10\" data-end=\"13\" \/>Das Elchi-Armband aus 22 Karat Gold hat eine zarte Kapselform, die von der Kardamomschote inspiriert ist, einem Symbol der W\u00e4rme und des t\u00e4glichen Rituals. In der Mitte befindet sich ein sanft gerundeter goldener Samen, der von einem fein strukturierten Oval umschlossen wird, das sich sanft mit dem Handgelenk bewegt. Das subtile und intime Design dr\u00fcckt die Liebe durch Details und Zur\u00fcckhaltung aus und ist daher besonders passend zum Valentinstag.<\/p>\n<p data-start=\"405\" data-end=\"804\"><strong data-start=\"405\" data-end=\"422\">Handwerkliches K\u00f6nnen<\/strong><br data-start=\"422\" data-end=\"425\" \/>Das Elchi-Armband aus reichem 22-kar\u00e4tigem Gold wird mit traditionellen Techniken hergestellt, die der Oberfl\u00e4che Tiefe und Charakter verleihen. Das zentrale Element ist sorgf\u00e4ltig geformt, um eine sanfte Bewegung zu erm\u00f6glichen und dem St\u00fcck Leben und Taktilit\u00e4t zu verleihen. Jedes Armband ist mit einer feinen Goldkette versehen, die f\u00fcr Komfort und Ausgewogenheit sorgt. Es ist im Vereinigten K\u00f6nigreich gepunzt und garantiert zertifizierte Reinheit und dauerhafte Qualit\u00e4t.<\/p>\n<p data-start=\"806\" data-end=\"1226\" data-is-last-node=\"\" data-is-only-node=\"\"><strong data-start=\"806\" data-end=\"827\">Styling &amp; Geschenkartikel<\/strong><br data-start=\"827\" data-end=\"830\" \/>Dieses alltagstaugliche Armband l\u00e4sst sich m\u00fchelos am Handgelenk tragen, ob allein oder in Kombination mit feinen Goldketten. Seine schlichte Eleganz macht es zu einem durchdachten Geschenk zum Valentinstag, das N\u00e4he, F\u00fcrsorge und die Sch\u00f6nheit gemeinsamer Momente symbolisiert. Das Elchi-Armband ist ein raffiniertes Valentinstagsgeschenk f\u00fcr sie und eignet sich perfekt, um die Liebe auf eine pers\u00f6nliche, warme und dauerhafte Weise auszudr\u00fccken.<\/p>","protected":false},"excerpt":{"rendered":"<p>Das Elchi-Armband aus 22-kar\u00e4tigem Gold ist ein zarter und zugleich k\u00fchner Ausdruck kultureller Symbolik und verk\u00f6rpert zeitlose Eleganz. Es wurde mit Pr\u00e4zision gefertigt und ist ein subtiles Statement f\u00fcr Identit\u00e4t und Sch\u00f6nheit.<\/p>\n<p><strong>Material:<\/strong> 22ct Sonnenaufgang Gold<strong><br \/>\nWahrzeichen:\u00a0<\/strong>Britisches G\u00fctesiegel<strong><br \/>\n<\/strong><strong>Bruttogewicht: <\/strong>3.21 Gms<br \/>\n<strong>L\u00e4nge:<\/strong> 7,5 Zoll<br \/>\n<strong>Breite:<\/strong> 5 mm<br \/>\n<strong>SKU:<\/strong> 51785, 52007<\/p>\n<p><strong>Preis und Lieferung<\/strong>: Inklusive Mehrwertsteuer und Lieferkosten<br \/>\n<a href=\"https:\/\/www.purejewels.com\/de\/ruckgabepolitik\/\">R\u00fcckgabepolitik<\/a><\/p>","protected":false},"featured_media":403568,"comment_status":"closed","ping_status":"closed","template":"","meta":{"_eb_attr":"","_crsspst_to_jayantr4sg-hostcom":false},"product_brand":[],"product_cat":[5441,1559,236,1793,5848,1790,1324,1627,1229,5344,5338,6081,1575,1569,1574],"product_tag":[],"class_list":{"0":"post-403567","1":"product","2":"type-product","3":"status-publish","4":"has-post-thumbnail","6":"product_cat-gold-bead-bracelets","7":"product_cat-birthday-gifts","8":"product_cat-collections","9":"product_cat-diwali-gifts","10":"product_cat-elchi-collection","11":"product_cat-for-whom-when","12":"product_cat-gold-bracelet","13":"product_cat-ladies-bracelet","14":"product_cat-22ct-gold-jewellery","15":"product_cat-jewellery-under-750","16":"product_cat-shop-by-price","17":"product_cat-sunrise-gold","18":"product_cat-teenage-jewellery","19":"product_cat-valentine-day-gifts","20":"product_cat-womens-jewellery","22":"first","23":"instock","24":"taxable","25":"shipping-taxable","26":"purchasable","27":"product-type-simple","28":"add-to-wishlist-before_image"},"yoast_head":"<!-- This site is optimized with the Yoast SEO plugin v27.4 - https:\/\/yoast.com\/product\/yoast-seo-wordpress\/ -->\n<title>Elchi Bracelet \u2013 22ct Gold Symbolic Jewellery | PureJewels London<\/title>\n<meta name=\"description\" content=\"Discover the Elchi Bracelet in pure 22ct gold, a fine balance of heritage, symbolism, and graceful craftsmanship. Handcrafted in London.\" \/>\n<meta name=\"robots\" content=\"index, follow, max-snippet:-1, max-image-preview:large, max-video-preview:-1\" \/>\n<link rel=\"canonical\" href=\"https:\/\/www.purejewels.com\/de\/produkt-2\/22ct-gold-elchi-armband-51785\/\" \/>\n<meta property=\"og:locale\" content=\"de_DE\" \/>\n<meta property=\"og:type\" content=\"article\" \/>\n<meta property=\"og:title\" content=\"Elchi Bracelet \u2013 22ct Gold Symbolic Jewellery | PureJewels London\" \/>\n<meta property=\"og:description\" content=\"Discover the Elchi Bracelet in pure 22ct gold, a fine balance of heritage, symbolism, and graceful craftsmanship. Handcrafted in London.\" \/>\n<meta property=\"og:url\" content=\"https:\/\/www.purejewels.com\/de\/produkt-2\/22ct-gold-elchi-armband-51785\/\" \/>\n<meta property=\"og:site_name\" content=\"PureJewels UK\" \/>\n<meta property=\"article:modified_time\" content=\"2026-01-30T07:16:33+00:00\" \/>\n<meta property=\"og:image\" content=\"https:\/\/static.purejewels.com\/wp-content\/uploads\/2025\/07\/SKU-51785.jpg\" \/>\n\t<meta property=\"og:image:width\" content=\"1000\" \/>\n\t<meta property=\"og:image:height\" content=\"1000\" \/>\n\t<meta property=\"og:image:type\" content=\"image\/jpeg\" \/>\n<meta name=\"twitter:card\" content=\"summary_large_image\" \/>\n<meta name=\"twitter:label1\" content=\"Gesch\u00e4tzte Lesezeit\" \/>\n\t<meta name=\"twitter:data1\" content=\"2\u00a0Minuten\" \/>\n<script type=\"application\/ld+json\" class=\"yoast-schema-graph\">{\"@context\":\"https:\\\/\\\/schema.org\",\"@graph\":[{\"@type\":[\"WebPage\",\"ItemPage\"],\"@id\":\"https:\\\/\\\/www.purejewels.com\\\/product\\\/22ct-gold-elchi-bracelet-51785\\\/\",\"url\":\"https:\\\/\\\/www.purejewels.com\\\/product\\\/22ct-gold-elchi-bracelet-51785\\\/\",\"name\":\"Elchi Bracelet \u2013 22ct Gold Symbolic Jewellery | PureJewels London\",\"isPartOf\":{\"@id\":\"https:\\\/\\\/www.purejewels.com\\\/#website\"},\"primaryImageOfPage\":{\"@id\":\"https:\\\/\\\/www.purejewels.com\\\/product\\\/22ct-gold-elchi-bracelet-51785\\\/#primaryimage\"},\"image\":{\"@id\":\"https:\\\/\\\/www.purejewels.com\\\/product\\\/22ct-gold-elchi-bracelet-51785\\\/#primaryimage\"},\"thumbnailUrl\":\"https:\\\/\\\/static.purejewels.com\\\/wp-content\\\/uploads\\\/2025\\\/07\\\/SKU-51785.jpg\",\"datePublished\":\"2025-11-29T10:34:55+00:00\",\"dateModified\":\"2026-01-30T07:16:33+00:00\",\"description\":\"Discover the Elchi Bracelet in pure 22ct gold, a fine balance of heritage, symbolism, and graceful craftsmanship. Handcrafted in London.\",\"breadcrumb\":{\"@id\":\"https:\\\/\\\/www.purejewels.com\\\/product\\\/22ct-gold-elchi-bracelet-51785\\\/#breadcrumb\"},\"inLanguage\":\"de\",\"potentialAction\":[{\"@type\":\"ReadAction\",\"target\":[\"https:\\\/\\\/www.purejewels.com\\\/product\\\/22ct-gold-elchi-bracelet-51785\\\/\"]}]},{\"@type\":\"ImageObject\",\"inLanguage\":\"de\",\"@id\":\"https:\\\/\\\/www.purejewels.com\\\/product\\\/22ct-gold-elchi-bracelet-51785\\\/#primaryimage\",\"url\":\"https:\\\/\\\/static.purejewels.com\\\/wp-content\\\/uploads\\\/2025\\\/07\\\/SKU-51785.jpg\",\"contentUrl\":\"https:\\\/\\\/static.purejewels.com\\\/wp-content\\\/uploads\\\/2025\\\/07\\\/SKU-51785.jpg\",\"width\":1000,\"height\":1000,\"caption\":\"51785\"},{\"@type\":\"BreadcrumbList\",\"@id\":\"https:\\\/\\\/www.purejewels.com\\\/product\\\/22ct-gold-elchi-bracelet-51785\\\/#breadcrumb\",\"itemListElement\":[{\"@type\":\"ListItem\",\"position\":1,\"name\":\"Home\",\"item\":\"https:\\\/\\\/www.purejewels.com\\\/\"},{\"@type\":\"ListItem\",\"position\":2,\"name\":\"Shop\",\"item\":\"https:\\\/\\\/www.purejewels.com\\\/shop\\\/\"},{\"@type\":\"ListItem\",\"position\":3,\"name\":\"22ct Gold Elchi Bracelet\"}]},{\"@type\":\"WebSite\",\"@id\":\"https:\\\/\\\/www.purejewels.com\\\/#website\",\"url\":\"https:\\\/\\\/www.purejewels.com\\\/\",\"name\":\"PureJewels UK\",\"description\":\"Share the Love\",\"publisher\":{\"@id\":\"https:\\\/\\\/www.purejewels.com\\\/#organization\"},\"potentialAction\":[{\"@type\":\"SearchAction\",\"target\":{\"@type\":\"EntryPoint\",\"urlTemplate\":\"https:\\\/\\\/www.purejewels.com\\\/?s={search_term_string}\"},\"query-input\":{\"@type\":\"PropertyValueSpecification\",\"valueRequired\":true,\"valueName\":\"search_term_string\"}}],\"inLanguage\":\"de\"},{\"@type\":\"Organization\",\"@id\":\"https:\\\/\\\/www.purejewels.com\\\/#organization\",\"name\":\"PureJewels UK\",\"url\":\"https:\\\/\\\/www.purejewels.com\\\/\",\"logo\":{\"@type\":\"ImageObject\",\"inLanguage\":\"de\",\"@id\":\"https:\\\/\\\/www.purejewels.com\\\/#\\\/schema\\\/logo\\\/image\\\/\",\"url\":\"https:\\\/\\\/static.purejewels.com\\\/wp-content\\\/uploads\\\/2020\\\/11\\\/Logo-PJ-New-1.png\",\"contentUrl\":\"https:\\\/\\\/static.purejewels.com\\\/wp-content\\\/uploads\\\/2020\\\/11\\\/Logo-PJ-New-1.png\",\"width\":150,\"height\":80,\"caption\":\"PureJewels UK\"},\"image\":{\"@id\":\"https:\\\/\\\/www.purejewels.com\\\/#\\\/schema\\\/logo\\\/image\\\/\"}}]}<\/script>\n<!-- \/ Yoast SEO plugin. -->","yoast_head_json":{"title":"Elchi Armband - 22ct Gold Symbolischer Schmuck | PureJewels London","description":"Entdecken Sie das Elchi-Armband aus reinem 22-kar\u00e4tigem Gold, eine feine Balance aus Tradition, Symbolik und anmutiger Handwerkskunst. Handgefertigt in London.","robots":{"index":"index","follow":"follow","max-snippet":"max-snippet:-1","max-image-preview":"max-image-preview:large","max-video-preview":"max-video-preview:-1"},"canonical":"https:\/\/www.purejewels.com\/de\/produkt-2\/22ct-gold-elchi-armband-51785\/","og_locale":"de_DE","og_type":"article","og_title":"Elchi Bracelet \u2013 22ct Gold Symbolic Jewellery | PureJewels London","og_description":"Discover the Elchi Bracelet in pure 22ct gold, a fine balance of heritage, symbolism, and graceful craftsmanship. Handcrafted in London.","og_url":"https:\/\/www.purejewels.com\/de\/produkt-2\/22ct-gold-elchi-armband-51785\/","og_site_name":"PureJewels UK","article_modified_time":"2026-01-30T07:16:33+00:00","og_image":[{"width":1000,"height":1000,"url":"https:\/\/static.purejewels.com\/wp-content\/uploads\/2025\/07\/SKU-51785.jpg","type":"image\/jpeg"}],"twitter_card":"summary_large_image","twitter_misc":{"Gesch\u00e4tzte Lesezeit":"2\u00a0Minuten"},"schema":{"@context":"https:\/\/schema.org","@graph":[{"@type":["WebPage","ItemPage"],"@id":"https:\/\/www.purejewels.com\/product\/22ct-gold-elchi-bracelet-51785\/","url":"https:\/\/www.purejewels.com\/product\/22ct-gold-elchi-bracelet-51785\/","name":"Elchi Armband - 22ct Gold Symbolischer Schmuck | PureJewels London","isPartOf":{"@id":"https:\/\/www.purejewels.com\/#website"},"primaryImageOfPage":{"@id":"https:\/\/www.purejewels.com\/product\/22ct-gold-elchi-bracelet-51785\/#primaryimage"},"image":{"@id":"https:\/\/www.purejewels.com\/product\/22ct-gold-elchi-bracelet-51785\/#primaryimage"},"thumbnailUrl":"https:\/\/static.purejewels.com\/wp-content\/uploads\/2025\/07\/SKU-51785.jpg","datePublished":"2025-11-29T10:34:55+00:00","dateModified":"2026-01-30T07:16:33+00:00","description":"Entdecken Sie das Elchi-Armband aus reinem 22-kar\u00e4tigem Gold, eine feine Balance aus Tradition, Symbolik und anmutiger Handwerkskunst. Handgefertigt in London.","breadcrumb":{"@id":"https:\/\/www.purejewels.com\/product\/22ct-gold-elchi-bracelet-51785\/#breadcrumb"},"inLanguage":"de","potentialAction":[{"@type":"ReadAction","target":["https:\/\/www.purejewels.com\/product\/22ct-gold-elchi-bracelet-51785\/"]}]},{"@type":"ImageObject","inLanguage":"de","@id":"https:\/\/www.purejewels.com\/product\/22ct-gold-elchi-bracelet-51785\/#primaryimage","url":"https:\/\/static.purejewels.com\/wp-content\/uploads\/2025\/07\/SKU-51785.jpg","contentUrl":"https:\/\/static.purejewels.com\/wp-content\/uploads\/2025\/07\/SKU-51785.jpg","width":1000,"height":1000,"caption":"51785"},{"@type":"BreadcrumbList","@id":"https:\/\/www.purejewels.com\/product\/22ct-gold-elchi-bracelet-51785\/#breadcrumb","itemListElement":[{"@type":"ListItem","position":1,"name":"Home","item":"https:\/\/www.purejewels.com\/"},{"@type":"ListItem","position":2,"name":"Shop","item":"https:\/\/www.purejewels.com\/shop\/"},{"@type":"ListItem","position":3,"name":"22ct Gold Elchi Bracelet"}]},{"@type":"WebSite","@id":"https:\/\/www.purejewels.com\/#website","url":"https:\/\/www.purejewels.com\/","name":"PureJewels UK","description":"Teile die Liebe","publisher":{"@id":"https:\/\/www.purejewels.com\/#organization"},"potentialAction":[{"@type":"SearchAction","target":{"@type":"EntryPoint","urlTemplate":"https:\/\/www.purejewels.com\/?s={search_term_string}"},"query-input":{"@type":"PropertyValueSpecification","valueRequired":true,"valueName":"search_term_string"}}],"inLanguage":"de"},{"@type":"Organization","@id":"https:\/\/www.purejewels.com\/#organization","name":"PureJewels UK","url":"https:\/\/www.purejewels.com\/","logo":{"@type":"ImageObject","inLanguage":"de","@id":"https:\/\/www.purejewels.com\/#\/schema\/logo\/image\/","url":"https:\/\/static.purejewels.com\/wp-content\/uploads\/2020\/11\/Logo-PJ-New-1.png","contentUrl":"https:\/\/static.purejewels.com\/wp-content\/uploads\/2020\/11\/Logo-PJ-New-1.png","width":150,"height":80,"caption":"PureJewels UK"},"image":{"@id":"https:\/\/www.purejewels.com\/#\/schema\/logo\/image\/"}}]}},"_links":{"self":[{"href":"https:\/\/www.purejewels.com\/de\/wp-json\/wp\/v2\/product\/403567","targetHints":{"allow":["GET"]}}],"collection":[{"href":"https:\/\/www.purejewels.com\/de\/wp-json\/wp\/v2\/product"}],"about":[{"href":"https:\/\/www.purejewels.com\/de\/wp-json\/wp\/v2\/types\/product"}],"replies":[{"embeddable":true,"href":"https:\/\/www.purejewels.com\/de\/wp-json\/wp\/v2\/comments?post=403567"}],"version-history":[{"count":4,"href":"https:\/\/www.purejewels.com\/de\/wp-json\/wp\/v2\/product\/403567\/revisions"}],"predecessor-version":[{"id":424756,"href":"https:\/\/www.purejewels.com\/de\/wp-json\/wp\/v2\/product\/403567\/revisions\/424756"}],"wp:featuredmedia":[{"embeddable":true,"href":"https:\/\/www.purejewels.com\/de\/wp-json\/wp\/v2\/media\/403568"}],"wp:attachment":[{"href":"https:\/\/www.purejewels.com\/de\/wp-json\/wp\/v2\/media?parent=403567"}],"wp:term":[{"taxonomy":"product_brand","embeddable":true,"href":"https:\/\/www.purejewels.com\/de\/wp-json\/wp\/v2\/product_brand?post=403567"},{"taxonomy":"product_cat","embeddable":true,"href":"https:\/\/www.purejewels.com\/de\/wp-json\/wp\/v2\/product_cat?post=403567"},{"taxonomy":"product_tag","embeddable":true,"href":"https:\/\/www.purejewels.com\/de\/wp-json\/wp\/v2\/product_tag?post=403567"}],"curies":[{"name":"wp","href":"https:\/\/api.w.org\/{rel}","templated":true}]}}