{"id":403573,"date":"2025-07-05T10:57:23","date_gmt":"2025-07-05T09:57:23","guid":{"rendered":"https:\/\/www.purejewels.com\/?post_type=product&#038;p=403573"},"modified":"2026-02-18T06:33:02","modified_gmt":"2026-02-18T06:33:02","slug":"rosette-22ct-gold-floral-poncha-51783","status":"publish","type":"product","link":"https:\/\/www.purejewels.com\/de\/product\/rosette-22ct-gold-floral-poncha-51783\/","title":{"rendered":"Rosette 22ct Gold Floral Poncha"},"content":{"rendered":"<p data-start=\"965\" data-end=\"1219\">Die <strong data-start=\"969\" data-end=\"994\">Rosettenblume Poncha<\/strong> ist ein zarter Ausdruck von Erbe und Weiblichkeit, wundersch\u00f6n geformt in <strong data-start=\"1072\" data-end=\"1085\">22ct Sonnenaufgang Gold<\/strong>. Dieses 7-Zoll-Handornament stammt von PureJewels' <strong data-start=\"1136\" data-end=\"1158\">Kollektion Rosette<\/strong>mit seinen charakteristischen floralen Motiven, die zeitlose Eleganz ausstrahlen.<\/p>\n<p data-start=\"1221\" data-end=\"1452\">Die Poncha besteht aus filigranen Goldperlen, die sich entlang einer feinen Goldkette entfalten und das Handgelenk mit dem Finger zu einer flie\u00dfenden Geste der Sch\u00f6nheit verbinden. Jede Rosettenperle steht f\u00fcr ein Bl\u00fctenblatt Ihrer Geschichte - strahlend, raffiniert und in der Tradition verwurzelt.<\/p>\n<p data-start=\"1454\" data-end=\"1757\">Durchdacht dimensioniert bei <strong data-start=\"1476\" data-end=\"1488\">7 Zoll<\/strong> f\u00fcr einen angenehmen Faltenwurf, ist dieses St\u00fcck ideal f\u00fcr Brautmomente, festliche Anl\u00e4sse oder wenn Sie einen Hauch von Tradition mit Anmut tragen m\u00f6chten. Gekennzeichnet durch die <strong data-start=\"1651\" data-end=\"1674\">Londoner Bescheinigungsamt<\/strong>Es ist ein Erbst\u00fcck - eine Feier Ihrer Reise, in Gold gefertigt.<\/p>","protected":false},"excerpt":{"rendered":"<p>Die Rosette Flower Poncha aus 22-kar\u00e4tigem Gold zelebriert florale Anmut mit zarter Handwerkskunst. Die traditionelle Silhouette wurde f\u00fcr moderne Anl\u00e4sse neu interpretiert und ist eine poetische Erg\u00e4nzung zum feierlichen Styling.<\/p>\n<p><strong>Material:<\/strong>\u00a022ct Sonnenaufgang Gold<strong><br \/>\nWahrzeichen:\u00a0<\/strong>Britisches G\u00fctesiegel<strong><br \/>\n<\/strong><strong>Bruttogewicht: <\/strong>5,76 Gramm<br \/>\n<strong>L\u00e4nge:<\/strong> 7 Zoll<br \/>\n<strong>SKU:<\/strong> 51783<\/p>\n<p><strong>Preis und Lieferung<\/strong>: Inklusive Mehrwertsteuer und Lieferkosten<br \/>\n<a href=\"https:\/\/www.purejewels.com\/de\/ruckgabepolitik\/\">R\u00fcckgabepolitik<\/a><\/p>","protected":false},"featured_media":403574,"comment_status":"closed","ping_status":"closed","template":"","meta":{"_eb_attr":"","_crsspst_to_jayantr4sg-hostcom":false},"product_brand":[],"product_cat":[1791,6009,1793,5701,1229,1718,5656,1656,6081,1573,1574,5349],"product_tag":[1430],"class_list":{"0":"post-403573","1":"product","2":"type-product","3":"status-publish","4":"has-post-thumbnail","6":"product_cat-anniversary-gifts","7":"product_cat-bracelet-poncha","8":"product_cat-diwali-gifts","9":"product_cat-eid-jewellery","10":"product_cat-22ct-gold-jewellery","11":"product_cat-ladies-poncha","12":"product_cat-rosette-poncha","13":"product_cat-rosettes-collections","14":"product_cat-sunrise-gold","15":"product_cat-wedding-gifts","16":"product_cat-womens-jewellery","17":"product_cat-yellow-gold-jewellery","18":"product_tag-diwali-gift","20":"first","21":"outofstock","22":"taxable","23":"shipping-taxable","24":"product-type-simple","25":"add-to-wishlist-before_image"},"yoast_head":"<!-- This site is optimized with the Yoast SEO plugin v27.3 - https:\/\/yoast.com\/product\/yoast-seo-wordpress\/ -->\n<title>Rosette Flower Poncha 22ct Gold | Hand Jewellery by PureJewels<\/title>\n<meta name=\"description\" content=\"Adorn your hand with the Rosette Flower Poncha in radiant 22ct gold. A graceful blend of tradition and elegance from PureJewels\u2019 Rosette Collection.\" \/>\n<meta name=\"robots\" content=\"index, follow, max-snippet:-1, max-image-preview:large, max-video-preview:-1\" \/>\n<link rel=\"canonical\" href=\"https:\/\/www.purejewels.com\/de\/produkt-2\/rosette-22ct-gold-floral-poncha-51783\/\" \/>\n<meta property=\"og:locale\" content=\"de_DE\" \/>\n<meta property=\"og:type\" content=\"article\" \/>\n<meta property=\"og:title\" content=\"Rosette Flower Poncha 22ct Gold | Hand Jewellery by PureJewels\" \/>\n<meta property=\"og:description\" content=\"Adorn your hand with the Rosette Flower Poncha in radiant 22ct gold. A graceful blend of tradition and elegance from PureJewels\u2019 Rosette Collection.\" \/>\n<meta property=\"og:url\" content=\"https:\/\/www.purejewels.com\/de\/produkt-2\/rosette-22ct-gold-floral-poncha-51783\/\" \/>\n<meta property=\"og:site_name\" content=\"PureJewels UK\" \/>\n<meta property=\"article:modified_time\" content=\"2026-02-18T06:33:02+00:00\" \/>\n<meta property=\"og:image\" content=\"https:\/\/static.purejewels.com\/wp-content\/uploads\/2025\/07\/SKU-51783.jpg\" \/>\n\t<meta property=\"og:image:width\" content=\"1000\" \/>\n\t<meta property=\"og:image:height\" content=\"1000\" \/>\n\t<meta property=\"og:image:type\" content=\"image\/jpeg\" \/>\n<meta name=\"twitter:card\" content=\"summary_large_image\" \/>\n<meta name=\"twitter:label1\" content=\"Gesch\u00e4tzte Lesezeit\" \/>\n\t<meta name=\"twitter:data1\" content=\"1\u00a0Minute\" \/>\n<script type=\"application\/ld+json\" class=\"yoast-schema-graph\">{\"@context\":\"https:\\\/\\\/schema.org\",\"@graph\":[{\"@type\":[\"WebPage\",\"ItemPage\"],\"@id\":\"https:\\\/\\\/www.purejewels.com\\\/product\\\/rosette-22ct-gold-floral-poncha-51783\\\/\",\"url\":\"https:\\\/\\\/www.purejewels.com\\\/product\\\/rosette-22ct-gold-floral-poncha-51783\\\/\",\"name\":\"Rosette Flower Poncha 22ct Gold | Hand Jewellery by PureJewels\",\"isPartOf\":{\"@id\":\"https:\\\/\\\/www.purejewels.com\\\/#website\"},\"primaryImageOfPage\":{\"@id\":\"https:\\\/\\\/www.purejewels.com\\\/product\\\/rosette-22ct-gold-floral-poncha-51783\\\/#primaryimage\"},\"image\":{\"@id\":\"https:\\\/\\\/www.purejewels.com\\\/product\\\/rosette-22ct-gold-floral-poncha-51783\\\/#primaryimage\"},\"thumbnailUrl\":\"https:\\\/\\\/static.purejewels.com\\\/wp-content\\\/uploads\\\/2025\\\/07\\\/SKU-51783.jpg\",\"datePublished\":\"2025-07-05T09:57:23+00:00\",\"dateModified\":\"2026-02-18T06:33:02+00:00\",\"description\":\"Adorn your hand with the Rosette Flower Poncha in radiant 22ct gold. A graceful blend of tradition and elegance from PureJewels\u2019 Rosette Collection.\",\"breadcrumb\":{\"@id\":\"https:\\\/\\\/www.purejewels.com\\\/product\\\/rosette-22ct-gold-floral-poncha-51783\\\/#breadcrumb\"},\"inLanguage\":\"de\",\"potentialAction\":[{\"@type\":\"ReadAction\",\"target\":[\"https:\\\/\\\/www.purejewels.com\\\/product\\\/rosette-22ct-gold-floral-poncha-51783\\\/\"]}]},{\"@type\":\"ImageObject\",\"inLanguage\":\"de\",\"@id\":\"https:\\\/\\\/www.purejewels.com\\\/product\\\/rosette-22ct-gold-floral-poncha-51783\\\/#primaryimage\",\"url\":\"https:\\\/\\\/static.purejewels.com\\\/wp-content\\\/uploads\\\/2025\\\/07\\\/SKU-51783.jpg\",\"contentUrl\":\"https:\\\/\\\/static.purejewels.com\\\/wp-content\\\/uploads\\\/2025\\\/07\\\/SKU-51783.jpg\",\"width\":1000,\"height\":1000,\"caption\":\"51783\"},{\"@type\":\"BreadcrumbList\",\"@id\":\"https:\\\/\\\/www.purejewels.com\\\/product\\\/rosette-22ct-gold-floral-poncha-51783\\\/#breadcrumb\",\"itemListElement\":[{\"@type\":\"ListItem\",\"position\":1,\"name\":\"Home\",\"item\":\"https:\\\/\\\/www.purejewels.com\\\/\"},{\"@type\":\"ListItem\",\"position\":2,\"name\":\"Shop\",\"item\":\"https:\\\/\\\/www.purejewels.com\\\/shop\\\/\"},{\"@type\":\"ListItem\",\"position\":3,\"name\":\"Rosette 22ct Gold Floral Poncha\"}]},{\"@type\":\"WebSite\",\"@id\":\"https:\\\/\\\/www.purejewels.com\\\/#website\",\"url\":\"https:\\\/\\\/www.purejewels.com\\\/\",\"name\":\"PureJewels UK\",\"description\":\"Share the Love\",\"publisher\":{\"@id\":\"https:\\\/\\\/www.purejewels.com\\\/#organization\"},\"potentialAction\":[{\"@type\":\"SearchAction\",\"target\":{\"@type\":\"EntryPoint\",\"urlTemplate\":\"https:\\\/\\\/www.purejewels.com\\\/?s={search_term_string}\"},\"query-input\":{\"@type\":\"PropertyValueSpecification\",\"valueRequired\":true,\"valueName\":\"search_term_string\"}}],\"inLanguage\":\"de\"},{\"@type\":\"Organization\",\"@id\":\"https:\\\/\\\/www.purejewels.com\\\/#organization\",\"name\":\"PureJewels UK\",\"url\":\"https:\\\/\\\/www.purejewels.com\\\/\",\"logo\":{\"@type\":\"ImageObject\",\"inLanguage\":\"de\",\"@id\":\"https:\\\/\\\/www.purejewels.com\\\/#\\\/schema\\\/logo\\\/image\\\/\",\"url\":\"https:\\\/\\\/static.purejewels.com\\\/wp-content\\\/uploads\\\/2020\\\/11\\\/Logo-PJ-New-1.png\",\"contentUrl\":\"https:\\\/\\\/static.purejewels.com\\\/wp-content\\\/uploads\\\/2020\\\/11\\\/Logo-PJ-New-1.png\",\"width\":150,\"height\":80,\"caption\":\"PureJewels UK\"},\"image\":{\"@id\":\"https:\\\/\\\/www.purejewels.com\\\/#\\\/schema\\\/logo\\\/image\\\/\"}}]}<\/script>\n<!-- \/ Yoast SEO plugin. -->","yoast_head_json":{"title":"Rosette Blume Poncha 22ct Gold | Handschmuck von PureJewels","description":"Schm\u00fccken Sie Ihre Hand mit der Rosette Flower Poncha aus strahlendem 22-kar\u00e4tigem Gold. Eine anmutige Mischung aus Tradition und Eleganz aus der Rosette Kollektion von PureJewels.","robots":{"index":"index","follow":"follow","max-snippet":"max-snippet:-1","max-image-preview":"max-image-preview:large","max-video-preview":"max-video-preview:-1"},"canonical":"https:\/\/www.purejewels.com\/de\/produkt-2\/rosette-22ct-gold-floral-poncha-51783\/","og_locale":"de_DE","og_type":"article","og_title":"Rosette Flower Poncha 22ct Gold | Hand Jewellery by PureJewels","og_description":"Adorn your hand with the Rosette Flower Poncha in radiant 22ct gold. A graceful blend of tradition and elegance from PureJewels\u2019 Rosette Collection.","og_url":"https:\/\/www.purejewels.com\/de\/produkt-2\/rosette-22ct-gold-floral-poncha-51783\/","og_site_name":"PureJewels UK","article_modified_time":"2026-02-18T06:33:02+00:00","og_image":[{"width":1000,"height":1000,"url":"https:\/\/static.purejewels.com\/wp-content\/uploads\/2025\/07\/SKU-51783.jpg","type":"image\/jpeg"}],"twitter_card":"summary_large_image","twitter_misc":{"Gesch\u00e4tzte Lesezeit":"1\u00a0Minute"},"schema":{"@context":"https:\/\/schema.org","@graph":[{"@type":["WebPage","ItemPage"],"@id":"https:\/\/www.purejewels.com\/product\/rosette-22ct-gold-floral-poncha-51783\/","url":"https:\/\/www.purejewels.com\/product\/rosette-22ct-gold-floral-poncha-51783\/","name":"Rosette Blume Poncha 22ct Gold | Handschmuck von PureJewels","isPartOf":{"@id":"https:\/\/www.purejewels.com\/#website"},"primaryImageOfPage":{"@id":"https:\/\/www.purejewels.com\/product\/rosette-22ct-gold-floral-poncha-51783\/#primaryimage"},"image":{"@id":"https:\/\/www.purejewels.com\/product\/rosette-22ct-gold-floral-poncha-51783\/#primaryimage"},"thumbnailUrl":"https:\/\/static.purejewels.com\/wp-content\/uploads\/2025\/07\/SKU-51783.jpg","datePublished":"2025-07-05T09:57:23+00:00","dateModified":"2026-02-18T06:33:02+00:00","description":"Schm\u00fccken Sie Ihre Hand mit der Rosette Flower Poncha aus strahlendem 22-kar\u00e4tigem Gold. Eine anmutige Mischung aus Tradition und Eleganz aus der Rosette Kollektion von PureJewels.","breadcrumb":{"@id":"https:\/\/www.purejewels.com\/product\/rosette-22ct-gold-floral-poncha-51783\/#breadcrumb"},"inLanguage":"de","potentialAction":[{"@type":"ReadAction","target":["https:\/\/www.purejewels.com\/product\/rosette-22ct-gold-floral-poncha-51783\/"]}]},{"@type":"ImageObject","inLanguage":"de","@id":"https:\/\/www.purejewels.com\/product\/rosette-22ct-gold-floral-poncha-51783\/#primaryimage","url":"https:\/\/static.purejewels.com\/wp-content\/uploads\/2025\/07\/SKU-51783.jpg","contentUrl":"https:\/\/static.purejewels.com\/wp-content\/uploads\/2025\/07\/SKU-51783.jpg","width":1000,"height":1000,"caption":"51783"},{"@type":"BreadcrumbList","@id":"https:\/\/www.purejewels.com\/product\/rosette-22ct-gold-floral-poncha-51783\/#breadcrumb","itemListElement":[{"@type":"ListItem","position":1,"name":"Home","item":"https:\/\/www.purejewels.com\/"},{"@type":"ListItem","position":2,"name":"Shop","item":"https:\/\/www.purejewels.com\/shop\/"},{"@type":"ListItem","position":3,"name":"Rosette 22ct Gold Floral Poncha"}]},{"@type":"WebSite","@id":"https:\/\/www.purejewels.com\/#website","url":"https:\/\/www.purejewels.com\/","name":"PureJewels UK","description":"Teile die Liebe","publisher":{"@id":"https:\/\/www.purejewels.com\/#organization"},"potentialAction":[{"@type":"SearchAction","target":{"@type":"EntryPoint","urlTemplate":"https:\/\/www.purejewels.com\/?s={search_term_string}"},"query-input":{"@type":"PropertyValueSpecification","valueRequired":true,"valueName":"search_term_string"}}],"inLanguage":"de"},{"@type":"Organization","@id":"https:\/\/www.purejewels.com\/#organization","name":"PureJewels UK","url":"https:\/\/www.purejewels.com\/","logo":{"@type":"ImageObject","inLanguage":"de","@id":"https:\/\/www.purejewels.com\/#\/schema\/logo\/image\/","url":"https:\/\/static.purejewels.com\/wp-content\/uploads\/2020\/11\/Logo-PJ-New-1.png","contentUrl":"https:\/\/static.purejewels.com\/wp-content\/uploads\/2020\/11\/Logo-PJ-New-1.png","width":150,"height":80,"caption":"PureJewels UK"},"image":{"@id":"https:\/\/www.purejewels.com\/#\/schema\/logo\/image\/"}}]}},"_links":{"self":[{"href":"https:\/\/www.purejewels.com\/de\/wp-json\/wp\/v2\/product\/403573","targetHints":{"allow":["GET"]}}],"collection":[{"href":"https:\/\/www.purejewels.com\/de\/wp-json\/wp\/v2\/product"}],"about":[{"href":"https:\/\/www.purejewels.com\/de\/wp-json\/wp\/v2\/types\/product"}],"replies":[{"embeddable":true,"href":"https:\/\/www.purejewels.com\/de\/wp-json\/wp\/v2\/comments?post=403573"}],"version-history":[{"count":2,"href":"https:\/\/www.purejewels.com\/de\/wp-json\/wp\/v2\/product\/403573\/revisions"}],"predecessor-version":[{"id":418194,"href":"https:\/\/www.purejewels.com\/de\/wp-json\/wp\/v2\/product\/403573\/revisions\/418194"}],"wp:featuredmedia":[{"embeddable":true,"href":"https:\/\/www.purejewels.com\/de\/wp-json\/wp\/v2\/media\/403574"}],"wp:attachment":[{"href":"https:\/\/www.purejewels.com\/de\/wp-json\/wp\/v2\/media?parent=403573"}],"wp:term":[{"taxonomy":"product_brand","embeddable":true,"href":"https:\/\/www.purejewels.com\/de\/wp-json\/wp\/v2\/product_brand?post=403573"},{"taxonomy":"product_cat","embeddable":true,"href":"https:\/\/www.purejewels.com\/de\/wp-json\/wp\/v2\/product_cat?post=403573"},{"taxonomy":"product_tag","embeddable":true,"href":"https:\/\/www.purejewels.com\/de\/wp-json\/wp\/v2\/product_tag?post=403573"}],"curies":[{"name":"wp","href":"https:\/\/api.w.org\/{rel}","templated":true}]}}