{"id":4036,"date":"2017-07-19T13:23:44","date_gmt":"2017-07-19T12:23:44","guid":{"rendered":"http:\/\/new.purejewels.com\/product\/twin-groove-christian-bauer-wedding-ring-0274092\/"},"modified":"2020-12-21T17:55:20","modified_gmt":"2020-12-21T17:55:20","slug":"twin-groove-christian-bauer-trauring-0274092","status":"publish","type":"product","link":"https:\/\/www.purejewels.com\/de\/product\/twin-groove-christian-bauer-wedding-ring-0274092\/","title":{"rendered":"Twin Groove Christian Bauer Trauringe"},"content":{"rendered":"<p>Nehmen Sie nicht den erstbesten Ehering, der Ihnen gef\u00e4llt.  Nehmen Sie sich Zeit, erkunden Sie die M\u00f6glichkeiten, und lassen Sie sich von uns \u00fcber die Bedeutung der Produktion aufkl\u00e4ren.\u00a0 <a href=\"https:\/\/www.purejewels.com\/de\/product-category\/wedding-rings-bands\/wedding-bands\/christian-bauer-brands\/\">Christian Bauer<\/a> Hochzeit <a href=\"https:\/\/www.purejewels.com\/de\/product-category\/22ct-gold-jewellery\/gold-rings\/\">Ringe<\/a> werden in der Werkstatt in Deutschland pr\u00e4zisionsgefertigt.  Jedes St\u00fcck wird von einem Team erfahrener Juweliere mit einer Kombination aus altmodischem K\u00f6nnen und moderner Technologie hergestellt.  Was bedeutet das f\u00fcr Sie?  Es bedeutet, dass dieser Ring, wenn Sie ihn anprobieren, \u00e4u\u00dferst bequem und gut sitzend sein wird.  Er wird ebenso makellos aussehen.  Die Politur ist makellos und das Wei\u00dfgoldband bildet einen subtilen, gl\u00e4nzenden Kontrast zum k\u00fchlen Palladium.  Wir k\u00f6nnen es kaum erwarten, dass Sie sie anprobieren.   *Kommen Sie vorbei und probieren Sie einen Christian Bauer Ehering an.  Wenn Sie nicht k\u00f6nnen, \u00f6ffnen Sie den Live Chat, um sich \u00fcber Gr\u00f6\u00dfen und Optionen zu erkundigen.  Ihr Ring wird dann in Ihrer Gr\u00f6\u00dfe bestellt.<\/p>\n<ul>\n<li>Autorisierter Christian Bauer-Fachh\u00e4ndler<\/li>\n<li>Christian Bauer Ehering - 0274092<\/li>\n<li>Ausf\u00fchrung: Matt<\/li>\n<li>Metall: Palladium mit <a href=\"https:\/\/www.purejewels.com\/de\/product\/18ct-white-gold-diamond-ring-for-ladies-8775\/\">18ct Wei\u00dfgold<\/a> Zentrum<\/li>\n<li>Breite: 6 mm<\/li>\n<li>*\u00d6ffnen Sie den Live Chat, um zu bestellen.<\/li>\n<\/ul>\n<h2><strong>Palladium-Trauringe von Christian Bauer<br \/>\n<\/strong><\/h2>\n<p>Was ist Palladium?  Das ist die erste Frage, die Sie sich vielleicht stellen, wenn Sie diesen h\u00fcbschen Ehering anprobieren.  Es ist ein enger Verwandter von Platin und hat eine \u00e4hnliche, k\u00fchle, gl\u00e4nzende Oberfl\u00e4che.  Es ist nicht ganz so hart wie Platin, was den Preis ein wenig dr\u00fcckt.  Christian Bauer hat das Palladium mit Wei\u00dfgold kontrastiert, um den Luxus zu erh\u00f6hen - und weil der Kontrast zwischen den beiden silbernen Oberfl\u00e4chen interessant ist.  Wie immer ist der Ring au\u00dferordentlich gut verarbeitet und hat die f\u00fcr das Label typische schlanke Passform.<\/p>\n<p>Wenn Sie also auf Qualit\u00e4t Wert legen, Ihr Budget aber knapp bemessen ist, dann sollten Sie einen Palladium-Trauring in Betracht ziehen.  Dieser raffinierte Palladium-Trauring zeigt das begehrte Design von Christian Bauer - zu einem deutlich g\u00fcnstigeren Preis.<\/p>\n<p>&nbsp;<\/p>","protected":false},"excerpt":{"rendered":"<ul>\n<li>Autorisierter Christian Bauer-Fachh\u00e4ndler<\/li>\n<li>Christian Bauer Ehering - 0274092<\/li>\n<li>Ausf\u00fchrung: Matt<\/li>\n<li>Metall: Palladium mit Zentrum aus 18 Karat Wei\u00dfgold<\/li>\n<li>Breite: 6 mm<\/li>\n<li>*\u00d6ffnen Sie den Live Chat, um zu bestellen.<\/li>\n<\/ul>","protected":false},"featured_media":4037,"comment_status":"closed","ping_status":"closed","template":"","meta":{"_eb_attr":"","_crsspst_to_jayantr4sg-hostcom":false},"product_brand":[],"product_cat":[238,1572,1537],"product_tag":[],"class_list":{"0":"post-4036","1":"product","2":"type-product","3":"status-publish","4":"has-post-thumbnail","6":"product_cat-christian-bauer-brands","7":"product_cat-mens-jewellery","8":"product_cat-white-gold-jewellery-set","10":"first","11":"outofstock","12":"taxable","13":"shipping-taxable","14":"product-type-simple","15":"add-to-wishlist-before_image"},"yoast_head":"<!-- This site is optimized with the Yoast SEO plugin v27.3 - https:\/\/yoast.com\/product\/yoast-seo-wordpress\/ -->\n<title>Twin Groove Christian Bauer Wedding Ring - PureJewels<\/title>\n<meta name=\"robots\" content=\"index, follow, max-snippet:-1, max-image-preview:large, max-video-preview:-1\" \/>\n<link rel=\"canonical\" href=\"https:\/\/www.purejewels.com\/de\/produkt-2\/twin-groove-christian-bauer-trauring-0274092\/\" \/>\n<meta property=\"og:locale\" content=\"de_DE\" \/>\n<meta property=\"og:type\" content=\"article\" \/>\n<meta property=\"og:title\" content=\"Twin Groove Christian Bauer Wedding Ring - PureJewels\" \/>\n<meta property=\"og:description\" content=\"Authorised Christian Bauer Stockist  Christian Bauer Wedding Ring \u2013 0274092  Finish: Matte  Metal: Palladium with 18ct White Gold Centre  Width: 6mm  *Open Live Chat to order.\" \/>\n<meta property=\"og:url\" content=\"https:\/\/www.purejewels.com\/de\/produkt-2\/twin-groove-christian-bauer-trauring-0274092\/\" \/>\n<meta property=\"og:site_name\" content=\"PureJewels UK\" \/>\n<meta property=\"article:modified_time\" content=\"2020-12-21T17:55:20+00:00\" \/>\n<meta property=\"og:image\" content=\"https:\/\/www.purejewels.com\/wp-content\/uploads\/2017\/07\/9220_xl_1-2.jpg\" \/>\n\t<meta property=\"og:image:width\" content=\"960\" \/>\n\t<meta property=\"og:image:height\" content=\"960\" \/>\n\t<meta property=\"og:image:type\" content=\"image\/jpeg\" \/>\n<meta name=\"twitter:card\" content=\"summary_large_image\" \/>\n<meta name=\"twitter:label1\" content=\"Gesch\u00e4tzte Lesezeit\" \/>\n\t<meta name=\"twitter:data1\" content=\"1\u00a0Minute\" \/>\n<script type=\"application\/ld+json\" class=\"yoast-schema-graph\">{\"@context\":\"https:\\\/\\\/schema.org\",\"@graph\":[{\"@type\":[\"WebPage\",\"ItemPage\"],\"@id\":\"https:\\\/\\\/www.purejewels.com\\\/product\\\/twin-groove-christian-bauer-wedding-ring-0274092\\\/\",\"url\":\"https:\\\/\\\/www.purejewels.com\\\/product\\\/twin-groove-christian-bauer-wedding-ring-0274092\\\/\",\"name\":\"Twin Groove Christian Bauer Wedding Ring - PureJewels\",\"isPartOf\":{\"@id\":\"https:\\\/\\\/www.purejewels.com\\\/#website\"},\"primaryImageOfPage\":{\"@id\":\"https:\\\/\\\/www.purejewels.com\\\/product\\\/twin-groove-christian-bauer-wedding-ring-0274092\\\/#primaryimage\"},\"image\":{\"@id\":\"https:\\\/\\\/www.purejewels.com\\\/product\\\/twin-groove-christian-bauer-wedding-ring-0274092\\\/#primaryimage\"},\"thumbnailUrl\":\"https:\\\/\\\/static.purejewels.com\\\/wp-content\\\/uploads\\\/2017\\\/07\\\/9220_xl_1-2.jpg\",\"datePublished\":\"2017-07-19T12:23:44+00:00\",\"dateModified\":\"2020-12-21T17:55:20+00:00\",\"breadcrumb\":{\"@id\":\"https:\\\/\\\/www.purejewels.com\\\/product\\\/twin-groove-christian-bauer-wedding-ring-0274092\\\/#breadcrumb\"},\"inLanguage\":\"de\",\"potentialAction\":[{\"@type\":\"ReadAction\",\"target\":[\"https:\\\/\\\/www.purejewels.com\\\/product\\\/twin-groove-christian-bauer-wedding-ring-0274092\\\/\"]}]},{\"@type\":\"ImageObject\",\"inLanguage\":\"de\",\"@id\":\"https:\\\/\\\/www.purejewels.com\\\/product\\\/twin-groove-christian-bauer-wedding-ring-0274092\\\/#primaryimage\",\"url\":\"https:\\\/\\\/static.purejewels.com\\\/wp-content\\\/uploads\\\/2017\\\/07\\\/9220_xl_1-2.jpg\",\"contentUrl\":\"https:\\\/\\\/static.purejewels.com\\\/wp-content\\\/uploads\\\/2017\\\/07\\\/9220_xl_1-2.jpg\",\"width\":960,\"height\":960,\"caption\":\"9220_xl_1.jpg\"},{\"@type\":\"BreadcrumbList\",\"@id\":\"https:\\\/\\\/www.purejewels.com\\\/product\\\/twin-groove-christian-bauer-wedding-ring-0274092\\\/#breadcrumb\",\"itemListElement\":[{\"@type\":\"ListItem\",\"position\":1,\"name\":\"Home\",\"item\":\"https:\\\/\\\/www.purejewels.com\\\/\"},{\"@type\":\"ListItem\",\"position\":2,\"name\":\"Shop\",\"item\":\"https:\\\/\\\/www.purejewels.com\\\/shop\\\/\"},{\"@type\":\"ListItem\",\"position\":3,\"name\":\"Twin Groove Christian Bauer Wedding Band Ring\"}]},{\"@type\":\"WebSite\",\"@id\":\"https:\\\/\\\/www.purejewels.com\\\/#website\",\"url\":\"https:\\\/\\\/www.purejewels.com\\\/\",\"name\":\"PureJewels UK\",\"description\":\"Share the Love\",\"publisher\":{\"@id\":\"https:\\\/\\\/www.purejewels.com\\\/#organization\"},\"potentialAction\":[{\"@type\":\"SearchAction\",\"target\":{\"@type\":\"EntryPoint\",\"urlTemplate\":\"https:\\\/\\\/www.purejewels.com\\\/?s={search_term_string}\"},\"query-input\":{\"@type\":\"PropertyValueSpecification\",\"valueRequired\":true,\"valueName\":\"search_term_string\"}}],\"inLanguage\":\"de\"},{\"@type\":\"Organization\",\"@id\":\"https:\\\/\\\/www.purejewels.com\\\/#organization\",\"name\":\"PureJewels UK\",\"url\":\"https:\\\/\\\/www.purejewels.com\\\/\",\"logo\":{\"@type\":\"ImageObject\",\"inLanguage\":\"de\",\"@id\":\"https:\\\/\\\/www.purejewels.com\\\/#\\\/schema\\\/logo\\\/image\\\/\",\"url\":\"https:\\\/\\\/static.purejewels.com\\\/wp-content\\\/uploads\\\/2020\\\/11\\\/Logo-PJ-New-1.png\",\"contentUrl\":\"https:\\\/\\\/static.purejewels.com\\\/wp-content\\\/uploads\\\/2020\\\/11\\\/Logo-PJ-New-1.png\",\"width\":150,\"height\":80,\"caption\":\"PureJewels UK\"},\"image\":{\"@id\":\"https:\\\/\\\/www.purejewels.com\\\/#\\\/schema\\\/logo\\\/image\\\/\"}}]}<\/script>\n<!-- \/ Yoast SEO plugin. -->","yoast_head_json":{"title":"Twin Groove Christian Bauer Ehering - PureJewels","robots":{"index":"index","follow":"follow","max-snippet":"max-snippet:-1","max-image-preview":"max-image-preview:large","max-video-preview":"max-video-preview:-1"},"canonical":"https:\/\/www.purejewels.com\/de\/produkt-2\/twin-groove-christian-bauer-trauring-0274092\/","og_locale":"de_DE","og_type":"article","og_title":"Twin Groove Christian Bauer Wedding Ring - PureJewels","og_description":"Authorised Christian Bauer Stockist  Christian Bauer Wedding Ring \u2013 0274092  Finish: Matte  Metal: Palladium with 18ct White Gold Centre  Width: 6mm  *Open Live Chat to order.","og_url":"https:\/\/www.purejewels.com\/de\/produkt-2\/twin-groove-christian-bauer-trauring-0274092\/","og_site_name":"PureJewels UK","article_modified_time":"2020-12-21T17:55:20+00:00","og_image":[{"width":960,"height":960,"url":"https:\/\/www.purejewels.com\/wp-content\/uploads\/2017\/07\/9220_xl_1-2.jpg","type":"image\/jpeg"}],"twitter_card":"summary_large_image","twitter_misc":{"Gesch\u00e4tzte Lesezeit":"1\u00a0Minute"},"schema":{"@context":"https:\/\/schema.org","@graph":[{"@type":["WebPage","ItemPage"],"@id":"https:\/\/www.purejewels.com\/product\/twin-groove-christian-bauer-wedding-ring-0274092\/","url":"https:\/\/www.purejewels.com\/product\/twin-groove-christian-bauer-wedding-ring-0274092\/","name":"Twin Groove Christian Bauer Ehering - PureJewels","isPartOf":{"@id":"https:\/\/www.purejewels.com\/#website"},"primaryImageOfPage":{"@id":"https:\/\/www.purejewels.com\/product\/twin-groove-christian-bauer-wedding-ring-0274092\/#primaryimage"},"image":{"@id":"https:\/\/www.purejewels.com\/product\/twin-groove-christian-bauer-wedding-ring-0274092\/#primaryimage"},"thumbnailUrl":"https:\/\/static.purejewels.com\/wp-content\/uploads\/2017\/07\/9220_xl_1-2.jpg","datePublished":"2017-07-19T12:23:44+00:00","dateModified":"2020-12-21T17:55:20+00:00","breadcrumb":{"@id":"https:\/\/www.purejewels.com\/product\/twin-groove-christian-bauer-wedding-ring-0274092\/#breadcrumb"},"inLanguage":"de","potentialAction":[{"@type":"ReadAction","target":["https:\/\/www.purejewels.com\/product\/twin-groove-christian-bauer-wedding-ring-0274092\/"]}]},{"@type":"ImageObject","inLanguage":"de","@id":"https:\/\/www.purejewels.com\/product\/twin-groove-christian-bauer-wedding-ring-0274092\/#primaryimage","url":"https:\/\/static.purejewels.com\/wp-content\/uploads\/2017\/07\/9220_xl_1-2.jpg","contentUrl":"https:\/\/static.purejewels.com\/wp-content\/uploads\/2017\/07\/9220_xl_1-2.jpg","width":960,"height":960,"caption":"9220_xl_1.jpg"},{"@type":"BreadcrumbList","@id":"https:\/\/www.purejewels.com\/product\/twin-groove-christian-bauer-wedding-ring-0274092\/#breadcrumb","itemListElement":[{"@type":"ListItem","position":1,"name":"Home","item":"https:\/\/www.purejewels.com\/"},{"@type":"ListItem","position":2,"name":"Shop","item":"https:\/\/www.purejewels.com\/shop\/"},{"@type":"ListItem","position":3,"name":"Twin Groove Christian Bauer Wedding Band Ring"}]},{"@type":"WebSite","@id":"https:\/\/www.purejewels.com\/#website","url":"https:\/\/www.purejewels.com\/","name":"PureJewels UK","description":"Teile die Liebe","publisher":{"@id":"https:\/\/www.purejewels.com\/#organization"},"potentialAction":[{"@type":"SearchAction","target":{"@type":"EntryPoint","urlTemplate":"https:\/\/www.purejewels.com\/?s={search_term_string}"},"query-input":{"@type":"PropertyValueSpecification","valueRequired":true,"valueName":"search_term_string"}}],"inLanguage":"de"},{"@type":"Organization","@id":"https:\/\/www.purejewels.com\/#organization","name":"PureJewels UK","url":"https:\/\/www.purejewels.com\/","logo":{"@type":"ImageObject","inLanguage":"de","@id":"https:\/\/www.purejewels.com\/#\/schema\/logo\/image\/","url":"https:\/\/static.purejewels.com\/wp-content\/uploads\/2020\/11\/Logo-PJ-New-1.png","contentUrl":"https:\/\/static.purejewels.com\/wp-content\/uploads\/2020\/11\/Logo-PJ-New-1.png","width":150,"height":80,"caption":"PureJewels UK"},"image":{"@id":"https:\/\/www.purejewels.com\/#\/schema\/logo\/image\/"}}]}},"_links":{"self":[{"href":"https:\/\/www.purejewels.com\/de\/wp-json\/wp\/v2\/product\/4036","targetHints":{"allow":["GET"]}}],"collection":[{"href":"https:\/\/www.purejewels.com\/de\/wp-json\/wp\/v2\/product"}],"about":[{"href":"https:\/\/www.purejewels.com\/de\/wp-json\/wp\/v2\/types\/product"}],"replies":[{"embeddable":true,"href":"https:\/\/www.purejewels.com\/de\/wp-json\/wp\/v2\/comments?post=4036"}],"version-history":[{"count":0,"href":"https:\/\/www.purejewels.com\/de\/wp-json\/wp\/v2\/product\/4036\/revisions"}],"wp:featuredmedia":[{"embeddable":true,"href":"https:\/\/www.purejewels.com\/de\/wp-json\/wp\/v2\/media\/4037"}],"wp:attachment":[{"href":"https:\/\/www.purejewels.com\/de\/wp-json\/wp\/v2\/media?parent=4036"}],"wp:term":[{"taxonomy":"product_brand","embeddable":true,"href":"https:\/\/www.purejewels.com\/de\/wp-json\/wp\/v2\/product_brand?post=4036"},{"taxonomy":"product_cat","embeddable":true,"href":"https:\/\/www.purejewels.com\/de\/wp-json\/wp\/v2\/product_cat?post=4036"},{"taxonomy":"product_tag","embeddable":true,"href":"https:\/\/www.purejewels.com\/de\/wp-json\/wp\/v2\/product_tag?post=4036"}],"curies":[{"name":"wp","href":"https:\/\/api.w.org\/{rel}","templated":true}]}}