{"id":403662,"date":"2025-07-07T06:56:48","date_gmt":"2025-07-07T05:56:48","guid":{"rendered":"https:\/\/www.purejewels.com\/?post_type=product&#038;p=403662"},"modified":"2025-09-29T06:22:30","modified_gmt":"2025-09-29T05:22:30","slug":"elchi-reverie-gold-tropfen-ohrringe-51797","status":"publish","type":"product","link":"https:\/\/www.purejewels.com\/de\/product\/elchi-reverie-gold-dropper-earrings-51797\/","title":{"rendered":"Elchi Reverie - Goldtropfen-Ohrringe"},"content":{"rendered":"<p data-start=\"850\" data-end=\"1383\">Eine poetische Entwicklung der Sammlung Elchi, <em data-start=\"894\" data-end=\"909\">Elchi Tr\u00e4umerei<\/em> Tropfenohrringe verk\u00f6rpern Anmut in Bewegung. Jedes St\u00fcck ist aus reinem 22-kar\u00e4tigem Gold gefertigt und verf\u00fcgt \u00fcber einen filigranen Anh\u00e4nger mit zwei B\u00f6gen, der von alten \u00f6stlichen Motiven inspiriert ist und mit einer modernen Sensibilit\u00e4t verfeinert wurde.<\/p>\n<p data-start=\"850\" data-end=\"1383\">Die zart gedrehten Golddetails verleihen Tiefe und Struktur, w\u00e4hrend das Design der herabh\u00e4ngenden Kette eine weiche, flie\u00dfende Eleganz verleiht. Diese Ohrringe sind eine strahlende Ode an die Tradition, die Handwerkskunst und den Weg der Selbstdarstellung und ideal f\u00fcr einen eleganten Abend oder einen gehobenen Alltagslook.<\/p>","protected":false},"excerpt":{"rendered":"<p data-start=\"581\" data-end=\"807\">Mit jedem sanften Wiegen wird die <em data-start=\"609\" data-end=\"624\">Elchi Tr\u00e4umerei<\/em> Ohrringe erz\u00e4hlen eine Geschichte von zeitloser Eleganz. Die aus strahlendem 22-kar\u00e4tigem Sunrise-Gold gefertigten Tropfenohrringe verf\u00fcgen \u00fcber einen skulpturalen Anh\u00e4nger, der an einer anmutigen Kette aufgeh\u00e4ngt ist - ein Emblem des modernen Erbes.<\/p>\n<p><strong>Material:<\/strong>\u00a022ct Sonnenaufgang Gold<strong><br \/>\nWahrzeichen:\u00a0<\/strong>Britisches G\u00fctesiegel<strong><br \/>\n<\/strong><strong>Bruttogewicht: <\/strong>3,40 Gramm<br \/>\n<strong>Breite:<\/strong> 6,5 mm<br \/>\n<strong>SKU:<\/strong> 51797<\/p>\n<p><strong>Preis und Lieferung<\/strong>: Inklusive Mehrwertsteuer und Lieferkosten<br \/>\n<a href=\"https:\/\/www.purejewels.com\/de\/ruckgabepolitik\/\">R\u00fcckgabepolitik<\/a><\/p>","protected":false},"featured_media":403663,"comment_status":"closed","ping_status":"closed","template":"","meta":{"_eb_attr":"","_crsspst_to_jayantr4sg-hostcom":false},"product_brand":[],"product_cat":[1791,1559,236,1793,1685,5848,6117,1792,1254,1229,5353,6081,1575,1569,1573,1574],"product_tag":[66],"class_list":{"0":"post-403662","1":"product","2":"type-product","3":"status-publish","4":"has-post-thumbnail","6":"product_cat-anniversary-gifts","7":"product_cat-birthday-gifts","8":"product_cat-collections","9":"product_cat-diwali-gifts","10":"product_cat-drop-earrings","11":"product_cat-elchi-collection","12":"product_cat-elchi-earring","13":"product_cat-festival-gifts","14":"product_cat-gold-earrings","15":"product_cat-22ct-gold-jewellery","16":"product_cat-shop-by","17":"product_cat-sunrise-gold","18":"product_cat-teenage-jewellery","19":"product_cat-valentine-day-gifts","20":"product_cat-wedding-gifts","21":"product_cat-womens-jewellery","22":"product_tag-earrings","24":"first","25":"outofstock","26":"taxable","27":"shipping-taxable","28":"product-type-simple","29":"add-to-wishlist-before_image"},"yoast_head":"<!-- This site is optimized with the Yoast SEO plugin v27.5 - https:\/\/yoast.com\/product\/yoast-seo-wordpress\/ -->\n<title>Elchi Reverie 22ct Gold Dropper Earrings | PureJewels London<\/title>\n<meta name=\"description\" content=\"Explore the Elchi Reverie drop earrings in 22ct gold from PureJewels. A sculptural blend of heritage craftsmanship and contemporary elegance\u2014perfect for statement styling.\" \/>\n<meta name=\"robots\" content=\"index, follow, max-snippet:-1, max-image-preview:large, max-video-preview:-1\" \/>\n<link rel=\"canonical\" href=\"https:\/\/www.purejewels.com\/de\/produkt-2\/elchi-reverie-gold-tropfen-ohrringe-51797\/\" \/>\n<meta property=\"og:locale\" content=\"de_DE\" \/>\n<meta property=\"og:type\" content=\"article\" \/>\n<meta property=\"og:title\" content=\"Elchi Reverie 22ct Gold Dropper Earrings | PureJewels London\" \/>\n<meta property=\"og:description\" content=\"Explore the Elchi Reverie drop earrings in 22ct gold from PureJewels. A sculptural blend of heritage craftsmanship and contemporary elegance\u2014perfect for statement styling.\" \/>\n<meta property=\"og:url\" content=\"https:\/\/www.purejewels.com\/de\/produkt-2\/elchi-reverie-gold-tropfen-ohrringe-51797\/\" \/>\n<meta property=\"og:site_name\" content=\"PureJewels UK\" \/>\n<meta property=\"article:modified_time\" content=\"2025-09-29T05:22:30+00:00\" \/>\n<meta property=\"og:image\" content=\"https:\/\/www.purejewels.com\/wp-content\/uploads\/2025\/07\/SKU-51797.1.jpg\" \/>\n\t<meta property=\"og:image:width\" content=\"1000\" \/>\n\t<meta property=\"og:image:height\" content=\"1000\" \/>\n\t<meta property=\"og:image:type\" content=\"image\/jpeg\" \/>\n<meta name=\"twitter:card\" content=\"summary_large_image\" \/>\n<script type=\"application\/ld+json\" class=\"yoast-schema-graph\">{\"@context\":\"https:\\\/\\\/schema.org\",\"@graph\":[{\"@type\":[\"WebPage\",\"ItemPage\"],\"@id\":\"https:\\\/\\\/www.purejewels.com\\\/product\\\/elchi-reverie-gold-dropper-earrings-51797\\\/\",\"url\":\"https:\\\/\\\/www.purejewels.com\\\/product\\\/elchi-reverie-gold-dropper-earrings-51797\\\/\",\"name\":\"Elchi Reverie 22ct Gold Dropper Earrings | PureJewels London\",\"isPartOf\":{\"@id\":\"https:\\\/\\\/www.purejewels.com\\\/#website\"},\"primaryImageOfPage\":{\"@id\":\"https:\\\/\\\/www.purejewels.com\\\/product\\\/elchi-reverie-gold-dropper-earrings-51797\\\/#primaryimage\"},\"image\":{\"@id\":\"https:\\\/\\\/www.purejewels.com\\\/product\\\/elchi-reverie-gold-dropper-earrings-51797\\\/#primaryimage\"},\"thumbnailUrl\":\"https:\\\/\\\/static.purejewels.com\\\/wp-content\\\/uploads\\\/2025\\\/07\\\/SKU-51797.1.jpg\",\"datePublished\":\"2025-07-07T05:56:48+00:00\",\"dateModified\":\"2025-09-29T05:22:30+00:00\",\"description\":\"Explore the Elchi Reverie drop earrings in 22ct gold from PureJewels. A sculptural blend of heritage craftsmanship and contemporary elegance\u2014perfect for statement styling.\",\"breadcrumb\":{\"@id\":\"https:\\\/\\\/www.purejewels.com\\\/product\\\/elchi-reverie-gold-dropper-earrings-51797\\\/#breadcrumb\"},\"inLanguage\":\"de\",\"potentialAction\":[{\"@type\":\"ReadAction\",\"target\":[\"https:\\\/\\\/www.purejewels.com\\\/product\\\/elchi-reverie-gold-dropper-earrings-51797\\\/\"]}]},{\"@type\":\"ImageObject\",\"inLanguage\":\"de\",\"@id\":\"https:\\\/\\\/www.purejewels.com\\\/product\\\/elchi-reverie-gold-dropper-earrings-51797\\\/#primaryimage\",\"url\":\"https:\\\/\\\/static.purejewels.com\\\/wp-content\\\/uploads\\\/2025\\\/07\\\/SKU-51797.1.jpg\",\"contentUrl\":\"https:\\\/\\\/static.purejewels.com\\\/wp-content\\\/uploads\\\/2025\\\/07\\\/SKU-51797.1.jpg\",\"width\":1000,\"height\":1000,\"caption\":\"51797\"},{\"@type\":\"BreadcrumbList\",\"@id\":\"https:\\\/\\\/www.purejewels.com\\\/product\\\/elchi-reverie-gold-dropper-earrings-51797\\\/#breadcrumb\",\"itemListElement\":[{\"@type\":\"ListItem\",\"position\":1,\"name\":\"Home\",\"item\":\"https:\\\/\\\/www.purejewels.com\\\/\"},{\"@type\":\"ListItem\",\"position\":2,\"name\":\"Shop\",\"item\":\"https:\\\/\\\/www.purejewels.com\\\/shop\\\/\"},{\"@type\":\"ListItem\",\"position\":3,\"name\":\"Elchi Reverie \u2013 Gold Dropper Earrings\"}]},{\"@type\":\"WebSite\",\"@id\":\"https:\\\/\\\/www.purejewels.com\\\/#website\",\"url\":\"https:\\\/\\\/www.purejewels.com\\\/\",\"name\":\"PureJewels UK\",\"description\":\"Share the Love\",\"publisher\":{\"@id\":\"https:\\\/\\\/www.purejewels.com\\\/#organization\"},\"potentialAction\":[{\"@type\":\"SearchAction\",\"target\":{\"@type\":\"EntryPoint\",\"urlTemplate\":\"https:\\\/\\\/www.purejewels.com\\\/?s={search_term_string}\"},\"query-input\":{\"@type\":\"PropertyValueSpecification\",\"valueRequired\":true,\"valueName\":\"search_term_string\"}}],\"inLanguage\":\"de\"},{\"@type\":\"Organization\",\"@id\":\"https:\\\/\\\/www.purejewels.com\\\/#organization\",\"name\":\"PureJewels UK\",\"url\":\"https:\\\/\\\/www.purejewels.com\\\/\",\"logo\":{\"@type\":\"ImageObject\",\"inLanguage\":\"de\",\"@id\":\"https:\\\/\\\/www.purejewels.com\\\/#\\\/schema\\\/logo\\\/image\\\/\",\"url\":\"https:\\\/\\\/static.purejewels.com\\\/wp-content\\\/uploads\\\/2020\\\/11\\\/Logo-PJ-New-1.png\",\"contentUrl\":\"https:\\\/\\\/static.purejewels.com\\\/wp-content\\\/uploads\\\/2020\\\/11\\\/Logo-PJ-New-1.png\",\"width\":150,\"height\":80,\"caption\":\"PureJewels UK\"},\"image\":{\"@id\":\"https:\\\/\\\/www.purejewels.com\\\/#\\\/schema\\\/logo\\\/image\\\/\"}}]}<\/script>\n<!-- \/ Yoast SEO plugin. -->","yoast_head_json":{"title":"Elchi Reverie 22ct Gold Tropfen Ohrringe | PureJewels London","description":"Entdecken Sie die Elchi Reverie Tropfenohrringe aus 22 Karat Gold von PureJewels. Eine skulpturale Mischung aus traditioneller Handwerkskunst und zeitgen\u00f6ssischer Eleganz - perfekt f\u00fcr ein Statement-Styling.","robots":{"index":"index","follow":"follow","max-snippet":"max-snippet:-1","max-image-preview":"max-image-preview:large","max-video-preview":"max-video-preview:-1"},"canonical":"https:\/\/www.purejewels.com\/de\/produkt-2\/elchi-reverie-gold-tropfen-ohrringe-51797\/","og_locale":"de_DE","og_type":"article","og_title":"Elchi Reverie 22ct Gold Dropper Earrings | PureJewels London","og_description":"Explore the Elchi Reverie drop earrings in 22ct gold from PureJewels. A sculptural blend of heritage craftsmanship and contemporary elegance\u2014perfect for statement styling.","og_url":"https:\/\/www.purejewels.com\/de\/produkt-2\/elchi-reverie-gold-tropfen-ohrringe-51797\/","og_site_name":"PureJewels UK","article_modified_time":"2025-09-29T05:22:30+00:00","og_image":[{"width":1000,"height":1000,"url":"https:\/\/www.purejewels.com\/wp-content\/uploads\/2025\/07\/SKU-51797.1.jpg","type":"image\/jpeg"}],"twitter_card":"summary_large_image","schema":{"@context":"https:\/\/schema.org","@graph":[{"@type":["WebPage","ItemPage"],"@id":"https:\/\/www.purejewels.com\/product\/elchi-reverie-gold-dropper-earrings-51797\/","url":"https:\/\/www.purejewels.com\/product\/elchi-reverie-gold-dropper-earrings-51797\/","name":"Elchi Reverie 22ct Gold Tropfen Ohrringe | PureJewels London","isPartOf":{"@id":"https:\/\/www.purejewels.com\/#website"},"primaryImageOfPage":{"@id":"https:\/\/www.purejewels.com\/product\/elchi-reverie-gold-dropper-earrings-51797\/#primaryimage"},"image":{"@id":"https:\/\/www.purejewels.com\/product\/elchi-reverie-gold-dropper-earrings-51797\/#primaryimage"},"thumbnailUrl":"https:\/\/static.purejewels.com\/wp-content\/uploads\/2025\/07\/SKU-51797.1.jpg","datePublished":"2025-07-07T05:56:48+00:00","dateModified":"2025-09-29T05:22:30+00:00","description":"Entdecken Sie die Elchi Reverie Tropfenohrringe aus 22 Karat Gold von PureJewels. Eine skulpturale Mischung aus traditioneller Handwerkskunst und zeitgen\u00f6ssischer Eleganz - perfekt f\u00fcr ein Statement-Styling.","breadcrumb":{"@id":"https:\/\/www.purejewels.com\/product\/elchi-reverie-gold-dropper-earrings-51797\/#breadcrumb"},"inLanguage":"de","potentialAction":[{"@type":"ReadAction","target":["https:\/\/www.purejewels.com\/product\/elchi-reverie-gold-dropper-earrings-51797\/"]}]},{"@type":"ImageObject","inLanguage":"de","@id":"https:\/\/www.purejewels.com\/product\/elchi-reverie-gold-dropper-earrings-51797\/#primaryimage","url":"https:\/\/static.purejewels.com\/wp-content\/uploads\/2025\/07\/SKU-51797.1.jpg","contentUrl":"https:\/\/static.purejewels.com\/wp-content\/uploads\/2025\/07\/SKU-51797.1.jpg","width":1000,"height":1000,"caption":"51797"},{"@type":"BreadcrumbList","@id":"https:\/\/www.purejewels.com\/product\/elchi-reverie-gold-dropper-earrings-51797\/#breadcrumb","itemListElement":[{"@type":"ListItem","position":1,"name":"Home","item":"https:\/\/www.purejewels.com\/"},{"@type":"ListItem","position":2,"name":"Shop","item":"https:\/\/www.purejewels.com\/shop\/"},{"@type":"ListItem","position":3,"name":"Elchi Reverie \u2013 Gold Dropper Earrings"}]},{"@type":"WebSite","@id":"https:\/\/www.purejewels.com\/#website","url":"https:\/\/www.purejewels.com\/","name":"PureJewels UK","description":"Teile die Liebe","publisher":{"@id":"https:\/\/www.purejewels.com\/#organization"},"potentialAction":[{"@type":"SearchAction","target":{"@type":"EntryPoint","urlTemplate":"https:\/\/www.purejewels.com\/?s={search_term_string}"},"query-input":{"@type":"PropertyValueSpecification","valueRequired":true,"valueName":"search_term_string"}}],"inLanguage":"de"},{"@type":"Organization","@id":"https:\/\/www.purejewels.com\/#organization","name":"PureJewels UK","url":"https:\/\/www.purejewels.com\/","logo":{"@type":"ImageObject","inLanguage":"de","@id":"https:\/\/www.purejewels.com\/#\/schema\/logo\/image\/","url":"https:\/\/static.purejewels.com\/wp-content\/uploads\/2020\/11\/Logo-PJ-New-1.png","contentUrl":"https:\/\/static.purejewels.com\/wp-content\/uploads\/2020\/11\/Logo-PJ-New-1.png","width":150,"height":80,"caption":"PureJewels UK"},"image":{"@id":"https:\/\/www.purejewels.com\/#\/schema\/logo\/image\/"}}]}},"_links":{"self":[{"href":"https:\/\/www.purejewels.com\/de\/wp-json\/wp\/v2\/product\/403662","targetHints":{"allow":["GET"]}}],"collection":[{"href":"https:\/\/www.purejewels.com\/de\/wp-json\/wp\/v2\/product"}],"about":[{"href":"https:\/\/www.purejewels.com\/de\/wp-json\/wp\/v2\/types\/product"}],"replies":[{"embeddable":true,"href":"https:\/\/www.purejewels.com\/de\/wp-json\/wp\/v2\/comments?post=403662"}],"version-history":[{"count":1,"href":"https:\/\/www.purejewels.com\/de\/wp-json\/wp\/v2\/product\/403662\/revisions"}],"predecessor-version":[{"id":403664,"href":"https:\/\/www.purejewels.com\/de\/wp-json\/wp\/v2\/product\/403662\/revisions\/403664"}],"wp:featuredmedia":[{"embeddable":true,"href":"https:\/\/www.purejewels.com\/de\/wp-json\/wp\/v2\/media\/403663"}],"wp:attachment":[{"href":"https:\/\/www.purejewels.com\/de\/wp-json\/wp\/v2\/media?parent=403662"}],"wp:term":[{"taxonomy":"product_brand","embeddable":true,"href":"https:\/\/www.purejewels.com\/de\/wp-json\/wp\/v2\/product_brand?post=403662"},{"taxonomy":"product_cat","embeddable":true,"href":"https:\/\/www.purejewels.com\/de\/wp-json\/wp\/v2\/product_cat?post=403662"},{"taxonomy":"product_tag","embeddable":true,"href":"https:\/\/www.purejewels.com\/de\/wp-json\/wp\/v2\/product_tag?post=403662"}],"curies":[{"name":"wp","href":"https:\/\/api.w.org\/{rel}","templated":true}]}}