{"id":403680,"date":"2025-06-07T08:45:07","date_gmt":"2025-06-07T07:45:07","guid":{"rendered":"https:\/\/www.purejewels.com\/?post_type=product&#038;p=403680"},"modified":"2026-01-06T10:00:27","modified_gmt":"2026-01-06T10:00:27","slug":"elchi-taar-22ct-sunrise-gold-armband-51795","status":"publish","type":"product","link":"https:\/\/www.purejewels.com\/de\/product\/elchi-taar-22ct-sunrise-gold-bracelet-51795\/","title":{"rendered":"Elchi Taar - 22ct Sunrise Gold Armband"},"content":{"rendered":"<p data-start=\"888\" data-end=\"1481\">Elegant und symbolisch, die <em data-start=\"914\" data-end=\"926\">Elchi Taar<\/em> Armband ist inspiriert von PureJewels' \u00f6stlich-westlichem Erbe, wo jedes Glied eine Geschichte erz\u00e4hlt. Das in Handarbeit aus gl\u00e4nzendem 22-kar\u00e4tigem Gold gefertigte Design zeigt eine Reihe von durchbrochenen elliptischen Motiven, die an antike Insignien und Himmelsk\u00f6rper erinnern.<\/p>\n<p data-start=\"888\" data-end=\"1481\">Jedes Element umschlie\u00dft sanft eine polierte goldene Kugel - ein Symbol f\u00fcr Gleichgewicht, Kontinuit\u00e4t und das innere Selbst. Dieses leichte und doch best\u00e4ndige St\u00fcck ist ideal f\u00fcr die t\u00e4gliche Eleganz oder als bedeutungsvolles Geschenk. Ein modernes Erbst\u00fcck, das die Jahreszeiten \u00fcberdauert, ist die <em data-start=\"1404\" data-end=\"1416\">Elchi Taar<\/em> ist eine Hommage an Reisen, Wurzeln und die zeitlose Kraft des Goldes.<\/p>","protected":false},"excerpt":{"rendered":"<p>Die <em data-start=\"641\" data-end=\"653\">Elchi Taar<\/em> Armband verbindet Tradition und Design mit skulpturalen Goldmotiven, die an einer anmutigen Kette befestigt sind. Gefertigt aus reinem 22-kar\u00e4tigem Sunrise-Gold ist es ein strahlender Begleiter f\u00fcr jedes Kapitel Ihrer Reise.<\/p>\n<p><strong>Material:<\/strong> 22ct Sonnenaufgang Gold<strong><br \/>\nWahrzeichen:\u00a0<\/strong>Britisches G\u00fctesiegel<strong><br \/>\n<\/strong><strong>Bruttogewicht: <\/strong>6,58 Gramm<br \/>\n<strong>L\u00e4nge:<\/strong> 7,5 Zoll<br \/>\n<strong>Breite:<\/strong> 5 mm<br \/>\n<strong>SKU:<\/strong> 51795<\/p>\n<p><strong>Preis und Lieferung<\/strong>: Inklusive Mehrwertsteuer und Lieferkosten<br \/>\n<a href=\"https:\/\/www.purejewels.com\/de\/ruckgabepolitik\/\">R\u00fcckgabepolitik<\/a><\/p>","protected":false},"featured_media":403681,"comment_status":"closed","ping_status":"closed","template":"","meta":{"_eb_attr":"","_crsspst_to_jayantr4sg-hostcom":false},"product_brand":[],"product_cat":[5441,1559,1794,236,1793,5848,1790,1324,1627,1229,6081,1575,1569,1574],"product_tag":[],"class_list":{"0":"post-403680","1":"product","2":"type-product","3":"status-publish","4":"has-post-thumbnail","6":"product_cat-gold-bead-bracelets","7":"product_cat-birthday-gifts","8":"product_cat-christmas-gifts","9":"product_cat-collections","10":"product_cat-diwali-gifts","11":"product_cat-elchi-collection","12":"product_cat-for-whom-when","13":"product_cat-gold-bracelet","14":"product_cat-ladies-bracelet","15":"product_cat-22ct-gold-jewellery","16":"product_cat-sunrise-gold","17":"product_cat-teenage-jewellery","18":"product_cat-valentine-day-gifts","19":"product_cat-womens-jewellery","21":"first","22":"outofstock","23":"taxable","24":"shipping-taxable","25":"product-type-simple","26":"add-to-wishlist-before_image"},"yoast_head":"<!-- This site is optimized with the Yoast SEO plugin v27.5 - https:\/\/yoast.com\/product\/yoast-seo-wordpress\/ -->\n<title>Elchi Taar Gold Bracelet | Gold Chain Bracelet | PureJewels UK<\/title>\n<meta name=\"description\" content=\"Discover the Elchi Taar 22ct gold bracelet from PureJewels. A symbolic, sculptural chain bracelet\u2014perfect for everyday grace and meaningful styling.\" \/>\n<meta name=\"robots\" content=\"index, follow, max-snippet:-1, max-image-preview:large, max-video-preview:-1\" \/>\n<link rel=\"canonical\" href=\"https:\/\/www.purejewels.com\/de\/produkt-2\/elchi-taar-22ct-sunrise-gold-armband-51795\/\" \/>\n<meta property=\"og:locale\" content=\"de_DE\" \/>\n<meta property=\"og:type\" content=\"article\" \/>\n<meta property=\"og:title\" content=\"Elchi Taar Gold Bracelet | Gold Chain Bracelet | PureJewels UK\" \/>\n<meta property=\"og:description\" content=\"Discover the Elchi Taar 22ct gold bracelet from PureJewels. A symbolic, sculptural chain bracelet\u2014perfect for everyday grace and meaningful styling.\" \/>\n<meta property=\"og:url\" content=\"https:\/\/www.purejewels.com\/de\/produkt-2\/elchi-taar-22ct-sunrise-gold-armband-51795\/\" \/>\n<meta property=\"og:site_name\" content=\"PureJewels UK\" \/>\n<meta property=\"article:modified_time\" content=\"2026-01-06T10:00:27+00:00\" \/>\n<meta property=\"og:image\" content=\"https:\/\/www.purejewels.com\/wp-content\/uploads\/2025\/07\/2025-07-01-14-34-15-BR8S4.jpg\" \/>\n\t<meta property=\"og:image:width\" content=\"1000\" \/>\n\t<meta property=\"og:image:height\" content=\"1000\" \/>\n\t<meta property=\"og:image:type\" content=\"image\/jpeg\" \/>\n<meta name=\"twitter:card\" content=\"summary_large_image\" \/>\n<meta name=\"twitter:label1\" content=\"Gesch\u00e4tzte Lesezeit\" \/>\n\t<meta name=\"twitter:data1\" content=\"2\u00a0Minuten\" \/>\n<script type=\"application\/ld+json\" class=\"yoast-schema-graph\">{\"@context\":\"https:\\\/\\\/schema.org\",\"@graph\":[{\"@type\":[\"WebPage\",\"ItemPage\"],\"@id\":\"https:\\\/\\\/www.purejewels.com\\\/product\\\/elchi-taar-22ct-sunrise-gold-bracelet-51795\\\/\",\"url\":\"https:\\\/\\\/www.purejewels.com\\\/product\\\/elchi-taar-22ct-sunrise-gold-bracelet-51795\\\/\",\"name\":\"Elchi Taar Gold Bracelet | Gold Chain Bracelet | PureJewels UK\",\"isPartOf\":{\"@id\":\"https:\\\/\\\/www.purejewels.com\\\/#website\"},\"primaryImageOfPage\":{\"@id\":\"https:\\\/\\\/www.purejewels.com\\\/product\\\/elchi-taar-22ct-sunrise-gold-bracelet-51795\\\/#primaryimage\"},\"image\":{\"@id\":\"https:\\\/\\\/www.purejewels.com\\\/product\\\/elchi-taar-22ct-sunrise-gold-bracelet-51795\\\/#primaryimage\"},\"thumbnailUrl\":\"https:\\\/\\\/static.purejewels.com\\\/wp-content\\\/uploads\\\/2025\\\/07\\\/2025-07-01-14-34-15-BR8S4.jpg\",\"datePublished\":\"2025-06-07T07:45:07+00:00\",\"dateModified\":\"2026-01-06T10:00:27+00:00\",\"description\":\"Discover the Elchi Taar 22ct gold bracelet from PureJewels. A symbolic, sculptural chain bracelet\u2014perfect for everyday grace and meaningful styling.\",\"breadcrumb\":{\"@id\":\"https:\\\/\\\/www.purejewels.com\\\/product\\\/elchi-taar-22ct-sunrise-gold-bracelet-51795\\\/#breadcrumb\"},\"inLanguage\":\"de\",\"potentialAction\":[{\"@type\":\"ReadAction\",\"target\":[\"https:\\\/\\\/www.purejewels.com\\\/product\\\/elchi-taar-22ct-sunrise-gold-bracelet-51795\\\/\"]}]},{\"@type\":\"ImageObject\",\"inLanguage\":\"de\",\"@id\":\"https:\\\/\\\/www.purejewels.com\\\/product\\\/elchi-taar-22ct-sunrise-gold-bracelet-51795\\\/#primaryimage\",\"url\":\"https:\\\/\\\/static.purejewels.com\\\/wp-content\\\/uploads\\\/2025\\\/07\\\/2025-07-01-14-34-15-BR8S4.jpg\",\"contentUrl\":\"https:\\\/\\\/static.purejewels.com\\\/wp-content\\\/uploads\\\/2025\\\/07\\\/2025-07-01-14-34-15-BR8S4.jpg\",\"width\":1000,\"height\":1000,\"caption\":\"51795\"},{\"@type\":\"BreadcrumbList\",\"@id\":\"https:\\\/\\\/www.purejewels.com\\\/product\\\/elchi-taar-22ct-sunrise-gold-bracelet-51795\\\/#breadcrumb\",\"itemListElement\":[{\"@type\":\"ListItem\",\"position\":1,\"name\":\"Home\",\"item\":\"https:\\\/\\\/www.purejewels.com\\\/\"},{\"@type\":\"ListItem\",\"position\":2,\"name\":\"Shop\",\"item\":\"https:\\\/\\\/www.purejewels.com\\\/shop\\\/\"},{\"@type\":\"ListItem\",\"position\":3,\"name\":\"Elchi Taar \u2013 22ct Sunrise Gold Bracelet\"}]},{\"@type\":\"WebSite\",\"@id\":\"https:\\\/\\\/www.purejewels.com\\\/#website\",\"url\":\"https:\\\/\\\/www.purejewels.com\\\/\",\"name\":\"PureJewels UK\",\"description\":\"Share the Love\",\"publisher\":{\"@id\":\"https:\\\/\\\/www.purejewels.com\\\/#organization\"},\"potentialAction\":[{\"@type\":\"SearchAction\",\"target\":{\"@type\":\"EntryPoint\",\"urlTemplate\":\"https:\\\/\\\/www.purejewels.com\\\/?s={search_term_string}\"},\"query-input\":{\"@type\":\"PropertyValueSpecification\",\"valueRequired\":true,\"valueName\":\"search_term_string\"}}],\"inLanguage\":\"de\"},{\"@type\":\"Organization\",\"@id\":\"https:\\\/\\\/www.purejewels.com\\\/#organization\",\"name\":\"PureJewels UK\",\"url\":\"https:\\\/\\\/www.purejewels.com\\\/\",\"logo\":{\"@type\":\"ImageObject\",\"inLanguage\":\"de\",\"@id\":\"https:\\\/\\\/www.purejewels.com\\\/#\\\/schema\\\/logo\\\/image\\\/\",\"url\":\"https:\\\/\\\/static.purejewels.com\\\/wp-content\\\/uploads\\\/2020\\\/11\\\/Logo-PJ-New-1.png\",\"contentUrl\":\"https:\\\/\\\/static.purejewels.com\\\/wp-content\\\/uploads\\\/2020\\\/11\\\/Logo-PJ-New-1.png\",\"width\":150,\"height\":80,\"caption\":\"PureJewels UK\"},\"image\":{\"@id\":\"https:\\\/\\\/www.purejewels.com\\\/#\\\/schema\\\/logo\\\/image\\\/\"}}]}<\/script>\n<!-- \/ Yoast SEO plugin. -->","yoast_head_json":{"title":"Elchi Taar Goldarmband | Goldkettenarmband | PureJewels UK","description":"Entdecken Sie das Elchi Taar Armband aus 22 Karat Gold von PureJewels. Ein symbolisches, skulpturales Kettenarmband - perfekt f\u00fcr allt\u00e4gliche Anmut und bedeutungsvolles Styling.","robots":{"index":"index","follow":"follow","max-snippet":"max-snippet:-1","max-image-preview":"max-image-preview:large","max-video-preview":"max-video-preview:-1"},"canonical":"https:\/\/www.purejewels.com\/de\/produkt-2\/elchi-taar-22ct-sunrise-gold-armband-51795\/","og_locale":"de_DE","og_type":"article","og_title":"Elchi Taar Gold Bracelet | Gold Chain Bracelet | PureJewels UK","og_description":"Discover the Elchi Taar 22ct gold bracelet from PureJewels. A symbolic, sculptural chain bracelet\u2014perfect for everyday grace and meaningful styling.","og_url":"https:\/\/www.purejewels.com\/de\/produkt-2\/elchi-taar-22ct-sunrise-gold-armband-51795\/","og_site_name":"PureJewels UK","article_modified_time":"2026-01-06T10:00:27+00:00","og_image":[{"width":1000,"height":1000,"url":"https:\/\/www.purejewels.com\/wp-content\/uploads\/2025\/07\/2025-07-01-14-34-15-BR8S4.jpg","type":"image\/jpeg"}],"twitter_card":"summary_large_image","twitter_misc":{"Gesch\u00e4tzte Lesezeit":"2\u00a0Minuten"},"schema":{"@context":"https:\/\/schema.org","@graph":[{"@type":["WebPage","ItemPage"],"@id":"https:\/\/www.purejewels.com\/product\/elchi-taar-22ct-sunrise-gold-bracelet-51795\/","url":"https:\/\/www.purejewels.com\/product\/elchi-taar-22ct-sunrise-gold-bracelet-51795\/","name":"Elchi Taar Goldarmband | Goldkettenarmband | PureJewels UK","isPartOf":{"@id":"https:\/\/www.purejewels.com\/#website"},"primaryImageOfPage":{"@id":"https:\/\/www.purejewels.com\/product\/elchi-taar-22ct-sunrise-gold-bracelet-51795\/#primaryimage"},"image":{"@id":"https:\/\/www.purejewels.com\/product\/elchi-taar-22ct-sunrise-gold-bracelet-51795\/#primaryimage"},"thumbnailUrl":"https:\/\/static.purejewels.com\/wp-content\/uploads\/2025\/07\/2025-07-01-14-34-15-BR8S4.jpg","datePublished":"2025-06-07T07:45:07+00:00","dateModified":"2026-01-06T10:00:27+00:00","description":"Entdecken Sie das Elchi Taar Armband aus 22 Karat Gold von PureJewels. Ein symbolisches, skulpturales Kettenarmband - perfekt f\u00fcr allt\u00e4gliche Anmut und bedeutungsvolles Styling.","breadcrumb":{"@id":"https:\/\/www.purejewels.com\/product\/elchi-taar-22ct-sunrise-gold-bracelet-51795\/#breadcrumb"},"inLanguage":"de","potentialAction":[{"@type":"ReadAction","target":["https:\/\/www.purejewels.com\/product\/elchi-taar-22ct-sunrise-gold-bracelet-51795\/"]}]},{"@type":"ImageObject","inLanguage":"de","@id":"https:\/\/www.purejewels.com\/product\/elchi-taar-22ct-sunrise-gold-bracelet-51795\/#primaryimage","url":"https:\/\/static.purejewels.com\/wp-content\/uploads\/2025\/07\/2025-07-01-14-34-15-BR8S4.jpg","contentUrl":"https:\/\/static.purejewels.com\/wp-content\/uploads\/2025\/07\/2025-07-01-14-34-15-BR8S4.jpg","width":1000,"height":1000,"caption":"51795"},{"@type":"BreadcrumbList","@id":"https:\/\/www.purejewels.com\/product\/elchi-taar-22ct-sunrise-gold-bracelet-51795\/#breadcrumb","itemListElement":[{"@type":"ListItem","position":1,"name":"Home","item":"https:\/\/www.purejewels.com\/"},{"@type":"ListItem","position":2,"name":"Shop","item":"https:\/\/www.purejewels.com\/shop\/"},{"@type":"ListItem","position":3,"name":"Elchi Taar \u2013 22ct Sunrise Gold Bracelet"}]},{"@type":"WebSite","@id":"https:\/\/www.purejewels.com\/#website","url":"https:\/\/www.purejewels.com\/","name":"PureJewels UK","description":"Teile die Liebe","publisher":{"@id":"https:\/\/www.purejewels.com\/#organization"},"potentialAction":[{"@type":"SearchAction","target":{"@type":"EntryPoint","urlTemplate":"https:\/\/www.purejewels.com\/?s={search_term_string}"},"query-input":{"@type":"PropertyValueSpecification","valueRequired":true,"valueName":"search_term_string"}}],"inLanguage":"de"},{"@type":"Organization","@id":"https:\/\/www.purejewels.com\/#organization","name":"PureJewels UK","url":"https:\/\/www.purejewels.com\/","logo":{"@type":"ImageObject","inLanguage":"de","@id":"https:\/\/www.purejewels.com\/#\/schema\/logo\/image\/","url":"https:\/\/static.purejewels.com\/wp-content\/uploads\/2020\/11\/Logo-PJ-New-1.png","contentUrl":"https:\/\/static.purejewels.com\/wp-content\/uploads\/2020\/11\/Logo-PJ-New-1.png","width":150,"height":80,"caption":"PureJewels UK"},"image":{"@id":"https:\/\/www.purejewels.com\/#\/schema\/logo\/image\/"}}]}},"_links":{"self":[{"href":"https:\/\/www.purejewels.com\/de\/wp-json\/wp\/v2\/product\/403680","targetHints":{"allow":["GET"]}}],"collection":[{"href":"https:\/\/www.purejewels.com\/de\/wp-json\/wp\/v2\/product"}],"about":[{"href":"https:\/\/www.purejewels.com\/de\/wp-json\/wp\/v2\/types\/product"}],"replies":[{"embeddable":true,"href":"https:\/\/www.purejewels.com\/de\/wp-json\/wp\/v2\/comments?post=403680"}],"version-history":[{"count":1,"href":"https:\/\/www.purejewels.com\/de\/wp-json\/wp\/v2\/product\/403680\/revisions"}],"predecessor-version":[{"id":403682,"href":"https:\/\/www.purejewels.com\/de\/wp-json\/wp\/v2\/product\/403680\/revisions\/403682"}],"wp:featuredmedia":[{"embeddable":true,"href":"https:\/\/www.purejewels.com\/de\/wp-json\/wp\/v2\/media\/403681"}],"wp:attachment":[{"href":"https:\/\/www.purejewels.com\/de\/wp-json\/wp\/v2\/media?parent=403680"}],"wp:term":[{"taxonomy":"product_brand","embeddable":true,"href":"https:\/\/www.purejewels.com\/de\/wp-json\/wp\/v2\/product_brand?post=403680"},{"taxonomy":"product_cat","embeddable":true,"href":"https:\/\/www.purejewels.com\/de\/wp-json\/wp\/v2\/product_cat?post=403680"},{"taxonomy":"product_tag","embeddable":true,"href":"https:\/\/www.purejewels.com\/de\/wp-json\/wp\/v2\/product_tag?post=403680"}],"curies":[{"name":"wp","href":"https:\/\/api.w.org\/{rel}","templated":true}]}}