{"id":403765,"date":"2025-07-08T08:09:08","date_gmt":"2025-07-08T07:09:08","guid":{"rendered":"https:\/\/www.purejewels.com\/?post_type=product&#038;p=403765"},"modified":"2026-01-06T10:00:28","modified_gmt":"2026-01-06T10:00:28","slug":"kinder-schwarz-perle-gold-armband-45923","status":"publish","type":"product","link":"https:\/\/www.purejewels.com\/de\/product\/kids-black-bead-gold-bracelet-45923\/","title":{"rendered":"Schwarzes Kinderarmband mit goldenen Perlen"},"content":{"rendered":"<p>Das Little Nazar Gold Bracelet ist in der Tradition verwurzelt, wurde aber f\u00fcr moderne Kinder entworfen und verbindet eine uralte Symbolik mit allt\u00e4glicher Leichtigkeit. Jede schwarze Perle ist mit 22-kar\u00e4tigen Goldgliedern versehen, die vor dem b\u00f6sen Blick sch\u00fctzen sollen und gleichzeitig einen verspielten Charme verspr\u00fchen.<\/p>\n<p>Es ist leicht, sicher und sorgf\u00e4ltig verarbeitet und eignet sich perfekt f\u00fcr den t\u00e4glichen Gebrauch oder als Geschenk. Ob als Geste der Liebe oder der Tradition getragen, dieses Armband bietet sowohl Komfort als auch kulturelle Bedeutung - f\u00fcr Momente und Erinnerungen aus der Kindheit.<\/p>","protected":false},"excerpt":{"rendered":"<p>Das Little Nazar ist eine moderne Variante des traditionellen Armbands mit schwarzen Perlen. Es ist aus 22-kar\u00e4tigem Gold gefertigt und auf Komfort und Bedeutung ausgelegt. Ein sch\u00fctzendes Zeichen, das f\u00fcr die heutige Zeit neu interpretiert wurde.<\/p>\n<p><strong>Material:<\/strong>\u00a022ct Gold<strong><br \/>\nWahrzeichen:\u00a0<\/strong>Britisches G\u00fctesiegel<strong><br \/>\n<\/strong><strong>Bruttogewicht: <\/strong>2.00 Gms<br \/>\n<strong>L\u00e4nge:<\/strong> 5,5 Zoll<br \/>\n<strong>SKU:<\/strong> 45923<\/p>\n<p><strong>Preis und Lieferung<\/strong>: Inklusive Mehrwertsteuer und Lieferkosten<br \/>\n<a href=\"https:\/\/www.purejewels.com\/de\/ruckgabepolitik\/\">R\u00fcckgabepolitik<\/a><\/p>","protected":false},"featured_media":403767,"comment_status":"closed","ping_status":"closed","template":"","meta":{"_eb_attr":"","_crsspst_to_jayantr4sg-hostcom":true},"product_brand":[],"product_cat":[5441,1576,1324,1229,5343,1436,5349],"product_tag":[1546],"class_list":{"0":"post-403765","1":"product","2":"type-product","3":"status-publish","4":"has-post-thumbnail","6":"product_cat-gold-bead-bracelets","7":"product_cat-childrens-jewellery","8":"product_cat-gold-bracelet","9":"product_cat-22ct-gold-jewellery","10":"product_cat-jewellery-under-550","11":"product_cat-kids-bracelet-kada","12":"product_cat-yellow-gold-jewellery","13":"product_tag-children","15":"first","16":"outofstock","17":"taxable","18":"shipping-taxable","19":"product-type-simple","20":"add-to-wishlist-before_image"},"yoast_head":"<!-- This site is optimized with the Yoast SEO plugin v27.6 - https:\/\/yoast.com\/product\/yoast-seo-wordpress\/ -->\n<title>Kids Black Bead Gold Bracelet \u2013 Little Nazariya | PureJewels<\/title>\n<meta name=\"description\" content=\"Shop the Little Nazar Gold Bracelet for kids by PureJewels. Crafted with black beads and 22ct gold links to symbolise protection with style.\" \/>\n<meta name=\"robots\" content=\"index, follow, max-snippet:-1, max-image-preview:large, max-video-preview:-1\" \/>\n<link rel=\"canonical\" href=\"https:\/\/www.purejewels.com\/de\/produkt-2\/kinder-schwarz-perle-gold-armband-45923\/\" \/>\n<meta property=\"og:locale\" content=\"de_DE\" \/>\n<meta property=\"og:type\" content=\"article\" \/>\n<meta property=\"og:title\" content=\"Kids Black Bead Gold Bracelet \u2013 Little Nazariya | PureJewels\" \/>\n<meta property=\"og:description\" content=\"Shop the Little Nazar Gold Bracelet for kids by PureJewels. Crafted with black beads and 22ct gold links to symbolise protection with style.\" \/>\n<meta property=\"og:url\" content=\"https:\/\/www.purejewels.com\/de\/produkt-2\/kinder-schwarz-perle-gold-armband-45923\/\" \/>\n<meta property=\"og:site_name\" content=\"PureJewels UK\" \/>\n<meta property=\"article:modified_time\" content=\"2026-01-06T10:00:28+00:00\" \/>\n<meta property=\"og:image\" content=\"https:\/\/www.purejewels.com\/wp-content\/uploads\/2025\/07\/SKU-45923.jpg\" \/>\n\t<meta property=\"og:image:width\" content=\"1000\" \/>\n\t<meta property=\"og:image:height\" content=\"1000\" \/>\n\t<meta property=\"og:image:type\" content=\"image\/jpeg\" \/>\n<meta name=\"twitter:card\" content=\"summary_large_image\" \/>\n<script type=\"application\/ld+json\" class=\"yoast-schema-graph\">{\"@context\":\"https:\\\/\\\/schema.org\",\"@graph\":[{\"@type\":[\"WebPage\",\"ItemPage\"],\"@id\":\"https:\\\/\\\/www.purejewels.com\\\/product\\\/kids-black-bead-gold-bracelet-45923\\\/\",\"url\":\"https:\\\/\\\/www.purejewels.com\\\/product\\\/kids-black-bead-gold-bracelet-45923\\\/\",\"name\":\"Kids Black Bead Gold Bracelet \u2013 Little Nazariya | PureJewels\",\"isPartOf\":{\"@id\":\"https:\\\/\\\/www.purejewels.com\\\/#website\"},\"primaryImageOfPage\":{\"@id\":\"https:\\\/\\\/www.purejewels.com\\\/product\\\/kids-black-bead-gold-bracelet-45923\\\/#primaryimage\"},\"image\":{\"@id\":\"https:\\\/\\\/www.purejewels.com\\\/product\\\/kids-black-bead-gold-bracelet-45923\\\/#primaryimage\"},\"thumbnailUrl\":\"https:\\\/\\\/static.purejewels.com\\\/wp-content\\\/uploads\\\/2025\\\/07\\\/SKU-45923.jpg\",\"datePublished\":\"2025-07-08T07:09:08+00:00\",\"dateModified\":\"2026-01-06T10:00:28+00:00\",\"description\":\"Shop the Little Nazar Gold Bracelet for kids by PureJewels. Crafted with black beads and 22ct gold links to symbolise protection with style.\",\"breadcrumb\":{\"@id\":\"https:\\\/\\\/www.purejewels.com\\\/product\\\/kids-black-bead-gold-bracelet-45923\\\/#breadcrumb\"},\"inLanguage\":\"de\",\"potentialAction\":[{\"@type\":\"ReadAction\",\"target\":[\"https:\\\/\\\/www.purejewels.com\\\/product\\\/kids-black-bead-gold-bracelet-45923\\\/\"]}]},{\"@type\":\"ImageObject\",\"inLanguage\":\"de\",\"@id\":\"https:\\\/\\\/www.purejewels.com\\\/product\\\/kids-black-bead-gold-bracelet-45923\\\/#primaryimage\",\"url\":\"https:\\\/\\\/static.purejewels.com\\\/wp-content\\\/uploads\\\/2025\\\/07\\\/SKU-45923.jpg\",\"contentUrl\":\"https:\\\/\\\/static.purejewels.com\\\/wp-content\\\/uploads\\\/2025\\\/07\\\/SKU-45923.jpg\",\"width\":1000,\"height\":1000,\"caption\":\"45923\"},{\"@type\":\"BreadcrumbList\",\"@id\":\"https:\\\/\\\/www.purejewels.com\\\/product\\\/kids-black-bead-gold-bracelet-45923\\\/#breadcrumb\",\"itemListElement\":[{\"@type\":\"ListItem\",\"position\":1,\"name\":\"Home\",\"item\":\"https:\\\/\\\/www.purejewels.com\\\/\"},{\"@type\":\"ListItem\",\"position\":2,\"name\":\"Shop\",\"item\":\"https:\\\/\\\/www.purejewels.com\\\/shop\\\/\"},{\"@type\":\"ListItem\",\"position\":3,\"name\":\"Kids Black Bead Gold Bracelet\"}]},{\"@type\":\"WebSite\",\"@id\":\"https:\\\/\\\/www.purejewels.com\\\/#website\",\"url\":\"https:\\\/\\\/www.purejewels.com\\\/\",\"name\":\"PureJewels UK\",\"description\":\"Share the Love\",\"publisher\":{\"@id\":\"https:\\\/\\\/www.purejewels.com\\\/#organization\"},\"potentialAction\":[{\"@type\":\"SearchAction\",\"target\":{\"@type\":\"EntryPoint\",\"urlTemplate\":\"https:\\\/\\\/www.purejewels.com\\\/?s={search_term_string}\"},\"query-input\":{\"@type\":\"PropertyValueSpecification\",\"valueRequired\":true,\"valueName\":\"search_term_string\"}}],\"inLanguage\":\"de\"},{\"@type\":\"Organization\",\"@id\":\"https:\\\/\\\/www.purejewels.com\\\/#organization\",\"name\":\"PureJewels UK\",\"url\":\"https:\\\/\\\/www.purejewels.com\\\/\",\"logo\":{\"@type\":\"ImageObject\",\"inLanguage\":\"de\",\"@id\":\"https:\\\/\\\/www.purejewels.com\\\/#\\\/schema\\\/logo\\\/image\\\/\",\"url\":\"https:\\\/\\\/static.purejewels.com\\\/wp-content\\\/uploads\\\/2020\\\/11\\\/Logo-PJ-New-1.png\",\"contentUrl\":\"https:\\\/\\\/static.purejewels.com\\\/wp-content\\\/uploads\\\/2020\\\/11\\\/Logo-PJ-New-1.png\",\"width\":150,\"height\":80,\"caption\":\"PureJewels UK\"},\"image\":{\"@id\":\"https:\\\/\\\/www.purejewels.com\\\/#\\\/schema\\\/logo\\\/image\\\/\"}}]}<\/script>\n<!-- \/ Yoast SEO plugin. -->","yoast_head_json":{"title":"Kinder Schwarz Bead Gold Armband - Little Nazariya | PureJewels","description":"Kaufen Sie das Little Nazar Goldarmband f\u00fcr Kinder von PureJewels. Gefertigt mit schwarzen Perlen und 22 Karat Goldglieder, um Schutz mit Stil zu symbolisieren.","robots":{"index":"index","follow":"follow","max-snippet":"max-snippet:-1","max-image-preview":"max-image-preview:large","max-video-preview":"max-video-preview:-1"},"canonical":"https:\/\/www.purejewels.com\/de\/produkt-2\/kinder-schwarz-perle-gold-armband-45923\/","og_locale":"de_DE","og_type":"article","og_title":"Kids Black Bead Gold Bracelet \u2013 Little Nazariya | PureJewels","og_description":"Shop the Little Nazar Gold Bracelet for kids by PureJewels. Crafted with black beads and 22ct gold links to symbolise protection with style.","og_url":"https:\/\/www.purejewels.com\/de\/produkt-2\/kinder-schwarz-perle-gold-armband-45923\/","og_site_name":"PureJewels UK","article_modified_time":"2026-01-06T10:00:28+00:00","og_image":[{"width":1000,"height":1000,"url":"https:\/\/www.purejewels.com\/wp-content\/uploads\/2025\/07\/SKU-45923.jpg","type":"image\/jpeg"}],"twitter_card":"summary_large_image","schema":{"@context":"https:\/\/schema.org","@graph":[{"@type":["WebPage","ItemPage"],"@id":"https:\/\/www.purejewels.com\/product\/kids-black-bead-gold-bracelet-45923\/","url":"https:\/\/www.purejewels.com\/product\/kids-black-bead-gold-bracelet-45923\/","name":"Kinder Schwarz Bead Gold Armband - Little Nazariya | PureJewels","isPartOf":{"@id":"https:\/\/www.purejewels.com\/#website"},"primaryImageOfPage":{"@id":"https:\/\/www.purejewels.com\/product\/kids-black-bead-gold-bracelet-45923\/#primaryimage"},"image":{"@id":"https:\/\/www.purejewels.com\/product\/kids-black-bead-gold-bracelet-45923\/#primaryimage"},"thumbnailUrl":"https:\/\/static.purejewels.com\/wp-content\/uploads\/2025\/07\/SKU-45923.jpg","datePublished":"2025-07-08T07:09:08+00:00","dateModified":"2026-01-06T10:00:28+00:00","description":"Kaufen Sie das Little Nazar Goldarmband f\u00fcr Kinder von PureJewels. Gefertigt mit schwarzen Perlen und 22 Karat Goldglieder, um Schutz mit Stil zu symbolisieren.","breadcrumb":{"@id":"https:\/\/www.purejewels.com\/product\/kids-black-bead-gold-bracelet-45923\/#breadcrumb"},"inLanguage":"de","potentialAction":[{"@type":"ReadAction","target":["https:\/\/www.purejewels.com\/product\/kids-black-bead-gold-bracelet-45923\/"]}]},{"@type":"ImageObject","inLanguage":"de","@id":"https:\/\/www.purejewels.com\/product\/kids-black-bead-gold-bracelet-45923\/#primaryimage","url":"https:\/\/static.purejewels.com\/wp-content\/uploads\/2025\/07\/SKU-45923.jpg","contentUrl":"https:\/\/static.purejewels.com\/wp-content\/uploads\/2025\/07\/SKU-45923.jpg","width":1000,"height":1000,"caption":"45923"},{"@type":"BreadcrumbList","@id":"https:\/\/www.purejewels.com\/product\/kids-black-bead-gold-bracelet-45923\/#breadcrumb","itemListElement":[{"@type":"ListItem","position":1,"name":"Home","item":"https:\/\/www.purejewels.com\/"},{"@type":"ListItem","position":2,"name":"Shop","item":"https:\/\/www.purejewels.com\/shop\/"},{"@type":"ListItem","position":3,"name":"Kids Black Bead Gold Bracelet"}]},{"@type":"WebSite","@id":"https:\/\/www.purejewels.com\/#website","url":"https:\/\/www.purejewels.com\/","name":"PureJewels UK","description":"Teile die Liebe","publisher":{"@id":"https:\/\/www.purejewels.com\/#organization"},"potentialAction":[{"@type":"SearchAction","target":{"@type":"EntryPoint","urlTemplate":"https:\/\/www.purejewels.com\/?s={search_term_string}"},"query-input":{"@type":"PropertyValueSpecification","valueRequired":true,"valueName":"search_term_string"}}],"inLanguage":"de"},{"@type":"Organization","@id":"https:\/\/www.purejewels.com\/#organization","name":"PureJewels UK","url":"https:\/\/www.purejewels.com\/","logo":{"@type":"ImageObject","inLanguage":"de","@id":"https:\/\/www.purejewels.com\/#\/schema\/logo\/image\/","url":"https:\/\/static.purejewels.com\/wp-content\/uploads\/2020\/11\/Logo-PJ-New-1.png","contentUrl":"https:\/\/static.purejewels.com\/wp-content\/uploads\/2020\/11\/Logo-PJ-New-1.png","width":150,"height":80,"caption":"PureJewels UK"},"image":{"@id":"https:\/\/www.purejewels.com\/#\/schema\/logo\/image\/"}}]}},"_links":{"self":[{"href":"https:\/\/www.purejewels.com\/de\/wp-json\/wp\/v2\/product\/403765","targetHints":{"allow":["GET"]}}],"collection":[{"href":"https:\/\/www.purejewels.com\/de\/wp-json\/wp\/v2\/product"}],"about":[{"href":"https:\/\/www.purejewels.com\/de\/wp-json\/wp\/v2\/types\/product"}],"replies":[{"embeddable":true,"href":"https:\/\/www.purejewels.com\/de\/wp-json\/wp\/v2\/comments?post=403765"}],"version-history":[{"count":1,"href":"https:\/\/www.purejewels.com\/de\/wp-json\/wp\/v2\/product\/403765\/revisions"}],"predecessor-version":[{"id":403775,"href":"https:\/\/www.purejewels.com\/de\/wp-json\/wp\/v2\/product\/403765\/revisions\/403775"}],"wp:featuredmedia":[{"embeddable":true,"href":"https:\/\/www.purejewels.com\/de\/wp-json\/wp\/v2\/media\/403767"}],"wp:attachment":[{"href":"https:\/\/www.purejewels.com\/de\/wp-json\/wp\/v2\/media?parent=403765"}],"wp:term":[{"taxonomy":"product_brand","embeddable":true,"href":"https:\/\/www.purejewels.com\/de\/wp-json\/wp\/v2\/product_brand?post=403765"},{"taxonomy":"product_cat","embeddable":true,"href":"https:\/\/www.purejewels.com\/de\/wp-json\/wp\/v2\/product_cat?post=403765"},{"taxonomy":"product_tag","embeddable":true,"href":"https:\/\/www.purejewels.com\/de\/wp-json\/wp\/v2\/product_tag?post=403765"}],"curies":[{"name":"wp","href":"https:\/\/api.w.org\/{rel}","templated":true}]}}