{"id":404060,"date":"2025-07-10T06:24:36","date_gmt":"2025-07-10T05:24:36","guid":{"rendered":"https:\/\/www.purejewels.com\/?post_type=product&#038;p=404060"},"modified":"2026-05-05T06:31:15","modified_gmt":"2026-05-05T05:31:15","slug":"22ct-gold-feines-stapelarmband-50826","status":"publish","type":"product","link":"https:\/\/www.purejewels.com\/de\/product\/22ct-gold-fine-stacking-band-50826\/","title":{"rendered":"22ct Sunrise Gold Feines Stapelband"},"content":{"rendered":"<p>Dieser schlichte und raffinierte Stapelring zelebriert unaufdringlichen Luxus. Seine schlanke Form aus 22 Karat Sunrise Gold wird durch eine dezent geriffelte Struktur unterstrichen, die gerade genug Details bietet, um das Licht einzufangen, ohne Ihren Stil zu \u00fcberlagern. Ob allein getragen f\u00fcr ein minimalistisches Statement oder als Teil eines Stapels von Schmuckst\u00fccken - er bietet Eleganz, die Bestand hat. Gemacht f\u00fcr allt\u00e4gliche Rituale, bleibende Momente und alles dazwischen.<\/p>","protected":false},"excerpt":{"rendered":"<p>Schlank, formsch\u00f6n und leuchtend - dieses feine Stapelarmband ist aus unserem charakteristischen 22-kar\u00e4tigen Sunrise Gold gefertigt. Die strukturierte Oberfl\u00e4che verleiht ihm einen ruhigen Charakter, der sowohl solo als auch in Kombination mit anderen getragen werden kann.<\/p>\n<p><strong>Material:<\/strong> 22ct Sonnenaufgang Gold\u00a0<strong><br \/>\nWahrzeichen:\u00a0<\/strong>Britisches G\u00fctesiegel<br \/>\n<strong>Breite: <\/strong>1,5 mm<strong><br \/>\n<\/strong><strong>Gewichtsbereich: <\/strong>1,3 Gramm - 1,6 Gramm<br \/>\n<strong>Ringgr\u00f6\u00dfe: <\/strong>Erh\u00e4ltlich in verschiedenen Gr\u00f6\u00dfen<strong><br \/>\nSKU: <\/strong>50830, 50829, 50828, 50827, 50826, 50825, 50716<\/p>\n<p><strong>Preis und Lieferung<\/strong>: Inklusive Mehrwertsteuer und Lieferkosten<br \/>\n<a href=\"https:\/\/www.purejewels.com\/de\/ruckgabepolitik\/\">R\u00fcckgabepolitik<\/a><\/p>","protected":false},"featured_media":404078,"comment_status":"closed","ping_status":"closed","template":"","meta":{"_eb_attr":"","_crsspst_to_jayantr4sg-hostcom":false},"product_brand":[],"product_cat":[1791,1559,1785,1229,1235,5343,1783,5338,6081,229,1573,226,1574,5747],"product_tag":[64],"class_list":{"0":"post-404060","1":"product","2":"type-product","3":"status-publish","4":"has-post-thumbnail","6":"product_cat-anniversary-gifts","7":"product_cat-birthday-gifts","8":"product_cat-daily-wear-rings","9":"product_cat-22ct-gold-jewellery","10":"product_cat-gold-rings","11":"product_cat-jewellery-under-550","12":"product_cat-ladies-rings","13":"product_cat-shop-by-price","14":"product_cat-sunrise-gold","15":"product_cat-wedding-bands","16":"product_cat-wedding-gifts","17":"product_cat-wedding-rings-bands","18":"product_cat-womens-jewellery","19":"product_cat-mantra-collection","20":"product_tag-rings","22":"first","23":"instock","24":"taxable","25":"shipping-taxable","26":"purchasable","27":"product-type-variable","28":"add-to-wishlist-before_image"},"yoast_head":"<!-- This site is optimized with the Yoast SEO plugin v27.5 - https:\/\/yoast.com\/product\/yoast-seo-wordpress\/ -->\n<title>22ct Sunrise Gold Fine Stacking Band | Minimal Gold Ring<\/title>\n<meta name=\"description\" content=\"Discover our 22ct Sunrise Gold Fine Stacking Band\u2014sleek, textured, and perfect for layering. A timeless gold essential with artisanal detail.\" \/>\n<meta name=\"robots\" content=\"index, follow, max-snippet:-1, max-image-preview:large, max-video-preview:-1\" \/>\n<link rel=\"canonical\" href=\"https:\/\/www.purejewels.com\/de\/produkt-2\/22ct-gold-feines-stapelarmband-50826\/\" \/>\n<meta property=\"og:locale\" content=\"de_DE\" \/>\n<meta property=\"og:type\" content=\"article\" \/>\n<meta property=\"og:title\" content=\"22ct Sunrise Gold Fine Stacking Band | Minimal Gold Ring\" \/>\n<meta property=\"og:description\" content=\"Discover our 22ct Sunrise Gold Fine Stacking Band\u2014sleek, textured, and perfect for layering. A timeless gold essential with artisanal detail.\" \/>\n<meta property=\"og:url\" content=\"https:\/\/www.purejewels.com\/de\/produkt-2\/22ct-gold-feines-stapelarmband-50826\/\" \/>\n<meta property=\"og:site_name\" content=\"PureJewels UK\" \/>\n<meta property=\"article:modified_time\" content=\"2026-05-05T05:31:15+00:00\" \/>\n<meta property=\"og:image\" content=\"https:\/\/static.purejewels.com\/wp-content\/uploads\/2025\/05\/SKU-50826.jpg\" \/>\n\t<meta property=\"og:image:width\" content=\"1000\" \/>\n\t<meta property=\"og:image:height\" content=\"1000\" \/>\n\t<meta property=\"og:image:type\" content=\"image\/jpeg\" \/>\n<meta name=\"twitter:card\" content=\"summary_large_image\" \/>\n<meta name=\"twitter:label1\" content=\"Gesch\u00e4tzte Lesezeit\" \/>\n\t<meta name=\"twitter:data1\" content=\"1\u00a0Minute\" \/>\n<script type=\"application\/ld+json\" class=\"yoast-schema-graph\">{\"@context\":\"https:\\\/\\\/schema.org\",\"@graph\":[{\"@type\":[\"WebPage\",\"ItemPage\"],\"@id\":\"https:\\\/\\\/www.purejewels.com\\\/product\\\/22ct-gold-fine-stacking-band-50826\\\/\",\"url\":\"https:\\\/\\\/www.purejewels.com\\\/product\\\/22ct-gold-fine-stacking-band-50826\\\/\",\"name\":\"22ct Sunrise Gold Fine Stacking Band | Minimal Gold Ring\",\"isPartOf\":{\"@id\":\"https:\\\/\\\/www.purejewels.com\\\/#website\"},\"primaryImageOfPage\":{\"@id\":\"https:\\\/\\\/www.purejewels.com\\\/product\\\/22ct-gold-fine-stacking-band-50826\\\/#primaryimage\"},\"image\":{\"@id\":\"https:\\\/\\\/www.purejewels.com\\\/product\\\/22ct-gold-fine-stacking-band-50826\\\/#primaryimage\"},\"thumbnailUrl\":\"https:\\\/\\\/static.purejewels.com\\\/wp-content\\\/uploads\\\/2025\\\/05\\\/SKU-50826.jpg\",\"datePublished\":\"2025-07-10T05:24:36+00:00\",\"dateModified\":\"2026-05-05T05:31:15+00:00\",\"description\":\"Discover our 22ct Sunrise Gold Fine Stacking Band\u2014sleek, textured, and perfect for layering. A timeless gold essential with artisanal detail.\",\"breadcrumb\":{\"@id\":\"https:\\\/\\\/www.purejewels.com\\\/product\\\/22ct-gold-fine-stacking-band-50826\\\/#breadcrumb\"},\"inLanguage\":\"de\",\"potentialAction\":[{\"@type\":\"ReadAction\",\"target\":[\"https:\\\/\\\/www.purejewels.com\\\/product\\\/22ct-gold-fine-stacking-band-50826\\\/\"]}]},{\"@type\":\"ImageObject\",\"inLanguage\":\"de\",\"@id\":\"https:\\\/\\\/www.purejewels.com\\\/product\\\/22ct-gold-fine-stacking-band-50826\\\/#primaryimage\",\"url\":\"https:\\\/\\\/static.purejewels.com\\\/wp-content\\\/uploads\\\/2025\\\/05\\\/SKU-50826.jpg\",\"contentUrl\":\"https:\\\/\\\/static.purejewels.com\\\/wp-content\\\/uploads\\\/2025\\\/05\\\/SKU-50826.jpg\",\"width\":1000,\"height\":1000,\"caption\":\"50826\"},{\"@type\":\"BreadcrumbList\",\"@id\":\"https:\\\/\\\/www.purejewels.com\\\/product\\\/22ct-gold-fine-stacking-band-50826\\\/#breadcrumb\",\"itemListElement\":[{\"@type\":\"ListItem\",\"position\":1,\"name\":\"Home\",\"item\":\"https:\\\/\\\/www.purejewels.com\\\/\"},{\"@type\":\"ListItem\",\"position\":2,\"name\":\"Shop\",\"item\":\"https:\\\/\\\/www.purejewels.com\\\/shop\\\/\"},{\"@type\":\"ListItem\",\"position\":3,\"name\":\"22ct Sunrise Gold Fine Stacking Band\"}]},{\"@type\":\"WebSite\",\"@id\":\"https:\\\/\\\/www.purejewels.com\\\/#website\",\"url\":\"https:\\\/\\\/www.purejewels.com\\\/\",\"name\":\"PureJewels UK\",\"description\":\"Share the Love\",\"publisher\":{\"@id\":\"https:\\\/\\\/www.purejewels.com\\\/#organization\"},\"potentialAction\":[{\"@type\":\"SearchAction\",\"target\":{\"@type\":\"EntryPoint\",\"urlTemplate\":\"https:\\\/\\\/www.purejewels.com\\\/?s={search_term_string}\"},\"query-input\":{\"@type\":\"PropertyValueSpecification\",\"valueRequired\":true,\"valueName\":\"search_term_string\"}}],\"inLanguage\":\"de\"},{\"@type\":\"Organization\",\"@id\":\"https:\\\/\\\/www.purejewels.com\\\/#organization\",\"name\":\"PureJewels UK\",\"url\":\"https:\\\/\\\/www.purejewels.com\\\/\",\"logo\":{\"@type\":\"ImageObject\",\"inLanguage\":\"de\",\"@id\":\"https:\\\/\\\/www.purejewels.com\\\/#\\\/schema\\\/logo\\\/image\\\/\",\"url\":\"https:\\\/\\\/static.purejewels.com\\\/wp-content\\\/uploads\\\/2020\\\/11\\\/Logo-PJ-New-1.png\",\"contentUrl\":\"https:\\\/\\\/static.purejewels.com\\\/wp-content\\\/uploads\\\/2020\\\/11\\\/Logo-PJ-New-1.png\",\"width\":150,\"height\":80,\"caption\":\"PureJewels UK\"},\"image\":{\"@id\":\"https:\\\/\\\/www.purejewels.com\\\/#\\\/schema\\\/logo\\\/image\\\/\"}}]}<\/script>\n<!-- \/ Yoast SEO plugin. -->","yoast_head_json":{"title":"22ct Sunrise Gold Feines Stapelband | Minimal Gold Ring","description":"Entdecken Sie unser 22ct Sunrise Gold Fine Stacking Band - elegant, strukturiert und perfekt zum Aneinanderreihen. Ein zeitloses Gold-Essential mit handwerklichen Details.","robots":{"index":"index","follow":"follow","max-snippet":"max-snippet:-1","max-image-preview":"max-image-preview:large","max-video-preview":"max-video-preview:-1"},"canonical":"https:\/\/www.purejewels.com\/de\/produkt-2\/22ct-gold-feines-stapelarmband-50826\/","og_locale":"de_DE","og_type":"article","og_title":"22ct Sunrise Gold Fine Stacking Band | Minimal Gold Ring","og_description":"Discover our 22ct Sunrise Gold Fine Stacking Band\u2014sleek, textured, and perfect for layering. A timeless gold essential with artisanal detail.","og_url":"https:\/\/www.purejewels.com\/de\/produkt-2\/22ct-gold-feines-stapelarmband-50826\/","og_site_name":"PureJewels UK","article_modified_time":"2026-05-05T05:31:15+00:00","og_image":[{"width":1000,"height":1000,"url":"https:\/\/static.purejewels.com\/wp-content\/uploads\/2025\/05\/SKU-50826.jpg","type":"image\/jpeg"}],"twitter_card":"summary_large_image","twitter_misc":{"Gesch\u00e4tzte Lesezeit":"1\u00a0Minute"},"schema":{"@context":"https:\/\/schema.org","@graph":[{"@type":["WebPage","ItemPage"],"@id":"https:\/\/www.purejewels.com\/product\/22ct-gold-fine-stacking-band-50826\/","url":"https:\/\/www.purejewels.com\/product\/22ct-gold-fine-stacking-band-50826\/","name":"22ct Sunrise Gold Feines Stapelband | Minimal Gold Ring","isPartOf":{"@id":"https:\/\/www.purejewels.com\/#website"},"primaryImageOfPage":{"@id":"https:\/\/www.purejewels.com\/product\/22ct-gold-fine-stacking-band-50826\/#primaryimage"},"image":{"@id":"https:\/\/www.purejewels.com\/product\/22ct-gold-fine-stacking-band-50826\/#primaryimage"},"thumbnailUrl":"https:\/\/static.purejewels.com\/wp-content\/uploads\/2025\/05\/SKU-50826.jpg","datePublished":"2025-07-10T05:24:36+00:00","dateModified":"2026-05-05T05:31:15+00:00","description":"Entdecken Sie unser 22ct Sunrise Gold Fine Stacking Band - elegant, strukturiert und perfekt zum Aneinanderreihen. Ein zeitloses Gold-Essential mit handwerklichen Details.","breadcrumb":{"@id":"https:\/\/www.purejewels.com\/product\/22ct-gold-fine-stacking-band-50826\/#breadcrumb"},"inLanguage":"de","potentialAction":[{"@type":"ReadAction","target":["https:\/\/www.purejewels.com\/product\/22ct-gold-fine-stacking-band-50826\/"]}]},{"@type":"ImageObject","inLanguage":"de","@id":"https:\/\/www.purejewels.com\/product\/22ct-gold-fine-stacking-band-50826\/#primaryimage","url":"https:\/\/static.purejewels.com\/wp-content\/uploads\/2025\/05\/SKU-50826.jpg","contentUrl":"https:\/\/static.purejewels.com\/wp-content\/uploads\/2025\/05\/SKU-50826.jpg","width":1000,"height":1000,"caption":"50826"},{"@type":"BreadcrumbList","@id":"https:\/\/www.purejewels.com\/product\/22ct-gold-fine-stacking-band-50826\/#breadcrumb","itemListElement":[{"@type":"ListItem","position":1,"name":"Home","item":"https:\/\/www.purejewels.com\/"},{"@type":"ListItem","position":2,"name":"Shop","item":"https:\/\/www.purejewels.com\/shop\/"},{"@type":"ListItem","position":3,"name":"22ct Sunrise Gold Fine Stacking Band"}]},{"@type":"WebSite","@id":"https:\/\/www.purejewels.com\/#website","url":"https:\/\/www.purejewels.com\/","name":"PureJewels UK","description":"Teile die Liebe","publisher":{"@id":"https:\/\/www.purejewels.com\/#organization"},"potentialAction":[{"@type":"SearchAction","target":{"@type":"EntryPoint","urlTemplate":"https:\/\/www.purejewels.com\/?s={search_term_string}"},"query-input":{"@type":"PropertyValueSpecification","valueRequired":true,"valueName":"search_term_string"}}],"inLanguage":"de"},{"@type":"Organization","@id":"https:\/\/www.purejewels.com\/#organization","name":"PureJewels UK","url":"https:\/\/www.purejewels.com\/","logo":{"@type":"ImageObject","inLanguage":"de","@id":"https:\/\/www.purejewels.com\/#\/schema\/logo\/image\/","url":"https:\/\/static.purejewels.com\/wp-content\/uploads\/2020\/11\/Logo-PJ-New-1.png","contentUrl":"https:\/\/static.purejewels.com\/wp-content\/uploads\/2020\/11\/Logo-PJ-New-1.png","width":150,"height":80,"caption":"PureJewels UK"},"image":{"@id":"https:\/\/www.purejewels.com\/#\/schema\/logo\/image\/"}}]}},"_links":{"self":[{"href":"https:\/\/www.purejewels.com\/de\/wp-json\/wp\/v2\/product\/404060","targetHints":{"allow":["GET"]}}],"collection":[{"href":"https:\/\/www.purejewels.com\/de\/wp-json\/wp\/v2\/product"}],"about":[{"href":"https:\/\/www.purejewels.com\/de\/wp-json\/wp\/v2\/types\/product"}],"replies":[{"embeddable":true,"href":"https:\/\/www.purejewels.com\/de\/wp-json\/wp\/v2\/comments?post=404060"}],"version-history":[{"count":3,"href":"https:\/\/www.purejewels.com\/de\/wp-json\/wp\/v2\/product\/404060\/revisions"}],"predecessor-version":[{"id":419758,"href":"https:\/\/www.purejewels.com\/de\/wp-json\/wp\/v2\/product\/404060\/revisions\/419758"}],"wp:featuredmedia":[{"embeddable":true,"href":"https:\/\/www.purejewels.com\/de\/wp-json\/wp\/v2\/media\/404078"}],"wp:attachment":[{"href":"https:\/\/www.purejewels.com\/de\/wp-json\/wp\/v2\/media?parent=404060"}],"wp:term":[{"taxonomy":"product_brand","embeddable":true,"href":"https:\/\/www.purejewels.com\/de\/wp-json\/wp\/v2\/product_brand?post=404060"},{"taxonomy":"product_cat","embeddable":true,"href":"https:\/\/www.purejewels.com\/de\/wp-json\/wp\/v2\/product_cat?post=404060"},{"taxonomy":"product_tag","embeddable":true,"href":"https:\/\/www.purejewels.com\/de\/wp-json\/wp\/v2\/product_tag?post=404060"}],"curies":[{"name":"wp","href":"https:\/\/api.w.org\/{rel}","templated":true}]}}