{"id":4042,"date":"2017-07-19T13:23:48","date_gmt":"2017-07-19T12:23:48","guid":{"rendered":"http:\/\/new.purejewels.com\/product\/cut-edge-christian-bauer-diamond-wedding-ring-0241180\/"},"modified":"2020-12-21T17:55:20","modified_gmt":"2020-12-21T17:55:20","slug":"geschliffener-christian-bauer-diamanttrauring-0241180","status":"publish","type":"product","link":"https:\/\/www.purejewels.com\/de\/product\/cut-edge-christian-bauer-diamond-wedding-ring-0241180\/","title":{"rendered":"Geschliffene Kante Christian Bauer Diamant Ehering"},"content":{"rendered":"<p>Autorisiert <a href=\"https:\/\/www.purejewels.com\/de\/product-category\/wedding-rings-bands\/wedding-bands\/christian-bauer-brands\/\">Christian Bauer<\/a> Lagerhalter<\/p>\n<p><span style=\"float: none;background-color: transparent;color: #000000;font-family: 'Source Sans Pro','HelveticaNeue','Helvetica Neue',Helvetica,Arial,sans-serif;font-size: 16px;font-style: normal;font-variant: normal;font-weight: 300;letter-spacing: 0.05px;line-height: 22.4px;text-align: left;text-decoration: none;text-indent: 0px\">Ein edler Herren-Trauring von Christian Bauer.  Das Platin ist strukturiert, um einen unwiderstehlich f\u00fchlbaren Ring zu schaffen, der an das Pl\u00e4tschern von Wasser erinnert.  Die Rille in der Mitte macht ihn interessant.  Wenn Sie sich fragen, wem Sie Ihren Ehering anvertrauen sollen, dann sind Sie bei Christian Bauer genau richtig.  Christian Bauer ist ein weltbekannter Juwelier, der seit \u00fcber 60 Jahren in Deutschland ans\u00e4ssig ist.  Heute kombinieren die qualifizierten Handwerker sorgf\u00e4ltige Handarbeit mit modernsten Maschinen, um die unverkennbar stilvollen Trauringe des Labels herzustellen. <a href=\"https:\/\/www.purejewels.com\/de\/product-category\/22ct-gold-jewellery\/gold-rings\/\">Ringe<\/a>.   PureJewels ist ein langj\u00e4hriger britischer H\u00e4ndler von Christian Bauer Eheringe: Verwenden Sie Live-Chat, um Ihre Gr\u00f6\u00dfe zu bestellen, oder fragen Sie uns, was auf Lager ist.<\/span><\/p>\n<p>Schliff Christian Bauer Diamant Ehering 0241180<\/p>\n<p>Hochzeitsband f\u00fcr Herren<\/p>\n<p>Metall: <a href=\"https:\/\/www.purejewels.com\/de\/product\/18ct-white-gold-diamond-ring-for-ladies-8775\/\">18ct Wei\u00dfgold<\/a><\/p>\n<p>Steinfassung Stil: Rubover Fassung<\/p>\n<p>Gewicht der Diamanten: 0,09ct wei\u00dfe Diamanten<\/p>\n<p>Qualit\u00e4t der Diamanten: Wei\u00dfe Diamanten G-H Farbe und VS Reinheit<\/p>\n<p>Fingergr\u00f6\u00dfe: Q<\/p>\n<p>Breite: 4,5 mm<\/p>\n<p>Ausf\u00fchrung: Mattes Finish mit polierten Kanten<\/p>\n<p><span style=\"float: none;background-color: transparent;color: #000000;font-family: 'Source Sans Pro','HelveticaNeue','Helvetica Neue',Helvetica,Arial,sans-serif;font-size: 16px;font-style: normal;font-variant: normal;font-weight: 300;letter-spacing: 0.05px;line-height: 22.4px;text-align: left;text-decoration: none;text-indent: 0px\">Trauringe online zu suchen, kann entmutigend sein.  Es ist eine bedeutende Anschaffung.  Und es ist wahrscheinlich beruhigender, bei einem echten Juwelier zu bestellen: Wenn Sie Ihren Ring zur\u00fcckgeben oder die Gr\u00f6\u00dfe \u00e4ndern m\u00fcssen, sind wir hier (in der Green Street in E7).  Kommen Sie vorbei und entdecken Sie die neuesten Trauringe von Christian Bauer in natura.  Oder, wenn Sie weit weg sind, \u00f6ffnen Sie einfach den Live Chat.  Sie erreichen dann einen Berater vor Ort, der Ihnen Fotos von unserem Angebot schicken kann.  Wir helfen Ihnen gerne, den richtigen Trauring zum richtigen Preis zu finden.<\/span><\/p>\n<p>&nbsp;<\/p>","protected":false},"excerpt":{"rendered":"<p>Autorisierter Christian Bauer-Fachh\u00e4ndler<\/p>\n<p>Schliff Christian Bauer Diamant Ehering 0241180<\/p>\n<p>Metall: 18 Karat Wei\u00dfgold<br \/>\nSteinfassung Stil: Rubover Fassung<br \/>\nGewicht der Diamanten: 0,09ct wei\u00dfe Diamanten<br \/>\nQualit\u00e4t der Diamanten: Wei\u00dfe Diamanten G-H Farbe und VS Reinheit<br \/>\nFingergr\u00f6\u00dfe: Q<br \/>\nBreite: 4,5 mm<br \/>\nAusf\u00fchrung: Mattes Finish mit polierten Kanten<\/p>\n<p>&nbsp;<\/p>","protected":false},"featured_media":4043,"comment_status":"closed","ping_status":"closed","template":"","meta":{"_eb_attr":"","_crsspst_to_jayantr4sg-hostcom":false},"product_brand":[],"product_cat":[238,1572,1537],"product_tag":[],"class_list":{"0":"post-4042","1":"product","2":"type-product","3":"status-publish","4":"has-post-thumbnail","6":"product_cat-christian-bauer-brands","7":"product_cat-mens-jewellery","8":"product_cat-white-gold-jewellery-set","10":"first","11":"outofstock","12":"taxable","13":"shipping-taxable","14":"product-type-simple","15":"add-to-wishlist-before_image"},"yoast_head":"<!-- This site is optimized with the Yoast SEO plugin v27.3 - https:\/\/yoast.com\/product\/yoast-seo-wordpress\/ -->\n<title>Cut Edge Christian Bauer Diamond Wedding Ring - PureJewels<\/title>\n<meta name=\"robots\" content=\"index, follow, max-snippet:-1, max-image-preview:large, max-video-preview:-1\" \/>\n<link rel=\"canonical\" href=\"https:\/\/www.purejewels.com\/de\/produkt-2\/geschliffener-christian-bauer-diamanttrauring-0241180\/\" \/>\n<meta property=\"og:locale\" content=\"de_DE\" \/>\n<meta property=\"og:type\" content=\"article\" \/>\n<meta property=\"og:title\" content=\"Cut Edge Christian Bauer Diamond Wedding Ring - PureJewels\" \/>\n<meta property=\"og:description\" content=\"Authorised Christian Bauer Stockist  Cut Edge Christian Bauer Diamond Wedding Ring 0241180  Metal: 18ct White Gold Stone Setting Style: Rubover Setting Diamond Weight: 0.09ct white diamonds Diamond Quality: White diamonds G-H Colour and VS Clarity Finger Size: Q Width: 4.5mm Finish: Matte Finish with polished Edges  &nbsp;\" \/>\n<meta property=\"og:url\" content=\"https:\/\/www.purejewels.com\/de\/produkt-2\/geschliffener-christian-bauer-diamanttrauring-0241180\/\" \/>\n<meta property=\"og:site_name\" content=\"PureJewels UK\" \/>\n<meta property=\"article:modified_time\" content=\"2020-12-21T17:55:20+00:00\" \/>\n<meta property=\"og:image\" content=\"https:\/\/www.purejewels.com\/wp-content\/uploads\/2017\/07\/0241180_xl-2.jpg\" \/>\n\t<meta property=\"og:image:width\" content=\"960\" \/>\n\t<meta property=\"og:image:height\" content=\"960\" \/>\n\t<meta property=\"og:image:type\" content=\"image\/jpeg\" \/>\n<meta name=\"twitter:card\" content=\"summary_large_image\" \/>\n<meta name=\"twitter:label1\" content=\"Gesch\u00e4tzte Lesezeit\" \/>\n\t<meta name=\"twitter:data1\" content=\"1\u00a0Minute\" \/>\n<script type=\"application\/ld+json\" class=\"yoast-schema-graph\">{\"@context\":\"https:\\\/\\\/schema.org\",\"@graph\":[{\"@type\":[\"WebPage\",\"ItemPage\"],\"@id\":\"https:\\\/\\\/www.purejewels.com\\\/product\\\/cut-edge-christian-bauer-diamond-wedding-ring-0241180\\\/\",\"url\":\"https:\\\/\\\/www.purejewels.com\\\/product\\\/cut-edge-christian-bauer-diamond-wedding-ring-0241180\\\/\",\"name\":\"Cut Edge Christian Bauer Diamond Wedding Ring - PureJewels\",\"isPartOf\":{\"@id\":\"https:\\\/\\\/www.purejewels.com\\\/#website\"},\"primaryImageOfPage\":{\"@id\":\"https:\\\/\\\/www.purejewels.com\\\/product\\\/cut-edge-christian-bauer-diamond-wedding-ring-0241180\\\/#primaryimage\"},\"image\":{\"@id\":\"https:\\\/\\\/www.purejewels.com\\\/product\\\/cut-edge-christian-bauer-diamond-wedding-ring-0241180\\\/#primaryimage\"},\"thumbnailUrl\":\"https:\\\/\\\/static.purejewels.com\\\/wp-content\\\/uploads\\\/2017\\\/07\\\/0241180_xl-2.jpg\",\"datePublished\":\"2017-07-19T12:23:48+00:00\",\"dateModified\":\"2020-12-21T17:55:20+00:00\",\"breadcrumb\":{\"@id\":\"https:\\\/\\\/www.purejewels.com\\\/product\\\/cut-edge-christian-bauer-diamond-wedding-ring-0241180\\\/#breadcrumb\"},\"inLanguage\":\"de\",\"potentialAction\":[{\"@type\":\"ReadAction\",\"target\":[\"https:\\\/\\\/www.purejewels.com\\\/product\\\/cut-edge-christian-bauer-diamond-wedding-ring-0241180\\\/\"]}]},{\"@type\":\"ImageObject\",\"inLanguage\":\"de\",\"@id\":\"https:\\\/\\\/www.purejewels.com\\\/product\\\/cut-edge-christian-bauer-diamond-wedding-ring-0241180\\\/#primaryimage\",\"url\":\"https:\\\/\\\/static.purejewels.com\\\/wp-content\\\/uploads\\\/2017\\\/07\\\/0241180_xl-2.jpg\",\"contentUrl\":\"https:\\\/\\\/static.purejewels.com\\\/wp-content\\\/uploads\\\/2017\\\/07\\\/0241180_xl-2.jpg\",\"width\":960,\"height\":960,\"caption\":\"0241180_xl.jpg\"},{\"@type\":\"BreadcrumbList\",\"@id\":\"https:\\\/\\\/www.purejewels.com\\\/product\\\/cut-edge-christian-bauer-diamond-wedding-ring-0241180\\\/#breadcrumb\",\"itemListElement\":[{\"@type\":\"ListItem\",\"position\":1,\"name\":\"Home\",\"item\":\"https:\\\/\\\/www.purejewels.com\\\/\"},{\"@type\":\"ListItem\",\"position\":2,\"name\":\"Shop\",\"item\":\"https:\\\/\\\/www.purejewels.com\\\/shop\\\/\"},{\"@type\":\"ListItem\",\"position\":3,\"name\":\"Cut Edge Christian Bauer Diamond Wedding Band Ring\"}]},{\"@type\":\"WebSite\",\"@id\":\"https:\\\/\\\/www.purejewels.com\\\/#website\",\"url\":\"https:\\\/\\\/www.purejewels.com\\\/\",\"name\":\"PureJewels UK\",\"description\":\"Share the Love\",\"publisher\":{\"@id\":\"https:\\\/\\\/www.purejewels.com\\\/#organization\"},\"potentialAction\":[{\"@type\":\"SearchAction\",\"target\":{\"@type\":\"EntryPoint\",\"urlTemplate\":\"https:\\\/\\\/www.purejewels.com\\\/?s={search_term_string}\"},\"query-input\":{\"@type\":\"PropertyValueSpecification\",\"valueRequired\":true,\"valueName\":\"search_term_string\"}}],\"inLanguage\":\"de\"},{\"@type\":\"Organization\",\"@id\":\"https:\\\/\\\/www.purejewels.com\\\/#organization\",\"name\":\"PureJewels UK\",\"url\":\"https:\\\/\\\/www.purejewels.com\\\/\",\"logo\":{\"@type\":\"ImageObject\",\"inLanguage\":\"de\",\"@id\":\"https:\\\/\\\/www.purejewels.com\\\/#\\\/schema\\\/logo\\\/image\\\/\",\"url\":\"https:\\\/\\\/static.purejewels.com\\\/wp-content\\\/uploads\\\/2020\\\/11\\\/Logo-PJ-New-1.png\",\"contentUrl\":\"https:\\\/\\\/static.purejewels.com\\\/wp-content\\\/uploads\\\/2020\\\/11\\\/Logo-PJ-New-1.png\",\"width\":150,\"height\":80,\"caption\":\"PureJewels UK\"},\"image\":{\"@id\":\"https:\\\/\\\/www.purejewels.com\\\/#\\\/schema\\\/logo\\\/image\\\/\"}}]}<\/script>\n<!-- \/ Yoast SEO plugin. -->","yoast_head_json":{"title":"Schliff Christian Bauer Diamant Ehering - PureJewels","robots":{"index":"index","follow":"follow","max-snippet":"max-snippet:-1","max-image-preview":"max-image-preview:large","max-video-preview":"max-video-preview:-1"},"canonical":"https:\/\/www.purejewels.com\/de\/produkt-2\/geschliffener-christian-bauer-diamanttrauring-0241180\/","og_locale":"de_DE","og_type":"article","og_title":"Cut Edge Christian Bauer Diamond Wedding Ring - PureJewels","og_description":"Authorised Christian Bauer Stockist  Cut Edge Christian Bauer Diamond Wedding Ring 0241180  Metal: 18ct White Gold Stone Setting Style: Rubover Setting Diamond Weight: 0.09ct white diamonds Diamond Quality: White diamonds G-H Colour and VS Clarity Finger Size: Q Width: 4.5mm Finish: Matte Finish with polished Edges  &nbsp;","og_url":"https:\/\/www.purejewels.com\/de\/produkt-2\/geschliffener-christian-bauer-diamanttrauring-0241180\/","og_site_name":"PureJewels UK","article_modified_time":"2020-12-21T17:55:20+00:00","og_image":[{"width":960,"height":960,"url":"https:\/\/www.purejewels.com\/wp-content\/uploads\/2017\/07\/0241180_xl-2.jpg","type":"image\/jpeg"}],"twitter_card":"summary_large_image","twitter_misc":{"Gesch\u00e4tzte Lesezeit":"1\u00a0Minute"},"schema":{"@context":"https:\/\/schema.org","@graph":[{"@type":["WebPage","ItemPage"],"@id":"https:\/\/www.purejewels.com\/product\/cut-edge-christian-bauer-diamond-wedding-ring-0241180\/","url":"https:\/\/www.purejewels.com\/product\/cut-edge-christian-bauer-diamond-wedding-ring-0241180\/","name":"Schliff Christian Bauer Diamant Ehering - PureJewels","isPartOf":{"@id":"https:\/\/www.purejewels.com\/#website"},"primaryImageOfPage":{"@id":"https:\/\/www.purejewels.com\/product\/cut-edge-christian-bauer-diamond-wedding-ring-0241180\/#primaryimage"},"image":{"@id":"https:\/\/www.purejewels.com\/product\/cut-edge-christian-bauer-diamond-wedding-ring-0241180\/#primaryimage"},"thumbnailUrl":"https:\/\/static.purejewels.com\/wp-content\/uploads\/2017\/07\/0241180_xl-2.jpg","datePublished":"2017-07-19T12:23:48+00:00","dateModified":"2020-12-21T17:55:20+00:00","breadcrumb":{"@id":"https:\/\/www.purejewels.com\/product\/cut-edge-christian-bauer-diamond-wedding-ring-0241180\/#breadcrumb"},"inLanguage":"de","potentialAction":[{"@type":"ReadAction","target":["https:\/\/www.purejewels.com\/product\/cut-edge-christian-bauer-diamond-wedding-ring-0241180\/"]}]},{"@type":"ImageObject","inLanguage":"de","@id":"https:\/\/www.purejewels.com\/product\/cut-edge-christian-bauer-diamond-wedding-ring-0241180\/#primaryimage","url":"https:\/\/static.purejewels.com\/wp-content\/uploads\/2017\/07\/0241180_xl-2.jpg","contentUrl":"https:\/\/static.purejewels.com\/wp-content\/uploads\/2017\/07\/0241180_xl-2.jpg","width":960,"height":960,"caption":"0241180_xl.jpg"},{"@type":"BreadcrumbList","@id":"https:\/\/www.purejewels.com\/product\/cut-edge-christian-bauer-diamond-wedding-ring-0241180\/#breadcrumb","itemListElement":[{"@type":"ListItem","position":1,"name":"Home","item":"https:\/\/www.purejewels.com\/"},{"@type":"ListItem","position":2,"name":"Shop","item":"https:\/\/www.purejewels.com\/shop\/"},{"@type":"ListItem","position":3,"name":"Cut Edge Christian Bauer Diamond Wedding Band Ring"}]},{"@type":"WebSite","@id":"https:\/\/www.purejewels.com\/#website","url":"https:\/\/www.purejewels.com\/","name":"PureJewels UK","description":"Teile die Liebe","publisher":{"@id":"https:\/\/www.purejewels.com\/#organization"},"potentialAction":[{"@type":"SearchAction","target":{"@type":"EntryPoint","urlTemplate":"https:\/\/www.purejewels.com\/?s={search_term_string}"},"query-input":{"@type":"PropertyValueSpecification","valueRequired":true,"valueName":"search_term_string"}}],"inLanguage":"de"},{"@type":"Organization","@id":"https:\/\/www.purejewels.com\/#organization","name":"PureJewels UK","url":"https:\/\/www.purejewels.com\/","logo":{"@type":"ImageObject","inLanguage":"de","@id":"https:\/\/www.purejewels.com\/#\/schema\/logo\/image\/","url":"https:\/\/static.purejewels.com\/wp-content\/uploads\/2020\/11\/Logo-PJ-New-1.png","contentUrl":"https:\/\/static.purejewels.com\/wp-content\/uploads\/2020\/11\/Logo-PJ-New-1.png","width":150,"height":80,"caption":"PureJewels UK"},"image":{"@id":"https:\/\/www.purejewels.com\/#\/schema\/logo\/image\/"}}]}},"_links":{"self":[{"href":"https:\/\/www.purejewels.com\/de\/wp-json\/wp\/v2\/product\/4042","targetHints":{"allow":["GET"]}}],"collection":[{"href":"https:\/\/www.purejewels.com\/de\/wp-json\/wp\/v2\/product"}],"about":[{"href":"https:\/\/www.purejewels.com\/de\/wp-json\/wp\/v2\/types\/product"}],"replies":[{"embeddable":true,"href":"https:\/\/www.purejewels.com\/de\/wp-json\/wp\/v2\/comments?post=4042"}],"version-history":[{"count":0,"href":"https:\/\/www.purejewels.com\/de\/wp-json\/wp\/v2\/product\/4042\/revisions"}],"wp:featuredmedia":[{"embeddable":true,"href":"https:\/\/www.purejewels.com\/de\/wp-json\/wp\/v2\/media\/4043"}],"wp:attachment":[{"href":"https:\/\/www.purejewels.com\/de\/wp-json\/wp\/v2\/media?parent=4042"}],"wp:term":[{"taxonomy":"product_brand","embeddable":true,"href":"https:\/\/www.purejewels.com\/de\/wp-json\/wp\/v2\/product_brand?post=4042"},{"taxonomy":"product_cat","embeddable":true,"href":"https:\/\/www.purejewels.com\/de\/wp-json\/wp\/v2\/product_cat?post=4042"},{"taxonomy":"product_tag","embeddable":true,"href":"https:\/\/www.purejewels.com\/de\/wp-json\/wp\/v2\/product_tag?post=4042"}],"curies":[{"name":"wp","href":"https:\/\/api.w.org\/{rel}","templated":true}]}}