{"id":404253,"date":"2025-07-01T07:40:07","date_gmt":"2025-07-01T06:40:07","guid":{"rendered":"https:\/\/www.purejewels.com\/?post_type=product&#038;p=404253"},"modified":"2026-01-06T10:16:00","modified_gmt":"2026-01-06T10:16:00","slug":"22ct-zweifarbiges-goldarmband-48427","status":"publish","type":"product","link":"https:\/\/www.purejewels.com\/de\/product\/22ct-dual-tone-gold-bracelet-48427\/","title":{"rendered":"22 Karat zweifarbiges Goldarmband"},"content":{"rendered":"<p data-start=\"870\" data-end=\"1164\">Die <strong data-start=\"874\" data-end=\"893\">Celeste Harmonie<\/strong> Armband ist ein strahlendes Beispiel f\u00fcr PureJewels' Verschmelzung von modernem Design mit traditioneller Kunstfertigkeit. Fachm\u00e4nnisch aus 22-kar\u00e4tigem Gelbgold gefertigt und mit wei\u00dfem Rhodium akzentuiert, weist jedes Element unverwechselbare Muster auf - florale \u00c4tzungen, diamantgeschliffene Texturen und komplizierte Perlenarbeiten.<\/p>\n<p data-start=\"1166\" data-end=\"1408\">Mit einem Gewicht von 8,1 Gramm und einer L\u00e4nge von 7 Zoll bietet dieses Armband ein luxuri\u00f6ses und dennoch leichtes Tragegef\u00fchl. Das Zusammenspiel von glatten und matten Oberfl\u00e4chen unterstreicht seine Vielseitigkeit - elegant genug f\u00fcr besondere Anl\u00e4sse, dezent genug f\u00fcr den allt\u00e4glichen Glamour.<\/p>","protected":false},"excerpt":{"rendered":"<p>Ein exquisites Armband aus 22-kar\u00e4tigem Gelbgold mit Wei\u00dfrhodium-Akzenten, gefertigt in einem modernen, motivreichen Design. Mit einem Gewicht von 8,1 g und einer L\u00e4nge von 7 Zoll ist es eine perfekte Mischung aus Anmut und Glamour.<\/p>\n<p><strong>Material:<\/strong>\u00a022ct Gold<strong><br \/>\nWahrzeichen:\u00a0<\/strong>Britisches G\u00fctesiegel<strong><br \/>\n<\/strong><strong>Bruttogewicht: <\/strong>8.10 Gms<br \/>\n<strong>L\u00e4nge:<\/strong> 7 Zoll<br \/>\n<strong>SKU:<\/strong> 48427<\/p>\n<p><strong>Preis und Lieferung<\/strong>: Inklusive Mehrwertsteuer und Lieferkosten<br \/>\n<a href=\"https:\/\/www.purejewels.com\/de\/ruckgabepolitik\/\">R\u00fcckgabepolitik<\/a><\/p>","protected":false},"featured_media":404254,"comment_status":"closed","ping_status":"closed","template":"","meta":{"_eb_attr":"","_crsspst_to_jayantr4sg-hostcom":true},"product_brand":[],"product_cat":[1791,5441,1793,5701,6059,1324,1229,1573,1574,5349],"product_tag":[1546],"class_list":{"0":"post-404253","1":"product","2":"type-product","3":"status-publish","4":"has-post-thumbnail","6":"product_cat-anniversary-gifts","7":"product_cat-gold-bead-bracelets","8":"product_cat-diwali-gifts","9":"product_cat-eid-jewellery","10":"product_cat-fancy-bracelet","11":"product_cat-gold-bracelet","12":"product_cat-22ct-gold-jewellery","13":"product_cat-wedding-gifts","14":"product_cat-womens-jewellery","15":"product_cat-yellow-gold-jewellery","16":"product_tag-children","18":"first","19":"outofstock","20":"taxable","21":"shipping-taxable","22":"product-type-simple","23":"add-to-wishlist-before_image"},"yoast_head":"<!-- This site is optimized with the Yoast SEO plugin v27.3 - https:\/\/yoast.com\/product\/yoast-seo-wordpress\/ -->\n<title>22ct Dual-Tone Gold Ladies Bracelet | 8.1g, 7 Inch | PureJewels UK<\/title>\n<meta name=\"description\" content=\"Shop the 22ct dual-tone gold bracelet for women. 8.1g of intricate detailing in a 7-inch design, ideal for elegant occasions. PureJewels craftsmanship.\" \/>\n<meta name=\"robots\" content=\"index, follow, max-snippet:-1, max-image-preview:large, max-video-preview:-1\" \/>\n<link rel=\"canonical\" href=\"https:\/\/www.purejewels.com\/de\/produkt-2\/22ct-zweifarbiges-goldarmband-48427\/\" \/>\n<meta property=\"og:locale\" content=\"de_DE\" \/>\n<meta property=\"og:type\" content=\"article\" \/>\n<meta property=\"og:title\" content=\"22ct Dual-Tone Gold Ladies Bracelet | 8.1g, 7 Inch | PureJewels UK\" \/>\n<meta property=\"og:description\" content=\"Shop the 22ct dual-tone gold bracelet for women. 8.1g of intricate detailing in a 7-inch design, ideal for elegant occasions. PureJewels craftsmanship.\" \/>\n<meta property=\"og:url\" content=\"https:\/\/www.purejewels.com\/de\/produkt-2\/22ct-zweifarbiges-goldarmband-48427\/\" \/>\n<meta property=\"og:site_name\" content=\"PureJewels UK\" \/>\n<meta property=\"article:modified_time\" content=\"2026-01-06T10:16:00+00:00\" \/>\n<meta property=\"og:image\" content=\"https:\/\/www.purejewels.com\/wp-content\/uploads\/2025\/07\/SKU-48427.jpg\" \/>\n\t<meta property=\"og:image:width\" content=\"1000\" \/>\n\t<meta property=\"og:image:height\" content=\"1000\" \/>\n\t<meta property=\"og:image:type\" content=\"image\/jpeg\" \/>\n<meta name=\"twitter:card\" content=\"summary_large_image\" \/>\n<script type=\"application\/ld+json\" class=\"yoast-schema-graph\">{\"@context\":\"https:\\\/\\\/schema.org\",\"@graph\":[{\"@type\":[\"WebPage\",\"ItemPage\"],\"@id\":\"https:\\\/\\\/www.purejewels.com\\\/product\\\/22ct-dual-tone-gold-bracelet-48427\\\/\",\"url\":\"https:\\\/\\\/www.purejewels.com\\\/product\\\/22ct-dual-tone-gold-bracelet-48427\\\/\",\"name\":\"22ct Dual-Tone Gold Ladies Bracelet | 8.1g, 7 Inch | PureJewels UK\",\"isPartOf\":{\"@id\":\"https:\\\/\\\/www.purejewels.com\\\/#website\"},\"primaryImageOfPage\":{\"@id\":\"https:\\\/\\\/www.purejewels.com\\\/product\\\/22ct-dual-tone-gold-bracelet-48427\\\/#primaryimage\"},\"image\":{\"@id\":\"https:\\\/\\\/www.purejewels.com\\\/product\\\/22ct-dual-tone-gold-bracelet-48427\\\/#primaryimage\"},\"thumbnailUrl\":\"https:\\\/\\\/static.purejewels.com\\\/wp-content\\\/uploads\\\/2025\\\/07\\\/SKU-48427.jpg\",\"datePublished\":\"2025-07-01T06:40:07+00:00\",\"dateModified\":\"2026-01-06T10:16:00+00:00\",\"description\":\"Shop the 22ct dual-tone gold bracelet for women. 8.1g of intricate detailing in a 7-inch design, ideal for elegant occasions. PureJewels craftsmanship.\",\"breadcrumb\":{\"@id\":\"https:\\\/\\\/www.purejewels.com\\\/product\\\/22ct-dual-tone-gold-bracelet-48427\\\/#breadcrumb\"},\"inLanguage\":\"de\",\"potentialAction\":[{\"@type\":\"ReadAction\",\"target\":[\"https:\\\/\\\/www.purejewels.com\\\/product\\\/22ct-dual-tone-gold-bracelet-48427\\\/\"]}]},{\"@type\":\"ImageObject\",\"inLanguage\":\"de\",\"@id\":\"https:\\\/\\\/www.purejewels.com\\\/product\\\/22ct-dual-tone-gold-bracelet-48427\\\/#primaryimage\",\"url\":\"https:\\\/\\\/static.purejewels.com\\\/wp-content\\\/uploads\\\/2025\\\/07\\\/SKU-48427.jpg\",\"contentUrl\":\"https:\\\/\\\/static.purejewels.com\\\/wp-content\\\/uploads\\\/2025\\\/07\\\/SKU-48427.jpg\",\"width\":1000,\"height\":1000,\"caption\":\"48427\"},{\"@type\":\"BreadcrumbList\",\"@id\":\"https:\\\/\\\/www.purejewels.com\\\/product\\\/22ct-dual-tone-gold-bracelet-48427\\\/#breadcrumb\",\"itemListElement\":[{\"@type\":\"ListItem\",\"position\":1,\"name\":\"Home\",\"item\":\"https:\\\/\\\/www.purejewels.com\\\/\"},{\"@type\":\"ListItem\",\"position\":2,\"name\":\"Shop\",\"item\":\"https:\\\/\\\/www.purejewels.com\\\/shop\\\/\"},{\"@type\":\"ListItem\",\"position\":3,\"name\":\"22ct Dual-Tone Gold Bracelet\"}]},{\"@type\":\"WebSite\",\"@id\":\"https:\\\/\\\/www.purejewels.com\\\/#website\",\"url\":\"https:\\\/\\\/www.purejewels.com\\\/\",\"name\":\"PureJewels UK\",\"description\":\"Share the Love\",\"publisher\":{\"@id\":\"https:\\\/\\\/www.purejewels.com\\\/#organization\"},\"potentialAction\":[{\"@type\":\"SearchAction\",\"target\":{\"@type\":\"EntryPoint\",\"urlTemplate\":\"https:\\\/\\\/www.purejewels.com\\\/?s={search_term_string}\"},\"query-input\":{\"@type\":\"PropertyValueSpecification\",\"valueRequired\":true,\"valueName\":\"search_term_string\"}}],\"inLanguage\":\"de\"},{\"@type\":\"Organization\",\"@id\":\"https:\\\/\\\/www.purejewels.com\\\/#organization\",\"name\":\"PureJewels UK\",\"url\":\"https:\\\/\\\/www.purejewels.com\\\/\",\"logo\":{\"@type\":\"ImageObject\",\"inLanguage\":\"de\",\"@id\":\"https:\\\/\\\/www.purejewels.com\\\/#\\\/schema\\\/logo\\\/image\\\/\",\"url\":\"https:\\\/\\\/static.purejewels.com\\\/wp-content\\\/uploads\\\/2020\\\/11\\\/Logo-PJ-New-1.png\",\"contentUrl\":\"https:\\\/\\\/static.purejewels.com\\\/wp-content\\\/uploads\\\/2020\\\/11\\\/Logo-PJ-New-1.png\",\"width\":150,\"height\":80,\"caption\":\"PureJewels UK\"},\"image\":{\"@id\":\"https:\\\/\\\/www.purejewels.com\\\/#\\\/schema\\\/logo\\\/image\\\/\"}}]}<\/script>\n<!-- \/ Yoast SEO plugin. -->","yoast_head_json":{"title":"22ct Dual-Tone Gold Damenarmband | 8,1g, 7 Zoll | PureJewels UK","description":"Shoppen Sie das zweifarbige 22-Karat-Goldarmband f\u00fcr Damen. 8,1 g komplizierte Details in einem 7-Zoll-Design, ideal f\u00fcr elegante Anl\u00e4sse. PureJewels Handwerkskunst.","robots":{"index":"index","follow":"follow","max-snippet":"max-snippet:-1","max-image-preview":"max-image-preview:large","max-video-preview":"max-video-preview:-1"},"canonical":"https:\/\/www.purejewels.com\/de\/produkt-2\/22ct-zweifarbiges-goldarmband-48427\/","og_locale":"de_DE","og_type":"article","og_title":"22ct Dual-Tone Gold Ladies Bracelet | 8.1g, 7 Inch | PureJewels UK","og_description":"Shop the 22ct dual-tone gold bracelet for women. 8.1g of intricate detailing in a 7-inch design, ideal for elegant occasions. PureJewels craftsmanship.","og_url":"https:\/\/www.purejewels.com\/de\/produkt-2\/22ct-zweifarbiges-goldarmband-48427\/","og_site_name":"PureJewels UK","article_modified_time":"2026-01-06T10:16:00+00:00","og_image":[{"width":1000,"height":1000,"url":"https:\/\/www.purejewels.com\/wp-content\/uploads\/2025\/07\/SKU-48427.jpg","type":"image\/jpeg"}],"twitter_card":"summary_large_image","schema":{"@context":"https:\/\/schema.org","@graph":[{"@type":["WebPage","ItemPage"],"@id":"https:\/\/www.purejewels.com\/product\/22ct-dual-tone-gold-bracelet-48427\/","url":"https:\/\/www.purejewels.com\/product\/22ct-dual-tone-gold-bracelet-48427\/","name":"22ct Dual-Tone Gold Damenarmband | 8,1g, 7 Zoll | PureJewels UK","isPartOf":{"@id":"https:\/\/www.purejewels.com\/#website"},"primaryImageOfPage":{"@id":"https:\/\/www.purejewels.com\/product\/22ct-dual-tone-gold-bracelet-48427\/#primaryimage"},"image":{"@id":"https:\/\/www.purejewels.com\/product\/22ct-dual-tone-gold-bracelet-48427\/#primaryimage"},"thumbnailUrl":"https:\/\/static.purejewels.com\/wp-content\/uploads\/2025\/07\/SKU-48427.jpg","datePublished":"2025-07-01T06:40:07+00:00","dateModified":"2026-01-06T10:16:00+00:00","description":"Shoppen Sie das zweifarbige 22-Karat-Goldarmband f\u00fcr Damen. 8,1 g komplizierte Details in einem 7-Zoll-Design, ideal f\u00fcr elegante Anl\u00e4sse. PureJewels Handwerkskunst.","breadcrumb":{"@id":"https:\/\/www.purejewels.com\/product\/22ct-dual-tone-gold-bracelet-48427\/#breadcrumb"},"inLanguage":"de","potentialAction":[{"@type":"ReadAction","target":["https:\/\/www.purejewels.com\/product\/22ct-dual-tone-gold-bracelet-48427\/"]}]},{"@type":"ImageObject","inLanguage":"de","@id":"https:\/\/www.purejewels.com\/product\/22ct-dual-tone-gold-bracelet-48427\/#primaryimage","url":"https:\/\/static.purejewels.com\/wp-content\/uploads\/2025\/07\/SKU-48427.jpg","contentUrl":"https:\/\/static.purejewels.com\/wp-content\/uploads\/2025\/07\/SKU-48427.jpg","width":1000,"height":1000,"caption":"48427"},{"@type":"BreadcrumbList","@id":"https:\/\/www.purejewels.com\/product\/22ct-dual-tone-gold-bracelet-48427\/#breadcrumb","itemListElement":[{"@type":"ListItem","position":1,"name":"Home","item":"https:\/\/www.purejewels.com\/"},{"@type":"ListItem","position":2,"name":"Shop","item":"https:\/\/www.purejewels.com\/shop\/"},{"@type":"ListItem","position":3,"name":"22ct Dual-Tone Gold Bracelet"}]},{"@type":"WebSite","@id":"https:\/\/www.purejewels.com\/#website","url":"https:\/\/www.purejewels.com\/","name":"PureJewels UK","description":"Teile die Liebe","publisher":{"@id":"https:\/\/www.purejewels.com\/#organization"},"potentialAction":[{"@type":"SearchAction","target":{"@type":"EntryPoint","urlTemplate":"https:\/\/www.purejewels.com\/?s={search_term_string}"},"query-input":{"@type":"PropertyValueSpecification","valueRequired":true,"valueName":"search_term_string"}}],"inLanguage":"de"},{"@type":"Organization","@id":"https:\/\/www.purejewels.com\/#organization","name":"PureJewels UK","url":"https:\/\/www.purejewels.com\/","logo":{"@type":"ImageObject","inLanguage":"de","@id":"https:\/\/www.purejewels.com\/#\/schema\/logo\/image\/","url":"https:\/\/static.purejewels.com\/wp-content\/uploads\/2020\/11\/Logo-PJ-New-1.png","contentUrl":"https:\/\/static.purejewels.com\/wp-content\/uploads\/2020\/11\/Logo-PJ-New-1.png","width":150,"height":80,"caption":"PureJewels UK"},"image":{"@id":"https:\/\/www.purejewels.com\/#\/schema\/logo\/image\/"}}]}},"_links":{"self":[{"href":"https:\/\/www.purejewels.com\/de\/wp-json\/wp\/v2\/product\/404253","targetHints":{"allow":["GET"]}}],"collection":[{"href":"https:\/\/www.purejewels.com\/de\/wp-json\/wp\/v2\/product"}],"about":[{"href":"https:\/\/www.purejewels.com\/de\/wp-json\/wp\/v2\/types\/product"}],"replies":[{"embeddable":true,"href":"https:\/\/www.purejewels.com\/de\/wp-json\/wp\/v2\/comments?post=404253"}],"version-history":[{"count":1,"href":"https:\/\/www.purejewels.com\/de\/wp-json\/wp\/v2\/product\/404253\/revisions"}],"predecessor-version":[{"id":404255,"href":"https:\/\/www.purejewels.com\/de\/wp-json\/wp\/v2\/product\/404253\/revisions\/404255"}],"wp:featuredmedia":[{"embeddable":true,"href":"https:\/\/www.purejewels.com\/de\/wp-json\/wp\/v2\/media\/404254"}],"wp:attachment":[{"href":"https:\/\/www.purejewels.com\/de\/wp-json\/wp\/v2\/media?parent=404253"}],"wp:term":[{"taxonomy":"product_brand","embeddable":true,"href":"https:\/\/www.purejewels.com\/de\/wp-json\/wp\/v2\/product_brand?post=404253"},{"taxonomy":"product_cat","embeddable":true,"href":"https:\/\/www.purejewels.com\/de\/wp-json\/wp\/v2\/product_cat?post=404253"},{"taxonomy":"product_tag","embeddable":true,"href":"https:\/\/www.purejewels.com\/de\/wp-json\/wp\/v2\/product_tag?post=404253"}],"curies":[{"name":"wp","href":"https:\/\/api.w.org\/{rel}","templated":true}]}}