{"id":404262,"date":"2025-07-11T08:05:49","date_gmt":"2025-07-11T07:05:49","guid":{"rendered":"https:\/\/www.purejewels.com\/?post_type=product&#038;p=404262"},"modified":"2026-01-06T05:08:56","modified_gmt":"2026-01-06T05:08:56","slug":"goldfarbene-strukturierte-reif-ohrringe-51550","status":"publish","type":"product","link":"https:\/\/www.purejewels.com\/de\/product\/gold-textured-hoop-earrings-51550\/","title":{"rendered":"Strukturierte goldene Creolen"},"content":{"rendered":"<p>Erh\u00f6hen Sie Ihre t\u00e4gliche Eleganz mit unserem <strong data-start=\"877\" data-end=\"913\">22ct Gold Strukturierte Ohrringe<\/strong>Ein zeitloses Paar, das f\u00fcr m\u00fchelose Eleganz steht. Die 3,7 Gramm schweren Reifchen haben eine sanft gew\u00f6lbte Form mit einem komplizierten Diamantschliffmuster, das das Licht in jedem Winkel wundersch\u00f6n einf\u00e4ngt.<\/p>\n<p>Sie sind aus strahlendem 22-kar\u00e4tigem Gelbgold gefertigt und bieten mit ihrem sicheren Scharnierverschluss ganzt\u00e4gigen Tragekomfort. Die k\u00fchne Textur verleiht ihnen einen subtilen Glanz, ohne sie zu \u00fcberw\u00e4ltigen, und macht sie damit ideal f\u00fcr moderne Minimalisten und Liebhaber traditionellen Schmucks.<\/p>","protected":false},"excerpt":{"rendered":"<p>Diese strukturierten Creolen aus 22 Karat Gelbgold sind mit einem brillanten Diamantschliff versehen. Mit einem Gewicht von 3,7 g bieten sie allt\u00e4glichen Glamour mit einer raffinierten Note.<\/p>\n<p><strong>Material:<\/strong> 22ct Gold<strong><br \/>\nWahrzeichen:\u00a0<\/strong>Britisches G\u00fctesiegel<strong><br \/>\n<\/strong><strong>Bruttogewicht: <\/strong>3,70 Gramm<br \/>\n<strong>SKU:<\/strong> 51550<\/p>\n<p><strong>Preis und Lieferung<\/strong>: Inklusive Mehrwertsteuer und Lieferkosten<br \/>\n<a href=\"https:\/\/www.purejewels.com\/de\/ruckgabepolitik\/\">R\u00fcckgabepolitik<\/a><\/p>","protected":false},"featured_media":404263,"comment_status":"closed","ping_status":"closed","template":"","meta":{"_eb_attr":"","_crsspst_to_jayantr4sg-hostcom":true},"product_brand":[],"product_cat":[1791,1559,1793,1790,1254,1579,5344,1570,5338,5608,1574,5349],"product_tag":[1430],"class_list":{"0":"post-404262","1":"product","2":"type-product","3":"status-publish","4":"has-post-thumbnail","6":"product_cat-anniversary-gifts","7":"product_cat-birthday-gifts","8":"product_cat-diwali-gifts","9":"product_cat-for-whom-when","10":"product_cat-gold-earrings","11":"product_cat-hoop-earrings","12":"product_cat-jewellery-under-750","13":"product_cat-mothers-day-gifts","14":"product_cat-shop-by-price","15":"product_cat-simple-hoops","16":"product_cat-womens-jewellery","17":"product_cat-yellow-gold-jewellery","18":"product_tag-diwali-gift","20":"first","21":"outofstock","22":"taxable","23":"shipping-taxable","24":"product-type-simple","25":"add-to-wishlist-before_image"},"yoast_head":"<!-- This site is optimized with the Yoast SEO plugin v27.5 - https:\/\/yoast.com\/product\/yoast-seo-wordpress\/ -->\n<title>22ct Gold Hoop Earrings | Textured Lightweight Design UK<\/title>\n<meta name=\"description\" content=\"Shop 22ct gold textured hoop earrings, 3.7g. A timeless and lightweight design with a polished diamond-cut finish. Perfect everyday elegance from PureJewels.\" \/>\n<meta name=\"robots\" content=\"index, follow, max-snippet:-1, max-image-preview:large, max-video-preview:-1\" \/>\n<link rel=\"canonical\" href=\"https:\/\/www.purejewels.com\/de\/produkt-2\/goldfarbene-strukturierte-reif-ohrringe-51550\/\" \/>\n<meta property=\"og:locale\" content=\"de_DE\" \/>\n<meta property=\"og:type\" content=\"article\" \/>\n<meta property=\"og:title\" content=\"22ct Gold Hoop Earrings | Textured Lightweight Design UK\" \/>\n<meta property=\"og:description\" content=\"Shop 22ct gold textured hoop earrings, 3.7g. A timeless and lightweight design with a polished diamond-cut finish. Perfect everyday elegance from PureJewels.\" \/>\n<meta property=\"og:url\" content=\"https:\/\/www.purejewels.com\/de\/produkt-2\/goldfarbene-strukturierte-reif-ohrringe-51550\/\" \/>\n<meta property=\"og:site_name\" content=\"PureJewels UK\" \/>\n<meta property=\"article:modified_time\" content=\"2026-01-06T05:08:56+00:00\" \/>\n<meta property=\"og:image\" content=\"https:\/\/www.purejewels.com\/wp-content\/uploads\/2025\/07\/SKU-51550.1.jpg\" \/>\n\t<meta property=\"og:image:width\" content=\"1000\" \/>\n\t<meta property=\"og:image:height\" content=\"1000\" \/>\n\t<meta property=\"og:image:type\" content=\"image\/jpeg\" \/>\n<meta name=\"twitter:card\" content=\"summary_large_image\" \/>\n<meta name=\"twitter:label1\" content=\"Gesch\u00e4tzte Lesezeit\" \/>\n\t<meta name=\"twitter:data1\" content=\"1\u00a0Minute\" \/>\n<script type=\"application\/ld+json\" class=\"yoast-schema-graph\">{\"@context\":\"https:\\\/\\\/schema.org\",\"@graph\":[{\"@type\":[\"WebPage\",\"ItemPage\"],\"@id\":\"https:\\\/\\\/www.purejewels.com\\\/product\\\/gold-textured-hoop-earrings-51550\\\/\",\"url\":\"https:\\\/\\\/www.purejewels.com\\\/product\\\/gold-textured-hoop-earrings-51550\\\/\",\"name\":\"22ct Gold Hoop Earrings | Textured Lightweight Design UK\",\"isPartOf\":{\"@id\":\"https:\\\/\\\/www.purejewels.com\\\/#website\"},\"primaryImageOfPage\":{\"@id\":\"https:\\\/\\\/www.purejewels.com\\\/product\\\/gold-textured-hoop-earrings-51550\\\/#primaryimage\"},\"image\":{\"@id\":\"https:\\\/\\\/www.purejewels.com\\\/product\\\/gold-textured-hoop-earrings-51550\\\/#primaryimage\"},\"thumbnailUrl\":\"https:\\\/\\\/static.purejewels.com\\\/wp-content\\\/uploads\\\/2025\\\/07\\\/SKU-51550.1.jpg\",\"datePublished\":\"2025-07-11T07:05:49+00:00\",\"dateModified\":\"2026-01-06T05:08:56+00:00\",\"description\":\"Shop 22ct gold textured hoop earrings, 3.7g. A timeless and lightweight design with a polished diamond-cut finish. Perfect everyday elegance from PureJewels.\",\"breadcrumb\":{\"@id\":\"https:\\\/\\\/www.purejewels.com\\\/product\\\/gold-textured-hoop-earrings-51550\\\/#breadcrumb\"},\"inLanguage\":\"de\",\"potentialAction\":[{\"@type\":\"ReadAction\",\"target\":[\"https:\\\/\\\/www.purejewels.com\\\/product\\\/gold-textured-hoop-earrings-51550\\\/\"]}]},{\"@type\":\"ImageObject\",\"inLanguage\":\"de\",\"@id\":\"https:\\\/\\\/www.purejewels.com\\\/product\\\/gold-textured-hoop-earrings-51550\\\/#primaryimage\",\"url\":\"https:\\\/\\\/static.purejewels.com\\\/wp-content\\\/uploads\\\/2025\\\/07\\\/SKU-51550.1.jpg\",\"contentUrl\":\"https:\\\/\\\/static.purejewels.com\\\/wp-content\\\/uploads\\\/2025\\\/07\\\/SKU-51550.1.jpg\",\"width\":1000,\"height\":1000,\"caption\":\"51550\"},{\"@type\":\"BreadcrumbList\",\"@id\":\"https:\\\/\\\/www.purejewels.com\\\/product\\\/gold-textured-hoop-earrings-51550\\\/#breadcrumb\",\"itemListElement\":[{\"@type\":\"ListItem\",\"position\":1,\"name\":\"Home\",\"item\":\"https:\\\/\\\/www.purejewels.com\\\/\"},{\"@type\":\"ListItem\",\"position\":2,\"name\":\"Shop\",\"item\":\"https:\\\/\\\/www.purejewels.com\\\/shop\\\/\"},{\"@type\":\"ListItem\",\"position\":3,\"name\":\"Gold Textured Hoop Earrings\"}]},{\"@type\":\"WebSite\",\"@id\":\"https:\\\/\\\/www.purejewels.com\\\/#website\",\"url\":\"https:\\\/\\\/www.purejewels.com\\\/\",\"name\":\"PureJewels UK\",\"description\":\"Share the Love\",\"publisher\":{\"@id\":\"https:\\\/\\\/www.purejewels.com\\\/#organization\"},\"potentialAction\":[{\"@type\":\"SearchAction\",\"target\":{\"@type\":\"EntryPoint\",\"urlTemplate\":\"https:\\\/\\\/www.purejewels.com\\\/?s={search_term_string}\"},\"query-input\":{\"@type\":\"PropertyValueSpecification\",\"valueRequired\":true,\"valueName\":\"search_term_string\"}}],\"inLanguage\":\"de\"},{\"@type\":\"Organization\",\"@id\":\"https:\\\/\\\/www.purejewels.com\\\/#organization\",\"name\":\"PureJewels UK\",\"url\":\"https:\\\/\\\/www.purejewels.com\\\/\",\"logo\":{\"@type\":\"ImageObject\",\"inLanguage\":\"de\",\"@id\":\"https:\\\/\\\/www.purejewels.com\\\/#\\\/schema\\\/logo\\\/image\\\/\",\"url\":\"https:\\\/\\\/static.purejewels.com\\\/wp-content\\\/uploads\\\/2020\\\/11\\\/Logo-PJ-New-1.png\",\"contentUrl\":\"https:\\\/\\\/static.purejewels.com\\\/wp-content\\\/uploads\\\/2020\\\/11\\\/Logo-PJ-New-1.png\",\"width\":150,\"height\":80,\"caption\":\"PureJewels UK\"},\"image\":{\"@id\":\"https:\\\/\\\/www.purejewels.com\\\/#\\\/schema\\\/logo\\\/image\\\/\"}}]}<\/script>\n<!-- \/ Yoast SEO plugin. -->","yoast_head_json":{"title":"22ct Gold Hoop Earrings | Textured Lightweight Design UK","description":"Shop 22ct gold textured hoop earrings, 3.7g. Ein zeitloses und leichtes Design mit einem polierten Diamantschliff. Perfekte Alltags-Eleganz von PureJewels.","robots":{"index":"index","follow":"follow","max-snippet":"max-snippet:-1","max-image-preview":"max-image-preview:large","max-video-preview":"max-video-preview:-1"},"canonical":"https:\/\/www.purejewels.com\/de\/produkt-2\/goldfarbene-strukturierte-reif-ohrringe-51550\/","og_locale":"de_DE","og_type":"article","og_title":"22ct Gold Hoop Earrings | Textured Lightweight Design UK","og_description":"Shop 22ct gold textured hoop earrings, 3.7g. A timeless and lightweight design with a polished diamond-cut finish. Perfect everyday elegance from PureJewels.","og_url":"https:\/\/www.purejewels.com\/de\/produkt-2\/goldfarbene-strukturierte-reif-ohrringe-51550\/","og_site_name":"PureJewels UK","article_modified_time":"2026-01-06T05:08:56+00:00","og_image":[{"width":1000,"height":1000,"url":"https:\/\/www.purejewels.com\/wp-content\/uploads\/2025\/07\/SKU-51550.1.jpg","type":"image\/jpeg"}],"twitter_card":"summary_large_image","twitter_misc":{"Gesch\u00e4tzte Lesezeit":"1\u00a0Minute"},"schema":{"@context":"https:\/\/schema.org","@graph":[{"@type":["WebPage","ItemPage"],"@id":"https:\/\/www.purejewels.com\/product\/gold-textured-hoop-earrings-51550\/","url":"https:\/\/www.purejewels.com\/product\/gold-textured-hoop-earrings-51550\/","name":"22ct Gold Hoop Earrings | Textured Lightweight Design UK","isPartOf":{"@id":"https:\/\/www.purejewels.com\/#website"},"primaryImageOfPage":{"@id":"https:\/\/www.purejewels.com\/product\/gold-textured-hoop-earrings-51550\/#primaryimage"},"image":{"@id":"https:\/\/www.purejewels.com\/product\/gold-textured-hoop-earrings-51550\/#primaryimage"},"thumbnailUrl":"https:\/\/static.purejewels.com\/wp-content\/uploads\/2025\/07\/SKU-51550.1.jpg","datePublished":"2025-07-11T07:05:49+00:00","dateModified":"2026-01-06T05:08:56+00:00","description":"Shop 22ct gold textured hoop earrings, 3.7g. Ein zeitloses und leichtes Design mit einem polierten Diamantschliff. Perfekte Alltags-Eleganz von PureJewels.","breadcrumb":{"@id":"https:\/\/www.purejewels.com\/product\/gold-textured-hoop-earrings-51550\/#breadcrumb"},"inLanguage":"de","potentialAction":[{"@type":"ReadAction","target":["https:\/\/www.purejewels.com\/product\/gold-textured-hoop-earrings-51550\/"]}]},{"@type":"ImageObject","inLanguage":"de","@id":"https:\/\/www.purejewels.com\/product\/gold-textured-hoop-earrings-51550\/#primaryimage","url":"https:\/\/static.purejewels.com\/wp-content\/uploads\/2025\/07\/SKU-51550.1.jpg","contentUrl":"https:\/\/static.purejewels.com\/wp-content\/uploads\/2025\/07\/SKU-51550.1.jpg","width":1000,"height":1000,"caption":"51550"},{"@type":"BreadcrumbList","@id":"https:\/\/www.purejewels.com\/product\/gold-textured-hoop-earrings-51550\/#breadcrumb","itemListElement":[{"@type":"ListItem","position":1,"name":"Home","item":"https:\/\/www.purejewels.com\/"},{"@type":"ListItem","position":2,"name":"Shop","item":"https:\/\/www.purejewels.com\/shop\/"},{"@type":"ListItem","position":3,"name":"Gold Textured Hoop Earrings"}]},{"@type":"WebSite","@id":"https:\/\/www.purejewels.com\/#website","url":"https:\/\/www.purejewels.com\/","name":"PureJewels UK","description":"Teile die Liebe","publisher":{"@id":"https:\/\/www.purejewels.com\/#organization"},"potentialAction":[{"@type":"SearchAction","target":{"@type":"EntryPoint","urlTemplate":"https:\/\/www.purejewels.com\/?s={search_term_string}"},"query-input":{"@type":"PropertyValueSpecification","valueRequired":true,"valueName":"search_term_string"}}],"inLanguage":"de"},{"@type":"Organization","@id":"https:\/\/www.purejewels.com\/#organization","name":"PureJewels UK","url":"https:\/\/www.purejewels.com\/","logo":{"@type":"ImageObject","inLanguage":"de","@id":"https:\/\/www.purejewels.com\/#\/schema\/logo\/image\/","url":"https:\/\/static.purejewels.com\/wp-content\/uploads\/2020\/11\/Logo-PJ-New-1.png","contentUrl":"https:\/\/static.purejewels.com\/wp-content\/uploads\/2020\/11\/Logo-PJ-New-1.png","width":150,"height":80,"caption":"PureJewels UK"},"image":{"@id":"https:\/\/www.purejewels.com\/#\/schema\/logo\/image\/"}}]}},"_links":{"self":[{"href":"https:\/\/www.purejewels.com\/de\/wp-json\/wp\/v2\/product\/404262","targetHints":{"allow":["GET"]}}],"collection":[{"href":"https:\/\/www.purejewels.com\/de\/wp-json\/wp\/v2\/product"}],"about":[{"href":"https:\/\/www.purejewels.com\/de\/wp-json\/wp\/v2\/types\/product"}],"replies":[{"embeddable":true,"href":"https:\/\/www.purejewels.com\/de\/wp-json\/wp\/v2\/comments?post=404262"}],"version-history":[{"count":2,"href":"https:\/\/www.purejewels.com\/de\/wp-json\/wp\/v2\/product\/404262\/revisions"}],"predecessor-version":[{"id":404272,"href":"https:\/\/www.purejewels.com\/de\/wp-json\/wp\/v2\/product\/404262\/revisions\/404272"}],"wp:featuredmedia":[{"embeddable":true,"href":"https:\/\/www.purejewels.com\/de\/wp-json\/wp\/v2\/media\/404263"}],"wp:attachment":[{"href":"https:\/\/www.purejewels.com\/de\/wp-json\/wp\/v2\/media?parent=404262"}],"wp:term":[{"taxonomy":"product_brand","embeddable":true,"href":"https:\/\/www.purejewels.com\/de\/wp-json\/wp\/v2\/product_brand?post=404262"},{"taxonomy":"product_cat","embeddable":true,"href":"https:\/\/www.purejewels.com\/de\/wp-json\/wp\/v2\/product_cat?post=404262"},{"taxonomy":"product_tag","embeddable":true,"href":"https:\/\/www.purejewels.com\/de\/wp-json\/wp\/v2\/product_tag?post=404262"}],"curies":[{"name":"wp","href":"https:\/\/api.w.org\/{rel}","templated":true}]}}