{"id":404266,"date":"2025-06-11T08:14:57","date_gmt":"2025-06-11T07:14:57","guid":{"rendered":"https:\/\/www.purejewels.com\/?post_type=product&#038;p=404266"},"modified":"2026-02-04T06:44:04","modified_gmt":"2026-02-04T06:44:04","slug":"lineare-ohrstecker-aus-22-karat-gold-52190","status":"publish","type":"product","link":"https:\/\/www.purejewels.com\/de\/product\/22ct-gold-linear-stud-earrings-52190\/","title":{"rendered":"Lineare Ohrstecker aus 22 Karat Gold"},"content":{"rendered":"<p data-start=\"862\" data-end=\"1138\">Elegant und m\u00fchelos stilvoll, unser <strong data-start=\"898\" data-end=\"932\">Lineare Ohrstecker aus 22 Karat Gold<\/strong> sind das perfekte Paar f\u00fcr die Eleganz des Alltags. Das aus feinem 22-kar\u00e4tigem Gelbgold gefertigte Design zeichnet sich durch eine k\u00fchne Struktur in der Mitte aus, die von hochglanzpolierten R\u00e4ndern eingefasst wird - das bringt Kontrast und Raffinesse gleicherma\u00dfen.<\/p>\n<p data-start=\"1140\" data-end=\"1405\">Ihre kompakte Silhouette macht sie zur idealen Wahl f\u00fcr das t\u00e4gliche Tragen. Sie verleihen einen Hauch von subtilem Glanz, ohne Ihren Look zu erdr\u00fccken. Diese leichten, sicheren und vom London Assay Office gepunzten Ohrstecker sind ein modernes Muss in der Sammlung eines jeden Goldliebhabers.<\/p>","protected":false},"excerpt":{"rendered":"<p>Diese geradlinigen Ohrstecker aus 22-kar\u00e4tigem Gold sind sorgf\u00e4ltig f\u00fcr den t\u00e4glichen Gebrauch gefertigt. Mit einem strukturierten Mittelsteg und glatten, polierten Kanten sind sie ideal f\u00fcr ein vielseitiges Styling.<\/p>\n<p><strong>Material:<\/strong> 22ct Gold (91,6% reines Gold)<strong><br \/>\nWahrzeichen:\u00a0<\/strong>Britisches G\u00fctesiegel<strong><br \/>\n<\/strong><strong>Bruttogewicht: <\/strong>1,72 Gramm<br \/>\n<strong>SKU:<\/strong> 53928, 53930, 53932<\/p>\n<p><strong>Preis und Lieferung<\/strong>:Inklusive Mehrwertsteuer und Lieferkosten<br \/>\n<a href=\"https:\/\/www.purejewels.com\/de\/ruckgabepolitik\/\">R\u00fcckgabepolitik<\/a><\/p>","protected":false},"featured_media":404267,"comment_status":"closed","ping_status":"closed","template":"","meta":{"_eb_attr":"","_crsspst_to_jayantr4sg-hostcom":true},"product_brand":[],"product_cat":[1791,1559,1794,1793,1790,1254,5343,1570,5338,1577,1574,5349],"product_tag":[1430],"class_list":{"0":"post-404266","1":"product","2":"type-product","3":"status-publish","4":"has-post-thumbnail","6":"product_cat-anniversary-gifts","7":"product_cat-birthday-gifts","8":"product_cat-christmas-gifts","9":"product_cat-diwali-gifts","10":"product_cat-for-whom-when","11":"product_cat-gold-earrings","12":"product_cat-jewellery-under-550","13":"product_cat-mothers-day-gifts","14":"product_cat-shop-by-price","15":"product_cat-stud-earrings","16":"product_cat-womens-jewellery","17":"product_cat-yellow-gold-jewellery","18":"product_tag-diwali-gift","20":"first","21":"instock","22":"taxable","23":"shipping-taxable","24":"purchasable","25":"product-type-simple","26":"add-to-wishlist-before_image"},"yoast_head":"<!-- This site is optimized with the Yoast SEO plugin v27.4 - https:\/\/yoast.com\/product\/yoast-seo-wordpress\/ -->\n<title>22ct Yellow Gold Stud Earrings | Dailywear Gold Studs for Women<\/title>\n<meta name=\"description\" content=\"Explore our 22ct yellow gold stud earrings\u2014perfect for dailywear. Lightweight, polished and textured for everyday elegance. Shop PureJewels London.\" \/>\n<meta name=\"robots\" content=\"index, follow, max-snippet:-1, max-image-preview:large, max-video-preview:-1\" \/>\n<link rel=\"canonical\" href=\"https:\/\/www.purejewels.com\/de\/produkt-2\/lineare-ohrstecker-aus-22-karat-gold-52190\/\" \/>\n<meta property=\"og:locale\" content=\"de_DE\" \/>\n<meta property=\"og:type\" content=\"article\" \/>\n<meta property=\"og:title\" content=\"22ct Yellow Gold Stud Earrings | Dailywear Gold Studs for Women\" \/>\n<meta property=\"og:description\" content=\"Explore our 22ct yellow gold stud earrings\u2014perfect for dailywear. Lightweight, polished and textured for everyday elegance. Shop PureJewels London.\" \/>\n<meta property=\"og:url\" content=\"https:\/\/www.purejewels.com\/de\/produkt-2\/lineare-ohrstecker-aus-22-karat-gold-52190\/\" \/>\n<meta property=\"og:site_name\" content=\"PureJewels UK\" \/>\n<meta property=\"article:modified_time\" content=\"2026-02-04T06:44:04+00:00\" \/>\n<meta property=\"og:image\" content=\"https:\/\/static.purejewels.com\/wp-content\/uploads\/2025\/07\/SKU-52189.jpg\" \/>\n\t<meta property=\"og:image:width\" content=\"1000\" \/>\n\t<meta property=\"og:image:height\" content=\"1000\" \/>\n\t<meta property=\"og:image:type\" content=\"image\/jpeg\" \/>\n<meta name=\"twitter:card\" content=\"summary_large_image\" \/>\n<meta name=\"twitter:label1\" content=\"Gesch\u00e4tzte Lesezeit\" \/>\n\t<meta name=\"twitter:data1\" content=\"1\u00a0Minute\" \/>\n<script type=\"application\/ld+json\" class=\"yoast-schema-graph\">{\"@context\":\"https:\\\/\\\/schema.org\",\"@graph\":[{\"@type\":[\"WebPage\",\"ItemPage\"],\"@id\":\"https:\\\/\\\/www.purejewels.com\\\/product\\\/22ct-gold-linear-stud-earrings-52190\\\/\",\"url\":\"https:\\\/\\\/www.purejewels.com\\\/product\\\/22ct-gold-linear-stud-earrings-52190\\\/\",\"name\":\"22ct Yellow Gold Stud Earrings | Dailywear Gold Studs for Women\",\"isPartOf\":{\"@id\":\"https:\\\/\\\/www.purejewels.com\\\/#website\"},\"primaryImageOfPage\":{\"@id\":\"https:\\\/\\\/www.purejewels.com\\\/product\\\/22ct-gold-linear-stud-earrings-52190\\\/#primaryimage\"},\"image\":{\"@id\":\"https:\\\/\\\/www.purejewels.com\\\/product\\\/22ct-gold-linear-stud-earrings-52190\\\/#primaryimage\"},\"thumbnailUrl\":\"https:\\\/\\\/static.purejewels.com\\\/wp-content\\\/uploads\\\/2025\\\/07\\\/SKU-52189.jpg\",\"datePublished\":\"2025-06-11T07:14:57+00:00\",\"dateModified\":\"2026-02-04T06:44:04+00:00\",\"description\":\"Explore our 22ct yellow gold stud earrings\u2014perfect for dailywear. Lightweight, polished and textured for everyday elegance. Shop PureJewels London.\",\"breadcrumb\":{\"@id\":\"https:\\\/\\\/www.purejewels.com\\\/product\\\/22ct-gold-linear-stud-earrings-52190\\\/#breadcrumb\"},\"inLanguage\":\"de\",\"potentialAction\":[{\"@type\":\"ReadAction\",\"target\":[\"https:\\\/\\\/www.purejewels.com\\\/product\\\/22ct-gold-linear-stud-earrings-52190\\\/\"]}]},{\"@type\":\"ImageObject\",\"inLanguage\":\"de\",\"@id\":\"https:\\\/\\\/www.purejewels.com\\\/product\\\/22ct-gold-linear-stud-earrings-52190\\\/#primaryimage\",\"url\":\"https:\\\/\\\/static.purejewels.com\\\/wp-content\\\/uploads\\\/2025\\\/07\\\/SKU-52189.jpg\",\"contentUrl\":\"https:\\\/\\\/static.purejewels.com\\\/wp-content\\\/uploads\\\/2025\\\/07\\\/SKU-52189.jpg\",\"width\":1000,\"height\":1000,\"caption\":\"51863\"},{\"@type\":\"BreadcrumbList\",\"@id\":\"https:\\\/\\\/www.purejewels.com\\\/product\\\/22ct-gold-linear-stud-earrings-52190\\\/#breadcrumb\",\"itemListElement\":[{\"@type\":\"ListItem\",\"position\":1,\"name\":\"Home\",\"item\":\"https:\\\/\\\/www.purejewels.com\\\/\"},{\"@type\":\"ListItem\",\"position\":2,\"name\":\"Shop\",\"item\":\"https:\\\/\\\/www.purejewels.com\\\/shop\\\/\"},{\"@type\":\"ListItem\",\"position\":3,\"name\":\"22ct Gold Linear Stud Earrings\"}]},{\"@type\":\"WebSite\",\"@id\":\"https:\\\/\\\/www.purejewels.com\\\/#website\",\"url\":\"https:\\\/\\\/www.purejewels.com\\\/\",\"name\":\"PureJewels UK\",\"description\":\"Share the Love\",\"publisher\":{\"@id\":\"https:\\\/\\\/www.purejewels.com\\\/#organization\"},\"potentialAction\":[{\"@type\":\"SearchAction\",\"target\":{\"@type\":\"EntryPoint\",\"urlTemplate\":\"https:\\\/\\\/www.purejewels.com\\\/?s={search_term_string}\"},\"query-input\":{\"@type\":\"PropertyValueSpecification\",\"valueRequired\":true,\"valueName\":\"search_term_string\"}}],\"inLanguage\":\"de\"},{\"@type\":\"Organization\",\"@id\":\"https:\\\/\\\/www.purejewels.com\\\/#organization\",\"name\":\"PureJewels UK\",\"url\":\"https:\\\/\\\/www.purejewels.com\\\/\",\"logo\":{\"@type\":\"ImageObject\",\"inLanguage\":\"de\",\"@id\":\"https:\\\/\\\/www.purejewels.com\\\/#\\\/schema\\\/logo\\\/image\\\/\",\"url\":\"https:\\\/\\\/static.purejewels.com\\\/wp-content\\\/uploads\\\/2020\\\/11\\\/Logo-PJ-New-1.png\",\"contentUrl\":\"https:\\\/\\\/static.purejewels.com\\\/wp-content\\\/uploads\\\/2020\\\/11\\\/Logo-PJ-New-1.png\",\"width\":150,\"height\":80,\"caption\":\"PureJewels UK\"},\"image\":{\"@id\":\"https:\\\/\\\/www.purejewels.com\\\/#\\\/schema\\\/logo\\\/image\\\/\"}}]}<\/script>\n<!-- \/ Yoast SEO plugin. -->","yoast_head_json":{"title":"22ct Gelbgold Ohrstecker | Dailywear Gold Ohrstecker f\u00fcr Frauen","description":"Entdecken Sie unsere Ohrstecker aus 22 Karat Gelbgold - perfekt f\u00fcr den t\u00e4glichen Gebrauch. Leicht, poliert und strukturiert f\u00fcr die t\u00e4gliche Eleganz. PureJewels London kaufen.","robots":{"index":"index","follow":"follow","max-snippet":"max-snippet:-1","max-image-preview":"max-image-preview:large","max-video-preview":"max-video-preview:-1"},"canonical":"https:\/\/www.purejewels.com\/de\/produkt-2\/lineare-ohrstecker-aus-22-karat-gold-52190\/","og_locale":"de_DE","og_type":"article","og_title":"22ct Yellow Gold Stud Earrings | Dailywear Gold Studs for Women","og_description":"Explore our 22ct yellow gold stud earrings\u2014perfect for dailywear. Lightweight, polished and textured for everyday elegance. Shop PureJewels London.","og_url":"https:\/\/www.purejewels.com\/de\/produkt-2\/lineare-ohrstecker-aus-22-karat-gold-52190\/","og_site_name":"PureJewels UK","article_modified_time":"2026-02-04T06:44:04+00:00","og_image":[{"width":1000,"height":1000,"url":"https:\/\/static.purejewels.com\/wp-content\/uploads\/2025\/07\/SKU-52189.jpg","type":"image\/jpeg"}],"twitter_card":"summary_large_image","twitter_misc":{"Gesch\u00e4tzte Lesezeit":"1\u00a0Minute"},"schema":{"@context":"https:\/\/schema.org","@graph":[{"@type":["WebPage","ItemPage"],"@id":"https:\/\/www.purejewels.com\/product\/22ct-gold-linear-stud-earrings-52190\/","url":"https:\/\/www.purejewels.com\/product\/22ct-gold-linear-stud-earrings-52190\/","name":"22ct Gelbgold Ohrstecker | Dailywear Gold Ohrstecker f\u00fcr Frauen","isPartOf":{"@id":"https:\/\/www.purejewels.com\/#website"},"primaryImageOfPage":{"@id":"https:\/\/www.purejewels.com\/product\/22ct-gold-linear-stud-earrings-52190\/#primaryimage"},"image":{"@id":"https:\/\/www.purejewels.com\/product\/22ct-gold-linear-stud-earrings-52190\/#primaryimage"},"thumbnailUrl":"https:\/\/static.purejewels.com\/wp-content\/uploads\/2025\/07\/SKU-52189.jpg","datePublished":"2025-06-11T07:14:57+00:00","dateModified":"2026-02-04T06:44:04+00:00","description":"Entdecken Sie unsere Ohrstecker aus 22 Karat Gelbgold - perfekt f\u00fcr den t\u00e4glichen Gebrauch. Leicht, poliert und strukturiert f\u00fcr die t\u00e4gliche Eleganz. PureJewels London kaufen.","breadcrumb":{"@id":"https:\/\/www.purejewels.com\/product\/22ct-gold-linear-stud-earrings-52190\/#breadcrumb"},"inLanguage":"de","potentialAction":[{"@type":"ReadAction","target":["https:\/\/www.purejewels.com\/product\/22ct-gold-linear-stud-earrings-52190\/"]}]},{"@type":"ImageObject","inLanguage":"de","@id":"https:\/\/www.purejewels.com\/product\/22ct-gold-linear-stud-earrings-52190\/#primaryimage","url":"https:\/\/static.purejewels.com\/wp-content\/uploads\/2025\/07\/SKU-52189.jpg","contentUrl":"https:\/\/static.purejewels.com\/wp-content\/uploads\/2025\/07\/SKU-52189.jpg","width":1000,"height":1000,"caption":"51863"},{"@type":"BreadcrumbList","@id":"https:\/\/www.purejewels.com\/product\/22ct-gold-linear-stud-earrings-52190\/#breadcrumb","itemListElement":[{"@type":"ListItem","position":1,"name":"Home","item":"https:\/\/www.purejewels.com\/"},{"@type":"ListItem","position":2,"name":"Shop","item":"https:\/\/www.purejewels.com\/shop\/"},{"@type":"ListItem","position":3,"name":"22ct Gold Linear Stud Earrings"}]},{"@type":"WebSite","@id":"https:\/\/www.purejewels.com\/#website","url":"https:\/\/www.purejewels.com\/","name":"PureJewels UK","description":"Teile die Liebe","publisher":{"@id":"https:\/\/www.purejewels.com\/#organization"},"potentialAction":[{"@type":"SearchAction","target":{"@type":"EntryPoint","urlTemplate":"https:\/\/www.purejewels.com\/?s={search_term_string}"},"query-input":{"@type":"PropertyValueSpecification","valueRequired":true,"valueName":"search_term_string"}}],"inLanguage":"de"},{"@type":"Organization","@id":"https:\/\/www.purejewels.com\/#organization","name":"PureJewels UK","url":"https:\/\/www.purejewels.com\/","logo":{"@type":"ImageObject","inLanguage":"de","@id":"https:\/\/www.purejewels.com\/#\/schema\/logo\/image\/","url":"https:\/\/static.purejewels.com\/wp-content\/uploads\/2020\/11\/Logo-PJ-New-1.png","contentUrl":"https:\/\/static.purejewels.com\/wp-content\/uploads\/2020\/11\/Logo-PJ-New-1.png","width":150,"height":80,"caption":"PureJewels UK"},"image":{"@id":"https:\/\/www.purejewels.com\/#\/schema\/logo\/image\/"}}]}},"_links":{"self":[{"href":"https:\/\/www.purejewels.com\/de\/wp-json\/wp\/v2\/product\/404266","targetHints":{"allow":["GET"]}}],"collection":[{"href":"https:\/\/www.purejewels.com\/de\/wp-json\/wp\/v2\/product"}],"about":[{"href":"https:\/\/www.purejewels.com\/de\/wp-json\/wp\/v2\/types\/product"}],"replies":[{"embeddable":true,"href":"https:\/\/www.purejewels.com\/de\/wp-json\/wp\/v2\/comments?post=404266"}],"version-history":[{"count":3,"href":"https:\/\/www.purejewels.com\/de\/wp-json\/wp\/v2\/product\/404266\/revisions"}],"predecessor-version":[{"id":423118,"href":"https:\/\/www.purejewels.com\/de\/wp-json\/wp\/v2\/product\/404266\/revisions\/423118"}],"wp:featuredmedia":[{"embeddable":true,"href":"https:\/\/www.purejewels.com\/de\/wp-json\/wp\/v2\/media\/404267"}],"wp:attachment":[{"href":"https:\/\/www.purejewels.com\/de\/wp-json\/wp\/v2\/media?parent=404266"}],"wp:term":[{"taxonomy":"product_brand","embeddable":true,"href":"https:\/\/www.purejewels.com\/de\/wp-json\/wp\/v2\/product_brand?post=404266"},{"taxonomy":"product_cat","embeddable":true,"href":"https:\/\/www.purejewels.com\/de\/wp-json\/wp\/v2\/product_cat?post=404266"},{"taxonomy":"product_tag","embeddable":true,"href":"https:\/\/www.purejewels.com\/de\/wp-json\/wp\/v2\/product_tag?post=404266"}],"curies":[{"name":"wp","href":"https:\/\/api.w.org\/{rel}","templated":true}]}}