{"id":404285,"date":"2025-09-24T10:37:50","date_gmt":"2025-09-24T09:37:50","guid":{"rendered":"https:\/\/www.purejewels.com\/?post_type=product&#038;p=404285"},"modified":"2026-03-11T15:05:33","modified_gmt":"2026-03-11T15:05:33","slug":"22ct-gold-smaragd-pfau-tropfen-ohrringe-46470","status":"publish","type":"product","link":"https:\/\/www.purejewels.com\/de\/product\/22ct-gold-emerald-peacock-drop-earrings-46470\/","title":{"rendered":"22ct Gold Smaragd Pfau Tropfen Ohrringe"},"content":{"rendered":"<p data-start=\"869\" data-end=\"1190\">Eine poetische Ode an das Erbe, unsere <strong data-start=\"899\" data-end=\"942\">22ct Gold Smaragd Pfau Tropfen Ohrringe<\/strong> sind eine Hommage an die Eleganz der Natur und an die Kunstfertigkeit. Jeder Ohrring besteht aus einem modellierten Pfau, der mit gr\u00fcner und indigoblauer Emaille verziert ist und von schimmernden kubischen Steinen und einer goldenen Kette akzentuiert wird, die sich anmutig bewegt.<\/p>\n<p data-start=\"1192\" data-end=\"1390\">Die Ohrringe sind aus reinem 22-kar\u00e4tigem Gelbgold gefertigt und wiegen 2,5 Gramm. Sie sind leicht und mit raffinierten Details versehen - ideal f\u00fcr festliche Anl\u00e4sse, Hochzeiten oder als Statement f\u00fcr den Alltag.<\/p>","protected":false},"excerpt":{"rendered":"<p>Diese tropfenf\u00f6rmigen Ohrringe aus 22 Karat Gold zeigen ein anmutiges Pfauenmotiv aus smaragdfarbener Emaille. Mit einem Gewicht von 2,5 g bieten sie zarte Bewegung und zeitlosen Charme.<\/p>\n<ul>\n<li><strong>Material:<\/strong> 22ct Gold<\/li>\n<li><strong>Wahrzeichen: <\/strong>Britisches G\u00fctesiegel<\/li>\n<li><strong>Bruttogewicht: <\/strong>2,5 Gramm<\/li>\n<li><strong>Nettogewicht:<\/strong> 2.4 Gms<\/li>\n<li><strong>SKU: <\/strong>46470<\/li>\n<\/ul>\n<p><strong><br \/>\nPreis und Lieferung: <\/strong>Inklusive Mehrwertsteuer und Lieferkosten<br \/>\n<strong><a href=\"https:\/\/www.purejewels.com\/de\/ruckgabepolitik\/\">R\u00fcckgabepolitik<\/a><\/strong><\/p>","protected":false},"featured_media":404284,"comment_status":"closed","ping_status":"closed","template":"","meta":{"_eb_attr":"","_crsspst_to_jayantr4sg-hostcom":true},"product_brand":[],"product_cat":[1793,1685,6190,5701,1792,1790,1254,1229,5344,1570,1573,1574,5349],"product_tag":[5933,5922,66,6022],"class_list":{"0":"post-404285","1":"product","2":"type-product","3":"status-publish","4":"has-post-thumbnail","6":"product_cat-diwali-gifts","7":"product_cat-drop-earrings","8":"product_cat-easter-jewellery","9":"product_cat-eid-jewellery","10":"product_cat-festival-gifts","11":"product_cat-for-whom-when","12":"product_cat-gold-earrings","13":"product_cat-22ct-gold-jewellery","14":"product_cat-jewellery-under-750","15":"product_cat-mothers-day-gifts","16":"product_cat-wedding-gifts","17":"product_cat-womens-jewellery","18":"product_cat-yellow-gold-jewellery","19":"product_tag-22ct-gold","20":"product_tag-22ct-gold-earrings","21":"product_tag-earrings","22":"product_tag-long-gold-earrings","24":"first","25":"outofstock","26":"taxable","27":"shipping-taxable","28":"product-type-simple","29":"add-to-wishlist-before_image"},"yoast_head":"<!-- This site is optimized with the Yoast SEO plugin v27.5 - https:\/\/yoast.com\/product\/yoast-seo-wordpress\/ -->\n<title>22ct Gold Peacock Earrings | Emerald Enamel Drop Earrings<\/title>\n<meta name=\"description\" content=\"Shop 22ct gold earrings with peacock design and emerald enamel. Lightweight 2.5g drop earrings with intricate detailing. PureJewels artisan jewellery.\" \/>\n<meta name=\"robots\" content=\"index, follow, max-snippet:-1, max-image-preview:large, max-video-preview:-1\" \/>\n<link rel=\"canonical\" href=\"https:\/\/www.purejewels.com\/de\/produkt-2\/22ct-gold-smaragd-pfau-tropfen-ohrringe-46470\/\" \/>\n<meta property=\"og:locale\" content=\"de_DE\" \/>\n<meta property=\"og:type\" content=\"article\" \/>\n<meta property=\"og:title\" content=\"22ct Gold Peacock Earrings | Emerald Enamel Drop Earrings\" \/>\n<meta property=\"og:description\" content=\"Shop 22ct gold earrings with peacock design and emerald enamel. Lightweight 2.5g drop earrings with intricate detailing. PureJewels artisan jewellery.\" \/>\n<meta property=\"og:url\" content=\"https:\/\/www.purejewels.com\/de\/produkt-2\/22ct-gold-smaragd-pfau-tropfen-ohrringe-46470\/\" \/>\n<meta property=\"og:site_name\" content=\"PureJewels UK\" \/>\n<meta property=\"article:modified_time\" content=\"2026-03-11T15:05:33+00:00\" \/>\n<meta property=\"og:image\" content=\"https:\/\/static.purejewels.com\/wp-content\/uploads\/2025\/04\/SKU-46470.jpg\" \/>\n\t<meta property=\"og:image:width\" content=\"1000\" \/>\n\t<meta property=\"og:image:height\" content=\"1000\" \/>\n\t<meta property=\"og:image:type\" content=\"image\/jpeg\" \/>\n<meta name=\"twitter:card\" content=\"summary_large_image\" \/>\n<meta name=\"twitter:label1\" content=\"Gesch\u00e4tzte Lesezeit\" \/>\n\t<meta name=\"twitter:data1\" content=\"1\u00a0Minute\" \/>\n<script type=\"application\/ld+json\" class=\"yoast-schema-graph\">{\"@context\":\"https:\\\/\\\/schema.org\",\"@graph\":[{\"@type\":[\"WebPage\",\"ItemPage\"],\"@id\":\"https:\\\/\\\/www.purejewels.com\\\/product\\\/22ct-gold-emerald-peacock-drop-earrings-46470\\\/\",\"url\":\"https:\\\/\\\/www.purejewels.com\\\/product\\\/22ct-gold-emerald-peacock-drop-earrings-46470\\\/\",\"name\":\"22ct Gold Peacock Earrings | Emerald Enamel Drop Earrings\",\"isPartOf\":{\"@id\":\"https:\\\/\\\/www.purejewels.com\\\/#website\"},\"primaryImageOfPage\":{\"@id\":\"https:\\\/\\\/www.purejewels.com\\\/product\\\/22ct-gold-emerald-peacock-drop-earrings-46470\\\/#primaryimage\"},\"image\":{\"@id\":\"https:\\\/\\\/www.purejewels.com\\\/product\\\/22ct-gold-emerald-peacock-drop-earrings-46470\\\/#primaryimage\"},\"thumbnailUrl\":\"https:\\\/\\\/static.purejewels.com\\\/wp-content\\\/uploads\\\/2025\\\/04\\\/SKU-46470.jpg\",\"datePublished\":\"2025-09-24T09:37:50+00:00\",\"dateModified\":\"2026-03-11T15:05:33+00:00\",\"description\":\"Shop 22ct gold earrings with peacock design and emerald enamel. Lightweight 2.5g drop earrings with intricate detailing. PureJewels artisan jewellery.\",\"breadcrumb\":{\"@id\":\"https:\\\/\\\/www.purejewels.com\\\/product\\\/22ct-gold-emerald-peacock-drop-earrings-46470\\\/#breadcrumb\"},\"inLanguage\":\"de\",\"potentialAction\":[{\"@type\":\"ReadAction\",\"target\":[\"https:\\\/\\\/www.purejewels.com\\\/product\\\/22ct-gold-emerald-peacock-drop-earrings-46470\\\/\"]}]},{\"@type\":\"ImageObject\",\"inLanguage\":\"de\",\"@id\":\"https:\\\/\\\/www.purejewels.com\\\/product\\\/22ct-gold-emerald-peacock-drop-earrings-46470\\\/#primaryimage\",\"url\":\"https:\\\/\\\/static.purejewels.com\\\/wp-content\\\/uploads\\\/2025\\\/04\\\/SKU-46470.jpg\",\"contentUrl\":\"https:\\\/\\\/static.purejewels.com\\\/wp-content\\\/uploads\\\/2025\\\/04\\\/SKU-46470.jpg\",\"width\":1000,\"height\":1000,\"caption\":\"46470\"},{\"@type\":\"BreadcrumbList\",\"@id\":\"https:\\\/\\\/www.purejewels.com\\\/product\\\/22ct-gold-emerald-peacock-drop-earrings-46470\\\/#breadcrumb\",\"itemListElement\":[{\"@type\":\"ListItem\",\"position\":1,\"name\":\"Home\",\"item\":\"https:\\\/\\\/www.purejewels.com\\\/\"},{\"@type\":\"ListItem\",\"position\":2,\"name\":\"Shop\",\"item\":\"https:\\\/\\\/www.purejewels.com\\\/shop\\\/\"},{\"@type\":\"ListItem\",\"position\":3,\"name\":\"22ct Gold Emerald Peacock Drop Earrings\"}]},{\"@type\":\"WebSite\",\"@id\":\"https:\\\/\\\/www.purejewels.com\\\/#website\",\"url\":\"https:\\\/\\\/www.purejewels.com\\\/\",\"name\":\"PureJewels UK\",\"description\":\"Share the Love\",\"publisher\":{\"@id\":\"https:\\\/\\\/www.purejewels.com\\\/#organization\"},\"potentialAction\":[{\"@type\":\"SearchAction\",\"target\":{\"@type\":\"EntryPoint\",\"urlTemplate\":\"https:\\\/\\\/www.purejewels.com\\\/?s={search_term_string}\"},\"query-input\":{\"@type\":\"PropertyValueSpecification\",\"valueRequired\":true,\"valueName\":\"search_term_string\"}}],\"inLanguage\":\"de\"},{\"@type\":\"Organization\",\"@id\":\"https:\\\/\\\/www.purejewels.com\\\/#organization\",\"name\":\"PureJewels UK\",\"url\":\"https:\\\/\\\/www.purejewels.com\\\/\",\"logo\":{\"@type\":\"ImageObject\",\"inLanguage\":\"de\",\"@id\":\"https:\\\/\\\/www.purejewels.com\\\/#\\\/schema\\\/logo\\\/image\\\/\",\"url\":\"https:\\\/\\\/static.purejewels.com\\\/wp-content\\\/uploads\\\/2020\\\/11\\\/Logo-PJ-New-1.png\",\"contentUrl\":\"https:\\\/\\\/static.purejewels.com\\\/wp-content\\\/uploads\\\/2020\\\/11\\\/Logo-PJ-New-1.png\",\"width\":150,\"height\":80,\"caption\":\"PureJewels UK\"},\"image\":{\"@id\":\"https:\\\/\\\/www.purejewels.com\\\/#\\\/schema\\\/logo\\\/image\\\/\"}}]}<\/script>\n<!-- \/ Yoast SEO plugin. -->","yoast_head_json":{"title":"22ct Gold Pfau Ohrringe | Smaragd Emaille Tropfen Ohrringe","description":"Shop Ohrringe aus 22 Karat Gold mit Pfauendesign und Smaragd-Emaille. Leichte 2,5g Ohrringe mit komplizierten Details. PureJewels handgefertigter Schmuck.","robots":{"index":"index","follow":"follow","max-snippet":"max-snippet:-1","max-image-preview":"max-image-preview:large","max-video-preview":"max-video-preview:-1"},"canonical":"https:\/\/www.purejewels.com\/de\/produkt-2\/22ct-gold-smaragd-pfau-tropfen-ohrringe-46470\/","og_locale":"de_DE","og_type":"article","og_title":"22ct Gold Peacock Earrings | Emerald Enamel Drop Earrings","og_description":"Shop 22ct gold earrings with peacock design and emerald enamel. Lightweight 2.5g drop earrings with intricate detailing. PureJewels artisan jewellery.","og_url":"https:\/\/www.purejewels.com\/de\/produkt-2\/22ct-gold-smaragd-pfau-tropfen-ohrringe-46470\/","og_site_name":"PureJewels UK","article_modified_time":"2026-03-11T15:05:33+00:00","og_image":[{"width":1000,"height":1000,"url":"https:\/\/static.purejewels.com\/wp-content\/uploads\/2025\/04\/SKU-46470.jpg","type":"image\/jpeg"}],"twitter_card":"summary_large_image","twitter_misc":{"Gesch\u00e4tzte Lesezeit":"1\u00a0Minute"},"schema":{"@context":"https:\/\/schema.org","@graph":[{"@type":["WebPage","ItemPage"],"@id":"https:\/\/www.purejewels.com\/product\/22ct-gold-emerald-peacock-drop-earrings-46470\/","url":"https:\/\/www.purejewels.com\/product\/22ct-gold-emerald-peacock-drop-earrings-46470\/","name":"22ct Gold Pfau Ohrringe | Smaragd Emaille Tropfen Ohrringe","isPartOf":{"@id":"https:\/\/www.purejewels.com\/#website"},"primaryImageOfPage":{"@id":"https:\/\/www.purejewels.com\/product\/22ct-gold-emerald-peacock-drop-earrings-46470\/#primaryimage"},"image":{"@id":"https:\/\/www.purejewels.com\/product\/22ct-gold-emerald-peacock-drop-earrings-46470\/#primaryimage"},"thumbnailUrl":"https:\/\/static.purejewels.com\/wp-content\/uploads\/2025\/04\/SKU-46470.jpg","datePublished":"2025-09-24T09:37:50+00:00","dateModified":"2026-03-11T15:05:33+00:00","description":"Shop Ohrringe aus 22 Karat Gold mit Pfauendesign und Smaragd-Emaille. Leichte 2,5g Ohrringe mit komplizierten Details. PureJewels handgefertigter Schmuck.","breadcrumb":{"@id":"https:\/\/www.purejewels.com\/product\/22ct-gold-emerald-peacock-drop-earrings-46470\/#breadcrumb"},"inLanguage":"de","potentialAction":[{"@type":"ReadAction","target":["https:\/\/www.purejewels.com\/product\/22ct-gold-emerald-peacock-drop-earrings-46470\/"]}]},{"@type":"ImageObject","inLanguage":"de","@id":"https:\/\/www.purejewels.com\/product\/22ct-gold-emerald-peacock-drop-earrings-46470\/#primaryimage","url":"https:\/\/static.purejewels.com\/wp-content\/uploads\/2025\/04\/SKU-46470.jpg","contentUrl":"https:\/\/static.purejewels.com\/wp-content\/uploads\/2025\/04\/SKU-46470.jpg","width":1000,"height":1000,"caption":"46470"},{"@type":"BreadcrumbList","@id":"https:\/\/www.purejewels.com\/product\/22ct-gold-emerald-peacock-drop-earrings-46470\/#breadcrumb","itemListElement":[{"@type":"ListItem","position":1,"name":"Home","item":"https:\/\/www.purejewels.com\/"},{"@type":"ListItem","position":2,"name":"Shop","item":"https:\/\/www.purejewels.com\/shop\/"},{"@type":"ListItem","position":3,"name":"22ct Gold Emerald Peacock Drop Earrings"}]},{"@type":"WebSite","@id":"https:\/\/www.purejewels.com\/#website","url":"https:\/\/www.purejewels.com\/","name":"PureJewels UK","description":"Teile die Liebe","publisher":{"@id":"https:\/\/www.purejewels.com\/#organization"},"potentialAction":[{"@type":"SearchAction","target":{"@type":"EntryPoint","urlTemplate":"https:\/\/www.purejewels.com\/?s={search_term_string}"},"query-input":{"@type":"PropertyValueSpecification","valueRequired":true,"valueName":"search_term_string"}}],"inLanguage":"de"},{"@type":"Organization","@id":"https:\/\/www.purejewels.com\/#organization","name":"PureJewels UK","url":"https:\/\/www.purejewels.com\/","logo":{"@type":"ImageObject","inLanguage":"de","@id":"https:\/\/www.purejewels.com\/#\/schema\/logo\/image\/","url":"https:\/\/static.purejewels.com\/wp-content\/uploads\/2020\/11\/Logo-PJ-New-1.png","contentUrl":"https:\/\/static.purejewels.com\/wp-content\/uploads\/2020\/11\/Logo-PJ-New-1.png","width":150,"height":80,"caption":"PureJewels UK"},"image":{"@id":"https:\/\/www.purejewels.com\/#\/schema\/logo\/image\/"}}]}},"_links":{"self":[{"href":"https:\/\/www.purejewels.com\/de\/wp-json\/wp\/v2\/product\/404285","targetHints":{"allow":["GET"]}}],"collection":[{"href":"https:\/\/www.purejewels.com\/de\/wp-json\/wp\/v2\/product"}],"about":[{"href":"https:\/\/www.purejewels.com\/de\/wp-json\/wp\/v2\/types\/product"}],"replies":[{"embeddable":true,"href":"https:\/\/www.purejewels.com\/de\/wp-json\/wp\/v2\/comments?post=404285"}],"version-history":[{"count":3,"href":"https:\/\/www.purejewels.com\/de\/wp-json\/wp\/v2\/product\/404285\/revisions"}],"predecessor-version":[{"id":404921,"href":"https:\/\/www.purejewels.com\/de\/wp-json\/wp\/v2\/product\/404285\/revisions\/404921"}],"wp:featuredmedia":[{"embeddable":true,"href":"https:\/\/www.purejewels.com\/de\/wp-json\/wp\/v2\/media\/404284"}],"wp:attachment":[{"href":"https:\/\/www.purejewels.com\/de\/wp-json\/wp\/v2\/media?parent=404285"}],"wp:term":[{"taxonomy":"product_brand","embeddable":true,"href":"https:\/\/www.purejewels.com\/de\/wp-json\/wp\/v2\/product_brand?post=404285"},{"taxonomy":"product_cat","embeddable":true,"href":"https:\/\/www.purejewels.com\/de\/wp-json\/wp\/v2\/product_cat?post=404285"},{"taxonomy":"product_tag","embeddable":true,"href":"https:\/\/www.purejewels.com\/de\/wp-json\/wp\/v2\/product_tag?post=404285"}],"curies":[{"name":"wp","href":"https:\/\/api.w.org\/{rel}","templated":true}]}}