{"id":404586,"date":"2025-09-20T06:15:18","date_gmt":"2025-09-20T05:15:18","guid":{"rendered":"https:\/\/www.purejewels.com\/?post_type=product&#038;p=404586"},"modified":"2026-03-27T05:27:22","modified_gmt":"2026-03-27T05:27:22","slug":"armari-22-kt-gold-v-form-reifen-mit-kugel-tropfen-52311","status":"publish","type":"product","link":"https:\/\/www.purejewels.com\/de\/product\/armari-22ct-gold-v-shape-hoops-with-ball-drops-52311\/","title":{"rendered":"22ct Gold V-f\u00f6rmige Reifen mit Tropfen"},"content":{"rendered":"<p data-start=\"1352\" data-end=\"1619\">Elegant und mit vielen Details versehen, ist das <strong data-start=\"1390\" data-end=\"1440\">Armari 22ct Gold V-f\u00f6rmige Creolen mit Kugeltropfen<\/strong> bieten eine raffinierte Interpretation einer traditionellen Silhouette. Der V-f\u00f6rmige Reif aus reinem 22-kar\u00e4tigem Gelbgold ist anmutig geschwungen und mit verschn\u00f6rkelten floralen Motiven und geometrischen Strukturen verziert.<\/p>\n<p data-start=\"1621\" data-end=\"1882\">Unter jedem Reif h\u00e4ngt eine sanft geb\u00fcrstete goldene Kugel, gekr\u00f6nt von einer bl\u00fctenblatt\u00e4hnlichen Kappe, die f\u00fcr eine sanfte Bewegung und einen besonderen Akzent sorgt. Diese vielseitig einsetzbaren Ohrringe sind leicht genug f\u00fcr den Alltag, aber detailliert genug f\u00fcr festliche Anl\u00e4sse.<\/p>\n<p data-start=\"1884\" data-end=\"2011\">Dieses Paar verk\u00f6rpert den charakteristischen Geist der Armari-Kollektion: klassische Struktur, kunstvolle Handwerkskunst und dauerhafte Sch\u00f6nheit.<\/p>\n<p data-start=\"0\" data-end=\"164\">Diese eleganten V-f\u00f6rmigen Reifchen mit Tropfen aus 22 Karat Gold sind eine wunderbare Wahl f\u00fcr Geschenke zum Zuckerfest f\u00fcr die Mutter und verbinden traditionellen Charme mit einer anmutigen, modernen Form.<\/p>\n<p data-start=\"166\" data-end=\"309\" data-is-last-node=\"\" data-is-only-node=\"\">Sie sind aus reichhaltigem 22-kar\u00e4tigem Gold gefertigt, mit zarten Details und einem weichen Tropfenakzent. Ein bedeutungsvolles St\u00fcck, das sie jedes Eid tragen und sch\u00e4tzen kann.<\/p>\n<p data-start=\"2013\" data-end=\"2025\"><strong data-start=\"2013\" data-end=\"2025\">Einzelheiten:<\/strong><\/p>\n<ul data-start=\"2026\" data-end=\"2322\">\n<li data-start=\"2026\" data-end=\"2052\">\n<p data-start=\"2028\" data-end=\"2052\"><strong data-start=\"2028\" data-end=\"2043\">Sammlung:<\/strong> Armari<\/p>\n<\/li>\n<li data-start=\"2053\" data-end=\"2084\">\n<p data-start=\"2055\" data-end=\"2084\"><strong data-start=\"2055\" data-end=\"2065\">Metall:<\/strong> 22ct Gelbgold<\/p>\n<\/li>\n<li data-start=\"2143\" data-end=\"2190\">\n<p data-start=\"2145\" data-end=\"2190\"><strong data-start=\"2145\" data-end=\"2155\">Stil:<\/strong> V-f\u00f6rmige Reifen mit Kugeltropfen<\/p>\n<\/li>\n<li data-start=\"2249\" data-end=\"2291\">\n<p data-start=\"2251\" data-end=\"2291\"><strong data-start=\"2251\" data-end=\"2264\">Wahrzeichen:<\/strong>\u00a0 Londoner Bescheinigungsamt<\/p>\n<\/li>\n<\/ul>","protected":false},"excerpt":{"rendered":"<p>Die kunstvoll geschnitzten V-f\u00f6rmigen Reifchen aus 22-kar\u00e4tigem Gold mit Kugeltropfen sorgen f\u00fcr Eleganz, Ausgewogenheit und zeitlose Anziehungskraft aus unserer Armari Collection.<\/p>\n<p><strong>Material:<\/strong>\u00a022ct Sonnenaufgang Gold<br \/>\n<strong>Reinheit:<\/strong>\u00a091.6% massiv Gold<br \/>\n<strong>Wahrzeichen:<\/strong>\u00a0Britisches G\u00fctesiegel<br \/>\n<strong>SKU:<\/strong> 52311, 52310<br \/>\n<strong>Gewicht:<\/strong> 5.28 Gms<\/p>\n<p><strong>Preis und Lieferung:<\/strong>\u00a0Inklusive Mehrwertsteuer und Lieferkosten<br \/>\n<a href=\"https:\/\/www.purejewels.com\/de\/ruckgabepolitik\/\"><strong>R\u00fcckgabepolitik<\/strong><\/a><\/p>\n<p>&nbsp;<\/p>","protected":false},"featured_media":404587,"comment_status":"closed","ping_status":"closed","template":"","meta":{"_eb_attr":"","_crsspst_to_jayantr4sg-hostcom":false},"product_brand":[],"product_cat":[1791,245,5639,6145,1254,1229,1579,1574],"product_tag":[66,5702],"class_list":{"0":"post-404586","1":"product","2":"type-product","3":"status-publish","4":"has-post-thumbnail","6":"product_cat-anniversary-gifts","7":"product_cat-armari-collections","8":"product_cat-armari-earring","9":"product_cat-armari-hoop-earring","10":"product_cat-gold-earrings","11":"product_cat-22ct-gold-jewellery","12":"product_cat-hoop-earrings","13":"product_cat-womens-jewellery","14":"product_tag-earrings","15":"product_tag-hoop-earring","17":"first","18":"instock","19":"taxable","20":"shipping-taxable","21":"purchasable","22":"product-type-simple","23":"add-to-wishlist-before_image"},"yoast_head":"<!-- This site is optimized with the Yoast SEO plugin v27.5 - https:\/\/yoast.com\/product\/yoast-seo-wordpress\/ -->\n<title>Armari 22ct V-Shape Gold Hoop Earrings with Ball Drops<\/title>\n<meta name=\"description\" content=\"Discover 22ct V-shape gold hoop earrings from the Armari collection, adorned with floral carving and ball droppers. Elegant and timeless Indian design.\" \/>\n<meta name=\"robots\" content=\"index, follow, max-snippet:-1, max-image-preview:large, max-video-preview:-1\" \/>\n<link rel=\"canonical\" href=\"https:\/\/www.purejewels.com\/de\/produkt-2\/armari-22-kt-gold-v-form-reifen-mit-kugel-tropfen-52311\/\" \/>\n<meta property=\"og:locale\" content=\"de_DE\" \/>\n<meta property=\"og:type\" content=\"article\" \/>\n<meta property=\"og:title\" content=\"Armari 22ct V-Shape Gold Hoop Earrings with Ball Drops\" \/>\n<meta property=\"og:description\" content=\"Discover 22ct V-shape gold hoop earrings from the Armari collection, adorned with floral carving and ball droppers. Elegant and timeless Indian design.\" \/>\n<meta property=\"og:url\" content=\"https:\/\/www.purejewels.com\/de\/produkt-2\/armari-22-kt-gold-v-form-reifen-mit-kugel-tropfen-52311\/\" \/>\n<meta property=\"og:site_name\" content=\"PureJewels UK\" \/>\n<meta property=\"article:modified_time\" content=\"2026-03-27T05:27:22+00:00\" \/>\n<meta property=\"og:image\" content=\"https:\/\/static.purejewels.com\/wp-content\/uploads\/2025\/07\/SKU-52310.1.jpg\" \/>\n\t<meta property=\"og:image:width\" content=\"1000\" \/>\n\t<meta property=\"og:image:height\" content=\"1000\" \/>\n\t<meta property=\"og:image:type\" content=\"image\/jpeg\" \/>\n<meta name=\"twitter:card\" content=\"summary_large_image\" \/>\n<meta name=\"twitter:label1\" content=\"Gesch\u00e4tzte Lesezeit\" \/>\n\t<meta name=\"twitter:data1\" content=\"1\u00a0Minute\" \/>\n<script type=\"application\/ld+json\" class=\"yoast-schema-graph\">{\"@context\":\"https:\\\/\\\/schema.org\",\"@graph\":[{\"@type\":[\"WebPage\",\"ItemPage\"],\"@id\":\"https:\\\/\\\/www.purejewels.com\\\/product\\\/armari-22ct-gold-v-shape-hoops-with-ball-drops-52311\\\/\",\"url\":\"https:\\\/\\\/www.purejewels.com\\\/product\\\/armari-22ct-gold-v-shape-hoops-with-ball-drops-52311\\\/\",\"name\":\"Armari 22ct V-Shape Gold Hoop Earrings with Ball Drops\",\"isPartOf\":{\"@id\":\"https:\\\/\\\/www.purejewels.com\\\/#website\"},\"primaryImageOfPage\":{\"@id\":\"https:\\\/\\\/www.purejewels.com\\\/product\\\/armari-22ct-gold-v-shape-hoops-with-ball-drops-52311\\\/#primaryimage\"},\"image\":{\"@id\":\"https:\\\/\\\/www.purejewels.com\\\/product\\\/armari-22ct-gold-v-shape-hoops-with-ball-drops-52311\\\/#primaryimage\"},\"thumbnailUrl\":\"https:\\\/\\\/static.purejewels.com\\\/wp-content\\\/uploads\\\/2025\\\/07\\\/SKU-52310.1.jpg\",\"datePublished\":\"2025-09-20T05:15:18+00:00\",\"dateModified\":\"2026-03-27T05:27:22+00:00\",\"description\":\"Discover 22ct V-shape gold hoop earrings from the Armari collection, adorned with floral carving and ball droppers. Elegant and timeless Indian design.\",\"breadcrumb\":{\"@id\":\"https:\\\/\\\/www.purejewels.com\\\/product\\\/armari-22ct-gold-v-shape-hoops-with-ball-drops-52311\\\/#breadcrumb\"},\"inLanguage\":\"de\",\"potentialAction\":[{\"@type\":\"ReadAction\",\"target\":[\"https:\\\/\\\/www.purejewels.com\\\/product\\\/armari-22ct-gold-v-shape-hoops-with-ball-drops-52311\\\/\"]}]},{\"@type\":\"ImageObject\",\"inLanguage\":\"de\",\"@id\":\"https:\\\/\\\/www.purejewels.com\\\/product\\\/armari-22ct-gold-v-shape-hoops-with-ball-drops-52311\\\/#primaryimage\",\"url\":\"https:\\\/\\\/static.purejewels.com\\\/wp-content\\\/uploads\\\/2025\\\/07\\\/SKU-52310.1.jpg\",\"contentUrl\":\"https:\\\/\\\/static.purejewels.com\\\/wp-content\\\/uploads\\\/2025\\\/07\\\/SKU-52310.1.jpg\",\"width\":1000,\"height\":1000,\"caption\":\"52311\"},{\"@type\":\"BreadcrumbList\",\"@id\":\"https:\\\/\\\/www.purejewels.com\\\/product\\\/armari-22ct-gold-v-shape-hoops-with-ball-drops-52311\\\/#breadcrumb\",\"itemListElement\":[{\"@type\":\"ListItem\",\"position\":1,\"name\":\"Home\",\"item\":\"https:\\\/\\\/www.purejewels.com\\\/\"},{\"@type\":\"ListItem\",\"position\":2,\"name\":\"Shop\",\"item\":\"https:\\\/\\\/www.purejewels.com\\\/shop\\\/\"},{\"@type\":\"ListItem\",\"position\":3,\"name\":\"22ct Gold V-Shape Hoops with Drop\"}]},{\"@type\":\"WebSite\",\"@id\":\"https:\\\/\\\/www.purejewels.com\\\/#website\",\"url\":\"https:\\\/\\\/www.purejewels.com\\\/\",\"name\":\"PureJewels UK\",\"description\":\"Share the Love\",\"publisher\":{\"@id\":\"https:\\\/\\\/www.purejewels.com\\\/#organization\"},\"potentialAction\":[{\"@type\":\"SearchAction\",\"target\":{\"@type\":\"EntryPoint\",\"urlTemplate\":\"https:\\\/\\\/www.purejewels.com\\\/?s={search_term_string}\"},\"query-input\":{\"@type\":\"PropertyValueSpecification\",\"valueRequired\":true,\"valueName\":\"search_term_string\"}}],\"inLanguage\":\"de\"},{\"@type\":\"Organization\",\"@id\":\"https:\\\/\\\/www.purejewels.com\\\/#organization\",\"name\":\"PureJewels UK\",\"url\":\"https:\\\/\\\/www.purejewels.com\\\/\",\"logo\":{\"@type\":\"ImageObject\",\"inLanguage\":\"de\",\"@id\":\"https:\\\/\\\/www.purejewels.com\\\/#\\\/schema\\\/logo\\\/image\\\/\",\"url\":\"https:\\\/\\\/static.purejewels.com\\\/wp-content\\\/uploads\\\/2020\\\/11\\\/Logo-PJ-New-1.png\",\"contentUrl\":\"https:\\\/\\\/static.purejewels.com\\\/wp-content\\\/uploads\\\/2020\\\/11\\\/Logo-PJ-New-1.png\",\"width\":150,\"height\":80,\"caption\":\"PureJewels UK\"},\"image\":{\"@id\":\"https:\\\/\\\/www.purejewels.com\\\/#\\\/schema\\\/logo\\\/image\\\/\"}}]}<\/script>\n<!-- \/ Yoast SEO plugin. -->","yoast_head_json":{"title":"Armari 22kt. V-f\u00f6rmige goldene Creolen mit Kugeltropfen","description":"Entdecken Sie V-f\u00f6rmige 22-kar\u00e4tige Goldohrringe aus der Armari-Kollektion, die mit floralen Schnitzereien und Kugeltropfen verziert sind. Elegantes und zeitloses indisches Design.","robots":{"index":"index","follow":"follow","max-snippet":"max-snippet:-1","max-image-preview":"max-image-preview:large","max-video-preview":"max-video-preview:-1"},"canonical":"https:\/\/www.purejewels.com\/de\/produkt-2\/armari-22-kt-gold-v-form-reifen-mit-kugel-tropfen-52311\/","og_locale":"de_DE","og_type":"article","og_title":"Armari 22ct V-Shape Gold Hoop Earrings with Ball Drops","og_description":"Discover 22ct V-shape gold hoop earrings from the Armari collection, adorned with floral carving and ball droppers. Elegant and timeless Indian design.","og_url":"https:\/\/www.purejewels.com\/de\/produkt-2\/armari-22-kt-gold-v-form-reifen-mit-kugel-tropfen-52311\/","og_site_name":"PureJewels UK","article_modified_time":"2026-03-27T05:27:22+00:00","og_image":[{"width":1000,"height":1000,"url":"https:\/\/static.purejewels.com\/wp-content\/uploads\/2025\/07\/SKU-52310.1.jpg","type":"image\/jpeg"}],"twitter_card":"summary_large_image","twitter_misc":{"Gesch\u00e4tzte Lesezeit":"1\u00a0Minute"},"schema":{"@context":"https:\/\/schema.org","@graph":[{"@type":["WebPage","ItemPage"],"@id":"https:\/\/www.purejewels.com\/product\/armari-22ct-gold-v-shape-hoops-with-ball-drops-52311\/","url":"https:\/\/www.purejewels.com\/product\/armari-22ct-gold-v-shape-hoops-with-ball-drops-52311\/","name":"Armari 22kt. V-f\u00f6rmige goldene Creolen mit Kugeltropfen","isPartOf":{"@id":"https:\/\/www.purejewels.com\/#website"},"primaryImageOfPage":{"@id":"https:\/\/www.purejewels.com\/product\/armari-22ct-gold-v-shape-hoops-with-ball-drops-52311\/#primaryimage"},"image":{"@id":"https:\/\/www.purejewels.com\/product\/armari-22ct-gold-v-shape-hoops-with-ball-drops-52311\/#primaryimage"},"thumbnailUrl":"https:\/\/static.purejewels.com\/wp-content\/uploads\/2025\/07\/SKU-52310.1.jpg","datePublished":"2025-09-20T05:15:18+00:00","dateModified":"2026-03-27T05:27:22+00:00","description":"Entdecken Sie V-f\u00f6rmige 22-kar\u00e4tige Goldohrringe aus der Armari-Kollektion, die mit floralen Schnitzereien und Kugeltropfen verziert sind. Elegantes und zeitloses indisches Design.","breadcrumb":{"@id":"https:\/\/www.purejewels.com\/product\/armari-22ct-gold-v-shape-hoops-with-ball-drops-52311\/#breadcrumb"},"inLanguage":"de","potentialAction":[{"@type":"ReadAction","target":["https:\/\/www.purejewels.com\/product\/armari-22ct-gold-v-shape-hoops-with-ball-drops-52311\/"]}]},{"@type":"ImageObject","inLanguage":"de","@id":"https:\/\/www.purejewels.com\/product\/armari-22ct-gold-v-shape-hoops-with-ball-drops-52311\/#primaryimage","url":"https:\/\/static.purejewels.com\/wp-content\/uploads\/2025\/07\/SKU-52310.1.jpg","contentUrl":"https:\/\/static.purejewels.com\/wp-content\/uploads\/2025\/07\/SKU-52310.1.jpg","width":1000,"height":1000,"caption":"52311"},{"@type":"BreadcrumbList","@id":"https:\/\/www.purejewels.com\/product\/armari-22ct-gold-v-shape-hoops-with-ball-drops-52311\/#breadcrumb","itemListElement":[{"@type":"ListItem","position":1,"name":"Home","item":"https:\/\/www.purejewels.com\/"},{"@type":"ListItem","position":2,"name":"Shop","item":"https:\/\/www.purejewels.com\/shop\/"},{"@type":"ListItem","position":3,"name":"22ct Gold V-Shape Hoops with Drop"}]},{"@type":"WebSite","@id":"https:\/\/www.purejewels.com\/#website","url":"https:\/\/www.purejewels.com\/","name":"PureJewels UK","description":"Teile die Liebe","publisher":{"@id":"https:\/\/www.purejewels.com\/#organization"},"potentialAction":[{"@type":"SearchAction","target":{"@type":"EntryPoint","urlTemplate":"https:\/\/www.purejewels.com\/?s={search_term_string}"},"query-input":{"@type":"PropertyValueSpecification","valueRequired":true,"valueName":"search_term_string"}}],"inLanguage":"de"},{"@type":"Organization","@id":"https:\/\/www.purejewels.com\/#organization","name":"PureJewels UK","url":"https:\/\/www.purejewels.com\/","logo":{"@type":"ImageObject","inLanguage":"de","@id":"https:\/\/www.purejewels.com\/#\/schema\/logo\/image\/","url":"https:\/\/static.purejewels.com\/wp-content\/uploads\/2020\/11\/Logo-PJ-New-1.png","contentUrl":"https:\/\/static.purejewels.com\/wp-content\/uploads\/2020\/11\/Logo-PJ-New-1.png","width":150,"height":80,"caption":"PureJewels UK"},"image":{"@id":"https:\/\/www.purejewels.com\/#\/schema\/logo\/image\/"}}]}},"_links":{"self":[{"href":"https:\/\/www.purejewels.com\/de\/wp-json\/wp\/v2\/product\/404586","targetHints":{"allow":["GET"]}}],"collection":[{"href":"https:\/\/www.purejewels.com\/de\/wp-json\/wp\/v2\/product"}],"about":[{"href":"https:\/\/www.purejewels.com\/de\/wp-json\/wp\/v2\/types\/product"}],"replies":[{"embeddable":true,"href":"https:\/\/www.purejewels.com\/de\/wp-json\/wp\/v2\/comments?post=404586"}],"version-history":[{"count":3,"href":"https:\/\/www.purejewels.com\/de\/wp-json\/wp\/v2\/product\/404586\/revisions"}],"predecessor-version":[{"id":426271,"href":"https:\/\/www.purejewels.com\/de\/wp-json\/wp\/v2\/product\/404586\/revisions\/426271"}],"wp:featuredmedia":[{"embeddable":true,"href":"https:\/\/www.purejewels.com\/de\/wp-json\/wp\/v2\/media\/404587"}],"wp:attachment":[{"href":"https:\/\/www.purejewels.com\/de\/wp-json\/wp\/v2\/media?parent=404586"}],"wp:term":[{"taxonomy":"product_brand","embeddable":true,"href":"https:\/\/www.purejewels.com\/de\/wp-json\/wp\/v2\/product_brand?post=404586"},{"taxonomy":"product_cat","embeddable":true,"href":"https:\/\/www.purejewels.com\/de\/wp-json\/wp\/v2\/product_cat?post=404586"},{"taxonomy":"product_tag","embeddable":true,"href":"https:\/\/www.purejewels.com\/de\/wp-json\/wp\/v2\/product_tag?post=404586"}],"curies":[{"name":"wp","href":"https:\/\/api.w.org\/{rel}","templated":true}]}}