{"id":404648,"date":"2025-07-14T11:55:23","date_gmt":"2025-07-14T10:55:23","guid":{"rendered":"https:\/\/www.purejewels.com\/?post_type=product&#038;p=404648"},"modified":"2026-01-06T06:53:49","modified_gmt":"2026-01-06T06:53:49","slug":"traditionelle-goldene-jhumkas-50769","status":"publish","type":"product","link":"https:\/\/www.purejewels.com\/de\/product\/traditional-gold-jhumkas-50769\/","title":{"rendered":"Traditionelle Gold-Jhumkas"},"content":{"rendered":"<p data-start=\"1305\" data-end=\"1579\">Zelebrieren Sie die Tradition mit dem zeitlosen Charme dieser <strong data-start=\"1358\" data-end=\"1396\">Filigrane Jhumka-Ohrringe aus 22 Karat Gold<\/strong>. Jeder Ohrring ist mit einem filigranen, tropfenf\u00f6rmigen Ohrstecker und einer aufw\u00e4ndig gefertigten Kuppelbasis versehen, die mit filigranen Mustern und zarten Goldperlen verziert ist.<\/p>\n<p data-start=\"1581\" data-end=\"1866\">Das Design ist eine Hommage an die klassische indische Handwerkskunst und damit eine ideale Wahl f\u00fcr Hochzeiten, festliche Anl\u00e4sse oder kulturelle Zusammenk\u00fcnfte. Die leichten, aber dennoch auff\u00e4lligen Ohrringe bringen Eleganz und Bewegung in Ihren Look und bewahren gleichzeitig die Authentizit\u00e4t von traditionellem Schmuck.<\/p>","protected":false},"excerpt":{"rendered":"<p>Diese traditionellen filigranen Jhumkas aus reinem Gold bieten eine raffinierte Textur, einen tropfenf\u00f6rmigen Ohrstecker und eine anmutige Bewegung - perfekt f\u00fcr festliche Anl\u00e4sse.<\/p>\n<p><strong>Material:<\/strong>\u00a022ct Gold<br \/>\n<strong>Wahrzeichen:<\/strong>\u00a0Britisches G\u00fctesiegel<br \/>\n<strong>SKU:<\/strong> 50769<br \/>\n<strong>Bruttogewicht:<\/strong> 17.10 Gms<\/p>\n<p><strong>Preis und Lieferung:<\/strong>\u00a0Inklusive Mehrwertsteuer und Lieferkosten<br \/>\n<a href=\"https:\/\/www.purejewels.com\/de\/ruckgabepolitik\/\"><strong>R\u00fcckgabepolitik<\/strong><\/a><\/p>","protected":false},"featured_media":404650,"comment_status":"closed","ping_status":"closed","template":"","meta":{"_eb_attr":"","_crsspst_to_jayantr4sg-hostcom":true},"product_brand":[],"product_cat":[1791,5315,236,1254,1229,252,5611,1578,1570,1573,1574,5349],"product_tag":[66],"class_list":{"0":"post-404648","1":"product","2":"type-product","3":"status-publish","4":"has-post-thumbnail","6":"product_cat-anniversary-gifts","7":"product_cat-bridal-and-wedding-earrings","8":"product_cat-collections","9":"product_cat-gold-earrings","10":"product_cat-22ct-gold-jewellery","11":"product_cat-jali-collections","12":"product_cat-jali-earrings","13":"product_cat-jhumkha-earrings","14":"product_cat-mothers-day-gifts","15":"product_cat-wedding-gifts","16":"product_cat-womens-jewellery","17":"product_cat-yellow-gold-jewellery","18":"product_tag-earrings","20":"first","21":"outofstock","22":"taxable","23":"shipping-taxable","24":"product-type-simple","25":"add-to-wishlist-before_image"},"yoast_head":"<!-- This site is optimized with the Yoast SEO plugin v27.4 - https:\/\/yoast.com\/product\/yoast-seo-wordpress\/ -->\n<title>22ct Gold Filigree Jhumka Earrings | Traditional Gold Jhumkas<\/title>\n<meta name=\"description\" content=\"Discover 22ct Gold Filigree Jhumka Earrings with ornate teardrop tops and domed danglers. A perfect blend of tradition and elegance for festive wear.\" \/>\n<meta name=\"robots\" content=\"index, follow, max-snippet:-1, max-image-preview:large, max-video-preview:-1\" \/>\n<link rel=\"canonical\" href=\"https:\/\/www.purejewels.com\/de\/produkt-2\/traditionelle-goldene-jhumkas-50769\/\" \/>\n<meta property=\"og:locale\" content=\"de_DE\" \/>\n<meta property=\"og:type\" content=\"article\" \/>\n<meta property=\"og:title\" content=\"22ct Gold Filigree Jhumka Earrings | Traditional Gold Jhumkas\" \/>\n<meta property=\"og:description\" content=\"Discover 22ct Gold Filigree Jhumka Earrings with ornate teardrop tops and domed danglers. A perfect blend of tradition and elegance for festive wear.\" \/>\n<meta property=\"og:url\" content=\"https:\/\/www.purejewels.com\/de\/produkt-2\/traditionelle-goldene-jhumkas-50769\/\" \/>\n<meta property=\"og:site_name\" content=\"PureJewels UK\" \/>\n<meta property=\"article:modified_time\" content=\"2026-01-06T06:53:49+00:00\" \/>\n<meta property=\"og:image\" content=\"https:\/\/www.purejewels.com\/wp-content\/uploads\/2025\/07\/SKU-50769.jpg\" \/>\n\t<meta property=\"og:image:width\" content=\"1000\" \/>\n\t<meta property=\"og:image:height\" content=\"1000\" \/>\n\t<meta property=\"og:image:type\" content=\"image\/jpeg\" \/>\n<meta name=\"twitter:card\" content=\"summary_large_image\" \/>\n<script type=\"application\/ld+json\" class=\"yoast-schema-graph\">{\"@context\":\"https:\\\/\\\/schema.org\",\"@graph\":[{\"@type\":[\"WebPage\",\"ItemPage\"],\"@id\":\"https:\\\/\\\/www.purejewels.com\\\/product\\\/traditional-gold-jhumkas-50769\\\/\",\"url\":\"https:\\\/\\\/www.purejewels.com\\\/product\\\/traditional-gold-jhumkas-50769\\\/\",\"name\":\"22ct Gold Filigree Jhumka Earrings | Traditional Gold Jhumkas\",\"isPartOf\":{\"@id\":\"https:\\\/\\\/www.purejewels.com\\\/#website\"},\"primaryImageOfPage\":{\"@id\":\"https:\\\/\\\/www.purejewels.com\\\/product\\\/traditional-gold-jhumkas-50769\\\/#primaryimage\"},\"image\":{\"@id\":\"https:\\\/\\\/www.purejewels.com\\\/product\\\/traditional-gold-jhumkas-50769\\\/#primaryimage\"},\"thumbnailUrl\":\"https:\\\/\\\/static.purejewels.com\\\/wp-content\\\/uploads\\\/2025\\\/07\\\/SKU-50769.jpg\",\"datePublished\":\"2025-07-14T10:55:23+00:00\",\"dateModified\":\"2026-01-06T06:53:49+00:00\",\"description\":\"Discover 22ct Gold Filigree Jhumka Earrings with ornate teardrop tops and domed danglers. A perfect blend of tradition and elegance for festive wear.\",\"breadcrumb\":{\"@id\":\"https:\\\/\\\/www.purejewels.com\\\/product\\\/traditional-gold-jhumkas-50769\\\/#breadcrumb\"},\"inLanguage\":\"de\",\"potentialAction\":[{\"@type\":\"ReadAction\",\"target\":[\"https:\\\/\\\/www.purejewels.com\\\/product\\\/traditional-gold-jhumkas-50769\\\/\"]}]},{\"@type\":\"ImageObject\",\"inLanguage\":\"de\",\"@id\":\"https:\\\/\\\/www.purejewels.com\\\/product\\\/traditional-gold-jhumkas-50769\\\/#primaryimage\",\"url\":\"https:\\\/\\\/static.purejewels.com\\\/wp-content\\\/uploads\\\/2025\\\/07\\\/SKU-50769.jpg\",\"contentUrl\":\"https:\\\/\\\/static.purejewels.com\\\/wp-content\\\/uploads\\\/2025\\\/07\\\/SKU-50769.jpg\",\"width\":1000,\"height\":1000,\"caption\":\"Traditional Gold Jhumkas\"},{\"@type\":\"BreadcrumbList\",\"@id\":\"https:\\\/\\\/www.purejewels.com\\\/product\\\/traditional-gold-jhumkas-50769\\\/#breadcrumb\",\"itemListElement\":[{\"@type\":\"ListItem\",\"position\":1,\"name\":\"Home\",\"item\":\"https:\\\/\\\/www.purejewels.com\\\/\"},{\"@type\":\"ListItem\",\"position\":2,\"name\":\"Shop\",\"item\":\"https:\\\/\\\/www.purejewels.com\\\/shop\\\/\"},{\"@type\":\"ListItem\",\"position\":3,\"name\":\"Traditional Gold Jhumkas\"}]},{\"@type\":\"WebSite\",\"@id\":\"https:\\\/\\\/www.purejewels.com\\\/#website\",\"url\":\"https:\\\/\\\/www.purejewels.com\\\/\",\"name\":\"PureJewels UK\",\"description\":\"Share the Love\",\"publisher\":{\"@id\":\"https:\\\/\\\/www.purejewels.com\\\/#organization\"},\"potentialAction\":[{\"@type\":\"SearchAction\",\"target\":{\"@type\":\"EntryPoint\",\"urlTemplate\":\"https:\\\/\\\/www.purejewels.com\\\/?s={search_term_string}\"},\"query-input\":{\"@type\":\"PropertyValueSpecification\",\"valueRequired\":true,\"valueName\":\"search_term_string\"}}],\"inLanguage\":\"de\"},{\"@type\":\"Organization\",\"@id\":\"https:\\\/\\\/www.purejewels.com\\\/#organization\",\"name\":\"PureJewels UK\",\"url\":\"https:\\\/\\\/www.purejewels.com\\\/\",\"logo\":{\"@type\":\"ImageObject\",\"inLanguage\":\"de\",\"@id\":\"https:\\\/\\\/www.purejewels.com\\\/#\\\/schema\\\/logo\\\/image\\\/\",\"url\":\"https:\\\/\\\/static.purejewels.com\\\/wp-content\\\/uploads\\\/2020\\\/11\\\/Logo-PJ-New-1.png\",\"contentUrl\":\"https:\\\/\\\/static.purejewels.com\\\/wp-content\\\/uploads\\\/2020\\\/11\\\/Logo-PJ-New-1.png\",\"width\":150,\"height\":80,\"caption\":\"PureJewels UK\"},\"image\":{\"@id\":\"https:\\\/\\\/www.purejewels.com\\\/#\\\/schema\\\/logo\\\/image\\\/\"}}]}<\/script>\n<!-- \/ Yoast SEO plugin. -->","yoast_head_json":{"title":"Filigrane Jhumka-Ohrringe aus 22 Karat Gold | Traditionelle Gold-Jhumkas","description":"Entdecken Sie die filigranen Jhumka-Ohrringe aus 22 Karat Gold mit verschn\u00f6rkelten Tr\u00e4nenspitzen und gew\u00f6lbten B\u00fcgeln. Eine perfekte Mischung aus Tradition und Eleganz f\u00fcr festliche Anl\u00e4sse.","robots":{"index":"index","follow":"follow","max-snippet":"max-snippet:-1","max-image-preview":"max-image-preview:large","max-video-preview":"max-video-preview:-1"},"canonical":"https:\/\/www.purejewels.com\/de\/produkt-2\/traditionelle-goldene-jhumkas-50769\/","og_locale":"de_DE","og_type":"article","og_title":"22ct Gold Filigree Jhumka Earrings | Traditional Gold Jhumkas","og_description":"Discover 22ct Gold Filigree Jhumka Earrings with ornate teardrop tops and domed danglers. A perfect blend of tradition and elegance for festive wear.","og_url":"https:\/\/www.purejewels.com\/de\/produkt-2\/traditionelle-goldene-jhumkas-50769\/","og_site_name":"PureJewels UK","article_modified_time":"2026-01-06T06:53:49+00:00","og_image":[{"width":1000,"height":1000,"url":"https:\/\/www.purejewels.com\/wp-content\/uploads\/2025\/07\/SKU-50769.jpg","type":"image\/jpeg"}],"twitter_card":"summary_large_image","schema":{"@context":"https:\/\/schema.org","@graph":[{"@type":["WebPage","ItemPage"],"@id":"https:\/\/www.purejewels.com\/product\/traditional-gold-jhumkas-50769\/","url":"https:\/\/www.purejewels.com\/product\/traditional-gold-jhumkas-50769\/","name":"Filigrane Jhumka-Ohrringe aus 22 Karat Gold | Traditionelle Gold-Jhumkas","isPartOf":{"@id":"https:\/\/www.purejewels.com\/#website"},"primaryImageOfPage":{"@id":"https:\/\/www.purejewels.com\/product\/traditional-gold-jhumkas-50769\/#primaryimage"},"image":{"@id":"https:\/\/www.purejewels.com\/product\/traditional-gold-jhumkas-50769\/#primaryimage"},"thumbnailUrl":"https:\/\/static.purejewels.com\/wp-content\/uploads\/2025\/07\/SKU-50769.jpg","datePublished":"2025-07-14T10:55:23+00:00","dateModified":"2026-01-06T06:53:49+00:00","description":"Entdecken Sie die filigranen Jhumka-Ohrringe aus 22 Karat Gold mit verschn\u00f6rkelten Tr\u00e4nenspitzen und gew\u00f6lbten B\u00fcgeln. Eine perfekte Mischung aus Tradition und Eleganz f\u00fcr festliche Anl\u00e4sse.","breadcrumb":{"@id":"https:\/\/www.purejewels.com\/product\/traditional-gold-jhumkas-50769\/#breadcrumb"},"inLanguage":"de","potentialAction":[{"@type":"ReadAction","target":["https:\/\/www.purejewels.com\/product\/traditional-gold-jhumkas-50769\/"]}]},{"@type":"ImageObject","inLanguage":"de","@id":"https:\/\/www.purejewels.com\/product\/traditional-gold-jhumkas-50769\/#primaryimage","url":"https:\/\/static.purejewels.com\/wp-content\/uploads\/2025\/07\/SKU-50769.jpg","contentUrl":"https:\/\/static.purejewels.com\/wp-content\/uploads\/2025\/07\/SKU-50769.jpg","width":1000,"height":1000,"caption":"Traditional Gold Jhumkas"},{"@type":"BreadcrumbList","@id":"https:\/\/www.purejewels.com\/product\/traditional-gold-jhumkas-50769\/#breadcrumb","itemListElement":[{"@type":"ListItem","position":1,"name":"Home","item":"https:\/\/www.purejewels.com\/"},{"@type":"ListItem","position":2,"name":"Shop","item":"https:\/\/www.purejewels.com\/shop\/"},{"@type":"ListItem","position":3,"name":"Traditional Gold Jhumkas"}]},{"@type":"WebSite","@id":"https:\/\/www.purejewels.com\/#website","url":"https:\/\/www.purejewels.com\/","name":"PureJewels UK","description":"Teile die Liebe","publisher":{"@id":"https:\/\/www.purejewels.com\/#organization"},"potentialAction":[{"@type":"SearchAction","target":{"@type":"EntryPoint","urlTemplate":"https:\/\/www.purejewels.com\/?s={search_term_string}"},"query-input":{"@type":"PropertyValueSpecification","valueRequired":true,"valueName":"search_term_string"}}],"inLanguage":"de"},{"@type":"Organization","@id":"https:\/\/www.purejewels.com\/#organization","name":"PureJewels UK","url":"https:\/\/www.purejewels.com\/","logo":{"@type":"ImageObject","inLanguage":"de","@id":"https:\/\/www.purejewels.com\/#\/schema\/logo\/image\/","url":"https:\/\/static.purejewels.com\/wp-content\/uploads\/2020\/11\/Logo-PJ-New-1.png","contentUrl":"https:\/\/static.purejewels.com\/wp-content\/uploads\/2020\/11\/Logo-PJ-New-1.png","width":150,"height":80,"caption":"PureJewels UK"},"image":{"@id":"https:\/\/www.purejewels.com\/#\/schema\/logo\/image\/"}}]}},"_links":{"self":[{"href":"https:\/\/www.purejewels.com\/de\/wp-json\/wp\/v2\/product\/404648","targetHints":{"allow":["GET"]}}],"collection":[{"href":"https:\/\/www.purejewels.com\/de\/wp-json\/wp\/v2\/product"}],"about":[{"href":"https:\/\/www.purejewels.com\/de\/wp-json\/wp\/v2\/types\/product"}],"replies":[{"embeddable":true,"href":"https:\/\/www.purejewels.com\/de\/wp-json\/wp\/v2\/comments?post=404648"}],"version-history":[{"count":1,"href":"https:\/\/www.purejewels.com\/de\/wp-json\/wp\/v2\/product\/404648\/revisions"}],"predecessor-version":[{"id":404652,"href":"https:\/\/www.purejewels.com\/de\/wp-json\/wp\/v2\/product\/404648\/revisions\/404652"}],"wp:featuredmedia":[{"embeddable":true,"href":"https:\/\/www.purejewels.com\/de\/wp-json\/wp\/v2\/media\/404650"}],"wp:attachment":[{"href":"https:\/\/www.purejewels.com\/de\/wp-json\/wp\/v2\/media?parent=404648"}],"wp:term":[{"taxonomy":"product_brand","embeddable":true,"href":"https:\/\/www.purejewels.com\/de\/wp-json\/wp\/v2\/product_brand?post=404648"},{"taxonomy":"product_cat","embeddable":true,"href":"https:\/\/www.purejewels.com\/de\/wp-json\/wp\/v2\/product_cat?post=404648"},{"taxonomy":"product_tag","embeddable":true,"href":"https:\/\/www.purejewels.com\/de\/wp-json\/wp\/v2\/product_tag?post=404648"}],"curies":[{"name":"wp","href":"https:\/\/api.w.org\/{rel}","templated":true}]}}