{"id":404964,"date":"2025-07-10T11:48:18","date_gmt":"2025-07-10T10:48:18","guid":{"rendered":"https:\/\/www.purejewels.com\/?post_type=product&#038;p=404964"},"modified":"2026-02-27T04:20:41","modified_gmt":"2026-02-27T04:20:41","slug":"polki-line-ohrringe-in-rosegold-51259","status":"publish","type":"product","link":"https:\/\/www.purejewels.com\/de\/product\/rose-gold-polki-line-earrings-51259\/","title":{"rendered":"Synthetische Polki-Ohrringe in Ros\u00e9gold"},"content":{"rendered":"<p>Die Polki Line Ohrringe aus 22 Karat Ros\u00e9gold, die f\u00fcr subtiles Funkeln und zeitlose Eleganz stehen, wiegen nur 3,7 Gramm. Jeder Ohrring besteht aus einer schmalen vertikalen Reihe synthetischer Polki-Steine, die an klassischen Fischhaken aufgeh\u00e4ngt sind und m\u00fchelos getragen werden k\u00f6nnen. Die minimalistische Silhouette verleiht einen raffinierten Charme, ob zu festlichen Ensembles oder als t\u00e4gliches Accessoire. Die leichten und vielseitigen Schmuckst\u00fccke bieten die perfekte Mischung aus traditionellen Details und modernem Design.<\/p>","protected":false},"excerpt":{"rendered":"<p>Die Polki Line Ohrringe aus Ros\u00e9gold haben ein zartes, einzeiliges Design, das aus 22-kar\u00e4tigem Gold gefertigt und mit funkelnden synthetischen Polkisteinen besetzt ist. Eine anmutige Wahl f\u00fcr den Alltag oder f\u00fcr besondere Anl\u00e4sse.<\/p>\n<ul>\n<li><strong>Material:<\/strong>\u00a022ct Gold<\/li>\n<li><strong>Wahrzeichen:\u00a0<\/strong>Britisches G\u00fctesiegel<\/li>\n<li><strong>Bruttogewicht: <\/strong>3,70 Gramm<\/li>\n<li><strong>SKU: <\/strong>51259<\/li>\n<\/ul>\n<p><strong><br \/>\nPreis und Lieferung:\u00a0<\/strong>Inklusive Mehrwertsteuer und Lieferkosten<br \/>\n<strong><a href=\"https:\/\/www.purejewels.com\/de\/ruckgabepolitik\/\">R\u00fcckgabepolitik<\/a><\/strong><\/p>","protected":false},"featured_media":404969,"comment_status":"closed","ping_status":"closed","template":"","meta":{"_eb_attr":"","_crsspst_to_jayantr4sg-hostcom":false},"product_brand":[],"product_cat":[1791,1685,1254,1229,1573,1574],"product_tag":[],"class_list":{"0":"post-404964","1":"product","2":"type-product","3":"status-publish","4":"has-post-thumbnail","6":"product_cat-anniversary-gifts","7":"product_cat-drop-earrings","8":"product_cat-gold-earrings","9":"product_cat-22ct-gold-jewellery","10":"product_cat-wedding-gifts","11":"product_cat-womens-jewellery","13":"first","14":"onbackorder","15":"taxable","16":"shipping-taxable","17":"product-type-simple","18":"add-to-wishlist-before_image"},"yoast_head":"<!-- This site is optimized with the Yoast SEO plugin v27.4 - https:\/\/yoast.com\/product\/yoast-seo-wordpress\/ -->\n<title>Rose Gold Line Earrings in 22ct with Synthetic Polki<\/title>\n<meta name=\"description\" content=\"Elegant 22ct rose gold line earrings with synthetic polki stones. Lightweight and minimal\u2014perfect for daily wear or festive styling.\" \/>\n<meta name=\"robots\" content=\"index, follow, max-snippet:-1, max-image-preview:large, max-video-preview:-1\" \/>\n<link rel=\"canonical\" href=\"https:\/\/www.purejewels.com\/de\/produkt-2\/polki-line-ohrringe-in-rosegold-51259\/\" \/>\n<meta property=\"og:locale\" content=\"de_DE\" \/>\n<meta property=\"og:type\" content=\"article\" \/>\n<meta property=\"og:title\" content=\"Rose Gold Line Earrings in 22ct with Synthetic Polki\" \/>\n<meta property=\"og:description\" content=\"Elegant 22ct rose gold line earrings with synthetic polki stones. Lightweight and minimal\u2014perfect for daily wear or festive styling.\" \/>\n<meta property=\"og:url\" content=\"https:\/\/www.purejewels.com\/de\/produkt-2\/polki-line-ohrringe-in-rosegold-51259\/\" \/>\n<meta property=\"og:site_name\" content=\"PureJewels UK\" \/>\n<meta property=\"article:modified_time\" content=\"2026-02-27T04:20:41+00:00\" \/>\n<meta property=\"og:image\" content=\"https:\/\/static.purejewels.com\/wp-content\/uploads\/2025\/07\/SKU-51259.1.jpg\" \/>\n\t<meta property=\"og:image:width\" content=\"1000\" \/>\n\t<meta property=\"og:image:height\" content=\"1000\" \/>\n\t<meta property=\"og:image:type\" content=\"image\/jpeg\" \/>\n<meta name=\"twitter:card\" content=\"summary_large_image\" \/>\n<meta name=\"twitter:label1\" content=\"Gesch\u00e4tzte Lesezeit\" \/>\n\t<meta name=\"twitter:data1\" content=\"1\u00a0Minute\" \/>\n<script type=\"application\/ld+json\" class=\"yoast-schema-graph\">{\"@context\":\"https:\\\/\\\/schema.org\",\"@graph\":[{\"@type\":[\"WebPage\",\"ItemPage\"],\"@id\":\"https:\\\/\\\/www.purejewels.com\\\/product\\\/rose-gold-polki-line-earrings-51259\\\/\",\"url\":\"https:\\\/\\\/www.purejewels.com\\\/product\\\/rose-gold-polki-line-earrings-51259\\\/\",\"name\":\"Rose Gold Line Earrings in 22ct with Synthetic Polki\",\"isPartOf\":{\"@id\":\"https:\\\/\\\/www.purejewels.com\\\/#website\"},\"primaryImageOfPage\":{\"@id\":\"https:\\\/\\\/www.purejewels.com\\\/product\\\/rose-gold-polki-line-earrings-51259\\\/#primaryimage\"},\"image\":{\"@id\":\"https:\\\/\\\/www.purejewels.com\\\/product\\\/rose-gold-polki-line-earrings-51259\\\/#primaryimage\"},\"thumbnailUrl\":\"https:\\\/\\\/static.purejewels.com\\\/wp-content\\\/uploads\\\/2025\\\/07\\\/SKU-51259.1.jpg\",\"datePublished\":\"2025-07-10T10:48:18+00:00\",\"dateModified\":\"2026-02-27T04:20:41+00:00\",\"description\":\"Elegant 22ct rose gold line earrings with synthetic polki stones. Lightweight and minimal\u2014perfect for daily wear or festive styling.\",\"breadcrumb\":{\"@id\":\"https:\\\/\\\/www.purejewels.com\\\/product\\\/rose-gold-polki-line-earrings-51259\\\/#breadcrumb\"},\"inLanguage\":\"de\",\"potentialAction\":[{\"@type\":\"ReadAction\",\"target\":[\"https:\\\/\\\/www.purejewels.com\\\/product\\\/rose-gold-polki-line-earrings-51259\\\/\"]}]},{\"@type\":\"ImageObject\",\"inLanguage\":\"de\",\"@id\":\"https:\\\/\\\/www.purejewels.com\\\/product\\\/rose-gold-polki-line-earrings-51259\\\/#primaryimage\",\"url\":\"https:\\\/\\\/static.purejewels.com\\\/wp-content\\\/uploads\\\/2025\\\/07\\\/SKU-51259.1.jpg\",\"contentUrl\":\"https:\\\/\\\/static.purejewels.com\\\/wp-content\\\/uploads\\\/2025\\\/07\\\/SKU-51259.1.jpg\",\"width\":1000,\"height\":1000,\"caption\":\"Rose Gold Polki Line Earrings\"},{\"@type\":\"BreadcrumbList\",\"@id\":\"https:\\\/\\\/www.purejewels.com\\\/product\\\/rose-gold-polki-line-earrings-51259\\\/#breadcrumb\",\"itemListElement\":[{\"@type\":\"ListItem\",\"position\":1,\"name\":\"Home\",\"item\":\"https:\\\/\\\/www.purejewels.com\\\/\"},{\"@type\":\"ListItem\",\"position\":2,\"name\":\"Shop\",\"item\":\"https:\\\/\\\/www.purejewels.com\\\/shop\\\/\"},{\"@type\":\"ListItem\",\"position\":3,\"name\":\"Rose Gold Synthetic Polki Earrings\"}]},{\"@type\":\"WebSite\",\"@id\":\"https:\\\/\\\/www.purejewels.com\\\/#website\",\"url\":\"https:\\\/\\\/www.purejewels.com\\\/\",\"name\":\"PureJewels UK\",\"description\":\"Share the Love\",\"publisher\":{\"@id\":\"https:\\\/\\\/www.purejewels.com\\\/#organization\"},\"potentialAction\":[{\"@type\":\"SearchAction\",\"target\":{\"@type\":\"EntryPoint\",\"urlTemplate\":\"https:\\\/\\\/www.purejewels.com\\\/?s={search_term_string}\"},\"query-input\":{\"@type\":\"PropertyValueSpecification\",\"valueRequired\":true,\"valueName\":\"search_term_string\"}}],\"inLanguage\":\"de\"},{\"@type\":\"Organization\",\"@id\":\"https:\\\/\\\/www.purejewels.com\\\/#organization\",\"name\":\"PureJewels UK\",\"url\":\"https:\\\/\\\/www.purejewels.com\\\/\",\"logo\":{\"@type\":\"ImageObject\",\"inLanguage\":\"de\",\"@id\":\"https:\\\/\\\/www.purejewels.com\\\/#\\\/schema\\\/logo\\\/image\\\/\",\"url\":\"https:\\\/\\\/static.purejewels.com\\\/wp-content\\\/uploads\\\/2020\\\/11\\\/Logo-PJ-New-1.png\",\"contentUrl\":\"https:\\\/\\\/static.purejewels.com\\\/wp-content\\\/uploads\\\/2020\\\/11\\\/Logo-PJ-New-1.png\",\"width\":150,\"height\":80,\"caption\":\"PureJewels UK\"},\"image\":{\"@id\":\"https:\\\/\\\/www.purejewels.com\\\/#\\\/schema\\\/logo\\\/image\\\/\"}}]}<\/script>\n<!-- \/ Yoast SEO plugin. -->","yoast_head_json":{"title":"Rose Gold Line Ohrringe aus 22 Karat mit synthetischem Polki","description":"Elegante Ohrringe aus 22 Karat Ros\u00e9gold mit synthetischen Polkisteinen. Leicht und minimalistisch - perfekt f\u00fcr das t\u00e4gliche Tragen oder festliche Stylings.","robots":{"index":"index","follow":"follow","max-snippet":"max-snippet:-1","max-image-preview":"max-image-preview:large","max-video-preview":"max-video-preview:-1"},"canonical":"https:\/\/www.purejewels.com\/de\/produkt-2\/polki-line-ohrringe-in-rosegold-51259\/","og_locale":"de_DE","og_type":"article","og_title":"Rose Gold Line Earrings in 22ct with Synthetic Polki","og_description":"Elegant 22ct rose gold line earrings with synthetic polki stones. Lightweight and minimal\u2014perfect for daily wear or festive styling.","og_url":"https:\/\/www.purejewels.com\/de\/produkt-2\/polki-line-ohrringe-in-rosegold-51259\/","og_site_name":"PureJewels UK","article_modified_time":"2026-02-27T04:20:41+00:00","og_image":[{"width":1000,"height":1000,"url":"https:\/\/static.purejewels.com\/wp-content\/uploads\/2025\/07\/SKU-51259.1.jpg","type":"image\/jpeg"}],"twitter_card":"summary_large_image","twitter_misc":{"Gesch\u00e4tzte Lesezeit":"1\u00a0Minute"},"schema":{"@context":"https:\/\/schema.org","@graph":[{"@type":["WebPage","ItemPage"],"@id":"https:\/\/www.purejewels.com\/product\/rose-gold-polki-line-earrings-51259\/","url":"https:\/\/www.purejewels.com\/product\/rose-gold-polki-line-earrings-51259\/","name":"Rose Gold Line Ohrringe aus 22 Karat mit synthetischem Polki","isPartOf":{"@id":"https:\/\/www.purejewels.com\/#website"},"primaryImageOfPage":{"@id":"https:\/\/www.purejewels.com\/product\/rose-gold-polki-line-earrings-51259\/#primaryimage"},"image":{"@id":"https:\/\/www.purejewels.com\/product\/rose-gold-polki-line-earrings-51259\/#primaryimage"},"thumbnailUrl":"https:\/\/static.purejewels.com\/wp-content\/uploads\/2025\/07\/SKU-51259.1.jpg","datePublished":"2025-07-10T10:48:18+00:00","dateModified":"2026-02-27T04:20:41+00:00","description":"Elegante Ohrringe aus 22 Karat Ros\u00e9gold mit synthetischen Polkisteinen. Leicht und minimalistisch - perfekt f\u00fcr das t\u00e4gliche Tragen oder festliche Stylings.","breadcrumb":{"@id":"https:\/\/www.purejewels.com\/product\/rose-gold-polki-line-earrings-51259\/#breadcrumb"},"inLanguage":"de","potentialAction":[{"@type":"ReadAction","target":["https:\/\/www.purejewels.com\/product\/rose-gold-polki-line-earrings-51259\/"]}]},{"@type":"ImageObject","inLanguage":"de","@id":"https:\/\/www.purejewels.com\/product\/rose-gold-polki-line-earrings-51259\/#primaryimage","url":"https:\/\/static.purejewels.com\/wp-content\/uploads\/2025\/07\/SKU-51259.1.jpg","contentUrl":"https:\/\/static.purejewels.com\/wp-content\/uploads\/2025\/07\/SKU-51259.1.jpg","width":1000,"height":1000,"caption":"Rose Gold Polki Line Earrings"},{"@type":"BreadcrumbList","@id":"https:\/\/www.purejewels.com\/product\/rose-gold-polki-line-earrings-51259\/#breadcrumb","itemListElement":[{"@type":"ListItem","position":1,"name":"Home","item":"https:\/\/www.purejewels.com\/"},{"@type":"ListItem","position":2,"name":"Shop","item":"https:\/\/www.purejewels.com\/shop\/"},{"@type":"ListItem","position":3,"name":"Rose Gold Synthetic Polki Earrings"}]},{"@type":"WebSite","@id":"https:\/\/www.purejewels.com\/#website","url":"https:\/\/www.purejewels.com\/","name":"PureJewels UK","description":"Teile die Liebe","publisher":{"@id":"https:\/\/www.purejewels.com\/#organization"},"potentialAction":[{"@type":"SearchAction","target":{"@type":"EntryPoint","urlTemplate":"https:\/\/www.purejewels.com\/?s={search_term_string}"},"query-input":{"@type":"PropertyValueSpecification","valueRequired":true,"valueName":"search_term_string"}}],"inLanguage":"de"},{"@type":"Organization","@id":"https:\/\/www.purejewels.com\/#organization","name":"PureJewels UK","url":"https:\/\/www.purejewels.com\/","logo":{"@type":"ImageObject","inLanguage":"de","@id":"https:\/\/www.purejewels.com\/#\/schema\/logo\/image\/","url":"https:\/\/static.purejewels.com\/wp-content\/uploads\/2020\/11\/Logo-PJ-New-1.png","contentUrl":"https:\/\/static.purejewels.com\/wp-content\/uploads\/2020\/11\/Logo-PJ-New-1.png","width":150,"height":80,"caption":"PureJewels UK"},"image":{"@id":"https:\/\/www.purejewels.com\/#\/schema\/logo\/image\/"}}]}},"_links":{"self":[{"href":"https:\/\/www.purejewels.com\/de\/wp-json\/wp\/v2\/product\/404964","targetHints":{"allow":["GET"]}}],"collection":[{"href":"https:\/\/www.purejewels.com\/de\/wp-json\/wp\/v2\/product"}],"about":[{"href":"https:\/\/www.purejewels.com\/de\/wp-json\/wp\/v2\/types\/product"}],"replies":[{"embeddable":true,"href":"https:\/\/www.purejewels.com\/de\/wp-json\/wp\/v2\/comments?post=404964"}],"version-history":[{"count":3,"href":"https:\/\/www.purejewels.com\/de\/wp-json\/wp\/v2\/product\/404964\/revisions"}],"predecessor-version":[{"id":425907,"href":"https:\/\/www.purejewels.com\/de\/wp-json\/wp\/v2\/product\/404964\/revisions\/425907"}],"wp:featuredmedia":[{"embeddable":true,"href":"https:\/\/www.purejewels.com\/de\/wp-json\/wp\/v2\/media\/404969"}],"wp:attachment":[{"href":"https:\/\/www.purejewels.com\/de\/wp-json\/wp\/v2\/media?parent=404964"}],"wp:term":[{"taxonomy":"product_brand","embeddable":true,"href":"https:\/\/www.purejewels.com\/de\/wp-json\/wp\/v2\/product_brand?post=404964"},{"taxonomy":"product_cat","embeddable":true,"href":"https:\/\/www.purejewels.com\/de\/wp-json\/wp\/v2\/product_cat?post=404964"},{"taxonomy":"product_tag","embeddable":true,"href":"https:\/\/www.purejewels.com\/de\/wp-json\/wp\/v2\/product_tag?post=404964"}],"curies":[{"name":"wp","href":"https:\/\/api.w.org\/{rel}","templated":true}]}}