{"id":405176,"date":"2025-07-16T05:48:36","date_gmt":"2025-07-16T04:48:36","guid":{"rendered":"https:\/\/www.purejewels.com\/?post_type=product&#038;p=405176"},"modified":"2026-04-24T11:08:25","modified_gmt":"2026-04-24T10:08:25","slug":"22ct-gold-khanda-sikh-anhanger-48658","status":"publish","type":"product","link":"https:\/\/www.purejewels.com\/de\/product\/22ct-gold-khanda-sikh-pendant-48658\/","title":{"rendered":"22ct Gold Khanda Sikh-Anh\u00e4nger"},"content":{"rendered":"<p data-start=\"819\" data-end=\"1042\">Sie verk\u00f6rpert die zentralen Werte des Sikhismus - Einheit, Gerechtigkeit und spirituelle St\u00e4rke - und ist eine <a href=\"https:\/\/www.purejewels.com\/de\/produkt-kategorie\/22-karatiger-goldschmuck\/gold-anhanger\/religiose-anhanger\/khanda-anhanger\/\" target=\"_blank\" rel=\"noopener\">Khanda-Anh\u00e4nger aus 22 Karat Gold<\/a> ist ein kraftvolles Devotionalienst\u00fcck, das aus hochreinem Gold gefertigt ist und etwa 3,2 Gramm wiegt.<\/p>\n<p data-start=\"1044\" data-end=\"1356\">Das Khanda-Symbol, bestehend aus dem zweischneidigen Schwert, dem Chakram (Kreis) und zwei Kirpans, steht f\u00fcr g\u00f6ttliches Wissen und das Gleichgewicht zwischen spiritueller und weltlicher Verantwortung. Dieser Anh\u00e4nger ist zwar zierlich, hat aber eine tiefe Bedeutung und ist ideal f\u00fcr das t\u00e4gliche Tragen oder als heiliges Geschenk f\u00fcr besondere Anl\u00e4sse.<\/p>\n<p data-start=\"1358\" data-end=\"1505\">Jedes St\u00fcck ist <strong data-start=\"1372\" data-end=\"1413\">gepunzt durch das London Assay Office<\/strong>und garantiert damit seine Echtheit und Reinheit. Eine elegante Art, Ihren Glauben immer bei sich zu tragen.<\/p>","protected":false},"excerpt":{"rendered":"<p>Dieser zarte Khanda-Anh\u00e4nger aus 22 Karat Gold verk\u00f6rpert St\u00e4rke, Einheit und Glauben - zentrale Elemente der Sikh-Tradition. Leicht und wundersch\u00f6n detailliert, ist er ein zeitloses Symbol der Hingabe.<\/p>\n<p><strong>Material:<\/strong> 22ct Gold (91,6% reines Gold)<strong><br \/>\nWahrzeichen:\u00a0<\/strong>Britisches G\u00fctesiegel<br \/>\n<strong>L\u00e4nge: <\/strong>1 Zoll<strong><br \/>\n<\/strong><strong>Bruttogewicht: <\/strong>3.2 Gms<strong><br \/>\nSKU: <\/strong>43799<\/p>\n<p><strong>Preis und Lieferung<\/strong>:Inklusive Mehrwertsteuer und Lieferkosten<br \/>\n<strong>Hinweis<\/strong>: Der Preis der Kette ist nicht inbegriffen<br \/>\n<a href=\"https:\/\/www.purejewels.com\/de\/ruckgabepolitik\/\">R\u00fcckgabepolitik<\/a><\/p>","protected":false},"featured_media":426169,"comment_status":"closed","ping_status":"closed","template":"","meta":{"_eb_attr":"","_crsspst_to_jayantr4sg-hostcom":true},"product_brand":[],"product_cat":[1559,1571,1792,1255,5344,5604,1572,5338,1701,5349],"product_tag":[],"class_list":{"0":"post-405176","1":"product","2":"type-product","3":"status-publish","4":"has-post-thumbnail","6":"product_cat-birthday-gifts","7":"product_cat-fathers-day-gifts","8":"product_cat-festival-gifts","9":"product_cat-gold-pendants","10":"product_cat-jewellery-under-750","11":"product_cat-khanda-pendants","12":"product_cat-mens-jewellery","13":"product_cat-shop-by-price","14":"product_cat-religious-pendants","15":"product_cat-yellow-gold-jewellery","17":"first","18":"instock","19":"taxable","20":"shipping-taxable","21":"purchasable","22":"product-type-simple","23":"add-to-wishlist-before_image"},"yoast_head":"<!-- This site is optimized with the Yoast SEO plugin v27.5 - https:\/\/yoast.com\/product\/yoast-seo-wordpress\/ -->\n<title>22ct Gold Khanda Pendant | Sikh Religious Jewellery | PureJewels<\/title>\n<meta name=\"description\" content=\"Explore the 22ct Gold Khanda Pendant \u2014 a sacred Sikh symbol crafted in fine gold. Hallmarked and made with devotion, perfect for spiritual gifting or everyday wear.\" \/>\n<meta name=\"robots\" content=\"index, follow, max-snippet:-1, max-image-preview:large, max-video-preview:-1\" \/>\n<link rel=\"canonical\" href=\"https:\/\/www.purejewels.com\/de\/produkt-2\/22ct-gold-khanda-sikh-anhanger-48658\/\" \/>\n<meta property=\"og:locale\" content=\"de_DE\" \/>\n<meta property=\"og:type\" content=\"article\" \/>\n<meta property=\"og:title\" content=\"22ct Gold Khanda Pendant | Sikh Religious Jewellery | PureJewels\" \/>\n<meta property=\"og:description\" content=\"Explore the 22ct Gold Khanda Pendant \u2014 a sacred Sikh symbol crafted in fine gold. Hallmarked and made with devotion, perfect for spiritual gifting or everyday wear.\" \/>\n<meta property=\"og:url\" content=\"https:\/\/www.purejewels.com\/de\/produkt-2\/22ct-gold-khanda-sikh-anhanger-48658\/\" \/>\n<meta property=\"og:site_name\" content=\"PureJewels UK\" \/>\n<meta property=\"article:modified_time\" content=\"2026-04-24T10:08:25+00:00\" \/>\n<meta property=\"og:image\" content=\"https:\/\/static.purejewels.com\/wp-content\/uploads\/2025\/07\/1684928655_1975245289_43799-1.jpg\" \/>\n\t<meta property=\"og:image:width\" content=\"1000\" \/>\n\t<meta property=\"og:image:height\" content=\"1000\" \/>\n\t<meta property=\"og:image:type\" content=\"image\/jpeg\" \/>\n<meta name=\"twitter:card\" content=\"summary_large_image\" \/>\n<meta name=\"twitter:label1\" content=\"Gesch\u00e4tzte Lesezeit\" \/>\n\t<meta name=\"twitter:data1\" content=\"1\u00a0Minute\" \/>\n<script type=\"application\/ld+json\" class=\"yoast-schema-graph\">{\"@context\":\"https:\\\/\\\/schema.org\",\"@graph\":[{\"@type\":[\"WebPage\",\"ItemPage\"],\"@id\":\"https:\\\/\\\/www.purejewels.com\\\/product\\\/22ct-gold-khanda-sikh-pendant-48658\\\/\",\"url\":\"https:\\\/\\\/www.purejewels.com\\\/product\\\/22ct-gold-khanda-sikh-pendant-48658\\\/\",\"name\":\"22ct Gold Khanda Pendant | Sikh Religious Jewellery | PureJewels\",\"isPartOf\":{\"@id\":\"https:\\\/\\\/www.purejewels.com\\\/#website\"},\"primaryImageOfPage\":{\"@id\":\"https:\\\/\\\/www.purejewels.com\\\/product\\\/22ct-gold-khanda-sikh-pendant-48658\\\/#primaryimage\"},\"image\":{\"@id\":\"https:\\\/\\\/www.purejewels.com\\\/product\\\/22ct-gold-khanda-sikh-pendant-48658\\\/#primaryimage\"},\"thumbnailUrl\":\"https:\\\/\\\/static.purejewels.com\\\/wp-content\\\/uploads\\\/2025\\\/07\\\/1684928655_1975245289_43799-1.jpg\",\"datePublished\":\"2025-07-16T04:48:36+00:00\",\"dateModified\":\"2026-04-24T10:08:25+00:00\",\"description\":\"Explore the 22ct Gold Khanda Pendant \u2014 a sacred Sikh symbol crafted in fine gold. Hallmarked and made with devotion, perfect for spiritual gifting or everyday wear.\",\"breadcrumb\":{\"@id\":\"https:\\\/\\\/www.purejewels.com\\\/product\\\/22ct-gold-khanda-sikh-pendant-48658\\\/#breadcrumb\"},\"inLanguage\":\"de\",\"potentialAction\":[{\"@type\":\"ReadAction\",\"target\":[\"https:\\\/\\\/www.purejewels.com\\\/product\\\/22ct-gold-khanda-sikh-pendant-48658\\\/\"]}]},{\"@type\":\"ImageObject\",\"inLanguage\":\"de\",\"@id\":\"https:\\\/\\\/www.purejewels.com\\\/product\\\/22ct-gold-khanda-sikh-pendant-48658\\\/#primaryimage\",\"url\":\"https:\\\/\\\/static.purejewels.com\\\/wp-content\\\/uploads\\\/2025\\\/07\\\/1684928655_1975245289_43799-1.jpg\",\"contentUrl\":\"https:\\\/\\\/static.purejewels.com\\\/wp-content\\\/uploads\\\/2025\\\/07\\\/1684928655_1975245289_43799-1.jpg\",\"width\":1000,\"height\":1000,\"caption\":\"22ct Gold Khanda Sikh Pendant\"},{\"@type\":\"BreadcrumbList\",\"@id\":\"https:\\\/\\\/www.purejewels.com\\\/product\\\/22ct-gold-khanda-sikh-pendant-48658\\\/#breadcrumb\",\"itemListElement\":[{\"@type\":\"ListItem\",\"position\":1,\"name\":\"Home\",\"item\":\"https:\\\/\\\/www.purejewels.com\\\/\"},{\"@type\":\"ListItem\",\"position\":2,\"name\":\"Shop\",\"item\":\"https:\\\/\\\/www.purejewels.com\\\/shop\\\/\"},{\"@type\":\"ListItem\",\"position\":3,\"name\":\"22ct Gold Khanda Sikh Pendant\"}]},{\"@type\":\"WebSite\",\"@id\":\"https:\\\/\\\/www.purejewels.com\\\/#website\",\"url\":\"https:\\\/\\\/www.purejewels.com\\\/\",\"name\":\"PureJewels UK\",\"description\":\"Share the Love\",\"publisher\":{\"@id\":\"https:\\\/\\\/www.purejewels.com\\\/#organization\"},\"potentialAction\":[{\"@type\":\"SearchAction\",\"target\":{\"@type\":\"EntryPoint\",\"urlTemplate\":\"https:\\\/\\\/www.purejewels.com\\\/?s={search_term_string}\"},\"query-input\":{\"@type\":\"PropertyValueSpecification\",\"valueRequired\":true,\"valueName\":\"search_term_string\"}}],\"inLanguage\":\"de\"},{\"@type\":\"Organization\",\"@id\":\"https:\\\/\\\/www.purejewels.com\\\/#organization\",\"name\":\"PureJewels UK\",\"url\":\"https:\\\/\\\/www.purejewels.com\\\/\",\"logo\":{\"@type\":\"ImageObject\",\"inLanguage\":\"de\",\"@id\":\"https:\\\/\\\/www.purejewels.com\\\/#\\\/schema\\\/logo\\\/image\\\/\",\"url\":\"https:\\\/\\\/static.purejewels.com\\\/wp-content\\\/uploads\\\/2020\\\/11\\\/Logo-PJ-New-1.png\",\"contentUrl\":\"https:\\\/\\\/static.purejewels.com\\\/wp-content\\\/uploads\\\/2020\\\/11\\\/Logo-PJ-New-1.png\",\"width\":150,\"height\":80,\"caption\":\"PureJewels UK\"},\"image\":{\"@id\":\"https:\\\/\\\/www.purejewels.com\\\/#\\\/schema\\\/logo\\\/image\\\/\"}}]}<\/script>\n<!-- \/ Yoast SEO plugin. -->","yoast_head_json":{"title":"22ct Gold Khanda Anh\u00e4nger | Sikh religi\u00f6sen Schmuck | PureJewels","description":"Entdecken Sie den Khanda-Anh\u00e4nger aus 22 Karat Gold - ein heiliges Sikh-Symbol aus Feingold. Gepunzt und mit Hingabe gefertigt, perfekt f\u00fcr spirituelle Geschenke oder das t\u00e4gliche Tragen.","robots":{"index":"index","follow":"follow","max-snippet":"max-snippet:-1","max-image-preview":"max-image-preview:large","max-video-preview":"max-video-preview:-1"},"canonical":"https:\/\/www.purejewels.com\/de\/produkt-2\/22ct-gold-khanda-sikh-anhanger-48658\/","og_locale":"de_DE","og_type":"article","og_title":"22ct Gold Khanda Pendant | Sikh Religious Jewellery | PureJewels","og_description":"Explore the 22ct Gold Khanda Pendant \u2014 a sacred Sikh symbol crafted in fine gold. Hallmarked and made with devotion, perfect for spiritual gifting or everyday wear.","og_url":"https:\/\/www.purejewels.com\/de\/produkt-2\/22ct-gold-khanda-sikh-anhanger-48658\/","og_site_name":"PureJewels UK","article_modified_time":"2026-04-24T10:08:25+00:00","og_image":[{"width":1000,"height":1000,"url":"https:\/\/static.purejewels.com\/wp-content\/uploads\/2025\/07\/1684928655_1975245289_43799-1.jpg","type":"image\/jpeg"}],"twitter_card":"summary_large_image","twitter_misc":{"Gesch\u00e4tzte Lesezeit":"1\u00a0Minute"},"schema":{"@context":"https:\/\/schema.org","@graph":[{"@type":["WebPage","ItemPage"],"@id":"https:\/\/www.purejewels.com\/product\/22ct-gold-khanda-sikh-pendant-48658\/","url":"https:\/\/www.purejewels.com\/product\/22ct-gold-khanda-sikh-pendant-48658\/","name":"22ct Gold Khanda Anh\u00e4nger | Sikh religi\u00f6sen Schmuck | PureJewels","isPartOf":{"@id":"https:\/\/www.purejewels.com\/#website"},"primaryImageOfPage":{"@id":"https:\/\/www.purejewels.com\/product\/22ct-gold-khanda-sikh-pendant-48658\/#primaryimage"},"image":{"@id":"https:\/\/www.purejewels.com\/product\/22ct-gold-khanda-sikh-pendant-48658\/#primaryimage"},"thumbnailUrl":"https:\/\/static.purejewels.com\/wp-content\/uploads\/2025\/07\/1684928655_1975245289_43799-1.jpg","datePublished":"2025-07-16T04:48:36+00:00","dateModified":"2026-04-24T10:08:25+00:00","description":"Entdecken Sie den Khanda-Anh\u00e4nger aus 22 Karat Gold - ein heiliges Sikh-Symbol aus Feingold. Gepunzt und mit Hingabe gefertigt, perfekt f\u00fcr spirituelle Geschenke oder das t\u00e4gliche Tragen.","breadcrumb":{"@id":"https:\/\/www.purejewels.com\/product\/22ct-gold-khanda-sikh-pendant-48658\/#breadcrumb"},"inLanguage":"de","potentialAction":[{"@type":"ReadAction","target":["https:\/\/www.purejewels.com\/product\/22ct-gold-khanda-sikh-pendant-48658\/"]}]},{"@type":"ImageObject","inLanguage":"de","@id":"https:\/\/www.purejewels.com\/product\/22ct-gold-khanda-sikh-pendant-48658\/#primaryimage","url":"https:\/\/static.purejewels.com\/wp-content\/uploads\/2025\/07\/1684928655_1975245289_43799-1.jpg","contentUrl":"https:\/\/static.purejewels.com\/wp-content\/uploads\/2025\/07\/1684928655_1975245289_43799-1.jpg","width":1000,"height":1000,"caption":"22ct Gold Khanda Sikh Pendant"},{"@type":"BreadcrumbList","@id":"https:\/\/www.purejewels.com\/product\/22ct-gold-khanda-sikh-pendant-48658\/#breadcrumb","itemListElement":[{"@type":"ListItem","position":1,"name":"Home","item":"https:\/\/www.purejewels.com\/"},{"@type":"ListItem","position":2,"name":"Shop","item":"https:\/\/www.purejewels.com\/shop\/"},{"@type":"ListItem","position":3,"name":"22ct Gold Khanda Sikh Pendant"}]},{"@type":"WebSite","@id":"https:\/\/www.purejewels.com\/#website","url":"https:\/\/www.purejewels.com\/","name":"PureJewels UK","description":"Teile die Liebe","publisher":{"@id":"https:\/\/www.purejewels.com\/#organization"},"potentialAction":[{"@type":"SearchAction","target":{"@type":"EntryPoint","urlTemplate":"https:\/\/www.purejewels.com\/?s={search_term_string}"},"query-input":{"@type":"PropertyValueSpecification","valueRequired":true,"valueName":"search_term_string"}}],"inLanguage":"de"},{"@type":"Organization","@id":"https:\/\/www.purejewels.com\/#organization","name":"PureJewels UK","url":"https:\/\/www.purejewels.com\/","logo":{"@type":"ImageObject","inLanguage":"de","@id":"https:\/\/www.purejewels.com\/#\/schema\/logo\/image\/","url":"https:\/\/static.purejewels.com\/wp-content\/uploads\/2020\/11\/Logo-PJ-New-1.png","contentUrl":"https:\/\/static.purejewels.com\/wp-content\/uploads\/2020\/11\/Logo-PJ-New-1.png","width":150,"height":80,"caption":"PureJewels UK"},"image":{"@id":"https:\/\/www.purejewels.com\/#\/schema\/logo\/image\/"}}]}},"_links":{"self":[{"href":"https:\/\/www.purejewels.com\/de\/wp-json\/wp\/v2\/product\/405176","targetHints":{"allow":["GET"]}}],"collection":[{"href":"https:\/\/www.purejewels.com\/de\/wp-json\/wp\/v2\/product"}],"about":[{"href":"https:\/\/www.purejewels.com\/de\/wp-json\/wp\/v2\/types\/product"}],"replies":[{"embeddable":true,"href":"https:\/\/www.purejewels.com\/de\/wp-json\/wp\/v2\/comments?post=405176"}],"version-history":[{"count":3,"href":"https:\/\/www.purejewels.com\/de\/wp-json\/wp\/v2\/product\/405176\/revisions"}],"predecessor-version":[{"id":427476,"href":"https:\/\/www.purejewels.com\/de\/wp-json\/wp\/v2\/product\/405176\/revisions\/427476"}],"wp:featuredmedia":[{"embeddable":true,"href":"https:\/\/www.purejewels.com\/de\/wp-json\/wp\/v2\/media\/426169"}],"wp:attachment":[{"href":"https:\/\/www.purejewels.com\/de\/wp-json\/wp\/v2\/media?parent=405176"}],"wp:term":[{"taxonomy":"product_brand","embeddable":true,"href":"https:\/\/www.purejewels.com\/de\/wp-json\/wp\/v2\/product_brand?post=405176"},{"taxonomy":"product_cat","embeddable":true,"href":"https:\/\/www.purejewels.com\/de\/wp-json\/wp\/v2\/product_cat?post=405176"},{"taxonomy":"product_tag","embeddable":true,"href":"https:\/\/www.purejewels.com\/de\/wp-json\/wp\/v2\/product_tag?post=405176"}],"curies":[{"name":"wp","href":"https:\/\/api.w.org\/{rel}","templated":true}]}}