{"id":405181,"date":"2025-06-16T06:20:01","date_gmt":"2025-06-16T05:20:01","guid":{"rendered":"https:\/\/www.purejewels.com\/?post_type=product&#038;p=405181"},"modified":"2026-04-29T08:25:05","modified_gmt":"2026-04-29T07:25:05","slug":"khanda-anhanger-fur-gottliche-starke-aus-22-karat-gold-48657","status":"publish","type":"product","link":"https:\/\/www.purejewels.com\/de\/product\/khanda-divine-strength-pendant-in-22ct-gold-48657\/","title":{"rendered":"Khanda G\u00f6ttliche St\u00e4rke Anh\u00e4nger in 22ct Gold"},"content":{"rendered":"<p data-start=\"99\" data-end=\"524\"><strong data-start=\"99\" data-end=\"146\">Khanda G\u00f6ttliche St\u00e4rke Anh\u00e4nger in 22ct Gold<\/strong><br data-start=\"146\" data-end=\"149\" \/>Ehren Sie den best\u00e4ndigen Geist des Sikhismus mit diesem fein gearbeiteten <a href=\"https:\/\/www.purejewels.com\/de\/produkt-kategorie\/22-karatiger-goldschmuck\/gold-anhanger\/religiose-anhanger\/khanda-anhanger\/\" target=\"_blank\" rel=\"noopener\">Khanda-Anh\u00e4nger<\/a>, Er symbolisiert g\u00f6ttliche St\u00e4rke und heilige Einheit. Das aus reinem 22-kar\u00e4tigem Gold gefertigte und ca. 1,8 Gramm schwere Design zeigt das verehrte Khanda - bestehend aus dem zweischneidigen Schwert, dem ewigen Chakra und den Zwillings-Kirpans - jedes Element verk\u00f6rpert Schutz, Disziplin und spirituelles Gleichgewicht.<\/p>\n<p data-start=\"526\" data-end=\"764\">Elegant in der Form und reich an Symbolik, ist dieses St\u00fcck perfekt f\u00fcr den t\u00e4glichen Gebrauch oder als Geschenk zu besonderen religi\u00f6sen Anl\u00e4ssen und pers\u00f6nlichen Meilensteinen. Vom Londoner Assay Office gepunzt, garantiert es den h\u00f6chsten Standard an Reinheit und Handwerkskunst.<\/p>\n<p data-start=\"766\" data-end=\"925\">Ob als pers\u00f6nlicher Ausdruck des Glaubens getragen oder als wertvolles Andenken verschenkt, dieser Anh\u00e4nger ist eine anmutige Hommage an Erbe, Glauben und innere Entschlossenheit.<\/p>","protected":false},"excerpt":{"rendered":"<p>Dieser elegante Khanda-Anh\u00e4nger aus 22-kar\u00e4tigem Gold verk\u00f6rpert St\u00e4rke, Einheit und Glauben, die in der Sikh-Tradition eine zentrale Rolle spielen. Leicht und wundersch\u00f6n detailliert, ist er ein zeitloses Symbol der Hingabe.<\/p>\n<p><strong>Material:<\/strong>\u00a022ct Gold<strong><br \/>\nWahrzeichen:\u00a0<\/strong>Britisches G\u00fctesiegel<strong><br \/>\n<\/strong><strong>Bruttogewicht: <\/strong>1,80 Gramm<strong><br \/>\nSKU: <\/strong>48657<br \/>\n<strong>Preis und Lieferung<\/strong>: Inklusive Mehrwertsteuer und Lieferkosten<br \/>\n<strong>Hinweis<\/strong>: Der Preis der Kette ist nicht inbegriffen<br \/>\n<a href=\"https:\/\/www.purejewels.com\/de\/ruckgabepolitik\/\">R\u00fcckgabepolitik<\/a><\/p>","protected":false},"featured_media":405182,"comment_status":"closed","ping_status":"closed","template":"","meta":{"_eb_attr":"","_crsspst_to_jayantr4sg-hostcom":true},"product_brand":[],"product_cat":[1559,1571,1792,1255,5343,5604,1572,5338,1701],"product_tag":[],"class_list":{"0":"post-405181","1":"product","2":"type-product","3":"status-publish","4":"has-post-thumbnail","6":"product_cat-birthday-gifts","7":"product_cat-fathers-day-gifts","8":"product_cat-festival-gifts","9":"product_cat-gold-pendants","10":"product_cat-jewellery-under-550","11":"product_cat-khanda-pendants","12":"product_cat-mens-jewellery","13":"product_cat-shop-by-price","14":"product_cat-religious-pendants","16":"first","17":"outofstock","18":"taxable","19":"shipping-taxable","20":"product-type-simple","21":"add-to-wishlist-before_image"},"yoast_head":"<!-- This site is optimized with the Yoast SEO plugin v27.6 - https:\/\/yoast.com\/product\/yoast-seo-wordpress\/ -->\n<title>Gold Khanda Pendant | Sikh Religious Jewellery | PureJewels UK<\/title>\n<meta name=\"description\" content=\"This Khanda pendant in real gold embodies spiritual strength and timeless devotion. An ideal piece for meaningful gifting or graceful daily wear.\" \/>\n<meta name=\"robots\" content=\"index, follow, max-snippet:-1, max-image-preview:large, max-video-preview:-1\" \/>\n<link rel=\"canonical\" href=\"https:\/\/www.purejewels.com\/de\/produkt-2\/khanda-anhanger-fur-gottliche-starke-aus-22-karat-gold-48657\/\" \/>\n<meta property=\"og:locale\" content=\"de_DE\" \/>\n<meta property=\"og:type\" content=\"article\" \/>\n<meta property=\"og:title\" content=\"Gold Khanda Pendant | Sikh Religious Jewellery | PureJewels UK\" \/>\n<meta property=\"og:description\" content=\"This Khanda pendant in real gold embodies spiritual strength and timeless devotion. An ideal piece for meaningful gifting or graceful daily wear.\" \/>\n<meta property=\"og:url\" content=\"https:\/\/www.purejewels.com\/de\/produkt-2\/khanda-anhanger-fur-gottliche-starke-aus-22-karat-gold-48657\/\" \/>\n<meta property=\"og:site_name\" content=\"PureJewels UK\" \/>\n<meta property=\"article:modified_time\" content=\"2026-04-29T07:25:05+00:00\" \/>\n<meta property=\"og:image\" content=\"https:\/\/static.purejewels.com\/wp-content\/uploads\/2025\/07\/SKU-48657.jpg\" \/>\n\t<meta property=\"og:image:width\" content=\"1000\" \/>\n\t<meta property=\"og:image:height\" content=\"1000\" \/>\n\t<meta property=\"og:image:type\" content=\"image\/jpeg\" \/>\n<meta name=\"twitter:card\" content=\"summary_large_image\" \/>\n<meta name=\"twitter:label1\" content=\"Gesch\u00e4tzte Lesezeit\" \/>\n\t<meta name=\"twitter:data1\" content=\"1\u00a0Minute\" \/>\n<script type=\"application\/ld+json\" class=\"yoast-schema-graph\">{\"@context\":\"https:\\\/\\\/schema.org\",\"@graph\":[{\"@type\":[\"WebPage\",\"ItemPage\"],\"@id\":\"https:\\\/\\\/www.purejewels.com\\\/product\\\/khanda-divine-strength-pendant-in-22ct-gold-48657\\\/\",\"url\":\"https:\\\/\\\/www.purejewels.com\\\/product\\\/khanda-divine-strength-pendant-in-22ct-gold-48657\\\/\",\"name\":\"Gold Khanda Pendant | Sikh Religious Jewellery | PureJewels UK\",\"isPartOf\":{\"@id\":\"https:\\\/\\\/www.purejewels.com\\\/#website\"},\"primaryImageOfPage\":{\"@id\":\"https:\\\/\\\/www.purejewels.com\\\/product\\\/khanda-divine-strength-pendant-in-22ct-gold-48657\\\/#primaryimage\"},\"image\":{\"@id\":\"https:\\\/\\\/www.purejewels.com\\\/product\\\/khanda-divine-strength-pendant-in-22ct-gold-48657\\\/#primaryimage\"},\"thumbnailUrl\":\"https:\\\/\\\/static.purejewels.com\\\/wp-content\\\/uploads\\\/2025\\\/07\\\/SKU-48657.jpg\",\"datePublished\":\"2025-06-16T05:20:01+00:00\",\"dateModified\":\"2026-04-29T07:25:05+00:00\",\"description\":\"This Khanda pendant in real gold embodies spiritual strength and timeless devotion. An ideal piece for meaningful gifting or graceful daily wear.\",\"breadcrumb\":{\"@id\":\"https:\\\/\\\/www.purejewels.com\\\/product\\\/khanda-divine-strength-pendant-in-22ct-gold-48657\\\/#breadcrumb\"},\"inLanguage\":\"de\",\"potentialAction\":[{\"@type\":\"ReadAction\",\"target\":[\"https:\\\/\\\/www.purejewels.com\\\/product\\\/khanda-divine-strength-pendant-in-22ct-gold-48657\\\/\"]}]},{\"@type\":\"ImageObject\",\"inLanguage\":\"de\",\"@id\":\"https:\\\/\\\/www.purejewels.com\\\/product\\\/khanda-divine-strength-pendant-in-22ct-gold-48657\\\/#primaryimage\",\"url\":\"https:\\\/\\\/static.purejewels.com\\\/wp-content\\\/uploads\\\/2025\\\/07\\\/SKU-48657.jpg\",\"contentUrl\":\"https:\\\/\\\/static.purejewels.com\\\/wp-content\\\/uploads\\\/2025\\\/07\\\/SKU-48657.jpg\",\"width\":1000,\"height\":1000,\"caption\":\"48657\"},{\"@type\":\"BreadcrumbList\",\"@id\":\"https:\\\/\\\/www.purejewels.com\\\/product\\\/khanda-divine-strength-pendant-in-22ct-gold-48657\\\/#breadcrumb\",\"itemListElement\":[{\"@type\":\"ListItem\",\"position\":1,\"name\":\"Home\",\"item\":\"https:\\\/\\\/www.purejewels.com\\\/\"},{\"@type\":\"ListItem\",\"position\":2,\"name\":\"Shop\",\"item\":\"https:\\\/\\\/www.purejewels.com\\\/shop\\\/\"},{\"@type\":\"ListItem\",\"position\":3,\"name\":\"Khanda Divine Strength Pendant in 22ct Gold\"}]},{\"@type\":\"WebSite\",\"@id\":\"https:\\\/\\\/www.purejewels.com\\\/#website\",\"url\":\"https:\\\/\\\/www.purejewels.com\\\/\",\"name\":\"PureJewels UK\",\"description\":\"Share the Love\",\"publisher\":{\"@id\":\"https:\\\/\\\/www.purejewels.com\\\/#organization\"},\"potentialAction\":[{\"@type\":\"SearchAction\",\"target\":{\"@type\":\"EntryPoint\",\"urlTemplate\":\"https:\\\/\\\/www.purejewels.com\\\/?s={search_term_string}\"},\"query-input\":{\"@type\":\"PropertyValueSpecification\",\"valueRequired\":true,\"valueName\":\"search_term_string\"}}],\"inLanguage\":\"de\"},{\"@type\":\"Organization\",\"@id\":\"https:\\\/\\\/www.purejewels.com\\\/#organization\",\"name\":\"PureJewels UK\",\"url\":\"https:\\\/\\\/www.purejewels.com\\\/\",\"logo\":{\"@type\":\"ImageObject\",\"inLanguage\":\"de\",\"@id\":\"https:\\\/\\\/www.purejewels.com\\\/#\\\/schema\\\/logo\\\/image\\\/\",\"url\":\"https:\\\/\\\/static.purejewels.com\\\/wp-content\\\/uploads\\\/2020\\\/11\\\/Logo-PJ-New-1.png\",\"contentUrl\":\"https:\\\/\\\/static.purejewels.com\\\/wp-content\\\/uploads\\\/2020\\\/11\\\/Logo-PJ-New-1.png\",\"width\":150,\"height\":80,\"caption\":\"PureJewels UK\"},\"image\":{\"@id\":\"https:\\\/\\\/www.purejewels.com\\\/#\\\/schema\\\/logo\\\/image\\\/\"}}]}<\/script>\n<!-- \/ Yoast SEO plugin. -->","yoast_head_json":{"title":"Gold Khanda Anh\u00e4nger | Sikh religi\u00f6ser Schmuck | PureJewels UK","description":"Dieser Khanda-Anh\u00e4nger aus echtem Gold verk\u00f6rpert spirituelle St\u00e4rke und zeitlose Hingabe. Ein ideales St\u00fcck f\u00fcr ein bedeutungsvolles Geschenk oder ein anmutiges, t\u00e4gliches Tragen.","robots":{"index":"index","follow":"follow","max-snippet":"max-snippet:-1","max-image-preview":"max-image-preview:large","max-video-preview":"max-video-preview:-1"},"canonical":"https:\/\/www.purejewels.com\/de\/produkt-2\/khanda-anhanger-fur-gottliche-starke-aus-22-karat-gold-48657\/","og_locale":"de_DE","og_type":"article","og_title":"Gold Khanda Pendant | Sikh Religious Jewellery | PureJewels UK","og_description":"This Khanda pendant in real gold embodies spiritual strength and timeless devotion. An ideal piece for meaningful gifting or graceful daily wear.","og_url":"https:\/\/www.purejewels.com\/de\/produkt-2\/khanda-anhanger-fur-gottliche-starke-aus-22-karat-gold-48657\/","og_site_name":"PureJewels UK","article_modified_time":"2026-04-29T07:25:05+00:00","og_image":[{"width":1000,"height":1000,"url":"https:\/\/static.purejewels.com\/wp-content\/uploads\/2025\/07\/SKU-48657.jpg","type":"image\/jpeg"}],"twitter_card":"summary_large_image","twitter_misc":{"Gesch\u00e4tzte Lesezeit":"1\u00a0Minute"},"schema":{"@context":"https:\/\/schema.org","@graph":[{"@type":["WebPage","ItemPage"],"@id":"https:\/\/www.purejewels.com\/product\/khanda-divine-strength-pendant-in-22ct-gold-48657\/","url":"https:\/\/www.purejewels.com\/product\/khanda-divine-strength-pendant-in-22ct-gold-48657\/","name":"Gold Khanda Anh\u00e4nger | Sikh religi\u00f6ser Schmuck | PureJewels UK","isPartOf":{"@id":"https:\/\/www.purejewels.com\/#website"},"primaryImageOfPage":{"@id":"https:\/\/www.purejewels.com\/product\/khanda-divine-strength-pendant-in-22ct-gold-48657\/#primaryimage"},"image":{"@id":"https:\/\/www.purejewels.com\/product\/khanda-divine-strength-pendant-in-22ct-gold-48657\/#primaryimage"},"thumbnailUrl":"https:\/\/static.purejewels.com\/wp-content\/uploads\/2025\/07\/SKU-48657.jpg","datePublished":"2025-06-16T05:20:01+00:00","dateModified":"2026-04-29T07:25:05+00:00","description":"Dieser Khanda-Anh\u00e4nger aus echtem Gold verk\u00f6rpert spirituelle St\u00e4rke und zeitlose Hingabe. Ein ideales St\u00fcck f\u00fcr ein bedeutungsvolles Geschenk oder ein anmutiges, t\u00e4gliches Tragen.","breadcrumb":{"@id":"https:\/\/www.purejewels.com\/product\/khanda-divine-strength-pendant-in-22ct-gold-48657\/#breadcrumb"},"inLanguage":"de","potentialAction":[{"@type":"ReadAction","target":["https:\/\/www.purejewels.com\/product\/khanda-divine-strength-pendant-in-22ct-gold-48657\/"]}]},{"@type":"ImageObject","inLanguage":"de","@id":"https:\/\/www.purejewels.com\/product\/khanda-divine-strength-pendant-in-22ct-gold-48657\/#primaryimage","url":"https:\/\/static.purejewels.com\/wp-content\/uploads\/2025\/07\/SKU-48657.jpg","contentUrl":"https:\/\/static.purejewels.com\/wp-content\/uploads\/2025\/07\/SKU-48657.jpg","width":1000,"height":1000,"caption":"48657"},{"@type":"BreadcrumbList","@id":"https:\/\/www.purejewels.com\/product\/khanda-divine-strength-pendant-in-22ct-gold-48657\/#breadcrumb","itemListElement":[{"@type":"ListItem","position":1,"name":"Home","item":"https:\/\/www.purejewels.com\/"},{"@type":"ListItem","position":2,"name":"Shop","item":"https:\/\/www.purejewels.com\/shop\/"},{"@type":"ListItem","position":3,"name":"Khanda Divine Strength Pendant in 22ct Gold"}]},{"@type":"WebSite","@id":"https:\/\/www.purejewels.com\/#website","url":"https:\/\/www.purejewels.com\/","name":"PureJewels UK","description":"Teile die Liebe","publisher":{"@id":"https:\/\/www.purejewels.com\/#organization"},"potentialAction":[{"@type":"SearchAction","target":{"@type":"EntryPoint","urlTemplate":"https:\/\/www.purejewels.com\/?s={search_term_string}"},"query-input":{"@type":"PropertyValueSpecification","valueRequired":true,"valueName":"search_term_string"}}],"inLanguage":"de"},{"@type":"Organization","@id":"https:\/\/www.purejewels.com\/#organization","name":"PureJewels UK","url":"https:\/\/www.purejewels.com\/","logo":{"@type":"ImageObject","inLanguage":"de","@id":"https:\/\/www.purejewels.com\/#\/schema\/logo\/image\/","url":"https:\/\/static.purejewels.com\/wp-content\/uploads\/2020\/11\/Logo-PJ-New-1.png","contentUrl":"https:\/\/static.purejewels.com\/wp-content\/uploads\/2020\/11\/Logo-PJ-New-1.png","width":150,"height":80,"caption":"PureJewels UK"},"image":{"@id":"https:\/\/www.purejewels.com\/#\/schema\/logo\/image\/"}}]}},"_links":{"self":[{"href":"https:\/\/www.purejewels.com\/de\/wp-json\/wp\/v2\/product\/405181","targetHints":{"allow":["GET"]}}],"collection":[{"href":"https:\/\/www.purejewels.com\/de\/wp-json\/wp\/v2\/product"}],"about":[{"href":"https:\/\/www.purejewels.com\/de\/wp-json\/wp\/v2\/types\/product"}],"replies":[{"embeddable":true,"href":"https:\/\/www.purejewels.com\/de\/wp-json\/wp\/v2\/comments?post=405181"}],"version-history":[{"count":4,"href":"https:\/\/www.purejewels.com\/de\/wp-json\/wp\/v2\/product\/405181\/revisions"}],"predecessor-version":[{"id":427475,"href":"https:\/\/www.purejewels.com\/de\/wp-json\/wp\/v2\/product\/405181\/revisions\/427475"}],"wp:featuredmedia":[{"embeddable":true,"href":"https:\/\/www.purejewels.com\/de\/wp-json\/wp\/v2\/media\/405182"}],"wp:attachment":[{"href":"https:\/\/www.purejewels.com\/de\/wp-json\/wp\/v2\/media?parent=405181"}],"wp:term":[{"taxonomy":"product_brand","embeddable":true,"href":"https:\/\/www.purejewels.com\/de\/wp-json\/wp\/v2\/product_brand?post=405181"},{"taxonomy":"product_cat","embeddable":true,"href":"https:\/\/www.purejewels.com\/de\/wp-json\/wp\/v2\/product_cat?post=405181"},{"taxonomy":"product_tag","embeddable":true,"href":"https:\/\/www.purejewels.com\/de\/wp-json\/wp\/v2\/product_tag?post=405181"}],"curies":[{"name":"wp","href":"https:\/\/api.w.org\/{rel}","templated":true}]}}