{"id":405217,"date":"2025-06-16T09:19:39","date_gmt":"2025-06-16T08:19:39","guid":{"rendered":"https:\/\/www.purejewels.com\/?post_type=product&#038;p=405217"},"modified":"2026-03-04T07:02:05","modified_gmt":"2026-03-04T07:02:05","slug":"radha-krishna-ewige-liebe-anhanger-aus-22-kt-gold-48250","status":"publish","type":"product","link":"https:\/\/www.purejewels.com\/de\/product\/radha-krishna-eternal-love-pendant-in-22ct-gold-48250\/","title":{"rendered":"Radha Krishna Ewige Liebe Anh\u00e4nger in 22ct Gold"},"content":{"rendered":"<p data-start=\"830\" data-end=\"1149\">Mit ihrer sakralen Symbolik und romantischen G\u00f6ttlichkeit strahlt die <strong data-start=\"884\" data-end=\"922\">Radha Krishna Ewige Liebe Anh\u00e4nger<\/strong> wird fachm\u00e4nnisch hergestellt in <strong data-start=\"946\" data-end=\"959\">22 Karat Gold<\/strong>Dieser Anh\u00e4nger stellt die himmlische Verbindung von Radha und Krishna dar. Im Hinduismus als Verk\u00f6rperung der bedingungslosen Liebe verehrt, ist dieser Anh\u00e4nger eine zeitlose Darstellung von Hingabe, Gleichgewicht und Harmonie.<\/p>\n<p data-start=\"1151\" data-end=\"1406\">Das leichte und kunstvoll gearbeitete Schmuckst\u00fcck eignet sich ideal f\u00fcr den t\u00e4glichen Gebrauch oder als spirituelles Geschenk f\u00fcr Hochzeiten, Jubil\u00e4en oder gl\u00fcckliche Anl\u00e4sse. Jedes St\u00fcck ist <strong data-start=\"1319\" data-end=\"1360\">gepunzt durch das London Assay Office<\/strong>und bekr\u00e4ftigt damit die Reinheit und den bleibenden Wert des Goldes.<\/p>\n<p data-start=\"1408\" data-end=\"1516\">Er ist mehr als ein Anh\u00e4nger, er ist ein Symbol f\u00fcr die Sehnsucht der Seele nach g\u00f6ttlicher Verbundenheit und wird nah am Herzen getragen.<\/p>","protected":false},"excerpt":{"rendered":"<p>Der Radha-Krishna-Anh\u00e4nger aus 22-kar\u00e4tigem Gold ist ein leuchtendes Abbild der Hingabe und spiegelt ewige Liebe und g\u00f6ttliche Harmonie wider. Ein exquisites Andenken f\u00fcr die spirituelle Verbindung oder als Geschenk mit Anmut.<\/p>\n<p><strong>Material:<\/strong>\u00a022ct Gold<strong><br \/>\nWahrzeichen:\u00a0<\/strong>Britisches G\u00fctesiegel<strong><br \/>\n<\/strong><strong>Bruttogewicht: <\/strong>1,80 Gramm<strong><br \/>\nSKU: <\/strong>48250<\/p>\n<p><strong>Preis und Lieferung:<\/strong>Inklusive Mehrwertsteuer und Lieferkosten, ohne Kettenpreis<strong><br \/>\n<a href=\"https:\/\/www.purejewels.com\/de\/ruckgabepolitik\/\">R\u00fcckgabepolitik<\/a><\/strong><\/p>","protected":false},"featured_media":405218,"comment_status":"closed","ping_status":"closed","template":"","meta":{"_eb_attr":"","_crsspst_to_jayantr4sg-hostcom":true},"product_brand":[],"product_cat":[1229,1255,5343,1572,1768,5338,1701,5349],"product_tag":[],"class_list":{"0":"post-405217","1":"product","2":"type-product","3":"status-publish","4":"has-post-thumbnail","6":"product_cat-22ct-gold-jewellery","7":"product_cat-gold-pendants","8":"product_cat-jewellery-under-550","9":"product_cat-mens-jewellery","10":"product_cat-mens-pendants","11":"product_cat-shop-by-price","12":"product_cat-religious-pendants","13":"product_cat-yellow-gold-jewellery","15":"first","16":"outofstock","17":"taxable","18":"shipping-taxable","19":"product-type-simple","20":"add-to-wishlist-before_image"},"yoast_head":"<!-- This site is optimized with the Yoast SEO plugin v27.6 - https:\/\/yoast.com\/product\/yoast-seo-wordpress\/ -->\n<title>22ct Gold Radha Krishna Pendant | Hindu Devotional Jewellery UK<\/title>\n<meta name=\"description\" content=\"Celebrate divine love with the Radha Krishna Eternal Love Pendant in 22ct Gold \u2013 a sacred symbol of devotion and unity. Finely crafted and hallmarked in the UK.\" \/>\n<meta name=\"robots\" content=\"index, follow, max-snippet:-1, max-image-preview:large, max-video-preview:-1\" \/>\n<link rel=\"canonical\" href=\"https:\/\/www.purejewels.com\/de\/produkt-2\/radha-krishna-ewige-liebe-anhanger-aus-22-kt-gold-48250\/\" \/>\n<meta property=\"og:locale\" content=\"de_DE\" \/>\n<meta property=\"og:type\" content=\"article\" \/>\n<meta property=\"og:title\" content=\"22ct Gold Radha Krishna Pendant | Hindu Devotional Jewellery UK\" \/>\n<meta property=\"og:description\" content=\"Celebrate divine love with the Radha Krishna Eternal Love Pendant in 22ct Gold \u2013 a sacred symbol of devotion and unity. Finely crafted and hallmarked in the UK.\" \/>\n<meta property=\"og:url\" content=\"https:\/\/www.purejewels.com\/de\/produkt-2\/radha-krishna-ewige-liebe-anhanger-aus-22-kt-gold-48250\/\" \/>\n<meta property=\"og:site_name\" content=\"PureJewels UK\" \/>\n<meta property=\"article:modified_time\" content=\"2026-03-04T07:02:05+00:00\" \/>\n<meta property=\"og:image\" content=\"https:\/\/static.purejewels.com\/wp-content\/uploads\/2025\/07\/SKU-48250.jpg\" \/>\n\t<meta property=\"og:image:width\" content=\"1000\" \/>\n\t<meta property=\"og:image:height\" content=\"1000\" \/>\n\t<meta property=\"og:image:type\" content=\"image\/jpeg\" \/>\n<meta name=\"twitter:card\" content=\"summary_large_image\" \/>\n<meta name=\"twitter:label1\" content=\"Gesch\u00e4tzte Lesezeit\" \/>\n\t<meta name=\"twitter:data1\" content=\"1\u00a0Minute\" \/>\n<script type=\"application\/ld+json\" class=\"yoast-schema-graph\">{\"@context\":\"https:\\\/\\\/schema.org\",\"@graph\":[{\"@type\":[\"WebPage\",\"ItemPage\"],\"@id\":\"https:\\\/\\\/www.purejewels.com\\\/product\\\/radha-krishna-eternal-love-pendant-in-22ct-gold-48250\\\/\",\"url\":\"https:\\\/\\\/www.purejewels.com\\\/product\\\/radha-krishna-eternal-love-pendant-in-22ct-gold-48250\\\/\",\"name\":\"22ct Gold Radha Krishna Pendant | Hindu Devotional Jewellery UK\",\"isPartOf\":{\"@id\":\"https:\\\/\\\/www.purejewels.com\\\/#website\"},\"primaryImageOfPage\":{\"@id\":\"https:\\\/\\\/www.purejewels.com\\\/product\\\/radha-krishna-eternal-love-pendant-in-22ct-gold-48250\\\/#primaryimage\"},\"image\":{\"@id\":\"https:\\\/\\\/www.purejewels.com\\\/product\\\/radha-krishna-eternal-love-pendant-in-22ct-gold-48250\\\/#primaryimage\"},\"thumbnailUrl\":\"https:\\\/\\\/static.purejewels.com\\\/wp-content\\\/uploads\\\/2025\\\/07\\\/SKU-48250.jpg\",\"datePublished\":\"2025-06-16T08:19:39+00:00\",\"dateModified\":\"2026-03-04T07:02:05+00:00\",\"description\":\"Celebrate divine love with the Radha Krishna Eternal Love Pendant in 22ct Gold \u2013 a sacred symbol of devotion and unity. Finely crafted and hallmarked in the UK.\",\"breadcrumb\":{\"@id\":\"https:\\\/\\\/www.purejewels.com\\\/product\\\/radha-krishna-eternal-love-pendant-in-22ct-gold-48250\\\/#breadcrumb\"},\"inLanguage\":\"de\",\"potentialAction\":[{\"@type\":\"ReadAction\",\"target\":[\"https:\\\/\\\/www.purejewels.com\\\/product\\\/radha-krishna-eternal-love-pendant-in-22ct-gold-48250\\\/\"]}]},{\"@type\":\"ImageObject\",\"inLanguage\":\"de\",\"@id\":\"https:\\\/\\\/www.purejewels.com\\\/product\\\/radha-krishna-eternal-love-pendant-in-22ct-gold-48250\\\/#primaryimage\",\"url\":\"https:\\\/\\\/static.purejewels.com\\\/wp-content\\\/uploads\\\/2025\\\/07\\\/SKU-48250.jpg\",\"contentUrl\":\"https:\\\/\\\/static.purejewels.com\\\/wp-content\\\/uploads\\\/2025\\\/07\\\/SKU-48250.jpg\",\"width\":1000,\"height\":1000,\"caption\":\"48250\"},{\"@type\":\"BreadcrumbList\",\"@id\":\"https:\\\/\\\/www.purejewels.com\\\/product\\\/radha-krishna-eternal-love-pendant-in-22ct-gold-48250\\\/#breadcrumb\",\"itemListElement\":[{\"@type\":\"ListItem\",\"position\":1,\"name\":\"Home\",\"item\":\"https:\\\/\\\/www.purejewels.com\\\/\"},{\"@type\":\"ListItem\",\"position\":2,\"name\":\"Shop\",\"item\":\"https:\\\/\\\/www.purejewels.com\\\/shop\\\/\"},{\"@type\":\"ListItem\",\"position\":3,\"name\":\"Radha Krishna Eternal Love Pendant in 22ct Gold\"}]},{\"@type\":\"WebSite\",\"@id\":\"https:\\\/\\\/www.purejewels.com\\\/#website\",\"url\":\"https:\\\/\\\/www.purejewels.com\\\/\",\"name\":\"PureJewels UK\",\"description\":\"Share the Love\",\"publisher\":{\"@id\":\"https:\\\/\\\/www.purejewels.com\\\/#organization\"},\"potentialAction\":[{\"@type\":\"SearchAction\",\"target\":{\"@type\":\"EntryPoint\",\"urlTemplate\":\"https:\\\/\\\/www.purejewels.com\\\/?s={search_term_string}\"},\"query-input\":{\"@type\":\"PropertyValueSpecification\",\"valueRequired\":true,\"valueName\":\"search_term_string\"}}],\"inLanguage\":\"de\"},{\"@type\":\"Organization\",\"@id\":\"https:\\\/\\\/www.purejewels.com\\\/#organization\",\"name\":\"PureJewels UK\",\"url\":\"https:\\\/\\\/www.purejewels.com\\\/\",\"logo\":{\"@type\":\"ImageObject\",\"inLanguage\":\"de\",\"@id\":\"https:\\\/\\\/www.purejewels.com\\\/#\\\/schema\\\/logo\\\/image\\\/\",\"url\":\"https:\\\/\\\/static.purejewels.com\\\/wp-content\\\/uploads\\\/2020\\\/11\\\/Logo-PJ-New-1.png\",\"contentUrl\":\"https:\\\/\\\/static.purejewels.com\\\/wp-content\\\/uploads\\\/2020\\\/11\\\/Logo-PJ-New-1.png\",\"width\":150,\"height\":80,\"caption\":\"PureJewels UK\"},\"image\":{\"@id\":\"https:\\\/\\\/www.purejewels.com\\\/#\\\/schema\\\/logo\\\/image\\\/\"}}]}<\/script>\n<!-- \/ Yoast SEO plugin. -->","yoast_head_json":{"title":"22ct Gold Radha Krishna Anh\u00e4nger | Hindu Devotionalienschmuck UK","description":"Feiern Sie die g\u00f6ttliche Liebe mit dem Radha Krishna Eternal Love Anh\u00e4nger aus 22 Karat Gold - ein heiliges Symbol der Hingabe und Einheit. Hochwertig verarbeitet und in Gro\u00dfbritannien gestempelt.","robots":{"index":"index","follow":"follow","max-snippet":"max-snippet:-1","max-image-preview":"max-image-preview:large","max-video-preview":"max-video-preview:-1"},"canonical":"https:\/\/www.purejewels.com\/de\/produkt-2\/radha-krishna-ewige-liebe-anhanger-aus-22-kt-gold-48250\/","og_locale":"de_DE","og_type":"article","og_title":"22ct Gold Radha Krishna Pendant | Hindu Devotional Jewellery UK","og_description":"Celebrate divine love with the Radha Krishna Eternal Love Pendant in 22ct Gold \u2013 a sacred symbol of devotion and unity. Finely crafted and hallmarked in the UK.","og_url":"https:\/\/www.purejewels.com\/de\/produkt-2\/radha-krishna-ewige-liebe-anhanger-aus-22-kt-gold-48250\/","og_site_name":"PureJewels UK","article_modified_time":"2026-03-04T07:02:05+00:00","og_image":[{"width":1000,"height":1000,"url":"https:\/\/static.purejewels.com\/wp-content\/uploads\/2025\/07\/SKU-48250.jpg","type":"image\/jpeg"}],"twitter_card":"summary_large_image","twitter_misc":{"Gesch\u00e4tzte Lesezeit":"1\u00a0Minute"},"schema":{"@context":"https:\/\/schema.org","@graph":[{"@type":["WebPage","ItemPage"],"@id":"https:\/\/www.purejewels.com\/product\/radha-krishna-eternal-love-pendant-in-22ct-gold-48250\/","url":"https:\/\/www.purejewels.com\/product\/radha-krishna-eternal-love-pendant-in-22ct-gold-48250\/","name":"22ct Gold Radha Krishna Anh\u00e4nger | Hindu Devotionalienschmuck UK","isPartOf":{"@id":"https:\/\/www.purejewels.com\/#website"},"primaryImageOfPage":{"@id":"https:\/\/www.purejewels.com\/product\/radha-krishna-eternal-love-pendant-in-22ct-gold-48250\/#primaryimage"},"image":{"@id":"https:\/\/www.purejewels.com\/product\/radha-krishna-eternal-love-pendant-in-22ct-gold-48250\/#primaryimage"},"thumbnailUrl":"https:\/\/static.purejewels.com\/wp-content\/uploads\/2025\/07\/SKU-48250.jpg","datePublished":"2025-06-16T08:19:39+00:00","dateModified":"2026-03-04T07:02:05+00:00","description":"Feiern Sie die g\u00f6ttliche Liebe mit dem Radha Krishna Eternal Love Anh\u00e4nger aus 22 Karat Gold - ein heiliges Symbol der Hingabe und Einheit. Hochwertig verarbeitet und in Gro\u00dfbritannien gestempelt.","breadcrumb":{"@id":"https:\/\/www.purejewels.com\/product\/radha-krishna-eternal-love-pendant-in-22ct-gold-48250\/#breadcrumb"},"inLanguage":"de","potentialAction":[{"@type":"ReadAction","target":["https:\/\/www.purejewels.com\/product\/radha-krishna-eternal-love-pendant-in-22ct-gold-48250\/"]}]},{"@type":"ImageObject","inLanguage":"de","@id":"https:\/\/www.purejewels.com\/product\/radha-krishna-eternal-love-pendant-in-22ct-gold-48250\/#primaryimage","url":"https:\/\/static.purejewels.com\/wp-content\/uploads\/2025\/07\/SKU-48250.jpg","contentUrl":"https:\/\/static.purejewels.com\/wp-content\/uploads\/2025\/07\/SKU-48250.jpg","width":1000,"height":1000,"caption":"48250"},{"@type":"BreadcrumbList","@id":"https:\/\/www.purejewels.com\/product\/radha-krishna-eternal-love-pendant-in-22ct-gold-48250\/#breadcrumb","itemListElement":[{"@type":"ListItem","position":1,"name":"Home","item":"https:\/\/www.purejewels.com\/"},{"@type":"ListItem","position":2,"name":"Shop","item":"https:\/\/www.purejewels.com\/shop\/"},{"@type":"ListItem","position":3,"name":"Radha Krishna Eternal Love Pendant in 22ct Gold"}]},{"@type":"WebSite","@id":"https:\/\/www.purejewels.com\/#website","url":"https:\/\/www.purejewels.com\/","name":"PureJewels UK","description":"Teile die Liebe","publisher":{"@id":"https:\/\/www.purejewels.com\/#organization"},"potentialAction":[{"@type":"SearchAction","target":{"@type":"EntryPoint","urlTemplate":"https:\/\/www.purejewels.com\/?s={search_term_string}"},"query-input":{"@type":"PropertyValueSpecification","valueRequired":true,"valueName":"search_term_string"}}],"inLanguage":"de"},{"@type":"Organization","@id":"https:\/\/www.purejewels.com\/#organization","name":"PureJewels UK","url":"https:\/\/www.purejewels.com\/","logo":{"@type":"ImageObject","inLanguage":"de","@id":"https:\/\/www.purejewels.com\/#\/schema\/logo\/image\/","url":"https:\/\/static.purejewels.com\/wp-content\/uploads\/2020\/11\/Logo-PJ-New-1.png","contentUrl":"https:\/\/static.purejewels.com\/wp-content\/uploads\/2020\/11\/Logo-PJ-New-1.png","width":150,"height":80,"caption":"PureJewels UK"},"image":{"@id":"https:\/\/www.purejewels.com\/#\/schema\/logo\/image\/"}}]}},"_links":{"self":[{"href":"https:\/\/www.purejewels.com\/de\/wp-json\/wp\/v2\/product\/405217","targetHints":{"allow":["GET"]}}],"collection":[{"href":"https:\/\/www.purejewels.com\/de\/wp-json\/wp\/v2\/product"}],"about":[{"href":"https:\/\/www.purejewels.com\/de\/wp-json\/wp\/v2\/types\/product"}],"replies":[{"embeddable":true,"href":"https:\/\/www.purejewels.com\/de\/wp-json\/wp\/v2\/comments?post=405217"}],"version-history":[{"count":1,"href":"https:\/\/www.purejewels.com\/de\/wp-json\/wp\/v2\/product\/405217\/revisions"}],"predecessor-version":[{"id":405221,"href":"https:\/\/www.purejewels.com\/de\/wp-json\/wp\/v2\/product\/405217\/revisions\/405221"}],"wp:featuredmedia":[{"embeddable":true,"href":"https:\/\/www.purejewels.com\/de\/wp-json\/wp\/v2\/media\/405218"}],"wp:attachment":[{"href":"https:\/\/www.purejewels.com\/de\/wp-json\/wp\/v2\/media?parent=405217"}],"wp:term":[{"taxonomy":"product_brand","embeddable":true,"href":"https:\/\/www.purejewels.com\/de\/wp-json\/wp\/v2\/product_brand?post=405217"},{"taxonomy":"product_cat","embeddable":true,"href":"https:\/\/www.purejewels.com\/de\/wp-json\/wp\/v2\/product_cat?post=405217"},{"taxonomy":"product_tag","embeddable":true,"href":"https:\/\/www.purejewels.com\/de\/wp-json\/wp\/v2\/product_tag?post=405217"}],"curies":[{"name":"wp","href":"https:\/\/api.w.org\/{rel}","templated":true}]}}