{"id":405242,"date":"2025-10-06T11:47:23","date_gmt":"2025-10-06T10:47:23","guid":{"rendered":"https:\/\/www.purejewels.com\/?post_type=product&#038;p=405242"},"modified":"2026-02-27T11:01:44","modified_gmt":"2026-02-27T11:01:44","slug":"lakshmi-lotus-grace-anhanger-aus-22-kt-gold-48506","status":"publish","type":"product","link":"https:\/\/www.purejewels.com\/de\/product\/lakshmi-lotus-grace-pendant-in-22ct-gold-48506\/","title":{"rendered":"Lakshmi Lotus Grace Anh\u00e4nger in 22ct Gold"},"content":{"rendered":"<p><strong>Gestaltung<\/strong><\/p>\n<p>Der Lakshmi Lotus Grace-Anh\u00e4nger ist eine leuchtende Hommage an die G\u00f6ttin Lakshmi, das ewige Symbol f\u00fcr Wohlstand, Sch\u00f6nheit und g\u00f6ttliche Energie. Die G\u00f6ttin sitzt gelassen auf einem Lotus und spendet Segen f\u00fcr F\u00fclle und Wohlstand - ein heiliges Motiv, das \u00fcber Generationen hinweg verehrt wird.<\/p>\n<p><strong>Handwerkliches K\u00f6nnen<\/strong><\/p>\n<p>Der aus reinem 22-kar\u00e4tigem Gold handgefertigte Anh\u00e4nger mit einem Gewicht von etwa 3,9 Gramm entspricht h\u00f6chsten k\u00fcnstlerischen Standards. Er ist vom London Assay Office gepunzt, was Echtheit und Reinheit garantiert. Die feinen Details in der Lotus- und G\u00f6ttinnenform zeugen von der Hingabe und Pr\u00e4zision des Kunsthandwerkers.<\/p>\n<p><strong>Styling<\/strong><\/p>\n<p>Dieser Anh\u00e4nger ist ideal f\u00fcr Diwali, f\u00fcr pers\u00f6nliche spirituelle Meilensteine oder f\u00fcr den t\u00e4glichen Gebrauch und tr\u00e4gt sowohl Eleganz als auch Bedeutung in sich. Er wird nah am Herzen getragen und dient als zeitloser Talisman, der Gnade, Schutz und Wohlstand in das eigene Leben bringt.<\/p>","protected":false},"excerpt":{"rendered":"<p>Der aus 22-kar\u00e4tigem Gold gefertigte Lakshmi Lotus Grace Anh\u00e4nger spiegelt die g\u00f6ttliche F\u00fclle und Eleganz der G\u00f6ttin Lakshmi wider. Ein bedeutungsvolles Schmuckst\u00fcck zur Verehrung, zum Verschenken oder zum t\u00e4glichen Schutz.<\/p>\n<p><strong>Material:<\/strong>\u00a022ct Gold<strong><br \/>\nWahrzeichen:\u00a0<\/strong>Britisches G\u00fctesiegel<strong><br \/>\n<\/strong><strong>Bruttogewicht: <\/strong>3,90 Gramm<strong><br \/>\nSKU: <\/strong>48506<\/p>\n<p><strong>Preis und Lieferung: <\/strong>Inklusive Mehrwertsteuer und Lieferkosten, ohne Kettenpreis<strong><br \/>\n<a href=\"https:\/\/www.purejewels.com\/de\/ruckgabepolitik\/\">R\u00fcckgabepolitik<\/a><\/strong><\/p>","protected":false},"featured_media":405243,"comment_status":"closed","ping_status":"closed","template":"","meta":{"_eb_attr":"","_crsspst_to_jayantr4sg-hostcom":true},"product_brand":[],"product_cat":[1229,1255,1572,1768,1701,5349],"product_tag":[],"class_list":{"0":"post-405242","1":"product","2":"type-product","3":"status-publish","4":"has-post-thumbnail","6":"product_cat-22ct-gold-jewellery","7":"product_cat-gold-pendants","8":"product_cat-mens-jewellery","9":"product_cat-mens-pendants","10":"product_cat-religious-pendants","11":"product_cat-yellow-gold-jewellery","13":"first","14":"outofstock","15":"taxable","16":"shipping-taxable","17":"product-type-simple","18":"add-to-wishlist-before_image"},"yoast_head":"<!-- This site is optimized with the Yoast SEO plugin v27.5 - https:\/\/yoast.com\/product\/yoast-seo-wordpress\/ -->\n<title>Lakshmi Lotus Grace Pendant | 22ct Gold Hindu Jewellery<\/title>\n<meta name=\"description\" content=\"Invoke blessings with the Lakshmi Lotus Grace Pendant in 22ct Gold \u2013 a radiant symbol of wealth, beauty, and spiritual prosperity. Handcrafted and hallmarked in the UK.\" \/>\n<meta name=\"robots\" content=\"index, follow, max-snippet:-1, max-image-preview:large, max-video-preview:-1\" \/>\n<link rel=\"canonical\" href=\"https:\/\/www.purejewels.com\/de\/produkt-2\/lakshmi-lotus-grace-anhanger-aus-22-kt-gold-48506\/\" \/>\n<meta property=\"og:locale\" content=\"de_DE\" \/>\n<meta property=\"og:type\" content=\"article\" \/>\n<meta property=\"og:title\" content=\"Lakshmi Lotus Grace Pendant | 22ct Gold Hindu Jewellery\" \/>\n<meta property=\"og:description\" content=\"Invoke blessings with the Lakshmi Lotus Grace Pendant in 22ct Gold \u2013 a radiant symbol of wealth, beauty, and spiritual prosperity. Handcrafted and hallmarked in the UK.\" \/>\n<meta property=\"og:url\" content=\"https:\/\/www.purejewels.com\/de\/produkt-2\/lakshmi-lotus-grace-anhanger-aus-22-kt-gold-48506\/\" \/>\n<meta property=\"og:site_name\" content=\"PureJewels UK\" \/>\n<meta property=\"article:modified_time\" content=\"2026-02-27T11:01:44+00:00\" \/>\n<meta property=\"og:image\" content=\"https:\/\/static.purejewels.com\/wp-content\/uploads\/2025\/07\/SKU-48506.jpg\" \/>\n\t<meta property=\"og:image:width\" content=\"1000\" \/>\n\t<meta property=\"og:image:height\" content=\"1000\" \/>\n\t<meta property=\"og:image:type\" content=\"image\/jpeg\" \/>\n<meta name=\"twitter:card\" content=\"summary_large_image\" \/>\n<meta name=\"twitter:label1\" content=\"Gesch\u00e4tzte Lesezeit\" \/>\n\t<meta name=\"twitter:data1\" content=\"1\u00a0Minute\" \/>\n<script type=\"application\/ld+json\" class=\"yoast-schema-graph\">{\"@context\":\"https:\\\/\\\/schema.org\",\"@graph\":[{\"@type\":[\"WebPage\",\"ItemPage\"],\"@id\":\"https:\\\/\\\/www.purejewels.com\\\/product\\\/lakshmi-lotus-grace-pendant-in-22ct-gold-48506\\\/\",\"url\":\"https:\\\/\\\/www.purejewels.com\\\/product\\\/lakshmi-lotus-grace-pendant-in-22ct-gold-48506\\\/\",\"name\":\"Lakshmi Lotus Grace Pendant | 22ct Gold Hindu Jewellery\",\"isPartOf\":{\"@id\":\"https:\\\/\\\/www.purejewels.com\\\/#website\"},\"primaryImageOfPage\":{\"@id\":\"https:\\\/\\\/www.purejewels.com\\\/product\\\/lakshmi-lotus-grace-pendant-in-22ct-gold-48506\\\/#primaryimage\"},\"image\":{\"@id\":\"https:\\\/\\\/www.purejewels.com\\\/product\\\/lakshmi-lotus-grace-pendant-in-22ct-gold-48506\\\/#primaryimage\"},\"thumbnailUrl\":\"https:\\\/\\\/static.purejewels.com\\\/wp-content\\\/uploads\\\/2025\\\/07\\\/SKU-48506.jpg\",\"datePublished\":\"2025-10-06T10:47:23+00:00\",\"dateModified\":\"2026-02-27T11:01:44+00:00\",\"description\":\"Invoke blessings with the Lakshmi Lotus Grace Pendant in 22ct Gold \u2013 a radiant symbol of wealth, beauty, and spiritual prosperity. Handcrafted and hallmarked in the UK.\",\"breadcrumb\":{\"@id\":\"https:\\\/\\\/www.purejewels.com\\\/product\\\/lakshmi-lotus-grace-pendant-in-22ct-gold-48506\\\/#breadcrumb\"},\"inLanguage\":\"de\",\"potentialAction\":[{\"@type\":\"ReadAction\",\"target\":[\"https:\\\/\\\/www.purejewels.com\\\/product\\\/lakshmi-lotus-grace-pendant-in-22ct-gold-48506\\\/\"]}]},{\"@type\":\"ImageObject\",\"inLanguage\":\"de\",\"@id\":\"https:\\\/\\\/www.purejewels.com\\\/product\\\/lakshmi-lotus-grace-pendant-in-22ct-gold-48506\\\/#primaryimage\",\"url\":\"https:\\\/\\\/static.purejewels.com\\\/wp-content\\\/uploads\\\/2025\\\/07\\\/SKU-48506.jpg\",\"contentUrl\":\"https:\\\/\\\/static.purejewels.com\\\/wp-content\\\/uploads\\\/2025\\\/07\\\/SKU-48506.jpg\",\"width\":1000,\"height\":1000,\"caption\":\"48506\"},{\"@type\":\"BreadcrumbList\",\"@id\":\"https:\\\/\\\/www.purejewels.com\\\/product\\\/lakshmi-lotus-grace-pendant-in-22ct-gold-48506\\\/#breadcrumb\",\"itemListElement\":[{\"@type\":\"ListItem\",\"position\":1,\"name\":\"Home\",\"item\":\"https:\\\/\\\/www.purejewels.com\\\/\"},{\"@type\":\"ListItem\",\"position\":2,\"name\":\"Shop\",\"item\":\"https:\\\/\\\/www.purejewels.com\\\/shop\\\/\"},{\"@type\":\"ListItem\",\"position\":3,\"name\":\"Lakshmi Lotus Grace Pendant in 22ct Gold\"}]},{\"@type\":\"WebSite\",\"@id\":\"https:\\\/\\\/www.purejewels.com\\\/#website\",\"url\":\"https:\\\/\\\/www.purejewels.com\\\/\",\"name\":\"PureJewels UK\",\"description\":\"Share the Love\",\"publisher\":{\"@id\":\"https:\\\/\\\/www.purejewels.com\\\/#organization\"},\"potentialAction\":[{\"@type\":\"SearchAction\",\"target\":{\"@type\":\"EntryPoint\",\"urlTemplate\":\"https:\\\/\\\/www.purejewels.com\\\/?s={search_term_string}\"},\"query-input\":{\"@type\":\"PropertyValueSpecification\",\"valueRequired\":true,\"valueName\":\"search_term_string\"}}],\"inLanguage\":\"de\"},{\"@type\":\"Organization\",\"@id\":\"https:\\\/\\\/www.purejewels.com\\\/#organization\",\"name\":\"PureJewels UK\",\"url\":\"https:\\\/\\\/www.purejewels.com\\\/\",\"logo\":{\"@type\":\"ImageObject\",\"inLanguage\":\"de\",\"@id\":\"https:\\\/\\\/www.purejewels.com\\\/#\\\/schema\\\/logo\\\/image\\\/\",\"url\":\"https:\\\/\\\/static.purejewels.com\\\/wp-content\\\/uploads\\\/2020\\\/11\\\/Logo-PJ-New-1.png\",\"contentUrl\":\"https:\\\/\\\/static.purejewels.com\\\/wp-content\\\/uploads\\\/2020\\\/11\\\/Logo-PJ-New-1.png\",\"width\":150,\"height\":80,\"caption\":\"PureJewels UK\"},\"image\":{\"@id\":\"https:\\\/\\\/www.purejewels.com\\\/#\\\/schema\\\/logo\\\/image\\\/\"}}]}<\/script>\n<!-- \/ Yoast SEO plugin. -->","yoast_head_json":{"title":"Lakshmi Lotus Anmut Anh\u00e4nger | 22ct Gold Hindu-Schmuck","description":"Bitten Sie um Segen mit dem Lakshmi Lotus Grace Anh\u00e4nger aus 22 Karat Gold - ein strahlendes Symbol f\u00fcr Reichtum, Sch\u00f6nheit und spirituellen Wohlstand. Handgefertigt und gestempelt in Gro\u00dfbritannien.","robots":{"index":"index","follow":"follow","max-snippet":"max-snippet:-1","max-image-preview":"max-image-preview:large","max-video-preview":"max-video-preview:-1"},"canonical":"https:\/\/www.purejewels.com\/de\/produkt-2\/lakshmi-lotus-grace-anhanger-aus-22-kt-gold-48506\/","og_locale":"de_DE","og_type":"article","og_title":"Lakshmi Lotus Grace Pendant | 22ct Gold Hindu Jewellery","og_description":"Invoke blessings with the Lakshmi Lotus Grace Pendant in 22ct Gold \u2013 a radiant symbol of wealth, beauty, and spiritual prosperity. Handcrafted and hallmarked in the UK.","og_url":"https:\/\/www.purejewels.com\/de\/produkt-2\/lakshmi-lotus-grace-anhanger-aus-22-kt-gold-48506\/","og_site_name":"PureJewels UK","article_modified_time":"2026-02-27T11:01:44+00:00","og_image":[{"width":1000,"height":1000,"url":"https:\/\/static.purejewels.com\/wp-content\/uploads\/2025\/07\/SKU-48506.jpg","type":"image\/jpeg"}],"twitter_card":"summary_large_image","twitter_misc":{"Gesch\u00e4tzte Lesezeit":"1\u00a0Minute"},"schema":{"@context":"https:\/\/schema.org","@graph":[{"@type":["WebPage","ItemPage"],"@id":"https:\/\/www.purejewels.com\/product\/lakshmi-lotus-grace-pendant-in-22ct-gold-48506\/","url":"https:\/\/www.purejewels.com\/product\/lakshmi-lotus-grace-pendant-in-22ct-gold-48506\/","name":"Lakshmi Lotus Anmut Anh\u00e4nger | 22ct Gold Hindu-Schmuck","isPartOf":{"@id":"https:\/\/www.purejewels.com\/#website"},"primaryImageOfPage":{"@id":"https:\/\/www.purejewels.com\/product\/lakshmi-lotus-grace-pendant-in-22ct-gold-48506\/#primaryimage"},"image":{"@id":"https:\/\/www.purejewels.com\/product\/lakshmi-lotus-grace-pendant-in-22ct-gold-48506\/#primaryimage"},"thumbnailUrl":"https:\/\/static.purejewels.com\/wp-content\/uploads\/2025\/07\/SKU-48506.jpg","datePublished":"2025-10-06T10:47:23+00:00","dateModified":"2026-02-27T11:01:44+00:00","description":"Bitten Sie um Segen mit dem Lakshmi Lotus Grace Anh\u00e4nger aus 22 Karat Gold - ein strahlendes Symbol f\u00fcr Reichtum, Sch\u00f6nheit und spirituellen Wohlstand. Handgefertigt und gestempelt in Gro\u00dfbritannien.","breadcrumb":{"@id":"https:\/\/www.purejewels.com\/product\/lakshmi-lotus-grace-pendant-in-22ct-gold-48506\/#breadcrumb"},"inLanguage":"de","potentialAction":[{"@type":"ReadAction","target":["https:\/\/www.purejewels.com\/product\/lakshmi-lotus-grace-pendant-in-22ct-gold-48506\/"]}]},{"@type":"ImageObject","inLanguage":"de","@id":"https:\/\/www.purejewels.com\/product\/lakshmi-lotus-grace-pendant-in-22ct-gold-48506\/#primaryimage","url":"https:\/\/static.purejewels.com\/wp-content\/uploads\/2025\/07\/SKU-48506.jpg","contentUrl":"https:\/\/static.purejewels.com\/wp-content\/uploads\/2025\/07\/SKU-48506.jpg","width":1000,"height":1000,"caption":"48506"},{"@type":"BreadcrumbList","@id":"https:\/\/www.purejewels.com\/product\/lakshmi-lotus-grace-pendant-in-22ct-gold-48506\/#breadcrumb","itemListElement":[{"@type":"ListItem","position":1,"name":"Home","item":"https:\/\/www.purejewels.com\/"},{"@type":"ListItem","position":2,"name":"Shop","item":"https:\/\/www.purejewels.com\/shop\/"},{"@type":"ListItem","position":3,"name":"Lakshmi Lotus Grace Pendant in 22ct Gold"}]},{"@type":"WebSite","@id":"https:\/\/www.purejewels.com\/#website","url":"https:\/\/www.purejewels.com\/","name":"PureJewels UK","description":"Teile die Liebe","publisher":{"@id":"https:\/\/www.purejewels.com\/#organization"},"potentialAction":[{"@type":"SearchAction","target":{"@type":"EntryPoint","urlTemplate":"https:\/\/www.purejewels.com\/?s={search_term_string}"},"query-input":{"@type":"PropertyValueSpecification","valueRequired":true,"valueName":"search_term_string"}}],"inLanguage":"de"},{"@type":"Organization","@id":"https:\/\/www.purejewels.com\/#organization","name":"PureJewels UK","url":"https:\/\/www.purejewels.com\/","logo":{"@type":"ImageObject","inLanguage":"de","@id":"https:\/\/www.purejewels.com\/#\/schema\/logo\/image\/","url":"https:\/\/static.purejewels.com\/wp-content\/uploads\/2020\/11\/Logo-PJ-New-1.png","contentUrl":"https:\/\/static.purejewels.com\/wp-content\/uploads\/2020\/11\/Logo-PJ-New-1.png","width":150,"height":80,"caption":"PureJewels UK"},"image":{"@id":"https:\/\/www.purejewels.com\/#\/schema\/logo\/image\/"}}]}},"_links":{"self":[{"href":"https:\/\/www.purejewels.com\/de\/wp-json\/wp\/v2\/product\/405242","targetHints":{"allow":["GET"]}}],"collection":[{"href":"https:\/\/www.purejewels.com\/de\/wp-json\/wp\/v2\/product"}],"about":[{"href":"https:\/\/www.purejewels.com\/de\/wp-json\/wp\/v2\/types\/product"}],"replies":[{"embeddable":true,"href":"https:\/\/www.purejewels.com\/de\/wp-json\/wp\/v2\/comments?post=405242"}],"version-history":[{"count":2,"href":"https:\/\/www.purejewels.com\/de\/wp-json\/wp\/v2\/product\/405242\/revisions"}],"predecessor-version":[{"id":419162,"href":"https:\/\/www.purejewels.com\/de\/wp-json\/wp\/v2\/product\/405242\/revisions\/419162"}],"wp:featuredmedia":[{"embeddable":true,"href":"https:\/\/www.purejewels.com\/de\/wp-json\/wp\/v2\/media\/405243"}],"wp:attachment":[{"href":"https:\/\/www.purejewels.com\/de\/wp-json\/wp\/v2\/media?parent=405242"}],"wp:term":[{"taxonomy":"product_brand","embeddable":true,"href":"https:\/\/www.purejewels.com\/de\/wp-json\/wp\/v2\/product_brand?post=405242"},{"taxonomy":"product_cat","embeddable":true,"href":"https:\/\/www.purejewels.com\/de\/wp-json\/wp\/v2\/product_cat?post=405242"},{"taxonomy":"product_tag","embeddable":true,"href":"https:\/\/www.purejewels.com\/de\/wp-json\/wp\/v2\/product_tag?post=405242"}],"curies":[{"name":"wp","href":"https:\/\/api.w.org\/{rel}","templated":true}]}}