{"id":405255,"date":"2025-06-16T12:52:46","date_gmt":"2025-06-16T11:52:46","guid":{"rendered":"https:\/\/www.purejewels.com\/?post_type=product&#038;p=405255"},"modified":"2026-01-06T07:30:22","modified_gmt":"2026-01-06T07:30:22","slug":"sai-baba-devotionalien-anhanger-48647","status":"publish","type":"product","link":"https:\/\/www.purejewels.com\/de\/product\/sai-baba-devotional-pendant-48647\/","title":{"rendered":"Sai Baba Devotionalien-Anh\u00e4nger"},"content":{"rendered":"<p data-start=\"870\" data-end=\"1161\">Zeitlose Hingabe mit dieser <strong data-start=\"906\" data-end=\"936\">22ct Gold Sai Baba Anh\u00e4nger<\/strong>f\u00fcr alle, die Frieden, Schutz und g\u00f6ttliche Verbindung suchen. Entworfen und <strong data-start=\"1016\" data-end=\"1040\">im Vereinigten K\u00f6nigreich gepunzt<\/strong>Der Anh\u00e4nger hat folgende Eigenschaften <strong data-start=\"1063\" data-end=\"1082\">Shirdi Sai Baba<\/strong> in einer ruhigen sitzenden Haltung, die Demut, Mitgef\u00fchl und universelle Liebe symbolisiert.<\/p>\n<p data-start=\"1163\" data-end=\"1444\">Mit einem Gewicht von etwa <strong data-start=\"1186\" data-end=\"1199\">4,8 Gramm<\/strong>Er ist eine durchdachte Wahl f\u00fcr den pers\u00f6nlichen Gebrauch oder als spirituelles Geschenk. Ob nah am Herzen getragen oder mit Ehrfurcht dargebracht, dieser Anh\u00e4nger dient als t\u00e4gliche Erinnerung an <strong data-start=\"1370\" data-end=\"1390\">Shraddha (Glaube)<\/strong> und <strong data-start=\"1395\" data-end=\"1416\">Saburi (Geduld)<\/strong>-die Kernlehren von Baba.<\/p>\n<p data-start=\"1446\" data-end=\"1527\">Jedes Detail spiegelt das Erbe von PureJewels wider: Handwerkskunst, Hingabe und Vertrauen.<\/p>","protected":false},"excerpt":{"rendered":"<p>Dieser Sai Baba Anh\u00e4nger aus 22 Karat Gold ist ein anmutiges Symbol des Glaubens und der g\u00f6ttlichen Gegenwart. Entworfen in Gro\u00dfbritannien und f\u00fcr Reinheit gestempelt, ist er ideal f\u00fcr den t\u00e4glichen Gebrauch oder als spirituelles Geschenk.<\/p>\n<p><strong>Material:<\/strong>\u00a022ct Gold<strong><br \/>\nWahrzeichen:\u00a0<\/strong>Britisches G\u00fctesiegel<strong><br \/>\n<\/strong><strong>Bruttogewicht: <\/strong>4,80 Gramm<strong><br \/>\nSKU: <\/strong>48647<\/p>\n<p><strong>Preis und Lieferung: <\/strong>Inklusive Mehrwertsteuer und Lieferkosten, ohne Kettenpreis<strong><br \/>\n<a href=\"https:\/\/www.purejewels.com\/de\/ruckgabepolitik\/\">R\u00fcckgabepolitik<\/a><\/strong><\/p>","protected":false},"featured_media":405256,"comment_status":"closed","ping_status":"closed","template":"","meta":{"_eb_attr":"","_crsspst_to_jayantr4sg-hostcom":true},"product_brand":[],"product_cat":[1229,1255,5344,1572,1768,1701,5349],"product_tag":[],"class_list":{"0":"post-405255","1":"product","2":"type-product","3":"status-publish","4":"has-post-thumbnail","6":"product_cat-22ct-gold-jewellery","7":"product_cat-gold-pendants","8":"product_cat-jewellery-under-750","9":"product_cat-mens-jewellery","10":"product_cat-mens-pendants","11":"product_cat-religious-pendants","12":"product_cat-yellow-gold-jewellery","14":"first","15":"outofstock","16":"taxable","17":"shipping-taxable","18":"product-type-simple","19":"add-to-wishlist-before_image"},"yoast_head":"<!-- This site is optimized with the Yoast SEO plugin v27.5 - https:\/\/yoast.com\/product\/yoast-seo-wordpress\/ -->\n<title>22ct Gold Sai Baba Pendant UK | Pure Devotional Jewellery<\/title>\n<meta name=\"description\" content=\"Shop the 22ct Gold Sai Baba Pendant UK \u2013 a hallmarked devotional piece representing faith, protection, and spiritual serenity. Crafted by PureJewels for everyday grace.\" \/>\n<meta name=\"robots\" content=\"index, follow, max-snippet:-1, max-image-preview:large, max-video-preview:-1\" \/>\n<link rel=\"canonical\" href=\"https:\/\/www.purejewels.com\/de\/produkt-2\/sai-baba-devotionalien-anhanger-48647\/\" \/>\n<meta property=\"og:locale\" content=\"de_DE\" \/>\n<meta property=\"og:type\" content=\"article\" \/>\n<meta property=\"og:title\" content=\"22ct Gold Sai Baba Pendant UK | Pure Devotional Jewellery\" \/>\n<meta property=\"og:description\" content=\"Shop the 22ct Gold Sai Baba Pendant UK \u2013 a hallmarked devotional piece representing faith, protection, and spiritual serenity. Crafted by PureJewels for everyday grace.\" \/>\n<meta property=\"og:url\" content=\"https:\/\/www.purejewels.com\/de\/produkt-2\/sai-baba-devotionalien-anhanger-48647\/\" \/>\n<meta property=\"og:site_name\" content=\"PureJewels UK\" \/>\n<meta property=\"article:modified_time\" content=\"2026-01-06T07:30:22+00:00\" \/>\n<meta property=\"og:image\" content=\"https:\/\/www.purejewels.com\/wp-content\/uploads\/2025\/07\/SKU-48647.jpg\" \/>\n\t<meta property=\"og:image:width\" content=\"1000\" \/>\n\t<meta property=\"og:image:height\" content=\"1000\" \/>\n\t<meta property=\"og:image:type\" content=\"image\/jpeg\" \/>\n<meta name=\"twitter:card\" content=\"summary_large_image\" \/>\n<script type=\"application\/ld+json\" class=\"yoast-schema-graph\">{\"@context\":\"https:\\\/\\\/schema.org\",\"@graph\":[{\"@type\":[\"WebPage\",\"ItemPage\"],\"@id\":\"https:\\\/\\\/www.purejewels.com\\\/product\\\/sai-baba-devotional-pendant-48647\\\/\",\"url\":\"https:\\\/\\\/www.purejewels.com\\\/product\\\/sai-baba-devotional-pendant-48647\\\/\",\"name\":\"22ct Gold Sai Baba Pendant UK | Pure Devotional Jewellery\",\"isPartOf\":{\"@id\":\"https:\\\/\\\/www.purejewels.com\\\/#website\"},\"primaryImageOfPage\":{\"@id\":\"https:\\\/\\\/www.purejewels.com\\\/product\\\/sai-baba-devotional-pendant-48647\\\/#primaryimage\"},\"image\":{\"@id\":\"https:\\\/\\\/www.purejewels.com\\\/product\\\/sai-baba-devotional-pendant-48647\\\/#primaryimage\"},\"thumbnailUrl\":\"https:\\\/\\\/static.purejewels.com\\\/wp-content\\\/uploads\\\/2025\\\/07\\\/SKU-48647.jpg\",\"datePublished\":\"2025-06-16T11:52:46+00:00\",\"dateModified\":\"2026-01-06T07:30:22+00:00\",\"description\":\"Shop the 22ct Gold Sai Baba Pendant UK \u2013 a hallmarked devotional piece representing faith, protection, and spiritual serenity. Crafted by PureJewels for everyday grace.\",\"breadcrumb\":{\"@id\":\"https:\\\/\\\/www.purejewels.com\\\/product\\\/sai-baba-devotional-pendant-48647\\\/#breadcrumb\"},\"inLanguage\":\"de\",\"potentialAction\":[{\"@type\":\"ReadAction\",\"target\":[\"https:\\\/\\\/www.purejewels.com\\\/product\\\/sai-baba-devotional-pendant-48647\\\/\"]}]},{\"@type\":\"ImageObject\",\"inLanguage\":\"de\",\"@id\":\"https:\\\/\\\/www.purejewels.com\\\/product\\\/sai-baba-devotional-pendant-48647\\\/#primaryimage\",\"url\":\"https:\\\/\\\/static.purejewels.com\\\/wp-content\\\/uploads\\\/2025\\\/07\\\/SKU-48647.jpg\",\"contentUrl\":\"https:\\\/\\\/static.purejewels.com\\\/wp-content\\\/uploads\\\/2025\\\/07\\\/SKU-48647.jpg\",\"width\":1000,\"height\":1000,\"caption\":\"48647\"},{\"@type\":\"BreadcrumbList\",\"@id\":\"https:\\\/\\\/www.purejewels.com\\\/product\\\/sai-baba-devotional-pendant-48647\\\/#breadcrumb\",\"itemListElement\":[{\"@type\":\"ListItem\",\"position\":1,\"name\":\"Home\",\"item\":\"https:\\\/\\\/www.purejewels.com\\\/\"},{\"@type\":\"ListItem\",\"position\":2,\"name\":\"Shop\",\"item\":\"https:\\\/\\\/www.purejewels.com\\\/shop\\\/\"},{\"@type\":\"ListItem\",\"position\":3,\"name\":\"Sai Baba Devotional Pendant\"}]},{\"@type\":\"WebSite\",\"@id\":\"https:\\\/\\\/www.purejewels.com\\\/#website\",\"url\":\"https:\\\/\\\/www.purejewels.com\\\/\",\"name\":\"PureJewels UK\",\"description\":\"Share the Love\",\"publisher\":{\"@id\":\"https:\\\/\\\/www.purejewels.com\\\/#organization\"},\"potentialAction\":[{\"@type\":\"SearchAction\",\"target\":{\"@type\":\"EntryPoint\",\"urlTemplate\":\"https:\\\/\\\/www.purejewels.com\\\/?s={search_term_string}\"},\"query-input\":{\"@type\":\"PropertyValueSpecification\",\"valueRequired\":true,\"valueName\":\"search_term_string\"}}],\"inLanguage\":\"de\"},{\"@type\":\"Organization\",\"@id\":\"https:\\\/\\\/www.purejewels.com\\\/#organization\",\"name\":\"PureJewels UK\",\"url\":\"https:\\\/\\\/www.purejewels.com\\\/\",\"logo\":{\"@type\":\"ImageObject\",\"inLanguage\":\"de\",\"@id\":\"https:\\\/\\\/www.purejewels.com\\\/#\\\/schema\\\/logo\\\/image\\\/\",\"url\":\"https:\\\/\\\/static.purejewels.com\\\/wp-content\\\/uploads\\\/2020\\\/11\\\/Logo-PJ-New-1.png\",\"contentUrl\":\"https:\\\/\\\/static.purejewels.com\\\/wp-content\\\/uploads\\\/2020\\\/11\\\/Logo-PJ-New-1.png\",\"width\":150,\"height\":80,\"caption\":\"PureJewels UK\"},\"image\":{\"@id\":\"https:\\\/\\\/www.purejewels.com\\\/#\\\/schema\\\/logo\\\/image\\\/\"}}]}<\/script>\n<!-- \/ Yoast SEO plugin. -->","yoast_head_json":{"title":"22ct Gold Sai Baba Anh\u00e4nger UK | Reiner Devotionalienschmuck","description":"Shoppen Sie den 22ct Gold Sai Baba Anh\u00e4nger UK - ein gepunztes Devotionalienst\u00fcck, das Glauben, Schutz und spirituelle Gelassenheit repr\u00e4sentiert. Handgefertigt von PureJewels f\u00fcr den t\u00e4glichen Anmut.","robots":{"index":"index","follow":"follow","max-snippet":"max-snippet:-1","max-image-preview":"max-image-preview:large","max-video-preview":"max-video-preview:-1"},"canonical":"https:\/\/www.purejewels.com\/de\/produkt-2\/sai-baba-devotionalien-anhanger-48647\/","og_locale":"de_DE","og_type":"article","og_title":"22ct Gold Sai Baba Pendant UK | Pure Devotional Jewellery","og_description":"Shop the 22ct Gold Sai Baba Pendant UK \u2013 a hallmarked devotional piece representing faith, protection, and spiritual serenity. Crafted by PureJewels for everyday grace.","og_url":"https:\/\/www.purejewels.com\/de\/produkt-2\/sai-baba-devotionalien-anhanger-48647\/","og_site_name":"PureJewels UK","article_modified_time":"2026-01-06T07:30:22+00:00","og_image":[{"width":1000,"height":1000,"url":"https:\/\/www.purejewels.com\/wp-content\/uploads\/2025\/07\/SKU-48647.jpg","type":"image\/jpeg"}],"twitter_card":"summary_large_image","schema":{"@context":"https:\/\/schema.org","@graph":[{"@type":["WebPage","ItemPage"],"@id":"https:\/\/www.purejewels.com\/product\/sai-baba-devotional-pendant-48647\/","url":"https:\/\/www.purejewels.com\/product\/sai-baba-devotional-pendant-48647\/","name":"22ct Gold Sai Baba Anh\u00e4nger UK | Reiner Devotionalienschmuck","isPartOf":{"@id":"https:\/\/www.purejewels.com\/#website"},"primaryImageOfPage":{"@id":"https:\/\/www.purejewels.com\/product\/sai-baba-devotional-pendant-48647\/#primaryimage"},"image":{"@id":"https:\/\/www.purejewels.com\/product\/sai-baba-devotional-pendant-48647\/#primaryimage"},"thumbnailUrl":"https:\/\/static.purejewels.com\/wp-content\/uploads\/2025\/07\/SKU-48647.jpg","datePublished":"2025-06-16T11:52:46+00:00","dateModified":"2026-01-06T07:30:22+00:00","description":"Shoppen Sie den 22ct Gold Sai Baba Anh\u00e4nger UK - ein gepunztes Devotionalienst\u00fcck, das Glauben, Schutz und spirituelle Gelassenheit repr\u00e4sentiert. Handgefertigt von PureJewels f\u00fcr den t\u00e4glichen Anmut.","breadcrumb":{"@id":"https:\/\/www.purejewels.com\/product\/sai-baba-devotional-pendant-48647\/#breadcrumb"},"inLanguage":"de","potentialAction":[{"@type":"ReadAction","target":["https:\/\/www.purejewels.com\/product\/sai-baba-devotional-pendant-48647\/"]}]},{"@type":"ImageObject","inLanguage":"de","@id":"https:\/\/www.purejewels.com\/product\/sai-baba-devotional-pendant-48647\/#primaryimage","url":"https:\/\/static.purejewels.com\/wp-content\/uploads\/2025\/07\/SKU-48647.jpg","contentUrl":"https:\/\/static.purejewels.com\/wp-content\/uploads\/2025\/07\/SKU-48647.jpg","width":1000,"height":1000,"caption":"48647"},{"@type":"BreadcrumbList","@id":"https:\/\/www.purejewels.com\/product\/sai-baba-devotional-pendant-48647\/#breadcrumb","itemListElement":[{"@type":"ListItem","position":1,"name":"Home","item":"https:\/\/www.purejewels.com\/"},{"@type":"ListItem","position":2,"name":"Shop","item":"https:\/\/www.purejewels.com\/shop\/"},{"@type":"ListItem","position":3,"name":"Sai Baba Devotional Pendant"}]},{"@type":"WebSite","@id":"https:\/\/www.purejewels.com\/#website","url":"https:\/\/www.purejewels.com\/","name":"PureJewels UK","description":"Teile die Liebe","publisher":{"@id":"https:\/\/www.purejewels.com\/#organization"},"potentialAction":[{"@type":"SearchAction","target":{"@type":"EntryPoint","urlTemplate":"https:\/\/www.purejewels.com\/?s={search_term_string}"},"query-input":{"@type":"PropertyValueSpecification","valueRequired":true,"valueName":"search_term_string"}}],"inLanguage":"de"},{"@type":"Organization","@id":"https:\/\/www.purejewels.com\/#organization","name":"PureJewels UK","url":"https:\/\/www.purejewels.com\/","logo":{"@type":"ImageObject","inLanguage":"de","@id":"https:\/\/www.purejewels.com\/#\/schema\/logo\/image\/","url":"https:\/\/static.purejewels.com\/wp-content\/uploads\/2020\/11\/Logo-PJ-New-1.png","contentUrl":"https:\/\/static.purejewels.com\/wp-content\/uploads\/2020\/11\/Logo-PJ-New-1.png","width":150,"height":80,"caption":"PureJewels UK"},"image":{"@id":"https:\/\/www.purejewels.com\/#\/schema\/logo\/image\/"}}]}},"_links":{"self":[{"href":"https:\/\/www.purejewels.com\/de\/wp-json\/wp\/v2\/product\/405255","targetHints":{"allow":["GET"]}}],"collection":[{"href":"https:\/\/www.purejewels.com\/de\/wp-json\/wp\/v2\/product"}],"about":[{"href":"https:\/\/www.purejewels.com\/de\/wp-json\/wp\/v2\/types\/product"}],"replies":[{"embeddable":true,"href":"https:\/\/www.purejewels.com\/de\/wp-json\/wp\/v2\/comments?post=405255"}],"version-history":[{"count":1,"href":"https:\/\/www.purejewels.com\/de\/wp-json\/wp\/v2\/product\/405255\/revisions"}],"predecessor-version":[{"id":405257,"href":"https:\/\/www.purejewels.com\/de\/wp-json\/wp\/v2\/product\/405255\/revisions\/405257"}],"wp:featuredmedia":[{"embeddable":true,"href":"https:\/\/www.purejewels.com\/de\/wp-json\/wp\/v2\/media\/405256"}],"wp:attachment":[{"href":"https:\/\/www.purejewels.com\/de\/wp-json\/wp\/v2\/media?parent=405255"}],"wp:term":[{"taxonomy":"product_brand","embeddable":true,"href":"https:\/\/www.purejewels.com\/de\/wp-json\/wp\/v2\/product_brand?post=405255"},{"taxonomy":"product_cat","embeddable":true,"href":"https:\/\/www.purejewels.com\/de\/wp-json\/wp\/v2\/product_cat?post=405255"},{"taxonomy":"product_tag","embeddable":true,"href":"https:\/\/www.purejewels.com\/de\/wp-json\/wp\/v2\/product_tag?post=405255"}],"curies":[{"name":"wp","href":"https:\/\/api.w.org\/{rel}","templated":true}]}}