{"id":405366,"date":"2025-06-17T06:12:31","date_gmt":"2025-06-17T05:12:31","guid":{"rendered":"https:\/\/www.purejewels.com\/?post_type=product&#038;p=405366"},"modified":"2026-04-24T11:12:10","modified_gmt":"2026-04-24T10:12:10","slug":"trinetra-shiva-gekronter-anhanger-aus-22-kt-gold-48654","status":"publish","type":"product","link":"https:\/\/www.purejewels.com\/de\/product\/trinetra-shiva-crowned-pendant-in-22ct-gold-48654\/","title":{"rendered":"Trinetra Shiva gekr\u00f6nten Anh\u00e4nger in 22ct Gold"},"content":{"rendered":"<p data-start=\"836\" data-end=\"1139\">Mit seiner heiligen Symbolik verk\u00f6rpert der <strong data-start=\"868\" data-end=\"922\">Trinetra Shiva gekr\u00f6nter Anh\u00e4nger aus 22ct Gold (3,6g)<\/strong> f\u00e4ngt die kraftvolle Essenz von Lord Shiva in g\u00f6ttlicher Stille ein. Der detailliert gearbeitete Anh\u00e4nger zeigt Shivas ikonisches drittes Auge (Trinetra) und die geschm\u00fcckte Krone - Symbole f\u00fcr Weisheit, Bewusstsein und kosmischen Schutz.<\/p>\n<p data-start=\"1141\" data-end=\"1433\">Dieses aus reinem 22-kar\u00e4tigem Gold gefertigte und vom London Assay Office gepunzte St\u00fcck ist sowohl spirituell bedeutsam als auch k\u00fcnstlerisch au\u00dfergew\u00f6hnlich. Ein zeitloser Anh\u00e4nger f\u00fcr Suchende, Anh\u00e4nger und diejenigen, die sich der pers\u00f6nlichen Transformation verschrieben haben - jedes Tragen erz\u00e4hlt eine Geschichte \u00fcber innere St\u00e4rke und heilige Reisen.<\/p>","protected":false},"excerpt":{"rendered":"<p>Dieser Trinetra Shiva-Anh\u00e4nger aus 22 Karat Gold zeigt Lord Shiva mit seinem heiligen dritten Auge, gekr\u00f6nt von himmlischer Anmut. Ein kraftvoller Ausdruck von Hingabe und Transzendenz.<\/p>\n<p><strong>Material:<\/strong>\u00a022ct Gold<strong><br \/>\nWahrzeichen:\u00a0<\/strong>Britisches G\u00fctesiegel<strong><br \/>\n<\/strong><strong>Bruttogewicht: <\/strong>3,60 Gramm<strong><br \/>\nSKU: <\/strong>48654<\/p>\n<p><strong>Preis und Lieferung: <\/strong>Inklusive Mehrwertsteuer und Lieferkosten, ohne Kettenpreis<strong><br \/>\n<a href=\"https:\/\/www.purejewels.com\/de\/ruckgabepolitik\/\">R\u00fcckgabepolitik<\/a><\/strong><\/p>","protected":false},"featured_media":405367,"comment_status":"closed","ping_status":"closed","template":"","meta":{"_eb_attr":"","_crsspst_to_jayantr4sg-hostcom":false},"product_brand":[],"product_cat":[1229,1255,1572,1768,1701,5349],"product_tag":[],"class_list":{"0":"post-405366","1":"product","2":"type-product","3":"status-publish","4":"has-post-thumbnail","6":"product_cat-22ct-gold-jewellery","7":"product_cat-gold-pendants","8":"product_cat-mens-jewellery","9":"product_cat-mens-pendants","10":"product_cat-religious-pendants","11":"product_cat-yellow-gold-jewellery","13":"first","14":"instock","15":"taxable","16":"shipping-taxable","17":"purchasable","18":"product-type-simple","19":"add-to-wishlist-before_image"},"yoast_head":"<!-- This site is optimized with the Yoast SEO plugin v27.5 - https:\/\/yoast.com\/product\/yoast-seo-wordpress\/ -->\n<title>Trinetra Shiva Pendant in 22ct Gold | Spiritual Gold Jewellery<\/title>\n<meta name=\"description\" content=\"Celebrate divine strength with the Trinetra Shiva Crowned Pendant, crafted in 22ct gold. A majestic symbol of protection and inner peace, hallmarked in London.\" \/>\n<meta name=\"robots\" content=\"index, follow, max-snippet:-1, max-image-preview:large, max-video-preview:-1\" \/>\n<link rel=\"canonical\" href=\"https:\/\/www.purejewels.com\/de\/produkt-2\/trinetra-shiva-gekronter-anhanger-aus-22-kt-gold-48654\/\" \/>\n<meta property=\"og:locale\" content=\"de_DE\" \/>\n<meta property=\"og:type\" content=\"article\" \/>\n<meta property=\"og:title\" content=\"Trinetra Shiva Pendant in 22ct Gold | Spiritual Gold Jewellery\" \/>\n<meta property=\"og:description\" content=\"Celebrate divine strength with the Trinetra Shiva Crowned Pendant, crafted in 22ct gold. A majestic symbol of protection and inner peace, hallmarked in London.\" \/>\n<meta property=\"og:url\" content=\"https:\/\/www.purejewels.com\/de\/produkt-2\/trinetra-shiva-gekronter-anhanger-aus-22-kt-gold-48654\/\" \/>\n<meta property=\"og:site_name\" content=\"PureJewels UK\" \/>\n<meta property=\"article:modified_time\" content=\"2026-04-24T10:12:10+00:00\" \/>\n<meta property=\"og:image\" content=\"https:\/\/static.purejewels.com\/wp-content\/uploads\/2025\/07\/SKU-48654.jpg\" \/>\n\t<meta property=\"og:image:width\" content=\"1000\" \/>\n\t<meta property=\"og:image:height\" content=\"1000\" \/>\n\t<meta property=\"og:image:type\" content=\"image\/jpeg\" \/>\n<meta name=\"twitter:card\" content=\"summary_large_image\" \/>\n<meta name=\"twitter:label1\" content=\"Gesch\u00e4tzte Lesezeit\" \/>\n\t<meta name=\"twitter:data1\" content=\"1\u00a0Minute\" \/>\n<script type=\"application\/ld+json\" class=\"yoast-schema-graph\">{\"@context\":\"https:\\\/\\\/schema.org\",\"@graph\":[{\"@type\":[\"WebPage\",\"ItemPage\"],\"@id\":\"https:\\\/\\\/www.purejewels.com\\\/product\\\/trinetra-shiva-crowned-pendant-in-22ct-gold-48654\\\/\",\"url\":\"https:\\\/\\\/www.purejewels.com\\\/product\\\/trinetra-shiva-crowned-pendant-in-22ct-gold-48654\\\/\",\"name\":\"Trinetra Shiva Pendant in 22ct Gold | Spiritual Gold Jewellery\",\"isPartOf\":{\"@id\":\"https:\\\/\\\/www.purejewels.com\\\/#website\"},\"primaryImageOfPage\":{\"@id\":\"https:\\\/\\\/www.purejewels.com\\\/product\\\/trinetra-shiva-crowned-pendant-in-22ct-gold-48654\\\/#primaryimage\"},\"image\":{\"@id\":\"https:\\\/\\\/www.purejewels.com\\\/product\\\/trinetra-shiva-crowned-pendant-in-22ct-gold-48654\\\/#primaryimage\"},\"thumbnailUrl\":\"https:\\\/\\\/static.purejewels.com\\\/wp-content\\\/uploads\\\/2025\\\/07\\\/SKU-48654.jpg\",\"datePublished\":\"2025-06-17T05:12:31+00:00\",\"dateModified\":\"2026-04-24T10:12:10+00:00\",\"description\":\"Celebrate divine strength with the Trinetra Shiva Crowned Pendant, crafted in 22ct gold. A majestic symbol of protection and inner peace, hallmarked in London.\",\"breadcrumb\":{\"@id\":\"https:\\\/\\\/www.purejewels.com\\\/product\\\/trinetra-shiva-crowned-pendant-in-22ct-gold-48654\\\/#breadcrumb\"},\"inLanguage\":\"de\",\"potentialAction\":[{\"@type\":\"ReadAction\",\"target\":[\"https:\\\/\\\/www.purejewels.com\\\/product\\\/trinetra-shiva-crowned-pendant-in-22ct-gold-48654\\\/\"]}]},{\"@type\":\"ImageObject\",\"inLanguage\":\"de\",\"@id\":\"https:\\\/\\\/www.purejewels.com\\\/product\\\/trinetra-shiva-crowned-pendant-in-22ct-gold-48654\\\/#primaryimage\",\"url\":\"https:\\\/\\\/static.purejewels.com\\\/wp-content\\\/uploads\\\/2025\\\/07\\\/SKU-48654.jpg\",\"contentUrl\":\"https:\\\/\\\/static.purejewels.com\\\/wp-content\\\/uploads\\\/2025\\\/07\\\/SKU-48654.jpg\",\"width\":1000,\"height\":1000,\"caption\":\"48654\"},{\"@type\":\"BreadcrumbList\",\"@id\":\"https:\\\/\\\/www.purejewels.com\\\/product\\\/trinetra-shiva-crowned-pendant-in-22ct-gold-48654\\\/#breadcrumb\",\"itemListElement\":[{\"@type\":\"ListItem\",\"position\":1,\"name\":\"Home\",\"item\":\"https:\\\/\\\/www.purejewels.com\\\/\"},{\"@type\":\"ListItem\",\"position\":2,\"name\":\"Shop\",\"item\":\"https:\\\/\\\/www.purejewels.com\\\/shop\\\/\"},{\"@type\":\"ListItem\",\"position\":3,\"name\":\"Trinetra Shiva Crowned Pendant in 22ct Gold\"}]},{\"@type\":\"WebSite\",\"@id\":\"https:\\\/\\\/www.purejewels.com\\\/#website\",\"url\":\"https:\\\/\\\/www.purejewels.com\\\/\",\"name\":\"PureJewels UK\",\"description\":\"Share the Love\",\"publisher\":{\"@id\":\"https:\\\/\\\/www.purejewels.com\\\/#organization\"},\"potentialAction\":[{\"@type\":\"SearchAction\",\"target\":{\"@type\":\"EntryPoint\",\"urlTemplate\":\"https:\\\/\\\/www.purejewels.com\\\/?s={search_term_string}\"},\"query-input\":{\"@type\":\"PropertyValueSpecification\",\"valueRequired\":true,\"valueName\":\"search_term_string\"}}],\"inLanguage\":\"de\"},{\"@type\":\"Organization\",\"@id\":\"https:\\\/\\\/www.purejewels.com\\\/#organization\",\"name\":\"PureJewels UK\",\"url\":\"https:\\\/\\\/www.purejewels.com\\\/\",\"logo\":{\"@type\":\"ImageObject\",\"inLanguage\":\"de\",\"@id\":\"https:\\\/\\\/www.purejewels.com\\\/#\\\/schema\\\/logo\\\/image\\\/\",\"url\":\"https:\\\/\\\/static.purejewels.com\\\/wp-content\\\/uploads\\\/2020\\\/11\\\/Logo-PJ-New-1.png\",\"contentUrl\":\"https:\\\/\\\/static.purejewels.com\\\/wp-content\\\/uploads\\\/2020\\\/11\\\/Logo-PJ-New-1.png\",\"width\":150,\"height\":80,\"caption\":\"PureJewels UK\"},\"image\":{\"@id\":\"https:\\\/\\\/www.purejewels.com\\\/#\\\/schema\\\/logo\\\/image\\\/\"}}]}<\/script>\n<!-- \/ Yoast SEO plugin. -->","yoast_head_json":{"title":"Trinetra Shiva-Anh\u00e4nger aus 22 Karat Gold | Spiritueller Goldschmuck","description":"Feiern Sie die g\u00f6ttliche Kraft mit dem gekr\u00f6nten Anh\u00e4nger Shiva von Trinetra aus 22 Karat Gold. Ein majest\u00e4tisches, in London gepunztes Symbol f\u00fcr Schutz und inneren Frieden.","robots":{"index":"index","follow":"follow","max-snippet":"max-snippet:-1","max-image-preview":"max-image-preview:large","max-video-preview":"max-video-preview:-1"},"canonical":"https:\/\/www.purejewels.com\/de\/produkt-2\/trinetra-shiva-gekronter-anhanger-aus-22-kt-gold-48654\/","og_locale":"de_DE","og_type":"article","og_title":"Trinetra Shiva Pendant in 22ct Gold | Spiritual Gold Jewellery","og_description":"Celebrate divine strength with the Trinetra Shiva Crowned Pendant, crafted in 22ct gold. A majestic symbol of protection and inner peace, hallmarked in London.","og_url":"https:\/\/www.purejewels.com\/de\/produkt-2\/trinetra-shiva-gekronter-anhanger-aus-22-kt-gold-48654\/","og_site_name":"PureJewels UK","article_modified_time":"2026-04-24T10:12:10+00:00","og_image":[{"width":1000,"height":1000,"url":"https:\/\/static.purejewels.com\/wp-content\/uploads\/2025\/07\/SKU-48654.jpg","type":"image\/jpeg"}],"twitter_card":"summary_large_image","twitter_misc":{"Gesch\u00e4tzte Lesezeit":"1\u00a0Minute"},"schema":{"@context":"https:\/\/schema.org","@graph":[{"@type":["WebPage","ItemPage"],"@id":"https:\/\/www.purejewels.com\/product\/trinetra-shiva-crowned-pendant-in-22ct-gold-48654\/","url":"https:\/\/www.purejewels.com\/product\/trinetra-shiva-crowned-pendant-in-22ct-gold-48654\/","name":"Trinetra Shiva-Anh\u00e4nger aus 22 Karat Gold | Spiritueller Goldschmuck","isPartOf":{"@id":"https:\/\/www.purejewels.com\/#website"},"primaryImageOfPage":{"@id":"https:\/\/www.purejewels.com\/product\/trinetra-shiva-crowned-pendant-in-22ct-gold-48654\/#primaryimage"},"image":{"@id":"https:\/\/www.purejewels.com\/product\/trinetra-shiva-crowned-pendant-in-22ct-gold-48654\/#primaryimage"},"thumbnailUrl":"https:\/\/static.purejewels.com\/wp-content\/uploads\/2025\/07\/SKU-48654.jpg","datePublished":"2025-06-17T05:12:31+00:00","dateModified":"2026-04-24T10:12:10+00:00","description":"Feiern Sie die g\u00f6ttliche Kraft mit dem gekr\u00f6nten Anh\u00e4nger Shiva von Trinetra aus 22 Karat Gold. Ein majest\u00e4tisches, in London gepunztes Symbol f\u00fcr Schutz und inneren Frieden.","breadcrumb":{"@id":"https:\/\/www.purejewels.com\/product\/trinetra-shiva-crowned-pendant-in-22ct-gold-48654\/#breadcrumb"},"inLanguage":"de","potentialAction":[{"@type":"ReadAction","target":["https:\/\/www.purejewels.com\/product\/trinetra-shiva-crowned-pendant-in-22ct-gold-48654\/"]}]},{"@type":"ImageObject","inLanguage":"de","@id":"https:\/\/www.purejewels.com\/product\/trinetra-shiva-crowned-pendant-in-22ct-gold-48654\/#primaryimage","url":"https:\/\/static.purejewels.com\/wp-content\/uploads\/2025\/07\/SKU-48654.jpg","contentUrl":"https:\/\/static.purejewels.com\/wp-content\/uploads\/2025\/07\/SKU-48654.jpg","width":1000,"height":1000,"caption":"48654"},{"@type":"BreadcrumbList","@id":"https:\/\/www.purejewels.com\/product\/trinetra-shiva-crowned-pendant-in-22ct-gold-48654\/#breadcrumb","itemListElement":[{"@type":"ListItem","position":1,"name":"Home","item":"https:\/\/www.purejewels.com\/"},{"@type":"ListItem","position":2,"name":"Shop","item":"https:\/\/www.purejewels.com\/shop\/"},{"@type":"ListItem","position":3,"name":"Trinetra Shiva Crowned Pendant in 22ct Gold"}]},{"@type":"WebSite","@id":"https:\/\/www.purejewels.com\/#website","url":"https:\/\/www.purejewels.com\/","name":"PureJewels UK","description":"Teile die Liebe","publisher":{"@id":"https:\/\/www.purejewels.com\/#organization"},"potentialAction":[{"@type":"SearchAction","target":{"@type":"EntryPoint","urlTemplate":"https:\/\/www.purejewels.com\/?s={search_term_string}"},"query-input":{"@type":"PropertyValueSpecification","valueRequired":true,"valueName":"search_term_string"}}],"inLanguage":"de"},{"@type":"Organization","@id":"https:\/\/www.purejewels.com\/#organization","name":"PureJewels UK","url":"https:\/\/www.purejewels.com\/","logo":{"@type":"ImageObject","inLanguage":"de","@id":"https:\/\/www.purejewels.com\/#\/schema\/logo\/image\/","url":"https:\/\/static.purejewels.com\/wp-content\/uploads\/2020\/11\/Logo-PJ-New-1.png","contentUrl":"https:\/\/static.purejewels.com\/wp-content\/uploads\/2020\/11\/Logo-PJ-New-1.png","width":150,"height":80,"caption":"PureJewels UK"},"image":{"@id":"https:\/\/www.purejewels.com\/#\/schema\/logo\/image\/"}}]}},"_links":{"self":[{"href":"https:\/\/www.purejewels.com\/de\/wp-json\/wp\/v2\/product\/405366","targetHints":{"allow":["GET"]}}],"collection":[{"href":"https:\/\/www.purejewels.com\/de\/wp-json\/wp\/v2\/product"}],"about":[{"href":"https:\/\/www.purejewels.com\/de\/wp-json\/wp\/v2\/types\/product"}],"replies":[{"embeddable":true,"href":"https:\/\/www.purejewels.com\/de\/wp-json\/wp\/v2\/comments?post=405366"}],"version-history":[{"count":1,"href":"https:\/\/www.purejewels.com\/de\/wp-json\/wp\/v2\/product\/405366\/revisions"}],"predecessor-version":[{"id":405368,"href":"https:\/\/www.purejewels.com\/de\/wp-json\/wp\/v2\/product\/405366\/revisions\/405368"}],"wp:featuredmedia":[{"embeddable":true,"href":"https:\/\/www.purejewels.com\/de\/wp-json\/wp\/v2\/media\/405367"}],"wp:attachment":[{"href":"https:\/\/www.purejewels.com\/de\/wp-json\/wp\/v2\/media?parent=405366"}],"wp:term":[{"taxonomy":"product_brand","embeddable":true,"href":"https:\/\/www.purejewels.com\/de\/wp-json\/wp\/v2\/product_brand?post=405366"},{"taxonomy":"product_cat","embeddable":true,"href":"https:\/\/www.purejewels.com\/de\/wp-json\/wp\/v2\/product_cat?post=405366"},{"taxonomy":"product_tag","embeddable":true,"href":"https:\/\/www.purejewels.com\/de\/wp-json\/wp\/v2\/product_tag?post=405366"}],"curies":[{"name":"wp","href":"https:\/\/api.w.org\/{rel}","templated":true}]}}