{"id":405369,"date":"2025-06-17T06:23:17","date_gmt":"2025-06-17T05:23:17","guid":{"rendered":"https:\/\/www.purejewels.com\/?post_type=product&#038;p=405369"},"modified":"2026-04-24T11:11:50","modified_gmt":"2026-04-24T10:11:50","slug":"padmashree-laxmi-gold-anhanger-in-22ct-48656","status":"publish","type":"product","link":"https:\/\/www.purejewels.com\/de\/product\/padmashree-laxmi-gold-pendant-in-22ct-48656\/","title":{"rendered":"Padmashree Laxmi Gold-Anh\u00e4nger in 22ct"},"content":{"rendered":"<p data-start=\"877\" data-end=\"1116\">Rufen Sie den Segen des \u00dcberflusses mit dem <strong data-start=\"920\" data-end=\"968\">Padmashree Laxmi Gold-Anh\u00e4nger in 22ct (3,4g)<\/strong>. Inspiriert von traditionellen Motiven, stellt dieser Anh\u00e4nger die G\u00f6ttin Lakshmi auf einem bl\u00fchenden Lotus sitzend dar, der Gelassenheit und g\u00f6ttliche Energie ausstrahlt.<\/p>\n<p data-start=\"1118\" data-end=\"1403\">Fachm\u00e4nnisch aus reinem 22-kar\u00e4tigem Gold gefertigt und vom London Assay Office gestempelt, spiegelt jede Kurve spirituelle Kunstfertigkeit und Ehrfurcht wider. Ob als Geschenk zu Diwali, zu Hochzeiten oder zur pers\u00f6nlichen Verehrung, dieser Anh\u00e4nger ist ein zeitloses Zeichen der Gnade, des Wohlstands und des Schutzes auf dem Weg des Lebens.<\/p>","protected":false},"excerpt":{"rendered":"<p>Dieser 3,4 g schwere Padmashree-Laxmi-Anh\u00e4nger aus 22 Karat Gold zeigt die G\u00f6ttin Lakshmi im Lotussitz. Ein heiliges Emblem f\u00fcr Reichtum, Weisheit und verhei\u00dfungsvolle Anf\u00e4nge - mit Hingabe gefertigt.<\/p>\n<p><strong>Material:<\/strong>\u00a022ct Gold<strong><br \/>\nWahrzeichen:\u00a0<\/strong>Britisches G\u00fctesiegel<strong><br \/>\n<\/strong><strong>Bruttogewicht: <\/strong>3,40 Gramm<strong><br \/>\nSKU: <\/strong>48656<\/p>\n<p><strong>Preis und Lieferung: <\/strong>Inklusive Mehrwertsteuer und Lieferkosten, ohne Kettenpreis<strong><br \/>\n<a href=\"https:\/\/www.purejewels.com\/de\/ruckgabepolitik\/\">R\u00fcckgabepolitik<\/a><\/strong><\/p>","protected":false},"featured_media":405370,"comment_status":"closed","ping_status":"closed","template":"","meta":{"_eb_attr":"","_crsspst_to_jayantr4sg-hostcom":true},"product_brand":[],"product_cat":[1793,1229,1255,1572,1768,1701,5349],"product_tag":[],"class_list":{"0":"post-405369","1":"product","2":"type-product","3":"status-publish","4":"has-post-thumbnail","6":"product_cat-diwali-gifts","7":"product_cat-22ct-gold-jewellery","8":"product_cat-gold-pendants","9":"product_cat-mens-jewellery","10":"product_cat-mens-pendants","11":"product_cat-religious-pendants","12":"product_cat-yellow-gold-jewellery","14":"first","15":"instock","16":"taxable","17":"shipping-taxable","18":"purchasable","19":"product-type-simple","20":"add-to-wishlist-before_image"},"yoast_head":"<!-- This site is optimized with the Yoast SEO plugin v27.5 - https:\/\/yoast.com\/product\/yoast-seo-wordpress\/ -->\n<title>22ct Gold Laxmi Pendant | Lakshmi Devi Jewellery UK<\/title>\n<meta name=\"description\" content=\"Bring blessings of abundance with our 22ct Gold Laxmi Pendant\u2014intricately designed and hallmarked in London. A radiant symbol of prosperity and perfect for Diwali gifts.\" \/>\n<meta name=\"robots\" content=\"index, follow, max-snippet:-1, max-image-preview:large, max-video-preview:-1\" \/>\n<link rel=\"canonical\" href=\"https:\/\/www.purejewels.com\/de\/produkt-2\/padmashree-laxmi-gold-anhanger-in-22ct-48656\/\" \/>\n<meta property=\"og:locale\" content=\"de_DE\" \/>\n<meta property=\"og:type\" content=\"article\" \/>\n<meta property=\"og:title\" content=\"22ct Gold Laxmi Pendant | Lakshmi Devi Jewellery UK\" \/>\n<meta property=\"og:description\" content=\"Bring blessings of abundance with our 22ct Gold Laxmi Pendant\u2014intricately designed and hallmarked in London. A radiant symbol of prosperity and perfect for Diwali gifts.\" \/>\n<meta property=\"og:url\" content=\"https:\/\/www.purejewels.com\/de\/produkt-2\/padmashree-laxmi-gold-anhanger-in-22ct-48656\/\" \/>\n<meta property=\"og:site_name\" content=\"PureJewels UK\" \/>\n<meta property=\"article:modified_time\" content=\"2026-04-24T10:11:50+00:00\" \/>\n<meta property=\"og:image\" content=\"https:\/\/static.purejewels.com\/wp-content\/uploads\/2025\/07\/SKU-48656.jpg\" \/>\n\t<meta property=\"og:image:width\" content=\"1000\" \/>\n\t<meta property=\"og:image:height\" content=\"1000\" \/>\n\t<meta property=\"og:image:type\" content=\"image\/jpeg\" \/>\n<meta name=\"twitter:card\" content=\"summary_large_image\" \/>\n<meta name=\"twitter:label1\" content=\"Gesch\u00e4tzte Lesezeit\" \/>\n\t<meta name=\"twitter:data1\" content=\"1\u00a0Minute\" \/>\n<script type=\"application\/ld+json\" class=\"yoast-schema-graph\">{\"@context\":\"https:\\\/\\\/schema.org\",\"@graph\":[{\"@type\":[\"WebPage\",\"ItemPage\"],\"@id\":\"https:\\\/\\\/www.purejewels.com\\\/product\\\/padmashree-laxmi-gold-pendant-in-22ct-48656\\\/\",\"url\":\"https:\\\/\\\/www.purejewels.com\\\/product\\\/padmashree-laxmi-gold-pendant-in-22ct-48656\\\/\",\"name\":\"22ct Gold Laxmi Pendant | Lakshmi Devi Jewellery UK\",\"isPartOf\":{\"@id\":\"https:\\\/\\\/www.purejewels.com\\\/#website\"},\"primaryImageOfPage\":{\"@id\":\"https:\\\/\\\/www.purejewels.com\\\/product\\\/padmashree-laxmi-gold-pendant-in-22ct-48656\\\/#primaryimage\"},\"image\":{\"@id\":\"https:\\\/\\\/www.purejewels.com\\\/product\\\/padmashree-laxmi-gold-pendant-in-22ct-48656\\\/#primaryimage\"},\"thumbnailUrl\":\"https:\\\/\\\/static.purejewels.com\\\/wp-content\\\/uploads\\\/2025\\\/07\\\/SKU-48656.jpg\",\"datePublished\":\"2025-06-17T05:23:17+00:00\",\"dateModified\":\"2026-04-24T10:11:50+00:00\",\"description\":\"Bring blessings of abundance with our 22ct Gold Laxmi Pendant\u2014intricately designed and hallmarked in London. A radiant symbol of prosperity and perfect for Diwali gifts.\",\"breadcrumb\":{\"@id\":\"https:\\\/\\\/www.purejewels.com\\\/product\\\/padmashree-laxmi-gold-pendant-in-22ct-48656\\\/#breadcrumb\"},\"inLanguage\":\"de\",\"potentialAction\":[{\"@type\":\"ReadAction\",\"target\":[\"https:\\\/\\\/www.purejewels.com\\\/product\\\/padmashree-laxmi-gold-pendant-in-22ct-48656\\\/\"]}]},{\"@type\":\"ImageObject\",\"inLanguage\":\"de\",\"@id\":\"https:\\\/\\\/www.purejewels.com\\\/product\\\/padmashree-laxmi-gold-pendant-in-22ct-48656\\\/#primaryimage\",\"url\":\"https:\\\/\\\/static.purejewels.com\\\/wp-content\\\/uploads\\\/2025\\\/07\\\/SKU-48656.jpg\",\"contentUrl\":\"https:\\\/\\\/static.purejewels.com\\\/wp-content\\\/uploads\\\/2025\\\/07\\\/SKU-48656.jpg\",\"width\":1000,\"height\":1000,\"caption\":\"48656\"},{\"@type\":\"BreadcrumbList\",\"@id\":\"https:\\\/\\\/www.purejewels.com\\\/product\\\/padmashree-laxmi-gold-pendant-in-22ct-48656\\\/#breadcrumb\",\"itemListElement\":[{\"@type\":\"ListItem\",\"position\":1,\"name\":\"Home\",\"item\":\"https:\\\/\\\/www.purejewels.com\\\/\"},{\"@type\":\"ListItem\",\"position\":2,\"name\":\"Shop\",\"item\":\"https:\\\/\\\/www.purejewels.com\\\/shop\\\/\"},{\"@type\":\"ListItem\",\"position\":3,\"name\":\"Padmashree Laxmi Gold Pendant in 22ct\"}]},{\"@type\":\"WebSite\",\"@id\":\"https:\\\/\\\/www.purejewels.com\\\/#website\",\"url\":\"https:\\\/\\\/www.purejewels.com\\\/\",\"name\":\"PureJewels UK\",\"description\":\"Share the Love\",\"publisher\":{\"@id\":\"https:\\\/\\\/www.purejewels.com\\\/#organization\"},\"potentialAction\":[{\"@type\":\"SearchAction\",\"target\":{\"@type\":\"EntryPoint\",\"urlTemplate\":\"https:\\\/\\\/www.purejewels.com\\\/?s={search_term_string}\"},\"query-input\":{\"@type\":\"PropertyValueSpecification\",\"valueRequired\":true,\"valueName\":\"search_term_string\"}}],\"inLanguage\":\"de\"},{\"@type\":\"Organization\",\"@id\":\"https:\\\/\\\/www.purejewels.com\\\/#organization\",\"name\":\"PureJewels UK\",\"url\":\"https:\\\/\\\/www.purejewels.com\\\/\",\"logo\":{\"@type\":\"ImageObject\",\"inLanguage\":\"de\",\"@id\":\"https:\\\/\\\/www.purejewels.com\\\/#\\\/schema\\\/logo\\\/image\\\/\",\"url\":\"https:\\\/\\\/static.purejewels.com\\\/wp-content\\\/uploads\\\/2020\\\/11\\\/Logo-PJ-New-1.png\",\"contentUrl\":\"https:\\\/\\\/static.purejewels.com\\\/wp-content\\\/uploads\\\/2020\\\/11\\\/Logo-PJ-New-1.png\",\"width\":150,\"height\":80,\"caption\":\"PureJewels UK\"},\"image\":{\"@id\":\"https:\\\/\\\/www.purejewels.com\\\/#\\\/schema\\\/logo\\\/image\\\/\"}}]}<\/script>\n<!-- \/ Yoast SEO plugin. -->","yoast_head_json":{"title":"22ct Gold Laxmi Anh\u00e4nger | Lakshmi Devi Schmuck UK","description":"Bringen Sie den Segen des \u00dcberflusses mit unserem Laxmi-Anh\u00e4nger aus 22 Karat Gold, der in London entworfen und gestempelt wurde. Ein strahlendes Symbol des Wohlstands und perfekt f\u00fcr Diwali Geschenke.","robots":{"index":"index","follow":"follow","max-snippet":"max-snippet:-1","max-image-preview":"max-image-preview:large","max-video-preview":"max-video-preview:-1"},"canonical":"https:\/\/www.purejewels.com\/de\/produkt-2\/padmashree-laxmi-gold-anhanger-in-22ct-48656\/","og_locale":"de_DE","og_type":"article","og_title":"22ct Gold Laxmi Pendant | Lakshmi Devi Jewellery UK","og_description":"Bring blessings of abundance with our 22ct Gold Laxmi Pendant\u2014intricately designed and hallmarked in London. A radiant symbol of prosperity and perfect for Diwali gifts.","og_url":"https:\/\/www.purejewels.com\/de\/produkt-2\/padmashree-laxmi-gold-anhanger-in-22ct-48656\/","og_site_name":"PureJewels UK","article_modified_time":"2026-04-24T10:11:50+00:00","og_image":[{"width":1000,"height":1000,"url":"https:\/\/static.purejewels.com\/wp-content\/uploads\/2025\/07\/SKU-48656.jpg","type":"image\/jpeg"}],"twitter_card":"summary_large_image","twitter_misc":{"Gesch\u00e4tzte Lesezeit":"1\u00a0Minute"},"schema":{"@context":"https:\/\/schema.org","@graph":[{"@type":["WebPage","ItemPage"],"@id":"https:\/\/www.purejewels.com\/product\/padmashree-laxmi-gold-pendant-in-22ct-48656\/","url":"https:\/\/www.purejewels.com\/product\/padmashree-laxmi-gold-pendant-in-22ct-48656\/","name":"22ct Gold Laxmi Anh\u00e4nger | Lakshmi Devi Schmuck UK","isPartOf":{"@id":"https:\/\/www.purejewels.com\/#website"},"primaryImageOfPage":{"@id":"https:\/\/www.purejewels.com\/product\/padmashree-laxmi-gold-pendant-in-22ct-48656\/#primaryimage"},"image":{"@id":"https:\/\/www.purejewels.com\/product\/padmashree-laxmi-gold-pendant-in-22ct-48656\/#primaryimage"},"thumbnailUrl":"https:\/\/static.purejewels.com\/wp-content\/uploads\/2025\/07\/SKU-48656.jpg","datePublished":"2025-06-17T05:23:17+00:00","dateModified":"2026-04-24T10:11:50+00:00","description":"Bringen Sie den Segen des \u00dcberflusses mit unserem Laxmi-Anh\u00e4nger aus 22 Karat Gold, der in London entworfen und gestempelt wurde. Ein strahlendes Symbol des Wohlstands und perfekt f\u00fcr Diwali Geschenke.","breadcrumb":{"@id":"https:\/\/www.purejewels.com\/product\/padmashree-laxmi-gold-pendant-in-22ct-48656\/#breadcrumb"},"inLanguage":"de","potentialAction":[{"@type":"ReadAction","target":["https:\/\/www.purejewels.com\/product\/padmashree-laxmi-gold-pendant-in-22ct-48656\/"]}]},{"@type":"ImageObject","inLanguage":"de","@id":"https:\/\/www.purejewels.com\/product\/padmashree-laxmi-gold-pendant-in-22ct-48656\/#primaryimage","url":"https:\/\/static.purejewels.com\/wp-content\/uploads\/2025\/07\/SKU-48656.jpg","contentUrl":"https:\/\/static.purejewels.com\/wp-content\/uploads\/2025\/07\/SKU-48656.jpg","width":1000,"height":1000,"caption":"48656"},{"@type":"BreadcrumbList","@id":"https:\/\/www.purejewels.com\/product\/padmashree-laxmi-gold-pendant-in-22ct-48656\/#breadcrumb","itemListElement":[{"@type":"ListItem","position":1,"name":"Home","item":"https:\/\/www.purejewels.com\/"},{"@type":"ListItem","position":2,"name":"Shop","item":"https:\/\/www.purejewels.com\/shop\/"},{"@type":"ListItem","position":3,"name":"Padmashree Laxmi Gold Pendant in 22ct"}]},{"@type":"WebSite","@id":"https:\/\/www.purejewels.com\/#website","url":"https:\/\/www.purejewels.com\/","name":"PureJewels UK","description":"Teile die Liebe","publisher":{"@id":"https:\/\/www.purejewels.com\/#organization"},"potentialAction":[{"@type":"SearchAction","target":{"@type":"EntryPoint","urlTemplate":"https:\/\/www.purejewels.com\/?s={search_term_string}"},"query-input":{"@type":"PropertyValueSpecification","valueRequired":true,"valueName":"search_term_string"}}],"inLanguage":"de"},{"@type":"Organization","@id":"https:\/\/www.purejewels.com\/#organization","name":"PureJewels UK","url":"https:\/\/www.purejewels.com\/","logo":{"@type":"ImageObject","inLanguage":"de","@id":"https:\/\/www.purejewels.com\/#\/schema\/logo\/image\/","url":"https:\/\/static.purejewels.com\/wp-content\/uploads\/2020\/11\/Logo-PJ-New-1.png","contentUrl":"https:\/\/static.purejewels.com\/wp-content\/uploads\/2020\/11\/Logo-PJ-New-1.png","width":150,"height":80,"caption":"PureJewels UK"},"image":{"@id":"https:\/\/www.purejewels.com\/#\/schema\/logo\/image\/"}}]}},"_links":{"self":[{"href":"https:\/\/www.purejewels.com\/de\/wp-json\/wp\/v2\/product\/405369","targetHints":{"allow":["GET"]}}],"collection":[{"href":"https:\/\/www.purejewels.com\/de\/wp-json\/wp\/v2\/product"}],"about":[{"href":"https:\/\/www.purejewels.com\/de\/wp-json\/wp\/v2\/types\/product"}],"replies":[{"embeddable":true,"href":"https:\/\/www.purejewels.com\/de\/wp-json\/wp\/v2\/comments?post=405369"}],"version-history":[{"count":1,"href":"https:\/\/www.purejewels.com\/de\/wp-json\/wp\/v2\/product\/405369\/revisions"}],"predecessor-version":[{"id":405372,"href":"https:\/\/www.purejewels.com\/de\/wp-json\/wp\/v2\/product\/405369\/revisions\/405372"}],"wp:featuredmedia":[{"embeddable":true,"href":"https:\/\/www.purejewels.com\/de\/wp-json\/wp\/v2\/media\/405370"}],"wp:attachment":[{"href":"https:\/\/www.purejewels.com\/de\/wp-json\/wp\/v2\/media?parent=405369"}],"wp:term":[{"taxonomy":"product_brand","embeddable":true,"href":"https:\/\/www.purejewels.com\/de\/wp-json\/wp\/v2\/product_brand?post=405369"},{"taxonomy":"product_cat","embeddable":true,"href":"https:\/\/www.purejewels.com\/de\/wp-json\/wp\/v2\/product_cat?post=405369"},{"taxonomy":"product_tag","embeddable":true,"href":"https:\/\/www.purejewels.com\/de\/wp-json\/wp\/v2\/product_tag?post=405369"}],"curies":[{"name":"wp","href":"https:\/\/api.w.org\/{rel}","templated":true}]}}