{"id":405436,"date":"2025-07-17T09:25:26","date_gmt":"2025-07-17T08:25:26","guid":{"rendered":"https:\/\/www.purejewels.com\/?post_type=product&#038;p=405436"},"modified":"2026-02-04T11:46:33","modified_gmt":"2026-02-04T11:46:33","slug":"22ct-gold-emaille-vogel-blute-ring-grose-n-46815","status":"publish","type":"product","link":"https:\/\/www.purejewels.com\/de\/product\/22ct-gold-enamel-bird-blossom-ring-size-n-46815\/","title":{"rendered":"22ct Gold Emaille Vogel &amp; Bl\u00fcte Ring | Gr\u00f6\u00dfe N"},"content":{"rendered":"<p>Dieser Ring aus 22-kar\u00e4tigem Gold mit Emaille und Vogel und Bl\u00fcte ist eine Hommage an die Natur und das Erbe - eine poetische Mischung aus Handwerkskunst und Geschichten. Der von Hand aufgetragene Emaille-Vogel in satten Smaragd- und Saphirt\u00f6nen ruht anmutig auf einer goldenen Bl\u00fcte und f\u00e4ngt einen Moment der Gelassenheit in feinen Details ein.<\/p>\n<p>Der aus hochreinem 22-kar\u00e4tigem Gold gefertigte und vom London Assay Office gepunzte Ring ist leicht und auff\u00e4llig zugleich. Ob als durchdachtes Geschenk oder als skurriles pers\u00f6nliches Andenken, er tr\u00e4gt kulturelle Symbolik und handwerkliche Freude in sich.<\/p>","protected":false},"excerpt":{"rendered":"<p>Dieser Ring aus 22-kar\u00e4tigem Gold zeigt einen lebendigen emaillierten Vogel neben einer goldenen Bl\u00fcte - ein Symbol f\u00fcr Natur, Sch\u00f6nheit und zeitloses Design. Ein charmanter Ausdruck von Erbe und Laune.<\/p>\n<p><strong>Material:<\/strong>\u00a022ct Gold<br \/>\n<strong>Wahrzeichen:<\/strong>\u00a0Britisches G\u00fctesiegel<strong><br \/>\n<\/strong><strong>Bruttogewicht: <\/strong>3,40 Gramm<br \/>\n<strong>Gr\u00f6\u00dfe:<\/strong> N<br \/>\n<strong>SKU<\/strong>: 46815<\/p>\n<p><strong>Preis und Lieferung<\/strong>: Inklusive Mehrwertsteuer und Lieferkosten<br \/>\n<a href=\"https:\/\/www.purejewels.com\/de\/ruckgabepolitik\/\">R\u00fcckgabepolitik<\/a><\/p>","protected":false},"featured_media":405438,"comment_status":"closed","ping_status":"closed","template":"","meta":{"_eb_attr":"","_crsspst_to_jayantr4sg-hostcom":true},"product_brand":[],"product_cat":[1791,1559,1785,1235,5344,1783,5347,1786,5338,1569,1573,1574,5349],"product_tag":[64],"class_list":{"0":"post-405436","1":"product","2":"type-product","3":"status-publish","4":"has-post-thumbnail","6":"product_cat-anniversary-gifts","7":"product_cat-birthday-gifts","8":"product_cat-daily-wear-rings","9":"product_cat-gold-rings","10":"product_cat-jewellery-under-750","11":"product_cat-ladies-rings","12":"product_cat-shop-by-metal","13":"product_cat-occasional-wear-rings","14":"product_cat-shop-by-price","15":"product_cat-valentine-day-gifts","16":"product_cat-wedding-gifts","17":"product_cat-womens-jewellery","18":"product_cat-yellow-gold-jewellery","19":"product_tag-rings","21":"first","22":"instock","23":"taxable","24":"shipping-taxable","25":"purchasable","26":"product-type-simple","27":"add-to-wishlist-before_image"},"yoast_head":"<!-- This site is optimized with the Yoast SEO plugin v27.5 - https:\/\/yoast.com\/product\/yoast-seo-wordpress\/ -->\n<title>22ct Gold Bird Ring | Blossom Design Ring by PureJewels<\/title>\n<meta name=\"description\" content=\"Celebrate nature\u2019s elegance with this 22ct Gold Bird &amp; Blossom Ring by PureJewels. Featuring hand-applied enamel and floral detailing, hallmarked in London.\" \/>\n<meta name=\"robots\" content=\"index, follow, max-snippet:-1, max-image-preview:large, max-video-preview:-1\" \/>\n<link rel=\"canonical\" href=\"https:\/\/www.purejewels.com\/de\/produkt-2\/22ct-gold-emaille-vogel-blute-ring-grose-n-46815\/\" \/>\n<meta property=\"og:locale\" content=\"de_DE\" \/>\n<meta property=\"og:type\" content=\"article\" \/>\n<meta property=\"og:title\" content=\"22ct Gold Bird Ring | Blossom Design Ring by PureJewels\" \/>\n<meta property=\"og:description\" content=\"Celebrate nature\u2019s elegance with this 22ct Gold Bird &amp; Blossom Ring by PureJewels. Featuring hand-applied enamel and floral detailing, hallmarked in London.\" \/>\n<meta property=\"og:url\" content=\"https:\/\/www.purejewels.com\/de\/produkt-2\/22ct-gold-emaille-vogel-blute-ring-grose-n-46815\/\" \/>\n<meta property=\"og:site_name\" content=\"PureJewels UK\" \/>\n<meta property=\"article:modified_time\" content=\"2026-02-04T11:46:33+00:00\" \/>\n<meta property=\"og:image\" content=\"https:\/\/static.purejewels.com\/wp-content\/uploads\/2025\/07\/SKU-46815.jpg\" \/>\n\t<meta property=\"og:image:width\" content=\"1000\" \/>\n\t<meta property=\"og:image:height\" content=\"1000\" \/>\n\t<meta property=\"og:image:type\" content=\"image\/jpeg\" \/>\n<meta name=\"twitter:card\" content=\"summary_large_image\" \/>\n<meta name=\"twitter:label1\" content=\"Gesch\u00e4tzte Lesezeit\" \/>\n\t<meta name=\"twitter:data1\" content=\"1\u00a0Minute\" \/>\n<script type=\"application\/ld+json\" class=\"yoast-schema-graph\">{\"@context\":\"https:\\\/\\\/schema.org\",\"@graph\":[{\"@type\":[\"WebPage\",\"ItemPage\"],\"@id\":\"https:\\\/\\\/www.purejewels.com\\\/product\\\/22ct-gold-enamel-bird-blossom-ring-size-n-46815\\\/\",\"url\":\"https:\\\/\\\/www.purejewels.com\\\/product\\\/22ct-gold-enamel-bird-blossom-ring-size-n-46815\\\/\",\"name\":\"22ct Gold Bird Ring | Blossom Design Ring by PureJewels\",\"isPartOf\":{\"@id\":\"https:\\\/\\\/www.purejewels.com\\\/#website\"},\"primaryImageOfPage\":{\"@id\":\"https:\\\/\\\/www.purejewels.com\\\/product\\\/22ct-gold-enamel-bird-blossom-ring-size-n-46815\\\/#primaryimage\"},\"image\":{\"@id\":\"https:\\\/\\\/www.purejewels.com\\\/product\\\/22ct-gold-enamel-bird-blossom-ring-size-n-46815\\\/#primaryimage\"},\"thumbnailUrl\":\"https:\\\/\\\/static.purejewels.com\\\/wp-content\\\/uploads\\\/2025\\\/07\\\/SKU-46815.jpg\",\"datePublished\":\"2025-07-17T08:25:26+00:00\",\"dateModified\":\"2026-02-04T11:46:33+00:00\",\"description\":\"Celebrate nature\u2019s elegance with this 22ct Gold Bird & Blossom Ring by PureJewels. Featuring hand-applied enamel and floral detailing, hallmarked in London.\",\"breadcrumb\":{\"@id\":\"https:\\\/\\\/www.purejewels.com\\\/product\\\/22ct-gold-enamel-bird-blossom-ring-size-n-46815\\\/#breadcrumb\"},\"inLanguage\":\"de\",\"potentialAction\":[{\"@type\":\"ReadAction\",\"target\":[\"https:\\\/\\\/www.purejewels.com\\\/product\\\/22ct-gold-enamel-bird-blossom-ring-size-n-46815\\\/\"]}]},{\"@type\":\"ImageObject\",\"inLanguage\":\"de\",\"@id\":\"https:\\\/\\\/www.purejewels.com\\\/product\\\/22ct-gold-enamel-bird-blossom-ring-size-n-46815\\\/#primaryimage\",\"url\":\"https:\\\/\\\/static.purejewels.com\\\/wp-content\\\/uploads\\\/2025\\\/07\\\/SKU-46815.jpg\",\"contentUrl\":\"https:\\\/\\\/static.purejewels.com\\\/wp-content\\\/uploads\\\/2025\\\/07\\\/SKU-46815.jpg\",\"width\":1000,\"height\":1000,\"caption\":\"Stacked from 6 images. Method=B (R=8,S=4)\"},{\"@type\":\"BreadcrumbList\",\"@id\":\"https:\\\/\\\/www.purejewels.com\\\/product\\\/22ct-gold-enamel-bird-blossom-ring-size-n-46815\\\/#breadcrumb\",\"itemListElement\":[{\"@type\":\"ListItem\",\"position\":1,\"name\":\"Home\",\"item\":\"https:\\\/\\\/www.purejewels.com\\\/\"},{\"@type\":\"ListItem\",\"position\":2,\"name\":\"Shop\",\"item\":\"https:\\\/\\\/www.purejewels.com\\\/shop\\\/\"},{\"@type\":\"ListItem\",\"position\":3,\"name\":\"22ct Gold Enamel Bird &#038; Blossom Ring | Size N\"}]},{\"@type\":\"WebSite\",\"@id\":\"https:\\\/\\\/www.purejewels.com\\\/#website\",\"url\":\"https:\\\/\\\/www.purejewels.com\\\/\",\"name\":\"PureJewels UK\",\"description\":\"Share the Love\",\"publisher\":{\"@id\":\"https:\\\/\\\/www.purejewels.com\\\/#organization\"},\"potentialAction\":[{\"@type\":\"SearchAction\",\"target\":{\"@type\":\"EntryPoint\",\"urlTemplate\":\"https:\\\/\\\/www.purejewels.com\\\/?s={search_term_string}\"},\"query-input\":{\"@type\":\"PropertyValueSpecification\",\"valueRequired\":true,\"valueName\":\"search_term_string\"}}],\"inLanguage\":\"de\"},{\"@type\":\"Organization\",\"@id\":\"https:\\\/\\\/www.purejewels.com\\\/#organization\",\"name\":\"PureJewels UK\",\"url\":\"https:\\\/\\\/www.purejewels.com\\\/\",\"logo\":{\"@type\":\"ImageObject\",\"inLanguage\":\"de\",\"@id\":\"https:\\\/\\\/www.purejewels.com\\\/#\\\/schema\\\/logo\\\/image\\\/\",\"url\":\"https:\\\/\\\/static.purejewels.com\\\/wp-content\\\/uploads\\\/2020\\\/11\\\/Logo-PJ-New-1.png\",\"contentUrl\":\"https:\\\/\\\/static.purejewels.com\\\/wp-content\\\/uploads\\\/2020\\\/11\\\/Logo-PJ-New-1.png\",\"width\":150,\"height\":80,\"caption\":\"PureJewels UK\"},\"image\":{\"@id\":\"https:\\\/\\\/www.purejewels.com\\\/#\\\/schema\\\/logo\\\/image\\\/\"}}]}<\/script>\n<!-- \/ Yoast SEO plugin. -->","yoast_head_json":{"title":"22ct Gold Vogel Ring | Blossom Design Ring von PureJewels","description":"Zelebrieren Sie die Eleganz der Natur mit diesem 22ct Gold Bird &amp; Blossom Ring von PureJewels. Mit handapplizierter Emaille und floralen Details, gestempelt in London.","robots":{"index":"index","follow":"follow","max-snippet":"max-snippet:-1","max-image-preview":"max-image-preview:large","max-video-preview":"max-video-preview:-1"},"canonical":"https:\/\/www.purejewels.com\/de\/produkt-2\/22ct-gold-emaille-vogel-blute-ring-grose-n-46815\/","og_locale":"de_DE","og_type":"article","og_title":"22ct Gold Bird Ring | Blossom Design Ring by PureJewels","og_description":"Celebrate nature\u2019s elegance with this 22ct Gold Bird & Blossom Ring by PureJewels. Featuring hand-applied enamel and floral detailing, hallmarked in London.","og_url":"https:\/\/www.purejewels.com\/de\/produkt-2\/22ct-gold-emaille-vogel-blute-ring-grose-n-46815\/","og_site_name":"PureJewels UK","article_modified_time":"2026-02-04T11:46:33+00:00","og_image":[{"width":1000,"height":1000,"url":"https:\/\/static.purejewels.com\/wp-content\/uploads\/2025\/07\/SKU-46815.jpg","type":"image\/jpeg"}],"twitter_card":"summary_large_image","twitter_misc":{"Gesch\u00e4tzte Lesezeit":"1\u00a0Minute"},"schema":{"@context":"https:\/\/schema.org","@graph":[{"@type":["WebPage","ItemPage"],"@id":"https:\/\/www.purejewels.com\/product\/22ct-gold-enamel-bird-blossom-ring-size-n-46815\/","url":"https:\/\/www.purejewels.com\/product\/22ct-gold-enamel-bird-blossom-ring-size-n-46815\/","name":"22ct Gold Vogel Ring | Blossom Design Ring von PureJewels","isPartOf":{"@id":"https:\/\/www.purejewels.com\/#website"},"primaryImageOfPage":{"@id":"https:\/\/www.purejewels.com\/product\/22ct-gold-enamel-bird-blossom-ring-size-n-46815\/#primaryimage"},"image":{"@id":"https:\/\/www.purejewels.com\/product\/22ct-gold-enamel-bird-blossom-ring-size-n-46815\/#primaryimage"},"thumbnailUrl":"https:\/\/static.purejewels.com\/wp-content\/uploads\/2025\/07\/SKU-46815.jpg","datePublished":"2025-07-17T08:25:26+00:00","dateModified":"2026-02-04T11:46:33+00:00","description":"Zelebrieren Sie die Eleganz der Natur mit diesem 22ct Gold Bird &amp; Blossom Ring von PureJewels. Mit handapplizierter Emaille und floralen Details, gestempelt in London.","breadcrumb":{"@id":"https:\/\/www.purejewels.com\/product\/22ct-gold-enamel-bird-blossom-ring-size-n-46815\/#breadcrumb"},"inLanguage":"de","potentialAction":[{"@type":"ReadAction","target":["https:\/\/www.purejewels.com\/product\/22ct-gold-enamel-bird-blossom-ring-size-n-46815\/"]}]},{"@type":"ImageObject","inLanguage":"de","@id":"https:\/\/www.purejewels.com\/product\/22ct-gold-enamel-bird-blossom-ring-size-n-46815\/#primaryimage","url":"https:\/\/static.purejewels.com\/wp-content\/uploads\/2025\/07\/SKU-46815.jpg","contentUrl":"https:\/\/static.purejewels.com\/wp-content\/uploads\/2025\/07\/SKU-46815.jpg","width":1000,"height":1000,"caption":"Stacked from 6 images. Method=B (R=8,S=4)"},{"@type":"BreadcrumbList","@id":"https:\/\/www.purejewels.com\/product\/22ct-gold-enamel-bird-blossom-ring-size-n-46815\/#breadcrumb","itemListElement":[{"@type":"ListItem","position":1,"name":"Home","item":"https:\/\/www.purejewels.com\/"},{"@type":"ListItem","position":2,"name":"Shop","item":"https:\/\/www.purejewels.com\/shop\/"},{"@type":"ListItem","position":3,"name":"22ct Gold Enamel Bird &#038; Blossom Ring | Size N"}]},{"@type":"WebSite","@id":"https:\/\/www.purejewels.com\/#website","url":"https:\/\/www.purejewels.com\/","name":"PureJewels UK","description":"Teile die Liebe","publisher":{"@id":"https:\/\/www.purejewels.com\/#organization"},"potentialAction":[{"@type":"SearchAction","target":{"@type":"EntryPoint","urlTemplate":"https:\/\/www.purejewels.com\/?s={search_term_string}"},"query-input":{"@type":"PropertyValueSpecification","valueRequired":true,"valueName":"search_term_string"}}],"inLanguage":"de"},{"@type":"Organization","@id":"https:\/\/www.purejewels.com\/#organization","name":"PureJewels UK","url":"https:\/\/www.purejewels.com\/","logo":{"@type":"ImageObject","inLanguage":"de","@id":"https:\/\/www.purejewels.com\/#\/schema\/logo\/image\/","url":"https:\/\/static.purejewels.com\/wp-content\/uploads\/2020\/11\/Logo-PJ-New-1.png","contentUrl":"https:\/\/static.purejewels.com\/wp-content\/uploads\/2020\/11\/Logo-PJ-New-1.png","width":150,"height":80,"caption":"PureJewels UK"},"image":{"@id":"https:\/\/www.purejewels.com\/#\/schema\/logo\/image\/"}}]}},"_links":{"self":[{"href":"https:\/\/www.purejewels.com\/de\/wp-json\/wp\/v2\/product\/405436","targetHints":{"allow":["GET"]}}],"collection":[{"href":"https:\/\/www.purejewels.com\/de\/wp-json\/wp\/v2\/product"}],"about":[{"href":"https:\/\/www.purejewels.com\/de\/wp-json\/wp\/v2\/types\/product"}],"replies":[{"embeddable":true,"href":"https:\/\/www.purejewels.com\/de\/wp-json\/wp\/v2\/comments?post=405436"}],"version-history":[{"count":1,"href":"https:\/\/www.purejewels.com\/de\/wp-json\/wp\/v2\/product\/405436\/revisions"}],"predecessor-version":[{"id":405440,"href":"https:\/\/www.purejewels.com\/de\/wp-json\/wp\/v2\/product\/405436\/revisions\/405440"}],"wp:featuredmedia":[{"embeddable":true,"href":"https:\/\/www.purejewels.com\/de\/wp-json\/wp\/v2\/media\/405438"}],"wp:attachment":[{"href":"https:\/\/www.purejewels.com\/de\/wp-json\/wp\/v2\/media?parent=405436"}],"wp:term":[{"taxonomy":"product_brand","embeddable":true,"href":"https:\/\/www.purejewels.com\/de\/wp-json\/wp\/v2\/product_brand?post=405436"},{"taxonomy":"product_cat","embeddable":true,"href":"https:\/\/www.purejewels.com\/de\/wp-json\/wp\/v2\/product_cat?post=405436"},{"taxonomy":"product_tag","embeddable":true,"href":"https:\/\/www.purejewels.com\/de\/wp-json\/wp\/v2\/product_tag?post=405436"}],"curies":[{"name":"wp","href":"https:\/\/api.w.org\/{rel}","templated":true}]}}