{"id":405447,"date":"2025-12-17T11:31:05","date_gmt":"2025-12-17T11:31:05","guid":{"rendered":"https:\/\/www.purejewels.com\/?post_type=product&#038;p=405447"},"modified":"2026-03-04T12:12:42","modified_gmt":"2026-03-04T12:12:42","slug":"gitter-anhanger-aus-22-karat-gold-49684","status":"publish","type":"product","link":"https:\/\/www.purejewels.com\/de\/product\/lattice-pendant-in-22ct-gold-49684\/","title":{"rendered":"Gitterf\u00f6rmiger Anh\u00e4nger aus 22 Karat Gold"},"content":{"rendered":"<p>Die <strong data-start=\"898\" data-end=\"930\">Gitterf\u00f6rmiger Anh\u00e4nger aus 22 Karat Gold<\/strong> ist eine eindrucksvolle Verk\u00f6rperung von traditionellem Design und handwerklicher Exzellenz. Sein zentrales, von einem Gitter inspiriertes Muster wird von einer zart geschnitzten Bord\u00fcre umrahmt, die an k\u00f6nigliche Motive aus der klassischen indischen Architektur und dem Schmuck erinnert.<\/p>","protected":false},"excerpt":{"rendered":"<p>Dieser Gitteranh\u00e4nger aus 22 Karat Gold besticht durch sein kunstvolles, von traditionellen Mustern inspiriertes Design. Er eignet sich perfekt f\u00fcr kulturelle Anl\u00e4sse oder zum Verschenken von Erbst\u00fccken und strahlt Anmut und Tradition aus.<\/p>\n<p><strong>Material:<\/strong>\u00a022ct Gold<strong><br \/>\nWahrzeichen:\u00a0<\/strong>Britisches G\u00fctesiegel<strong><br \/>\n<\/strong><strong>Bruttogewicht: <\/strong>5,80 Gramm<strong><br \/>\nSKU: <\/strong>49684<\/p>\n<p><strong>Preis und Lieferung: <\/strong>Inklusive Mehrwertsteuer und Lieferkosten, ohne Kettenpreis<strong><br \/>\n<a href=\"https:\/\/www.purejewels.com\/de\/ruckgabepolitik\/\">R\u00fcckgabepolitik<\/a><\/strong><\/p>","protected":false},"featured_media":406081,"comment_status":"closed","ping_status":"closed","template":"","meta":{"_eb_attr":"","_crsspst_to_jayantr4sg-hostcom":true},"product_brand":[],"product_cat":[6118,1559,236,1793,1770,1229,1255,1767,1570,1574,5349],"product_tag":[],"class_list":{"0":"post-405447","1":"product","2":"type-product","3":"status-publish","4":"has-post-thumbnail","6":"product_cat-aiyna-collection","7":"product_cat-birthday-gifts","8":"product_cat-collections","9":"product_cat-diwali-gifts","10":"product_cat-fancy-pendants","11":"product_cat-22ct-gold-jewellery","12":"product_cat-gold-pendants","13":"product_cat-ladies-pendants","14":"product_cat-mothers-day-gifts","15":"product_cat-womens-jewellery","16":"product_cat-yellow-gold-jewellery","18":"first","19":"instock","20":"sale","21":"taxable","22":"shipping-taxable","23":"purchasable","24":"product-type-simple","25":"add-to-wishlist-before_image"},"yoast_head":"<!-- This site is optimized with the Yoast SEO plugin v27.5 - https:\/\/yoast.com\/product\/yoast-seo-wordpress\/ -->\n<title>22ct Gold Lattice Pendant \u2013 Traditional Women\u2019s Jewellery<\/title>\n<meta name=\"description\" content=\"Celebrate heritage with this 22ct Gold Lattice Pendant, intricately designed for women who value tradition. A radiant expression of timeless craftsmanship.\" \/>\n<meta name=\"robots\" content=\"index, follow, max-snippet:-1, max-image-preview:large, max-video-preview:-1\" \/>\n<link rel=\"canonical\" href=\"https:\/\/www.purejewels.com\/de\/produkt-2\/gitter-anhanger-aus-22-karat-gold-49684\/\" \/>\n<meta property=\"og:locale\" content=\"de_DE\" \/>\n<meta property=\"og:type\" content=\"article\" \/>\n<meta property=\"og:title\" content=\"22ct Gold Lattice Pendant \u2013 Traditional Women\u2019s Jewellery\" \/>\n<meta property=\"og:description\" content=\"Celebrate heritage with this 22ct Gold Lattice Pendant, intricately designed for women who value tradition. A radiant expression of timeless craftsmanship.\" \/>\n<meta property=\"og:url\" content=\"https:\/\/www.purejewels.com\/de\/produkt-2\/gitter-anhanger-aus-22-karat-gold-49684\/\" \/>\n<meta property=\"og:site_name\" content=\"PureJewels UK\" \/>\n<meta property=\"article:modified_time\" content=\"2026-03-04T12:12:42+00:00\" \/>\n<meta property=\"og:image\" content=\"https:\/\/static.purejewels.com\/wp-content\/uploads\/2025\/06\/SKU-49684.jpg\" \/>\n\t<meta property=\"og:image:width\" content=\"1000\" \/>\n\t<meta property=\"og:image:height\" content=\"1000\" \/>\n\t<meta property=\"og:image:type\" content=\"image\/jpeg\" \/>\n<meta name=\"twitter:card\" content=\"summary_large_image\" \/>\n<meta name=\"twitter:label1\" content=\"Gesch\u00e4tzte Lesezeit\" \/>\n\t<meta name=\"twitter:data1\" content=\"1\u00a0Minute\" \/>\n<script type=\"application\/ld+json\" class=\"yoast-schema-graph\">{\"@context\":\"https:\\\/\\\/schema.org\",\"@graph\":[{\"@type\":[\"WebPage\",\"ItemPage\"],\"@id\":\"https:\\\/\\\/www.purejewels.com\\\/product\\\/lattice-pendant-in-22ct-gold-49684\\\/\",\"url\":\"https:\\\/\\\/www.purejewels.com\\\/product\\\/lattice-pendant-in-22ct-gold-49684\\\/\",\"name\":\"22ct Gold Lattice Pendant \u2013 Traditional Women\u2019s Jewellery\",\"isPartOf\":{\"@id\":\"https:\\\/\\\/www.purejewels.com\\\/#website\"},\"primaryImageOfPage\":{\"@id\":\"https:\\\/\\\/www.purejewels.com\\\/product\\\/lattice-pendant-in-22ct-gold-49684\\\/#primaryimage\"},\"image\":{\"@id\":\"https:\\\/\\\/www.purejewels.com\\\/product\\\/lattice-pendant-in-22ct-gold-49684\\\/#primaryimage\"},\"thumbnailUrl\":\"https:\\\/\\\/static.purejewels.com\\\/wp-content\\\/uploads\\\/2025\\\/06\\\/SKU-49684.jpg\",\"datePublished\":\"2025-12-17T11:31:05+00:00\",\"dateModified\":\"2026-03-04T12:12:42+00:00\",\"description\":\"Celebrate heritage with this 22ct Gold Lattice Pendant, intricately designed for women who value tradition. A radiant expression of timeless craftsmanship.\",\"breadcrumb\":{\"@id\":\"https:\\\/\\\/www.purejewels.com\\\/product\\\/lattice-pendant-in-22ct-gold-49684\\\/#breadcrumb\"},\"inLanguage\":\"de\",\"potentialAction\":[{\"@type\":\"ReadAction\",\"target\":[\"https:\\\/\\\/www.purejewels.com\\\/product\\\/lattice-pendant-in-22ct-gold-49684\\\/\"]}]},{\"@type\":\"ImageObject\",\"inLanguage\":\"de\",\"@id\":\"https:\\\/\\\/www.purejewels.com\\\/product\\\/lattice-pendant-in-22ct-gold-49684\\\/#primaryimage\",\"url\":\"https:\\\/\\\/static.purejewels.com\\\/wp-content\\\/uploads\\\/2025\\\/06\\\/SKU-49684.jpg\",\"contentUrl\":\"https:\\\/\\\/static.purejewels.com\\\/wp-content\\\/uploads\\\/2025\\\/06\\\/SKU-49684.jpg\",\"width\":1000,\"height\":1000,\"caption\":\"49684\"},{\"@type\":\"BreadcrumbList\",\"@id\":\"https:\\\/\\\/www.purejewels.com\\\/product\\\/lattice-pendant-in-22ct-gold-49684\\\/#breadcrumb\",\"itemListElement\":[{\"@type\":\"ListItem\",\"position\":1,\"name\":\"Home\",\"item\":\"https:\\\/\\\/www.purejewels.com\\\/\"},{\"@type\":\"ListItem\",\"position\":2,\"name\":\"Shop\",\"item\":\"https:\\\/\\\/www.purejewels.com\\\/shop\\\/\"},{\"@type\":\"ListItem\",\"position\":3,\"name\":\"Lattice Pendant in 22ct Gold\"}]},{\"@type\":\"WebSite\",\"@id\":\"https:\\\/\\\/www.purejewels.com\\\/#website\",\"url\":\"https:\\\/\\\/www.purejewels.com\\\/\",\"name\":\"PureJewels UK\",\"description\":\"Share the Love\",\"publisher\":{\"@id\":\"https:\\\/\\\/www.purejewels.com\\\/#organization\"},\"potentialAction\":[{\"@type\":\"SearchAction\",\"target\":{\"@type\":\"EntryPoint\",\"urlTemplate\":\"https:\\\/\\\/www.purejewels.com\\\/?s={search_term_string}\"},\"query-input\":{\"@type\":\"PropertyValueSpecification\",\"valueRequired\":true,\"valueName\":\"search_term_string\"}}],\"inLanguage\":\"de\"},{\"@type\":\"Organization\",\"@id\":\"https:\\\/\\\/www.purejewels.com\\\/#organization\",\"name\":\"PureJewels UK\",\"url\":\"https:\\\/\\\/www.purejewels.com\\\/\",\"logo\":{\"@type\":\"ImageObject\",\"inLanguage\":\"de\",\"@id\":\"https:\\\/\\\/www.purejewels.com\\\/#\\\/schema\\\/logo\\\/image\\\/\",\"url\":\"https:\\\/\\\/static.purejewels.com\\\/wp-content\\\/uploads\\\/2020\\\/11\\\/Logo-PJ-New-1.png\",\"contentUrl\":\"https:\\\/\\\/static.purejewels.com\\\/wp-content\\\/uploads\\\/2020\\\/11\\\/Logo-PJ-New-1.png\",\"width\":150,\"height\":80,\"caption\":\"PureJewels UK\"},\"image\":{\"@id\":\"https:\\\/\\\/www.purejewels.com\\\/#\\\/schema\\\/logo\\\/image\\\/\"}}]}<\/script>\n<!-- \/ Yoast SEO plugin. -->","yoast_head_json":{"title":"22ct Gold Lattice Anh\u00e4nger - Traditioneller Frauenschmuck","description":"Zelebrieren Sie das Erbe mit diesem Gitteranh\u00e4nger aus 22 Karat Gold, der f\u00fcr Frauen entworfen wurde, die Traditionen sch\u00e4tzen. Ein strahlender Ausdruck von zeitloser Handwerkskunst.","robots":{"index":"index","follow":"follow","max-snippet":"max-snippet:-1","max-image-preview":"max-image-preview:large","max-video-preview":"max-video-preview:-1"},"canonical":"https:\/\/www.purejewels.com\/de\/produkt-2\/gitter-anhanger-aus-22-karat-gold-49684\/","og_locale":"de_DE","og_type":"article","og_title":"22ct Gold Lattice Pendant \u2013 Traditional Women\u2019s Jewellery","og_description":"Celebrate heritage with this 22ct Gold Lattice Pendant, intricately designed for women who value tradition. A radiant expression of timeless craftsmanship.","og_url":"https:\/\/www.purejewels.com\/de\/produkt-2\/gitter-anhanger-aus-22-karat-gold-49684\/","og_site_name":"PureJewels UK","article_modified_time":"2026-03-04T12:12:42+00:00","og_image":[{"width":1000,"height":1000,"url":"https:\/\/static.purejewels.com\/wp-content\/uploads\/2025\/06\/SKU-49684.jpg","type":"image\/jpeg"}],"twitter_card":"summary_large_image","twitter_misc":{"Gesch\u00e4tzte Lesezeit":"1\u00a0Minute"},"schema":{"@context":"https:\/\/schema.org","@graph":[{"@type":["WebPage","ItemPage"],"@id":"https:\/\/www.purejewels.com\/product\/lattice-pendant-in-22ct-gold-49684\/","url":"https:\/\/www.purejewels.com\/product\/lattice-pendant-in-22ct-gold-49684\/","name":"22ct Gold Lattice Anh\u00e4nger - Traditioneller Frauenschmuck","isPartOf":{"@id":"https:\/\/www.purejewels.com\/#website"},"primaryImageOfPage":{"@id":"https:\/\/www.purejewels.com\/product\/lattice-pendant-in-22ct-gold-49684\/#primaryimage"},"image":{"@id":"https:\/\/www.purejewels.com\/product\/lattice-pendant-in-22ct-gold-49684\/#primaryimage"},"thumbnailUrl":"https:\/\/static.purejewels.com\/wp-content\/uploads\/2025\/06\/SKU-49684.jpg","datePublished":"2025-12-17T11:31:05+00:00","dateModified":"2026-03-04T12:12:42+00:00","description":"Zelebrieren Sie das Erbe mit diesem Gitteranh\u00e4nger aus 22 Karat Gold, der f\u00fcr Frauen entworfen wurde, die Traditionen sch\u00e4tzen. Ein strahlender Ausdruck von zeitloser Handwerkskunst.","breadcrumb":{"@id":"https:\/\/www.purejewels.com\/product\/lattice-pendant-in-22ct-gold-49684\/#breadcrumb"},"inLanguage":"de","potentialAction":[{"@type":"ReadAction","target":["https:\/\/www.purejewels.com\/product\/lattice-pendant-in-22ct-gold-49684\/"]}]},{"@type":"ImageObject","inLanguage":"de","@id":"https:\/\/www.purejewels.com\/product\/lattice-pendant-in-22ct-gold-49684\/#primaryimage","url":"https:\/\/static.purejewels.com\/wp-content\/uploads\/2025\/06\/SKU-49684.jpg","contentUrl":"https:\/\/static.purejewels.com\/wp-content\/uploads\/2025\/06\/SKU-49684.jpg","width":1000,"height":1000,"caption":"49684"},{"@type":"BreadcrumbList","@id":"https:\/\/www.purejewels.com\/product\/lattice-pendant-in-22ct-gold-49684\/#breadcrumb","itemListElement":[{"@type":"ListItem","position":1,"name":"Home","item":"https:\/\/www.purejewels.com\/"},{"@type":"ListItem","position":2,"name":"Shop","item":"https:\/\/www.purejewels.com\/shop\/"},{"@type":"ListItem","position":3,"name":"Lattice Pendant in 22ct Gold"}]},{"@type":"WebSite","@id":"https:\/\/www.purejewels.com\/#website","url":"https:\/\/www.purejewels.com\/","name":"PureJewels UK","description":"Teile die Liebe","publisher":{"@id":"https:\/\/www.purejewels.com\/#organization"},"potentialAction":[{"@type":"SearchAction","target":{"@type":"EntryPoint","urlTemplate":"https:\/\/www.purejewels.com\/?s={search_term_string}"},"query-input":{"@type":"PropertyValueSpecification","valueRequired":true,"valueName":"search_term_string"}}],"inLanguage":"de"},{"@type":"Organization","@id":"https:\/\/www.purejewels.com\/#organization","name":"PureJewels UK","url":"https:\/\/www.purejewels.com\/","logo":{"@type":"ImageObject","inLanguage":"de","@id":"https:\/\/www.purejewels.com\/#\/schema\/logo\/image\/","url":"https:\/\/static.purejewels.com\/wp-content\/uploads\/2020\/11\/Logo-PJ-New-1.png","contentUrl":"https:\/\/static.purejewels.com\/wp-content\/uploads\/2020\/11\/Logo-PJ-New-1.png","width":150,"height":80,"caption":"PureJewels UK"},"image":{"@id":"https:\/\/www.purejewels.com\/#\/schema\/logo\/image\/"}}]}},"_links":{"self":[{"href":"https:\/\/www.purejewels.com\/de\/wp-json\/wp\/v2\/product\/405447","targetHints":{"allow":["GET"]}}],"collection":[{"href":"https:\/\/www.purejewels.com\/de\/wp-json\/wp\/v2\/product"}],"about":[{"href":"https:\/\/www.purejewels.com\/de\/wp-json\/wp\/v2\/types\/product"}],"replies":[{"embeddable":true,"href":"https:\/\/www.purejewels.com\/de\/wp-json\/wp\/v2\/comments?post=405447"}],"version-history":[{"count":1,"href":"https:\/\/www.purejewels.com\/de\/wp-json\/wp\/v2\/product\/405447\/revisions"}],"predecessor-version":[{"id":405449,"href":"https:\/\/www.purejewels.com\/de\/wp-json\/wp\/v2\/product\/405447\/revisions\/405449"}],"wp:featuredmedia":[{"embeddable":true,"href":"https:\/\/www.purejewels.com\/de\/wp-json\/wp\/v2\/media\/406081"}],"wp:attachment":[{"href":"https:\/\/www.purejewels.com\/de\/wp-json\/wp\/v2\/media?parent=405447"}],"wp:term":[{"taxonomy":"product_brand","embeddable":true,"href":"https:\/\/www.purejewels.com\/de\/wp-json\/wp\/v2\/product_brand?post=405447"},{"taxonomy":"product_cat","embeddable":true,"href":"https:\/\/www.purejewels.com\/de\/wp-json\/wp\/v2\/product_cat?post=405447"},{"taxonomy":"product_tag","embeddable":true,"href":"https:\/\/www.purejewels.com\/de\/wp-json\/wp\/v2\/product_tag?post=405447"}],"curies":[{"name":"wp","href":"https:\/\/api.w.org\/{rel}","templated":true}]}}