{"id":405491,"date":"2025-07-17T13:42:16","date_gmt":"2025-07-17T12:42:16","guid":{"rendered":"https:\/\/www.purejewels.com\/?post_type=product&#038;p=405491"},"modified":"2026-04-24T11:06:26","modified_gmt":"2026-04-24T10:06:26","slug":"heiliger-tamilischer-om-anhanger-aus-22-karat-gold-52066","status":"publish","type":"product","link":"https:\/\/www.purejewels.com\/de\/product\/sacred-tamil-om-pendant-in-22ct-gold-52066\/","title":{"rendered":"Heiliger tamilischer OM-Anh\u00e4nger aus 22ct Gold"},"content":{"rendered":"<p>Verwurzelt in Hingabe und geschm\u00fcckt mit Bedeutung, unsere <strong data-start=\"689\" data-end=\"719\">22ct Gold Tamil OM Anh\u00e4nger<\/strong> ist ein raffinierter Ausdruck der spirituellen Identit\u00e4t. Der aus hochreinem Gold gefertigte und 3,3 Gramm schwere Anh\u00e4nger zeigt das heilige OM-Symbol in tamilischer Schrift - elegant pr\u00e4sentiert in einem zeitlosen Design.<\/p>","protected":false},"excerpt":{"rendered":"<div class=\"woocommerce-product-details__short-description\">\n<p data-start=\"255\" data-end=\"562\">Dieser OM-Anh\u00e4nger aus 22-kar\u00e4tigem Gold ist eine anmutige Hommage an die tamilische Kultur und vereint Glaube und Kunst in perfekter Harmonie. F\u00fcr die Echtheit gepunzt.<\/p>\n<p><strong>Material:<\/strong> 22ct Gold<strong><br \/>\nWahrzeichen:\u00a0<\/strong>Britisches G\u00fctesiegel<strong><br \/>\n<\/strong><strong>Bruttogewicht: <\/strong>3.30 Gms<strong><br \/>\nSKU: <\/strong>52066<\/p>\n<p><strong>Preis und Lieferung: <\/strong>Der Kettenpreis ist nicht inbegriffen, inklusive Mehrwertsteuer und Versandkosten.<strong><br \/>\n<a href=\"https:\/\/www.purejewels.com\/de\/ruckgabepolitik\/\">R\u00fcckgabepolitik<\/a><\/strong><\/p>\n<\/div>\n<div class=\"btn-atc atc-slide\"><\/div>\n<div class=\"product_meta\"><\/div>","protected":false},"featured_media":405584,"comment_status":"closed","ping_status":"closed","template":"","meta":{"_eb_attr":"","_crsspst_to_jayantr4sg-hostcom":true},"product_brand":[],"product_cat":[1576,1793,1790,1229,1255,5344,1767,1572,1768,5600,5338,1701,1574,5349],"product_tag":[],"class_list":{"0":"post-405491","1":"product","2":"type-product","3":"status-publish","4":"has-post-thumbnail","6":"product_cat-childrens-jewellery","7":"product_cat-diwali-gifts","8":"product_cat-for-whom-when","9":"product_cat-22ct-gold-jewellery","10":"product_cat-gold-pendants","11":"product_cat-jewellery-under-750","12":"product_cat-ladies-pendants","13":"product_cat-mens-jewellery","14":"product_cat-mens-pendants","15":"product_cat-om-pendants","16":"product_cat-shop-by-price","17":"product_cat-religious-pendants","18":"product_cat-womens-jewellery","19":"product_cat-yellow-gold-jewellery","21":"first","22":"instock","23":"taxable","24":"shipping-taxable","25":"purchasable","26":"product-type-simple","27":"add-to-wishlist-before_image"},"yoast_head":"<!-- This site is optimized with the Yoast SEO plugin v27.5 - https:\/\/yoast.com\/product\/yoast-seo-wordpress\/ -->\n<title>Tamil OM Pendant | 22ct Gold | PureJewels UK<\/title>\n<meta name=\"description\" content=\"Celebrate heritage and devotion with this intricately crafted 22ct Gold Tamil OM Pendant, weighing 3.3 grams. Shop Pendant online today!\" \/>\n<meta name=\"robots\" content=\"index, follow, max-snippet:-1, max-image-preview:large, max-video-preview:-1\" \/>\n<link rel=\"canonical\" href=\"https:\/\/www.purejewels.com\/de\/produkt-2\/heiliger-tamilischer-om-anhanger-aus-22-karat-gold-52066\/\" \/>\n<meta property=\"og:locale\" content=\"de_DE\" \/>\n<meta property=\"og:type\" content=\"article\" \/>\n<meta property=\"og:title\" content=\"Tamil OM Pendant | 22ct Gold | PureJewels UK\" \/>\n<meta property=\"og:description\" content=\"Celebrate heritage and devotion with this intricately crafted 22ct Gold Tamil OM Pendant, weighing 3.3 grams. Shop Pendant online today!\" \/>\n<meta property=\"og:url\" content=\"https:\/\/www.purejewels.com\/de\/produkt-2\/heiliger-tamilischer-om-anhanger-aus-22-karat-gold-52066\/\" \/>\n<meta property=\"og:site_name\" content=\"PureJewels UK\" \/>\n<meta property=\"article:modified_time\" content=\"2026-04-24T10:06:26+00:00\" \/>\n<meta property=\"og:image\" content=\"https:\/\/static.purejewels.com\/wp-content\/uploads\/2025\/07\/SKU-52066.jpg\" \/>\n\t<meta property=\"og:image:width\" content=\"1000\" \/>\n\t<meta property=\"og:image:height\" content=\"1000\" \/>\n\t<meta property=\"og:image:type\" content=\"image\/jpeg\" \/>\n<meta name=\"twitter:card\" content=\"summary_large_image\" \/>\n<meta name=\"twitter:label1\" content=\"Gesch\u00e4tzte Lesezeit\" \/>\n\t<meta name=\"twitter:data1\" content=\"1\u00a0Minute\" \/>\n<script type=\"application\/ld+json\" class=\"yoast-schema-graph\">{\"@context\":\"https:\\\/\\\/schema.org\",\"@graph\":[{\"@type\":[\"WebPage\",\"ItemPage\"],\"@id\":\"https:\\\/\\\/www.purejewels.com\\\/product\\\/sacred-tamil-om-pendant-in-22ct-gold-52066\\\/\",\"url\":\"https:\\\/\\\/www.purejewels.com\\\/product\\\/sacred-tamil-om-pendant-in-22ct-gold-52066\\\/\",\"name\":\"Tamil OM Pendant | 22ct Gold | PureJewels UK\",\"isPartOf\":{\"@id\":\"https:\\\/\\\/www.purejewels.com\\\/#website\"},\"primaryImageOfPage\":{\"@id\":\"https:\\\/\\\/www.purejewels.com\\\/product\\\/sacred-tamil-om-pendant-in-22ct-gold-52066\\\/#primaryimage\"},\"image\":{\"@id\":\"https:\\\/\\\/www.purejewels.com\\\/product\\\/sacred-tamil-om-pendant-in-22ct-gold-52066\\\/#primaryimage\"},\"thumbnailUrl\":\"https:\\\/\\\/static.purejewels.com\\\/wp-content\\\/uploads\\\/2025\\\/07\\\/SKU-52066.jpg\",\"datePublished\":\"2025-07-17T12:42:16+00:00\",\"dateModified\":\"2026-04-24T10:06:26+00:00\",\"description\":\"Celebrate heritage and devotion with this intricately crafted 22ct Gold Tamil OM Pendant, weighing 3.3 grams. Shop Pendant online today!\",\"breadcrumb\":{\"@id\":\"https:\\\/\\\/www.purejewels.com\\\/product\\\/sacred-tamil-om-pendant-in-22ct-gold-52066\\\/#breadcrumb\"},\"inLanguage\":\"de\",\"potentialAction\":[{\"@type\":\"ReadAction\",\"target\":[\"https:\\\/\\\/www.purejewels.com\\\/product\\\/sacred-tamil-om-pendant-in-22ct-gold-52066\\\/\"]}]},{\"@type\":\"ImageObject\",\"inLanguage\":\"de\",\"@id\":\"https:\\\/\\\/www.purejewels.com\\\/product\\\/sacred-tamil-om-pendant-in-22ct-gold-52066\\\/#primaryimage\",\"url\":\"https:\\\/\\\/static.purejewels.com\\\/wp-content\\\/uploads\\\/2025\\\/07\\\/SKU-52066.jpg\",\"contentUrl\":\"https:\\\/\\\/static.purejewels.com\\\/wp-content\\\/uploads\\\/2025\\\/07\\\/SKU-52066.jpg\",\"width\":1000,\"height\":1000,\"caption\":\"52066\"},{\"@type\":\"BreadcrumbList\",\"@id\":\"https:\\\/\\\/www.purejewels.com\\\/product\\\/sacred-tamil-om-pendant-in-22ct-gold-52066\\\/#breadcrumb\",\"itemListElement\":[{\"@type\":\"ListItem\",\"position\":1,\"name\":\"Home\",\"item\":\"https:\\\/\\\/www.purejewels.com\\\/\"},{\"@type\":\"ListItem\",\"position\":2,\"name\":\"Shop\",\"item\":\"https:\\\/\\\/www.purejewels.com\\\/shop\\\/\"},{\"@type\":\"ListItem\",\"position\":3,\"name\":\"Sacred Tamil OM Pendant in 22ct Gold\"}]},{\"@type\":\"WebSite\",\"@id\":\"https:\\\/\\\/www.purejewels.com\\\/#website\",\"url\":\"https:\\\/\\\/www.purejewels.com\\\/\",\"name\":\"PureJewels UK\",\"description\":\"Share the Love\",\"publisher\":{\"@id\":\"https:\\\/\\\/www.purejewels.com\\\/#organization\"},\"potentialAction\":[{\"@type\":\"SearchAction\",\"target\":{\"@type\":\"EntryPoint\",\"urlTemplate\":\"https:\\\/\\\/www.purejewels.com\\\/?s={search_term_string}\"},\"query-input\":{\"@type\":\"PropertyValueSpecification\",\"valueRequired\":true,\"valueName\":\"search_term_string\"}}],\"inLanguage\":\"de\"},{\"@type\":\"Organization\",\"@id\":\"https:\\\/\\\/www.purejewels.com\\\/#organization\",\"name\":\"PureJewels UK\",\"url\":\"https:\\\/\\\/www.purejewels.com\\\/\",\"logo\":{\"@type\":\"ImageObject\",\"inLanguage\":\"de\",\"@id\":\"https:\\\/\\\/www.purejewels.com\\\/#\\\/schema\\\/logo\\\/image\\\/\",\"url\":\"https:\\\/\\\/static.purejewels.com\\\/wp-content\\\/uploads\\\/2020\\\/11\\\/Logo-PJ-New-1.png\",\"contentUrl\":\"https:\\\/\\\/static.purejewels.com\\\/wp-content\\\/uploads\\\/2020\\\/11\\\/Logo-PJ-New-1.png\",\"width\":150,\"height\":80,\"caption\":\"PureJewels UK\"},\"image\":{\"@id\":\"https:\\\/\\\/www.purejewels.com\\\/#\\\/schema\\\/logo\\\/image\\\/\"}}]}<\/script>\n<!-- \/ Yoast SEO plugin. -->","yoast_head_json":{"title":"Tamil OM Anh\u00e4nger | 22ct Gold | PureJewels UK","description":"Feiern Sie das Erbe und die Hingabe mit diesem aufw\u00e4ndig gefertigten 22ct Gold Tamil OM Anh\u00e4nger, mit einem Gewicht von 3,3 Gramm. Kaufen Sie den Anh\u00e4nger noch heute online!","robots":{"index":"index","follow":"follow","max-snippet":"max-snippet:-1","max-image-preview":"max-image-preview:large","max-video-preview":"max-video-preview:-1"},"canonical":"https:\/\/www.purejewels.com\/de\/produkt-2\/heiliger-tamilischer-om-anhanger-aus-22-karat-gold-52066\/","og_locale":"de_DE","og_type":"article","og_title":"Tamil OM Pendant | 22ct Gold | PureJewels UK","og_description":"Celebrate heritage and devotion with this intricately crafted 22ct Gold Tamil OM Pendant, weighing 3.3 grams. Shop Pendant online today!","og_url":"https:\/\/www.purejewels.com\/de\/produkt-2\/heiliger-tamilischer-om-anhanger-aus-22-karat-gold-52066\/","og_site_name":"PureJewels UK","article_modified_time":"2026-04-24T10:06:26+00:00","og_image":[{"width":1000,"height":1000,"url":"https:\/\/static.purejewels.com\/wp-content\/uploads\/2025\/07\/SKU-52066.jpg","type":"image\/jpeg"}],"twitter_card":"summary_large_image","twitter_misc":{"Gesch\u00e4tzte Lesezeit":"1\u00a0Minute"},"schema":{"@context":"https:\/\/schema.org","@graph":[{"@type":["WebPage","ItemPage"],"@id":"https:\/\/www.purejewels.com\/product\/sacred-tamil-om-pendant-in-22ct-gold-52066\/","url":"https:\/\/www.purejewels.com\/product\/sacred-tamil-om-pendant-in-22ct-gold-52066\/","name":"Tamil OM Anh\u00e4nger | 22ct Gold | PureJewels UK","isPartOf":{"@id":"https:\/\/www.purejewels.com\/#website"},"primaryImageOfPage":{"@id":"https:\/\/www.purejewels.com\/product\/sacred-tamil-om-pendant-in-22ct-gold-52066\/#primaryimage"},"image":{"@id":"https:\/\/www.purejewels.com\/product\/sacred-tamil-om-pendant-in-22ct-gold-52066\/#primaryimage"},"thumbnailUrl":"https:\/\/static.purejewels.com\/wp-content\/uploads\/2025\/07\/SKU-52066.jpg","datePublished":"2025-07-17T12:42:16+00:00","dateModified":"2026-04-24T10:06:26+00:00","description":"Feiern Sie das Erbe und die Hingabe mit diesem aufw\u00e4ndig gefertigten 22ct Gold Tamil OM Anh\u00e4nger, mit einem Gewicht von 3,3 Gramm. Kaufen Sie den Anh\u00e4nger noch heute online!","breadcrumb":{"@id":"https:\/\/www.purejewels.com\/product\/sacred-tamil-om-pendant-in-22ct-gold-52066\/#breadcrumb"},"inLanguage":"de","potentialAction":[{"@type":"ReadAction","target":["https:\/\/www.purejewels.com\/product\/sacred-tamil-om-pendant-in-22ct-gold-52066\/"]}]},{"@type":"ImageObject","inLanguage":"de","@id":"https:\/\/www.purejewels.com\/product\/sacred-tamil-om-pendant-in-22ct-gold-52066\/#primaryimage","url":"https:\/\/static.purejewels.com\/wp-content\/uploads\/2025\/07\/SKU-52066.jpg","contentUrl":"https:\/\/static.purejewels.com\/wp-content\/uploads\/2025\/07\/SKU-52066.jpg","width":1000,"height":1000,"caption":"52066"},{"@type":"BreadcrumbList","@id":"https:\/\/www.purejewels.com\/product\/sacred-tamil-om-pendant-in-22ct-gold-52066\/#breadcrumb","itemListElement":[{"@type":"ListItem","position":1,"name":"Home","item":"https:\/\/www.purejewels.com\/"},{"@type":"ListItem","position":2,"name":"Shop","item":"https:\/\/www.purejewels.com\/shop\/"},{"@type":"ListItem","position":3,"name":"Sacred Tamil OM Pendant in 22ct Gold"}]},{"@type":"WebSite","@id":"https:\/\/www.purejewels.com\/#website","url":"https:\/\/www.purejewels.com\/","name":"PureJewels UK","description":"Teile die Liebe","publisher":{"@id":"https:\/\/www.purejewels.com\/#organization"},"potentialAction":[{"@type":"SearchAction","target":{"@type":"EntryPoint","urlTemplate":"https:\/\/www.purejewels.com\/?s={search_term_string}"},"query-input":{"@type":"PropertyValueSpecification","valueRequired":true,"valueName":"search_term_string"}}],"inLanguage":"de"},{"@type":"Organization","@id":"https:\/\/www.purejewels.com\/#organization","name":"PureJewels UK","url":"https:\/\/www.purejewels.com\/","logo":{"@type":"ImageObject","inLanguage":"de","@id":"https:\/\/www.purejewels.com\/#\/schema\/logo\/image\/","url":"https:\/\/static.purejewels.com\/wp-content\/uploads\/2020\/11\/Logo-PJ-New-1.png","contentUrl":"https:\/\/static.purejewels.com\/wp-content\/uploads\/2020\/11\/Logo-PJ-New-1.png","width":150,"height":80,"caption":"PureJewels UK"},"image":{"@id":"https:\/\/www.purejewels.com\/#\/schema\/logo\/image\/"}}]}},"_links":{"self":[{"href":"https:\/\/www.purejewels.com\/de\/wp-json\/wp\/v2\/product\/405491","targetHints":{"allow":["GET"]}}],"collection":[{"href":"https:\/\/www.purejewels.com\/de\/wp-json\/wp\/v2\/product"}],"about":[{"href":"https:\/\/www.purejewels.com\/de\/wp-json\/wp\/v2\/types\/product"}],"replies":[{"embeddable":true,"href":"https:\/\/www.purejewels.com\/de\/wp-json\/wp\/v2\/comments?post=405491"}],"version-history":[{"count":1,"href":"https:\/\/www.purejewels.com\/de\/wp-json\/wp\/v2\/product\/405491\/revisions"}],"predecessor-version":[{"id":405586,"href":"https:\/\/www.purejewels.com\/de\/wp-json\/wp\/v2\/product\/405491\/revisions\/405586"}],"wp:featuredmedia":[{"embeddable":true,"href":"https:\/\/www.purejewels.com\/de\/wp-json\/wp\/v2\/media\/405584"}],"wp:attachment":[{"href":"https:\/\/www.purejewels.com\/de\/wp-json\/wp\/v2\/media?parent=405491"}],"wp:term":[{"taxonomy":"product_brand","embeddable":true,"href":"https:\/\/www.purejewels.com\/de\/wp-json\/wp\/v2\/product_brand?post=405491"},{"taxonomy":"product_cat","embeddable":true,"href":"https:\/\/www.purejewels.com\/de\/wp-json\/wp\/v2\/product_cat?post=405491"},{"taxonomy":"product_tag","embeddable":true,"href":"https:\/\/www.purejewels.com\/de\/wp-json\/wp\/v2\/product_tag?post=405491"}],"curies":[{"name":"wp","href":"https:\/\/api.w.org\/{rel}","templated":true}]}}