{"id":4056,"date":"2017-07-19T13:23:58","date_gmt":"2017-07-19T12:23:58","guid":{"rendered":"http:\/\/new.purejewels.com\/product\/full-eternity-christian-bauer-wedding-ring\/"},"modified":"2020-12-21T17:55:20","modified_gmt":"2020-12-21T17:55:20","slug":"ewiger-christian-bauer-trauring","status":"publish","type":"product","link":"https:\/\/www.purejewels.com\/de\/product\/full-eternity-christian-bauer-wedding-ring\/","title":{"rendered":"Christian Bauer Ehering f\u00fcr die Ewigkeit"},"content":{"rendered":"<p>Sie tragen ihn ein Leben lang am Finger; w\u00e4hlen Sie also einen Ehering, der Sie jedes Mal gl\u00fccklich macht, wenn Sie ihn ansehen!  In diesem schillernden Diamant-Trauring von <a href=\"https:\/\/www.purejewels.com\/de\/product-category\/wedding-rings-bands\/wedding-bands\/christian-bauer-brands\/\">Christian Bauer<\/a>.  Er ist vollst\u00e4ndig mit Brillanten besetzt und wurde in sorgf\u00e4ltiger Handarbeit in <a href=\"https:\/\/www.purejewels.com\/de\/product\/18ct-white-gold-diamond-ring-for-ladies-8775\/\">18 Karat Wei\u00dfgold<\/a>.  Auf der Innenseite befindet sich der Stempel der deutschen Tanne - das Echtheitszeichen von Christian Bauer, inspiriert durch den M\u00e4rchenwald in der N\u00e4he der Werkstatt.  Ihr Ehering wird aus zuvor abgebautem Metall hergestellt und ist ein Werk von nat\u00fcrlicher Sch\u00f6nheit.  *Wir bestellen Ihren Christian Bauer Trauring auf Ma\u00df.  Wir k\u00f6nnen ihn zu Ihnen nach Hause oder ins Gesch\u00e4ft zur Anprobe liefern.  Bitte nutzen Sie den Live-Chat f\u00fcr Ihre Anfrage oder Bestellung.<\/p>\n<ul>\n<li>Autorisierter Christian Bauer-Fachh\u00e4ndler<\/li>\n<li>Christian Bauer Ehering f\u00fcr die Ewigkeit<\/li>\n<li>Metall: <a href=\"https:\/\/www.purejewels.com\/de\/product\/18ct-white-gold-khanda-sikh-religious-pendant-6226\/\">18ct<\/a> Wei\u00dfgold<\/li>\n<li>Steinfassung: Diamanten in Zackenfassung<\/li>\n<li>Gewicht des Diamanten: 0,60 Karat<\/li>\n<li>Qualit\u00e4t des Diamanten: G-H Farbe und V-S Reinheit<\/li>\n<li>Breite: 4,5 mm<\/li>\n<li>*\u00d6ffnen Sie den Live Chat, um zu bestellen.<\/li>\n<\/ul>\n<p>&nbsp;<\/p>\n<h2><strong>Christian Bauer Diamant-Trauringe<br \/>\n<\/strong><\/h2>\n<p>Das Herz will, was es will.  Wenn Sie auf der Suche nach einem diamantenen Ehering sind, ist dieser hier perfekt.  Er ist mit den sch\u00f6nsten Diamanten besetzt, die von Hand nach Feuer und Charakter ausgesucht wurden.  Sie sind in den Ring eingelassen, so dass sie nicht herausragen und an irgendetwas h\u00e4ngen bleiben k\u00f6nnen.  Sie sind besorgt \u00fcber den Preis von Christian Bauer <a href=\"https:\/\/www.purejewels.com\/de\/product-category\/22ct-gold-jewellery\/gold-rings\/\">Ringe<\/a>?  Wir denken, das ist mehr als gerechtfertigt durch die <a href=\"https:\/\/www.purejewels.com\/de\/a-guide-to-die-stamping\/\">Handwerkskunst<\/a> und Qualit\u00e4t: Wenn Sie es k\u00f6nnen, dann tun Sie es... sonst k\u00f6nnten Sie Ihr Leben damit verbringen, sich zu w\u00fcnschen, Sie h\u00e4tten den Diamanten gew\u00e4hlt.<\/p>\n<p>&nbsp;<\/p>","protected":false},"excerpt":{"rendered":"<p>Autorisierter Christian Bauer-Fachh\u00e4ndler<\/p>\n<p>Christian Bauer Ehering f\u00fcr die Ewigkeit<\/p>\n<p>Metall: 18 Karat Wei\u00dfgold<br \/>\nSteinfassung Stil: Prong gesetzt Diamanten<br \/>\nGewicht der Diamanten: 0,60cts<br \/>\nQualit\u00e4t der Diamanten: G-H Farbe und VS Reinheit<br \/>\nFingergr\u00f6\u00dfe: L<br \/>\nBreite: 4,5 mm<\/p>\n<p>Auf Lager (GB14)<\/p>","protected":false},"featured_media":4057,"comment_status":"closed","ping_status":"closed","template":"","meta":{"_eb_attr":"","_crsspst_to_jayantr4sg-hostcom":false},"product_brand":[],"product_cat":[238,1537],"product_tag":[],"class_list":{"0":"post-4056","1":"product","2":"type-product","3":"status-publish","4":"has-post-thumbnail","6":"product_cat-christian-bauer-brands","7":"product_cat-white-gold-jewellery-set","9":"first","10":"outofstock","11":"taxable","12":"shipping-taxable","13":"product-type-simple","14":"add-to-wishlist-before_image"},"yoast_head":"<!-- This site is optimized with the Yoast SEO plugin v27.3 - https:\/\/yoast.com\/product\/yoast-seo-wordpress\/ -->\n<title>Full Eternity Christian Bauer Wedding Ring - PureJewels.com<\/title>\n<meta name=\"robots\" content=\"index, follow, max-snippet:-1, max-image-preview:large, max-video-preview:-1\" \/>\n<link rel=\"canonical\" href=\"https:\/\/www.purejewels.com\/de\/produkt-2\/ewiger-christian-bauer-trauring\/\" \/>\n<meta property=\"og:locale\" content=\"de_DE\" \/>\n<meta property=\"og:type\" content=\"article\" \/>\n<meta property=\"og:title\" content=\"Full Eternity Christian Bauer Wedding Ring - PureJewels.com\" \/>\n<meta property=\"og:description\" content=\"Authorised Christian Bauer Stockist  Full Eternity Christian Bauer Wedding Ring  Metal: 18ct White Gold Stone Setting Style: Prong set diamonds Diamond Weight: 0.60cts Diamond Quality: G-H Colour and VS Clarity Finger Size: L Width: 4.5mm  In Stock (GB14)\" \/>\n<meta property=\"og:url\" content=\"https:\/\/www.purejewels.com\/de\/produkt-2\/ewiger-christian-bauer-trauring\/\" \/>\n<meta property=\"og:site_name\" content=\"PureJewels UK\" \/>\n<meta property=\"article:modified_time\" content=\"2020-12-21T17:55:20+00:00\" \/>\n<meta property=\"og:image\" content=\"https:\/\/www.purejewels.com\/wp-content\/uploads\/2017\/07\/0246740_xl-2.jpg\" \/>\n\t<meta property=\"og:image:width\" content=\"960\" \/>\n\t<meta property=\"og:image:height\" content=\"960\" \/>\n\t<meta property=\"og:image:type\" content=\"image\/jpeg\" \/>\n<meta name=\"twitter:card\" content=\"summary_large_image\" \/>\n<meta name=\"twitter:label1\" content=\"Gesch\u00e4tzte Lesezeit\" \/>\n\t<meta name=\"twitter:data1\" content=\"1\u00a0Minute\" \/>\n<script type=\"application\/ld+json\" class=\"yoast-schema-graph\">{\"@context\":\"https:\\\/\\\/schema.org\",\"@graph\":[{\"@type\":[\"WebPage\",\"ItemPage\"],\"@id\":\"https:\\\/\\\/www.purejewels.com\\\/product\\\/full-eternity-christian-bauer-wedding-ring\\\/\",\"url\":\"https:\\\/\\\/www.purejewels.com\\\/product\\\/full-eternity-christian-bauer-wedding-ring\\\/\",\"name\":\"Full Eternity Christian Bauer Wedding Ring - PureJewels.com\",\"isPartOf\":{\"@id\":\"https:\\\/\\\/www.purejewels.com\\\/#website\"},\"primaryImageOfPage\":{\"@id\":\"https:\\\/\\\/www.purejewels.com\\\/product\\\/full-eternity-christian-bauer-wedding-ring\\\/#primaryimage\"},\"image\":{\"@id\":\"https:\\\/\\\/www.purejewels.com\\\/product\\\/full-eternity-christian-bauer-wedding-ring\\\/#primaryimage\"},\"thumbnailUrl\":\"https:\\\/\\\/static.purejewels.com\\\/wp-content\\\/uploads\\\/2017\\\/07\\\/0246740_xl-2.jpg\",\"datePublished\":\"2017-07-19T12:23:58+00:00\",\"dateModified\":\"2020-12-21T17:55:20+00:00\",\"breadcrumb\":{\"@id\":\"https:\\\/\\\/www.purejewels.com\\\/product\\\/full-eternity-christian-bauer-wedding-ring\\\/#breadcrumb\"},\"inLanguage\":\"de\",\"potentialAction\":[{\"@type\":\"ReadAction\",\"target\":[\"https:\\\/\\\/www.purejewels.com\\\/product\\\/full-eternity-christian-bauer-wedding-ring\\\/\"]}]},{\"@type\":\"ImageObject\",\"inLanguage\":\"de\",\"@id\":\"https:\\\/\\\/www.purejewels.com\\\/product\\\/full-eternity-christian-bauer-wedding-ring\\\/#primaryimage\",\"url\":\"https:\\\/\\\/static.purejewels.com\\\/wp-content\\\/uploads\\\/2017\\\/07\\\/0246740_xl-2.jpg\",\"contentUrl\":\"https:\\\/\\\/static.purejewels.com\\\/wp-content\\\/uploads\\\/2017\\\/07\\\/0246740_xl-2.jpg\",\"width\":960,\"height\":960,\"caption\":\"0246740_xl.jpg\"},{\"@type\":\"BreadcrumbList\",\"@id\":\"https:\\\/\\\/www.purejewels.com\\\/product\\\/full-eternity-christian-bauer-wedding-ring\\\/#breadcrumb\",\"itemListElement\":[{\"@type\":\"ListItem\",\"position\":1,\"name\":\"Home\",\"item\":\"https:\\\/\\\/www.purejewels.com\\\/\"},{\"@type\":\"ListItem\",\"position\":2,\"name\":\"Shop\",\"item\":\"https:\\\/\\\/www.purejewels.com\\\/shop\\\/\"},{\"@type\":\"ListItem\",\"position\":3,\"name\":\"Full Eternity Christian Bauer Wedding Ring\"}]},{\"@type\":\"WebSite\",\"@id\":\"https:\\\/\\\/www.purejewels.com\\\/#website\",\"url\":\"https:\\\/\\\/www.purejewels.com\\\/\",\"name\":\"PureJewels UK\",\"description\":\"Share the Love\",\"publisher\":{\"@id\":\"https:\\\/\\\/www.purejewels.com\\\/#organization\"},\"potentialAction\":[{\"@type\":\"SearchAction\",\"target\":{\"@type\":\"EntryPoint\",\"urlTemplate\":\"https:\\\/\\\/www.purejewels.com\\\/?s={search_term_string}\"},\"query-input\":{\"@type\":\"PropertyValueSpecification\",\"valueRequired\":true,\"valueName\":\"search_term_string\"}}],\"inLanguage\":\"de\"},{\"@type\":\"Organization\",\"@id\":\"https:\\\/\\\/www.purejewels.com\\\/#organization\",\"name\":\"PureJewels UK\",\"url\":\"https:\\\/\\\/www.purejewels.com\\\/\",\"logo\":{\"@type\":\"ImageObject\",\"inLanguage\":\"de\",\"@id\":\"https:\\\/\\\/www.purejewels.com\\\/#\\\/schema\\\/logo\\\/image\\\/\",\"url\":\"https:\\\/\\\/static.purejewels.com\\\/wp-content\\\/uploads\\\/2020\\\/11\\\/Logo-PJ-New-1.png\",\"contentUrl\":\"https:\\\/\\\/static.purejewels.com\\\/wp-content\\\/uploads\\\/2020\\\/11\\\/Logo-PJ-New-1.png\",\"width\":150,\"height\":80,\"caption\":\"PureJewels UK\"},\"image\":{\"@id\":\"https:\\\/\\\/www.purejewels.com\\\/#\\\/schema\\\/logo\\\/image\\\/\"}}]}<\/script>\n<!-- \/ Yoast SEO plugin. -->","yoast_head_json":{"title":"Christian Bauer Ehering f\u00fcr die Ewigkeit - PureJewels.com","robots":{"index":"index","follow":"follow","max-snippet":"max-snippet:-1","max-image-preview":"max-image-preview:large","max-video-preview":"max-video-preview:-1"},"canonical":"https:\/\/www.purejewels.com\/de\/produkt-2\/ewiger-christian-bauer-trauring\/","og_locale":"de_DE","og_type":"article","og_title":"Full Eternity Christian Bauer Wedding Ring - PureJewels.com","og_description":"Authorised Christian Bauer Stockist  Full Eternity Christian Bauer Wedding Ring  Metal: 18ct White Gold Stone Setting Style: Prong set diamonds Diamond Weight: 0.60cts Diamond Quality: G-H Colour and VS Clarity Finger Size: L Width: 4.5mm  In Stock (GB14)","og_url":"https:\/\/www.purejewels.com\/de\/produkt-2\/ewiger-christian-bauer-trauring\/","og_site_name":"PureJewels UK","article_modified_time":"2020-12-21T17:55:20+00:00","og_image":[{"width":960,"height":960,"url":"https:\/\/www.purejewels.com\/wp-content\/uploads\/2017\/07\/0246740_xl-2.jpg","type":"image\/jpeg"}],"twitter_card":"summary_large_image","twitter_misc":{"Gesch\u00e4tzte Lesezeit":"1\u00a0Minute"},"schema":{"@context":"https:\/\/schema.org","@graph":[{"@type":["WebPage","ItemPage"],"@id":"https:\/\/www.purejewels.com\/product\/full-eternity-christian-bauer-wedding-ring\/","url":"https:\/\/www.purejewels.com\/product\/full-eternity-christian-bauer-wedding-ring\/","name":"Christian Bauer Ehering f\u00fcr die Ewigkeit - PureJewels.com","isPartOf":{"@id":"https:\/\/www.purejewels.com\/#website"},"primaryImageOfPage":{"@id":"https:\/\/www.purejewels.com\/product\/full-eternity-christian-bauer-wedding-ring\/#primaryimage"},"image":{"@id":"https:\/\/www.purejewels.com\/product\/full-eternity-christian-bauer-wedding-ring\/#primaryimage"},"thumbnailUrl":"https:\/\/static.purejewels.com\/wp-content\/uploads\/2017\/07\/0246740_xl-2.jpg","datePublished":"2017-07-19T12:23:58+00:00","dateModified":"2020-12-21T17:55:20+00:00","breadcrumb":{"@id":"https:\/\/www.purejewels.com\/product\/full-eternity-christian-bauer-wedding-ring\/#breadcrumb"},"inLanguage":"de","potentialAction":[{"@type":"ReadAction","target":["https:\/\/www.purejewels.com\/product\/full-eternity-christian-bauer-wedding-ring\/"]}]},{"@type":"ImageObject","inLanguage":"de","@id":"https:\/\/www.purejewels.com\/product\/full-eternity-christian-bauer-wedding-ring\/#primaryimage","url":"https:\/\/static.purejewels.com\/wp-content\/uploads\/2017\/07\/0246740_xl-2.jpg","contentUrl":"https:\/\/static.purejewels.com\/wp-content\/uploads\/2017\/07\/0246740_xl-2.jpg","width":960,"height":960,"caption":"0246740_xl.jpg"},{"@type":"BreadcrumbList","@id":"https:\/\/www.purejewels.com\/product\/full-eternity-christian-bauer-wedding-ring\/#breadcrumb","itemListElement":[{"@type":"ListItem","position":1,"name":"Home","item":"https:\/\/www.purejewels.com\/"},{"@type":"ListItem","position":2,"name":"Shop","item":"https:\/\/www.purejewels.com\/shop\/"},{"@type":"ListItem","position":3,"name":"Full Eternity Christian Bauer Wedding Ring"}]},{"@type":"WebSite","@id":"https:\/\/www.purejewels.com\/#website","url":"https:\/\/www.purejewels.com\/","name":"PureJewels UK","description":"Teile die Liebe","publisher":{"@id":"https:\/\/www.purejewels.com\/#organization"},"potentialAction":[{"@type":"SearchAction","target":{"@type":"EntryPoint","urlTemplate":"https:\/\/www.purejewels.com\/?s={search_term_string}"},"query-input":{"@type":"PropertyValueSpecification","valueRequired":true,"valueName":"search_term_string"}}],"inLanguage":"de"},{"@type":"Organization","@id":"https:\/\/www.purejewels.com\/#organization","name":"PureJewels UK","url":"https:\/\/www.purejewels.com\/","logo":{"@type":"ImageObject","inLanguage":"de","@id":"https:\/\/www.purejewels.com\/#\/schema\/logo\/image\/","url":"https:\/\/static.purejewels.com\/wp-content\/uploads\/2020\/11\/Logo-PJ-New-1.png","contentUrl":"https:\/\/static.purejewels.com\/wp-content\/uploads\/2020\/11\/Logo-PJ-New-1.png","width":150,"height":80,"caption":"PureJewels UK"},"image":{"@id":"https:\/\/www.purejewels.com\/#\/schema\/logo\/image\/"}}]}},"_links":{"self":[{"href":"https:\/\/www.purejewels.com\/de\/wp-json\/wp\/v2\/product\/4056","targetHints":{"allow":["GET"]}}],"collection":[{"href":"https:\/\/www.purejewels.com\/de\/wp-json\/wp\/v2\/product"}],"about":[{"href":"https:\/\/www.purejewels.com\/de\/wp-json\/wp\/v2\/types\/product"}],"replies":[{"embeddable":true,"href":"https:\/\/www.purejewels.com\/de\/wp-json\/wp\/v2\/comments?post=4056"}],"version-history":[{"count":0,"href":"https:\/\/www.purejewels.com\/de\/wp-json\/wp\/v2\/product\/4056\/revisions"}],"wp:featuredmedia":[{"embeddable":true,"href":"https:\/\/www.purejewels.com\/de\/wp-json\/wp\/v2\/media\/4057"}],"wp:attachment":[{"href":"https:\/\/www.purejewels.com\/de\/wp-json\/wp\/v2\/media?parent=4056"}],"wp:term":[{"taxonomy":"product_brand","embeddable":true,"href":"https:\/\/www.purejewels.com\/de\/wp-json\/wp\/v2\/product_brand?post=4056"},{"taxonomy":"product_cat","embeddable":true,"href":"https:\/\/www.purejewels.com\/de\/wp-json\/wp\/v2\/product_cat?post=4056"},{"taxonomy":"product_tag","embeddable":true,"href":"https:\/\/www.purejewels.com\/de\/wp-json\/wp\/v2\/product_tag?post=4056"}],"curies":[{"name":"wp","href":"https:\/\/api.w.org\/{rel}","templated":true}]}}