{"id":4060,"date":"2017-07-19T13:24:01","date_gmt":"2017-07-19T12:24:01","guid":{"rendered":"http:\/\/new.purejewels.com\/product\/textured-christian-bauer-wedding-ring-0273410\/"},"modified":"2020-12-21T17:55:20","modified_gmt":"2020-12-21T17:55:20","slug":"strukturierter-christian-bauer-trauring-0273410","status":"publish","type":"product","link":"https:\/\/www.purejewels.com\/de\/product\/textured-christian-bauer-wedding-ring-0273410\/","title":{"rendered":"Texturierter Christian Bauer Ehering"},"content":{"rendered":"<p>Wenn Sie auf der Suche nach etwas Zeitgen\u00f6ssischem sind, das ein wenig aus der Reihe tanzt, dann k\u00f6nnte dieser strukturierte Ehering f\u00fcr M\u00e4nner genau das Richtige sein.  Seine Herkunft k\u00f6nnte nicht besser sein: Er wurde von dem weltber\u00fchmten Team von <a href=\"https:\/\/www.purejewels.com\/de\/product-category\/wedding-rings-bands\/wedding-bands\/christian-bauer-brands\/\">Christian Bauer<\/a>.   Er hat die klassische D-Form mit einem besonderen Touch: Der Kratzereffekt verleiht ihm ein cooles Finish.   Hergestellt aus zuvor abgebauten, <a href=\"https:\/\/www.purejewels.com\/de\/product\/18ct-white-gold-diamond-ring-for-ladies-8775\/\">18 Karat Wei\u00dfgold<\/a>Er ist an den Kanten und an der Innenseite poliert, um einen schlanken, bequemen Sitz zu gew\u00e4hrleisten.  Wir denken, Christian Bauer Hochzeit <a href=\"https:\/\/www.purejewels.com\/de\/product-category\/22ct-gold-jewellery\/gold-rings\/\">Ringe<\/a> kann nicht \u00fcbertroffen werden - es gibt kein anderes Designlabel, dem wir Ihren Ring anvertrauen w\u00fcrden.  *Wir werden diesen Ring in Ihrer Gr\u00f6\u00dfe und Spezifikation bestellen.  Um das zu besprechen, \u00f6ffnen Sie bitte den Live Chat.<\/p>\n<ul>\n<li>Autorisierter Christian Bauer-Fachh\u00e4ndler<\/li>\n<li>Texturierter Christian Bauer Ehering - 273410<\/li>\n<li>Ausf\u00fchrung: Gekratzte Oberfl\u00e4che mit polierten Kanten<\/li>\n<li>Metall: <a href=\"https:\/\/www.purejewels.com\/de\/product\/18ct-white-gold-khanda-sikh-religious-pendant-6226\/\">18ct<\/a> Wei\u00dfgold<\/li>\n<li>Breite: 6 mm<\/li>\n<\/ul>\n<p>*\u00d6ffnen Sie den Live Chat, um zu bestellen.<\/p>\n<p>&nbsp;<\/p>\n<h2><strong>Zeitgen\u00f6ssische Klassiker - \u00fcber Christian Bauer Trauringe<br \/>\n<\/strong><\/h2>\n<p>Christian Bauer ist ein frisches und innovatives Designlabel.   Jedes Jahr \u00fcberrascht der deutsche Juwelier mit neuen Entw\u00fcrfen f\u00fcr Trauringe, die sich durch einzigartige Verarbeitungen, Akzente und Formen auszeichnen.  Aber uns interessiert mehr, was in der Werkstatt passiert.  Die Trauringe von Christian Bauer werden nicht am Flie\u00dfband produziert.  Sie werden von einem Team erfahrener Juweliere in m\u00fchevoller Kleinarbeit hergestellt.  Mit einer Mischung aus handwerklichen Techniken und modernen Maschinen bearbeitet das Team Ihren Ring St\u00fcck f\u00fcr St\u00fcck, um ihn zu formen, zu veredeln und zu polieren, bis er perfekt ist.  Auf der Innenseite des Rings ist die deutsche Tanne eingepr\u00e4gt, um Sie an die Liebe zu erinnern, die in ihn eingeflossen ist.<\/p>\n<p>&nbsp;<\/p>","protected":false},"excerpt":{"rendered":"<ul>\n<li>Autorisierter Christian Bauer-Fachh\u00e4ndler<\/li>\n<li>Texturierter Christian Bauer Ehering - 273410<\/li>\n<li>Ausf\u00fchrung: Gekratzte Oberfl\u00e4che mit polierten Kanten<\/li>\n<li>Metall: 18 Karat Wei\u00dfgold<\/li>\n<li>Breite: 6 mm<\/li>\n<\/ul>","protected":false},"featured_media":4061,"comment_status":"closed","ping_status":"closed","template":"","meta":{"_eb_attr":"","_crsspst_to_jayantr4sg-hostcom":false},"product_brand":[],"product_cat":[238,1572],"product_tag":[],"class_list":{"0":"post-4060","1":"product","2":"type-product","3":"status-publish","4":"has-post-thumbnail","6":"product_cat-christian-bauer-brands","7":"product_cat-mens-jewellery","9":"first","10":"outofstock","11":"taxable","12":"shipping-taxable","13":"product-type-simple","14":"add-to-wishlist-before_image"},"yoast_head":"<!-- This site is optimized with the Yoast SEO plugin v27.5 - https:\/\/yoast.com\/product\/yoast-seo-wordpress\/ -->\n<title>Textured Christian Bauer Wedding Ring - PureJewels<\/title>\n<meta name=\"robots\" content=\"index, follow, max-snippet:-1, max-image-preview:large, max-video-preview:-1\" \/>\n<link rel=\"canonical\" href=\"https:\/\/www.purejewels.com\/de\/produkt-2\/strukturierter-christian-bauer-trauring-0273410\/\" \/>\n<meta property=\"og:locale\" content=\"de_DE\" \/>\n<meta property=\"og:type\" content=\"article\" \/>\n<meta property=\"og:title\" content=\"Textured Christian Bauer Wedding Ring - PureJewels\" \/>\n<meta property=\"og:description\" content=\"Authorised Christian Bauer Stockist  Textured Christian Bauer Wedding Ring \u2013 273410  Finish: Scratched finish with polished edges  Metal: 18ct White Gold  Width: 6mm\" \/>\n<meta property=\"og:url\" content=\"https:\/\/www.purejewels.com\/de\/produkt-2\/strukturierter-christian-bauer-trauring-0273410\/\" \/>\n<meta property=\"og:site_name\" content=\"PureJewels UK\" \/>\n<meta property=\"article:modified_time\" content=\"2020-12-21T17:55:20+00:00\" \/>\n<meta property=\"og:image\" content=\"https:\/\/www.purejewels.com\/wp-content\/uploads\/2017\/07\/0273410_xl-2.jpg\" \/>\n\t<meta property=\"og:image:width\" content=\"960\" \/>\n\t<meta property=\"og:image:height\" content=\"960\" \/>\n\t<meta property=\"og:image:type\" content=\"image\/jpeg\" \/>\n<meta name=\"twitter:card\" content=\"summary_large_image\" \/>\n<meta name=\"twitter:label1\" content=\"Gesch\u00e4tzte Lesezeit\" \/>\n\t<meta name=\"twitter:data1\" content=\"1\u00a0Minute\" \/>\n<script type=\"application\/ld+json\" class=\"yoast-schema-graph\">{\"@context\":\"https:\\\/\\\/schema.org\",\"@graph\":[{\"@type\":[\"WebPage\",\"ItemPage\"],\"@id\":\"https:\\\/\\\/www.purejewels.com\\\/product\\\/textured-christian-bauer-wedding-ring-0273410\\\/\",\"url\":\"https:\\\/\\\/www.purejewels.com\\\/product\\\/textured-christian-bauer-wedding-ring-0273410\\\/\",\"name\":\"Textured Christian Bauer Wedding Ring - PureJewels\",\"isPartOf\":{\"@id\":\"https:\\\/\\\/www.purejewels.com\\\/#website\"},\"primaryImageOfPage\":{\"@id\":\"https:\\\/\\\/www.purejewels.com\\\/product\\\/textured-christian-bauer-wedding-ring-0273410\\\/#primaryimage\"},\"image\":{\"@id\":\"https:\\\/\\\/www.purejewels.com\\\/product\\\/textured-christian-bauer-wedding-ring-0273410\\\/#primaryimage\"},\"thumbnailUrl\":\"https:\\\/\\\/static.purejewels.com\\\/wp-content\\\/uploads\\\/2017\\\/07\\\/0273410_xl-2.jpg\",\"datePublished\":\"2017-07-19T12:24:01+00:00\",\"dateModified\":\"2020-12-21T17:55:20+00:00\",\"breadcrumb\":{\"@id\":\"https:\\\/\\\/www.purejewels.com\\\/product\\\/textured-christian-bauer-wedding-ring-0273410\\\/#breadcrumb\"},\"inLanguage\":\"de\",\"potentialAction\":[{\"@type\":\"ReadAction\",\"target\":[\"https:\\\/\\\/www.purejewels.com\\\/product\\\/textured-christian-bauer-wedding-ring-0273410\\\/\"]}]},{\"@type\":\"ImageObject\",\"inLanguage\":\"de\",\"@id\":\"https:\\\/\\\/www.purejewels.com\\\/product\\\/textured-christian-bauer-wedding-ring-0273410\\\/#primaryimage\",\"url\":\"https:\\\/\\\/static.purejewels.com\\\/wp-content\\\/uploads\\\/2017\\\/07\\\/0273410_xl-2.jpg\",\"contentUrl\":\"https:\\\/\\\/static.purejewels.com\\\/wp-content\\\/uploads\\\/2017\\\/07\\\/0273410_xl-2.jpg\",\"width\":960,\"height\":960,\"caption\":\"0273410_xl.jpg\"},{\"@type\":\"BreadcrumbList\",\"@id\":\"https:\\\/\\\/www.purejewels.com\\\/product\\\/textured-christian-bauer-wedding-ring-0273410\\\/#breadcrumb\",\"itemListElement\":[{\"@type\":\"ListItem\",\"position\":1,\"name\":\"Home\",\"item\":\"https:\\\/\\\/www.purejewels.com\\\/\"},{\"@type\":\"ListItem\",\"position\":2,\"name\":\"Shop\",\"item\":\"https:\\\/\\\/www.purejewels.com\\\/shop\\\/\"},{\"@type\":\"ListItem\",\"position\":3,\"name\":\"Textured Christian Bauer Wedding Band Ring\"}]},{\"@type\":\"WebSite\",\"@id\":\"https:\\\/\\\/www.purejewels.com\\\/#website\",\"url\":\"https:\\\/\\\/www.purejewels.com\\\/\",\"name\":\"PureJewels UK\",\"description\":\"Share the Love\",\"publisher\":{\"@id\":\"https:\\\/\\\/www.purejewels.com\\\/#organization\"},\"potentialAction\":[{\"@type\":\"SearchAction\",\"target\":{\"@type\":\"EntryPoint\",\"urlTemplate\":\"https:\\\/\\\/www.purejewels.com\\\/?s={search_term_string}\"},\"query-input\":{\"@type\":\"PropertyValueSpecification\",\"valueRequired\":true,\"valueName\":\"search_term_string\"}}],\"inLanguage\":\"de\"},{\"@type\":\"Organization\",\"@id\":\"https:\\\/\\\/www.purejewels.com\\\/#organization\",\"name\":\"PureJewels UK\",\"url\":\"https:\\\/\\\/www.purejewels.com\\\/\",\"logo\":{\"@type\":\"ImageObject\",\"inLanguage\":\"de\",\"@id\":\"https:\\\/\\\/www.purejewels.com\\\/#\\\/schema\\\/logo\\\/image\\\/\",\"url\":\"https:\\\/\\\/static.purejewels.com\\\/wp-content\\\/uploads\\\/2020\\\/11\\\/Logo-PJ-New-1.png\",\"contentUrl\":\"https:\\\/\\\/static.purejewels.com\\\/wp-content\\\/uploads\\\/2020\\\/11\\\/Logo-PJ-New-1.png\",\"width\":150,\"height\":80,\"caption\":\"PureJewels UK\"},\"image\":{\"@id\":\"https:\\\/\\\/www.purejewels.com\\\/#\\\/schema\\\/logo\\\/image\\\/\"}}]}<\/script>\n<!-- \/ Yoast SEO plugin. -->","yoast_head_json":{"title":"Texturierter Christian Bauer Ehering - PureJewels","robots":{"index":"index","follow":"follow","max-snippet":"max-snippet:-1","max-image-preview":"max-image-preview:large","max-video-preview":"max-video-preview:-1"},"canonical":"https:\/\/www.purejewels.com\/de\/produkt-2\/strukturierter-christian-bauer-trauring-0273410\/","og_locale":"de_DE","og_type":"article","og_title":"Textured Christian Bauer Wedding Ring - PureJewels","og_description":"Authorised Christian Bauer Stockist  Textured Christian Bauer Wedding Ring \u2013 273410  Finish: Scratched finish with polished edges  Metal: 18ct White Gold  Width: 6mm","og_url":"https:\/\/www.purejewels.com\/de\/produkt-2\/strukturierter-christian-bauer-trauring-0273410\/","og_site_name":"PureJewels UK","article_modified_time":"2020-12-21T17:55:20+00:00","og_image":[{"width":960,"height":960,"url":"https:\/\/www.purejewels.com\/wp-content\/uploads\/2017\/07\/0273410_xl-2.jpg","type":"image\/jpeg"}],"twitter_card":"summary_large_image","twitter_misc":{"Gesch\u00e4tzte Lesezeit":"1\u00a0Minute"},"schema":{"@context":"https:\/\/schema.org","@graph":[{"@type":["WebPage","ItemPage"],"@id":"https:\/\/www.purejewels.com\/product\/textured-christian-bauer-wedding-ring-0273410\/","url":"https:\/\/www.purejewels.com\/product\/textured-christian-bauer-wedding-ring-0273410\/","name":"Texturierter Christian Bauer Ehering - PureJewels","isPartOf":{"@id":"https:\/\/www.purejewels.com\/#website"},"primaryImageOfPage":{"@id":"https:\/\/www.purejewels.com\/product\/textured-christian-bauer-wedding-ring-0273410\/#primaryimage"},"image":{"@id":"https:\/\/www.purejewels.com\/product\/textured-christian-bauer-wedding-ring-0273410\/#primaryimage"},"thumbnailUrl":"https:\/\/static.purejewels.com\/wp-content\/uploads\/2017\/07\/0273410_xl-2.jpg","datePublished":"2017-07-19T12:24:01+00:00","dateModified":"2020-12-21T17:55:20+00:00","breadcrumb":{"@id":"https:\/\/www.purejewels.com\/product\/textured-christian-bauer-wedding-ring-0273410\/#breadcrumb"},"inLanguage":"de","potentialAction":[{"@type":"ReadAction","target":["https:\/\/www.purejewels.com\/product\/textured-christian-bauer-wedding-ring-0273410\/"]}]},{"@type":"ImageObject","inLanguage":"de","@id":"https:\/\/www.purejewels.com\/product\/textured-christian-bauer-wedding-ring-0273410\/#primaryimage","url":"https:\/\/static.purejewels.com\/wp-content\/uploads\/2017\/07\/0273410_xl-2.jpg","contentUrl":"https:\/\/static.purejewels.com\/wp-content\/uploads\/2017\/07\/0273410_xl-2.jpg","width":960,"height":960,"caption":"0273410_xl.jpg"},{"@type":"BreadcrumbList","@id":"https:\/\/www.purejewels.com\/product\/textured-christian-bauer-wedding-ring-0273410\/#breadcrumb","itemListElement":[{"@type":"ListItem","position":1,"name":"Home","item":"https:\/\/www.purejewels.com\/"},{"@type":"ListItem","position":2,"name":"Shop","item":"https:\/\/www.purejewels.com\/shop\/"},{"@type":"ListItem","position":3,"name":"Textured Christian Bauer Wedding Band Ring"}]},{"@type":"WebSite","@id":"https:\/\/www.purejewels.com\/#website","url":"https:\/\/www.purejewels.com\/","name":"PureJewels UK","description":"Teile die Liebe","publisher":{"@id":"https:\/\/www.purejewels.com\/#organization"},"potentialAction":[{"@type":"SearchAction","target":{"@type":"EntryPoint","urlTemplate":"https:\/\/www.purejewels.com\/?s={search_term_string}"},"query-input":{"@type":"PropertyValueSpecification","valueRequired":true,"valueName":"search_term_string"}}],"inLanguage":"de"},{"@type":"Organization","@id":"https:\/\/www.purejewels.com\/#organization","name":"PureJewels UK","url":"https:\/\/www.purejewels.com\/","logo":{"@type":"ImageObject","inLanguage":"de","@id":"https:\/\/www.purejewels.com\/#\/schema\/logo\/image\/","url":"https:\/\/static.purejewels.com\/wp-content\/uploads\/2020\/11\/Logo-PJ-New-1.png","contentUrl":"https:\/\/static.purejewels.com\/wp-content\/uploads\/2020\/11\/Logo-PJ-New-1.png","width":150,"height":80,"caption":"PureJewels UK"},"image":{"@id":"https:\/\/www.purejewels.com\/#\/schema\/logo\/image\/"}}]}},"_links":{"self":[{"href":"https:\/\/www.purejewels.com\/de\/wp-json\/wp\/v2\/product\/4060","targetHints":{"allow":["GET"]}}],"collection":[{"href":"https:\/\/www.purejewels.com\/de\/wp-json\/wp\/v2\/product"}],"about":[{"href":"https:\/\/www.purejewels.com\/de\/wp-json\/wp\/v2\/types\/product"}],"replies":[{"embeddable":true,"href":"https:\/\/www.purejewels.com\/de\/wp-json\/wp\/v2\/comments?post=4060"}],"version-history":[{"count":0,"href":"https:\/\/www.purejewels.com\/de\/wp-json\/wp\/v2\/product\/4060\/revisions"}],"wp:featuredmedia":[{"embeddable":true,"href":"https:\/\/www.purejewels.com\/de\/wp-json\/wp\/v2\/media\/4061"}],"wp:attachment":[{"href":"https:\/\/www.purejewels.com\/de\/wp-json\/wp\/v2\/media?parent=4060"}],"wp:term":[{"taxonomy":"product_brand","embeddable":true,"href":"https:\/\/www.purejewels.com\/de\/wp-json\/wp\/v2\/product_brand?post=4060"},{"taxonomy":"product_cat","embeddable":true,"href":"https:\/\/www.purejewels.com\/de\/wp-json\/wp\/v2\/product_cat?post=4060"},{"taxonomy":"product_tag","embeddable":true,"href":"https:\/\/www.purejewels.com\/de\/wp-json\/wp\/v2\/product_tag?post=4060"}],"curies":[{"name":"wp","href":"https:\/\/api.w.org\/{rel}","templated":true}]}}