{"id":4062,"date":"2017-07-19T13:24:03","date_gmt":"2017-07-19T12:24:03","guid":{"rendered":"http:\/\/new.purejewels.com\/product\/christian-bauer-wedding-ring-0274030\/"},"modified":"2020-12-21T17:54:21","modified_gmt":"2020-12-21T17:54:21","slug":"christian-bauer-trauring-0274030","status":"publish","type":"product","link":"https:\/\/www.purejewels.com\/de\/product\/christian-bauer-wedding-ring-0274030\/","title":{"rendered":"Christian Bauer Ehering Ring"},"content":{"rendered":"<h2>Christian Bauer Ehering<\/h2>\n<p>Wenn Ihr Stil klassisch, aber individuell ist, dann werden Sie das hier lieben: ein auff\u00e4lliger <a href=\"https:\/\/www.purejewels.com\/de\/product-category\/wedding-rings-bands\/wedding-bands\/christian-bauer-brands\/\">Christian Bauer<\/a> Ehering mit einem polierten Kontrast.  Er wurde in Handarbeit gefertigt <a href=\"https:\/\/www.purejewels.com\/de\/product\/18ct-white-gold-diamond-ring-for-ladies-8775\/\">18 Karat Wei\u00dfgold<\/a> von den Kunsthandwerkern von Christian Bauer.  Der Ring ist an den R\u00e4ndern matt geb\u00fcrstet und wird von einer doppelt abgeschr\u00e4gten Rille begrenzt.  Er ist eine sch\u00f6ne Wahl, schlicht und auffallend, und l\u00e4sst sich leicht zu allem tragen (was Sie nat\u00fcrlich jetzt tun m\u00fcssen).  Es ist eine Entscheidung, die Sie sehr ernst nehmen sollten - also definieren Sie Ihr Engagement mit Raffinesse.<\/p>\n<ul>\n<li>Autorisierter Christian Bauer UK-Fachh\u00e4ndler in London<\/li>\n<li>Christian Bauer Ehering - 0274030<\/li>\n<li>Ausf\u00fchrung: Mattierte Kanten und polierte Mitte<\/li>\n<li>Metall: <a href=\"https:\/\/www.purejewels.com\/de\/product\/18ct-white-gold-khanda-sikh-religious-pendant-6226\/\">18ct<\/a> Wei\u00dfgold<\/li>\n<li>Abgebildete Fingergr\u00f6\u00dfe: S<\/li>\n<li>Breite: 6 mm<\/li>\n<\/ul>\n<p>&nbsp;<\/p>\n<h2><strong>Jede Trauringe von Christian Bauer ist etwas Besonderes.<\/strong><\/h2>\n<p>Nicht nur, weil es mit gutem Gewissen hergestellt wurde - aus zuvor abgebauten Metallen und mit aufbereitetem Regenwasser gewaschen.<\/p>\n<p>Nicht nur, weil es durch viele fachkundige H\u00e4nde gegangen ist, weil es geformt, geschliffen, geb\u00fcrstet, poliert und bearbeitet wurde.<\/p>\n<p>Nicht nur, weil er den deutschen Tannenbaum-Stempel tr\u00e4gt, der seine exklusive Herkunft kennzeichnet (ein Qualit\u00e4tsmerkmal, das zeigt, dass es sich um einen authentischen Christian Bauer Trauring handelt).<\/p>\n<p>Und das nicht nur, weil er erstaunlich bequem ist und dem Finger schmeichelt.<\/p>\n<p>Denn es ist dabei, Ihr lebenslanger Begleiter zu werden.<\/p>","protected":false},"excerpt":{"rendered":"<p>Christian Bauer Ehering Wenn Ihr Stil klassisch, aber individuell ist, dann werden Sie diesen Ring lieben: ein auff\u00e4lliger Christian Bauer Ehering<\/p>","protected":false},"featured_media":315603,"comment_status":"open","ping_status":"closed","template":"","meta":{"_eb_attr":"","_crsspst_to_jayantr4sg-hostcom":false},"product_brand":[],"product_cat":[238,236,1229,229],"product_tag":[],"class_list":{"0":"post-4062","1":"product","2":"type-product","3":"status-publish","4":"has-post-thumbnail","6":"product_cat-christian-bauer-brands","7":"product_cat-collections","8":"product_cat-22ct-gold-jewellery","9":"product_cat-wedding-bands","11":"first","12":"outofstock","13":"taxable","14":"shipping-taxable","15":"product-type-simple","16":"add-to-wishlist-before_image"},"yoast_head":"<!-- This site is optimized with the Yoast SEO plugin v27.5 - https:\/\/yoast.com\/product\/yoast-seo-wordpress\/ -->\n<title>Christian Bauer Wedding Ring - 0274030 - PureJewels.com<\/title>\n<meta name=\"robots\" content=\"index, follow, max-snippet:-1, max-image-preview:large, max-video-preview:-1\" \/>\n<link rel=\"canonical\" href=\"https:\/\/www.purejewels.com\/de\/produkt-2\/christian-bauer-trauring-0274030\/\" \/>\n<meta property=\"og:locale\" content=\"de_DE\" \/>\n<meta property=\"og:type\" content=\"article\" \/>\n<meta property=\"og:title\" content=\"Christian Bauer Wedding Ring - 0274030 - PureJewels.com\" \/>\n<meta property=\"og:description\" content=\"Christian Bauer Wedding Ring If your style is classic but individual, then you\u2019ll love this: an eye-catching Christian Bauer wedding\" \/>\n<meta property=\"og:url\" content=\"https:\/\/www.purejewels.com\/de\/produkt-2\/christian-bauer-trauring-0274030\/\" \/>\n<meta property=\"og:site_name\" content=\"PureJewels UK\" \/>\n<meta property=\"article:modified_time\" content=\"2020-12-21T17:54:21+00:00\" \/>\n<meta property=\"og:image\" content=\"https:\/\/www.purejewels.com\/wp-content\/uploads\/2020\/07\/137217280.jpg\" \/>\n\t<meta property=\"og:image:width\" content=\"960\" \/>\n\t<meta property=\"og:image:height\" content=\"960\" \/>\n\t<meta property=\"og:image:type\" content=\"image\/jpeg\" \/>\n<meta name=\"twitter:card\" content=\"summary_large_image\" \/>\n<meta name=\"twitter:label1\" content=\"Gesch\u00e4tzte Lesezeit\" \/>\n\t<meta name=\"twitter:data1\" content=\"1\u00a0Minute\" \/>\n<script type=\"application\/ld+json\" class=\"yoast-schema-graph\">{\"@context\":\"https:\\\/\\\/schema.org\",\"@graph\":[{\"@type\":[\"WebPage\",\"ItemPage\"],\"@id\":\"https:\\\/\\\/www.purejewels.com\\\/product\\\/christian-bauer-wedding-ring-0274030\\\/\",\"url\":\"https:\\\/\\\/www.purejewels.com\\\/product\\\/christian-bauer-wedding-ring-0274030\\\/\",\"name\":\"Christian Bauer Wedding Ring - 0274030 - PureJewels.com\",\"isPartOf\":{\"@id\":\"https:\\\/\\\/www.purejewels.com\\\/#website\"},\"primaryImageOfPage\":{\"@id\":\"https:\\\/\\\/www.purejewels.com\\\/product\\\/christian-bauer-wedding-ring-0274030\\\/#primaryimage\"},\"image\":{\"@id\":\"https:\\\/\\\/www.purejewels.com\\\/product\\\/christian-bauer-wedding-ring-0274030\\\/#primaryimage\"},\"thumbnailUrl\":\"https:\\\/\\\/static.purejewels.com\\\/wp-content\\\/uploads\\\/2020\\\/07\\\/137217280.jpg\",\"datePublished\":\"2017-07-19T12:24:03+00:00\",\"dateModified\":\"2020-12-21T17:54:21+00:00\",\"breadcrumb\":{\"@id\":\"https:\\\/\\\/www.purejewels.com\\\/product\\\/christian-bauer-wedding-ring-0274030\\\/#breadcrumb\"},\"inLanguage\":\"de\",\"potentialAction\":[{\"@type\":\"ReadAction\",\"target\":[\"https:\\\/\\\/www.purejewels.com\\\/product\\\/christian-bauer-wedding-ring-0274030\\\/\"]}]},{\"@type\":\"ImageObject\",\"inLanguage\":\"de\",\"@id\":\"https:\\\/\\\/www.purejewels.com\\\/product\\\/christian-bauer-wedding-ring-0274030\\\/#primaryimage\",\"url\":\"https:\\\/\\\/static.purejewels.com\\\/wp-content\\\/uploads\\\/2020\\\/07\\\/137217280.jpg\",\"contentUrl\":\"https:\\\/\\\/static.purejewels.com\\\/wp-content\\\/uploads\\\/2020\\\/07\\\/137217280.jpg\",\"width\":960,\"height\":960},{\"@type\":\"BreadcrumbList\",\"@id\":\"https:\\\/\\\/www.purejewels.com\\\/product\\\/christian-bauer-wedding-ring-0274030\\\/#breadcrumb\",\"itemListElement\":[{\"@type\":\"ListItem\",\"position\":1,\"name\":\"Home\",\"item\":\"https:\\\/\\\/www.purejewels.com\\\/\"},{\"@type\":\"ListItem\",\"position\":2,\"name\":\"Shop\",\"item\":\"https:\\\/\\\/www.purejewels.com\\\/shop\\\/\"},{\"@type\":\"ListItem\",\"position\":3,\"name\":\"Christian Bauer Wedding Band Ring\"}]},{\"@type\":\"WebSite\",\"@id\":\"https:\\\/\\\/www.purejewels.com\\\/#website\",\"url\":\"https:\\\/\\\/www.purejewels.com\\\/\",\"name\":\"PureJewels UK\",\"description\":\"Share the Love\",\"publisher\":{\"@id\":\"https:\\\/\\\/www.purejewels.com\\\/#organization\"},\"potentialAction\":[{\"@type\":\"SearchAction\",\"target\":{\"@type\":\"EntryPoint\",\"urlTemplate\":\"https:\\\/\\\/www.purejewels.com\\\/?s={search_term_string}\"},\"query-input\":{\"@type\":\"PropertyValueSpecification\",\"valueRequired\":true,\"valueName\":\"search_term_string\"}}],\"inLanguage\":\"de\"},{\"@type\":\"Organization\",\"@id\":\"https:\\\/\\\/www.purejewels.com\\\/#organization\",\"name\":\"PureJewels UK\",\"url\":\"https:\\\/\\\/www.purejewels.com\\\/\",\"logo\":{\"@type\":\"ImageObject\",\"inLanguage\":\"de\",\"@id\":\"https:\\\/\\\/www.purejewels.com\\\/#\\\/schema\\\/logo\\\/image\\\/\",\"url\":\"https:\\\/\\\/static.purejewels.com\\\/wp-content\\\/uploads\\\/2020\\\/11\\\/Logo-PJ-New-1.png\",\"contentUrl\":\"https:\\\/\\\/static.purejewels.com\\\/wp-content\\\/uploads\\\/2020\\\/11\\\/Logo-PJ-New-1.png\",\"width\":150,\"height\":80,\"caption\":\"PureJewels UK\"},\"image\":{\"@id\":\"https:\\\/\\\/www.purejewels.com\\\/#\\\/schema\\\/logo\\\/image\\\/\"}}]}<\/script>\n<!-- \/ Yoast SEO plugin. -->","yoast_head_json":{"title":"Christian Bauer Ehering - 0274030 - PureJewels.com","robots":{"index":"index","follow":"follow","max-snippet":"max-snippet:-1","max-image-preview":"max-image-preview:large","max-video-preview":"max-video-preview:-1"},"canonical":"https:\/\/www.purejewels.com\/de\/produkt-2\/christian-bauer-trauring-0274030\/","og_locale":"de_DE","og_type":"article","og_title":"Christian Bauer Wedding Ring - 0274030 - PureJewels.com","og_description":"Christian Bauer Wedding Ring If your style is classic but individual, then you\u2019ll love this: an eye-catching Christian Bauer wedding","og_url":"https:\/\/www.purejewels.com\/de\/produkt-2\/christian-bauer-trauring-0274030\/","og_site_name":"PureJewels UK","article_modified_time":"2020-12-21T17:54:21+00:00","og_image":[{"width":960,"height":960,"url":"https:\/\/www.purejewels.com\/wp-content\/uploads\/2020\/07\/137217280.jpg","type":"image\/jpeg"}],"twitter_card":"summary_large_image","twitter_misc":{"Gesch\u00e4tzte Lesezeit":"1\u00a0Minute"},"schema":{"@context":"https:\/\/schema.org","@graph":[{"@type":["WebPage","ItemPage"],"@id":"https:\/\/www.purejewels.com\/product\/christian-bauer-wedding-ring-0274030\/","url":"https:\/\/www.purejewels.com\/product\/christian-bauer-wedding-ring-0274030\/","name":"Christian Bauer Ehering - 0274030 - PureJewels.com","isPartOf":{"@id":"https:\/\/www.purejewels.com\/#website"},"primaryImageOfPage":{"@id":"https:\/\/www.purejewels.com\/product\/christian-bauer-wedding-ring-0274030\/#primaryimage"},"image":{"@id":"https:\/\/www.purejewels.com\/product\/christian-bauer-wedding-ring-0274030\/#primaryimage"},"thumbnailUrl":"https:\/\/static.purejewels.com\/wp-content\/uploads\/2020\/07\/137217280.jpg","datePublished":"2017-07-19T12:24:03+00:00","dateModified":"2020-12-21T17:54:21+00:00","breadcrumb":{"@id":"https:\/\/www.purejewels.com\/product\/christian-bauer-wedding-ring-0274030\/#breadcrumb"},"inLanguage":"de","potentialAction":[{"@type":"ReadAction","target":["https:\/\/www.purejewels.com\/product\/christian-bauer-wedding-ring-0274030\/"]}]},{"@type":"ImageObject","inLanguage":"de","@id":"https:\/\/www.purejewels.com\/product\/christian-bauer-wedding-ring-0274030\/#primaryimage","url":"https:\/\/static.purejewels.com\/wp-content\/uploads\/2020\/07\/137217280.jpg","contentUrl":"https:\/\/static.purejewels.com\/wp-content\/uploads\/2020\/07\/137217280.jpg","width":960,"height":960},{"@type":"BreadcrumbList","@id":"https:\/\/www.purejewels.com\/product\/christian-bauer-wedding-ring-0274030\/#breadcrumb","itemListElement":[{"@type":"ListItem","position":1,"name":"Home","item":"https:\/\/www.purejewels.com\/"},{"@type":"ListItem","position":2,"name":"Shop","item":"https:\/\/www.purejewels.com\/shop\/"},{"@type":"ListItem","position":3,"name":"Christian Bauer Wedding Band Ring"}]},{"@type":"WebSite","@id":"https:\/\/www.purejewels.com\/#website","url":"https:\/\/www.purejewels.com\/","name":"PureJewels UK","description":"Teile die Liebe","publisher":{"@id":"https:\/\/www.purejewels.com\/#organization"},"potentialAction":[{"@type":"SearchAction","target":{"@type":"EntryPoint","urlTemplate":"https:\/\/www.purejewels.com\/?s={search_term_string}"},"query-input":{"@type":"PropertyValueSpecification","valueRequired":true,"valueName":"search_term_string"}}],"inLanguage":"de"},{"@type":"Organization","@id":"https:\/\/www.purejewels.com\/#organization","name":"PureJewels UK","url":"https:\/\/www.purejewels.com\/","logo":{"@type":"ImageObject","inLanguage":"de","@id":"https:\/\/www.purejewels.com\/#\/schema\/logo\/image\/","url":"https:\/\/static.purejewels.com\/wp-content\/uploads\/2020\/11\/Logo-PJ-New-1.png","contentUrl":"https:\/\/static.purejewels.com\/wp-content\/uploads\/2020\/11\/Logo-PJ-New-1.png","width":150,"height":80,"caption":"PureJewels UK"},"image":{"@id":"https:\/\/www.purejewels.com\/#\/schema\/logo\/image\/"}}]}},"_links":{"self":[{"href":"https:\/\/www.purejewels.com\/de\/wp-json\/wp\/v2\/product\/4062","targetHints":{"allow":["GET"]}}],"collection":[{"href":"https:\/\/www.purejewels.com\/de\/wp-json\/wp\/v2\/product"}],"about":[{"href":"https:\/\/www.purejewels.com\/de\/wp-json\/wp\/v2\/types\/product"}],"replies":[{"embeddable":true,"href":"https:\/\/www.purejewels.com\/de\/wp-json\/wp\/v2\/comments?post=4062"}],"version-history":[{"count":0,"href":"https:\/\/www.purejewels.com\/de\/wp-json\/wp\/v2\/product\/4062\/revisions"}],"wp:featuredmedia":[{"embeddable":true,"href":"https:\/\/www.purejewels.com\/de\/wp-json\/wp\/v2\/media\/315603"}],"wp:attachment":[{"href":"https:\/\/www.purejewels.com\/de\/wp-json\/wp\/v2\/media?parent=4062"}],"wp:term":[{"taxonomy":"product_brand","embeddable":true,"href":"https:\/\/www.purejewels.com\/de\/wp-json\/wp\/v2\/product_brand?post=4062"},{"taxonomy":"product_cat","embeddable":true,"href":"https:\/\/www.purejewels.com\/de\/wp-json\/wp\/v2\/product_cat?post=4062"},{"taxonomy":"product_tag","embeddable":true,"href":"https:\/\/www.purejewels.com\/de\/wp-json\/wp\/v2\/product_tag?post=4062"}],"curies":[{"name":"wp","href":"https:\/\/api.w.org\/{rel}","templated":true}]}}