{"id":406300,"date":"2025-06-22T07:08:58","date_gmt":"2025-06-22T06:08:58","guid":{"rendered":"https:\/\/www.purejewels.com\/?post_type=product&#038;p=406300"},"modified":"2026-02-13T12:44:31","modified_gmt":"2026-02-13T12:44:31","slug":"strahlendes-duo-perlenarmband-aus-22k-gold-51822","status":"publish","type":"product","link":"https:\/\/www.purejewels.com\/de\/product\/radiance-duo-bead-bracelet-in-22k-gold-51822\/","title":{"rendered":"Radiance Duo Perlenarmband aus 22k Gold"},"content":{"rendered":"<p data-start=\"705\" data-end=\"1254\">Dieses 22-kar\u00e4tige Gelbgold-Perlenarmband ist ein zeitloses Accessoire f\u00fcr moderne Frauen, die subtile Eleganz sch\u00e4tzen. Mit einer L\u00e4nge von 6 Zoll bietet es eine raffinierte Komposition aus abwechselnden Gelbgoldperlen und schimmernden, wei\u00df rhodinierten Elementen, die Kontrast und Charme verleihen. Die handgefertigten Strukturen und die glatte Oberfl\u00e4che spiegeln handwerkliches Geschick wider und machen sie zu einem idealen Begleiter f\u00fcr den Alltag, f\u00fcr Lagenlooks oder als bedeutungsvolles Geschenk. Mit einem stabilen Verschluss gesichert, bietet sie sowohl Komfort als auch Haltbarkeit in einer zarten Form.<\/p>\n<p data-start=\"1256\" data-end=\"1358\">Entdecken Sie mehr aus unserer Kollektion von Goldarmb\u00e4ndern f\u00fcr Damen, die f\u00fcr Sch\u00f6nheit, Bedeutung und Langlebigkeit stehen.<\/p>","protected":false},"excerpt":{"rendered":"<p>Dieses Armband aus 22-kar\u00e4tigem Gelbgold ist eine strahlende Mischung aus Tradition und Finesse. Es besteht aus abwechselnd polierten und strukturierten Perlen mit zarten wei\u00dfen Rhodium-Akzenten. Mit einer perfekten Gr\u00f6\u00dfe von 6 Zoll ist es ideal f\u00fcr die Eleganz des Alltags.<\/p>\n<p><strong>Material:<\/strong>\u00a022ct Gold<strong><br \/>\nWahrzeichen:\u00a0<\/strong>Britisches G\u00fctesiegel<strong><br \/>\n<\/strong><strong>Bruttogewicht: <\/strong>7.1Gms<br \/>\n<strong>L\u00e4nge:<\/strong> 6 Zoll<br \/>\n<strong>SKU:<\/strong> 51822<\/p>\n<p><strong>Preis und Lieferung<\/strong>: Inklusive Mehrwertsteuer und Lieferkosten<br \/>\n<a href=\"https:\/\/www.purejewels.com\/de\/ruckgabepolitik\/\">R\u00fcckgabepolitik<\/a><\/p>","protected":false},"featured_media":406301,"comment_status":"closed","ping_status":"closed","template":"","meta":{"_eb_attr":"","_crsspst_to_jayantr4sg-hostcom":true},"product_brand":[],"product_cat":[5441,1559,1794,1793,6059,1790,1324,1627,1229,1575,1569,1574,5349],"product_tag":[],"class_list":{"0":"post-406300","1":"product","2":"type-product","3":"status-publish","4":"has-post-thumbnail","6":"product_cat-gold-bead-bracelets","7":"product_cat-birthday-gifts","8":"product_cat-christmas-gifts","9":"product_cat-diwali-gifts","10":"product_cat-fancy-bracelet","11":"product_cat-for-whom-when","12":"product_cat-gold-bracelet","13":"product_cat-ladies-bracelet","14":"product_cat-22ct-gold-jewellery","15":"product_cat-teenage-jewellery","16":"product_cat-valentine-day-gifts","17":"product_cat-womens-jewellery","18":"product_cat-yellow-gold-jewellery","20":"first","21":"instock","22":"taxable","23":"shipping-taxable","24":"purchasable","25":"product-type-simple","26":"add-to-wishlist-before_image"},"yoast_head":"<!-- This site is optimized with the Yoast SEO plugin v27.4 - https:\/\/yoast.com\/product\/yoast-seo-wordpress\/ -->\n<title>22k Yellow Gold Bead Bracelet | 6-Inch Women\u2019s Gold Bracelet<\/title>\n<meta name=\"description\" content=\"Explore our handcrafted 22k gold bead bracelet, featuring textured yellow and white gold elements. Ideal for daily wear or gifting, now available in a 6-inch length.\" \/>\n<meta name=\"robots\" content=\"index, follow, max-snippet:-1, max-image-preview:large, max-video-preview:-1\" \/>\n<link rel=\"canonical\" href=\"https:\/\/www.purejewels.com\/de\/produkt-2\/strahlendes-duo-perlenarmband-aus-22k-gold-51822\/\" \/>\n<meta property=\"og:locale\" content=\"de_DE\" \/>\n<meta property=\"og:type\" content=\"article\" \/>\n<meta property=\"og:title\" content=\"22k Yellow Gold Bead Bracelet | 6-Inch Women\u2019s Gold Bracelet\" \/>\n<meta property=\"og:description\" content=\"Explore our handcrafted 22k gold bead bracelet, featuring textured yellow and white gold elements. Ideal for daily wear or gifting, now available in a 6-inch length.\" \/>\n<meta property=\"og:url\" content=\"https:\/\/www.purejewels.com\/de\/produkt-2\/strahlendes-duo-perlenarmband-aus-22k-gold-51822\/\" \/>\n<meta property=\"og:site_name\" content=\"PureJewels UK\" \/>\n<meta property=\"article:modified_time\" content=\"2026-02-13T12:44:31+00:00\" \/>\n<meta property=\"og:image\" content=\"https:\/\/static.purejewels.com\/wp-content\/uploads\/2025\/07\/SKU-51822.jpg\" \/>\n\t<meta property=\"og:image:width\" content=\"1000\" \/>\n\t<meta property=\"og:image:height\" content=\"1000\" \/>\n\t<meta property=\"og:image:type\" content=\"image\/jpeg\" \/>\n<meta name=\"twitter:card\" content=\"summary_large_image\" \/>\n<meta name=\"twitter:label1\" content=\"Gesch\u00e4tzte Lesezeit\" \/>\n\t<meta name=\"twitter:data1\" content=\"1\u00a0Minute\" \/>\n<script type=\"application\/ld+json\" class=\"yoast-schema-graph\">{\"@context\":\"https:\\\/\\\/schema.org\",\"@graph\":[{\"@type\":[\"WebPage\",\"ItemPage\"],\"@id\":\"https:\\\/\\\/www.purejewels.com\\\/product\\\/radiance-duo-bead-bracelet-in-22k-gold-51822\\\/\",\"url\":\"https:\\\/\\\/www.purejewels.com\\\/product\\\/radiance-duo-bead-bracelet-in-22k-gold-51822\\\/\",\"name\":\"22k Yellow Gold Bead Bracelet | 6-Inch Women\u2019s Gold Bracelet\",\"isPartOf\":{\"@id\":\"https:\\\/\\\/www.purejewels.com\\\/#website\"},\"primaryImageOfPage\":{\"@id\":\"https:\\\/\\\/www.purejewels.com\\\/product\\\/radiance-duo-bead-bracelet-in-22k-gold-51822\\\/#primaryimage\"},\"image\":{\"@id\":\"https:\\\/\\\/www.purejewels.com\\\/product\\\/radiance-duo-bead-bracelet-in-22k-gold-51822\\\/#primaryimage\"},\"thumbnailUrl\":\"https:\\\/\\\/static.purejewels.com\\\/wp-content\\\/uploads\\\/2025\\\/07\\\/SKU-51822.jpg\",\"datePublished\":\"2025-06-22T06:08:58+00:00\",\"dateModified\":\"2026-02-13T12:44:31+00:00\",\"description\":\"Explore our handcrafted 22k gold bead bracelet, featuring textured yellow and white gold elements. Ideal for daily wear or gifting, now available in a 6-inch length.\",\"breadcrumb\":{\"@id\":\"https:\\\/\\\/www.purejewels.com\\\/product\\\/radiance-duo-bead-bracelet-in-22k-gold-51822\\\/#breadcrumb\"},\"inLanguage\":\"de\",\"potentialAction\":[{\"@type\":\"ReadAction\",\"target\":[\"https:\\\/\\\/www.purejewels.com\\\/product\\\/radiance-duo-bead-bracelet-in-22k-gold-51822\\\/\"]}]},{\"@type\":\"ImageObject\",\"inLanguage\":\"de\",\"@id\":\"https:\\\/\\\/www.purejewels.com\\\/product\\\/radiance-duo-bead-bracelet-in-22k-gold-51822\\\/#primaryimage\",\"url\":\"https:\\\/\\\/static.purejewels.com\\\/wp-content\\\/uploads\\\/2025\\\/07\\\/SKU-51822.jpg\",\"contentUrl\":\"https:\\\/\\\/static.purejewels.com\\\/wp-content\\\/uploads\\\/2025\\\/07\\\/SKU-51822.jpg\",\"width\":1000,\"height\":1000,\"caption\":\"51822\"},{\"@type\":\"BreadcrumbList\",\"@id\":\"https:\\\/\\\/www.purejewels.com\\\/product\\\/radiance-duo-bead-bracelet-in-22k-gold-51822\\\/#breadcrumb\",\"itemListElement\":[{\"@type\":\"ListItem\",\"position\":1,\"name\":\"Home\",\"item\":\"https:\\\/\\\/www.purejewels.com\\\/\"},{\"@type\":\"ListItem\",\"position\":2,\"name\":\"Shop\",\"item\":\"https:\\\/\\\/www.purejewels.com\\\/shop\\\/\"},{\"@type\":\"ListItem\",\"position\":3,\"name\":\"Radiance Duo Bead Bracelet in 22k Gold\"}]},{\"@type\":\"WebSite\",\"@id\":\"https:\\\/\\\/www.purejewels.com\\\/#website\",\"url\":\"https:\\\/\\\/www.purejewels.com\\\/\",\"name\":\"PureJewels UK\",\"description\":\"Share the Love\",\"publisher\":{\"@id\":\"https:\\\/\\\/www.purejewels.com\\\/#organization\"},\"potentialAction\":[{\"@type\":\"SearchAction\",\"target\":{\"@type\":\"EntryPoint\",\"urlTemplate\":\"https:\\\/\\\/www.purejewels.com\\\/?s={search_term_string}\"},\"query-input\":{\"@type\":\"PropertyValueSpecification\",\"valueRequired\":true,\"valueName\":\"search_term_string\"}}],\"inLanguage\":\"de\"},{\"@type\":\"Organization\",\"@id\":\"https:\\\/\\\/www.purejewels.com\\\/#organization\",\"name\":\"PureJewels UK\",\"url\":\"https:\\\/\\\/www.purejewels.com\\\/\",\"logo\":{\"@type\":\"ImageObject\",\"inLanguage\":\"de\",\"@id\":\"https:\\\/\\\/www.purejewels.com\\\/#\\\/schema\\\/logo\\\/image\\\/\",\"url\":\"https:\\\/\\\/static.purejewels.com\\\/wp-content\\\/uploads\\\/2020\\\/11\\\/Logo-PJ-New-1.png\",\"contentUrl\":\"https:\\\/\\\/static.purejewels.com\\\/wp-content\\\/uploads\\\/2020\\\/11\\\/Logo-PJ-New-1.png\",\"width\":150,\"height\":80,\"caption\":\"PureJewels UK\"},\"image\":{\"@id\":\"https:\\\/\\\/www.purejewels.com\\\/#\\\/schema\\\/logo\\\/image\\\/\"}}]}<\/script>\n<!-- \/ Yoast SEO plugin. -->","yoast_head_json":{"title":"22k Gelbgold Perlenarmband | 6-Zoll Damen Goldarmband","description":"Entdecken Sie unser handgefertigtes 22-kar\u00e4tiges Goldperlenarmband mit strukturierten Gelb- und Wei\u00dfgold-Elementen. Ideal f\u00fcr den t\u00e4glichen Gebrauch oder zum Verschenken, jetzt auch in einer L\u00e4nge von 6 Zoll erh\u00e4ltlich.","robots":{"index":"index","follow":"follow","max-snippet":"max-snippet:-1","max-image-preview":"max-image-preview:large","max-video-preview":"max-video-preview:-1"},"canonical":"https:\/\/www.purejewels.com\/de\/produkt-2\/strahlendes-duo-perlenarmband-aus-22k-gold-51822\/","og_locale":"de_DE","og_type":"article","og_title":"22k Yellow Gold Bead Bracelet | 6-Inch Women\u2019s Gold Bracelet","og_description":"Explore our handcrafted 22k gold bead bracelet, featuring textured yellow and white gold elements. Ideal for daily wear or gifting, now available in a 6-inch length.","og_url":"https:\/\/www.purejewels.com\/de\/produkt-2\/strahlendes-duo-perlenarmband-aus-22k-gold-51822\/","og_site_name":"PureJewels UK","article_modified_time":"2026-02-13T12:44:31+00:00","og_image":[{"width":1000,"height":1000,"url":"https:\/\/static.purejewels.com\/wp-content\/uploads\/2025\/07\/SKU-51822.jpg","type":"image\/jpeg"}],"twitter_card":"summary_large_image","twitter_misc":{"Gesch\u00e4tzte Lesezeit":"1\u00a0Minute"},"schema":{"@context":"https:\/\/schema.org","@graph":[{"@type":["WebPage","ItemPage"],"@id":"https:\/\/www.purejewels.com\/product\/radiance-duo-bead-bracelet-in-22k-gold-51822\/","url":"https:\/\/www.purejewels.com\/product\/radiance-duo-bead-bracelet-in-22k-gold-51822\/","name":"22k Gelbgold Perlenarmband | 6-Zoll Damen Goldarmband","isPartOf":{"@id":"https:\/\/www.purejewels.com\/#website"},"primaryImageOfPage":{"@id":"https:\/\/www.purejewels.com\/product\/radiance-duo-bead-bracelet-in-22k-gold-51822\/#primaryimage"},"image":{"@id":"https:\/\/www.purejewels.com\/product\/radiance-duo-bead-bracelet-in-22k-gold-51822\/#primaryimage"},"thumbnailUrl":"https:\/\/static.purejewels.com\/wp-content\/uploads\/2025\/07\/SKU-51822.jpg","datePublished":"2025-06-22T06:08:58+00:00","dateModified":"2026-02-13T12:44:31+00:00","description":"Entdecken Sie unser handgefertigtes 22-kar\u00e4tiges Goldperlenarmband mit strukturierten Gelb- und Wei\u00dfgold-Elementen. Ideal f\u00fcr den t\u00e4glichen Gebrauch oder zum Verschenken, jetzt auch in einer L\u00e4nge von 6 Zoll erh\u00e4ltlich.","breadcrumb":{"@id":"https:\/\/www.purejewels.com\/product\/radiance-duo-bead-bracelet-in-22k-gold-51822\/#breadcrumb"},"inLanguage":"de","potentialAction":[{"@type":"ReadAction","target":["https:\/\/www.purejewels.com\/product\/radiance-duo-bead-bracelet-in-22k-gold-51822\/"]}]},{"@type":"ImageObject","inLanguage":"de","@id":"https:\/\/www.purejewels.com\/product\/radiance-duo-bead-bracelet-in-22k-gold-51822\/#primaryimage","url":"https:\/\/static.purejewels.com\/wp-content\/uploads\/2025\/07\/SKU-51822.jpg","contentUrl":"https:\/\/static.purejewels.com\/wp-content\/uploads\/2025\/07\/SKU-51822.jpg","width":1000,"height":1000,"caption":"51822"},{"@type":"BreadcrumbList","@id":"https:\/\/www.purejewels.com\/product\/radiance-duo-bead-bracelet-in-22k-gold-51822\/#breadcrumb","itemListElement":[{"@type":"ListItem","position":1,"name":"Home","item":"https:\/\/www.purejewels.com\/"},{"@type":"ListItem","position":2,"name":"Shop","item":"https:\/\/www.purejewels.com\/shop\/"},{"@type":"ListItem","position":3,"name":"Radiance Duo Bead Bracelet in 22k Gold"}]},{"@type":"WebSite","@id":"https:\/\/www.purejewels.com\/#website","url":"https:\/\/www.purejewels.com\/","name":"PureJewels UK","description":"Teile die Liebe","publisher":{"@id":"https:\/\/www.purejewels.com\/#organization"},"potentialAction":[{"@type":"SearchAction","target":{"@type":"EntryPoint","urlTemplate":"https:\/\/www.purejewels.com\/?s={search_term_string}"},"query-input":{"@type":"PropertyValueSpecification","valueRequired":true,"valueName":"search_term_string"}}],"inLanguage":"de"},{"@type":"Organization","@id":"https:\/\/www.purejewels.com\/#organization","name":"PureJewels UK","url":"https:\/\/www.purejewels.com\/","logo":{"@type":"ImageObject","inLanguage":"de","@id":"https:\/\/www.purejewels.com\/#\/schema\/logo\/image\/","url":"https:\/\/static.purejewels.com\/wp-content\/uploads\/2020\/11\/Logo-PJ-New-1.png","contentUrl":"https:\/\/static.purejewels.com\/wp-content\/uploads\/2020\/11\/Logo-PJ-New-1.png","width":150,"height":80,"caption":"PureJewels UK"},"image":{"@id":"https:\/\/www.purejewels.com\/#\/schema\/logo\/image\/"}}]}},"_links":{"self":[{"href":"https:\/\/www.purejewels.com\/de\/wp-json\/wp\/v2\/product\/406300","targetHints":{"allow":["GET"]}}],"collection":[{"href":"https:\/\/www.purejewels.com\/de\/wp-json\/wp\/v2\/product"}],"about":[{"href":"https:\/\/www.purejewels.com\/de\/wp-json\/wp\/v2\/types\/product"}],"replies":[{"embeddable":true,"href":"https:\/\/www.purejewels.com\/de\/wp-json\/wp\/v2\/comments?post=406300"}],"version-history":[{"count":1,"href":"https:\/\/www.purejewels.com\/de\/wp-json\/wp\/v2\/product\/406300\/revisions"}],"predecessor-version":[{"id":406302,"href":"https:\/\/www.purejewels.com\/de\/wp-json\/wp\/v2\/product\/406300\/revisions\/406302"}],"wp:featuredmedia":[{"embeddable":true,"href":"https:\/\/www.purejewels.com\/de\/wp-json\/wp\/v2\/media\/406301"}],"wp:attachment":[{"href":"https:\/\/www.purejewels.com\/de\/wp-json\/wp\/v2\/media?parent=406300"}],"wp:term":[{"taxonomy":"product_brand","embeddable":true,"href":"https:\/\/www.purejewels.com\/de\/wp-json\/wp\/v2\/product_brand?post=406300"},{"taxonomy":"product_cat","embeddable":true,"href":"https:\/\/www.purejewels.com\/de\/wp-json\/wp\/v2\/product_cat?post=406300"},{"taxonomy":"product_tag","embeddable":true,"href":"https:\/\/www.purejewels.com\/de\/wp-json\/wp\/v2\/product_tag?post=406300"}],"curies":[{"name":"wp","href":"https:\/\/api.w.org\/{rel}","templated":true}]}}