{"id":406645,"date":"2025-08-05T10:46:15","date_gmt":"2025-08-05T09:46:15","guid":{"rendered":"https:\/\/www.purejewels.com\/?post_type=product&#038;p=406645"},"modified":"2026-02-09T08:40:19","modified_gmt":"2026-02-09T08:40:19","slug":"tautropfen-basis-armband-51697","status":"publish","type":"product","link":"https:\/\/www.purejewels.com\/de\/product\/dew-drop-base-bracelet-51697\/","title":{"rendered":"Tautropfen-Basis-Armband"},"content":{"rendered":"<p data-start=\"834\" data-end=\"1170\">Feiern Sie Reinheit, Gnade und die Kunst der Verwandlung mit dem <strong data-start=\"898\" data-end=\"924\">Tautropfen-Basis-Armband<\/strong> von PureJewels' kultigen <em data-start=\"949\" data-end=\"967\">Lotus-Kollektion<\/em>. Dieses in sorgf\u00e4ltiger Handarbeit aus 22-kar\u00e4tigem Gold gefertigte Armband lehnt sich an die sanfte Eleganz des Morgentaus an, der auf Lotusbl\u00e4ttern ruht - in der \u00f6stlichen Kultur ein Symbol f\u00fcr spirituelles Erwachen und Erneuerung.<\/p>\n<p data-start=\"1172\" data-end=\"1410\">Das Design mit seiner flie\u00dfenden Symmetrie und den zarten Rundungen spiegelt unsere Designmotive der weichen elliptischen Formen und der femininen St\u00e4rke wider. Ob allein getragen oder mit passenden Teilen kombiniert, erz\u00e4hlt es eine Geschichte von ruhigem Vertrauen und raffinierter Sch\u00f6nheit.<\/p>\n<p data-start=\"1412\" data-end=\"1733\">Jedes St\u00fcck der Lotus-Kollektion ist eine Hommage an unser multikulturelles Erbe - von den stillen Wassern des indischen Subkontinents \u00fcber die pulsierende Seele Ostafrikas bis hin zur Design-Moderne Londons. Dieses Armband ist nicht einfach nur ein Schmuckst\u00fcck, sondern ein Begleiter auf Ihrer pers\u00f6nlichen Reise, der von unseren Meisterhandwerkern liebevoll gefertigt wird.<\/p>","protected":false},"excerpt":{"rendered":"<p><span data-teams=\"true\">Ein leuchtendes Armband aus 22-kar\u00e4tigem Gold aus der Lotus-Kollektion, inspiriert von der heiteren Reinheit der Natur. Das Dew Drop Base Bracelet lehnt sich an die sanfte Eleganz des Morgentaus an, der auf den Lotusbl\u00e4ttern ruht, die in der \u00f6stlichen Kultur ein Symbol f\u00fcr spirituelles Erwachen und Erneuerung sind.<\/span><\/p>\n<p><strong>Material:<\/strong> 22ct Sonnenaufgang Gold<br \/>\n<strong>Wahrzeichen<\/strong>: Britisches G\u00fctesiegel<br \/>\n<strong>Bruttogewicht:<\/strong>\u00a0 3,50 Gramm<br \/>\n<strong>L\u00e4nge:<\/strong> 7,5 Zoll<br \/>\n<strong>SKU:<\/strong> 51697<\/p>\n<p><strong><strong><strong><strong><strong><strong>Preis und Lieferung:<\/strong><\/strong><\/strong><\/strong><\/strong><\/strong>Inklusive Mehrwertsteuer und Lieferkosten<strong><strong><strong><strong><strong><br \/>\n<a href=\"https:\/\/www.purejewels.com\/de\/ruckgabepolitik\/\">R\u00fcckgabepolitik<\/a><\/strong><\/strong><\/strong><\/strong><\/strong><\/p>","protected":false},"featured_media":406800,"comment_status":"closed","ping_status":"closed","template":"","meta":{"_eb_attr":"","_crsspst_to_jayantr4sg-hostcom":false},"product_brand":[],"product_cat":[1791,6056,236,1324,1229,1633,1569,1574],"product_tag":[5964,5965],"class_list":{"0":"post-406645","1":"product","2":"type-product","3":"status-publish","4":"has-post-thumbnail","6":"product_cat-anniversary-gifts","7":"product_cat-charm","8":"product_cat-collections","9":"product_cat-gold-bracelet","10":"product_cat-22ct-gold-jewellery","11":"product_cat-lotus-collections","12":"product_cat-valentine-day-gifts","13":"product_cat-womens-jewellery","14":"product_tag-bracelet","15":"product_tag-diamonds","17":"first","18":"instock","19":"taxable","20":"shipping-taxable","21":"purchasable","22":"product-type-simple","23":"add-to-wishlist-before_image"},"yoast_head":"<!-- This site is optimized with the Yoast SEO plugin v27.4 - https:\/\/yoast.com\/product\/yoast-seo-wordpress\/ -->\n<title>Dew Drop Base Bracelet | 22ct Gold Lotus Collection | PureJewels<\/title>\n<meta name=\"description\" content=\"Gracefully sculpted in 22ct gold, the Dew Drop Base Bracelet from our Lotus Collection captures renewal and timeless elegance.\" \/>\n<meta name=\"robots\" content=\"index, follow, max-snippet:-1, max-image-preview:large, max-video-preview:-1\" \/>\n<link rel=\"canonical\" href=\"https:\/\/www.purejewels.com\/de\/produkt-2\/tautropfen-basis-armband-51697\/\" \/>\n<meta property=\"og:locale\" content=\"de_DE\" \/>\n<meta property=\"og:type\" content=\"article\" \/>\n<meta property=\"og:title\" content=\"Dew Drop Base Bracelet | 22ct Gold Lotus Collection | PureJewels\" \/>\n<meta property=\"og:description\" content=\"Gracefully sculpted in 22ct gold, the Dew Drop Base Bracelet from our Lotus Collection captures renewal and timeless elegance.\" \/>\n<meta property=\"og:url\" content=\"https:\/\/www.purejewels.com\/de\/produkt-2\/tautropfen-basis-armband-51697\/\" \/>\n<meta property=\"og:site_name\" content=\"PureJewels UK\" \/>\n<meta property=\"article:modified_time\" content=\"2026-02-09T08:40:19+00:00\" \/>\n<meta property=\"og:image\" content=\"https:\/\/static.purejewels.com\/wp-content\/uploads\/2025\/07\/SKU-51697.1.jpg\" \/>\n\t<meta property=\"og:image:width\" content=\"1000\" \/>\n\t<meta property=\"og:image:height\" content=\"1000\" \/>\n\t<meta property=\"og:image:type\" content=\"image\/jpeg\" \/>\n<meta name=\"twitter:card\" content=\"summary_large_image\" \/>\n<meta name=\"twitter:label1\" content=\"Gesch\u00e4tzte Lesezeit\" \/>\n\t<meta name=\"twitter:data1\" content=\"1\u00a0Minute\" \/>\n<script type=\"application\/ld+json\" class=\"yoast-schema-graph\">{\"@context\":\"https:\\\/\\\/schema.org\",\"@graph\":[{\"@type\":[\"WebPage\",\"ItemPage\"],\"@id\":\"https:\\\/\\\/www.purejewels.com\\\/product\\\/dew-drop-base-bracelet-51697\\\/\",\"url\":\"https:\\\/\\\/www.purejewels.com\\\/product\\\/dew-drop-base-bracelet-51697\\\/\",\"name\":\"Dew Drop Base Bracelet | 22ct Gold Lotus Collection | PureJewels\",\"isPartOf\":{\"@id\":\"https:\\\/\\\/www.purejewels.com\\\/#website\"},\"primaryImageOfPage\":{\"@id\":\"https:\\\/\\\/www.purejewels.com\\\/product\\\/dew-drop-base-bracelet-51697\\\/#primaryimage\"},\"image\":{\"@id\":\"https:\\\/\\\/www.purejewels.com\\\/product\\\/dew-drop-base-bracelet-51697\\\/#primaryimage\"},\"thumbnailUrl\":\"https:\\\/\\\/static.purejewels.com\\\/wp-content\\\/uploads\\\/2025\\\/07\\\/SKU-51697.1.jpg\",\"datePublished\":\"2025-08-05T09:46:15+00:00\",\"dateModified\":\"2026-02-09T08:40:19+00:00\",\"description\":\"Gracefully sculpted in 22ct gold, the Dew Drop Base Bracelet from our Lotus Collection captures renewal and timeless elegance.\",\"breadcrumb\":{\"@id\":\"https:\\\/\\\/www.purejewels.com\\\/product\\\/dew-drop-base-bracelet-51697\\\/#breadcrumb\"},\"inLanguage\":\"de\",\"potentialAction\":[{\"@type\":\"ReadAction\",\"target\":[\"https:\\\/\\\/www.purejewels.com\\\/product\\\/dew-drop-base-bracelet-51697\\\/\"]}]},{\"@type\":\"ImageObject\",\"inLanguage\":\"de\",\"@id\":\"https:\\\/\\\/www.purejewels.com\\\/product\\\/dew-drop-base-bracelet-51697\\\/#primaryimage\",\"url\":\"https:\\\/\\\/static.purejewels.com\\\/wp-content\\\/uploads\\\/2025\\\/07\\\/SKU-51697.1.jpg\",\"contentUrl\":\"https:\\\/\\\/static.purejewels.com\\\/wp-content\\\/uploads\\\/2025\\\/07\\\/SKU-51697.1.jpg\",\"width\":1000,\"height\":1000,\"caption\":\"51697\"},{\"@type\":\"BreadcrumbList\",\"@id\":\"https:\\\/\\\/www.purejewels.com\\\/product\\\/dew-drop-base-bracelet-51697\\\/#breadcrumb\",\"itemListElement\":[{\"@type\":\"ListItem\",\"position\":1,\"name\":\"Home\",\"item\":\"https:\\\/\\\/www.purejewels.com\\\/\"},{\"@type\":\"ListItem\",\"position\":2,\"name\":\"Shop\",\"item\":\"https:\\\/\\\/www.purejewels.com\\\/shop\\\/\"},{\"@type\":\"ListItem\",\"position\":3,\"name\":\"Dew Drop Base Bracelet\"}]},{\"@type\":\"WebSite\",\"@id\":\"https:\\\/\\\/www.purejewels.com\\\/#website\",\"url\":\"https:\\\/\\\/www.purejewels.com\\\/\",\"name\":\"PureJewels UK\",\"description\":\"Share the Love\",\"publisher\":{\"@id\":\"https:\\\/\\\/www.purejewels.com\\\/#organization\"},\"potentialAction\":[{\"@type\":\"SearchAction\",\"target\":{\"@type\":\"EntryPoint\",\"urlTemplate\":\"https:\\\/\\\/www.purejewels.com\\\/?s={search_term_string}\"},\"query-input\":{\"@type\":\"PropertyValueSpecification\",\"valueRequired\":true,\"valueName\":\"search_term_string\"}}],\"inLanguage\":\"de\"},{\"@type\":\"Organization\",\"@id\":\"https:\\\/\\\/www.purejewels.com\\\/#organization\",\"name\":\"PureJewels UK\",\"url\":\"https:\\\/\\\/www.purejewels.com\\\/\",\"logo\":{\"@type\":\"ImageObject\",\"inLanguage\":\"de\",\"@id\":\"https:\\\/\\\/www.purejewels.com\\\/#\\\/schema\\\/logo\\\/image\\\/\",\"url\":\"https:\\\/\\\/static.purejewels.com\\\/wp-content\\\/uploads\\\/2020\\\/11\\\/Logo-PJ-New-1.png\",\"contentUrl\":\"https:\\\/\\\/static.purejewels.com\\\/wp-content\\\/uploads\\\/2020\\\/11\\\/Logo-PJ-New-1.png\",\"width\":150,\"height\":80,\"caption\":\"PureJewels UK\"},\"image\":{\"@id\":\"https:\\\/\\\/www.purejewels.com\\\/#\\\/schema\\\/logo\\\/image\\\/\"}}]}<\/script>\n<!-- \/ Yoast SEO plugin. -->","yoast_head_json":{"title":"Tautropfen-Basis-Armband | 22ct Gold Lotus Kollektion | PureJewels","description":"Das aus 22-kar\u00e4tigem Gold gefertigte Tautropfen-Basisarmband aus unserer Lotus-Kollektion steht f\u00fcr Erneuerung und zeitlose Eleganz.","robots":{"index":"index","follow":"follow","max-snippet":"max-snippet:-1","max-image-preview":"max-image-preview:large","max-video-preview":"max-video-preview:-1"},"canonical":"https:\/\/www.purejewels.com\/de\/produkt-2\/tautropfen-basis-armband-51697\/","og_locale":"de_DE","og_type":"article","og_title":"Dew Drop Base Bracelet | 22ct Gold Lotus Collection | PureJewels","og_description":"Gracefully sculpted in 22ct gold, the Dew Drop Base Bracelet from our Lotus Collection captures renewal and timeless elegance.","og_url":"https:\/\/www.purejewels.com\/de\/produkt-2\/tautropfen-basis-armband-51697\/","og_site_name":"PureJewels UK","article_modified_time":"2026-02-09T08:40:19+00:00","og_image":[{"width":1000,"height":1000,"url":"https:\/\/static.purejewels.com\/wp-content\/uploads\/2025\/07\/SKU-51697.1.jpg","type":"image\/jpeg"}],"twitter_card":"summary_large_image","twitter_misc":{"Gesch\u00e4tzte Lesezeit":"1\u00a0Minute"},"schema":{"@context":"https:\/\/schema.org","@graph":[{"@type":["WebPage","ItemPage"],"@id":"https:\/\/www.purejewels.com\/product\/dew-drop-base-bracelet-51697\/","url":"https:\/\/www.purejewels.com\/product\/dew-drop-base-bracelet-51697\/","name":"Tautropfen-Basis-Armband | 22ct Gold Lotus Kollektion | PureJewels","isPartOf":{"@id":"https:\/\/www.purejewels.com\/#website"},"primaryImageOfPage":{"@id":"https:\/\/www.purejewels.com\/product\/dew-drop-base-bracelet-51697\/#primaryimage"},"image":{"@id":"https:\/\/www.purejewels.com\/product\/dew-drop-base-bracelet-51697\/#primaryimage"},"thumbnailUrl":"https:\/\/static.purejewels.com\/wp-content\/uploads\/2025\/07\/SKU-51697.1.jpg","datePublished":"2025-08-05T09:46:15+00:00","dateModified":"2026-02-09T08:40:19+00:00","description":"Das aus 22-kar\u00e4tigem Gold gefertigte Tautropfen-Basisarmband aus unserer Lotus-Kollektion steht f\u00fcr Erneuerung und zeitlose Eleganz.","breadcrumb":{"@id":"https:\/\/www.purejewels.com\/product\/dew-drop-base-bracelet-51697\/#breadcrumb"},"inLanguage":"de","potentialAction":[{"@type":"ReadAction","target":["https:\/\/www.purejewels.com\/product\/dew-drop-base-bracelet-51697\/"]}]},{"@type":"ImageObject","inLanguage":"de","@id":"https:\/\/www.purejewels.com\/product\/dew-drop-base-bracelet-51697\/#primaryimage","url":"https:\/\/static.purejewels.com\/wp-content\/uploads\/2025\/07\/SKU-51697.1.jpg","contentUrl":"https:\/\/static.purejewels.com\/wp-content\/uploads\/2025\/07\/SKU-51697.1.jpg","width":1000,"height":1000,"caption":"51697"},{"@type":"BreadcrumbList","@id":"https:\/\/www.purejewels.com\/product\/dew-drop-base-bracelet-51697\/#breadcrumb","itemListElement":[{"@type":"ListItem","position":1,"name":"Home","item":"https:\/\/www.purejewels.com\/"},{"@type":"ListItem","position":2,"name":"Shop","item":"https:\/\/www.purejewels.com\/shop\/"},{"@type":"ListItem","position":3,"name":"Dew Drop Base Bracelet"}]},{"@type":"WebSite","@id":"https:\/\/www.purejewels.com\/#website","url":"https:\/\/www.purejewels.com\/","name":"PureJewels UK","description":"Teile die Liebe","publisher":{"@id":"https:\/\/www.purejewels.com\/#organization"},"potentialAction":[{"@type":"SearchAction","target":{"@type":"EntryPoint","urlTemplate":"https:\/\/www.purejewels.com\/?s={search_term_string}"},"query-input":{"@type":"PropertyValueSpecification","valueRequired":true,"valueName":"search_term_string"}}],"inLanguage":"de"},{"@type":"Organization","@id":"https:\/\/www.purejewels.com\/#organization","name":"PureJewels UK","url":"https:\/\/www.purejewels.com\/","logo":{"@type":"ImageObject","inLanguage":"de","@id":"https:\/\/www.purejewels.com\/#\/schema\/logo\/image\/","url":"https:\/\/static.purejewels.com\/wp-content\/uploads\/2020\/11\/Logo-PJ-New-1.png","contentUrl":"https:\/\/static.purejewels.com\/wp-content\/uploads\/2020\/11\/Logo-PJ-New-1.png","width":150,"height":80,"caption":"PureJewels UK"},"image":{"@id":"https:\/\/www.purejewels.com\/#\/schema\/logo\/image\/"}}]}},"_links":{"self":[{"href":"https:\/\/www.purejewels.com\/de\/wp-json\/wp\/v2\/product\/406645","targetHints":{"allow":["GET"]}}],"collection":[{"href":"https:\/\/www.purejewels.com\/de\/wp-json\/wp\/v2\/product"}],"about":[{"href":"https:\/\/www.purejewels.com\/de\/wp-json\/wp\/v2\/types\/product"}],"replies":[{"embeddable":true,"href":"https:\/\/www.purejewels.com\/de\/wp-json\/wp\/v2\/comments?post=406645"}],"version-history":[{"count":3,"href":"https:\/\/www.purejewels.com\/de\/wp-json\/wp\/v2\/product\/406645\/revisions"}],"predecessor-version":[{"id":411332,"href":"https:\/\/www.purejewels.com\/de\/wp-json\/wp\/v2\/product\/406645\/revisions\/411332"}],"wp:featuredmedia":[{"embeddable":true,"href":"https:\/\/www.purejewels.com\/de\/wp-json\/wp\/v2\/media\/406800"}],"wp:attachment":[{"href":"https:\/\/www.purejewels.com\/de\/wp-json\/wp\/v2\/media?parent=406645"}],"wp:term":[{"taxonomy":"product_brand","embeddable":true,"href":"https:\/\/www.purejewels.com\/de\/wp-json\/wp\/v2\/product_brand?post=406645"},{"taxonomy":"product_cat","embeddable":true,"href":"https:\/\/www.purejewels.com\/de\/wp-json\/wp\/v2\/product_cat?post=406645"},{"taxonomy":"product_tag","embeddable":true,"href":"https:\/\/www.purejewels.com\/de\/wp-json\/wp\/v2\/product_tag?post=406645"}],"curies":[{"name":"wp","href":"https:\/\/api.w.org\/{rel}","templated":true}]}}