{"id":406649,"date":"2025-07-23T10:52:08","date_gmt":"2025-07-23T09:52:08","guid":{"rendered":"https:\/\/www.purejewels.com\/?post_type=product&#038;p=406649"},"modified":"2025-11-06T06:54:02","modified_gmt":"2025-11-06T06:54:02","slug":"platin-herrenarmband-50642","status":"publish","type":"product","link":"https:\/\/www.purejewels.com\/de\/product\/platinum-mens-bracelet-50642\/","title":{"rendered":"Platin Herrenarmband"},"content":{"rendered":"<p>G\u00f6nnen Sie sich Luxus mit diesem atemberaubenden Pt-950 Platinarmband f\u00fcr Herren, ein zeitloses St\u00fcck, das Raffinesse und Stil ausstrahlt. Dieses mit Pr\u00e4zision und Liebe zum Detail gefertigte 8-Zoll-Armband verf\u00fcgt \u00fcber eine Kombination aus matten und hochglanzpolierten Oberfl\u00e4chen f\u00fcr einen eleganten und vielseitigen Look, der sicher alle Blicke auf sich zieht.<\/p>\n<p>Dieses Armband ist nicht nur ein modisches Statement, sondern auch hypoallergen und unglaublich haltbar, was es perfekt f\u00fcr den t\u00e4glichen Gebrauch macht. Die britische Punze garantiert die Echtheit und Qualit\u00e4t des f\u00fcr dieses St\u00fcck verwendeten Platins, so dass Sie sich auf Ihre Investition verlassen k\u00f6nnen.<\/p>\n<p>Ob Sie sich selbst verw\u00f6hnen oder das perfekte Geschenk f\u00fcr einen lieben Menschen suchen, dieses Platinarmband ist ein unverzichtbares Accessoire. Mit kostenloser Lieferung und sicheren Online-Zahlungen k\u00f6nnen Sie mit Vertrauen einkaufen. Erh\u00f6hen Sie Ihren Stil mit diesem exquisiten Platinarmband und setzen Sie ein Statement, wo immer Sie hingehen.<\/p>","protected":false},"excerpt":{"rendered":"<p>Dieses elegante 8-z\u00f6llige Herrenarmband wurde fachm\u00e4nnisch aus Pt-950-Platin gefertigt und verf\u00fcgt \u00fcber matte und hochglanzpolierte Oberfl\u00e4chen f\u00fcr einen vielseitigen Signature-Look. Hypoallergen, robust und m\u00fchelos elegant.<\/p>\n<p><strong>Material:<\/strong> Platin<strong><br \/>\nWahrzeichen:\u00a0<\/strong>Britisches G\u00fctesiegel<strong><br \/>\n<\/strong><strong>Bruttogewicht:\u00a0 <\/strong>28.20 Gms<br \/>\n<strong>L\u00e4nge:<\/strong> 8 Zoll<br \/>\n<strong>Breite:<\/strong> 5 mm<br \/>\n<strong>SKU:<\/strong> 50642<\/p>\n<p><strong>Preis und Lieferung<\/strong>: Inklusive Mehrwertsteuer und Lieferkosten<br \/>\n<a href=\"https:\/\/www.purejewels.com\/de\/ruckgabepolitik\/\">R\u00fcckgabepolitik<\/a><\/p>\n<p>&nbsp;<\/p>","protected":false},"featured_media":406652,"comment_status":"closed","ping_status":"closed","template":"","meta":{"_eb_attr":"","_crsspst_to_jayantr4sg-hostcom":true},"product_brand":[],"product_cat":[6140,6083,5350],"product_tag":[],"class_list":{"0":"post-406649","1":"product","2":"type-product","3":"status-publish","4":"has-post-thumbnail","6":"product_cat-platinum-bracelet","7":"product_cat-platinum-jewellery-2","8":"product_cat-platinum-jewellery","10":"first","11":"instock","12":"taxable","13":"shipping-taxable","14":"purchasable","15":"product-type-simple","16":"add-to-wishlist-before_image"},"yoast_head":"<!-- This site is optimized with the Yoast SEO plugin v27.6 - https:\/\/yoast.com\/product\/yoast-seo-wordpress\/ -->\n<title>8\u2033 Pt\u2011950 Platinum Men\u2019s Bracelet \u2013 Sleek &amp; Durable<\/title>\n<meta name=\"description\" content=\"Discover our 8\u2033 Pt\u2011950 platinum men\u2019s bracelet. Sleek, hypoallergenic, and built to last, it combines luxury and durability for everyday wear.\" \/>\n<meta name=\"robots\" content=\"index, follow, max-snippet:-1, max-image-preview:large, max-video-preview:-1\" \/>\n<link rel=\"canonical\" href=\"https:\/\/www.purejewels.com\/de\/produkt-2\/platin-herrenarmband-50642\/\" \/>\n<meta property=\"og:locale\" content=\"de_DE\" \/>\n<meta property=\"og:type\" content=\"article\" \/>\n<meta property=\"og:title\" content=\"8\u2033 Pt\u2011950 Platinum Men\u2019s Bracelet \u2013 Sleek &amp; Durable\" \/>\n<meta property=\"og:description\" content=\"Discover our 8\u2033 Pt\u2011950 platinum men\u2019s bracelet. Sleek, hypoallergenic, and built to last, it combines luxury and durability for everyday wear.\" \/>\n<meta property=\"og:url\" content=\"https:\/\/www.purejewels.com\/de\/produkt-2\/platin-herrenarmband-50642\/\" \/>\n<meta property=\"og:site_name\" content=\"PureJewels UK\" \/>\n<meta property=\"article:modified_time\" content=\"2025-11-06T06:54:02+00:00\" \/>\n<meta property=\"og:image\" content=\"https:\/\/www.purejewels.com\/wp-content\/uploads\/2025\/07\/SKU-50642.jpg\" \/>\n\t<meta property=\"og:image:width\" content=\"1000\" \/>\n\t<meta property=\"og:image:height\" content=\"1000\" \/>\n\t<meta property=\"og:image:type\" content=\"image\/jpeg\" \/>\n<meta name=\"twitter:card\" content=\"summary_large_image\" \/>\n<meta name=\"twitter:label1\" content=\"Gesch\u00e4tzte Lesezeit\" \/>\n\t<meta name=\"twitter:data1\" content=\"1\u00a0Minute\" \/>\n<script type=\"application\/ld+json\" class=\"yoast-schema-graph\">{\"@context\":\"https:\\\/\\\/schema.org\",\"@graph\":[{\"@type\":[\"WebPage\",\"ItemPage\"],\"@id\":\"https:\\\/\\\/www.purejewels.com\\\/product\\\/platinum-mens-bracelet-50642\\\/\",\"url\":\"https:\\\/\\\/www.purejewels.com\\\/product\\\/platinum-mens-bracelet-50642\\\/\",\"name\":\"8\u2033 Pt\u2011950 Platinum Men\u2019s Bracelet \u2013 Sleek & Durable\",\"isPartOf\":{\"@id\":\"https:\\\/\\\/www.purejewels.com\\\/#website\"},\"primaryImageOfPage\":{\"@id\":\"https:\\\/\\\/www.purejewels.com\\\/product\\\/platinum-mens-bracelet-50642\\\/#primaryimage\"},\"image\":{\"@id\":\"https:\\\/\\\/www.purejewels.com\\\/product\\\/platinum-mens-bracelet-50642\\\/#primaryimage\"},\"thumbnailUrl\":\"https:\\\/\\\/static.purejewels.com\\\/wp-content\\\/uploads\\\/2025\\\/07\\\/SKU-50642.jpg\",\"datePublished\":\"2025-07-23T09:52:08+00:00\",\"dateModified\":\"2025-11-06T06:54:02+00:00\",\"description\":\"Discover our 8\u2033 Pt\u2011950 platinum men\u2019s bracelet. Sleek, hypoallergenic, and built to last, it combines luxury and durability for everyday wear.\",\"breadcrumb\":{\"@id\":\"https:\\\/\\\/www.purejewels.com\\\/product\\\/platinum-mens-bracelet-50642\\\/#breadcrumb\"},\"inLanguage\":\"de\",\"potentialAction\":[{\"@type\":\"ReadAction\",\"target\":[\"https:\\\/\\\/www.purejewels.com\\\/product\\\/platinum-mens-bracelet-50642\\\/\"]}]},{\"@type\":\"ImageObject\",\"inLanguage\":\"de\",\"@id\":\"https:\\\/\\\/www.purejewels.com\\\/product\\\/platinum-mens-bracelet-50642\\\/#primaryimage\",\"url\":\"https:\\\/\\\/static.purejewels.com\\\/wp-content\\\/uploads\\\/2025\\\/07\\\/SKU-50642.jpg\",\"contentUrl\":\"https:\\\/\\\/static.purejewels.com\\\/wp-content\\\/uploads\\\/2025\\\/07\\\/SKU-50642.jpg\",\"width\":1000,\"height\":1000,\"caption\":\"50642\"},{\"@type\":\"BreadcrumbList\",\"@id\":\"https:\\\/\\\/www.purejewels.com\\\/product\\\/platinum-mens-bracelet-50642\\\/#breadcrumb\",\"itemListElement\":[{\"@type\":\"ListItem\",\"position\":1,\"name\":\"Home\",\"item\":\"https:\\\/\\\/www.purejewels.com\\\/\"},{\"@type\":\"ListItem\",\"position\":2,\"name\":\"Shop\",\"item\":\"https:\\\/\\\/www.purejewels.com\\\/shop\\\/\"},{\"@type\":\"ListItem\",\"position\":3,\"name\":\"Platinum Men\u2019s Bracelet\"}]},{\"@type\":\"WebSite\",\"@id\":\"https:\\\/\\\/www.purejewels.com\\\/#website\",\"url\":\"https:\\\/\\\/www.purejewels.com\\\/\",\"name\":\"PureJewels UK\",\"description\":\"Share the Love\",\"publisher\":{\"@id\":\"https:\\\/\\\/www.purejewels.com\\\/#organization\"},\"potentialAction\":[{\"@type\":\"SearchAction\",\"target\":{\"@type\":\"EntryPoint\",\"urlTemplate\":\"https:\\\/\\\/www.purejewels.com\\\/?s={search_term_string}\"},\"query-input\":{\"@type\":\"PropertyValueSpecification\",\"valueRequired\":true,\"valueName\":\"search_term_string\"}}],\"inLanguage\":\"de\"},{\"@type\":\"Organization\",\"@id\":\"https:\\\/\\\/www.purejewels.com\\\/#organization\",\"name\":\"PureJewels UK\",\"url\":\"https:\\\/\\\/www.purejewels.com\\\/\",\"logo\":{\"@type\":\"ImageObject\",\"inLanguage\":\"de\",\"@id\":\"https:\\\/\\\/www.purejewels.com\\\/#\\\/schema\\\/logo\\\/image\\\/\",\"url\":\"https:\\\/\\\/static.purejewels.com\\\/wp-content\\\/uploads\\\/2020\\\/11\\\/Logo-PJ-New-1.png\",\"contentUrl\":\"https:\\\/\\\/static.purejewels.com\\\/wp-content\\\/uploads\\\/2020\\\/11\\\/Logo-PJ-New-1.png\",\"width\":150,\"height\":80,\"caption\":\"PureJewels UK\"},\"image\":{\"@id\":\"https:\\\/\\\/www.purejewels.com\\\/#\\\/schema\\\/logo\\\/image\\\/\"}}]}<\/script>\n<!-- \/ Yoast SEO plugin. -->","yoast_head_json":{"title":"8\u2033 Pt-950 Platin Herrenarmband - Schlank &amp; Langlebig","description":"Entdecken Sie unser 8\u2033 Pt-950 Platin-Armband f\u00fcr Herren. Elegant, hypoallergen und langlebig, kombiniert es Luxus und Langlebigkeit f\u00fcr das t\u00e4gliche Tragen.","robots":{"index":"index","follow":"follow","max-snippet":"max-snippet:-1","max-image-preview":"max-image-preview:large","max-video-preview":"max-video-preview:-1"},"canonical":"https:\/\/www.purejewels.com\/de\/produkt-2\/platin-herrenarmband-50642\/","og_locale":"de_DE","og_type":"article","og_title":"8\u2033 Pt\u2011950 Platinum Men\u2019s Bracelet \u2013 Sleek & Durable","og_description":"Discover our 8\u2033 Pt\u2011950 platinum men\u2019s bracelet. Sleek, hypoallergenic, and built to last, it combines luxury and durability for everyday wear.","og_url":"https:\/\/www.purejewels.com\/de\/produkt-2\/platin-herrenarmband-50642\/","og_site_name":"PureJewels UK","article_modified_time":"2025-11-06T06:54:02+00:00","og_image":[{"width":1000,"height":1000,"url":"https:\/\/www.purejewels.com\/wp-content\/uploads\/2025\/07\/SKU-50642.jpg","type":"image\/jpeg"}],"twitter_card":"summary_large_image","twitter_misc":{"Gesch\u00e4tzte Lesezeit":"1\u00a0Minute"},"schema":{"@context":"https:\/\/schema.org","@graph":[{"@type":["WebPage","ItemPage"],"@id":"https:\/\/www.purejewels.com\/product\/platinum-mens-bracelet-50642\/","url":"https:\/\/www.purejewels.com\/product\/platinum-mens-bracelet-50642\/","name":"8\u2033 Pt-950 Platin Herrenarmband - Schlank &amp; Langlebig","isPartOf":{"@id":"https:\/\/www.purejewels.com\/#website"},"primaryImageOfPage":{"@id":"https:\/\/www.purejewels.com\/product\/platinum-mens-bracelet-50642\/#primaryimage"},"image":{"@id":"https:\/\/www.purejewels.com\/product\/platinum-mens-bracelet-50642\/#primaryimage"},"thumbnailUrl":"https:\/\/static.purejewels.com\/wp-content\/uploads\/2025\/07\/SKU-50642.jpg","datePublished":"2025-07-23T09:52:08+00:00","dateModified":"2025-11-06T06:54:02+00:00","description":"Entdecken Sie unser 8\u2033 Pt-950 Platin-Armband f\u00fcr Herren. Elegant, hypoallergen und langlebig, kombiniert es Luxus und Langlebigkeit f\u00fcr das t\u00e4gliche Tragen.","breadcrumb":{"@id":"https:\/\/www.purejewels.com\/product\/platinum-mens-bracelet-50642\/#breadcrumb"},"inLanguage":"de","potentialAction":[{"@type":"ReadAction","target":["https:\/\/www.purejewels.com\/product\/platinum-mens-bracelet-50642\/"]}]},{"@type":"ImageObject","inLanguage":"de","@id":"https:\/\/www.purejewels.com\/product\/platinum-mens-bracelet-50642\/#primaryimage","url":"https:\/\/static.purejewels.com\/wp-content\/uploads\/2025\/07\/SKU-50642.jpg","contentUrl":"https:\/\/static.purejewels.com\/wp-content\/uploads\/2025\/07\/SKU-50642.jpg","width":1000,"height":1000,"caption":"50642"},{"@type":"BreadcrumbList","@id":"https:\/\/www.purejewels.com\/product\/platinum-mens-bracelet-50642\/#breadcrumb","itemListElement":[{"@type":"ListItem","position":1,"name":"Home","item":"https:\/\/www.purejewels.com\/"},{"@type":"ListItem","position":2,"name":"Shop","item":"https:\/\/www.purejewels.com\/shop\/"},{"@type":"ListItem","position":3,"name":"Platinum Men\u2019s Bracelet"}]},{"@type":"WebSite","@id":"https:\/\/www.purejewels.com\/#website","url":"https:\/\/www.purejewels.com\/","name":"PureJewels UK","description":"Teile die Liebe","publisher":{"@id":"https:\/\/www.purejewels.com\/#organization"},"potentialAction":[{"@type":"SearchAction","target":{"@type":"EntryPoint","urlTemplate":"https:\/\/www.purejewels.com\/?s={search_term_string}"},"query-input":{"@type":"PropertyValueSpecification","valueRequired":true,"valueName":"search_term_string"}}],"inLanguage":"de"},{"@type":"Organization","@id":"https:\/\/www.purejewels.com\/#organization","name":"PureJewels UK","url":"https:\/\/www.purejewels.com\/","logo":{"@type":"ImageObject","inLanguage":"de","@id":"https:\/\/www.purejewels.com\/#\/schema\/logo\/image\/","url":"https:\/\/static.purejewels.com\/wp-content\/uploads\/2020\/11\/Logo-PJ-New-1.png","contentUrl":"https:\/\/static.purejewels.com\/wp-content\/uploads\/2020\/11\/Logo-PJ-New-1.png","width":150,"height":80,"caption":"PureJewels UK"},"image":{"@id":"https:\/\/www.purejewels.com\/#\/schema\/logo\/image\/"}}]}},"_links":{"self":[{"href":"https:\/\/www.purejewels.com\/de\/wp-json\/wp\/v2\/product\/406649","targetHints":{"allow":["GET"]}}],"collection":[{"href":"https:\/\/www.purejewels.com\/de\/wp-json\/wp\/v2\/product"}],"about":[{"href":"https:\/\/www.purejewels.com\/de\/wp-json\/wp\/v2\/types\/product"}],"replies":[{"embeddable":true,"href":"https:\/\/www.purejewels.com\/de\/wp-json\/wp\/v2\/comments?post=406649"}],"version-history":[{"count":2,"href":"https:\/\/www.purejewels.com\/de\/wp-json\/wp\/v2\/product\/406649\/revisions"}],"predecessor-version":[{"id":420331,"href":"https:\/\/www.purejewels.com\/de\/wp-json\/wp\/v2\/product\/406649\/revisions\/420331"}],"wp:featuredmedia":[{"embeddable":true,"href":"https:\/\/www.purejewels.com\/de\/wp-json\/wp\/v2\/media\/406652"}],"wp:attachment":[{"href":"https:\/\/www.purejewels.com\/de\/wp-json\/wp\/v2\/media?parent=406649"}],"wp:term":[{"taxonomy":"product_brand","embeddable":true,"href":"https:\/\/www.purejewels.com\/de\/wp-json\/wp\/v2\/product_brand?post=406649"},{"taxonomy":"product_cat","embeddable":true,"href":"https:\/\/www.purejewels.com\/de\/wp-json\/wp\/v2\/product_cat?post=406649"},{"taxonomy":"product_tag","embeddable":true,"href":"https:\/\/www.purejewels.com\/de\/wp-json\/wp\/v2\/product_tag?post=406649"}],"curies":[{"name":"wp","href":"https:\/\/api.w.org\/{rel}","templated":true}]}}