{"id":406694,"date":"2025-06-23T11:23:37","date_gmt":"2025-06-23T10:23:37","guid":{"rendered":"https:\/\/www.purejewels.com\/?post_type=product&#038;p=406694"},"modified":"2026-01-06T10:12:51","modified_gmt":"2026-01-06T10:12:51","slug":"fusion-950-platin-18-kt-rosegold-herren-armband-50721","status":"publish","type":"product","link":"https:\/\/www.purejewels.com\/de\/product\/fusion-950-platinum-18-ct-rose-gold-mens-bracelet-50721\/","title":{"rendered":"Fusion 950 Platin &amp; 18ct Rose Gold Herrenarmband"},"content":{"rendered":"<p>Die <strong data-start=\"4\" data-end=\"75\">Dual-Tone Fusion 950 Platin &amp; 18 kt Rose Gold Herrenarmband - 8\u2033<\/strong> verbindet nahtlos Eleganz mit Alltagstauglichkeit. Das aus reinem Pt-950-Platin 95% und gl\u00e4nzendem 18-kar\u00e4tigem Ros\u00e9gold gefertigte Armband verf\u00fcgt \u00fcber ein abwechselndes Gliedermuster, das moderne Raffinesse ausstrahlt.<\/p>","protected":false},"excerpt":{"rendered":"<p>Dieses schlichte und doch markante 8\u2033-Herrenarmband kombiniert Pt-950-Platin und warmes Ros\u00e9gold in polierten zweifarbigen Gliedern. Hypoallergen, langlebig und vielseitig f\u00fcr jede Gelegenheit.<\/p>\n<p><strong>Material:<\/strong> Platin, 18 Karat Ros\u00e9gold<strong><br \/>\nWahrzeichen:\u00a0<\/strong>Britisches G\u00fctesiegel<strong><br \/>\n<\/strong><strong>Bruttogewicht:\u00a0 <\/strong>29,13 Gms<br \/>\n<strong>L\u00e4nge:<\/strong> 8 Zoll<br \/>\n<strong>Breite:<\/strong> 8 mm<br \/>\n<strong>SKU:<\/strong> 50721<\/p>\n<p><strong>Preis und Lieferung<\/strong>: Inklusive Mehrwertsteuer und Lieferkosten<br \/>\n<a href=\"https:\/\/www.purejewels.com\/de\/ruckgabepolitik\/\">R\u00fcckgabepolitik<\/a><\/p>\n<p>&nbsp;<\/p>","protected":false},"featured_media":411269,"comment_status":"closed","ping_status":"closed","template":"","meta":{"_eb_attr":"","_crsspst_to_jayantr4sg-hostcom":true},"product_brand":[],"product_cat":[6088,6057,1571,1572,1628,5350,6083],"product_tag":[],"class_list":{"0":"post-406694","1":"product","2":"type-product","3":"status-publish","4":"has-post-thumbnail","6":"product_cat-18ct-gold-bracelet","7":"product_cat-chain-bracelet","8":"product_cat-fathers-day-gifts","9":"product_cat-mens-jewellery","10":"product_cat-mens-bracelet","11":"product_cat-platinum-jewellery","12":"product_cat-platinum-jewellery-2","14":"first","15":"instock","16":"taxable","17":"shipping-taxable","18":"purchasable","19":"product-type-simple","20":"add-to-wishlist-before_image"},"yoast_head":"<!-- This site is optimized with the Yoast SEO plugin v27.5 - https:\/\/yoast.com\/product\/yoast-seo-wordpress\/ -->\n<title>8\u2033 Pt\u2011950 Platinum &amp; 18\u202fct Rose Gold Men\u2019s Bracelet<\/title>\n<meta name=\"description\" content=\"Explore our 8\u2033 Pt\u2011950 platinum &amp; 18\u202fct rose gold men\u2019s bracelet. Durable, hypoallergenic, and elegantly two-toned\u2014ideal for everyday or formal wear.\" \/>\n<meta name=\"robots\" content=\"index, follow, max-snippet:-1, max-image-preview:large, max-video-preview:-1\" \/>\n<link rel=\"canonical\" href=\"https:\/\/www.purejewels.com\/de\/produkt-2\/fusion-950-platin-18-kt-rosegold-herren-armband-50721\/\" \/>\n<meta property=\"og:locale\" content=\"de_DE\" \/>\n<meta property=\"og:type\" content=\"article\" \/>\n<meta property=\"og:title\" content=\"8\u2033 Pt\u2011950 Platinum &amp; 18\u202fct Rose Gold Men\u2019s Bracelet\" \/>\n<meta property=\"og:description\" content=\"Explore our 8\u2033 Pt\u2011950 platinum &amp; 18\u202fct rose gold men\u2019s bracelet. Durable, hypoallergenic, and elegantly two-toned\u2014ideal for everyday or formal wear.\" \/>\n<meta property=\"og:url\" content=\"https:\/\/www.purejewels.com\/de\/produkt-2\/fusion-950-platin-18-kt-rosegold-herren-armband-50721\/\" \/>\n<meta property=\"og:site_name\" content=\"PureJewels UK\" \/>\n<meta property=\"article:modified_time\" content=\"2026-01-06T10:12:51+00:00\" \/>\n<meta property=\"og:image\" content=\"https:\/\/www.purejewels.com\/wp-content\/uploads\/2025\/06\/SKU-50721-1.jpg\" \/>\n\t<meta property=\"og:image:width\" content=\"1000\" \/>\n\t<meta property=\"og:image:height\" content=\"1000\" \/>\n\t<meta property=\"og:image:type\" content=\"image\/jpeg\" \/>\n<meta name=\"twitter:card\" content=\"summary_large_image\" \/>\n<script type=\"application\/ld+json\" class=\"yoast-schema-graph\">{\"@context\":\"https:\\\/\\\/schema.org\",\"@graph\":[{\"@type\":[\"WebPage\",\"ItemPage\"],\"@id\":\"https:\\\/\\\/www.purejewels.com\\\/product\\\/fusion-950-platinum-18-ct-rose-gold-mens-bracelet-50721\\\/\",\"url\":\"https:\\\/\\\/www.purejewels.com\\\/product\\\/fusion-950-platinum-18-ct-rose-gold-mens-bracelet-50721\\\/\",\"name\":\"8\u2033 Pt\u2011950 Platinum & 18\u202fct Rose Gold Men\u2019s Bracelet\",\"isPartOf\":{\"@id\":\"https:\\\/\\\/www.purejewels.com\\\/#website\"},\"primaryImageOfPage\":{\"@id\":\"https:\\\/\\\/www.purejewels.com\\\/product\\\/fusion-950-platinum-18-ct-rose-gold-mens-bracelet-50721\\\/#primaryimage\"},\"image\":{\"@id\":\"https:\\\/\\\/www.purejewels.com\\\/product\\\/fusion-950-platinum-18-ct-rose-gold-mens-bracelet-50721\\\/#primaryimage\"},\"thumbnailUrl\":\"https:\\\/\\\/static.purejewels.com\\\/wp-content\\\/uploads\\\/2025\\\/06\\\/SKU-50721-1.jpg\",\"datePublished\":\"2025-06-23T10:23:37+00:00\",\"dateModified\":\"2026-01-06T10:12:51+00:00\",\"description\":\"Explore our 8\u2033 Pt\u2011950 platinum & 18\u202fct rose gold men\u2019s bracelet. Durable, hypoallergenic, and elegantly two-toned\u2014ideal for everyday or formal wear.\",\"breadcrumb\":{\"@id\":\"https:\\\/\\\/www.purejewels.com\\\/product\\\/fusion-950-platinum-18-ct-rose-gold-mens-bracelet-50721\\\/#breadcrumb\"},\"inLanguage\":\"de\",\"potentialAction\":[{\"@type\":\"ReadAction\",\"target\":[\"https:\\\/\\\/www.purejewels.com\\\/product\\\/fusion-950-platinum-18-ct-rose-gold-mens-bracelet-50721\\\/\"]}]},{\"@type\":\"ImageObject\",\"inLanguage\":\"de\",\"@id\":\"https:\\\/\\\/www.purejewels.com\\\/product\\\/fusion-950-platinum-18-ct-rose-gold-mens-bracelet-50721\\\/#primaryimage\",\"url\":\"https:\\\/\\\/static.purejewels.com\\\/wp-content\\\/uploads\\\/2025\\\/06\\\/SKU-50721-1.jpg\",\"contentUrl\":\"https:\\\/\\\/static.purejewels.com\\\/wp-content\\\/uploads\\\/2025\\\/06\\\/SKU-50721-1.jpg\",\"width\":1000,\"height\":1000,\"caption\":\"Fusion 950 \u202fPlatinum & 18ct Rose Gold Men\u2019s Bracelet\"},{\"@type\":\"BreadcrumbList\",\"@id\":\"https:\\\/\\\/www.purejewels.com\\\/product\\\/fusion-950-platinum-18-ct-rose-gold-mens-bracelet-50721\\\/#breadcrumb\",\"itemListElement\":[{\"@type\":\"ListItem\",\"position\":1,\"name\":\"Home\",\"item\":\"https:\\\/\\\/www.purejewels.com\\\/\"},{\"@type\":\"ListItem\",\"position\":2,\"name\":\"Shop\",\"item\":\"https:\\\/\\\/www.purejewels.com\\\/shop\\\/\"},{\"@type\":\"ListItem\",\"position\":3,\"name\":\"Fusion 950 \u202fPlatinum &#038; 18ct Rose Gold Men\u2019s Bracelet\"}]},{\"@type\":\"WebSite\",\"@id\":\"https:\\\/\\\/www.purejewels.com\\\/#website\",\"url\":\"https:\\\/\\\/www.purejewels.com\\\/\",\"name\":\"PureJewels UK\",\"description\":\"Share the Love\",\"publisher\":{\"@id\":\"https:\\\/\\\/www.purejewels.com\\\/#organization\"},\"potentialAction\":[{\"@type\":\"SearchAction\",\"target\":{\"@type\":\"EntryPoint\",\"urlTemplate\":\"https:\\\/\\\/www.purejewels.com\\\/?s={search_term_string}\"},\"query-input\":{\"@type\":\"PropertyValueSpecification\",\"valueRequired\":true,\"valueName\":\"search_term_string\"}}],\"inLanguage\":\"de\"},{\"@type\":\"Organization\",\"@id\":\"https:\\\/\\\/www.purejewels.com\\\/#organization\",\"name\":\"PureJewels UK\",\"url\":\"https:\\\/\\\/www.purejewels.com\\\/\",\"logo\":{\"@type\":\"ImageObject\",\"inLanguage\":\"de\",\"@id\":\"https:\\\/\\\/www.purejewels.com\\\/#\\\/schema\\\/logo\\\/image\\\/\",\"url\":\"https:\\\/\\\/static.purejewels.com\\\/wp-content\\\/uploads\\\/2020\\\/11\\\/Logo-PJ-New-1.png\",\"contentUrl\":\"https:\\\/\\\/static.purejewels.com\\\/wp-content\\\/uploads\\\/2020\\\/11\\\/Logo-PJ-New-1.png\",\"width\":150,\"height\":80,\"caption\":\"PureJewels UK\"},\"image\":{\"@id\":\"https:\\\/\\\/www.purejewels.com\\\/#\\\/schema\\\/logo\\\/image\\\/\"}}]}<\/script>\n<!-- \/ Yoast SEO plugin. -->","yoast_head_json":{"title":"8\u2033 Pt-950 Platin &amp; 18 kt Ros\u00e9gold Herrenarmband","description":"Entdecken Sie unser 8\u2033 Pt-950 Herrenarmband aus Platin und 18 Karat Ros\u00e9gold. Langlebig, hypoallergen und elegant zweifarbig - ideal f\u00fcr den Alltag oder formelle Anl\u00e4sse.","robots":{"index":"index","follow":"follow","max-snippet":"max-snippet:-1","max-image-preview":"max-image-preview:large","max-video-preview":"max-video-preview:-1"},"canonical":"https:\/\/www.purejewels.com\/de\/produkt-2\/fusion-950-platin-18-kt-rosegold-herren-armband-50721\/","og_locale":"de_DE","og_type":"article","og_title":"8\u2033 Pt\u2011950 Platinum & 18\u202fct Rose Gold Men\u2019s Bracelet","og_description":"Explore our 8\u2033 Pt\u2011950 platinum & 18\u202fct rose gold men\u2019s bracelet. Durable, hypoallergenic, and elegantly two-toned\u2014ideal for everyday or formal wear.","og_url":"https:\/\/www.purejewels.com\/de\/produkt-2\/fusion-950-platin-18-kt-rosegold-herren-armband-50721\/","og_site_name":"PureJewels UK","article_modified_time":"2026-01-06T10:12:51+00:00","og_image":[{"width":1000,"height":1000,"url":"https:\/\/www.purejewels.com\/wp-content\/uploads\/2025\/06\/SKU-50721-1.jpg","type":"image\/jpeg"}],"twitter_card":"summary_large_image","schema":{"@context":"https:\/\/schema.org","@graph":[{"@type":["WebPage","ItemPage"],"@id":"https:\/\/www.purejewels.com\/product\/fusion-950-platinum-18-ct-rose-gold-mens-bracelet-50721\/","url":"https:\/\/www.purejewels.com\/product\/fusion-950-platinum-18-ct-rose-gold-mens-bracelet-50721\/","name":"8\u2033 Pt-950 Platin &amp; 18 kt Ros\u00e9gold Herrenarmband","isPartOf":{"@id":"https:\/\/www.purejewels.com\/#website"},"primaryImageOfPage":{"@id":"https:\/\/www.purejewels.com\/product\/fusion-950-platinum-18-ct-rose-gold-mens-bracelet-50721\/#primaryimage"},"image":{"@id":"https:\/\/www.purejewels.com\/product\/fusion-950-platinum-18-ct-rose-gold-mens-bracelet-50721\/#primaryimage"},"thumbnailUrl":"https:\/\/static.purejewels.com\/wp-content\/uploads\/2025\/06\/SKU-50721-1.jpg","datePublished":"2025-06-23T10:23:37+00:00","dateModified":"2026-01-06T10:12:51+00:00","description":"Entdecken Sie unser 8\u2033 Pt-950 Herrenarmband aus Platin und 18 Karat Ros\u00e9gold. Langlebig, hypoallergen und elegant zweifarbig - ideal f\u00fcr den Alltag oder formelle Anl\u00e4sse.","breadcrumb":{"@id":"https:\/\/www.purejewels.com\/product\/fusion-950-platinum-18-ct-rose-gold-mens-bracelet-50721\/#breadcrumb"},"inLanguage":"de","potentialAction":[{"@type":"ReadAction","target":["https:\/\/www.purejewels.com\/product\/fusion-950-platinum-18-ct-rose-gold-mens-bracelet-50721\/"]}]},{"@type":"ImageObject","inLanguage":"de","@id":"https:\/\/www.purejewels.com\/product\/fusion-950-platinum-18-ct-rose-gold-mens-bracelet-50721\/#primaryimage","url":"https:\/\/static.purejewels.com\/wp-content\/uploads\/2025\/06\/SKU-50721-1.jpg","contentUrl":"https:\/\/static.purejewels.com\/wp-content\/uploads\/2025\/06\/SKU-50721-1.jpg","width":1000,"height":1000,"caption":"Fusion 950 \u202fPlatinum & 18ct Rose Gold Men\u2019s Bracelet"},{"@type":"BreadcrumbList","@id":"https:\/\/www.purejewels.com\/product\/fusion-950-platinum-18-ct-rose-gold-mens-bracelet-50721\/#breadcrumb","itemListElement":[{"@type":"ListItem","position":1,"name":"Home","item":"https:\/\/www.purejewels.com\/"},{"@type":"ListItem","position":2,"name":"Shop","item":"https:\/\/www.purejewels.com\/shop\/"},{"@type":"ListItem","position":3,"name":"Fusion 950 \u202fPlatinum &#038; 18ct Rose Gold Men\u2019s Bracelet"}]},{"@type":"WebSite","@id":"https:\/\/www.purejewels.com\/#website","url":"https:\/\/www.purejewels.com\/","name":"PureJewels UK","description":"Teile die Liebe","publisher":{"@id":"https:\/\/www.purejewels.com\/#organization"},"potentialAction":[{"@type":"SearchAction","target":{"@type":"EntryPoint","urlTemplate":"https:\/\/www.purejewels.com\/?s={search_term_string}"},"query-input":{"@type":"PropertyValueSpecification","valueRequired":true,"valueName":"search_term_string"}}],"inLanguage":"de"},{"@type":"Organization","@id":"https:\/\/www.purejewels.com\/#organization","name":"PureJewels UK","url":"https:\/\/www.purejewels.com\/","logo":{"@type":"ImageObject","inLanguage":"de","@id":"https:\/\/www.purejewels.com\/#\/schema\/logo\/image\/","url":"https:\/\/static.purejewels.com\/wp-content\/uploads\/2020\/11\/Logo-PJ-New-1.png","contentUrl":"https:\/\/static.purejewels.com\/wp-content\/uploads\/2020\/11\/Logo-PJ-New-1.png","width":150,"height":80,"caption":"PureJewels UK"},"image":{"@id":"https:\/\/www.purejewels.com\/#\/schema\/logo\/image\/"}}]}},"_links":{"self":[{"href":"https:\/\/www.purejewels.com\/de\/wp-json\/wp\/v2\/product\/406694","targetHints":{"allow":["GET"]}}],"collection":[{"href":"https:\/\/www.purejewels.com\/de\/wp-json\/wp\/v2\/product"}],"about":[{"href":"https:\/\/www.purejewels.com\/de\/wp-json\/wp\/v2\/types\/product"}],"replies":[{"embeddable":true,"href":"https:\/\/www.purejewels.com\/de\/wp-json\/wp\/v2\/comments?post=406694"}],"version-history":[{"count":3,"href":"https:\/\/www.purejewels.com\/de\/wp-json\/wp\/v2\/product\/406694\/revisions"}],"predecessor-version":[{"id":407928,"href":"https:\/\/www.purejewels.com\/de\/wp-json\/wp\/v2\/product\/406694\/revisions\/407928"}],"wp:featuredmedia":[{"embeddable":true,"href":"https:\/\/www.purejewels.com\/de\/wp-json\/wp\/v2\/media\/411269"}],"wp:attachment":[{"href":"https:\/\/www.purejewels.com\/de\/wp-json\/wp\/v2\/media?parent=406694"}],"wp:term":[{"taxonomy":"product_brand","embeddable":true,"href":"https:\/\/www.purejewels.com\/de\/wp-json\/wp\/v2\/product_brand?post=406694"},{"taxonomy":"product_cat","embeddable":true,"href":"https:\/\/www.purejewels.com\/de\/wp-json\/wp\/v2\/product_cat?post=406694"},{"taxonomy":"product_tag","embeddable":true,"href":"https:\/\/www.purejewels.com\/de\/wp-json\/wp\/v2\/product_tag?post=406694"}],"curies":[{"name":"wp","href":"https:\/\/api.w.org\/{rel}","templated":true}]}}