{"id":406707,"date":"2025-07-23T12:15:48","date_gmt":"2025-07-23T11:15:48","guid":{"rendered":"https:\/\/www.purejewels.com\/?post_type=product&#038;p=406707"},"modified":"2025-08-12T10:06:20","modified_gmt":"2025-08-12T09:06:20","slug":"fortis-platinum-link-50723","status":"publish","type":"product","link":"https:\/\/www.purejewels.com\/de\/product\/fortis-platinum-link-50723\/","title":{"rendered":"Fortis Platin Link"},"content":{"rendered":"<p>Dieses aus massivem 950er Platin gefertigte Armband ist ein wahrer Ausdruck von St\u00e4rke und Raffinesse. Platin ist eines der reinsten Edelmetalle, die in der Juwelierkunst verwendet werden. Der Reinheitsgrad von 950 bedeutet, dass 95% des Metalls reines Platin ist, das einen nat\u00fcrlich wei\u00dfen Glanz hat, der nie verblasst. Es ist schwerer als Gold und hat ein beruhigendes Gewicht am Handgelenk, das seine Dichte und Haltbarkeit widerspiegelt.<\/p>\n<p>Das seltene und best\u00e4ndige Platin ist anlauf- und verschlei\u00dffest und damit ideal f\u00fcr den t\u00e4glichen Gebrauch und ein Symbol der Best\u00e4ndigkeit. Jedes Glied ist so gestaltet, dass es bequem sitzt und gleichzeitig ruhiges Vertrauen und dezenten Luxus ausstrahlt. Ein Schmuckst\u00fcck, das nicht nur f\u00fcr den heutigen Tag entworfen wurde, sondern getragen und weitergegeben werden soll, zeitlos in jeder Hinsicht.<\/p>","protected":false},"excerpt":{"rendered":"<p>Dieses aus 950er Platin gefertigte Armband besteht aus massiven Gliedern mit einem eleganten, modernen Finish - f\u00fcr dauerhafte St\u00e4rke und Stil.<\/p>\n<p><strong>Material:<\/strong> Platin<strong><br \/>\nWahrzeichen:\u00a0<\/strong>Britisches G\u00fctesiegel<strong><br \/>\n<\/strong><strong>Bruttogewicht:\u00a0 <\/strong>47,40 Gramm<br \/>\n<strong>L\u00e4nge:<\/strong> 8 Zoll<br \/>\n<strong>Breite:<\/strong> 8 mm<br \/>\n<strong>SKU:<\/strong> 50723<\/p>\n<p><strong>Preis und Lieferung<\/strong>: Inklusive Mehrwertsteuer und Lieferkosten<br \/>\n<a href=\"https:\/\/www.purejewels.com\/de\/ruckgabepolitik\/\">R\u00fcckgabepolitik<\/a><\/p>\n<p>&nbsp;<\/p>","protected":false},"featured_media":406708,"comment_status":"closed","ping_status":"closed","template":"","meta":{"_eb_attr":"","_crsspst_to_jayantr4sg-hostcom":true},"product_brand":[],"product_cat":[6140,6083,5350],"product_tag":[],"class_list":{"0":"post-406707","1":"product","2":"type-product","3":"status-publish","4":"has-post-thumbnail","6":"product_cat-platinum-bracelet","7":"product_cat-platinum-jewellery-2","8":"product_cat-platinum-jewellery","10":"first","11":"instock","12":"taxable","13":"shipping-taxable","14":"purchasable","15":"product-type-simple","16":"add-to-wishlist-before_image"},"yoast_head":"<!-- This site is optimized with the Yoast SEO plugin v27.6 - https:\/\/yoast.com\/product\/yoast-seo-wordpress\/ -->\n<title>Octagon Link Platinum Bracelet \u2013 Sleek Geometric Men&#039;s Jewelry<\/title>\n<meta name=\"description\" content=\"Discover our Octagon Link Platinum Bracelet\u2014stylish men\u2019s jewelry with bold geometry, durable platinum links, and everyday elegance.\" \/>\n<meta name=\"robots\" content=\"index, follow, max-snippet:-1, max-image-preview:large, max-video-preview:-1\" \/>\n<link rel=\"canonical\" href=\"https:\/\/www.purejewels.com\/de\/produkt-2\/fortis-platinum-link-50723\/\" \/>\n<meta property=\"og:locale\" content=\"de_DE\" \/>\n<meta property=\"og:type\" content=\"article\" \/>\n<meta property=\"og:title\" content=\"Octagon Link Platinum Bracelet \u2013 Sleek Geometric Men&#039;s Jewelry\" \/>\n<meta property=\"og:description\" content=\"Discover our Octagon Link Platinum Bracelet\u2014stylish men\u2019s jewelry with bold geometry, durable platinum links, and everyday elegance.\" \/>\n<meta property=\"og:url\" content=\"https:\/\/www.purejewels.com\/de\/produkt-2\/fortis-platinum-link-50723\/\" \/>\n<meta property=\"og:site_name\" content=\"PureJewels UK\" \/>\n<meta property=\"article:modified_time\" content=\"2025-08-12T09:06:20+00:00\" \/>\n<meta property=\"og:image\" content=\"https:\/\/www.purejewels.com\/wp-content\/uploads\/2025\/07\/SKU-50723.jpg\" \/>\n\t<meta property=\"og:image:width\" content=\"1000\" \/>\n\t<meta property=\"og:image:height\" content=\"1000\" \/>\n\t<meta property=\"og:image:type\" content=\"image\/jpeg\" \/>\n<meta name=\"twitter:card\" content=\"summary_large_image\" \/>\n<meta name=\"twitter:label1\" content=\"Gesch\u00e4tzte Lesezeit\" \/>\n\t<meta name=\"twitter:data1\" content=\"1\u00a0Minute\" \/>\n<script type=\"application\/ld+json\" class=\"yoast-schema-graph\">{\"@context\":\"https:\\\/\\\/schema.org\",\"@graph\":[{\"@type\":[\"WebPage\",\"ItemPage\"],\"@id\":\"https:\\\/\\\/www.purejewels.com\\\/product\\\/fortis-platinum-link-50723\\\/\",\"url\":\"https:\\\/\\\/www.purejewels.com\\\/product\\\/fortis-platinum-link-50723\\\/\",\"name\":\"Octagon Link Platinum Bracelet \u2013 Sleek Geometric Men's Jewelry\",\"isPartOf\":{\"@id\":\"https:\\\/\\\/www.purejewels.com\\\/#website\"},\"primaryImageOfPage\":{\"@id\":\"https:\\\/\\\/www.purejewels.com\\\/product\\\/fortis-platinum-link-50723\\\/#primaryimage\"},\"image\":{\"@id\":\"https:\\\/\\\/www.purejewels.com\\\/product\\\/fortis-platinum-link-50723\\\/#primaryimage\"},\"thumbnailUrl\":\"https:\\\/\\\/static.purejewels.com\\\/wp-content\\\/uploads\\\/2025\\\/07\\\/SKU-50723.jpg\",\"datePublished\":\"2025-07-23T11:15:48+00:00\",\"dateModified\":\"2025-08-12T09:06:20+00:00\",\"description\":\"Discover our Octagon Link Platinum Bracelet\u2014stylish men\u2019s jewelry with bold geometry, durable platinum links, and everyday elegance.\",\"breadcrumb\":{\"@id\":\"https:\\\/\\\/www.purejewels.com\\\/product\\\/fortis-platinum-link-50723\\\/#breadcrumb\"},\"inLanguage\":\"de\",\"potentialAction\":[{\"@type\":\"ReadAction\",\"target\":[\"https:\\\/\\\/www.purejewels.com\\\/product\\\/fortis-platinum-link-50723\\\/\"]}]},{\"@type\":\"ImageObject\",\"inLanguage\":\"de\",\"@id\":\"https:\\\/\\\/www.purejewels.com\\\/product\\\/fortis-platinum-link-50723\\\/#primaryimage\",\"url\":\"https:\\\/\\\/static.purejewels.com\\\/wp-content\\\/uploads\\\/2025\\\/07\\\/SKU-50723.jpg\",\"contentUrl\":\"https:\\\/\\\/static.purejewels.com\\\/wp-content\\\/uploads\\\/2025\\\/07\\\/SKU-50723.jpg\",\"width\":1000,\"height\":1000,\"caption\":\"50723\"},{\"@type\":\"BreadcrumbList\",\"@id\":\"https:\\\/\\\/www.purejewels.com\\\/product\\\/fortis-platinum-link-50723\\\/#breadcrumb\",\"itemListElement\":[{\"@type\":\"ListItem\",\"position\":1,\"name\":\"Home\",\"item\":\"https:\\\/\\\/www.purejewels.com\\\/\"},{\"@type\":\"ListItem\",\"position\":2,\"name\":\"Shop\",\"item\":\"https:\\\/\\\/www.purejewels.com\\\/shop\\\/\"},{\"@type\":\"ListItem\",\"position\":3,\"name\":\"Fortis Platinum Link\"}]},{\"@type\":\"WebSite\",\"@id\":\"https:\\\/\\\/www.purejewels.com\\\/#website\",\"url\":\"https:\\\/\\\/www.purejewels.com\\\/\",\"name\":\"PureJewels UK\",\"description\":\"Share the Love\",\"publisher\":{\"@id\":\"https:\\\/\\\/www.purejewels.com\\\/#organization\"},\"potentialAction\":[{\"@type\":\"SearchAction\",\"target\":{\"@type\":\"EntryPoint\",\"urlTemplate\":\"https:\\\/\\\/www.purejewels.com\\\/?s={search_term_string}\"},\"query-input\":{\"@type\":\"PropertyValueSpecification\",\"valueRequired\":true,\"valueName\":\"search_term_string\"}}],\"inLanguage\":\"de\"},{\"@type\":\"Organization\",\"@id\":\"https:\\\/\\\/www.purejewels.com\\\/#organization\",\"name\":\"PureJewels UK\",\"url\":\"https:\\\/\\\/www.purejewels.com\\\/\",\"logo\":{\"@type\":\"ImageObject\",\"inLanguage\":\"de\",\"@id\":\"https:\\\/\\\/www.purejewels.com\\\/#\\\/schema\\\/logo\\\/image\\\/\",\"url\":\"https:\\\/\\\/static.purejewels.com\\\/wp-content\\\/uploads\\\/2020\\\/11\\\/Logo-PJ-New-1.png\",\"contentUrl\":\"https:\\\/\\\/static.purejewels.com\\\/wp-content\\\/uploads\\\/2020\\\/11\\\/Logo-PJ-New-1.png\",\"width\":150,\"height\":80,\"caption\":\"PureJewels UK\"},\"image\":{\"@id\":\"https:\\\/\\\/www.purejewels.com\\\/#\\\/schema\\\/logo\\\/image\\\/\"}}]}<\/script>\n<!-- \/ Yoast SEO plugin. -->","yoast_head_json":{"title":"Achteckiges Gliederarmband aus Platin - Eleganter geometrischer M\u00e4nnerschmuck","description":"Entdecken Sie unser Octagon Link Platinum Bracelet - stilvoller Herrenschmuck mit k\u00fchner Geometrie, langlebigen Platingliedern und allt\u00e4glicher Eleganz.","robots":{"index":"index","follow":"follow","max-snippet":"max-snippet:-1","max-image-preview":"max-image-preview:large","max-video-preview":"max-video-preview:-1"},"canonical":"https:\/\/www.purejewels.com\/de\/produkt-2\/fortis-platinum-link-50723\/","og_locale":"de_DE","og_type":"article","og_title":"Octagon Link Platinum Bracelet \u2013 Sleek Geometric Men's Jewelry","og_description":"Discover our Octagon Link Platinum Bracelet\u2014stylish men\u2019s jewelry with bold geometry, durable platinum links, and everyday elegance.","og_url":"https:\/\/www.purejewels.com\/de\/produkt-2\/fortis-platinum-link-50723\/","og_site_name":"PureJewels UK","article_modified_time":"2025-08-12T09:06:20+00:00","og_image":[{"width":1000,"height":1000,"url":"https:\/\/www.purejewels.com\/wp-content\/uploads\/2025\/07\/SKU-50723.jpg","type":"image\/jpeg"}],"twitter_card":"summary_large_image","twitter_misc":{"Gesch\u00e4tzte Lesezeit":"1\u00a0Minute"},"schema":{"@context":"https:\/\/schema.org","@graph":[{"@type":["WebPage","ItemPage"],"@id":"https:\/\/www.purejewels.com\/product\/fortis-platinum-link-50723\/","url":"https:\/\/www.purejewels.com\/product\/fortis-platinum-link-50723\/","name":"Achteckiges Gliederarmband aus Platin - Eleganter geometrischer M\u00e4nnerschmuck","isPartOf":{"@id":"https:\/\/www.purejewels.com\/#website"},"primaryImageOfPage":{"@id":"https:\/\/www.purejewels.com\/product\/fortis-platinum-link-50723\/#primaryimage"},"image":{"@id":"https:\/\/www.purejewels.com\/product\/fortis-platinum-link-50723\/#primaryimage"},"thumbnailUrl":"https:\/\/static.purejewels.com\/wp-content\/uploads\/2025\/07\/SKU-50723.jpg","datePublished":"2025-07-23T11:15:48+00:00","dateModified":"2025-08-12T09:06:20+00:00","description":"Entdecken Sie unser Octagon Link Platinum Bracelet - stilvoller Herrenschmuck mit k\u00fchner Geometrie, langlebigen Platingliedern und allt\u00e4glicher Eleganz.","breadcrumb":{"@id":"https:\/\/www.purejewels.com\/product\/fortis-platinum-link-50723\/#breadcrumb"},"inLanguage":"de","potentialAction":[{"@type":"ReadAction","target":["https:\/\/www.purejewels.com\/product\/fortis-platinum-link-50723\/"]}]},{"@type":"ImageObject","inLanguage":"de","@id":"https:\/\/www.purejewels.com\/product\/fortis-platinum-link-50723\/#primaryimage","url":"https:\/\/static.purejewels.com\/wp-content\/uploads\/2025\/07\/SKU-50723.jpg","contentUrl":"https:\/\/static.purejewels.com\/wp-content\/uploads\/2025\/07\/SKU-50723.jpg","width":1000,"height":1000,"caption":"50723"},{"@type":"BreadcrumbList","@id":"https:\/\/www.purejewels.com\/product\/fortis-platinum-link-50723\/#breadcrumb","itemListElement":[{"@type":"ListItem","position":1,"name":"Home","item":"https:\/\/www.purejewels.com\/"},{"@type":"ListItem","position":2,"name":"Shop","item":"https:\/\/www.purejewels.com\/shop\/"},{"@type":"ListItem","position":3,"name":"Fortis Platinum Link"}]},{"@type":"WebSite","@id":"https:\/\/www.purejewels.com\/#website","url":"https:\/\/www.purejewels.com\/","name":"PureJewels UK","description":"Teile die Liebe","publisher":{"@id":"https:\/\/www.purejewels.com\/#organization"},"potentialAction":[{"@type":"SearchAction","target":{"@type":"EntryPoint","urlTemplate":"https:\/\/www.purejewels.com\/?s={search_term_string}"},"query-input":{"@type":"PropertyValueSpecification","valueRequired":true,"valueName":"search_term_string"}}],"inLanguage":"de"},{"@type":"Organization","@id":"https:\/\/www.purejewels.com\/#organization","name":"PureJewels UK","url":"https:\/\/www.purejewels.com\/","logo":{"@type":"ImageObject","inLanguage":"de","@id":"https:\/\/www.purejewels.com\/#\/schema\/logo\/image\/","url":"https:\/\/static.purejewels.com\/wp-content\/uploads\/2020\/11\/Logo-PJ-New-1.png","contentUrl":"https:\/\/static.purejewels.com\/wp-content\/uploads\/2020\/11\/Logo-PJ-New-1.png","width":150,"height":80,"caption":"PureJewels UK"},"image":{"@id":"https:\/\/www.purejewels.com\/#\/schema\/logo\/image\/"}}]}},"_links":{"self":[{"href":"https:\/\/www.purejewels.com\/de\/wp-json\/wp\/v2\/product\/406707","targetHints":{"allow":["GET"]}}],"collection":[{"href":"https:\/\/www.purejewels.com\/de\/wp-json\/wp\/v2\/product"}],"about":[{"href":"https:\/\/www.purejewels.com\/de\/wp-json\/wp\/v2\/types\/product"}],"replies":[{"embeddable":true,"href":"https:\/\/www.purejewels.com\/de\/wp-json\/wp\/v2\/comments?post=406707"}],"version-history":[{"count":3,"href":"https:\/\/www.purejewels.com\/de\/wp-json\/wp\/v2\/product\/406707\/revisions"}],"predecessor-version":[{"id":406810,"href":"https:\/\/www.purejewels.com\/de\/wp-json\/wp\/v2\/product\/406707\/revisions\/406810"}],"wp:featuredmedia":[{"embeddable":true,"href":"https:\/\/www.purejewels.com\/de\/wp-json\/wp\/v2\/media\/406708"}],"wp:attachment":[{"href":"https:\/\/www.purejewels.com\/de\/wp-json\/wp\/v2\/media?parent=406707"}],"wp:term":[{"taxonomy":"product_brand","embeddable":true,"href":"https:\/\/www.purejewels.com\/de\/wp-json\/wp\/v2\/product_brand?post=406707"},{"taxonomy":"product_cat","embeddable":true,"href":"https:\/\/www.purejewels.com\/de\/wp-json\/wp\/v2\/product_cat?post=406707"},{"taxonomy":"product_tag","embeddable":true,"href":"https:\/\/www.purejewels.com\/de\/wp-json\/wp\/v2\/product_tag?post=406707"}],"curies":[{"name":"wp","href":"https:\/\/api.w.org\/{rel}","templated":true}]}}