{"id":407496,"date":"2025-07-21T11:06:28","date_gmt":"2025-07-21T10:06:28","guid":{"rendered":"https:\/\/www.purejewels.com\/?post_type=product&#038;p=407496"},"modified":"2026-03-11T05:45:15","modified_gmt":"2026-03-11T05:45:15","slug":"22ct-gold-fancy-ring-grose-k-46811","status":"publish","type":"product","link":"https:\/\/www.purejewels.com\/de\/product\/22ct-gold-fancy-ring-size-k-46811\/","title":{"rendered":"22ct Gold Fancy Ring | Gr\u00f6\u00dfe K"},"content":{"rendered":"<p>Wir enth\u00fcllen den Heritage Scroll 22ct Gold Fancy Ring - ein strahlender Ausdruck \u00fcberlieferter Handwerkskunst. Dieser Ring aus luxuri\u00f6sem 22-kar\u00e4tigem Gold besticht durch anmutige Scroll-Motive und kunstvolle Muster, die an die traditionelle indische Handwerkskunst erinnern.<\/p>\n<p>Die k\u00fchne und doch raffinierte Struktur macht sie ideal f\u00fcr feierliche Anl\u00e4sse oder als bedeutungsvolles Geschenk, mit dem die wertvollen Meilensteine des Lebens gefeiert werden. Dieses vom London Assay Office gepunzte St\u00fcck entspricht den h\u00f6chsten Standards f\u00fcr Reinheit und Handwerkskunst. Perfekt f\u00fcr die anspruchsvolle Frau, die sowohl das Erbe als auch die Individualit\u00e4t sch\u00e4tzt.<\/p>","protected":false},"excerpt":{"rendered":"<p>Dieser aufwendig gestaltete Ring aus opulentem 22-kar\u00e4tigem Gold zelebriert traditionelle Details mit einer modernen Silhouette. Mit der perfekten Gr\u00f6\u00dfe K ist er ein Statement zeitloser Eleganz.<\/p>\n<p><strong>Material:<\/strong>\u00a022ct Gold<br \/>\n<strong>Wahrzeichen:<\/strong>\u00a0Britisches G\u00fctesiegel<strong><br \/>\n<\/strong><strong>Bruttogewicht: <\/strong>2.10 Gms<br \/>\n<strong>Gr\u00f6\u00dfe:<\/strong> K<br \/>\n<strong>SKU<\/strong>: 46811<\/p>\n<p><strong>Preis und Lieferung<\/strong>: Inklusive Mehrwertsteuer und Lieferkosten<br \/>\n<a href=\"https:\/\/www.purejewels.com\/de\/ruckgabepolitik\/\">R\u00fcckgabepolitik<\/a><\/p>","protected":false},"featured_media":407500,"comment_status":"closed","ping_status":"closed","template":"","meta":{"_eb_attr":"","_crsspst_to_jayantr4sg-hostcom":true},"product_brand":[],"product_cat":[1791,1559,1785,6190,1235,5343,1783,5347,1570,1786,5338,1569,1573,1574,5349],"product_tag":[64],"class_list":{"0":"post-407496","1":"product","2":"type-product","3":"status-publish","4":"has-post-thumbnail","6":"product_cat-anniversary-gifts","7":"product_cat-birthday-gifts","8":"product_cat-daily-wear-rings","9":"product_cat-easter-jewellery","10":"product_cat-gold-rings","11":"product_cat-jewellery-under-550","12":"product_cat-ladies-rings","13":"product_cat-shop-by-metal","14":"product_cat-mothers-day-gifts","15":"product_cat-occasional-wear-rings","16":"product_cat-shop-by-price","17":"product_cat-valentine-day-gifts","18":"product_cat-wedding-gifts","19":"product_cat-womens-jewellery","20":"product_cat-yellow-gold-jewellery","21":"product_tag-rings","23":"first","24":"instock","25":"taxable","26":"shipping-taxable","27":"purchasable","28":"product-type-simple","29":"add-to-wishlist-before_image"},"yoast_head":"<!-- This site is optimized with the Yoast SEO plugin v27.3 - https:\/\/yoast.com\/product\/yoast-seo-wordpress\/ -->\n<title>22ct Gold Fancy Ring for Women \u2013 Heritage Design | PureJewels<\/title>\n<meta name=\"description\" content=\"Explore PureJewels&#039; 22ct Gold Fancy Ring a graceful blend of traditional artistry and modern luxury. Handcrafted elegance, hallmarked and heritage inspired.\" \/>\n<meta name=\"robots\" content=\"index, follow, max-snippet:-1, max-image-preview:large, max-video-preview:-1\" \/>\n<link rel=\"canonical\" href=\"https:\/\/www.purejewels.com\/de\/produkt-2\/22ct-gold-fancy-ring-grose-k-46811\/\" \/>\n<meta property=\"og:locale\" content=\"de_DE\" \/>\n<meta property=\"og:type\" content=\"article\" \/>\n<meta property=\"og:title\" content=\"22ct Gold Fancy Ring for Women \u2013 Heritage Design | PureJewels\" \/>\n<meta property=\"og:description\" content=\"Explore PureJewels&#039; 22ct Gold Fancy Ring a graceful blend of traditional artistry and modern luxury. Handcrafted elegance, hallmarked and heritage inspired.\" \/>\n<meta property=\"og:url\" content=\"https:\/\/www.purejewels.com\/de\/produkt-2\/22ct-gold-fancy-ring-grose-k-46811\/\" \/>\n<meta property=\"og:site_name\" content=\"PureJewels UK\" \/>\n<meta property=\"article:modified_time\" content=\"2026-03-11T05:45:15+00:00\" \/>\n<meta property=\"og:image\" content=\"https:\/\/static.purejewels.com\/wp-content\/uploads\/2025\/07\/SKU-46811.jpg\" \/>\n\t<meta property=\"og:image:width\" content=\"1000\" \/>\n\t<meta property=\"og:image:height\" content=\"1000\" \/>\n\t<meta property=\"og:image:type\" content=\"image\/jpeg\" \/>\n<meta name=\"twitter:card\" content=\"summary_large_image\" \/>\n<meta name=\"twitter:label1\" content=\"Gesch\u00e4tzte Lesezeit\" \/>\n\t<meta name=\"twitter:data1\" content=\"1\u00a0Minute\" \/>\n<script type=\"application\/ld+json\" class=\"yoast-schema-graph\">{\"@context\":\"https:\\\/\\\/schema.org\",\"@graph\":[{\"@type\":[\"WebPage\",\"ItemPage\"],\"@id\":\"https:\\\/\\\/www.purejewels.com\\\/product\\\/22ct-gold-fancy-ring-size-k-46811\\\/\",\"url\":\"https:\\\/\\\/www.purejewels.com\\\/product\\\/22ct-gold-fancy-ring-size-k-46811\\\/\",\"name\":\"22ct Gold Fancy Ring for Women \u2013 Heritage Design | PureJewels\",\"isPartOf\":{\"@id\":\"https:\\\/\\\/www.purejewels.com\\\/#website\"},\"primaryImageOfPage\":{\"@id\":\"https:\\\/\\\/www.purejewels.com\\\/product\\\/22ct-gold-fancy-ring-size-k-46811\\\/#primaryimage\"},\"image\":{\"@id\":\"https:\\\/\\\/www.purejewels.com\\\/product\\\/22ct-gold-fancy-ring-size-k-46811\\\/#primaryimage\"},\"thumbnailUrl\":\"https:\\\/\\\/static.purejewels.com\\\/wp-content\\\/uploads\\\/2025\\\/07\\\/SKU-46811.jpg\",\"datePublished\":\"2025-07-21T10:06:28+00:00\",\"dateModified\":\"2026-03-11T05:45:15+00:00\",\"description\":\"Explore PureJewels' 22ct Gold Fancy Ring a graceful blend of traditional artistry and modern luxury. Handcrafted elegance, hallmarked and heritage inspired.\",\"breadcrumb\":{\"@id\":\"https:\\\/\\\/www.purejewels.com\\\/product\\\/22ct-gold-fancy-ring-size-k-46811\\\/#breadcrumb\"},\"inLanguage\":\"de\",\"potentialAction\":[{\"@type\":\"ReadAction\",\"target\":[\"https:\\\/\\\/www.purejewels.com\\\/product\\\/22ct-gold-fancy-ring-size-k-46811\\\/\"]}]},{\"@type\":\"ImageObject\",\"inLanguage\":\"de\",\"@id\":\"https:\\\/\\\/www.purejewels.com\\\/product\\\/22ct-gold-fancy-ring-size-k-46811\\\/#primaryimage\",\"url\":\"https:\\\/\\\/static.purejewels.com\\\/wp-content\\\/uploads\\\/2025\\\/07\\\/SKU-46811.jpg\",\"contentUrl\":\"https:\\\/\\\/static.purejewels.com\\\/wp-content\\\/uploads\\\/2025\\\/07\\\/SKU-46811.jpg\",\"width\":1000,\"height\":1000,\"caption\":\"Stacked from 5 images. Method=B (R=8,S=4)\"},{\"@type\":\"BreadcrumbList\",\"@id\":\"https:\\\/\\\/www.purejewels.com\\\/product\\\/22ct-gold-fancy-ring-size-k-46811\\\/#breadcrumb\",\"itemListElement\":[{\"@type\":\"ListItem\",\"position\":1,\"name\":\"Home\",\"item\":\"https:\\\/\\\/www.purejewels.com\\\/\"},{\"@type\":\"ListItem\",\"position\":2,\"name\":\"Shop\",\"item\":\"https:\\\/\\\/www.purejewels.com\\\/shop\\\/\"},{\"@type\":\"ListItem\",\"position\":3,\"name\":\"22ct Gold Fancy Ring | Size K\"}]},{\"@type\":\"WebSite\",\"@id\":\"https:\\\/\\\/www.purejewels.com\\\/#website\",\"url\":\"https:\\\/\\\/www.purejewels.com\\\/\",\"name\":\"PureJewels UK\",\"description\":\"Share the Love\",\"publisher\":{\"@id\":\"https:\\\/\\\/www.purejewels.com\\\/#organization\"},\"potentialAction\":[{\"@type\":\"SearchAction\",\"target\":{\"@type\":\"EntryPoint\",\"urlTemplate\":\"https:\\\/\\\/www.purejewels.com\\\/?s={search_term_string}\"},\"query-input\":{\"@type\":\"PropertyValueSpecification\",\"valueRequired\":true,\"valueName\":\"search_term_string\"}}],\"inLanguage\":\"de\"},{\"@type\":\"Organization\",\"@id\":\"https:\\\/\\\/www.purejewels.com\\\/#organization\",\"name\":\"PureJewels UK\",\"url\":\"https:\\\/\\\/www.purejewels.com\\\/\",\"logo\":{\"@type\":\"ImageObject\",\"inLanguage\":\"de\",\"@id\":\"https:\\\/\\\/www.purejewels.com\\\/#\\\/schema\\\/logo\\\/image\\\/\",\"url\":\"https:\\\/\\\/static.purejewels.com\\\/wp-content\\\/uploads\\\/2020\\\/11\\\/Logo-PJ-New-1.png\",\"contentUrl\":\"https:\\\/\\\/static.purejewels.com\\\/wp-content\\\/uploads\\\/2020\\\/11\\\/Logo-PJ-New-1.png\",\"width\":150,\"height\":80,\"caption\":\"PureJewels UK\"},\"image\":{\"@id\":\"https:\\\/\\\/www.purejewels.com\\\/#\\\/schema\\\/logo\\\/image\\\/\"}}]}<\/script>\n<!-- \/ Yoast SEO plugin. -->","yoast_head_json":{"title":"22ct Gold Fancy Ring f\u00fcr Frauen - Heritage Design | PureJewels","description":"Entdecken Sie den 22ct Gold Fancy Ring von PureJewels, eine anmutige Mischung aus traditioneller Handwerkskunst und modernem Luxus. Handgefertigte Eleganz, gestempelt und vom Erbe inspiriert.","robots":{"index":"index","follow":"follow","max-snippet":"max-snippet:-1","max-image-preview":"max-image-preview:large","max-video-preview":"max-video-preview:-1"},"canonical":"https:\/\/www.purejewels.com\/de\/produkt-2\/22ct-gold-fancy-ring-grose-k-46811\/","og_locale":"de_DE","og_type":"article","og_title":"22ct Gold Fancy Ring for Women \u2013 Heritage Design | PureJewels","og_description":"Explore PureJewels' 22ct Gold Fancy Ring a graceful blend of traditional artistry and modern luxury. Handcrafted elegance, hallmarked and heritage inspired.","og_url":"https:\/\/www.purejewels.com\/de\/produkt-2\/22ct-gold-fancy-ring-grose-k-46811\/","og_site_name":"PureJewels UK","article_modified_time":"2026-03-11T05:45:15+00:00","og_image":[{"width":1000,"height":1000,"url":"https:\/\/static.purejewels.com\/wp-content\/uploads\/2025\/07\/SKU-46811.jpg","type":"image\/jpeg"}],"twitter_card":"summary_large_image","twitter_misc":{"Gesch\u00e4tzte Lesezeit":"1\u00a0Minute"},"schema":{"@context":"https:\/\/schema.org","@graph":[{"@type":["WebPage","ItemPage"],"@id":"https:\/\/www.purejewels.com\/product\/22ct-gold-fancy-ring-size-k-46811\/","url":"https:\/\/www.purejewels.com\/product\/22ct-gold-fancy-ring-size-k-46811\/","name":"22ct Gold Fancy Ring f\u00fcr Frauen - Heritage Design | PureJewels","isPartOf":{"@id":"https:\/\/www.purejewels.com\/#website"},"primaryImageOfPage":{"@id":"https:\/\/www.purejewels.com\/product\/22ct-gold-fancy-ring-size-k-46811\/#primaryimage"},"image":{"@id":"https:\/\/www.purejewels.com\/product\/22ct-gold-fancy-ring-size-k-46811\/#primaryimage"},"thumbnailUrl":"https:\/\/static.purejewels.com\/wp-content\/uploads\/2025\/07\/SKU-46811.jpg","datePublished":"2025-07-21T10:06:28+00:00","dateModified":"2026-03-11T05:45:15+00:00","description":"Entdecken Sie den 22ct Gold Fancy Ring von PureJewels, eine anmutige Mischung aus traditioneller Handwerkskunst und modernem Luxus. Handgefertigte Eleganz, gestempelt und vom Erbe inspiriert.","breadcrumb":{"@id":"https:\/\/www.purejewels.com\/product\/22ct-gold-fancy-ring-size-k-46811\/#breadcrumb"},"inLanguage":"de","potentialAction":[{"@type":"ReadAction","target":["https:\/\/www.purejewels.com\/product\/22ct-gold-fancy-ring-size-k-46811\/"]}]},{"@type":"ImageObject","inLanguage":"de","@id":"https:\/\/www.purejewels.com\/product\/22ct-gold-fancy-ring-size-k-46811\/#primaryimage","url":"https:\/\/static.purejewels.com\/wp-content\/uploads\/2025\/07\/SKU-46811.jpg","contentUrl":"https:\/\/static.purejewels.com\/wp-content\/uploads\/2025\/07\/SKU-46811.jpg","width":1000,"height":1000,"caption":"Stacked from 5 images. Method=B (R=8,S=4)"},{"@type":"BreadcrumbList","@id":"https:\/\/www.purejewels.com\/product\/22ct-gold-fancy-ring-size-k-46811\/#breadcrumb","itemListElement":[{"@type":"ListItem","position":1,"name":"Home","item":"https:\/\/www.purejewels.com\/"},{"@type":"ListItem","position":2,"name":"Shop","item":"https:\/\/www.purejewels.com\/shop\/"},{"@type":"ListItem","position":3,"name":"22ct Gold Fancy Ring | Size K"}]},{"@type":"WebSite","@id":"https:\/\/www.purejewels.com\/#website","url":"https:\/\/www.purejewels.com\/","name":"PureJewels UK","description":"Teile die Liebe","publisher":{"@id":"https:\/\/www.purejewels.com\/#organization"},"potentialAction":[{"@type":"SearchAction","target":{"@type":"EntryPoint","urlTemplate":"https:\/\/www.purejewels.com\/?s={search_term_string}"},"query-input":{"@type":"PropertyValueSpecification","valueRequired":true,"valueName":"search_term_string"}}],"inLanguage":"de"},{"@type":"Organization","@id":"https:\/\/www.purejewels.com\/#organization","name":"PureJewels UK","url":"https:\/\/www.purejewels.com\/","logo":{"@type":"ImageObject","inLanguage":"de","@id":"https:\/\/www.purejewels.com\/#\/schema\/logo\/image\/","url":"https:\/\/static.purejewels.com\/wp-content\/uploads\/2020\/11\/Logo-PJ-New-1.png","contentUrl":"https:\/\/static.purejewels.com\/wp-content\/uploads\/2020\/11\/Logo-PJ-New-1.png","width":150,"height":80,"caption":"PureJewels UK"},"image":{"@id":"https:\/\/www.purejewels.com\/#\/schema\/logo\/image\/"}}]}},"_links":{"self":[{"href":"https:\/\/www.purejewels.com\/de\/wp-json\/wp\/v2\/product\/407496","targetHints":{"allow":["GET"]}}],"collection":[{"href":"https:\/\/www.purejewels.com\/de\/wp-json\/wp\/v2\/product"}],"about":[{"href":"https:\/\/www.purejewels.com\/de\/wp-json\/wp\/v2\/types\/product"}],"replies":[{"embeddable":true,"href":"https:\/\/www.purejewels.com\/de\/wp-json\/wp\/v2\/comments?post=407496"}],"version-history":[{"count":1,"href":"https:\/\/www.purejewels.com\/de\/wp-json\/wp\/v2\/product\/407496\/revisions"}],"predecessor-version":[{"id":407501,"href":"https:\/\/www.purejewels.com\/de\/wp-json\/wp\/v2\/product\/407496\/revisions\/407501"}],"wp:featuredmedia":[{"embeddable":true,"href":"https:\/\/www.purejewels.com\/de\/wp-json\/wp\/v2\/media\/407500"}],"wp:attachment":[{"href":"https:\/\/www.purejewels.com\/de\/wp-json\/wp\/v2\/media?parent=407496"}],"wp:term":[{"taxonomy":"product_brand","embeddable":true,"href":"https:\/\/www.purejewels.com\/de\/wp-json\/wp\/v2\/product_brand?post=407496"},{"taxonomy":"product_cat","embeddable":true,"href":"https:\/\/www.purejewels.com\/de\/wp-json\/wp\/v2\/product_cat?post=407496"},{"taxonomy":"product_tag","embeddable":true,"href":"https:\/\/www.purejewels.com\/de\/wp-json\/wp\/v2\/product_tag?post=407496"}],"curies":[{"name":"wp","href":"https:\/\/api.w.org\/{rel}","templated":true}]}}