{"id":407667,"date":"2025-07-01T10:39:31","date_gmt":"2025-07-01T09:39:31","guid":{"rendered":"https:\/\/www.purejewels.com\/?post_type=product&#038;p=407667"},"modified":"2026-03-11T05:46:10","modified_gmt":"2026-03-11T05:46:10","slug":"22ct-gold-zwillingsbogen-ring-grose-p-46995","status":"publish","type":"product","link":"https:\/\/www.purejewels.com\/de\/product\/22ct-gold-twin-curve-ring-size-p-46995\/","title":{"rendered":"22ct Gold Twin Curve Ring | Gr\u00f6\u00dfe P"},"content":{"rendered":"<p>Dieser Ring aus 22-kar\u00e4tigem Gold vereint flie\u00dfende Linien und ein markantes Detail in der Mitte. Die beiden Kurven bilden einen weichen, offenen Rahmen um ein geometrisches Design, das dem Schmuckst\u00fcck Rhythmus und Tiefe verleiht.<\/p>\n<p>Poliert auf ein warmes Goldfinish und gepunzt vom London Assay Office bietet dieser Ring einen modernen Look mit traditioneller Handwerkskunst. Sein geringes Gewicht und seine ausgewogene Form machen ihn zu einer vielseitigen Wahl f\u00fcr das t\u00e4gliche Tragen oder als bedeutungsvolles Geschenk.<\/p>\n<p><span data-sheets-root=\"1\">Dieser atemberaubende Ring aus 22-kar\u00e4tigem Gold verf\u00fcgt \u00fcber ein einzigartiges Doppelband-Design mit einem auff\u00e4lligen geometrischen Zentrum, das jedem Outfit einen Hauch von moderner Eleganz verleiht. Die leichte Konstruktion macht ihn perfekt f\u00fcr das t\u00e4gliche Tragen, w\u00e4hrend die britische Punze seine Qualit\u00e4t und Echtheit garantiert.<\/span><\/p>\n<p>Dieser aus hochwertigem 22-kar\u00e4tigem Gold gefertigte Ring ist ein zeitloses Schmuckst\u00fcck, das jeden Look aufwertet. Ganz gleich, ob Sie sich f\u00fcr einen besonderen Anlass herausputzen oder einfach nur einen Hauch von Luxus zu Ihrem Alltagsstil hinzuf\u00fcgen m\u00f6chten, dieser Ring ist die perfekte Wahl.<\/p>\n<p>Bei PureJewels UK bieten wir Ihnen eine kostenlose, verfolgbare Lieferung und sichere Online-Zahlungen, damit Sie sich keine Sorgen machen m\u00fcssen. Mit einer 30-t\u00e4gigen Geld-zur\u00fcck-Garantie k\u00f6nnen Sie mit Vertrauen einkaufen und wissen, dass Ihre Zufriedenheit unsere h\u00f6chste Priorit\u00e4t ist. G\u00f6nnen Sie sich oder einem geliebten Menschen diesen exquisiten Ring aus 22 Karat Gold und setzen Sie mit seinem k\u00fchnen, aber dennoch minimalistischen Design ein Zeichen. Bestellen Sie jetzt und genie\u00dfen Sie die Sch\u00f6nheit dieses einzigartigen Schmuckst\u00fccks.<\/p>","protected":false},"excerpt":{"rendered":"<p>K\u00fchn und doch minimalistischer Ring aus 22-kar\u00e4tigem Gold mit einem Zwillingsring und einem zentralen geometrischen Element. Leicht und gepunzt f\u00fcr t\u00e4gliche Eleganz.<\/p>\n<p><strong>Material:<\/strong>\u00a022ct Gold<br \/>\n<strong>Wahrzeichen:<\/strong>\u00a0Britisches G\u00fctesiegel<strong><br \/>\n<\/strong><strong>Bruttogewicht: <\/strong>2,90 Gramm<br \/>\n<strong>Gr\u00f6\u00dfe:<\/strong> P<br \/>\n<strong>SKU<\/strong>: 46995<\/p>\n<p><strong>Preis und Lieferung<\/strong>: Inklusive Mehrwertsteuer und Lieferkosten<br \/>\n<a href=\"https:\/\/www.purejewels.com\/de\/ruckgabepolitik\/\">R\u00fcckgabepolitik<\/a><\/p>","protected":false},"featured_media":407672,"comment_status":"closed","ping_status":"closed","template":"","meta":{"_eb_attr":"","_crsspst_to_jayantr4sg-hostcom":true},"product_brand":[],"product_cat":[1791,1559,1785,6190,1235,5344,1783,5347,1570,1786,5338,1569,1573,1574,5349],"product_tag":[64],"class_list":{"0":"post-407667","1":"product","2":"type-product","3":"status-publish","4":"has-post-thumbnail","6":"product_cat-anniversary-gifts","7":"product_cat-birthday-gifts","8":"product_cat-daily-wear-rings","9":"product_cat-easter-jewellery","10":"product_cat-gold-rings","11":"product_cat-jewellery-under-750","12":"product_cat-ladies-rings","13":"product_cat-shop-by-metal","14":"product_cat-mothers-day-gifts","15":"product_cat-occasional-wear-rings","16":"product_cat-shop-by-price","17":"product_cat-valentine-day-gifts","18":"product_cat-wedding-gifts","19":"product_cat-womens-jewellery","20":"product_cat-yellow-gold-jewellery","21":"product_tag-rings","23":"first","24":"instock","25":"taxable","26":"shipping-taxable","27":"purchasable","28":"product-type-simple","29":"add-to-wishlist-before_image"},"yoast_head":"<!-- This site is optimized with the Yoast SEO plugin v27.3 - https:\/\/yoast.com\/product\/yoast-seo-wordpress\/ -->\n<title>22ct Gold Ring with Geometric Centre | PureJewels UK<\/title>\n<meta name=\"description\" content=\"Explore this 22ct gold ring with a geometric centre and open twin band. Hallmarked in London and crafted for everyday elegance at PureJewels.\" \/>\n<meta name=\"robots\" content=\"index, follow, max-snippet:-1, max-image-preview:large, max-video-preview:-1\" \/>\n<link rel=\"canonical\" href=\"https:\/\/www.purejewels.com\/de\/produkt-2\/22ct-gold-zwillingsbogen-ring-grose-p-46995\/\" \/>\n<meta property=\"og:locale\" content=\"de_DE\" \/>\n<meta property=\"og:type\" content=\"article\" \/>\n<meta property=\"og:title\" content=\"22ct Gold Ring with Geometric Centre | PureJewels UK\" \/>\n<meta property=\"og:description\" content=\"Explore this 22ct gold ring with a geometric centre and open twin band. Hallmarked in London and crafted for everyday elegance at PureJewels.\" \/>\n<meta property=\"og:url\" content=\"https:\/\/www.purejewels.com\/de\/produkt-2\/22ct-gold-zwillingsbogen-ring-grose-p-46995\/\" \/>\n<meta property=\"og:site_name\" content=\"PureJewels UK\" \/>\n<meta property=\"article:modified_time\" content=\"2026-03-11T05:46:10+00:00\" \/>\n<meta property=\"og:image\" content=\"https:\/\/static.purejewels.com\/wp-content\/uploads\/2025\/07\/SKU-46995.1.jpg\" \/>\n\t<meta property=\"og:image:width\" content=\"1000\" \/>\n\t<meta property=\"og:image:height\" content=\"1000\" \/>\n\t<meta property=\"og:image:type\" content=\"image\/jpeg\" \/>\n<meta name=\"twitter:card\" content=\"summary_large_image\" \/>\n<meta name=\"twitter:label1\" content=\"Gesch\u00e4tzte Lesezeit\" \/>\n\t<meta name=\"twitter:data1\" content=\"2\u00a0Minuten\" \/>\n<script type=\"application\/ld+json\" class=\"yoast-schema-graph\">{\"@context\":\"https:\\\/\\\/schema.org\",\"@graph\":[{\"@type\":[\"WebPage\",\"ItemPage\"],\"@id\":\"https:\\\/\\\/www.purejewels.com\\\/product\\\/22ct-gold-twin-curve-ring-size-p-46995\\\/\",\"url\":\"https:\\\/\\\/www.purejewels.com\\\/product\\\/22ct-gold-twin-curve-ring-size-p-46995\\\/\",\"name\":\"22ct Gold Ring with Geometric Centre | PureJewels UK\",\"isPartOf\":{\"@id\":\"https:\\\/\\\/www.purejewels.com\\\/#website\"},\"primaryImageOfPage\":{\"@id\":\"https:\\\/\\\/www.purejewels.com\\\/product\\\/22ct-gold-twin-curve-ring-size-p-46995\\\/#primaryimage\"},\"image\":{\"@id\":\"https:\\\/\\\/www.purejewels.com\\\/product\\\/22ct-gold-twin-curve-ring-size-p-46995\\\/#primaryimage\"},\"thumbnailUrl\":\"https:\\\/\\\/static.purejewels.com\\\/wp-content\\\/uploads\\\/2025\\\/07\\\/SKU-46995.1.jpg\",\"datePublished\":\"2025-07-01T09:39:31+00:00\",\"dateModified\":\"2026-03-11T05:46:10+00:00\",\"description\":\"Explore this 22ct gold ring with a geometric centre and open twin band. Hallmarked in London and crafted for everyday elegance at PureJewels.\",\"breadcrumb\":{\"@id\":\"https:\\\/\\\/www.purejewels.com\\\/product\\\/22ct-gold-twin-curve-ring-size-p-46995\\\/#breadcrumb\"},\"inLanguage\":\"de\",\"potentialAction\":[{\"@type\":\"ReadAction\",\"target\":[\"https:\\\/\\\/www.purejewels.com\\\/product\\\/22ct-gold-twin-curve-ring-size-p-46995\\\/\"]}]},{\"@type\":\"ImageObject\",\"inLanguage\":\"de\",\"@id\":\"https:\\\/\\\/www.purejewels.com\\\/product\\\/22ct-gold-twin-curve-ring-size-p-46995\\\/#primaryimage\",\"url\":\"https:\\\/\\\/static.purejewels.com\\\/wp-content\\\/uploads\\\/2025\\\/07\\\/SKU-46995.1.jpg\",\"contentUrl\":\"https:\\\/\\\/static.purejewels.com\\\/wp-content\\\/uploads\\\/2025\\\/07\\\/SKU-46995.1.jpg\",\"width\":1000,\"height\":1000,\"caption\":\"Stacked from 5 images. Method=B (R=8,S=4)\"},{\"@type\":\"BreadcrumbList\",\"@id\":\"https:\\\/\\\/www.purejewels.com\\\/product\\\/22ct-gold-twin-curve-ring-size-p-46995\\\/#breadcrumb\",\"itemListElement\":[{\"@type\":\"ListItem\",\"position\":1,\"name\":\"Home\",\"item\":\"https:\\\/\\\/www.purejewels.com\\\/\"},{\"@type\":\"ListItem\",\"position\":2,\"name\":\"Shop\",\"item\":\"https:\\\/\\\/www.purejewels.com\\\/shop\\\/\"},{\"@type\":\"ListItem\",\"position\":3,\"name\":\"22ct Gold Twin Curve Ring | Size P\"}]},{\"@type\":\"WebSite\",\"@id\":\"https:\\\/\\\/www.purejewels.com\\\/#website\",\"url\":\"https:\\\/\\\/www.purejewels.com\\\/\",\"name\":\"PureJewels UK\",\"description\":\"Share the Love\",\"publisher\":{\"@id\":\"https:\\\/\\\/www.purejewels.com\\\/#organization\"},\"potentialAction\":[{\"@type\":\"SearchAction\",\"target\":{\"@type\":\"EntryPoint\",\"urlTemplate\":\"https:\\\/\\\/www.purejewels.com\\\/?s={search_term_string}\"},\"query-input\":{\"@type\":\"PropertyValueSpecification\",\"valueRequired\":true,\"valueName\":\"search_term_string\"}}],\"inLanguage\":\"de\"},{\"@type\":\"Organization\",\"@id\":\"https:\\\/\\\/www.purejewels.com\\\/#organization\",\"name\":\"PureJewels UK\",\"url\":\"https:\\\/\\\/www.purejewels.com\\\/\",\"logo\":{\"@type\":\"ImageObject\",\"inLanguage\":\"de\",\"@id\":\"https:\\\/\\\/www.purejewels.com\\\/#\\\/schema\\\/logo\\\/image\\\/\",\"url\":\"https:\\\/\\\/static.purejewels.com\\\/wp-content\\\/uploads\\\/2020\\\/11\\\/Logo-PJ-New-1.png\",\"contentUrl\":\"https:\\\/\\\/static.purejewels.com\\\/wp-content\\\/uploads\\\/2020\\\/11\\\/Logo-PJ-New-1.png\",\"width\":150,\"height\":80,\"caption\":\"PureJewels UK\"},\"image\":{\"@id\":\"https:\\\/\\\/www.purejewels.com\\\/#\\\/schema\\\/logo\\\/image\\\/\"}}]}<\/script>\n<!-- \/ Yoast SEO plugin. -->","yoast_head_json":{"title":"22ct Gold Ring mit geometrischer Mitte | PureJewels UK","description":"Entdecken Sie diesen Ring aus 22 Karat Gold mit geometrischem Zentrum und offenem Zwillingsring. Gepunzt in London und gefertigt f\u00fcr allt\u00e4gliche Eleganz bei PureJewels.","robots":{"index":"index","follow":"follow","max-snippet":"max-snippet:-1","max-image-preview":"max-image-preview:large","max-video-preview":"max-video-preview:-1"},"canonical":"https:\/\/www.purejewels.com\/de\/produkt-2\/22ct-gold-zwillingsbogen-ring-grose-p-46995\/","og_locale":"de_DE","og_type":"article","og_title":"22ct Gold Ring with Geometric Centre | PureJewels UK","og_description":"Explore this 22ct gold ring with a geometric centre and open twin band. Hallmarked in London and crafted for everyday elegance at PureJewels.","og_url":"https:\/\/www.purejewels.com\/de\/produkt-2\/22ct-gold-zwillingsbogen-ring-grose-p-46995\/","og_site_name":"PureJewels UK","article_modified_time":"2026-03-11T05:46:10+00:00","og_image":[{"width":1000,"height":1000,"url":"https:\/\/static.purejewels.com\/wp-content\/uploads\/2025\/07\/SKU-46995.1.jpg","type":"image\/jpeg"}],"twitter_card":"summary_large_image","twitter_misc":{"Gesch\u00e4tzte Lesezeit":"2\u00a0Minuten"},"schema":{"@context":"https:\/\/schema.org","@graph":[{"@type":["WebPage","ItemPage"],"@id":"https:\/\/www.purejewels.com\/product\/22ct-gold-twin-curve-ring-size-p-46995\/","url":"https:\/\/www.purejewels.com\/product\/22ct-gold-twin-curve-ring-size-p-46995\/","name":"22ct Gold Ring mit geometrischer Mitte | PureJewels UK","isPartOf":{"@id":"https:\/\/www.purejewels.com\/#website"},"primaryImageOfPage":{"@id":"https:\/\/www.purejewels.com\/product\/22ct-gold-twin-curve-ring-size-p-46995\/#primaryimage"},"image":{"@id":"https:\/\/www.purejewels.com\/product\/22ct-gold-twin-curve-ring-size-p-46995\/#primaryimage"},"thumbnailUrl":"https:\/\/static.purejewels.com\/wp-content\/uploads\/2025\/07\/SKU-46995.1.jpg","datePublished":"2025-07-01T09:39:31+00:00","dateModified":"2026-03-11T05:46:10+00:00","description":"Entdecken Sie diesen Ring aus 22 Karat Gold mit geometrischem Zentrum und offenem Zwillingsring. Gepunzt in London und gefertigt f\u00fcr allt\u00e4gliche Eleganz bei PureJewels.","breadcrumb":{"@id":"https:\/\/www.purejewels.com\/product\/22ct-gold-twin-curve-ring-size-p-46995\/#breadcrumb"},"inLanguage":"de","potentialAction":[{"@type":"ReadAction","target":["https:\/\/www.purejewels.com\/product\/22ct-gold-twin-curve-ring-size-p-46995\/"]}]},{"@type":"ImageObject","inLanguage":"de","@id":"https:\/\/www.purejewels.com\/product\/22ct-gold-twin-curve-ring-size-p-46995\/#primaryimage","url":"https:\/\/static.purejewels.com\/wp-content\/uploads\/2025\/07\/SKU-46995.1.jpg","contentUrl":"https:\/\/static.purejewels.com\/wp-content\/uploads\/2025\/07\/SKU-46995.1.jpg","width":1000,"height":1000,"caption":"Stacked from 5 images. Method=B (R=8,S=4)"},{"@type":"BreadcrumbList","@id":"https:\/\/www.purejewels.com\/product\/22ct-gold-twin-curve-ring-size-p-46995\/#breadcrumb","itemListElement":[{"@type":"ListItem","position":1,"name":"Home","item":"https:\/\/www.purejewels.com\/"},{"@type":"ListItem","position":2,"name":"Shop","item":"https:\/\/www.purejewels.com\/shop\/"},{"@type":"ListItem","position":3,"name":"22ct Gold Twin Curve Ring | Size P"}]},{"@type":"WebSite","@id":"https:\/\/www.purejewels.com\/#website","url":"https:\/\/www.purejewels.com\/","name":"PureJewels UK","description":"Teile die Liebe","publisher":{"@id":"https:\/\/www.purejewels.com\/#organization"},"potentialAction":[{"@type":"SearchAction","target":{"@type":"EntryPoint","urlTemplate":"https:\/\/www.purejewels.com\/?s={search_term_string}"},"query-input":{"@type":"PropertyValueSpecification","valueRequired":true,"valueName":"search_term_string"}}],"inLanguage":"de"},{"@type":"Organization","@id":"https:\/\/www.purejewels.com\/#organization","name":"PureJewels UK","url":"https:\/\/www.purejewels.com\/","logo":{"@type":"ImageObject","inLanguage":"de","@id":"https:\/\/www.purejewels.com\/#\/schema\/logo\/image\/","url":"https:\/\/static.purejewels.com\/wp-content\/uploads\/2020\/11\/Logo-PJ-New-1.png","contentUrl":"https:\/\/static.purejewels.com\/wp-content\/uploads\/2020\/11\/Logo-PJ-New-1.png","width":150,"height":80,"caption":"PureJewels UK"},"image":{"@id":"https:\/\/www.purejewels.com\/#\/schema\/logo\/image\/"}}]}},"_links":{"self":[{"href":"https:\/\/www.purejewels.com\/de\/wp-json\/wp\/v2\/product\/407667","targetHints":{"allow":["GET"]}}],"collection":[{"href":"https:\/\/www.purejewels.com\/de\/wp-json\/wp\/v2\/product"}],"about":[{"href":"https:\/\/www.purejewels.com\/de\/wp-json\/wp\/v2\/types\/product"}],"replies":[{"embeddable":true,"href":"https:\/\/www.purejewels.com\/de\/wp-json\/wp\/v2\/comments?post=407667"}],"version-history":[{"count":4,"href":"https:\/\/www.purejewels.com\/de\/wp-json\/wp\/v2\/product\/407667\/revisions"}],"predecessor-version":[{"id":425697,"href":"https:\/\/www.purejewels.com\/de\/wp-json\/wp\/v2\/product\/407667\/revisions\/425697"}],"wp:featuredmedia":[{"embeddable":true,"href":"https:\/\/www.purejewels.com\/de\/wp-json\/wp\/v2\/media\/407672"}],"wp:attachment":[{"href":"https:\/\/www.purejewels.com\/de\/wp-json\/wp\/v2\/media?parent=407667"}],"wp:term":[{"taxonomy":"product_brand","embeddable":true,"href":"https:\/\/www.purejewels.com\/de\/wp-json\/wp\/v2\/product_brand?post=407667"},{"taxonomy":"product_cat","embeddable":true,"href":"https:\/\/www.purejewels.com\/de\/wp-json\/wp\/v2\/product_cat?post=407667"},{"taxonomy":"product_tag","embeddable":true,"href":"https:\/\/www.purejewels.com\/de\/wp-json\/wp\/v2\/product_tag?post=407667"}],"curies":[{"name":"wp","href":"https:\/\/api.w.org\/{rel}","templated":true}]}}