{"id":407675,"date":"2025-07-19T11:15:21","date_gmt":"2025-07-19T10:15:21","guid":{"rendered":"https:\/\/www.purejewels.com\/?post_type=product&#038;p=407675"},"modified":"2026-02-09T11:21:44","modified_gmt":"2026-02-09T11:21:44","slug":"personifizierter-edelsteinring","status":"publish","type":"product","link":"https:\/\/www.purejewels.com\/de\/product\/personlised-gemstone-ring\/","title":{"rendered":"Personalisierter Edelstein-Ring"},"content":{"rendered":"<h4 data-start=\"303\" data-end=\"335\"><strong data-start=\"308\" data-end=\"333\">Inspiration und Geschichte<\/strong><\/h4>\n<p data-start=\"336\" data-end=\"885\">Dieser ma\u00dfgefertigte Ring entstand aus dem Wunsch, Individualit\u00e4t zu zelebrieren, und f\u00e4ngt die Essenz zeitloser Eleganz und pers\u00f6nlicher Bedeutung ein. Ob Sie sich f\u00fcr einen leuchtenden Rubin, einen ruhigen Aquamarin, einen klassischen Saphir oder Ihren eigenen Geburtsstein entscheiden, jeder Edelstein erz\u00e4hlt eine einzigartige Geschichte - von Liebe, Verm\u00e4chtnis oder Neuanfang. Eingefasst in PureJewels' unverkennbares 22-kar\u00e4tiges Sunrise Gold, bietet der Ring eine leuchtende Leinwand, die die nat\u00fcrliche Sch\u00f6nheit des von Ihnen gew\u00e4hlten Edelsteins zur Geltung bringt. F\u00fcr alle, die Raffinesse mit einer pers\u00f6nlichen Note suchen, wird dieses St\u00fcck zu mehr als nur Schmuck - es wird zu Ihrem.<\/p>\n<h4 data-start=\"887\" data-end=\"924\"><strong data-start=\"892\" data-end=\"922\">Material und Handwerkskunst<\/strong><\/h4>\n<p data-start=\"925\" data-end=\"1445\">Dieser handgefertigte Ring aus 91,6% reinem 22-kar\u00e4tigem Sunrise Gold verbindet handwerkliches K\u00f6nnen mit ma\u00dfgeschneidertem Design. Jedes St\u00fcck wird auf Bestellung gefertigt und ist vollst\u00e4ndig anpassbar - w\u00e4hlen Sie Ihren Edelstein, die Form, die Gr\u00f6\u00dfe und die Ringgr\u00f6\u00dfe, um etwas wirklich Pers\u00f6nliches zu schaffen. Ganz gleich, ob Sie sich f\u00fcr einen reichen Gemfields-Smaragd, einen farbenpr\u00e4chtigen Saphir oder einen pastellfarbenen Aquamarin entscheiden, jeder Edelstein wird aus ethischen Quellen bezogen und fachm\u00e4nnisch gefasst, um seine Brillanz zu betonen. Dieser mit dem britischen Pr\u00fcfsiegel zertifizierte Ring ist ein Fest f\u00fcr bewussten Luxus und best\u00e4ndige Handwerkskunst.<\/p>\n<h4 data-start=\"1801\" data-end=\"1835\"><strong data-start=\"1806\" data-end=\"1833\">Wie Sie Ihre Bestellung aufgeben<\/strong><\/h4>\n<p data-start=\"1836\" data-end=\"2114\">Um Ihren Ring zu personalisieren, geben Sie eine Direktbestellung auf und erw\u00e4hnen Sie Ihre <strong data-start=\"1900\" data-end=\"1913\">Ringgr\u00f6\u00dfe<\/strong> und <strong data-start=\"1918\" data-end=\"1940\">bevorzugter Edelstein<\/strong> im Kommentarfeld an der Kasse. Der angegebene Preis basiert auf einem <strong data-start=\"2008\" data-end=\"2040\">0,5ct Smaragd in Ringgr\u00f6\u00dfe P<\/strong>. Der Endpreis kann je nach ausgew\u00e4hltem Edelstein und Karatgewicht variieren.<\/p>\n<p data-start=\"2116\" data-end=\"2312\">Sobald Ihre Bestellung eingegangen ist, wird sich unser Team mit Ihnen in Verbindung setzen, um die Details zu best\u00e4tigen und Sie durch die n\u00e4chsten Schritte zu f\u00fchren. Ihr handgefertigter Ring wird geliefert innerhalb von <strong data-start=\"2279\" data-end=\"2292\">3-4 Wochen<\/strong> der Auftragserteilung.<\/p>\n<p data-start=\"2116\" data-end=\"2312\"><b>SKU:<\/b> 51495-1<\/p>","protected":false},"excerpt":{"rendered":"<p data-start=\"160\" data-end=\"569\">Dieser zeitlose Ring f\u00fcr Anspruchsvolle verbindet traditionelles Design mit moderner Eleganz. Er ist vollst\u00e4ndig anpassbar und erm\u00f6glicht es Ihnen, den Edelstein zu w\u00e4hlen, der Ihre Geschichte widerspiegelt - ob Saphir, Rubin, Aquamarin oder Ihr Geburtsstein. Durch die Anpassung an Ihre bevorzugte Steinform, Gr\u00f6\u00dfe und Ringgr\u00f6\u00dfe wird dieses Schmuckst\u00fcck zu Ihrem ganz pers\u00f6nlichen Schmuckst\u00fcck. Ein Fest der Individualit\u00e4t in 22ct Sunrise Gold.<\/p>\n<p><strong>Material:<\/strong> 22ct Sonnenaufgang Gold<br \/>\n<strong>Reinheit: <\/strong>91.6% reines Gold<br \/>\n<strong>Wahrzeichen:<\/strong> Britisches G\u00fctesiegel<br \/>\n<strong>Edelstein<\/strong>: Smaragd (anpassbar)<br \/>\n<strong>Edelstein Gewicht:<\/strong> 0,45ct insgesamt (variiert je nach Auswahl)<br \/>\n<strong>Ringgr\u00f6\u00dfe:<\/strong> P (in allen Gr\u00f6\u00dfen erh\u00e4ltlich)<br \/>\n<strong>Bruttogewicht:<\/strong> 2,0 g (ca., variiert je nach Ausf\u00fchrung)<br \/>\n<strong>Vorlaufzeit:<\/strong> Auf Bestellung gefertigt, Lieferung in 3-4 Wochen<br \/>\n<strong>SKU:\u00a0<\/strong>51495-1<br \/>\n<strong>Preis und Lieferung: Inklusive Mehrwertsteuer und Lieferkosten<br \/>\n<a href=\"https:\/\/www.purejewels.com\/de\/ruckgabepolitik\/\">R\u00fcckgabepolitik<\/a><\/strong><\/p>","protected":false},"featured_media":389402,"comment_status":"closed","ping_status":"closed","template":"","meta":{"_eb_attr":"","_crsspst_to_jayantr4sg-hostcom":false},"product_brand":[],"product_cat":[1791,1559,1785,6124,1235,1783,6052,5906,6120,6042,1573,1574,5747],"product_tag":[],"class_list":{"0":"post-407675","1":"product","2":"type-product","3":"status-publish","4":"has-post-thumbnail","6":"product_cat-anniversary-gifts","7":"product_cat-birthday-gifts","8":"product_cat-daily-wear-rings","9":"product_cat-gemstone","10":"product_cat-gold-rings","11":"product_cat-ladies-rings","12":"product_cat-personalised-gemstone","13":"product_cat-personalised-jewellery","14":"product_cat-shop-by-style","15":"product_cat-solitaire-ring","16":"product_cat-wedding-gifts","17":"product_cat-womens-jewellery","18":"product_cat-mantra-collection","20":"first","21":"onbackorder","22":"taxable","23":"shipping-taxable","24":"purchasable","25":"product-type-simple","26":"add-to-wishlist-before_image"},"yoast_head":"<!-- This site is optimized with the Yoast SEO plugin v27.5 - https:\/\/yoast.com\/product\/yoast-seo-wordpress\/ -->\n<title>Personalised Gemstone ring | Size P | PureJewels UK<\/title>\n<meta name=\"description\" content=\"Personalised gemstone ring in 22ct Gold at PureJewels UK. A perfect blend of elegance and luxury, featuring a beautiful gemstone set in 22ct gold.\" \/>\n<meta name=\"robots\" content=\"index, follow, max-snippet:-1, max-image-preview:large, max-video-preview:-1\" \/>\n<link rel=\"canonical\" href=\"https:\/\/www.purejewels.com\/de\/produkt-2\/personifizierter-edelsteinring\/\" \/>\n<meta property=\"og:locale\" content=\"de_DE\" \/>\n<meta property=\"og:type\" content=\"article\" \/>\n<meta property=\"og:title\" content=\"Personalised Gemstone ring | Size P | PureJewels UK\" \/>\n<meta property=\"og:description\" content=\"Personalised gemstone ring in 22ct Gold at PureJewels UK. A perfect blend of elegance and luxury, featuring a beautiful gemstone set in 22ct gold.\" \/>\n<meta property=\"og:url\" content=\"https:\/\/www.purejewels.com\/de\/produkt-2\/personifizierter-edelsteinring\/\" \/>\n<meta property=\"og:site_name\" content=\"PureJewels UK\" \/>\n<meta property=\"article:modified_time\" content=\"2026-02-09T11:21:44+00:00\" \/>\n<meta property=\"og:image\" content=\"https:\/\/static.purejewels.com\/wp-content\/uploads\/2025\/01\/51495.png\" \/>\n\t<meta property=\"og:image:width\" content=\"1000\" \/>\n\t<meta property=\"og:image:height\" content=\"1000\" \/>\n\t<meta property=\"og:image:type\" content=\"image\/png\" \/>\n<meta name=\"twitter:card\" content=\"summary_large_image\" \/>\n<meta name=\"twitter:label1\" content=\"Gesch\u00e4tzte Lesezeit\" \/>\n\t<meta name=\"twitter:data1\" content=\"1\u00a0Minute\" \/>\n<script type=\"application\/ld+json\" class=\"yoast-schema-graph\">{\"@context\":\"https:\\\/\\\/schema.org\",\"@graph\":[{\"@type\":[\"WebPage\",\"ItemPage\"],\"@id\":\"https:\\\/\\\/www.purejewels.com\\\/product\\\/personlised-gemstone-ring\\\/\",\"url\":\"https:\\\/\\\/www.purejewels.com\\\/product\\\/personlised-gemstone-ring\\\/\",\"name\":\"Personalised Gemstone ring | Size P | PureJewels UK\",\"isPartOf\":{\"@id\":\"https:\\\/\\\/www.purejewels.com\\\/#website\"},\"primaryImageOfPage\":{\"@id\":\"https:\\\/\\\/www.purejewels.com\\\/product\\\/personlised-gemstone-ring\\\/#primaryimage\"},\"image\":{\"@id\":\"https:\\\/\\\/www.purejewels.com\\\/product\\\/personlised-gemstone-ring\\\/#primaryimage\"},\"thumbnailUrl\":\"https:\\\/\\\/static.purejewels.com\\\/wp-content\\\/uploads\\\/2025\\\/01\\\/51495.png\",\"datePublished\":\"2025-07-19T10:15:21+00:00\",\"dateModified\":\"2026-02-09T11:21:44+00:00\",\"description\":\"Personalised gemstone ring in 22ct Gold at PureJewels UK. A perfect blend of elegance and luxury, featuring a beautiful gemstone set in 22ct gold.\",\"breadcrumb\":{\"@id\":\"https:\\\/\\\/www.purejewels.com\\\/product\\\/personlised-gemstone-ring\\\/#breadcrumb\"},\"inLanguage\":\"de\",\"potentialAction\":[{\"@type\":\"ReadAction\",\"target\":[\"https:\\\/\\\/www.purejewels.com\\\/product\\\/personlised-gemstone-ring\\\/\"]}]},{\"@type\":\"ImageObject\",\"inLanguage\":\"de\",\"@id\":\"https:\\\/\\\/www.purejewels.com\\\/product\\\/personlised-gemstone-ring\\\/#primaryimage\",\"url\":\"https:\\\/\\\/static.purejewels.com\\\/wp-content\\\/uploads\\\/2025\\\/01\\\/51495.png\",\"contentUrl\":\"https:\\\/\\\/static.purejewels.com\\\/wp-content\\\/uploads\\\/2025\\\/01\\\/51495.png\",\"width\":1000,\"height\":1000,\"caption\":\"Ring\"},{\"@type\":\"BreadcrumbList\",\"@id\":\"https:\\\/\\\/www.purejewels.com\\\/product\\\/personlised-gemstone-ring\\\/#breadcrumb\",\"itemListElement\":[{\"@type\":\"ListItem\",\"position\":1,\"name\":\"Home\",\"item\":\"https:\\\/\\\/www.purejewels.com\\\/\"},{\"@type\":\"ListItem\",\"position\":2,\"name\":\"Shop\",\"item\":\"https:\\\/\\\/www.purejewels.com\\\/shop\\\/\"},{\"@type\":\"ListItem\",\"position\":3,\"name\":\"Personalised Gemstone Ring\"}]},{\"@type\":\"WebSite\",\"@id\":\"https:\\\/\\\/www.purejewels.com\\\/#website\",\"url\":\"https:\\\/\\\/www.purejewels.com\\\/\",\"name\":\"PureJewels UK\",\"description\":\"Share the Love\",\"publisher\":{\"@id\":\"https:\\\/\\\/www.purejewels.com\\\/#organization\"},\"potentialAction\":[{\"@type\":\"SearchAction\",\"target\":{\"@type\":\"EntryPoint\",\"urlTemplate\":\"https:\\\/\\\/www.purejewels.com\\\/?s={search_term_string}\"},\"query-input\":{\"@type\":\"PropertyValueSpecification\",\"valueRequired\":true,\"valueName\":\"search_term_string\"}}],\"inLanguage\":\"de\"},{\"@type\":\"Organization\",\"@id\":\"https:\\\/\\\/www.purejewels.com\\\/#organization\",\"name\":\"PureJewels UK\",\"url\":\"https:\\\/\\\/www.purejewels.com\\\/\",\"logo\":{\"@type\":\"ImageObject\",\"inLanguage\":\"de\",\"@id\":\"https:\\\/\\\/www.purejewels.com\\\/#\\\/schema\\\/logo\\\/image\\\/\",\"url\":\"https:\\\/\\\/static.purejewels.com\\\/wp-content\\\/uploads\\\/2020\\\/11\\\/Logo-PJ-New-1.png\",\"contentUrl\":\"https:\\\/\\\/static.purejewels.com\\\/wp-content\\\/uploads\\\/2020\\\/11\\\/Logo-PJ-New-1.png\",\"width\":150,\"height\":80,\"caption\":\"PureJewels UK\"},\"image\":{\"@id\":\"https:\\\/\\\/www.purejewels.com\\\/#\\\/schema\\\/logo\\\/image\\\/\"}}]}<\/script>\n<!-- \/ Yoast SEO plugin. -->","yoast_head_json":{"title":"Personalisierter Edelstein-Ring | Gr\u00f6\u00dfe P | PureJewels UK","description":"Personalisierter Edelsteinring in 22ct Gold bei PureJewels UK. Eine perfekte Mischung aus Eleganz und Luxus, mit einem sch\u00f6nen Edelstein in 22ct Gold gesetzt.","robots":{"index":"index","follow":"follow","max-snippet":"max-snippet:-1","max-image-preview":"max-image-preview:large","max-video-preview":"max-video-preview:-1"},"canonical":"https:\/\/www.purejewels.com\/de\/produkt-2\/personifizierter-edelsteinring\/","og_locale":"de_DE","og_type":"article","og_title":"Personalised Gemstone ring | Size P | PureJewels UK","og_description":"Personalised gemstone ring in 22ct Gold at PureJewels UK. A perfect blend of elegance and luxury, featuring a beautiful gemstone set in 22ct gold.","og_url":"https:\/\/www.purejewels.com\/de\/produkt-2\/personifizierter-edelsteinring\/","og_site_name":"PureJewels UK","article_modified_time":"2026-02-09T11:21:44+00:00","og_image":[{"width":1000,"height":1000,"url":"https:\/\/static.purejewels.com\/wp-content\/uploads\/2025\/01\/51495.png","type":"image\/png"}],"twitter_card":"summary_large_image","twitter_misc":{"Gesch\u00e4tzte Lesezeit":"1\u00a0Minute"},"schema":{"@context":"https:\/\/schema.org","@graph":[{"@type":["WebPage","ItemPage"],"@id":"https:\/\/www.purejewels.com\/product\/personlised-gemstone-ring\/","url":"https:\/\/www.purejewels.com\/product\/personlised-gemstone-ring\/","name":"Personalisierter Edelstein-Ring | Gr\u00f6\u00dfe P | PureJewels UK","isPartOf":{"@id":"https:\/\/www.purejewels.com\/#website"},"primaryImageOfPage":{"@id":"https:\/\/www.purejewels.com\/product\/personlised-gemstone-ring\/#primaryimage"},"image":{"@id":"https:\/\/www.purejewels.com\/product\/personlised-gemstone-ring\/#primaryimage"},"thumbnailUrl":"https:\/\/static.purejewels.com\/wp-content\/uploads\/2025\/01\/51495.png","datePublished":"2025-07-19T10:15:21+00:00","dateModified":"2026-02-09T11:21:44+00:00","description":"Personalisierter Edelsteinring in 22ct Gold bei PureJewels UK. Eine perfekte Mischung aus Eleganz und Luxus, mit einem sch\u00f6nen Edelstein in 22ct Gold gesetzt.","breadcrumb":{"@id":"https:\/\/www.purejewels.com\/product\/personlised-gemstone-ring\/#breadcrumb"},"inLanguage":"de","potentialAction":[{"@type":"ReadAction","target":["https:\/\/www.purejewels.com\/product\/personlised-gemstone-ring\/"]}]},{"@type":"ImageObject","inLanguage":"de","@id":"https:\/\/www.purejewels.com\/product\/personlised-gemstone-ring\/#primaryimage","url":"https:\/\/static.purejewels.com\/wp-content\/uploads\/2025\/01\/51495.png","contentUrl":"https:\/\/static.purejewels.com\/wp-content\/uploads\/2025\/01\/51495.png","width":1000,"height":1000,"caption":"Ring"},{"@type":"BreadcrumbList","@id":"https:\/\/www.purejewels.com\/product\/personlised-gemstone-ring\/#breadcrumb","itemListElement":[{"@type":"ListItem","position":1,"name":"Home","item":"https:\/\/www.purejewels.com\/"},{"@type":"ListItem","position":2,"name":"Shop","item":"https:\/\/www.purejewels.com\/shop\/"},{"@type":"ListItem","position":3,"name":"Personalised Gemstone Ring"}]},{"@type":"WebSite","@id":"https:\/\/www.purejewels.com\/#website","url":"https:\/\/www.purejewels.com\/","name":"PureJewels UK","description":"Teile die Liebe","publisher":{"@id":"https:\/\/www.purejewels.com\/#organization"},"potentialAction":[{"@type":"SearchAction","target":{"@type":"EntryPoint","urlTemplate":"https:\/\/www.purejewels.com\/?s={search_term_string}"},"query-input":{"@type":"PropertyValueSpecification","valueRequired":true,"valueName":"search_term_string"}}],"inLanguage":"de"},{"@type":"Organization","@id":"https:\/\/www.purejewels.com\/#organization","name":"PureJewels UK","url":"https:\/\/www.purejewels.com\/","logo":{"@type":"ImageObject","inLanguage":"de","@id":"https:\/\/www.purejewels.com\/#\/schema\/logo\/image\/","url":"https:\/\/static.purejewels.com\/wp-content\/uploads\/2020\/11\/Logo-PJ-New-1.png","contentUrl":"https:\/\/static.purejewels.com\/wp-content\/uploads\/2020\/11\/Logo-PJ-New-1.png","width":150,"height":80,"caption":"PureJewels UK"},"image":{"@id":"https:\/\/www.purejewels.com\/#\/schema\/logo\/image\/"}}]}},"_links":{"self":[{"href":"https:\/\/www.purejewels.com\/de\/wp-json\/wp\/v2\/product\/407675","targetHints":{"allow":["GET"]}}],"collection":[{"href":"https:\/\/www.purejewels.com\/de\/wp-json\/wp\/v2\/product"}],"about":[{"href":"https:\/\/www.purejewels.com\/de\/wp-json\/wp\/v2\/types\/product"}],"replies":[{"embeddable":true,"href":"https:\/\/www.purejewels.com\/de\/wp-json\/wp\/v2\/comments?post=407675"}],"version-history":[{"count":1,"href":"https:\/\/www.purejewels.com\/de\/wp-json\/wp\/v2\/product\/407675\/revisions"}],"predecessor-version":[{"id":407696,"href":"https:\/\/www.purejewels.com\/de\/wp-json\/wp\/v2\/product\/407675\/revisions\/407696"}],"wp:featuredmedia":[{"embeddable":true,"href":"https:\/\/www.purejewels.com\/de\/wp-json\/wp\/v2\/media\/389402"}],"wp:attachment":[{"href":"https:\/\/www.purejewels.com\/de\/wp-json\/wp\/v2\/media?parent=407675"}],"wp:term":[{"taxonomy":"product_brand","embeddable":true,"href":"https:\/\/www.purejewels.com\/de\/wp-json\/wp\/v2\/product_brand?post=407675"},{"taxonomy":"product_cat","embeddable":true,"href":"https:\/\/www.purejewels.com\/de\/wp-json\/wp\/v2\/product_cat?post=407675"},{"taxonomy":"product_tag","embeddable":true,"href":"https:\/\/www.purejewels.com\/de\/wp-json\/wp\/v2\/product_tag?post=407675"}],"curies":[{"name":"wp","href":"https:\/\/api.w.org\/{rel}","templated":true}]}}