{"id":407686,"date":"2025-10-01T11:23:24","date_gmt":"2025-10-01T10:23:24","guid":{"rendered":"https:\/\/www.purejewels.com\/?post_type=product&#038;p=407686"},"modified":"2026-03-11T11:31:07","modified_gmt":"2026-03-11T11:31:07","slug":"22ct-gold-ring-mit-floralem-zentrum-grose-m-1-2-46910","status":"publish","type":"product","link":"https:\/\/www.purejewels.com\/de\/product\/22ct-gold-ring-with-floral-centre-size-m-1-2-46910\/","title":{"rendered":"Ring aus 22 kt Gold mit floraler Mitte"},"content":{"rendered":"<p>Dieser Ring aus 22-kar\u00e4tigem Gold zelebriert die Freude an der Natur mit einer bl\u00fchenden Blume in seinem Herzen. Eingefasst in eine glatte runde Fassung und gefasst auf einem sanft geschlitzten Band bringt er Gleichgewicht und Anmut in das Design.<\/p>\n<p>Der aus hochreinem Gold gefertigte und vom London Assay Office gepunzte Ring ist leicht am Finger zu tragen und voller Charakter. Ob als Symbol der Erneuerung oder als pers\u00f6nliches Schmuckst\u00fcck, er ist eine sch\u00f6ne Wahl f\u00fcr den Alltag oder als Geschenk.<\/p>\n<p>Dieses schlichte und doch ausdrucksstarke St\u00fcck ist eine stille Feier des Lebens in voller Bl\u00fcte.<\/p>","protected":false},"excerpt":{"rendered":"<p>Ein zarter Ring aus 22-kar\u00e4tigem Gold mit einem floralen Muster in einer weichen, runden Fassung. Gepunzt und perfekt f\u00fcr den t\u00e4glichen Gebrauch.<\/p>\n<p><strong>Material:<\/strong>\u00a022ct Gold<br \/>\n<strong>Wahrzeichen:<\/strong>\u00a0Britisches G\u00fctesiegel<strong><br \/>\n<\/strong><strong>Bruttogewicht: <\/strong>2,40 Gramm<br \/>\n<strong>Gr\u00f6\u00dfe:<\/strong> M 1\/2<br \/>\n<strong>SKU<\/strong>: 46910<\/p>\n<p><strong>Preis und Lieferung<\/strong>: Inklusive Mehrwertsteuer und Lieferkosten<br \/>\n<a href=\"https:\/\/www.purejewels.com\/de\/ruckgabepolitik\/\">R\u00fcckgabepolitik<\/a><\/p>","protected":false},"featured_media":407687,"comment_status":"closed","ping_status":"closed","template":"","meta":{"_eb_attr":"","_crsspst_to_jayantr4sg-hostcom":true},"product_brand":[],"product_cat":[1791,1559,1785,6190,1235,5343,1783,5347,1570,1786,5338,1569,1573,1574,5349],"product_tag":[64],"class_list":{"0":"post-407686","1":"product","2":"type-product","3":"status-publish","4":"has-post-thumbnail","6":"product_cat-anniversary-gifts","7":"product_cat-birthday-gifts","8":"product_cat-daily-wear-rings","9":"product_cat-easter-jewellery","10":"product_cat-gold-rings","11":"product_cat-jewellery-under-550","12":"product_cat-ladies-rings","13":"product_cat-shop-by-metal","14":"product_cat-mothers-day-gifts","15":"product_cat-occasional-wear-rings","16":"product_cat-shop-by-price","17":"product_cat-valentine-day-gifts","18":"product_cat-wedding-gifts","19":"product_cat-womens-jewellery","20":"product_cat-yellow-gold-jewellery","21":"product_tag-rings","23":"first","24":"instock","25":"taxable","26":"shipping-taxable","27":"purchasable","28":"product-type-simple","29":"add-to-wishlist-before_image"},"yoast_head":"<!-- This site is optimized with the Yoast SEO plugin v27.4 - https:\/\/yoast.com\/product\/yoast-seo-wordpress\/ -->\n<title>22ct Gold Floral Bloom Ring | PureJewels UK<\/title>\n<meta name=\"description\" content=\"Discover this 22ct gold ring featuring a blooming flower inside a soft round frame. Lightweight hallmarked and perfect for daily wear or gifting.\" \/>\n<meta name=\"robots\" content=\"index, follow, max-snippet:-1, max-image-preview:large, max-video-preview:-1\" \/>\n<link rel=\"canonical\" href=\"https:\/\/www.purejewels.com\/de\/produkt-2\/22ct-gold-ring-mit-floralem-zentrum-grose-m-1-2-46910\/\" \/>\n<meta property=\"og:locale\" content=\"de_DE\" \/>\n<meta property=\"og:type\" content=\"article\" \/>\n<meta property=\"og:title\" content=\"22ct Gold Floral Bloom Ring | PureJewels UK\" \/>\n<meta property=\"og:description\" content=\"Discover this 22ct gold ring featuring a blooming flower inside a soft round frame. Lightweight hallmarked and perfect for daily wear or gifting.\" \/>\n<meta property=\"og:url\" content=\"https:\/\/www.purejewels.com\/de\/produkt-2\/22ct-gold-ring-mit-floralem-zentrum-grose-m-1-2-46910\/\" \/>\n<meta property=\"og:site_name\" content=\"PureJewels UK\" \/>\n<meta property=\"article:modified_time\" content=\"2026-03-11T11:31:07+00:00\" \/>\n<meta property=\"og:image\" content=\"https:\/\/static.purejewels.com\/wp-content\/uploads\/2025\/07\/SKU-46910.1.jpg\" \/>\n\t<meta property=\"og:image:width\" content=\"1000\" \/>\n\t<meta property=\"og:image:height\" content=\"1000\" \/>\n\t<meta property=\"og:image:type\" content=\"image\/jpeg\" \/>\n<meta name=\"twitter:card\" content=\"summary_large_image\" \/>\n<meta name=\"twitter:label1\" content=\"Gesch\u00e4tzte Lesezeit\" \/>\n\t<meta name=\"twitter:data1\" content=\"1\u00a0Minute\" \/>\n<script type=\"application\/ld+json\" class=\"yoast-schema-graph\">{\"@context\":\"https:\\\/\\\/schema.org\",\"@graph\":[{\"@type\":[\"WebPage\",\"ItemPage\"],\"@id\":\"https:\\\/\\\/www.purejewels.com\\\/product\\\/22ct-gold-ring-with-floral-centre-size-m-1-2-46910\\\/\",\"url\":\"https:\\\/\\\/www.purejewels.com\\\/product\\\/22ct-gold-ring-with-floral-centre-size-m-1-2-46910\\\/\",\"name\":\"22ct Gold Floral Bloom Ring | PureJewels UK\",\"isPartOf\":{\"@id\":\"https:\\\/\\\/www.purejewels.com\\\/#website\"},\"primaryImageOfPage\":{\"@id\":\"https:\\\/\\\/www.purejewels.com\\\/product\\\/22ct-gold-ring-with-floral-centre-size-m-1-2-46910\\\/#primaryimage\"},\"image\":{\"@id\":\"https:\\\/\\\/www.purejewels.com\\\/product\\\/22ct-gold-ring-with-floral-centre-size-m-1-2-46910\\\/#primaryimage\"},\"thumbnailUrl\":\"https:\\\/\\\/static.purejewels.com\\\/wp-content\\\/uploads\\\/2025\\\/07\\\/SKU-46910.1.jpg\",\"datePublished\":\"2025-10-01T10:23:24+00:00\",\"dateModified\":\"2026-03-11T11:31:07+00:00\",\"description\":\"Discover this 22ct gold ring featuring a blooming flower inside a soft round frame. Lightweight hallmarked and perfect for daily wear or gifting.\",\"breadcrumb\":{\"@id\":\"https:\\\/\\\/www.purejewels.com\\\/product\\\/22ct-gold-ring-with-floral-centre-size-m-1-2-46910\\\/#breadcrumb\"},\"inLanguage\":\"de\",\"potentialAction\":[{\"@type\":\"ReadAction\",\"target\":[\"https:\\\/\\\/www.purejewels.com\\\/product\\\/22ct-gold-ring-with-floral-centre-size-m-1-2-46910\\\/\"]}]},{\"@type\":\"ImageObject\",\"inLanguage\":\"de\",\"@id\":\"https:\\\/\\\/www.purejewels.com\\\/product\\\/22ct-gold-ring-with-floral-centre-size-m-1-2-46910\\\/#primaryimage\",\"url\":\"https:\\\/\\\/static.purejewels.com\\\/wp-content\\\/uploads\\\/2025\\\/07\\\/SKU-46910.1.jpg\",\"contentUrl\":\"https:\\\/\\\/static.purejewels.com\\\/wp-content\\\/uploads\\\/2025\\\/07\\\/SKU-46910.1.jpg\",\"width\":1000,\"height\":1000,\"caption\":\"Stacked from 5 images. Method=B (R=8,S=4)\"},{\"@type\":\"BreadcrumbList\",\"@id\":\"https:\\\/\\\/www.purejewels.com\\\/product\\\/22ct-gold-ring-with-floral-centre-size-m-1-2-46910\\\/#breadcrumb\",\"itemListElement\":[{\"@type\":\"ListItem\",\"position\":1,\"name\":\"Home\",\"item\":\"https:\\\/\\\/www.purejewels.com\\\/\"},{\"@type\":\"ListItem\",\"position\":2,\"name\":\"Shop\",\"item\":\"https:\\\/\\\/www.purejewels.com\\\/shop\\\/\"},{\"@type\":\"ListItem\",\"position\":3,\"name\":\"22ct Gold Ring with Floral Centre\"}]},{\"@type\":\"WebSite\",\"@id\":\"https:\\\/\\\/www.purejewels.com\\\/#website\",\"url\":\"https:\\\/\\\/www.purejewels.com\\\/\",\"name\":\"PureJewels UK\",\"description\":\"Share the Love\",\"publisher\":{\"@id\":\"https:\\\/\\\/www.purejewels.com\\\/#organization\"},\"potentialAction\":[{\"@type\":\"SearchAction\",\"target\":{\"@type\":\"EntryPoint\",\"urlTemplate\":\"https:\\\/\\\/www.purejewels.com\\\/?s={search_term_string}\"},\"query-input\":{\"@type\":\"PropertyValueSpecification\",\"valueRequired\":true,\"valueName\":\"search_term_string\"}}],\"inLanguage\":\"de\"},{\"@type\":\"Organization\",\"@id\":\"https:\\\/\\\/www.purejewels.com\\\/#organization\",\"name\":\"PureJewels UK\",\"url\":\"https:\\\/\\\/www.purejewels.com\\\/\",\"logo\":{\"@type\":\"ImageObject\",\"inLanguage\":\"de\",\"@id\":\"https:\\\/\\\/www.purejewels.com\\\/#\\\/schema\\\/logo\\\/image\\\/\",\"url\":\"https:\\\/\\\/static.purejewels.com\\\/wp-content\\\/uploads\\\/2020\\\/11\\\/Logo-PJ-New-1.png\",\"contentUrl\":\"https:\\\/\\\/static.purejewels.com\\\/wp-content\\\/uploads\\\/2020\\\/11\\\/Logo-PJ-New-1.png\",\"width\":150,\"height\":80,\"caption\":\"PureJewels UK\"},\"image\":{\"@id\":\"https:\\\/\\\/www.purejewels.com\\\/#\\\/schema\\\/logo\\\/image\\\/\"}}]}<\/script>\n<!-- \/ Yoast SEO plugin. -->","yoast_head_json":{"title":"22ct Gold Floral Bloom Ring | PureJewels UK","description":"Entdecken Sie diesen Ring aus 22 Karat Gold mit einer bl\u00fchenden Blume in einer weichen, runden Fassung. Leicht, gepunzt und perfekt f\u00fcr den t\u00e4glichen Gebrauch oder zum Verschenken.","robots":{"index":"index","follow":"follow","max-snippet":"max-snippet:-1","max-image-preview":"max-image-preview:large","max-video-preview":"max-video-preview:-1"},"canonical":"https:\/\/www.purejewels.com\/de\/produkt-2\/22ct-gold-ring-mit-floralem-zentrum-grose-m-1-2-46910\/","og_locale":"de_DE","og_type":"article","og_title":"22ct Gold Floral Bloom Ring | PureJewels UK","og_description":"Discover this 22ct gold ring featuring a blooming flower inside a soft round frame. Lightweight hallmarked and perfect for daily wear or gifting.","og_url":"https:\/\/www.purejewels.com\/de\/produkt-2\/22ct-gold-ring-mit-floralem-zentrum-grose-m-1-2-46910\/","og_site_name":"PureJewels UK","article_modified_time":"2026-03-11T11:31:07+00:00","og_image":[{"width":1000,"height":1000,"url":"https:\/\/static.purejewels.com\/wp-content\/uploads\/2025\/07\/SKU-46910.1.jpg","type":"image\/jpeg"}],"twitter_card":"summary_large_image","twitter_misc":{"Gesch\u00e4tzte Lesezeit":"1\u00a0Minute"},"schema":{"@context":"https:\/\/schema.org","@graph":[{"@type":["WebPage","ItemPage"],"@id":"https:\/\/www.purejewels.com\/product\/22ct-gold-ring-with-floral-centre-size-m-1-2-46910\/","url":"https:\/\/www.purejewels.com\/product\/22ct-gold-ring-with-floral-centre-size-m-1-2-46910\/","name":"22ct Gold Floral Bloom Ring | PureJewels UK","isPartOf":{"@id":"https:\/\/www.purejewels.com\/#website"},"primaryImageOfPage":{"@id":"https:\/\/www.purejewels.com\/product\/22ct-gold-ring-with-floral-centre-size-m-1-2-46910\/#primaryimage"},"image":{"@id":"https:\/\/www.purejewels.com\/product\/22ct-gold-ring-with-floral-centre-size-m-1-2-46910\/#primaryimage"},"thumbnailUrl":"https:\/\/static.purejewels.com\/wp-content\/uploads\/2025\/07\/SKU-46910.1.jpg","datePublished":"2025-10-01T10:23:24+00:00","dateModified":"2026-03-11T11:31:07+00:00","description":"Entdecken Sie diesen Ring aus 22 Karat Gold mit einer bl\u00fchenden Blume in einer weichen, runden Fassung. Leicht, gepunzt und perfekt f\u00fcr den t\u00e4glichen Gebrauch oder zum Verschenken.","breadcrumb":{"@id":"https:\/\/www.purejewels.com\/product\/22ct-gold-ring-with-floral-centre-size-m-1-2-46910\/#breadcrumb"},"inLanguage":"de","potentialAction":[{"@type":"ReadAction","target":["https:\/\/www.purejewels.com\/product\/22ct-gold-ring-with-floral-centre-size-m-1-2-46910\/"]}]},{"@type":"ImageObject","inLanguage":"de","@id":"https:\/\/www.purejewels.com\/product\/22ct-gold-ring-with-floral-centre-size-m-1-2-46910\/#primaryimage","url":"https:\/\/static.purejewels.com\/wp-content\/uploads\/2025\/07\/SKU-46910.1.jpg","contentUrl":"https:\/\/static.purejewels.com\/wp-content\/uploads\/2025\/07\/SKU-46910.1.jpg","width":1000,"height":1000,"caption":"Stacked from 5 images. Method=B (R=8,S=4)"},{"@type":"BreadcrumbList","@id":"https:\/\/www.purejewels.com\/product\/22ct-gold-ring-with-floral-centre-size-m-1-2-46910\/#breadcrumb","itemListElement":[{"@type":"ListItem","position":1,"name":"Home","item":"https:\/\/www.purejewels.com\/"},{"@type":"ListItem","position":2,"name":"Shop","item":"https:\/\/www.purejewels.com\/shop\/"},{"@type":"ListItem","position":3,"name":"22ct Gold Ring with Floral Centre"}]},{"@type":"WebSite","@id":"https:\/\/www.purejewels.com\/#website","url":"https:\/\/www.purejewels.com\/","name":"PureJewels UK","description":"Teile die Liebe","publisher":{"@id":"https:\/\/www.purejewels.com\/#organization"},"potentialAction":[{"@type":"SearchAction","target":{"@type":"EntryPoint","urlTemplate":"https:\/\/www.purejewels.com\/?s={search_term_string}"},"query-input":{"@type":"PropertyValueSpecification","valueRequired":true,"valueName":"search_term_string"}}],"inLanguage":"de"},{"@type":"Organization","@id":"https:\/\/www.purejewels.com\/#organization","name":"PureJewels UK","url":"https:\/\/www.purejewels.com\/","logo":{"@type":"ImageObject","inLanguage":"de","@id":"https:\/\/www.purejewels.com\/#\/schema\/logo\/image\/","url":"https:\/\/static.purejewels.com\/wp-content\/uploads\/2020\/11\/Logo-PJ-New-1.png","contentUrl":"https:\/\/static.purejewels.com\/wp-content\/uploads\/2020\/11\/Logo-PJ-New-1.png","width":150,"height":80,"caption":"PureJewels UK"},"image":{"@id":"https:\/\/www.purejewels.com\/#\/schema\/logo\/image\/"}}]}},"_links":{"self":[{"href":"https:\/\/www.purejewels.com\/de\/wp-json\/wp\/v2\/product\/407686","targetHints":{"allow":["GET"]}}],"collection":[{"href":"https:\/\/www.purejewels.com\/de\/wp-json\/wp\/v2\/product"}],"about":[{"href":"https:\/\/www.purejewels.com\/de\/wp-json\/wp\/v2\/types\/product"}],"replies":[{"embeddable":true,"href":"https:\/\/www.purejewels.com\/de\/wp-json\/wp\/v2\/comments?post=407686"}],"version-history":[{"count":2,"href":"https:\/\/www.purejewels.com\/de\/wp-json\/wp\/v2\/product\/407686\/revisions"}],"predecessor-version":[{"id":425693,"href":"https:\/\/www.purejewels.com\/de\/wp-json\/wp\/v2\/product\/407686\/revisions\/425693"}],"wp:featuredmedia":[{"embeddable":true,"href":"https:\/\/www.purejewels.com\/de\/wp-json\/wp\/v2\/media\/407687"}],"wp:attachment":[{"href":"https:\/\/www.purejewels.com\/de\/wp-json\/wp\/v2\/media?parent=407686"}],"wp:term":[{"taxonomy":"product_brand","embeddable":true,"href":"https:\/\/www.purejewels.com\/de\/wp-json\/wp\/v2\/product_brand?post=407686"},{"taxonomy":"product_cat","embeddable":true,"href":"https:\/\/www.purejewels.com\/de\/wp-json\/wp\/v2\/product_cat?post=407686"},{"taxonomy":"product_tag","embeddable":true,"href":"https:\/\/www.purejewels.com\/de\/wp-json\/wp\/v2\/product_tag?post=407686"}],"curies":[{"name":"wp","href":"https:\/\/api.w.org\/{rel}","templated":true}]}}