{"id":407974,"date":"2025-09-10T09:54:09","date_gmt":"2025-09-10T08:54:09","guid":{"rendered":"https:\/\/www.purejewels.com\/?post_type=product&#038;p=407974"},"modified":"2026-02-18T06:05:38","modified_gmt":"2026-02-18T06:05:38","slug":"anhanger-mit-drangonfly-motiv-49337","status":"publish","type":"product","link":"https:\/\/www.purejewels.com\/de\/product\/drangonfly-motif-pendant-49337\/","title":{"rendered":"Drachenfliegen-Anh\u00e4nger | Samaa Kollektion"},"content":{"rendered":"<p data-start=\"473\" data-end=\"830\">Inspiriert vom schillernden Charme der Libelle, f\u00e4ngt dieser Anh\u00e4nger aus 22 Karat Sunrise Gold aus der Samaa-Kollektion von PureJewels die Essenz eines mutigen und sch\u00f6nen Lebens ein. Die Libelle, ein Symbol der Erneuerung und des Gl\u00fccks, ist zart aus Feingold geformt und mit einem 0,27-kar\u00e4tigen rosa Turmalin gekr\u00f6nt, der f\u00fcr Liebe, Vitalit\u00e4t und emotionale Klarheit steht.<\/p>\n<p data-start=\"832\" data-end=\"1043\">Dieses St\u00fcck l\u00e4dt Sie dazu ein, den gegenw\u00e4rtigen Moment zu genie\u00dfen und die fl\u00fcchtige, aber lebendige Pracht des Lebens zu feiern. Es ist leicht und doch bedeutungsvoll und erinnert uns t\u00e4glich daran, uns mit Anmut, Freude und Selbstvertrauen zu bewegen.<\/p>\n<p data-start=\"1045\" data-end=\"1189\">","protected":false},"excerpt":{"rendered":"<p>Umarmen Sie die fl\u00fcchtige Sch\u00f6nheit des Lebens mit diesem strahlenden Anh\u00e4nger mit Libellenmotiv aus der Samaa-Kollektion. Er ist mit einem 0,27-kar\u00e4tigen rosafarbenen Turmalin besetzt und symbolisiert Freude, Transformation und ein achtsames Leben.<\/p>\n<div><strong>Material:<\/strong> 22ct Sonnenaufgang Gold<\/div>\n<div><strong>Wahrzeichen:\u00a0<\/strong>Britisches G\u00fctesiegel<\/div>\n<div><strong>Bruttogewicht: <\/strong>1,90 Gramm<\/div>\n<div><strong>Stein:<\/strong> rosa Turmalin<\/div>\n<div><strong>Stein Gewicht:\u00a0<\/strong>0,27ct<\/div>\n<div><strong>SKU: <\/strong>49337<\/div>\n<div><\/div>\n<div><strong>Preis und Lieferung<\/strong>: Inklusive Mehrwertsteuer und Lieferkosten, ohne Kettenpreis<br \/>\n<a href=\"https:\/\/www.purejewels.com\/de\/ruckgabepolitik\/\">R\u00fcckgabepolitik<\/a><\/div>","protected":false},"featured_media":407987,"comment_status":"closed","ping_status":"closed","template":"","meta":{"_eb_attr":"","_crsspst_to_jayantr4sg-hostcom":false},"product_brand":[],"product_cat":[1793,1770,1229,1255,5344,1767,5762,1569,1574],"product_tag":[],"class_list":{"0":"post-407974","1":"product","2":"type-product","3":"status-publish","4":"has-post-thumbnail","6":"product_cat-diwali-gifts","7":"product_cat-fancy-pendants","8":"product_cat-22ct-gold-jewellery","9":"product_cat-gold-pendants","10":"product_cat-jewellery-under-750","11":"product_cat-ladies-pendants","12":"product_cat-samaa-collection","13":"product_cat-valentine-day-gifts","14":"product_cat-womens-jewellery","16":"first","17":"instock","18":"taxable","19":"shipping-taxable","20":"purchasable","21":"product-type-simple","22":"add-to-wishlist-before_image"},"yoast_head":"<!-- This site is optimized with the Yoast SEO plugin v27.4 - https:\/\/yoast.com\/product\/yoast-seo-wordpress\/ -->\n<title>Dragonfly Motif Pendant in 22ct Gold | Samaa Collection<\/title>\n<meta name=\"description\" content=\"Discover the 22ct Dragonfly Motif Pendant from PureJewels\u2019 Samaa Collection. Featuring a 0.27ct pink tourmaline, this gold pendant symbolises transformation, joy.\" \/>\n<meta name=\"robots\" content=\"index, follow, max-snippet:-1, max-image-preview:large, max-video-preview:-1\" \/>\n<link rel=\"canonical\" href=\"https:\/\/www.purejewels.com\/de\/produkt-2\/anhanger-mit-drangonfly-motiv-49337\/\" \/>\n<meta property=\"og:locale\" content=\"de_DE\" \/>\n<meta property=\"og:type\" content=\"article\" \/>\n<meta property=\"og:title\" content=\"Dragonfly Motif Pendant in 22ct Gold | Samaa Collection\" \/>\n<meta property=\"og:description\" content=\"Discover the 22ct Dragonfly Motif Pendant from PureJewels\u2019 Samaa Collection. Featuring a 0.27ct pink tourmaline, this gold pendant symbolises transformation, joy.\" \/>\n<meta property=\"og:url\" content=\"https:\/\/www.purejewels.com\/de\/produkt-2\/anhanger-mit-drangonfly-motiv-49337\/\" \/>\n<meta property=\"og:site_name\" content=\"PureJewels UK\" \/>\n<meta property=\"article:modified_time\" content=\"2026-02-18T06:05:38+00:00\" \/>\n<meta property=\"og:image\" content=\"https:\/\/static.purejewels.com\/wp-content\/uploads\/2025\/07\/SKU-49337.jpg\" \/>\n\t<meta property=\"og:image:width\" content=\"1000\" \/>\n\t<meta property=\"og:image:height\" content=\"1000\" \/>\n\t<meta property=\"og:image:type\" content=\"image\/jpeg\" \/>\n<meta name=\"twitter:card\" content=\"summary_large_image\" \/>\n<meta name=\"twitter:label1\" content=\"Gesch\u00e4tzte Lesezeit\" \/>\n\t<meta name=\"twitter:data1\" content=\"1\u00a0Minute\" \/>\n<script type=\"application\/ld+json\" class=\"yoast-schema-graph\">{\"@context\":\"https:\\\/\\\/schema.org\",\"@graph\":[{\"@type\":[\"WebPage\",\"ItemPage\"],\"@id\":\"https:\\\/\\\/www.purejewels.com\\\/product\\\/drangonfly-motif-pendant-49337\\\/\",\"url\":\"https:\\\/\\\/www.purejewels.com\\\/product\\\/drangonfly-motif-pendant-49337\\\/\",\"name\":\"Dragonfly Motif Pendant in 22ct Gold | Samaa Collection\",\"isPartOf\":{\"@id\":\"https:\\\/\\\/www.purejewels.com\\\/#website\"},\"primaryImageOfPage\":{\"@id\":\"https:\\\/\\\/www.purejewels.com\\\/product\\\/drangonfly-motif-pendant-49337\\\/#primaryimage\"},\"image\":{\"@id\":\"https:\\\/\\\/www.purejewels.com\\\/product\\\/drangonfly-motif-pendant-49337\\\/#primaryimage\"},\"thumbnailUrl\":\"https:\\\/\\\/static.purejewels.com\\\/wp-content\\\/uploads\\\/2025\\\/07\\\/SKU-49337.jpg\",\"datePublished\":\"2025-09-10T08:54:09+00:00\",\"dateModified\":\"2026-02-18T06:05:38+00:00\",\"description\":\"Discover the 22ct Dragonfly Motif Pendant from PureJewels\u2019 Samaa Collection. Featuring a 0.27ct pink tourmaline, this gold pendant symbolises transformation, joy.\",\"breadcrumb\":{\"@id\":\"https:\\\/\\\/www.purejewels.com\\\/product\\\/drangonfly-motif-pendant-49337\\\/#breadcrumb\"},\"inLanguage\":\"de\",\"potentialAction\":[{\"@type\":\"ReadAction\",\"target\":[\"https:\\\/\\\/www.purejewels.com\\\/product\\\/drangonfly-motif-pendant-49337\\\/\"]}]},{\"@type\":\"ImageObject\",\"inLanguage\":\"de\",\"@id\":\"https:\\\/\\\/www.purejewels.com\\\/product\\\/drangonfly-motif-pendant-49337\\\/#primaryimage\",\"url\":\"https:\\\/\\\/static.purejewels.com\\\/wp-content\\\/uploads\\\/2025\\\/07\\\/SKU-49337.jpg\",\"contentUrl\":\"https:\\\/\\\/static.purejewels.com\\\/wp-content\\\/uploads\\\/2025\\\/07\\\/SKU-49337.jpg\",\"width\":1000,\"height\":1000,\"caption\":\"49337\"},{\"@type\":\"BreadcrumbList\",\"@id\":\"https:\\\/\\\/www.purejewels.com\\\/product\\\/drangonfly-motif-pendant-49337\\\/#breadcrumb\",\"itemListElement\":[{\"@type\":\"ListItem\",\"position\":1,\"name\":\"Home\",\"item\":\"https:\\\/\\\/www.purejewels.com\\\/\"},{\"@type\":\"ListItem\",\"position\":2,\"name\":\"Shop\",\"item\":\"https:\\\/\\\/www.purejewels.com\\\/shop\\\/\"},{\"@type\":\"ListItem\",\"position\":3,\"name\":\"Dragon Fly Pendant | Samaa Collection\"}]},{\"@type\":\"WebSite\",\"@id\":\"https:\\\/\\\/www.purejewels.com\\\/#website\",\"url\":\"https:\\\/\\\/www.purejewels.com\\\/\",\"name\":\"PureJewels UK\",\"description\":\"Share the Love\",\"publisher\":{\"@id\":\"https:\\\/\\\/www.purejewels.com\\\/#organization\"},\"potentialAction\":[{\"@type\":\"SearchAction\",\"target\":{\"@type\":\"EntryPoint\",\"urlTemplate\":\"https:\\\/\\\/www.purejewels.com\\\/?s={search_term_string}\"},\"query-input\":{\"@type\":\"PropertyValueSpecification\",\"valueRequired\":true,\"valueName\":\"search_term_string\"}}],\"inLanguage\":\"de\"},{\"@type\":\"Organization\",\"@id\":\"https:\\\/\\\/www.purejewels.com\\\/#organization\",\"name\":\"PureJewels UK\",\"url\":\"https:\\\/\\\/www.purejewels.com\\\/\",\"logo\":{\"@type\":\"ImageObject\",\"inLanguage\":\"de\",\"@id\":\"https:\\\/\\\/www.purejewels.com\\\/#\\\/schema\\\/logo\\\/image\\\/\",\"url\":\"https:\\\/\\\/static.purejewels.com\\\/wp-content\\\/uploads\\\/2020\\\/11\\\/Logo-PJ-New-1.png\",\"contentUrl\":\"https:\\\/\\\/static.purejewels.com\\\/wp-content\\\/uploads\\\/2020\\\/11\\\/Logo-PJ-New-1.png\",\"width\":150,\"height\":80,\"caption\":\"PureJewels UK\"},\"image\":{\"@id\":\"https:\\\/\\\/www.purejewels.com\\\/#\\\/schema\\\/logo\\\/image\\\/\"}}]}<\/script>\n<!-- \/ Yoast SEO plugin. -->","yoast_head_json":{"title":"Anh\u00e4nger mit Libellenmotiv aus 22ct Gold | Samaa Kollektion","description":"Entdecken Sie den 22-Karat-Anh\u00e4nger mit Libellenmotiv aus der Samaa-Kollektion von PureJewels. Mit einem 0,27 Karat rosa Turmalin symbolisiert dieser Goldanh\u00e4nger Verwandlung und Freude.","robots":{"index":"index","follow":"follow","max-snippet":"max-snippet:-1","max-image-preview":"max-image-preview:large","max-video-preview":"max-video-preview:-1"},"canonical":"https:\/\/www.purejewels.com\/de\/produkt-2\/anhanger-mit-drangonfly-motiv-49337\/","og_locale":"de_DE","og_type":"article","og_title":"Dragonfly Motif Pendant in 22ct Gold | Samaa Collection","og_description":"Discover the 22ct Dragonfly Motif Pendant from PureJewels\u2019 Samaa Collection. Featuring a 0.27ct pink tourmaline, this gold pendant symbolises transformation, joy.","og_url":"https:\/\/www.purejewels.com\/de\/produkt-2\/anhanger-mit-drangonfly-motiv-49337\/","og_site_name":"PureJewels UK","article_modified_time":"2026-02-18T06:05:38+00:00","og_image":[{"width":1000,"height":1000,"url":"https:\/\/static.purejewels.com\/wp-content\/uploads\/2025\/07\/SKU-49337.jpg","type":"image\/jpeg"}],"twitter_card":"summary_large_image","twitter_misc":{"Gesch\u00e4tzte Lesezeit":"1\u00a0Minute"},"schema":{"@context":"https:\/\/schema.org","@graph":[{"@type":["WebPage","ItemPage"],"@id":"https:\/\/www.purejewels.com\/product\/drangonfly-motif-pendant-49337\/","url":"https:\/\/www.purejewels.com\/product\/drangonfly-motif-pendant-49337\/","name":"Anh\u00e4nger mit Libellenmotiv aus 22ct Gold | Samaa Kollektion","isPartOf":{"@id":"https:\/\/www.purejewels.com\/#website"},"primaryImageOfPage":{"@id":"https:\/\/www.purejewels.com\/product\/drangonfly-motif-pendant-49337\/#primaryimage"},"image":{"@id":"https:\/\/www.purejewels.com\/product\/drangonfly-motif-pendant-49337\/#primaryimage"},"thumbnailUrl":"https:\/\/static.purejewels.com\/wp-content\/uploads\/2025\/07\/SKU-49337.jpg","datePublished":"2025-09-10T08:54:09+00:00","dateModified":"2026-02-18T06:05:38+00:00","description":"Entdecken Sie den 22-Karat-Anh\u00e4nger mit Libellenmotiv aus der Samaa-Kollektion von PureJewels. Mit einem 0,27 Karat rosa Turmalin symbolisiert dieser Goldanh\u00e4nger Verwandlung und Freude.","breadcrumb":{"@id":"https:\/\/www.purejewels.com\/product\/drangonfly-motif-pendant-49337\/#breadcrumb"},"inLanguage":"de","potentialAction":[{"@type":"ReadAction","target":["https:\/\/www.purejewels.com\/product\/drangonfly-motif-pendant-49337\/"]}]},{"@type":"ImageObject","inLanguage":"de","@id":"https:\/\/www.purejewels.com\/product\/drangonfly-motif-pendant-49337\/#primaryimage","url":"https:\/\/static.purejewels.com\/wp-content\/uploads\/2025\/07\/SKU-49337.jpg","contentUrl":"https:\/\/static.purejewels.com\/wp-content\/uploads\/2025\/07\/SKU-49337.jpg","width":1000,"height":1000,"caption":"49337"},{"@type":"BreadcrumbList","@id":"https:\/\/www.purejewels.com\/product\/drangonfly-motif-pendant-49337\/#breadcrumb","itemListElement":[{"@type":"ListItem","position":1,"name":"Home","item":"https:\/\/www.purejewels.com\/"},{"@type":"ListItem","position":2,"name":"Shop","item":"https:\/\/www.purejewels.com\/shop\/"},{"@type":"ListItem","position":3,"name":"Dragon Fly Pendant | Samaa Collection"}]},{"@type":"WebSite","@id":"https:\/\/www.purejewels.com\/#website","url":"https:\/\/www.purejewels.com\/","name":"PureJewels UK","description":"Teile die Liebe","publisher":{"@id":"https:\/\/www.purejewels.com\/#organization"},"potentialAction":[{"@type":"SearchAction","target":{"@type":"EntryPoint","urlTemplate":"https:\/\/www.purejewels.com\/?s={search_term_string}"},"query-input":{"@type":"PropertyValueSpecification","valueRequired":true,"valueName":"search_term_string"}}],"inLanguage":"de"},{"@type":"Organization","@id":"https:\/\/www.purejewels.com\/#organization","name":"PureJewels UK","url":"https:\/\/www.purejewels.com\/","logo":{"@type":"ImageObject","inLanguage":"de","@id":"https:\/\/www.purejewels.com\/#\/schema\/logo\/image\/","url":"https:\/\/static.purejewels.com\/wp-content\/uploads\/2020\/11\/Logo-PJ-New-1.png","contentUrl":"https:\/\/static.purejewels.com\/wp-content\/uploads\/2020\/11\/Logo-PJ-New-1.png","width":150,"height":80,"caption":"PureJewels UK"},"image":{"@id":"https:\/\/www.purejewels.com\/#\/schema\/logo\/image\/"}}]}},"_links":{"self":[{"href":"https:\/\/www.purejewels.com\/de\/wp-json\/wp\/v2\/product\/407974","targetHints":{"allow":["GET"]}}],"collection":[{"href":"https:\/\/www.purejewels.com\/de\/wp-json\/wp\/v2\/product"}],"about":[{"href":"https:\/\/www.purejewels.com\/de\/wp-json\/wp\/v2\/types\/product"}],"replies":[{"embeddable":true,"href":"https:\/\/www.purejewels.com\/de\/wp-json\/wp\/v2\/comments?post=407974"}],"version-history":[{"count":4,"href":"https:\/\/www.purejewels.com\/de\/wp-json\/wp\/v2\/product\/407974\/revisions"}],"predecessor-version":[{"id":424817,"href":"https:\/\/www.purejewels.com\/de\/wp-json\/wp\/v2\/product\/407974\/revisions\/424817"}],"wp:featuredmedia":[{"embeddable":true,"href":"https:\/\/www.purejewels.com\/de\/wp-json\/wp\/v2\/media\/407987"}],"wp:attachment":[{"href":"https:\/\/www.purejewels.com\/de\/wp-json\/wp\/v2\/media?parent=407974"}],"wp:term":[{"taxonomy":"product_brand","embeddable":true,"href":"https:\/\/www.purejewels.com\/de\/wp-json\/wp\/v2\/product_brand?post=407974"},{"taxonomy":"product_cat","embeddable":true,"href":"https:\/\/www.purejewels.com\/de\/wp-json\/wp\/v2\/product_cat?post=407974"},{"taxonomy":"product_tag","embeddable":true,"href":"https:\/\/www.purejewels.com\/de\/wp-json\/wp\/v2\/product_tag?post=407974"}],"curies":[{"name":"wp","href":"https:\/\/api.w.org\/{rel}","templated":true}]}}