{"id":407989,"date":"2025-07-30T10:22:19","date_gmt":"2025-07-30T09:22:19","guid":{"rendered":"https:\/\/www.purejewels.com\/?post_type=product&#038;p=407989"},"modified":"2026-02-18T06:14:46","modified_gmt":"2026-02-18T06:14:46","slug":"pfauen-anmut-anhanger-49338","status":"publish","type":"product","link":"https:\/\/www.purejewels.com\/de\/product\/peacock-grace-pendant-49338\/","title":{"rendered":"Peacock Grace Anh\u00e4nger | Merak Kollektion"},"content":{"rendered":"<h3>Designkonzept<\/h3>\n<p>Die <strong>Peacock Grace Anh\u00e4nger<\/strong> von PureJewels' <strong>Merak Kollektion<\/strong> ist eine lyrische Feier flie\u00dfender Bewegung und schlichter Eleganz. Inspiriert von der zarten Leichtigkeit einer Pfauenfeder, fangen die skulpturalen Linien des Anh\u00e4ngers einen Moment der anmutigen Bewegung ein - ein Ausdruck von Freiheit und Weiblichkeit. Gefertigt aus strahlendem <strong>22ct Sonnenaufgang Gold<\/strong>Das St\u00fcck leuchtet mit der sanften W\u00e4rme der Morgend\u00e4mmerung und symbolisiert Erneuerung und Licht. Das Design gipfelt in einem tr\u00e4nenf\u00f6rmigen Edelstein, der die Lebendigkeit der Pfauenfeder widerspiegelt. Eine moderne Interpretation eines zeitlosen Motivs, das <strong>Anh\u00e4nger<\/strong> vereint historische Kunstfertigkeit und zeitgen\u00f6ssischen Minimalismus in einer poetischen Form.<\/p>\n<h3>Handwerkliches K\u00f6nnen<\/h3>\n<p>Die <strong>Peacock Grace Anh\u00e4nger<\/strong> wird von den Meisterhandwerkern von PureJewels geschaffen, die Pr\u00e4zision, Fantasie und traditionelles K\u00f6nnen miteinander verbinden. Jede Kurve wird sorgf\u00e4ltig verfeinert, um die flie\u00dfende Eleganz der Natur widerzuspiegeln. Die feine Politur der <strong>22ct Sonnenaufgang Gold<\/strong> unterstreicht seinen leuchtenden Charakter und bewahrt gleichzeitig seine Reinheit und St\u00e4rke. Der vibrierende Edelstein, der mit gr\u00f6\u00dfter Sorgfalt von Hand gefasst wird, verleiht ihm einen Hauch von Farbe und Vitalit\u00e4t und steht f\u00fcr Sch\u00f6nheit in Bewegung. Jeder Anh\u00e4nger ist vom London Assay Office gepunzt, was die Authentizit\u00e4t und die handwerkliche Qualit\u00e4t von PureJewels garantiert. Die glatte Oberfl\u00e4che und das feine Gleichgewicht sorgen daf\u00fcr, dass er sich genauso luxuri\u00f6s anf\u00fchlt, wie er aussieht.<\/p>\n<h3>Styling-Tipps<\/h3>\n<p>Wenn Sie <strong>w\u00e4hlen.<\/strong> die <strong>Peacock Grace Anh\u00e4nger<\/strong>steht f\u00fcr m\u00fchelose Eleganz. Kombinieren Sie ihn mit einer feinen Goldkette f\u00fcr einen raffinierten Alltagslook oder kombinieren Sie ihn mit l\u00e4ngeren Ketten f\u00fcr einen modernen, eleganten Look. Sie ist ideal f\u00fcr besondere Anl\u00e4sse oder als liebevolles Geschenk und passt sowohl zu moderner als auch zu traditioneller Kleidung. Der sanfte Schimmer von <strong>22ct Sonnenaufgang Gold<\/strong> unterstreicht jeden Hautton und ist ein exquisites Schmuckst\u00fcck f\u00fcr Frauen, die zeitlose Sch\u00f6nheit sch\u00e4tzen. Anmutig, symbolisch und wundersch\u00f6n gearbeitet - dieser Anh\u00e4nger aus der <strong>Merak Kollektion<\/strong> ist eine strahlende Erinnerung an die Eleganz der Bewegung.<\/p>\n<p>Die <strong data-start=\"769\" data-end=\"792\">Merak Grace-Anh\u00e4nger<\/strong> sch\u00f6pft seinen Geist aus dem k\u00f6niglichen Pfau - Indiens ewiges Symbol f\u00fcr Anmut, Selbstbewusstsein und Pracht. Diese zarte Kreation aus <strong data-start=\"923\" data-end=\"944\">22ct Sonnenaufgang Gold<\/strong> flie\u00dft mit raffinierten Kurven und erinnert an die sanfte Bewegung eines sich bewegenden Pfaus. An seiner Basis ruht ein <strong data-start=\"1044\" data-end=\"1082\">0,35ct birnenf\u00f6rmiger rosa Turmalin<\/strong>Sie erinnert an die Lebendigkeit des Gefieders der V\u00f6gel.<\/p>","protected":false},"excerpt":{"rendered":"<div class=\"woocommerce-product-details__short-description\">\n<div class=\"woocommerce-product-details__short-description\">Inspiriert von der anmutigen Haltung des Pfaus, ist der Merak Grace Anh\u00e4nger eine Hommage an innere Sch\u00f6nheit und Selbstvertrauen. Gefertigt aus 22 Karat Sunrise Gold und geschm\u00fcckt mit einem 0,35 Karat rosafarbenen Turmalin, verk\u00f6rpert er Eleganz, die einen bleibenden Eindruck hinterl\u00e4sst.<\/div>\n<\/div>\n<div><\/div>\n<div>\n<div><strong>Material:<\/strong> 22ct Sonnenaufgang Gold<\/div>\n<div><strong>Wahrzeichen:\u00a0<\/strong>Britisches G\u00fctesiegel<\/div>\n<div><strong>Bruttogewicht: <\/strong>1.30 Gramm<\/div>\n<div><strong>Nettogewicht:<\/strong> 1.20 Gramm<\/div>\n<div><strong>Stein:<\/strong> Rosa Turmalin<\/div>\n<div><strong>Stein Gewicht:\u00a0<\/strong>0,35ct<\/div>\n<div><strong>SKU: <\/strong>49338<\/div>\n<div><strong>Preis und Lieferung<\/strong>: Inklusive Mehrwertsteuer und Lieferkosten, ohne Kettenpreis<br \/>\n<a href=\"https:\/\/www.purejewels.com\/de\/ruckgabepolitik\/\">R\u00fcckgabepolitik<\/a><\/div>\n<\/div>\n<div class=\"woocommerce-product-details__short-description\">\n<div class=\"btn-atc atc-slide\"><\/div>\n<div class=\"product_meta\"><\/div>\n<\/div>","protected":false},"featured_media":407993,"comment_status":"closed","ping_status":"closed","template":"","meta":{"_eb_attr":"","_crsspst_to_jayantr4sg-hostcom":false},"product_brand":[],"product_cat":[1559,1794,236,1793,1770,1229,1255,5343,1767,5761,1575,1569,1574],"product_tag":[],"class_list":{"0":"post-407989","1":"product","2":"type-product","3":"status-publish","4":"has-post-thumbnail","6":"product_cat-birthday-gifts","7":"product_cat-christmas-gifts","8":"product_cat-collections","9":"product_cat-diwali-gifts","10":"product_cat-fancy-pendants","11":"product_cat-22ct-gold-jewellery","12":"product_cat-gold-pendants","13":"product_cat-jewellery-under-550","14":"product_cat-ladies-pendants","15":"product_cat-merak-collection","16":"product_cat-teenage-jewellery","17":"product_cat-valentine-day-gifts","18":"product_cat-womens-jewellery","20":"first","21":"instock","22":"taxable","23":"shipping-taxable","24":"purchasable","25":"product-type-simple","26":"add-to-wishlist-before_image"},"yoast_head":"<!-- This site is optimized with the Yoast SEO plugin v27.5 - https:\/\/yoast.com\/product\/yoast-seo-wordpress\/ -->\n<title>Merak Grace Pendant | 22ct Gold Peacock with Pink Tourmaline<\/title>\n<meta name=\"description\" content=\"Embrace elegance with the Merak Grace Pendant, crafted in 22ct Sunrise Gold. Featuring a delicate peacock motif and 0.35ct pink tourmaline.\" \/>\n<meta name=\"robots\" content=\"index, follow, max-snippet:-1, max-image-preview:large, max-video-preview:-1\" \/>\n<link rel=\"canonical\" href=\"https:\/\/www.purejewels.com\/de\/produkt-2\/pfauen-anmut-anhanger-49338\/\" \/>\n<meta property=\"og:locale\" content=\"de_DE\" \/>\n<meta property=\"og:type\" content=\"article\" \/>\n<meta property=\"og:title\" content=\"Merak Grace Pendant | 22ct Gold Peacock with Pink Tourmaline\" \/>\n<meta property=\"og:description\" content=\"Embrace elegance with the Merak Grace Pendant, crafted in 22ct Sunrise Gold. Featuring a delicate peacock motif and 0.35ct pink tourmaline.\" \/>\n<meta property=\"og:url\" content=\"https:\/\/www.purejewels.com\/de\/produkt-2\/pfauen-anmut-anhanger-49338\/\" \/>\n<meta property=\"og:site_name\" content=\"PureJewels UK\" \/>\n<meta property=\"article:modified_time\" content=\"2026-02-18T06:14:46+00:00\" \/>\n<meta property=\"og:image\" content=\"https:\/\/static.purejewels.com\/wp-content\/uploads\/2025\/07\/SKU-49338.jpg\" \/>\n\t<meta property=\"og:image:width\" content=\"1000\" \/>\n\t<meta property=\"og:image:height\" content=\"1000\" \/>\n\t<meta property=\"og:image:type\" content=\"image\/jpeg\" \/>\n<meta name=\"twitter:card\" content=\"summary_large_image\" \/>\n<meta name=\"twitter:label1\" content=\"Gesch\u00e4tzte Lesezeit\" \/>\n\t<meta name=\"twitter:data1\" content=\"2\u00a0Minuten\" \/>\n<script type=\"application\/ld+json\" class=\"yoast-schema-graph\">{\"@context\":\"https:\\\/\\\/schema.org\",\"@graph\":[{\"@type\":[\"WebPage\",\"ItemPage\"],\"@id\":\"https:\\\/\\\/www.purejewels.com\\\/product\\\/peacock-grace-pendant-49338\\\/\",\"url\":\"https:\\\/\\\/www.purejewels.com\\\/product\\\/peacock-grace-pendant-49338\\\/\",\"name\":\"Merak Grace Pendant | 22ct Gold Peacock with Pink Tourmaline\",\"isPartOf\":{\"@id\":\"https:\\\/\\\/www.purejewels.com\\\/#website\"},\"primaryImageOfPage\":{\"@id\":\"https:\\\/\\\/www.purejewels.com\\\/product\\\/peacock-grace-pendant-49338\\\/#primaryimage\"},\"image\":{\"@id\":\"https:\\\/\\\/www.purejewels.com\\\/product\\\/peacock-grace-pendant-49338\\\/#primaryimage\"},\"thumbnailUrl\":\"https:\\\/\\\/static.purejewels.com\\\/wp-content\\\/uploads\\\/2025\\\/07\\\/SKU-49338.jpg\",\"datePublished\":\"2025-07-30T09:22:19+00:00\",\"dateModified\":\"2026-02-18T06:14:46+00:00\",\"description\":\"Embrace elegance with the Merak Grace Pendant, crafted in 22ct Sunrise Gold. Featuring a delicate peacock motif and 0.35ct pink tourmaline.\",\"breadcrumb\":{\"@id\":\"https:\\\/\\\/www.purejewels.com\\\/product\\\/peacock-grace-pendant-49338\\\/#breadcrumb\"},\"inLanguage\":\"de\",\"potentialAction\":[{\"@type\":\"ReadAction\",\"target\":[\"https:\\\/\\\/www.purejewels.com\\\/product\\\/peacock-grace-pendant-49338\\\/\"]}]},{\"@type\":\"ImageObject\",\"inLanguage\":\"de\",\"@id\":\"https:\\\/\\\/www.purejewels.com\\\/product\\\/peacock-grace-pendant-49338\\\/#primaryimage\",\"url\":\"https:\\\/\\\/static.purejewels.com\\\/wp-content\\\/uploads\\\/2025\\\/07\\\/SKU-49338.jpg\",\"contentUrl\":\"https:\\\/\\\/static.purejewels.com\\\/wp-content\\\/uploads\\\/2025\\\/07\\\/SKU-49338.jpg\",\"width\":1000,\"height\":1000,\"caption\":\"49338\"},{\"@type\":\"BreadcrumbList\",\"@id\":\"https:\\\/\\\/www.purejewels.com\\\/product\\\/peacock-grace-pendant-49338\\\/#breadcrumb\",\"itemListElement\":[{\"@type\":\"ListItem\",\"position\":1,\"name\":\"Home\",\"item\":\"https:\\\/\\\/www.purejewels.com\\\/\"},{\"@type\":\"ListItem\",\"position\":2,\"name\":\"Shop\",\"item\":\"https:\\\/\\\/www.purejewels.com\\\/shop\\\/\"},{\"@type\":\"ListItem\",\"position\":3,\"name\":\"Peacock Grace Pendant | Merak Collection\"}]},{\"@type\":\"WebSite\",\"@id\":\"https:\\\/\\\/www.purejewels.com\\\/#website\",\"url\":\"https:\\\/\\\/www.purejewels.com\\\/\",\"name\":\"PureJewels UK\",\"description\":\"Share the Love\",\"publisher\":{\"@id\":\"https:\\\/\\\/www.purejewels.com\\\/#organization\"},\"potentialAction\":[{\"@type\":\"SearchAction\",\"target\":{\"@type\":\"EntryPoint\",\"urlTemplate\":\"https:\\\/\\\/www.purejewels.com\\\/?s={search_term_string}\"},\"query-input\":{\"@type\":\"PropertyValueSpecification\",\"valueRequired\":true,\"valueName\":\"search_term_string\"}}],\"inLanguage\":\"de\"},{\"@type\":\"Organization\",\"@id\":\"https:\\\/\\\/www.purejewels.com\\\/#organization\",\"name\":\"PureJewels UK\",\"url\":\"https:\\\/\\\/www.purejewels.com\\\/\",\"logo\":{\"@type\":\"ImageObject\",\"inLanguage\":\"de\",\"@id\":\"https:\\\/\\\/www.purejewels.com\\\/#\\\/schema\\\/logo\\\/image\\\/\",\"url\":\"https:\\\/\\\/static.purejewels.com\\\/wp-content\\\/uploads\\\/2020\\\/11\\\/Logo-PJ-New-1.png\",\"contentUrl\":\"https:\\\/\\\/static.purejewels.com\\\/wp-content\\\/uploads\\\/2020\\\/11\\\/Logo-PJ-New-1.png\",\"width\":150,\"height\":80,\"caption\":\"PureJewels UK\"},\"image\":{\"@id\":\"https:\\\/\\\/www.purejewels.com\\\/#\\\/schema\\\/logo\\\/image\\\/\"}}]}<\/script>\n<!-- \/ Yoast SEO plugin. -->","yoast_head_json":{"title":"Merak Grace Anh\u00e4nger | 22ct Gold Pfau mit rosa Turmalin","description":"Der Merak Grace Anh\u00e4nger aus 22 Karat Sunrise Gold ist ein elegantes Accessoire. Mit einem zarten Pfauenmotiv und 0,35 Karat rosa Turmalin.","robots":{"index":"index","follow":"follow","max-snippet":"max-snippet:-1","max-image-preview":"max-image-preview:large","max-video-preview":"max-video-preview:-1"},"canonical":"https:\/\/www.purejewels.com\/de\/produkt-2\/pfauen-anmut-anhanger-49338\/","og_locale":"de_DE","og_type":"article","og_title":"Merak Grace Pendant | 22ct Gold Peacock with Pink Tourmaline","og_description":"Embrace elegance with the Merak Grace Pendant, crafted in 22ct Sunrise Gold. Featuring a delicate peacock motif and 0.35ct pink tourmaline.","og_url":"https:\/\/www.purejewels.com\/de\/produkt-2\/pfauen-anmut-anhanger-49338\/","og_site_name":"PureJewels UK","article_modified_time":"2026-02-18T06:14:46+00:00","og_image":[{"width":1000,"height":1000,"url":"https:\/\/static.purejewels.com\/wp-content\/uploads\/2025\/07\/SKU-49338.jpg","type":"image\/jpeg"}],"twitter_card":"summary_large_image","twitter_misc":{"Gesch\u00e4tzte Lesezeit":"2\u00a0Minuten"},"schema":{"@context":"https:\/\/schema.org","@graph":[{"@type":["WebPage","ItemPage"],"@id":"https:\/\/www.purejewels.com\/product\/peacock-grace-pendant-49338\/","url":"https:\/\/www.purejewels.com\/product\/peacock-grace-pendant-49338\/","name":"Merak Grace Anh\u00e4nger | 22ct Gold Pfau mit rosa Turmalin","isPartOf":{"@id":"https:\/\/www.purejewels.com\/#website"},"primaryImageOfPage":{"@id":"https:\/\/www.purejewels.com\/product\/peacock-grace-pendant-49338\/#primaryimage"},"image":{"@id":"https:\/\/www.purejewels.com\/product\/peacock-grace-pendant-49338\/#primaryimage"},"thumbnailUrl":"https:\/\/static.purejewels.com\/wp-content\/uploads\/2025\/07\/SKU-49338.jpg","datePublished":"2025-07-30T09:22:19+00:00","dateModified":"2026-02-18T06:14:46+00:00","description":"Der Merak Grace Anh\u00e4nger aus 22 Karat Sunrise Gold ist ein elegantes Accessoire. Mit einem zarten Pfauenmotiv und 0,35 Karat rosa Turmalin.","breadcrumb":{"@id":"https:\/\/www.purejewels.com\/product\/peacock-grace-pendant-49338\/#breadcrumb"},"inLanguage":"de","potentialAction":[{"@type":"ReadAction","target":["https:\/\/www.purejewels.com\/product\/peacock-grace-pendant-49338\/"]}]},{"@type":"ImageObject","inLanguage":"de","@id":"https:\/\/www.purejewels.com\/product\/peacock-grace-pendant-49338\/#primaryimage","url":"https:\/\/static.purejewels.com\/wp-content\/uploads\/2025\/07\/SKU-49338.jpg","contentUrl":"https:\/\/static.purejewels.com\/wp-content\/uploads\/2025\/07\/SKU-49338.jpg","width":1000,"height":1000,"caption":"49338"},{"@type":"BreadcrumbList","@id":"https:\/\/www.purejewels.com\/product\/peacock-grace-pendant-49338\/#breadcrumb","itemListElement":[{"@type":"ListItem","position":1,"name":"Home","item":"https:\/\/www.purejewels.com\/"},{"@type":"ListItem","position":2,"name":"Shop","item":"https:\/\/www.purejewels.com\/shop\/"},{"@type":"ListItem","position":3,"name":"Peacock Grace Pendant | Merak Collection"}]},{"@type":"WebSite","@id":"https:\/\/www.purejewels.com\/#website","url":"https:\/\/www.purejewels.com\/","name":"PureJewels UK","description":"Teile die Liebe","publisher":{"@id":"https:\/\/www.purejewels.com\/#organization"},"potentialAction":[{"@type":"SearchAction","target":{"@type":"EntryPoint","urlTemplate":"https:\/\/www.purejewels.com\/?s={search_term_string}"},"query-input":{"@type":"PropertyValueSpecification","valueRequired":true,"valueName":"search_term_string"}}],"inLanguage":"de"},{"@type":"Organization","@id":"https:\/\/www.purejewels.com\/#organization","name":"PureJewels UK","url":"https:\/\/www.purejewels.com\/","logo":{"@type":"ImageObject","inLanguage":"de","@id":"https:\/\/www.purejewels.com\/#\/schema\/logo\/image\/","url":"https:\/\/static.purejewels.com\/wp-content\/uploads\/2020\/11\/Logo-PJ-New-1.png","contentUrl":"https:\/\/static.purejewels.com\/wp-content\/uploads\/2020\/11\/Logo-PJ-New-1.png","width":150,"height":80,"caption":"PureJewels UK"},"image":{"@id":"https:\/\/www.purejewels.com\/#\/schema\/logo\/image\/"}}]}},"_links":{"self":[{"href":"https:\/\/www.purejewels.com\/de\/wp-json\/wp\/v2\/product\/407989","targetHints":{"allow":["GET"]}}],"collection":[{"href":"https:\/\/www.purejewels.com\/de\/wp-json\/wp\/v2\/product"}],"about":[{"href":"https:\/\/www.purejewels.com\/de\/wp-json\/wp\/v2\/types\/product"}],"replies":[{"embeddable":true,"href":"https:\/\/www.purejewels.com\/de\/wp-json\/wp\/v2\/comments?post=407989"}],"version-history":[{"count":3,"href":"https:\/\/www.purejewels.com\/de\/wp-json\/wp\/v2\/product\/407989\/revisions"}],"predecessor-version":[{"id":418445,"href":"https:\/\/www.purejewels.com\/de\/wp-json\/wp\/v2\/product\/407989\/revisions\/418445"}],"wp:featuredmedia":[{"embeddable":true,"href":"https:\/\/www.purejewels.com\/de\/wp-json\/wp\/v2\/media\/407993"}],"wp:attachment":[{"href":"https:\/\/www.purejewels.com\/de\/wp-json\/wp\/v2\/media?parent=407989"}],"wp:term":[{"taxonomy":"product_brand","embeddable":true,"href":"https:\/\/www.purejewels.com\/de\/wp-json\/wp\/v2\/product_brand?post=407989"},{"taxonomy":"product_cat","embeddable":true,"href":"https:\/\/www.purejewels.com\/de\/wp-json\/wp\/v2\/product_cat?post=407989"},{"taxonomy":"product_tag","embeddable":true,"href":"https:\/\/www.purejewels.com\/de\/wp-json\/wp\/v2\/product_tag?post=407989"}],"curies":[{"name":"wp","href":"https:\/\/api.w.org\/{rel}","templated":true}]}}