{"id":408013,"date":"2025-06-30T12:35:00","date_gmt":"2025-06-30T11:35:00","guid":{"rendered":"https:\/\/www.purejewels.com\/?post_type=product&#038;p=408013"},"modified":"2026-02-18T06:44:23","modified_gmt":"2026-02-18T06:44:23","slug":"hanuman-platin-anhanger-51946","status":"publish","type":"product","link":"https:\/\/www.purejewels.com\/de\/product\/hanuman-platinum-pendant-51946\/","title":{"rendered":"Hanuman Platin-Anh\u00e4nger"},"content":{"rendered":"<p>Die <strong data-start=\"414\" data-end=\"447\">Veer Hanuman Platin-Anh\u00e4nger<\/strong> ist ein kraftvolles Symbol des Glaubens, der Widerstandsf\u00e4higkeit und des g\u00f6ttlichen Schutzes. Dieser aus reinem Platin950 gegossene, detailgetreue Anh\u00e4nger zeigt Lord Hanuman in seiner tapferen Gestalt - er h\u00e4lt seine heilige Keule und verk\u00f6rpert St\u00e4rke, Hingabe und Furchtlosigkeit.<\/p>","protected":false},"excerpt":{"rendered":"<p>Rufen Sie Kraft und Hingabe mit dem <strong data-start=\"174\" data-end=\"207\">Veer Hanuman Platin-Anh\u00e4nger<\/strong>Dieser Anh\u00e4nger ist eine zeitlose Hommage an den m\u00e4chtigen Krieger und g\u00f6ttlichen Besch\u00fctzer. Dieser aus leuchtendem Platin950 gefertigte Anh\u00e4nger verk\u00f6rpert Mut, Treue und spirituelle Anmut.<\/p>\n<p><strong>Material:<\/strong> Platin<strong><br \/>\nWahrzeichen:\u00a0<\/strong>Britisches G\u00fctesiegel<strong><br \/>\n<\/strong><strong>Bruttogewicht: <\/strong>5,64 Gramm<strong><br \/>\nSKU: <\/strong>51946<\/p>\n<p><strong>Preis und Lieferung: <\/strong>Der Kettenpreis ist nicht inbegriffen, inklusive Mehrwertsteuer und Versandkosten.<strong><br \/>\n<a href=\"https:\/\/www.purejewels.com\/de\/ruckgabepolitik\/\">R\u00fcckgabepolitik<\/a><\/strong><\/p>","protected":false},"featured_media":408014,"comment_status":"closed","ping_status":"closed","template":"","meta":{"_eb_attr":"","_crsspst_to_jayantr4sg-hostcom":false},"product_brand":[],"product_cat":[1793,1571,1792,5344,1572,5347,6083,5350,6099,5338],"product_tag":[],"class_list":{"0":"post-408013","1":"product","2":"type-product","3":"status-publish","4":"has-post-thumbnail","6":"product_cat-diwali-gifts","7":"product_cat-fathers-day-gifts","8":"product_cat-festival-gifts","9":"product_cat-jewellery-under-750","10":"product_cat-mens-jewellery","11":"product_cat-shop-by-metal","12":"product_cat-platinum-jewellery-2","13":"product_cat-platinum-jewellery","14":"product_cat-platinum-pendant","15":"product_cat-shop-by-price","17":"first","18":"instock","19":"taxable","20":"shipping-taxable","21":"purchasable","22":"product-type-simple","23":"add-to-wishlist-before_image"},"yoast_head":"<!-- This site is optimized with the Yoast SEO plugin v27.6 - https:\/\/yoast.com\/product\/yoast-seo-wordpress\/ -->\n<title>Veer Hanuman Platinum Pendant | Pure Platinum950 Pendant<\/title>\n<meta name=\"description\" content=\"Celebrate divine strength with the Veer Hanuman Platinum Pendant, handcrafted in Platinum950. A symbol of protection, loyalty, and faith\u2014only at PureJewels.\" \/>\n<meta name=\"robots\" content=\"index, follow, max-snippet:-1, max-image-preview:large, max-video-preview:-1\" \/>\n<link rel=\"canonical\" href=\"https:\/\/www.purejewels.com\/de\/produkt-2\/hanuman-platin-anhanger-51946\/\" \/>\n<meta property=\"og:locale\" content=\"de_DE\" \/>\n<meta property=\"og:type\" content=\"article\" \/>\n<meta property=\"og:title\" content=\"Veer Hanuman Platinum Pendant | Pure Platinum950 Pendant\" \/>\n<meta property=\"og:description\" content=\"Celebrate divine strength with the Veer Hanuman Platinum Pendant, handcrafted in Platinum950. A symbol of protection, loyalty, and faith\u2014only at PureJewels.\" \/>\n<meta property=\"og:url\" content=\"https:\/\/www.purejewels.com\/de\/produkt-2\/hanuman-platin-anhanger-51946\/\" \/>\n<meta property=\"og:site_name\" content=\"PureJewels UK\" \/>\n<meta property=\"article:modified_time\" content=\"2026-02-18T06:44:23+00:00\" \/>\n<meta property=\"og:image\" content=\"https:\/\/static.purejewels.com\/wp-content\/uploads\/2025\/07\/SKU-51948.jpg\" \/>\n\t<meta property=\"og:image:width\" content=\"1000\" \/>\n\t<meta property=\"og:image:height\" content=\"1000\" \/>\n\t<meta property=\"og:image:type\" content=\"image\/jpeg\" \/>\n<meta name=\"twitter:card\" content=\"summary_large_image\" \/>\n<script type=\"application\/ld+json\" class=\"yoast-schema-graph\">{\"@context\":\"https:\\\/\\\/schema.org\",\"@graph\":[{\"@type\":[\"WebPage\",\"ItemPage\"],\"@id\":\"https:\\\/\\\/www.purejewels.com\\\/product\\\/hanuman-platinum-pendant-51946\\\/\",\"url\":\"https:\\\/\\\/www.purejewels.com\\\/product\\\/hanuman-platinum-pendant-51946\\\/\",\"name\":\"Veer Hanuman Platinum Pendant | Pure Platinum950 Pendant\",\"isPartOf\":{\"@id\":\"https:\\\/\\\/www.purejewels.com\\\/#website\"},\"primaryImageOfPage\":{\"@id\":\"https:\\\/\\\/www.purejewels.com\\\/product\\\/hanuman-platinum-pendant-51946\\\/#primaryimage\"},\"image\":{\"@id\":\"https:\\\/\\\/www.purejewels.com\\\/product\\\/hanuman-platinum-pendant-51946\\\/#primaryimage\"},\"thumbnailUrl\":\"https:\\\/\\\/static.purejewels.com\\\/wp-content\\\/uploads\\\/2025\\\/07\\\/SKU-51948.jpg\",\"datePublished\":\"2025-06-30T11:35:00+00:00\",\"dateModified\":\"2026-02-18T06:44:23+00:00\",\"description\":\"Celebrate divine strength with the Veer Hanuman Platinum Pendant, handcrafted in Platinum950. A symbol of protection, loyalty, and faith\u2014only at PureJewels.\",\"breadcrumb\":{\"@id\":\"https:\\\/\\\/www.purejewels.com\\\/product\\\/hanuman-platinum-pendant-51946\\\/#breadcrumb\"},\"inLanguage\":\"de\",\"potentialAction\":[{\"@type\":\"ReadAction\",\"target\":[\"https:\\\/\\\/www.purejewels.com\\\/product\\\/hanuman-platinum-pendant-51946\\\/\"]}]},{\"@type\":\"ImageObject\",\"inLanguage\":\"de\",\"@id\":\"https:\\\/\\\/www.purejewels.com\\\/product\\\/hanuman-platinum-pendant-51946\\\/#primaryimage\",\"url\":\"https:\\\/\\\/static.purejewels.com\\\/wp-content\\\/uploads\\\/2025\\\/07\\\/SKU-51948.jpg\",\"contentUrl\":\"https:\\\/\\\/static.purejewels.com\\\/wp-content\\\/uploads\\\/2025\\\/07\\\/SKU-51948.jpg\",\"width\":1000,\"height\":1000,\"caption\":\"51946\"},{\"@type\":\"BreadcrumbList\",\"@id\":\"https:\\\/\\\/www.purejewels.com\\\/product\\\/hanuman-platinum-pendant-51946\\\/#breadcrumb\",\"itemListElement\":[{\"@type\":\"ListItem\",\"position\":1,\"name\":\"Home\",\"item\":\"https:\\\/\\\/www.purejewels.com\\\/\"},{\"@type\":\"ListItem\",\"position\":2,\"name\":\"Shop\",\"item\":\"https:\\\/\\\/www.purejewels.com\\\/shop\\\/\"},{\"@type\":\"ListItem\",\"position\":3,\"name\":\"Hanuman Platinum Pendant\"}]},{\"@type\":\"WebSite\",\"@id\":\"https:\\\/\\\/www.purejewels.com\\\/#website\",\"url\":\"https:\\\/\\\/www.purejewels.com\\\/\",\"name\":\"PureJewels UK\",\"description\":\"Share the Love\",\"publisher\":{\"@id\":\"https:\\\/\\\/www.purejewels.com\\\/#organization\"},\"potentialAction\":[{\"@type\":\"SearchAction\",\"target\":{\"@type\":\"EntryPoint\",\"urlTemplate\":\"https:\\\/\\\/www.purejewels.com\\\/?s={search_term_string}\"},\"query-input\":{\"@type\":\"PropertyValueSpecification\",\"valueRequired\":true,\"valueName\":\"search_term_string\"}}],\"inLanguage\":\"de\"},{\"@type\":\"Organization\",\"@id\":\"https:\\\/\\\/www.purejewels.com\\\/#organization\",\"name\":\"PureJewels UK\",\"url\":\"https:\\\/\\\/www.purejewels.com\\\/\",\"logo\":{\"@type\":\"ImageObject\",\"inLanguage\":\"de\",\"@id\":\"https:\\\/\\\/www.purejewels.com\\\/#\\\/schema\\\/logo\\\/image\\\/\",\"url\":\"https:\\\/\\\/static.purejewels.com\\\/wp-content\\\/uploads\\\/2020\\\/11\\\/Logo-PJ-New-1.png\",\"contentUrl\":\"https:\\\/\\\/static.purejewels.com\\\/wp-content\\\/uploads\\\/2020\\\/11\\\/Logo-PJ-New-1.png\",\"width\":150,\"height\":80,\"caption\":\"PureJewels UK\"},\"image\":{\"@id\":\"https:\\\/\\\/www.purejewels.com\\\/#\\\/schema\\\/logo\\\/image\\\/\"}}]}<\/script>\n<!-- \/ Yoast SEO plugin. -->","yoast_head_json":{"title":"Veer Hanuman Platin Anh\u00e4nger | Reines Platin950 Anh\u00e4nger","description":"Feiern Sie die g\u00f6ttliche St\u00e4rke mit dem Veer Hanuman Platin-Anh\u00e4nger, handgefertigt aus Platin950. Ein Symbol des Schutzes, der Loyalit\u00e4t und des Glaubens - nur bei PureJewels.","robots":{"index":"index","follow":"follow","max-snippet":"max-snippet:-1","max-image-preview":"max-image-preview:large","max-video-preview":"max-video-preview:-1"},"canonical":"https:\/\/www.purejewels.com\/de\/produkt-2\/hanuman-platin-anhanger-51946\/","og_locale":"de_DE","og_type":"article","og_title":"Veer Hanuman Platinum Pendant | Pure Platinum950 Pendant","og_description":"Celebrate divine strength with the Veer Hanuman Platinum Pendant, handcrafted in Platinum950. A symbol of protection, loyalty, and faith\u2014only at PureJewels.","og_url":"https:\/\/www.purejewels.com\/de\/produkt-2\/hanuman-platin-anhanger-51946\/","og_site_name":"PureJewels UK","article_modified_time":"2026-02-18T06:44:23+00:00","og_image":[{"width":1000,"height":1000,"url":"https:\/\/static.purejewels.com\/wp-content\/uploads\/2025\/07\/SKU-51948.jpg","type":"image\/jpeg"}],"twitter_card":"summary_large_image","schema":{"@context":"https:\/\/schema.org","@graph":[{"@type":["WebPage","ItemPage"],"@id":"https:\/\/www.purejewels.com\/product\/hanuman-platinum-pendant-51946\/","url":"https:\/\/www.purejewels.com\/product\/hanuman-platinum-pendant-51946\/","name":"Veer Hanuman Platin Anh\u00e4nger | Reines Platin950 Anh\u00e4nger","isPartOf":{"@id":"https:\/\/www.purejewels.com\/#website"},"primaryImageOfPage":{"@id":"https:\/\/www.purejewels.com\/product\/hanuman-platinum-pendant-51946\/#primaryimage"},"image":{"@id":"https:\/\/www.purejewels.com\/product\/hanuman-platinum-pendant-51946\/#primaryimage"},"thumbnailUrl":"https:\/\/static.purejewels.com\/wp-content\/uploads\/2025\/07\/SKU-51948.jpg","datePublished":"2025-06-30T11:35:00+00:00","dateModified":"2026-02-18T06:44:23+00:00","description":"Feiern Sie die g\u00f6ttliche St\u00e4rke mit dem Veer Hanuman Platin-Anh\u00e4nger, handgefertigt aus Platin950. Ein Symbol des Schutzes, der Loyalit\u00e4t und des Glaubens - nur bei PureJewels.","breadcrumb":{"@id":"https:\/\/www.purejewels.com\/product\/hanuman-platinum-pendant-51946\/#breadcrumb"},"inLanguage":"de","potentialAction":[{"@type":"ReadAction","target":["https:\/\/www.purejewels.com\/product\/hanuman-platinum-pendant-51946\/"]}]},{"@type":"ImageObject","inLanguage":"de","@id":"https:\/\/www.purejewels.com\/product\/hanuman-platinum-pendant-51946\/#primaryimage","url":"https:\/\/static.purejewels.com\/wp-content\/uploads\/2025\/07\/SKU-51948.jpg","contentUrl":"https:\/\/static.purejewels.com\/wp-content\/uploads\/2025\/07\/SKU-51948.jpg","width":1000,"height":1000,"caption":"51946"},{"@type":"BreadcrumbList","@id":"https:\/\/www.purejewels.com\/product\/hanuman-platinum-pendant-51946\/#breadcrumb","itemListElement":[{"@type":"ListItem","position":1,"name":"Home","item":"https:\/\/www.purejewels.com\/"},{"@type":"ListItem","position":2,"name":"Shop","item":"https:\/\/www.purejewels.com\/shop\/"},{"@type":"ListItem","position":3,"name":"Hanuman Platinum Pendant"}]},{"@type":"WebSite","@id":"https:\/\/www.purejewels.com\/#website","url":"https:\/\/www.purejewels.com\/","name":"PureJewels UK","description":"Teile die Liebe","publisher":{"@id":"https:\/\/www.purejewels.com\/#organization"},"potentialAction":[{"@type":"SearchAction","target":{"@type":"EntryPoint","urlTemplate":"https:\/\/www.purejewels.com\/?s={search_term_string}"},"query-input":{"@type":"PropertyValueSpecification","valueRequired":true,"valueName":"search_term_string"}}],"inLanguage":"de"},{"@type":"Organization","@id":"https:\/\/www.purejewels.com\/#organization","name":"PureJewels UK","url":"https:\/\/www.purejewels.com\/","logo":{"@type":"ImageObject","inLanguage":"de","@id":"https:\/\/www.purejewels.com\/#\/schema\/logo\/image\/","url":"https:\/\/static.purejewels.com\/wp-content\/uploads\/2020\/11\/Logo-PJ-New-1.png","contentUrl":"https:\/\/static.purejewels.com\/wp-content\/uploads\/2020\/11\/Logo-PJ-New-1.png","width":150,"height":80,"caption":"PureJewels UK"},"image":{"@id":"https:\/\/www.purejewels.com\/#\/schema\/logo\/image\/"}}]}},"_links":{"self":[{"href":"https:\/\/www.purejewels.com\/de\/wp-json\/wp\/v2\/product\/408013","targetHints":{"allow":["GET"]}}],"collection":[{"href":"https:\/\/www.purejewels.com\/de\/wp-json\/wp\/v2\/product"}],"about":[{"href":"https:\/\/www.purejewels.com\/de\/wp-json\/wp\/v2\/types\/product"}],"replies":[{"embeddable":true,"href":"https:\/\/www.purejewels.com\/de\/wp-json\/wp\/v2\/comments?post=408013"}],"version-history":[{"count":1,"href":"https:\/\/www.purejewels.com\/de\/wp-json\/wp\/v2\/product\/408013\/revisions"}],"predecessor-version":[{"id":408015,"href":"https:\/\/www.purejewels.com\/de\/wp-json\/wp\/v2\/product\/408013\/revisions\/408015"}],"wp:featuredmedia":[{"embeddable":true,"href":"https:\/\/www.purejewels.com\/de\/wp-json\/wp\/v2\/media\/408014"}],"wp:attachment":[{"href":"https:\/\/www.purejewels.com\/de\/wp-json\/wp\/v2\/media?parent=408013"}],"wp:term":[{"taxonomy":"product_brand","embeddable":true,"href":"https:\/\/www.purejewels.com\/de\/wp-json\/wp\/v2\/product_brand?post=408013"},{"taxonomy":"product_cat","embeddable":true,"href":"https:\/\/www.purejewels.com\/de\/wp-json\/wp\/v2\/product_cat?post=408013"},{"taxonomy":"product_tag","embeddable":true,"href":"https:\/\/www.purejewels.com\/de\/wp-json\/wp\/v2\/product_tag?post=408013"}],"curies":[{"name":"wp","href":"https:\/\/api.w.org\/{rel}","templated":true}]}}