{"id":408183,"date":"2025-06-30T09:56:04","date_gmt":"2025-06-30T08:56:04","guid":{"rendered":"https:\/\/www.purejewels.com\/?post_type=product&#038;p=408183"},"modified":"2026-01-06T11:03:42","modified_gmt":"2026-01-06T11:03:42","slug":"kissen-halo-illusion-diamantring-49759","status":"publish","type":"product","link":"https:\/\/www.purejewels.com\/de\/product\/cushion-halo-illusion-diamond-ring-49759\/","title":{"rendered":"18ct Cushion Cut Halo Verlobungsring"},"content":{"rendered":"<p>Die <strong data-start=\"537\" data-end=\"597\">Cushion Halo Diamant Verlobungsring in 18ct Gelbgold<\/strong> ist ein anmutiger Ausdruck der ewigen Liebe. In der Mitte des Rings befindet sich ein Illusions-Diamantencluster im Prinzess-Schliff, der den Eindruck eines gr\u00f6\u00dferen, einzelnen Steins erweckt. Umgeben von einem kissenf\u00f6rmigen Halo aus runden Brillanten und vollendet mit einem Hochglanzband aus 18 Karat Gelbgold, verbindet dieser Ring klassischen Stil mit modernem Glanz. Mit einem Gesamtgewicht der Diamanten von 0,33 ct und der Farbe G-H und der Reinheit VS ist dieser Ring eine strahlende Wahl f\u00fcr einen Heiratsantrag, einen Jahrestag oder ein bedeutungsvolles Geschenk.<\/p>","protected":false},"excerpt":{"rendered":"<p data-start=\"254\" data-end=\"490\">Dieser elegante Verlobungsring ist mit einem 0,33-kar\u00e4tigen, illusionsgefassten Diamantencluster besetzt, der von einem kissenf\u00f6rmigen Halo umrahmt wird. Er ist aus 18 Karat Gelbgold gefertigt und bietet zeitloses Funkeln und raffinierten Charme.<\/p>\n<p><strong>Material:<\/strong>\u00a018ct Gelbgold<br \/>\n<strong>Wahrzeichen:\u00a0<\/strong>Britisches G\u00fctesiegel<strong><br \/>\n<\/strong><strong>Stein:\u00a0<\/strong>Nat\u00fcrlicher Diamant<strong><br \/>\n<\/strong><strong>Wird mit Zertifikat geliefert:\u00a0<\/strong>ja<strong><br \/>\nGewicht der Diamanten:\u00a0<\/strong>0,33ct<br \/>\n<b>Farbe des Diamanten: <\/b>G-H<br \/>\n<b>Diamant-Reinheit: <\/b>VS<br \/>\n<strong>Bruttogewicht:<\/strong>\u00a0 3.36 Gms<br \/>\n<strong>Nettogewicht:<\/strong> 3.29 Gms<br \/>\n<strong>Ringgr\u00f6\u00dfe:<\/strong> K<br \/>\n<strong>SKU: <\/strong>49759<\/p>\n<p><strong>Preis und Lieferung:<\/strong>\u00a0Inklusive Mehrwertsteuer und Lieferkosten<br \/>\n<strong>Garantie:<\/strong>\u00a0kostenloser Valet-Service und Schwachstellenkontrollen<br \/>\n<strong>Anmerkung:\u00a0<\/strong>Dieser Ring ist in allen Fingergr\u00f6\u00dfen erh\u00e4ltlich. Bitte\u00a0<strong id=\"btn_TawkLink\">sich melden\u00a0<\/strong>um die perfekte Passform f\u00fcr Sie zu bestellen.<br \/>\n<a href=\"https:\/\/www.purejewels.com\/de\/ruckgabepolitik\/\">R\u00fcckgabepolitik<\/a><\/p>","protected":false},"featured_media":408184,"comment_status":"closed","ping_status":"closed","template":"","meta":{"_eb_attr":"","_crsspst_to_jayantr4sg-hostcom":true},"product_brand":[],"product_cat":[5679,6085,1679,1791,1559,5457,5460,1796,1783,6042,1569,1574],"product_tag":[],"class_list":{"0":"post-408183","1":"product","2":"type-product","3":"status-publish","4":"has-post-thumbnail","6":"product_cat-18ct-gold-jewellery","7":"product_cat-18ct-gold-ring","8":"product_cat-18ct-gold-rings","9":"product_cat-anniversary-gifts","10":"product_cat-birthday-gifts","11":"product_cat-diamond-jewellery","12":"product_cat-diamond-ring","13":"product_cat-diamond-rings","14":"product_cat-ladies-rings","15":"product_cat-solitaire-ring","16":"product_cat-valentine-day-gifts","17":"product_cat-womens-jewellery","19":"first","20":"instock","21":"featured","22":"taxable","23":"shipping-taxable","24":"purchasable","25":"product-type-simple","26":"add-to-wishlist-before_image"},"yoast_head":"<!-- This site is optimized with the Yoast SEO plugin v27.5 - https:\/\/yoast.com\/product\/yoast-seo-wordpress\/ -->\n<title>Cushion Halo Diamond Engagement Ring \u2013 18ct Yellow Gold<\/title>\n<meta name=\"description\" content=\"Shop this 0.33ct cushion halo diamond engagement ring in 18ct yellow gold. A timeless illusion-set design with radiant G\u2013H VS diamonds.\" \/>\n<meta name=\"robots\" content=\"index, follow, max-snippet:-1, max-image-preview:large, max-video-preview:-1\" \/>\n<link rel=\"canonical\" href=\"https:\/\/www.purejewels.com\/de\/produkt-2\/kissen-halo-illusion-diamantring-49759\/\" \/>\n<meta property=\"og:locale\" content=\"de_DE\" \/>\n<meta property=\"og:type\" content=\"article\" \/>\n<meta property=\"og:title\" content=\"Cushion Halo Diamond Engagement Ring \u2013 18ct Yellow Gold\" \/>\n<meta property=\"og:description\" content=\"Shop this 0.33ct cushion halo diamond engagement ring in 18ct yellow gold. A timeless illusion-set design with radiant G\u2013H VS diamonds.\" \/>\n<meta property=\"og:url\" content=\"https:\/\/www.purejewels.com\/de\/produkt-2\/kissen-halo-illusion-diamantring-49759\/\" \/>\n<meta property=\"og:site_name\" content=\"PureJewels UK\" \/>\n<meta property=\"article:modified_time\" content=\"2026-01-06T11:03:42+00:00\" \/>\n<meta property=\"og:image\" content=\"https:\/\/www.purejewels.com\/wp-content\/uploads\/2025\/07\/SKU-49761-49757-49759-1.jpg\" \/>\n\t<meta property=\"og:image:width\" content=\"1000\" \/>\n\t<meta property=\"og:image:height\" content=\"1000\" \/>\n\t<meta property=\"og:image:type\" content=\"image\/jpeg\" \/>\n<meta name=\"twitter:card\" content=\"summary_large_image\" \/>\n<script type=\"application\/ld+json\" class=\"yoast-schema-graph\">{\"@context\":\"https:\\\/\\\/schema.org\",\"@graph\":[{\"@type\":[\"WebPage\",\"ItemPage\"],\"@id\":\"https:\\\/\\\/www.purejewels.com\\\/product\\\/cushion-halo-illusion-diamond-ring-49759\\\/\",\"url\":\"https:\\\/\\\/www.purejewels.com\\\/product\\\/cushion-halo-illusion-diamond-ring-49759\\\/\",\"name\":\"Cushion Halo Diamond Engagement Ring \u2013 18ct Yellow Gold\",\"isPartOf\":{\"@id\":\"https:\\\/\\\/www.purejewels.com\\\/#website\"},\"primaryImageOfPage\":{\"@id\":\"https:\\\/\\\/www.purejewels.com\\\/product\\\/cushion-halo-illusion-diamond-ring-49759\\\/#primaryimage\"},\"image\":{\"@id\":\"https:\\\/\\\/www.purejewels.com\\\/product\\\/cushion-halo-illusion-diamond-ring-49759\\\/#primaryimage\"},\"thumbnailUrl\":\"https:\\\/\\\/static.purejewels.com\\\/wp-content\\\/uploads\\\/2025\\\/07\\\/SKU-49761-49757-49759-1.jpg\",\"datePublished\":\"2025-06-30T08:56:04+00:00\",\"dateModified\":\"2026-01-06T11:03:42+00:00\",\"description\":\"Shop this 0.33ct cushion halo diamond engagement ring in 18ct yellow gold. A timeless illusion-set design with radiant G\u2013H VS diamonds.\",\"breadcrumb\":{\"@id\":\"https:\\\/\\\/www.purejewels.com\\\/product\\\/cushion-halo-illusion-diamond-ring-49759\\\/#breadcrumb\"},\"inLanguage\":\"de\",\"potentialAction\":[{\"@type\":\"ReadAction\",\"target\":[\"https:\\\/\\\/www.purejewels.com\\\/product\\\/cushion-halo-illusion-diamond-ring-49759\\\/\"]}]},{\"@type\":\"ImageObject\",\"inLanguage\":\"de\",\"@id\":\"https:\\\/\\\/www.purejewels.com\\\/product\\\/cushion-halo-illusion-diamond-ring-49759\\\/#primaryimage\",\"url\":\"https:\\\/\\\/static.purejewels.com\\\/wp-content\\\/uploads\\\/2025\\\/07\\\/SKU-49761-49757-49759-1.jpg\",\"contentUrl\":\"https:\\\/\\\/static.purejewels.com\\\/wp-content\\\/uploads\\\/2025\\\/07\\\/SKU-49761-49757-49759-1.jpg\",\"width\":1000,\"height\":1000,\"caption\":\"Stacked from 8 images. Method=B (R=8,S=4)\"},{\"@type\":\"BreadcrumbList\",\"@id\":\"https:\\\/\\\/www.purejewels.com\\\/product\\\/cushion-halo-illusion-diamond-ring-49759\\\/#breadcrumb\",\"itemListElement\":[{\"@type\":\"ListItem\",\"position\":1,\"name\":\"Home\",\"item\":\"https:\\\/\\\/www.purejewels.com\\\/\"},{\"@type\":\"ListItem\",\"position\":2,\"name\":\"Shop\",\"item\":\"https:\\\/\\\/www.purejewels.com\\\/shop\\\/\"},{\"@type\":\"ListItem\",\"position\":3,\"name\":\"18ct Cushion Cut Halo Engagement Ring\"}]},{\"@type\":\"WebSite\",\"@id\":\"https:\\\/\\\/www.purejewels.com\\\/#website\",\"url\":\"https:\\\/\\\/www.purejewels.com\\\/\",\"name\":\"PureJewels UK\",\"description\":\"Share the Love\",\"publisher\":{\"@id\":\"https:\\\/\\\/www.purejewels.com\\\/#organization\"},\"potentialAction\":[{\"@type\":\"SearchAction\",\"target\":{\"@type\":\"EntryPoint\",\"urlTemplate\":\"https:\\\/\\\/www.purejewels.com\\\/?s={search_term_string}\"},\"query-input\":{\"@type\":\"PropertyValueSpecification\",\"valueRequired\":true,\"valueName\":\"search_term_string\"}}],\"inLanguage\":\"de\"},{\"@type\":\"Organization\",\"@id\":\"https:\\\/\\\/www.purejewels.com\\\/#organization\",\"name\":\"PureJewels UK\",\"url\":\"https:\\\/\\\/www.purejewels.com\\\/\",\"logo\":{\"@type\":\"ImageObject\",\"inLanguage\":\"de\",\"@id\":\"https:\\\/\\\/www.purejewels.com\\\/#\\\/schema\\\/logo\\\/image\\\/\",\"url\":\"https:\\\/\\\/static.purejewels.com\\\/wp-content\\\/uploads\\\/2020\\\/11\\\/Logo-PJ-New-1.png\",\"contentUrl\":\"https:\\\/\\\/static.purejewels.com\\\/wp-content\\\/uploads\\\/2020\\\/11\\\/Logo-PJ-New-1.png\",\"width\":150,\"height\":80,\"caption\":\"PureJewels UK\"},\"image\":{\"@id\":\"https:\\\/\\\/www.purejewels.com\\\/#\\\/schema\\\/logo\\\/image\\\/\"}}]}<\/script>\n<!-- \/ Yoast SEO plugin. -->","yoast_head_json":{"title":"Cushion Halo Diamant Verlobungsring - 18ct Gelbgold","description":"Kaufen Sie diesen Verlobungsring aus 18 Karat Gelbgold mit 0,33 Karat Halo-Diamanten. Ein zeitloses Design in Illusionsfassung mit strahlenden G-H VS-Diamanten.","robots":{"index":"index","follow":"follow","max-snippet":"max-snippet:-1","max-image-preview":"max-image-preview:large","max-video-preview":"max-video-preview:-1"},"canonical":"https:\/\/www.purejewels.com\/de\/produkt-2\/kissen-halo-illusion-diamantring-49759\/","og_locale":"de_DE","og_type":"article","og_title":"Cushion Halo Diamond Engagement Ring \u2013 18ct Yellow Gold","og_description":"Shop this 0.33ct cushion halo diamond engagement ring in 18ct yellow gold. A timeless illusion-set design with radiant G\u2013H VS diamonds.","og_url":"https:\/\/www.purejewels.com\/de\/produkt-2\/kissen-halo-illusion-diamantring-49759\/","og_site_name":"PureJewels UK","article_modified_time":"2026-01-06T11:03:42+00:00","og_image":[{"width":1000,"height":1000,"url":"https:\/\/www.purejewels.com\/wp-content\/uploads\/2025\/07\/SKU-49761-49757-49759-1.jpg","type":"image\/jpeg"}],"twitter_card":"summary_large_image","schema":{"@context":"https:\/\/schema.org","@graph":[{"@type":["WebPage","ItemPage"],"@id":"https:\/\/www.purejewels.com\/product\/cushion-halo-illusion-diamond-ring-49759\/","url":"https:\/\/www.purejewels.com\/product\/cushion-halo-illusion-diamond-ring-49759\/","name":"Cushion Halo Diamant Verlobungsring - 18ct Gelbgold","isPartOf":{"@id":"https:\/\/www.purejewels.com\/#website"},"primaryImageOfPage":{"@id":"https:\/\/www.purejewels.com\/product\/cushion-halo-illusion-diamond-ring-49759\/#primaryimage"},"image":{"@id":"https:\/\/www.purejewels.com\/product\/cushion-halo-illusion-diamond-ring-49759\/#primaryimage"},"thumbnailUrl":"https:\/\/static.purejewels.com\/wp-content\/uploads\/2025\/07\/SKU-49761-49757-49759-1.jpg","datePublished":"2025-06-30T08:56:04+00:00","dateModified":"2026-01-06T11:03:42+00:00","description":"Kaufen Sie diesen Verlobungsring aus 18 Karat Gelbgold mit 0,33 Karat Halo-Diamanten. Ein zeitloses Design in Illusionsfassung mit strahlenden G-H VS-Diamanten.","breadcrumb":{"@id":"https:\/\/www.purejewels.com\/product\/cushion-halo-illusion-diamond-ring-49759\/#breadcrumb"},"inLanguage":"de","potentialAction":[{"@type":"ReadAction","target":["https:\/\/www.purejewels.com\/product\/cushion-halo-illusion-diamond-ring-49759\/"]}]},{"@type":"ImageObject","inLanguage":"de","@id":"https:\/\/www.purejewels.com\/product\/cushion-halo-illusion-diamond-ring-49759\/#primaryimage","url":"https:\/\/static.purejewels.com\/wp-content\/uploads\/2025\/07\/SKU-49761-49757-49759-1.jpg","contentUrl":"https:\/\/static.purejewels.com\/wp-content\/uploads\/2025\/07\/SKU-49761-49757-49759-1.jpg","width":1000,"height":1000,"caption":"Stacked from 8 images. Method=B (R=8,S=4)"},{"@type":"BreadcrumbList","@id":"https:\/\/www.purejewels.com\/product\/cushion-halo-illusion-diamond-ring-49759\/#breadcrumb","itemListElement":[{"@type":"ListItem","position":1,"name":"Home","item":"https:\/\/www.purejewels.com\/"},{"@type":"ListItem","position":2,"name":"Shop","item":"https:\/\/www.purejewels.com\/shop\/"},{"@type":"ListItem","position":3,"name":"18ct Cushion Cut Halo Engagement Ring"}]},{"@type":"WebSite","@id":"https:\/\/www.purejewels.com\/#website","url":"https:\/\/www.purejewels.com\/","name":"PureJewels UK","description":"Teile die Liebe","publisher":{"@id":"https:\/\/www.purejewels.com\/#organization"},"potentialAction":[{"@type":"SearchAction","target":{"@type":"EntryPoint","urlTemplate":"https:\/\/www.purejewels.com\/?s={search_term_string}"},"query-input":{"@type":"PropertyValueSpecification","valueRequired":true,"valueName":"search_term_string"}}],"inLanguage":"de"},{"@type":"Organization","@id":"https:\/\/www.purejewels.com\/#organization","name":"PureJewels UK","url":"https:\/\/www.purejewels.com\/","logo":{"@type":"ImageObject","inLanguage":"de","@id":"https:\/\/www.purejewels.com\/#\/schema\/logo\/image\/","url":"https:\/\/static.purejewels.com\/wp-content\/uploads\/2020\/11\/Logo-PJ-New-1.png","contentUrl":"https:\/\/static.purejewels.com\/wp-content\/uploads\/2020\/11\/Logo-PJ-New-1.png","width":150,"height":80,"caption":"PureJewels UK"},"image":{"@id":"https:\/\/www.purejewels.com\/#\/schema\/logo\/image\/"}}]}},"_links":{"self":[{"href":"https:\/\/www.purejewels.com\/de\/wp-json\/wp\/v2\/product\/408183","targetHints":{"allow":["GET"]}}],"collection":[{"href":"https:\/\/www.purejewels.com\/de\/wp-json\/wp\/v2\/product"}],"about":[{"href":"https:\/\/www.purejewels.com\/de\/wp-json\/wp\/v2\/types\/product"}],"replies":[{"embeddable":true,"href":"https:\/\/www.purejewels.com\/de\/wp-json\/wp\/v2\/comments?post=408183"}],"version-history":[{"count":4,"href":"https:\/\/www.purejewels.com\/de\/wp-json\/wp\/v2\/product\/408183\/revisions"}],"predecessor-version":[{"id":413142,"href":"https:\/\/www.purejewels.com\/de\/wp-json\/wp\/v2\/product\/408183\/revisions\/413142"}],"wp:featuredmedia":[{"embeddable":true,"href":"https:\/\/www.purejewels.com\/de\/wp-json\/wp\/v2\/media\/408184"}],"wp:attachment":[{"href":"https:\/\/www.purejewels.com\/de\/wp-json\/wp\/v2\/media?parent=408183"}],"wp:term":[{"taxonomy":"product_brand","embeddable":true,"href":"https:\/\/www.purejewels.com\/de\/wp-json\/wp\/v2\/product_brand?post=408183"},{"taxonomy":"product_cat","embeddable":true,"href":"https:\/\/www.purejewels.com\/de\/wp-json\/wp\/v2\/product_cat?post=408183"},{"taxonomy":"product_tag","embeddable":true,"href":"https:\/\/www.purejewels.com\/de\/wp-json\/wp\/v2\/product_tag?post=408183"}],"curies":[{"name":"wp","href":"https:\/\/api.w.org\/{rel}","templated":true}]}}