{"id":408482,"date":"2025-12-15T11:30:19","date_gmt":"2025-12-15T11:30:19","guid":{"rendered":"https:\/\/www.purejewels.com\/?post_type=product&#038;p=408482"},"modified":"2026-01-21T06:03:22","modified_gmt":"2026-01-21T06:03:22","slug":"22ct-armari-cocktail-ring-verstellbar","status":"publish","type":"product","link":"https:\/\/www.purejewels.com\/de\/product\/22ct-armari-cocktail-ring-adjustable\/","title":{"rendered":"22ct Armari Cocktail Ring | Einstellbar"},"content":{"rendered":"<p data-start=\"0\" data-end=\"372\"><strong data-start=\"0\" data-end=\"10\">Gestaltung<\/strong><br data-start=\"10\" data-end=\"13\" \/>Der 22-kar\u00e4tige Armari-Cocktailring steht f\u00fcr St\u00e4rke und Kunstfertigkeit und ist von der dauerhaften Eleganz der traditionellen Goldschmiedekunst inspiriert. Die k\u00fchne, offene Gitterkuppel aus reichhaltigem Sunrise Gold erzeugt ein Spiel aus Licht und Schatten auf der Hand. Das Design spiegelt die Armari-Philosophie der furchtlosen Sch\u00f6nheit wider, mit zarten Details, die dennoch kraftvoll und sicher wirken.<\/p>\n<p data-start=\"374\" data-end=\"764\"><strong data-start=\"374\" data-end=\"391\">Handwerkliches K\u00f6nnen<\/strong><br data-start=\"391\" data-end=\"394\" \/>Die Kuppel wird mit altbew\u00e4hrten Granulations- und Feindrahttechniken geformt, wobei jede Perle und Kurve sorgf\u00e4ltig von Hand positioniert wird. Der aus 22 Karat Sunrise Gold gefertigte und auf einen warmen Glanz polierte Ring vereint eine komplizierte Struktur mit einer glatten, komfortablen Oberfl\u00e4che. Das verstellbare Band erm\u00f6glicht eine ma\u00dfgeschneiderte Passform, und jedes St\u00fcck ist in Gro\u00dfbritannien f\u00fcr die Reinheitszertifizierung gepunzt.<\/p>\n<p data-start=\"766\" data-end=\"1167\" data-is-last-node=\"\" data-is-only-node=\"\"><strong data-start=\"766\" data-end=\"787\">Styling &amp; Geschenkartikel<\/strong><br data-start=\"787\" data-end=\"790\" \/>Dieser auff\u00e4llige, aber dennoch tragbare Cocktailring kann allein als Mittelst\u00fcck getragen oder mit schmalen Armreifen f\u00fcr einen festlicheren Look kombiniert werden. Er l\u00e4sst sich m\u00fchelos von der allt\u00e4glichen Selbstsicherheit bis hin zu abendlichen Feierlichkeiten tragen, ideal f\u00fcr Hochzeiten, Partys oder besondere Anl\u00e4sse. Ein durchdachtes Geschenk f\u00fcr jemanden, der Erbe und k\u00fchnes Design sch\u00e4tzt, oder ein starkes St\u00fcck, um Ihre eigenen Meilensteine zu markieren.<\/p>","protected":false},"excerpt":{"rendered":"<p>Kaufen Sie den 22 Karat Armari Cocktail Ring aus der Armari Kollektion von PureJewels. Mit einem k\u00fchnen Kuppeldesign und filigranen Details, bringt dieses verstellbare St\u00fcck traditionelle Handwerkskunst in den modernen Stil.<\/p>\n<p><strong>Material:<\/strong> 22ct Gold (91,6% reines Gold)<br \/>\n<strong>Beenden:<\/strong>\u00a0Antike Ausf\u00fchrung<br \/>\n<strong>Wahrzeichen:<\/strong>\u00a0Britisches G\u00fctesiegel<br \/>\n<strong>Gewicht:<\/strong> 2,99 Gramm<br \/>\n<strong>Ringgr\u00f6\u00dfe:<\/strong> Einstellbar<br \/>\n<strong>SKU:<\/strong> 52256<\/p>\n<p><strong>Preis und Lieferung<\/strong>: Inklusive Mehrwertsteuer und Lieferkosten<br \/>\nInternationaler Versand auf Anfrage m\u00f6glich<br \/>\n<a href=\"https:\/\/www.purejewels.com\/de\/ruckgabepolitik\/\">R\u00fcckgabepolitik<\/a><\/p>","protected":false},"featured_media":408486,"comment_status":"closed","ping_status":"closed","template":"","meta":{"_eb_attr":"","_crsspst_to_jayantr4sg-hostcom":false},"product_brand":[],"product_cat":[1791,6159,245,5642,6041,236,1793,5701,1229,1235,1783,1570,1786,1573,1574],"product_tag":[1430,64],"class_list":{"0":"post-408482","1":"product","2":"type-product","3":"status-publish","4":"has-post-thumbnail","6":"product_cat-anniversary-gifts","7":"product_cat-armari-cocktail-ring","8":"product_cat-armari-collections","9":"product_cat-armari-ring","10":"product_cat-cocktail-ring","11":"product_cat-collections","12":"product_cat-diwali-gifts","13":"product_cat-eid-jewellery","14":"product_cat-22ct-gold-jewellery","15":"product_cat-gold-rings","16":"product_cat-ladies-rings","17":"product_cat-mothers-day-gifts","18":"product_cat-occasional-wear-rings","19":"product_cat-wedding-gifts","20":"product_cat-womens-jewellery","21":"product_tag-diwali-gift","22":"product_tag-rings","24":"first","25":"outofstock","26":"taxable","27":"shipping-taxable","28":"product-type-simple","29":"add-to-wishlist-before_image"},"yoast_head":"<!-- This site is optimized with the Yoast SEO plugin v27.6 - https:\/\/yoast.com\/product\/yoast-seo-wordpress\/ -->\n<title>22ct Armari Cocktail Ring | Adjustable Gold Ring \u2013 PureJewels UK<\/title>\n<meta name=\"description\" content=\"Shop the 22ct Armari Cocktail Ring from PureJewels\u2019 Armari Collection. Featuring an adjustable band and intricate dome design, this gold ring celebrates heritage in style.\" \/>\n<meta name=\"robots\" content=\"index, follow, max-snippet:-1, max-image-preview:large, max-video-preview:-1\" \/>\n<link rel=\"canonical\" href=\"https:\/\/www.purejewels.com\/de\/produkt-2\/22ct-armari-cocktail-ring-verstellbar\/\" \/>\n<meta property=\"og:locale\" content=\"de_DE\" \/>\n<meta property=\"og:type\" content=\"article\" \/>\n<meta property=\"og:title\" content=\"22ct Armari Cocktail Ring | Adjustable Gold Ring \u2013 PureJewels UK\" \/>\n<meta property=\"og:description\" content=\"Shop the 22ct Armari Cocktail Ring from PureJewels\u2019 Armari Collection. Featuring an adjustable band and intricate dome design, this gold ring celebrates heritage in style.\" \/>\n<meta property=\"og:url\" content=\"https:\/\/www.purejewels.com\/de\/produkt-2\/22ct-armari-cocktail-ring-verstellbar\/\" \/>\n<meta property=\"og:site_name\" content=\"PureJewels UK\" \/>\n<meta property=\"article:modified_time\" content=\"2026-01-21T06:03:22+00:00\" \/>\n<meta property=\"og:image\" content=\"https:\/\/static.purejewels.com\/wp-content\/uploads\/2025\/08\/SKU-52256.jpg\" \/>\n\t<meta property=\"og:image:width\" content=\"1000\" \/>\n\t<meta property=\"og:image:height\" content=\"1000\" \/>\n\t<meta property=\"og:image:type\" content=\"image\/jpeg\" \/>\n<meta name=\"twitter:card\" content=\"summary_large_image\" \/>\n<meta name=\"twitter:label1\" content=\"Gesch\u00e4tzte Lesezeit\" \/>\n\t<meta name=\"twitter:data1\" content=\"1\u00a0Minute\" \/>\n<script type=\"application\/ld+json\" class=\"yoast-schema-graph\">{\"@context\":\"https:\\\/\\\/schema.org\",\"@graph\":[{\"@type\":[\"WebPage\",\"ItemPage\"],\"@id\":\"https:\\\/\\\/www.purejewels.com\\\/product\\\/22ct-armari-cocktail-ring-adjustable\\\/\",\"url\":\"https:\\\/\\\/www.purejewels.com\\\/product\\\/22ct-armari-cocktail-ring-adjustable\\\/\",\"name\":\"22ct Armari Cocktail Ring | Adjustable Gold Ring \u2013 PureJewels UK\",\"isPartOf\":{\"@id\":\"https:\\\/\\\/www.purejewels.com\\\/#website\"},\"primaryImageOfPage\":{\"@id\":\"https:\\\/\\\/www.purejewels.com\\\/product\\\/22ct-armari-cocktail-ring-adjustable\\\/#primaryimage\"},\"image\":{\"@id\":\"https:\\\/\\\/www.purejewels.com\\\/product\\\/22ct-armari-cocktail-ring-adjustable\\\/#primaryimage\"},\"thumbnailUrl\":\"https:\\\/\\\/static.purejewels.com\\\/wp-content\\\/uploads\\\/2025\\\/08\\\/SKU-52256.jpg\",\"datePublished\":\"2025-12-15T11:30:19+00:00\",\"dateModified\":\"2026-01-21T06:03:22+00:00\",\"description\":\"Shop the 22ct Armari Cocktail Ring from PureJewels\u2019 Armari Collection. Featuring an adjustable band and intricate dome design, this gold ring celebrates heritage in style.\",\"breadcrumb\":{\"@id\":\"https:\\\/\\\/www.purejewels.com\\\/product\\\/22ct-armari-cocktail-ring-adjustable\\\/#breadcrumb\"},\"inLanguage\":\"de\",\"potentialAction\":[{\"@type\":\"ReadAction\",\"target\":[\"https:\\\/\\\/www.purejewels.com\\\/product\\\/22ct-armari-cocktail-ring-adjustable\\\/\"]}]},{\"@type\":\"ImageObject\",\"inLanguage\":\"de\",\"@id\":\"https:\\\/\\\/www.purejewels.com\\\/product\\\/22ct-armari-cocktail-ring-adjustable\\\/#primaryimage\",\"url\":\"https:\\\/\\\/static.purejewels.com\\\/wp-content\\\/uploads\\\/2025\\\/08\\\/SKU-52256.jpg\",\"contentUrl\":\"https:\\\/\\\/static.purejewels.com\\\/wp-content\\\/uploads\\\/2025\\\/08\\\/SKU-52256.jpg\",\"width\":1000,\"height\":1000,\"caption\":\"22ct Armari Cocktail Ring | Adjustable\"},{\"@type\":\"BreadcrumbList\",\"@id\":\"https:\\\/\\\/www.purejewels.com\\\/product\\\/22ct-armari-cocktail-ring-adjustable\\\/#breadcrumb\",\"itemListElement\":[{\"@type\":\"ListItem\",\"position\":1,\"name\":\"Home\",\"item\":\"https:\\\/\\\/www.purejewels.com\\\/\"},{\"@type\":\"ListItem\",\"position\":2,\"name\":\"Shop\",\"item\":\"https:\\\/\\\/www.purejewels.com\\\/shop\\\/\"},{\"@type\":\"ListItem\",\"position\":3,\"name\":\"22ct Armari Cocktail Ring | Adjustable\"}]},{\"@type\":\"WebSite\",\"@id\":\"https:\\\/\\\/www.purejewels.com\\\/#website\",\"url\":\"https:\\\/\\\/www.purejewels.com\\\/\",\"name\":\"PureJewels UK\",\"description\":\"Share the Love\",\"publisher\":{\"@id\":\"https:\\\/\\\/www.purejewels.com\\\/#organization\"},\"potentialAction\":[{\"@type\":\"SearchAction\",\"target\":{\"@type\":\"EntryPoint\",\"urlTemplate\":\"https:\\\/\\\/www.purejewels.com\\\/?s={search_term_string}\"},\"query-input\":{\"@type\":\"PropertyValueSpecification\",\"valueRequired\":true,\"valueName\":\"search_term_string\"}}],\"inLanguage\":\"de\"},{\"@type\":\"Organization\",\"@id\":\"https:\\\/\\\/www.purejewels.com\\\/#organization\",\"name\":\"PureJewels UK\",\"url\":\"https:\\\/\\\/www.purejewels.com\\\/\",\"logo\":{\"@type\":\"ImageObject\",\"inLanguage\":\"de\",\"@id\":\"https:\\\/\\\/www.purejewels.com\\\/#\\\/schema\\\/logo\\\/image\\\/\",\"url\":\"https:\\\/\\\/static.purejewels.com\\\/wp-content\\\/uploads\\\/2020\\\/11\\\/Logo-PJ-New-1.png\",\"contentUrl\":\"https:\\\/\\\/static.purejewels.com\\\/wp-content\\\/uploads\\\/2020\\\/11\\\/Logo-PJ-New-1.png\",\"width\":150,\"height\":80,\"caption\":\"PureJewels UK\"},\"image\":{\"@id\":\"https:\\\/\\\/www.purejewels.com\\\/#\\\/schema\\\/logo\\\/image\\\/\"}}]}<\/script>\n<!-- \/ Yoast SEO plugin. -->","yoast_head_json":{"title":"22ct Armari Cocktail Ring | Verstellbarer Goldring - PureJewels UK","description":"Kaufen Sie den 22 Karat Armari Cocktail Ring aus der Armari Kollektion von PureJewels. Mit einem verstellbaren Band und einem komplizierten Kuppeldesign zelebriert dieser Goldring das Erbe mit Stil.","robots":{"index":"index","follow":"follow","max-snippet":"max-snippet:-1","max-image-preview":"max-image-preview:large","max-video-preview":"max-video-preview:-1"},"canonical":"https:\/\/www.purejewels.com\/de\/produkt-2\/22ct-armari-cocktail-ring-verstellbar\/","og_locale":"de_DE","og_type":"article","og_title":"22ct Armari Cocktail Ring | Adjustable Gold Ring \u2013 PureJewels UK","og_description":"Shop the 22ct Armari Cocktail Ring from PureJewels\u2019 Armari Collection. Featuring an adjustable band and intricate dome design, this gold ring celebrates heritage in style.","og_url":"https:\/\/www.purejewels.com\/de\/produkt-2\/22ct-armari-cocktail-ring-verstellbar\/","og_site_name":"PureJewels UK","article_modified_time":"2026-01-21T06:03:22+00:00","og_image":[{"width":1000,"height":1000,"url":"https:\/\/static.purejewels.com\/wp-content\/uploads\/2025\/08\/SKU-52256.jpg","type":"image\/jpeg"}],"twitter_card":"summary_large_image","twitter_misc":{"Gesch\u00e4tzte Lesezeit":"1\u00a0Minute"},"schema":{"@context":"https:\/\/schema.org","@graph":[{"@type":["WebPage","ItemPage"],"@id":"https:\/\/www.purejewels.com\/product\/22ct-armari-cocktail-ring-adjustable\/","url":"https:\/\/www.purejewels.com\/product\/22ct-armari-cocktail-ring-adjustable\/","name":"22ct Armari Cocktail Ring | Verstellbarer Goldring - PureJewels UK","isPartOf":{"@id":"https:\/\/www.purejewels.com\/#website"},"primaryImageOfPage":{"@id":"https:\/\/www.purejewels.com\/product\/22ct-armari-cocktail-ring-adjustable\/#primaryimage"},"image":{"@id":"https:\/\/www.purejewels.com\/product\/22ct-armari-cocktail-ring-adjustable\/#primaryimage"},"thumbnailUrl":"https:\/\/static.purejewels.com\/wp-content\/uploads\/2025\/08\/SKU-52256.jpg","datePublished":"2025-12-15T11:30:19+00:00","dateModified":"2026-01-21T06:03:22+00:00","description":"Kaufen Sie den 22 Karat Armari Cocktail Ring aus der Armari Kollektion von PureJewels. Mit einem verstellbaren Band und einem komplizierten Kuppeldesign zelebriert dieser Goldring das Erbe mit Stil.","breadcrumb":{"@id":"https:\/\/www.purejewels.com\/product\/22ct-armari-cocktail-ring-adjustable\/#breadcrumb"},"inLanguage":"de","potentialAction":[{"@type":"ReadAction","target":["https:\/\/www.purejewels.com\/product\/22ct-armari-cocktail-ring-adjustable\/"]}]},{"@type":"ImageObject","inLanguage":"de","@id":"https:\/\/www.purejewels.com\/product\/22ct-armari-cocktail-ring-adjustable\/#primaryimage","url":"https:\/\/static.purejewels.com\/wp-content\/uploads\/2025\/08\/SKU-52256.jpg","contentUrl":"https:\/\/static.purejewels.com\/wp-content\/uploads\/2025\/08\/SKU-52256.jpg","width":1000,"height":1000,"caption":"22ct Armari Cocktail Ring | Adjustable"},{"@type":"BreadcrumbList","@id":"https:\/\/www.purejewels.com\/product\/22ct-armari-cocktail-ring-adjustable\/#breadcrumb","itemListElement":[{"@type":"ListItem","position":1,"name":"Home","item":"https:\/\/www.purejewels.com\/"},{"@type":"ListItem","position":2,"name":"Shop","item":"https:\/\/www.purejewels.com\/shop\/"},{"@type":"ListItem","position":3,"name":"22ct Armari Cocktail Ring | Adjustable"}]},{"@type":"WebSite","@id":"https:\/\/www.purejewels.com\/#website","url":"https:\/\/www.purejewels.com\/","name":"PureJewels UK","description":"Teile die Liebe","publisher":{"@id":"https:\/\/www.purejewels.com\/#organization"},"potentialAction":[{"@type":"SearchAction","target":{"@type":"EntryPoint","urlTemplate":"https:\/\/www.purejewels.com\/?s={search_term_string}"},"query-input":{"@type":"PropertyValueSpecification","valueRequired":true,"valueName":"search_term_string"}}],"inLanguage":"de"},{"@type":"Organization","@id":"https:\/\/www.purejewels.com\/#organization","name":"PureJewels UK","url":"https:\/\/www.purejewels.com\/","logo":{"@type":"ImageObject","inLanguage":"de","@id":"https:\/\/www.purejewels.com\/#\/schema\/logo\/image\/","url":"https:\/\/static.purejewels.com\/wp-content\/uploads\/2020\/11\/Logo-PJ-New-1.png","contentUrl":"https:\/\/static.purejewels.com\/wp-content\/uploads\/2020\/11\/Logo-PJ-New-1.png","width":150,"height":80,"caption":"PureJewels UK"},"image":{"@id":"https:\/\/www.purejewels.com\/#\/schema\/logo\/image\/"}}]}},"_links":{"self":[{"href":"https:\/\/www.purejewels.com\/de\/wp-json\/wp\/v2\/product\/408482","targetHints":{"allow":["GET"]}}],"collection":[{"href":"https:\/\/www.purejewels.com\/de\/wp-json\/wp\/v2\/product"}],"about":[{"href":"https:\/\/www.purejewels.com\/de\/wp-json\/wp\/v2\/types\/product"}],"replies":[{"embeddable":true,"href":"https:\/\/www.purejewels.com\/de\/wp-json\/wp\/v2\/comments?post=408482"}],"version-history":[{"count":3,"href":"https:\/\/www.purejewels.com\/de\/wp-json\/wp\/v2\/product\/408482\/revisions"}],"predecessor-version":[{"id":420812,"href":"https:\/\/www.purejewels.com\/de\/wp-json\/wp\/v2\/product\/408482\/revisions\/420812"}],"wp:featuredmedia":[{"embeddable":true,"href":"https:\/\/www.purejewels.com\/de\/wp-json\/wp\/v2\/media\/408486"}],"wp:attachment":[{"href":"https:\/\/www.purejewels.com\/de\/wp-json\/wp\/v2\/media?parent=408482"}],"wp:term":[{"taxonomy":"product_brand","embeddable":true,"href":"https:\/\/www.purejewels.com\/de\/wp-json\/wp\/v2\/product_brand?post=408482"},{"taxonomy":"product_cat","embeddable":true,"href":"https:\/\/www.purejewels.com\/de\/wp-json\/wp\/v2\/product_cat?post=408482"},{"taxonomy":"product_tag","embeddable":true,"href":"https:\/\/www.purejewels.com\/de\/wp-json\/wp\/v2\/product_tag?post=408482"}],"curies":[{"name":"wp","href":"https:\/\/api.w.org\/{rel}","templated":true}]}}